{"id":208681,"date":"2021-09-07T00:00:00","date_gmt":"2021-09-06T22:00:00","guid":{"rendered":"http:\/\/guerssen.hl1097.dinaserver.com\/product\/psychedelic-sampling-splatter\/"},"modified":"2025-01-09T15:01:28","modified_gmt":"2025-01-09T14:01:28","slug":"psychedelic-sampling-splatter","status":"publish","type":"product","link":"https:\/\/wpguerssen-test.odoo.rgbconsulting.com\/es\/producto\/psychedelic-sampling-splatter\/","title":{"rendered":"Psychedelic Sampling (splatter)"},"content":{"rendered":"<p>VINILO SPLATTER. Para celebrar su 60 aniversario en el mundo de la m\u00fasica, el turco Mustafa \u00d6zkent lanza el ecl\u00e9ctico \u00abPsychedelic Sampling\u00bb. Sonidos tradicionales de Turqu\u00eda mezclados con funk psicod\u00e9lico, jazz, rock&#8230;<\/p>\n","protected":false},"excerpt":{"rendered":"<p>VINILO SPLATTER. Para celebrar su 60 aniversario en el mundo de la m\u00fasica, el turco Mustafa \u00d6zkent lanza el ecl\u00e9ctico \u00abPsychedelic Sampling\u00bb. Sonidos tradicionales<a class=\"read\" href=\"https:\/\/wpguerssen-test.odoo.rgbconsulting.com\/es\/producto\/psychedelic-sampling-splatter\/\"> (...)<\/a>","protected":false},"featured_media":128830,"template":"","meta":{"_acf_changed":false},"product_brand":[],"product_cat":[21659,23219],"product_tag":[29140],"class_list":{"0":"post-208681","1":"product","2":"type-product","3":"status-publish","4":"has-post-thumbnail","6":"product_cat-psychedelic00s-now-es","7":"product_cat-funk-es","8":"product_tag-color-vinyl-es","9":"pa_artist-ozkent-mustafa","10":"pa_format-lp-es","11":"pa_gender-psychedelic00s-now-funk","12":"pa_label-hammer-muzik","13":"pa_location-eastern-es","14":"pa_other-filters-vinyl-only-es","16":"first","17":"instock","18":"taxable","19":"shipping-taxable","20":"purchasable","21":"product-type-simple"},"acf":[],"yoast_head":"<!-- This site is optimized with the Yoast SEO plugin v24.9 - https:\/\/yoast.com\/wordpress\/plugins\/seo\/ -->\n<title>OZKENT, Mustafa - Psychedelic Sampling (splatter) -  (LP) | Guerssen<\/title>\n<meta name=\"description\" content=\"SPLATTER VINYL. #nl# Mustafa \u00d6zkent made this eclectic &#039;&#039;PSYCHEDELIC SAMPLING&#039;&#039; album for sixtieth year of his musical adventure. #nl# He wanted to create a new &amp; modern sound with sample instruments and live solos in his studio. #nl# Basically recorded modernized short melodies of traditional Turkish folk music combined with additional melodies and solos he composed. #nl# He played all the sample instruments and live solos with his electric guitar, fretless guitar and his new special instrument SAZTAR which is combination guitar and saz. #nl# As always, DR.FRANKESTEIN! Synthesized Turkish traditional folk music with psychedelic funk, jazz, rock, blues solos arranged, performed, recorded and mixed by Mustafa \u00d6zkent himself.\" \/>\n<meta name=\"robots\" content=\"index, follow, max-snippet:-1, max-image-preview:large, max-video-preview:-1\" \/>\n<link rel=\"canonical\" href=\"https:\/\/wpguerssen-test.odoo.rgbconsulting.com\/es\/producto\/psychedelic-sampling-splatter\/\" \/>\n<meta property=\"og:locale\" content=\"es_ES\" \/>\n<meta property=\"og:type\" content=\"article\" \/>\n<meta property=\"og:title\" content=\"OZKENT, Mustafa - Psychedelic Sampling (splatter) -  (LP) | Guerssen\" \/>\n<meta property=\"og:description\" content=\"SPLATTER VINYL. #nl# Mustafa \u00d6zkent made this eclectic &#039;&#039;PSYCHEDELIC SAMPLING&#039;&#039; album for sixtieth year of his musical adventure. #nl# He wanted to create a new &amp; modern sound with sample instruments and live solos in his studio. #nl# Basically recorded modernized short melodies of traditional Turkish folk music combined with additional melodies and solos he composed. #nl# He played all the sample instruments and live solos with his electric guitar, fretless guitar and his new special instrument SAZTAR which is combination guitar and saz. #nl# As always, DR.FRANKESTEIN! Synthesized Turkish traditional folk music with psychedelic funk, jazz, rock, blues solos arranged, performed, recorded and mixed by Mustafa \u00d6zkent himself.\" \/>\n<meta property=\"og:url\" content=\"https:\/\/wpguerssen-test.odoo.rgbconsulting.com\/es\/producto\/psychedelic-sampling-splatter\/\" \/>\n<meta property=\"og:site_name\" content=\"Guerssen records\" \/>\n<meta property=\"article:modified_time\" content=\"2025-01-09T14:01:28+00:00\" \/>\n<meta property=\"og:image\" content=\"https:\/\/wpguerssen-test.odoo.rgbconsulting.com\/wp-content\/uploads\/2022\/03\/38706.jpg\" \/>\n\t<meta property=\"og:image:width\" content=\"302\" \/>\n\t<meta property=\"og:image:height\" content=\"302\" \/>\n\t<meta property=\"og:image:type\" content=\"image\/jpeg\" \/>\n<meta name=\"twitter:card\" content=\"summary_large_image\" \/>\n<meta name=\"twitter:title\" content=\"OZKENT, Mustafa - Psychedelic Sampling (splatter) -  (LP) | Guerssen\" \/>\n<script type=\"application\/ld+json\" class=\"yoast-schema-graph\">{\"@context\":\"https:\/\/schema.org\",\"@graph\":[{\"@type\":\"WebPage\",\"@id\":\"https:\/\/wpguerssen-test.odoo.rgbconsulting.com\/es\/producto\/psychedelic-sampling-splatter\/\",\"url\":\"https:\/\/wpguerssen-test.odoo.rgbconsulting.com\/es\/producto\/psychedelic-sampling-splatter\/\",\"name\":\"OZKENT, Mustafa - Psychedelic Sampling (splatter) - (LP) | Guerssen\",\"isPartOf\":{\"@id\":\"https:\/\/wpguerssen-test.odoo.rgbconsulting.com\/es\/#website\"},\"primaryImageOfPage\":{\"@id\":\"https:\/\/wpguerssen-test.odoo.rgbconsulting.com\/es\/producto\/psychedelic-sampling-splatter\/#primaryimage\"},\"image\":{\"@id\":\"https:\/\/wpguerssen-test.odoo.rgbconsulting.com\/es\/producto\/psychedelic-sampling-splatter\/#primaryimage\"},\"thumbnailUrl\":\"https:\/\/wpguerssen-test.odoo.rgbconsulting.com\/wp-content\/uploads\/2022\/03\/38706.jpg\",\"datePublished\":\"2021-09-06T22:00:00+00:00\",\"dateModified\":\"2025-01-09T14:01:28+00:00\",\"description\":\"SPLATTER VINYL. #nl# Mustafa \u00d6zkent made this eclectic ''PSYCHEDELIC SAMPLING'' album for sixtieth year of his musical adventure. #nl# He wanted to create a new & modern sound with sample instruments and live solos in his studio. #nl# Basically recorded modernized short melodies of traditional Turkish folk music combined with additional melodies and solos he composed. #nl# He played all the sample instruments and live solos with his electric guitar, fretless guitar and his new special instrument SAZTAR which is combination guitar and saz. #nl# As always, DR.FRANKESTEIN! Synthesized Turkish traditional folk music with psychedelic funk, jazz, rock, blues solos arranged, performed, recorded and mixed by Mustafa \u00d6zkent himself.\",\"breadcrumb\":{\"@id\":\"https:\/\/wpguerssen-test.odoo.rgbconsulting.com\/es\/producto\/psychedelic-sampling-splatter\/#breadcrumb\"},\"inLanguage\":\"es\",\"potentialAction\":[{\"@type\":\"ReadAction\",\"target\":[\"https:\/\/wpguerssen-test.odoo.rgbconsulting.com\/es\/producto\/psychedelic-sampling-splatter\/\"]}]},{\"@type\":\"ImageObject\",\"inLanguage\":\"es\",\"@id\":\"https:\/\/wpguerssen-test.odoo.rgbconsulting.com\/es\/producto\/psychedelic-sampling-splatter\/#primaryimage\",\"url\":\"https:\/\/wpguerssen-test.odoo.rgbconsulting.com\/wp-content\/uploads\/2022\/03\/38706.jpg\",\"contentUrl\":\"https:\/\/wpguerssen-test.odoo.rgbconsulting.com\/wp-content\/uploads\/2022\/03\/38706.jpg\",\"width\":302,\"height\":302,\"caption\":\"Mustafa - Psychedelic Sampling (splatter) - HAMMER MUZIK (LP) | Guerssen\"},{\"@type\":\"BreadcrumbList\",\"@id\":\"https:\/\/wpguerssen-test.odoo.rgbconsulting.com\/es\/producto\/psychedelic-sampling-splatter\/#breadcrumb\",\"itemListElement\":[{\"@type\":\"ListItem\",\"position\":1,\"name\":\"Inicio\",\"item\":\"https:\/\/wpguerssen-test.odoo.rgbconsulting.com\/es\/\"},{\"@type\":\"ListItem\",\"position\":2,\"name\":\"Shop\",\"item\":\"https:\/\/wpguerssen-test.odoo.rgbconsulting.com\/shop\/\"},{\"@type\":\"ListItem\",\"position\":3,\"name\":\"Psychedelic Sampling (splatter)\"}]},{\"@type\":\"WebSite\",\"@id\":\"https:\/\/wpguerssen-test.odoo.rgbconsulting.com\/es\/#website\",\"url\":\"https:\/\/wpguerssen-test.odoo.rgbconsulting.com\/es\/\",\"name\":\"Guerssen records\",\"description\":\"psychedelia - progressive - folk - garage \",\"publisher\":{\"@id\":\"https:\/\/wpguerssen-test.odoo.rgbconsulting.com\/es\/#organization\"},\"potentialAction\":[{\"@type\":\"SearchAction\",\"target\":{\"@type\":\"EntryPoint\",\"urlTemplate\":\"https:\/\/wpguerssen-test.odoo.rgbconsulting.com\/es\/?s={search_term_string}\"},\"query-input\":{\"@type\":\"PropertyValueSpecification\",\"valueRequired\":true,\"valueName\":\"search_term_string\"}}],\"inLanguage\":\"es\"},{\"@type\":\"Organization\",\"@id\":\"https:\/\/wpguerssen-test.odoo.rgbconsulting.com\/es\/#organization\",\"name\":\"Guerssen records\",\"url\":\"https:\/\/wpguerssen-test.odoo.rgbconsulting.com\/es\/\",\"logo\":{\"@type\":\"ImageObject\",\"inLanguage\":\"es\",\"@id\":\"https:\/\/wpguerssen-test.odoo.rgbconsulting.com\/es\/#\/schema\/logo\/image\/\",\"url\":\"https:\/\/wpguerssen-test.odoo.rgbconsulting.com\/wp-content\/uploads\/2022\/04\/Logo_Guerssen_trans_100.png\",\"contentUrl\":\"https:\/\/wpguerssen-test.odoo.rgbconsulting.com\/wp-content\/uploads\/2022\/04\/Logo_Guerssen_trans_100.png\",\"width\":122,\"height\":100,\"caption\":\"Guerssen records\"},\"image\":{\"@id\":\"https:\/\/wpguerssen-test.odoo.rgbconsulting.com\/es\/#\/schema\/logo\/image\/\"}}]}<\/script>\n<!-- \/ Yoast SEO plugin. -->","yoast_head_json":{"title":"OZKENT, Mustafa - Psychedelic Sampling (splatter) -  (LP) | Guerssen","description":"SPLATTER VINYL. #nl# Mustafa \u00d6zkent made this eclectic ''PSYCHEDELIC SAMPLING'' album for sixtieth year of his musical adventure. #nl# He wanted to create a new & modern sound with sample instruments and live solos in his studio. #nl# Basically recorded modernized short melodies of traditional Turkish folk music combined with additional melodies and solos he composed. #nl# He played all the sample instruments and live solos with his electric guitar, fretless guitar and his new special instrument SAZTAR which is combination guitar and saz. #nl# As always, DR.FRANKESTEIN! Synthesized Turkish traditional folk music with psychedelic funk, jazz, rock, blues solos arranged, performed, recorded and mixed by Mustafa \u00d6zkent himself.","robots":{"index":"index","follow":"follow","max-snippet":"max-snippet:-1","max-image-preview":"max-image-preview:large","max-video-preview":"max-video-preview:-1"},"canonical":"https:\/\/wpguerssen-test.odoo.rgbconsulting.com\/es\/producto\/psychedelic-sampling-splatter\/","og_locale":"es_ES","og_type":"article","og_title":"OZKENT, Mustafa - Psychedelic Sampling (splatter) -  (LP) | Guerssen","og_description":"SPLATTER VINYL. #nl# Mustafa \u00d6zkent made this eclectic ''PSYCHEDELIC SAMPLING'' album for sixtieth year of his musical adventure. #nl# He wanted to create a new & modern sound with sample instruments and live solos in his studio. #nl# Basically recorded modernized short melodies of traditional Turkish folk music combined with additional melodies and solos he composed. #nl# He played all the sample instruments and live solos with his electric guitar, fretless guitar and his new special instrument SAZTAR which is combination guitar and saz. #nl# As always, DR.FRANKESTEIN! Synthesized Turkish traditional folk music with psychedelic funk, jazz, rock, blues solos arranged, performed, recorded and mixed by Mustafa \u00d6zkent himself.","og_url":"https:\/\/wpguerssen-test.odoo.rgbconsulting.com\/es\/producto\/psychedelic-sampling-splatter\/","og_site_name":"Guerssen records","article_modified_time":"2025-01-09T14:01:28+00:00","og_image":[{"width":302,"height":302,"url":"https:\/\/wpguerssen-test.odoo.rgbconsulting.com\/wp-content\/uploads\/2022\/03\/38706.jpg","type":"image\/jpeg"}],"twitter_card":"summary_large_image","twitter_title":"OZKENT, Mustafa - Psychedelic Sampling (splatter) -  (LP) | Guerssen","schema":{"@context":"https:\/\/schema.org","@graph":[{"@type":"WebPage","@id":"https:\/\/wpguerssen-test.odoo.rgbconsulting.com\/es\/producto\/psychedelic-sampling-splatter\/","url":"https:\/\/wpguerssen-test.odoo.rgbconsulting.com\/es\/producto\/psychedelic-sampling-splatter\/","name":"OZKENT, Mustafa - Psychedelic Sampling (splatter) - (LP) | Guerssen","isPartOf":{"@id":"https:\/\/wpguerssen-test.odoo.rgbconsulting.com\/es\/#website"},"primaryImageOfPage":{"@id":"https:\/\/wpguerssen-test.odoo.rgbconsulting.com\/es\/producto\/psychedelic-sampling-splatter\/#primaryimage"},"image":{"@id":"https:\/\/wpguerssen-test.odoo.rgbconsulting.com\/es\/producto\/psychedelic-sampling-splatter\/#primaryimage"},"thumbnailUrl":"https:\/\/wpguerssen-test.odoo.rgbconsulting.com\/wp-content\/uploads\/2022\/03\/38706.jpg","datePublished":"2021-09-06T22:00:00+00:00","dateModified":"2025-01-09T14:01:28+00:00","description":"SPLATTER VINYL. #nl# Mustafa \u00d6zkent made this eclectic ''PSYCHEDELIC SAMPLING'' album for sixtieth year of his musical adventure. #nl# He wanted to create a new & modern sound with sample instruments and live solos in his studio. #nl# Basically recorded modernized short melodies of traditional Turkish folk music combined with additional melodies and solos he composed. #nl# He played all the sample instruments and live solos with his electric guitar, fretless guitar and his new special instrument SAZTAR which is combination guitar and saz. #nl# As always, DR.FRANKESTEIN! Synthesized Turkish traditional folk music with psychedelic funk, jazz, rock, blues solos arranged, performed, recorded and mixed by Mustafa \u00d6zkent himself.","breadcrumb":{"@id":"https:\/\/wpguerssen-test.odoo.rgbconsulting.com\/es\/producto\/psychedelic-sampling-splatter\/#breadcrumb"},"inLanguage":"es","potentialAction":[{"@type":"ReadAction","target":["https:\/\/wpguerssen-test.odoo.rgbconsulting.com\/es\/producto\/psychedelic-sampling-splatter\/"]}]},{"@type":"ImageObject","inLanguage":"es","@id":"https:\/\/wpguerssen-test.odoo.rgbconsulting.com\/es\/producto\/psychedelic-sampling-splatter\/#primaryimage","url":"https:\/\/wpguerssen-test.odoo.rgbconsulting.com\/wp-content\/uploads\/2022\/03\/38706.jpg","contentUrl":"https:\/\/wpguerssen-test.odoo.rgbconsulting.com\/wp-content\/uploads\/2022\/03\/38706.jpg","width":302,"height":302,"caption":"Mustafa - Psychedelic Sampling (splatter) - HAMMER MUZIK (LP) | Guerssen"},{"@type":"BreadcrumbList","@id":"https:\/\/wpguerssen-test.odoo.rgbconsulting.com\/es\/producto\/psychedelic-sampling-splatter\/#breadcrumb","itemListElement":[{"@type":"ListItem","position":1,"name":"Inicio","item":"https:\/\/wpguerssen-test.odoo.rgbconsulting.com\/es\/"},{"@type":"ListItem","position":2,"name":"Shop","item":"https:\/\/wpguerssen-test.odoo.rgbconsulting.com\/shop\/"},{"@type":"ListItem","position":3,"name":"Psychedelic Sampling (splatter)"}]},{"@type":"WebSite","@id":"https:\/\/wpguerssen-test.odoo.rgbconsulting.com\/es\/#website","url":"https:\/\/wpguerssen-test.odoo.rgbconsulting.com\/es\/","name":"Guerssen records","description":"psychedelia - progressive - folk - garage ","publisher":{"@id":"https:\/\/wpguerssen-test.odoo.rgbconsulting.com\/es\/#organization"},"potentialAction":[{"@type":"SearchAction","target":{"@type":"EntryPoint","urlTemplate":"https:\/\/wpguerssen-test.odoo.rgbconsulting.com\/es\/?s={search_term_string}"},"query-input":{"@type":"PropertyValueSpecification","valueRequired":true,"valueName":"search_term_string"}}],"inLanguage":"es"},{"@type":"Organization","@id":"https:\/\/wpguerssen-test.odoo.rgbconsulting.com\/es\/#organization","name":"Guerssen records","url":"https:\/\/wpguerssen-test.odoo.rgbconsulting.com\/es\/","logo":{"@type":"ImageObject","inLanguage":"es","@id":"https:\/\/wpguerssen-test.odoo.rgbconsulting.com\/es\/#\/schema\/logo\/image\/","url":"https:\/\/wpguerssen-test.odoo.rgbconsulting.com\/wp-content\/uploads\/2022\/04\/Logo_Guerssen_trans_100.png","contentUrl":"https:\/\/wpguerssen-test.odoo.rgbconsulting.com\/wp-content\/uploads\/2022\/04\/Logo_Guerssen_trans_100.png","width":122,"height":100,"caption":"Guerssen records"},"image":{"@id":"https:\/\/wpguerssen-test.odoo.rgbconsulting.com\/es\/#\/schema\/logo\/image\/"}}]}},"_links":{"self":[{"href":"https:\/\/wpguerssen-test.odoo.rgbconsulting.com\/es\/wp-json\/wp\/v2\/product\/208681","targetHints":{"allow":["GET"]}}],"collection":[{"href":"https:\/\/wpguerssen-test.odoo.rgbconsulting.com\/es\/wp-json\/wp\/v2\/product"}],"about":[{"href":"https:\/\/wpguerssen-test.odoo.rgbconsulting.com\/es\/wp-json\/wp\/v2\/types\/product"}],"wp:featuredmedia":[{"embeddable":true,"href":"https:\/\/wpguerssen-test.odoo.rgbconsulting.com\/es\/wp-json\/wp\/v2\/media\/128830"}],"wp:attachment":[{"href":"https:\/\/wpguerssen-test.odoo.rgbconsulting.com\/es\/wp-json\/wp\/v2\/media?parent=208681"}],"wp:term":[{"taxonomy":"product_brand","embeddable":true,"href":"https:\/\/wpguerssen-test.odoo.rgbconsulting.com\/es\/wp-json\/wp\/v2\/product_brand?post=208681"},{"taxonomy":"product_cat","embeddable":true,"href":"https:\/\/wpguerssen-test.odoo.rgbconsulting.com\/es\/wp-json\/wp\/v2\/product_cat?post=208681"},{"taxonomy":"product_tag","embeddable":true,"href":"https:\/\/wpguerssen-test.odoo.rgbconsulting.com\/es\/wp-json\/wp\/v2\/product_tag?post=208681"}],"curies":[{"name":"wp","href":"https:\/\/api.w.org\/{rel}","templated":true}]}}