{"id":208688,"date":"2025-02-19T00:00:00","date_gmt":"2025-02-18T23:00:00","guid":{"rendered":"http:\/\/guerssen.hl1097.dinaserver.com\/product\/siria\/"},"modified":"2025-04-16T17:58:14","modified_gmt":"2025-04-16T15:58:14","slug":"siria","status":"publish","type":"product","link":"https:\/\/wpguerssen-test.odoo.rgbconsulting.com\/es\/producto\/siria\/","title":{"rendered":"Siri\u00e1"},"content":{"rendered":"<p>Camet\u00e1, hist\u00f3rico pueblito amaz\u00f3nico a orillas del r\u00edo Tocantins, es cuna de la m\u00fasica abrasadora conocida como &#8216;Siri\u00e1&#8217;; una polinizaci\u00f3n cruzada entre la m\u00fasica de los habitantes de los quilombos, un asentamiento del interior brasile\u00f1o fundado por esclavos fugitivos de origen africano, y los pueblos ind\u00edgenas de la selva amaz\u00f3nica. Es un ritmo vibrante, palpitante y enf\u00e1tico, y la versi\u00f3n modernizada de esta m\u00fasica local, creada por Mestre Cupij\u00f3, ha encendido fiestas callejeras y festivales tradicionales en todo el estado de Par\u00e1, en el norte de Brasil, durante d\u00e9cadas. \u00a1Y por fin en 2014, el incombustible sonido de Siri\u00e1 ser\u00e1 celebrado internacionalmente como el sonido febril y tropical del verano!<\/p>\n","protected":false},"excerpt":{"rendered":"<p>Camet\u00e1, hist\u00f3rico pueblito amaz\u00f3nico a orillas del r\u00edo Tocantins, es cuna de la m\u00fasica abrasadora conocida como &#8216;Siri\u00e1&#8217;; una polinizaci\u00f3n cruzada<a class=\"read\" href=\"https:\/\/wpguerssen-test.odoo.rgbconsulting.com\/es\/producto\/siria\/\"> (...)<\/a>","protected":false},"featured_media":128849,"template":"","meta":{"_acf_changed":false},"product_brand":[],"product_cat":[23231],"product_tag":[24185],"class_list":{"0":"post-208688","1":"product","2":"type-product","3":"status-publish","4":"has-post-thumbnail","6":"product_cat-latin-brazilian-es","7":"product_tag-de-nuevo-en-existencia","8":"pa_artist-mestre-cupijo-e-seu-ritmo","9":"pa_format-lp-es","10":"pa_gender-latin-brazilian","11":"pa_label-analog-africa-es","12":"pa_location-south-america-caribbean-es","13":"pa_other-filters-vinyl-only-es","15":"first","16":"instock","17":"taxable","18":"shipping-taxable","19":"purchasable","20":"product-type-simple"},"acf":[],"yoast_head":"<!-- This site is optimized with the Yoast SEO plugin v24.9 - https:\/\/yoast.com\/wordpress\/plugins\/seo\/ -->\n<title>MESTRE CUPIJ\u00d3 E SEU RITMO - Siri\u00e1 -  (LP) | Guerssen<\/title>\n<meta name=\"description\" content=\"Camet\u00e1, a historical little Amazonian town on the shores of the river Tocantins, is the birthplace of the scorching music known as &#039;Siri\u00e1&#039;; a cross pollination between the music of the inhabitants of the quilombos, a Brazilian hinterland settlement founded by escaped slaves of African origins, and the indigenous people of the Amazon rainforest. It is a breathing, pulsing, emphatic beat, and the modernized version of this local music, created by Mestre Cupij\u00f3, has been igniting street parties and traditional festivals across the state of Par\u00e1 in Northern Brazil for decades. And at last in 2014, the combustible sound of Siri\u00e1 will be celebrated internationally as the feverish, tropical sound of the summer!\" \/>\n<meta name=\"robots\" content=\"index, follow, max-snippet:-1, max-image-preview:large, max-video-preview:-1\" \/>\n<link rel=\"canonical\" href=\"https:\/\/wpguerssen-test.odoo.rgbconsulting.com\/es\/producto\/siria\/\" \/>\n<meta property=\"og:locale\" content=\"es_ES\" \/>\n<meta property=\"og:type\" content=\"article\" \/>\n<meta property=\"og:title\" content=\"MESTRE CUPIJ\u00d3 E SEU RITMO - Siri\u00e1 -  (LP) | Guerssen\" \/>\n<meta property=\"og:description\" content=\"Camet\u00e1, a historical little Amazonian town on the shores of the river Tocantins, is the birthplace of the scorching music known as &#039;Siri\u00e1&#039;; a cross pollination between the music of the inhabitants of the quilombos, a Brazilian hinterland settlement founded by escaped slaves of African origins, and the indigenous people of the Amazon rainforest. It is a breathing, pulsing, emphatic beat, and the modernized version of this local music, created by Mestre Cupij\u00f3, has been igniting street parties and traditional festivals across the state of Par\u00e1 in Northern Brazil for decades. And at last in 2014, the combustible sound of Siri\u00e1 will be celebrated internationally as the feverish, tropical sound of the summer!\" \/>\n<meta property=\"og:url\" content=\"https:\/\/wpguerssen-test.odoo.rgbconsulting.com\/es\/producto\/siria\/\" \/>\n<meta property=\"og:site_name\" content=\"Guerssen records\" \/>\n<meta property=\"article:modified_time\" content=\"2025-04-16T15:58:14+00:00\" \/>\n<meta property=\"og:image\" content=\"https:\/\/wpguerssen-test.odoo.rgbconsulting.com\/wp-content\/uploads\/2022\/03\/38714.jpg\" \/>\n\t<meta property=\"og:image:width\" content=\"189\" \/>\n\t<meta property=\"og:image:height\" content=\"189\" \/>\n\t<meta property=\"og:image:type\" content=\"image\/jpeg\" \/>\n<meta name=\"twitter:card\" content=\"summary_large_image\" \/>\n<meta name=\"twitter:title\" content=\"MESTRE CUPIJ\u00d3 E SEU RITMO - Siri\u00e1 -  (LP) | Guerssen\" \/>\n<meta name=\"twitter:label1\" content=\"Tiempo de lectura\" \/>\n\t<meta name=\"twitter:data1\" content=\"1 minuto\" \/>\n<script type=\"application\/ld+json\" class=\"yoast-schema-graph\">{\"@context\":\"https:\/\/schema.org\",\"@graph\":[{\"@type\":\"WebPage\",\"@id\":\"https:\/\/wpguerssen-test.odoo.rgbconsulting.com\/es\/producto\/siria\/\",\"url\":\"https:\/\/wpguerssen-test.odoo.rgbconsulting.com\/es\/producto\/siria\/\",\"name\":\"MESTRE CUPIJ\u00d3 E SEU RITMO - Siri\u00e1 - (LP) | Guerssen\",\"isPartOf\":{\"@id\":\"https:\/\/wpguerssen-test.odoo.rgbconsulting.com\/es\/#website\"},\"primaryImageOfPage\":{\"@id\":\"https:\/\/wpguerssen-test.odoo.rgbconsulting.com\/es\/producto\/siria\/#primaryimage\"},\"image\":{\"@id\":\"https:\/\/wpguerssen-test.odoo.rgbconsulting.com\/es\/producto\/siria\/#primaryimage\"},\"thumbnailUrl\":\"https:\/\/wpguerssen-test.odoo.rgbconsulting.com\/wp-content\/uploads\/2022\/03\/38714.jpg\",\"datePublished\":\"2025-02-18T23:00:00+00:00\",\"dateModified\":\"2025-04-16T15:58:14+00:00\",\"description\":\"Camet\u00e1, a historical little Amazonian town on the shores of the river Tocantins, is the birthplace of the scorching music known as 'Siri\u00e1'; a cross pollination between the music of the inhabitants of the quilombos, a Brazilian hinterland settlement founded by escaped slaves of African origins, and the indigenous people of the Amazon rainforest. It is a breathing, pulsing, emphatic beat, and the modernized version of this local music, created by Mestre Cupij\u00f3, has been igniting street parties and traditional festivals across the state of Par\u00e1 in Northern Brazil for decades. And at last in 2014, the combustible sound of Siri\u00e1 will be celebrated internationally as the feverish, tropical sound of the summer!\",\"breadcrumb\":{\"@id\":\"https:\/\/wpguerssen-test.odoo.rgbconsulting.com\/es\/producto\/siria\/#breadcrumb\"},\"inLanguage\":\"es\",\"potentialAction\":[{\"@type\":\"ReadAction\",\"target\":[\"https:\/\/wpguerssen-test.odoo.rgbconsulting.com\/es\/producto\/siria\/\"]}]},{\"@type\":\"ImageObject\",\"inLanguage\":\"es\",\"@id\":\"https:\/\/wpguerssen-test.odoo.rgbconsulting.com\/es\/producto\/siria\/#primaryimage\",\"url\":\"https:\/\/wpguerssen-test.odoo.rgbconsulting.com\/wp-content\/uploads\/2022\/03\/38714.jpg\",\"contentUrl\":\"https:\/\/wpguerssen-test.odoo.rgbconsulting.com\/wp-content\/uploads\/2022\/03\/38714.jpg\",\"width\":189,\"height\":189,\"caption\":\"MESTRE CUPIJ\u00d3 E SEU RITMO - Siri\u00e1 - ANALOG AFRICA (LP) | Guerssen\"},{\"@type\":\"BreadcrumbList\",\"@id\":\"https:\/\/wpguerssen-test.odoo.rgbconsulting.com\/es\/producto\/siria\/#breadcrumb\",\"itemListElement\":[{\"@type\":\"ListItem\",\"position\":1,\"name\":\"Inicio\",\"item\":\"https:\/\/wpguerssen-test.odoo.rgbconsulting.com\/es\/\"},{\"@type\":\"ListItem\",\"position\":2,\"name\":\"Shop\",\"item\":\"https:\/\/wpguerssen-test.odoo.rgbconsulting.com\/shop\/\"},{\"@type\":\"ListItem\",\"position\":3,\"name\":\"Siri\u00e1\"}]},{\"@type\":\"WebSite\",\"@id\":\"https:\/\/wpguerssen-test.odoo.rgbconsulting.com\/es\/#website\",\"url\":\"https:\/\/wpguerssen-test.odoo.rgbconsulting.com\/es\/\",\"name\":\"Guerssen records\",\"description\":\"psychedelia - progressive - folk - garage \",\"publisher\":{\"@id\":\"https:\/\/wpguerssen-test.odoo.rgbconsulting.com\/es\/#organization\"},\"potentialAction\":[{\"@type\":\"SearchAction\",\"target\":{\"@type\":\"EntryPoint\",\"urlTemplate\":\"https:\/\/wpguerssen-test.odoo.rgbconsulting.com\/es\/?s={search_term_string}\"},\"query-input\":{\"@type\":\"PropertyValueSpecification\",\"valueRequired\":true,\"valueName\":\"search_term_string\"}}],\"inLanguage\":\"es\"},{\"@type\":\"Organization\",\"@id\":\"https:\/\/wpguerssen-test.odoo.rgbconsulting.com\/es\/#organization\",\"name\":\"Guerssen records\",\"url\":\"https:\/\/wpguerssen-test.odoo.rgbconsulting.com\/es\/\",\"logo\":{\"@type\":\"ImageObject\",\"inLanguage\":\"es\",\"@id\":\"https:\/\/wpguerssen-test.odoo.rgbconsulting.com\/es\/#\/schema\/logo\/image\/\",\"url\":\"https:\/\/wpguerssen-test.odoo.rgbconsulting.com\/wp-content\/uploads\/2022\/04\/Logo_Guerssen_trans_100.png\",\"contentUrl\":\"https:\/\/wpguerssen-test.odoo.rgbconsulting.com\/wp-content\/uploads\/2022\/04\/Logo_Guerssen_trans_100.png\",\"width\":122,\"height\":100,\"caption\":\"Guerssen records\"},\"image\":{\"@id\":\"https:\/\/wpguerssen-test.odoo.rgbconsulting.com\/es\/#\/schema\/logo\/image\/\"}}]}<\/script>\n<!-- \/ Yoast SEO plugin. -->","yoast_head_json":{"title":"MESTRE CUPIJ\u00d3 E SEU RITMO - Siri\u00e1 -  (LP) | Guerssen","description":"Camet\u00e1, a historical little Amazonian town on the shores of the river Tocantins, is the birthplace of the scorching music known as 'Siri\u00e1'; a cross pollination between the music of the inhabitants of the quilombos, a Brazilian hinterland settlement founded by escaped slaves of African origins, and the indigenous people of the Amazon rainforest. It is a breathing, pulsing, emphatic beat, and the modernized version of this local music, created by Mestre Cupij\u00f3, has been igniting street parties and traditional festivals across the state of Par\u00e1 in Northern Brazil for decades. And at last in 2014, the combustible sound of Siri\u00e1 will be celebrated internationally as the feverish, tropical sound of the summer!","robots":{"index":"index","follow":"follow","max-snippet":"max-snippet:-1","max-image-preview":"max-image-preview:large","max-video-preview":"max-video-preview:-1"},"canonical":"https:\/\/wpguerssen-test.odoo.rgbconsulting.com\/es\/producto\/siria\/","og_locale":"es_ES","og_type":"article","og_title":"MESTRE CUPIJ\u00d3 E SEU RITMO - Siri\u00e1 -  (LP) | Guerssen","og_description":"Camet\u00e1, a historical little Amazonian town on the shores of the river Tocantins, is the birthplace of the scorching music known as 'Siri\u00e1'; a cross pollination between the music of the inhabitants of the quilombos, a Brazilian hinterland settlement founded by escaped slaves of African origins, and the indigenous people of the Amazon rainforest. It is a breathing, pulsing, emphatic beat, and the modernized version of this local music, created by Mestre Cupij\u00f3, has been igniting street parties and traditional festivals across the state of Par\u00e1 in Northern Brazil for decades. And at last in 2014, the combustible sound of Siri\u00e1 will be celebrated internationally as the feverish, tropical sound of the summer!","og_url":"https:\/\/wpguerssen-test.odoo.rgbconsulting.com\/es\/producto\/siria\/","og_site_name":"Guerssen records","article_modified_time":"2025-04-16T15:58:14+00:00","og_image":[{"width":189,"height":189,"url":"https:\/\/wpguerssen-test.odoo.rgbconsulting.com\/wp-content\/uploads\/2022\/03\/38714.jpg","type":"image\/jpeg"}],"twitter_card":"summary_large_image","twitter_title":"MESTRE CUPIJ\u00d3 E SEU RITMO - Siri\u00e1 -  (LP) | Guerssen","twitter_misc":{"Tiempo de lectura":"1 minuto"},"schema":{"@context":"https:\/\/schema.org","@graph":[{"@type":"WebPage","@id":"https:\/\/wpguerssen-test.odoo.rgbconsulting.com\/es\/producto\/siria\/","url":"https:\/\/wpguerssen-test.odoo.rgbconsulting.com\/es\/producto\/siria\/","name":"MESTRE CUPIJ\u00d3 E SEU RITMO - Siri\u00e1 - (LP) | Guerssen","isPartOf":{"@id":"https:\/\/wpguerssen-test.odoo.rgbconsulting.com\/es\/#website"},"primaryImageOfPage":{"@id":"https:\/\/wpguerssen-test.odoo.rgbconsulting.com\/es\/producto\/siria\/#primaryimage"},"image":{"@id":"https:\/\/wpguerssen-test.odoo.rgbconsulting.com\/es\/producto\/siria\/#primaryimage"},"thumbnailUrl":"https:\/\/wpguerssen-test.odoo.rgbconsulting.com\/wp-content\/uploads\/2022\/03\/38714.jpg","datePublished":"2025-02-18T23:00:00+00:00","dateModified":"2025-04-16T15:58:14+00:00","description":"Camet\u00e1, a historical little Amazonian town on the shores of the river Tocantins, is the birthplace of the scorching music known as 'Siri\u00e1'; a cross pollination between the music of the inhabitants of the quilombos, a Brazilian hinterland settlement founded by escaped slaves of African origins, and the indigenous people of the Amazon rainforest. It is a breathing, pulsing, emphatic beat, and the modernized version of this local music, created by Mestre Cupij\u00f3, has been igniting street parties and traditional festivals across the state of Par\u00e1 in Northern Brazil for decades. And at last in 2014, the combustible sound of Siri\u00e1 will be celebrated internationally as the feverish, tropical sound of the summer!","breadcrumb":{"@id":"https:\/\/wpguerssen-test.odoo.rgbconsulting.com\/es\/producto\/siria\/#breadcrumb"},"inLanguage":"es","potentialAction":[{"@type":"ReadAction","target":["https:\/\/wpguerssen-test.odoo.rgbconsulting.com\/es\/producto\/siria\/"]}]},{"@type":"ImageObject","inLanguage":"es","@id":"https:\/\/wpguerssen-test.odoo.rgbconsulting.com\/es\/producto\/siria\/#primaryimage","url":"https:\/\/wpguerssen-test.odoo.rgbconsulting.com\/wp-content\/uploads\/2022\/03\/38714.jpg","contentUrl":"https:\/\/wpguerssen-test.odoo.rgbconsulting.com\/wp-content\/uploads\/2022\/03\/38714.jpg","width":189,"height":189,"caption":"MESTRE CUPIJ\u00d3 E SEU RITMO - Siri\u00e1 - ANALOG AFRICA (LP) | Guerssen"},{"@type":"BreadcrumbList","@id":"https:\/\/wpguerssen-test.odoo.rgbconsulting.com\/es\/producto\/siria\/#breadcrumb","itemListElement":[{"@type":"ListItem","position":1,"name":"Inicio","item":"https:\/\/wpguerssen-test.odoo.rgbconsulting.com\/es\/"},{"@type":"ListItem","position":2,"name":"Shop","item":"https:\/\/wpguerssen-test.odoo.rgbconsulting.com\/shop\/"},{"@type":"ListItem","position":3,"name":"Siri\u00e1"}]},{"@type":"WebSite","@id":"https:\/\/wpguerssen-test.odoo.rgbconsulting.com\/es\/#website","url":"https:\/\/wpguerssen-test.odoo.rgbconsulting.com\/es\/","name":"Guerssen records","description":"psychedelia - progressive - folk - garage ","publisher":{"@id":"https:\/\/wpguerssen-test.odoo.rgbconsulting.com\/es\/#organization"},"potentialAction":[{"@type":"SearchAction","target":{"@type":"EntryPoint","urlTemplate":"https:\/\/wpguerssen-test.odoo.rgbconsulting.com\/es\/?s={search_term_string}"},"query-input":{"@type":"PropertyValueSpecification","valueRequired":true,"valueName":"search_term_string"}}],"inLanguage":"es"},{"@type":"Organization","@id":"https:\/\/wpguerssen-test.odoo.rgbconsulting.com\/es\/#organization","name":"Guerssen records","url":"https:\/\/wpguerssen-test.odoo.rgbconsulting.com\/es\/","logo":{"@type":"ImageObject","inLanguage":"es","@id":"https:\/\/wpguerssen-test.odoo.rgbconsulting.com\/es\/#\/schema\/logo\/image\/","url":"https:\/\/wpguerssen-test.odoo.rgbconsulting.com\/wp-content\/uploads\/2022\/04\/Logo_Guerssen_trans_100.png","contentUrl":"https:\/\/wpguerssen-test.odoo.rgbconsulting.com\/wp-content\/uploads\/2022\/04\/Logo_Guerssen_trans_100.png","width":122,"height":100,"caption":"Guerssen records"},"image":{"@id":"https:\/\/wpguerssen-test.odoo.rgbconsulting.com\/es\/#\/schema\/logo\/image\/"}}]}},"_links":{"self":[{"href":"https:\/\/wpguerssen-test.odoo.rgbconsulting.com\/es\/wp-json\/wp\/v2\/product\/208688","targetHints":{"allow":["GET"]}}],"collection":[{"href":"https:\/\/wpguerssen-test.odoo.rgbconsulting.com\/es\/wp-json\/wp\/v2\/product"}],"about":[{"href":"https:\/\/wpguerssen-test.odoo.rgbconsulting.com\/es\/wp-json\/wp\/v2\/types\/product"}],"wp:featuredmedia":[{"embeddable":true,"href":"https:\/\/wpguerssen-test.odoo.rgbconsulting.com\/es\/wp-json\/wp\/v2\/media\/128849"}],"wp:attachment":[{"href":"https:\/\/wpguerssen-test.odoo.rgbconsulting.com\/es\/wp-json\/wp\/v2\/media?parent=208688"}],"wp:term":[{"taxonomy":"product_brand","embeddable":true,"href":"https:\/\/wpguerssen-test.odoo.rgbconsulting.com\/es\/wp-json\/wp\/v2\/product_brand?post=208688"},{"taxonomy":"product_cat","embeddable":true,"href":"https:\/\/wpguerssen-test.odoo.rgbconsulting.com\/es\/wp-json\/wp\/v2\/product_cat?post=208688"},{"taxonomy":"product_tag","embeddable":true,"href":"https:\/\/wpguerssen-test.odoo.rgbconsulting.com\/es\/wp-json\/wp\/v2\/product_tag?post=208688"}],"curies":[{"name":"wp","href":"https:\/\/api.w.org\/{rel}","templated":true}]}}