{"id":208691,"date":"2021-07-23T00:00:00","date_gmt":"2021-07-22T22:00:00","guid":{"rendered":"http:\/\/guerssen.hl1097.dinaserver.com\/product\/angola-soundtrack-2-2lp\/"},"modified":"2025-02-21T13:56:44","modified_gmt":"2025-02-21T12:56:44","slug":"angola-soundtrack-2-2lp","status":"publish","type":"product","link":"https:\/\/wpguerssen-test.odoo.rgbconsulting.com\/es\/producto\/angola-soundtrack-2-2lp\/","title":{"rendered":"Angola Soundtrack 2 (2LP)"},"content":{"rendered":"<p>En 2010, contra todo pron\u00f3stico, Angola Soundtrack Vol.1 recibi\u00f3 el Premio de la Cr\u00edtica Discogr\u00e1fica Alemana en la categor\u00eda &#8216;M\u00fasica negra&#8217;. Esta victoria fue a\u00fan m\u00e1s dulce por su triunfo sobre el ganador previsto, el disco multiplatino de Aloe Blacc, &#8216;Good Things&#8217;. no sorprendi\u00f3 al equipo detr\u00e1s de Analog Africa, que cre\u00eda que tal reconocimiento deber\u00eda haber llegado mucho antes. Desde que descubri\u00f3 la m\u00fasica de Angola hace 15 a\u00f1os, estilos como Kazucuta, Rebita y Semba se han convertido en una adicci\u00f3n para Samy Ben Redjeb, el compilador, quien proclam\u00f3 una seria advertencia en las notas de la primera edici\u00f3n: \u00abEscuchar estas pistas puede causar adicci\u00f3n!\u00bb<\/p>\n","protected":false},"excerpt":{"rendered":"<p>En 2010, contra todo pron\u00f3stico, Angola Soundtrack Vol.1 recibi\u00f3 el Premio de la Cr\u00edtica Discogr\u00e1fica Alemana en la categor\u00eda &#8216;M\u00fasica negra&#8217;. Esta<a class=\"read\" href=\"https:\/\/wpguerssen-test.odoo.rgbconsulting.com\/es\/producto\/angola-soundtrack-2-2lp\/\"> (...)<\/a>","protected":false},"featured_media":128858,"template":"","meta":{"_acf_changed":false},"product_brand":[],"product_cat":[23258],"product_tag":[],"class_list":{"0":"post-208691","1":"product","2":"type-product","3":"status-publish","4":"has-post-thumbnail","6":"product_cat-afro-funk-afrobeat-es","7":"pa_artist-various-artists-es","8":"pa_format-2lp-es","9":"pa_gender-afro-funk-afrobeat","10":"pa_label-analog-africa-es","11":"pa_location-africa-es","12":"pa_other-filters-vinyl-only-es","14":"first","15":"instock","16":"taxable","17":"shipping-taxable","18":"purchasable","19":"product-type-simple"},"acf":[],"yoast_head":"<!-- This site is optimized with the Yoast SEO plugin v24.9 - https:\/\/yoast.com\/wordpress\/plugins\/seo\/ -->\n<title>VARIOUS ARTISTS - Angola Soundtrack 2 (2LP) -  (2LP) | Guerssen<\/title>\n<meta name=\"description\" content=\"In 2010, against all odds, Angola Soundtrack Vol.1 was awarded the German Record Critics&#039; Prize in the category &#039;Black music&#039;. This victory was all the sweeter for its triumph over the predicted winner, Aloe Blacc &#039;s multi platinium record, &#039;Good Things&#039;. #nl# Many were surprised that the award was handed to a compilation that covered obscure music, but it didn&#039;t surprise the team behind Analog Africa who believed such acclaim should have come much earlier. Since discovering the music of Angola 15 years ago, styles such Kazucuta, Rebita and Semba have become an addiction for Samy Ben Redjeb, the compiler, who proclaimed a serious warning in the first edition liner notes: &#039;Listening to these tracks may cause addiction and provoke heavy rotation!&#039;\" \/>\n<meta name=\"robots\" content=\"index, follow, max-snippet:-1, max-image-preview:large, max-video-preview:-1\" \/>\n<link rel=\"canonical\" href=\"https:\/\/wpguerssen-test.odoo.rgbconsulting.com\/es\/producto\/angola-soundtrack-2-2lp\/\" \/>\n<meta property=\"og:locale\" content=\"es_ES\" \/>\n<meta property=\"og:type\" content=\"article\" \/>\n<meta property=\"og:title\" content=\"VARIOUS ARTISTS - Angola Soundtrack 2 (2LP) -  (2LP) | Guerssen\" \/>\n<meta property=\"og:description\" content=\"In 2010, against all odds, Angola Soundtrack Vol.1 was awarded the German Record Critics&#039; Prize in the category &#039;Black music&#039;. This victory was all the sweeter for its triumph over the predicted winner, Aloe Blacc &#039;s multi platinium record, &#039;Good Things&#039;. #nl# Many were surprised that the award was handed to a compilation that covered obscure music, but it didn&#039;t surprise the team behind Analog Africa who believed such acclaim should have come much earlier. Since discovering the music of Angola 15 years ago, styles such Kazucuta, Rebita and Semba have become an addiction for Samy Ben Redjeb, the compiler, who proclaimed a serious warning in the first edition liner notes: &#039;Listening to these tracks may cause addiction and provoke heavy rotation!&#039;\" \/>\n<meta property=\"og:url\" content=\"https:\/\/wpguerssen-test.odoo.rgbconsulting.com\/es\/producto\/angola-soundtrack-2-2lp\/\" \/>\n<meta property=\"og:site_name\" content=\"Guerssen records\" \/>\n<meta property=\"article:modified_time\" content=\"2025-02-21T12:56:44+00:00\" \/>\n<meta property=\"og:image\" content=\"https:\/\/wpguerssen-test.odoo.rgbconsulting.com\/wp-content\/uploads\/2022\/03\/38718.jpg\" \/>\n\t<meta property=\"og:image:width\" content=\"189\" \/>\n\t<meta property=\"og:image:height\" content=\"189\" \/>\n\t<meta property=\"og:image:type\" content=\"image\/jpeg\" \/>\n<meta name=\"twitter:card\" content=\"summary_large_image\" \/>\n<meta name=\"twitter:title\" content=\"VARIOUS ARTISTS - Angola Soundtrack 2 (2LP) -  (2LP) | Guerssen\" \/>\n<meta name=\"twitter:label1\" content=\"Tiempo de lectura\" \/>\n\t<meta name=\"twitter:data1\" content=\"1 minuto\" \/>\n<script type=\"application\/ld+json\" class=\"yoast-schema-graph\">{\"@context\":\"https:\/\/schema.org\",\"@graph\":[{\"@type\":\"WebPage\",\"@id\":\"https:\/\/wpguerssen-test.odoo.rgbconsulting.com\/es\/producto\/angola-soundtrack-2-2lp\/\",\"url\":\"https:\/\/wpguerssen-test.odoo.rgbconsulting.com\/es\/producto\/angola-soundtrack-2-2lp\/\",\"name\":\"VARIOUS ARTISTS - Angola Soundtrack 2 (2LP) - (2LP) | Guerssen\",\"isPartOf\":{\"@id\":\"https:\/\/wpguerssen-test.odoo.rgbconsulting.com\/es\/#website\"},\"primaryImageOfPage\":{\"@id\":\"https:\/\/wpguerssen-test.odoo.rgbconsulting.com\/es\/producto\/angola-soundtrack-2-2lp\/#primaryimage\"},\"image\":{\"@id\":\"https:\/\/wpguerssen-test.odoo.rgbconsulting.com\/es\/producto\/angola-soundtrack-2-2lp\/#primaryimage\"},\"thumbnailUrl\":\"https:\/\/wpguerssen-test.odoo.rgbconsulting.com\/wp-content\/uploads\/2022\/03\/38718.jpg\",\"datePublished\":\"2021-07-22T22:00:00+00:00\",\"dateModified\":\"2025-02-21T12:56:44+00:00\",\"description\":\"In 2010, against all odds, Angola Soundtrack Vol.1 was awarded the German Record Critics' Prize in the category 'Black music'. This victory was all the sweeter for its triumph over the predicted winner, Aloe Blacc 's multi platinium record, 'Good Things'. #nl# Many were surprised that the award was handed to a compilation that covered obscure music, but it didn't surprise the team behind Analog Africa who believed such acclaim should have come much earlier. Since discovering the music of Angola 15 years ago, styles such Kazucuta, Rebita and Semba have become an addiction for Samy Ben Redjeb, the compiler, who proclaimed a serious warning in the first edition liner notes: 'Listening to these tracks may cause addiction and provoke heavy rotation!'\",\"breadcrumb\":{\"@id\":\"https:\/\/wpguerssen-test.odoo.rgbconsulting.com\/es\/producto\/angola-soundtrack-2-2lp\/#breadcrumb\"},\"inLanguage\":\"es\",\"potentialAction\":[{\"@type\":\"ReadAction\",\"target\":[\"https:\/\/wpguerssen-test.odoo.rgbconsulting.com\/es\/producto\/angola-soundtrack-2-2lp\/\"]}]},{\"@type\":\"ImageObject\",\"inLanguage\":\"es\",\"@id\":\"https:\/\/wpguerssen-test.odoo.rgbconsulting.com\/es\/producto\/angola-soundtrack-2-2lp\/#primaryimage\",\"url\":\"https:\/\/wpguerssen-test.odoo.rgbconsulting.com\/wp-content\/uploads\/2022\/03\/38718.jpg\",\"contentUrl\":\"https:\/\/wpguerssen-test.odoo.rgbconsulting.com\/wp-content\/uploads\/2022\/03\/38718.jpg\",\"width\":189,\"height\":189,\"caption\":\"VARIOUS ARTISTS - Angola Soundtrack 2 (2LP) - ANALOG AFRICA (2LP) | Guerssen\"},{\"@type\":\"BreadcrumbList\",\"@id\":\"https:\/\/wpguerssen-test.odoo.rgbconsulting.com\/es\/producto\/angola-soundtrack-2-2lp\/#breadcrumb\",\"itemListElement\":[{\"@type\":\"ListItem\",\"position\":1,\"name\":\"Inicio\",\"item\":\"https:\/\/wpguerssen-test.odoo.rgbconsulting.com\/es\/\"},{\"@type\":\"ListItem\",\"position\":2,\"name\":\"Shop\",\"item\":\"https:\/\/wpguerssen-test.odoo.rgbconsulting.com\/shop\/\"},{\"@type\":\"ListItem\",\"position\":3,\"name\":\"Angola Soundtrack 2 (2LP)\"}]},{\"@type\":\"WebSite\",\"@id\":\"https:\/\/wpguerssen-test.odoo.rgbconsulting.com\/es\/#website\",\"url\":\"https:\/\/wpguerssen-test.odoo.rgbconsulting.com\/es\/\",\"name\":\"Guerssen records\",\"description\":\"psychedelia - progressive - folk - garage \",\"publisher\":{\"@id\":\"https:\/\/wpguerssen-test.odoo.rgbconsulting.com\/es\/#organization\"},\"potentialAction\":[{\"@type\":\"SearchAction\",\"target\":{\"@type\":\"EntryPoint\",\"urlTemplate\":\"https:\/\/wpguerssen-test.odoo.rgbconsulting.com\/es\/?s={search_term_string}\"},\"query-input\":{\"@type\":\"PropertyValueSpecification\",\"valueRequired\":true,\"valueName\":\"search_term_string\"}}],\"inLanguage\":\"es\"},{\"@type\":\"Organization\",\"@id\":\"https:\/\/wpguerssen-test.odoo.rgbconsulting.com\/es\/#organization\",\"name\":\"Guerssen records\",\"url\":\"https:\/\/wpguerssen-test.odoo.rgbconsulting.com\/es\/\",\"logo\":{\"@type\":\"ImageObject\",\"inLanguage\":\"es\",\"@id\":\"https:\/\/wpguerssen-test.odoo.rgbconsulting.com\/es\/#\/schema\/logo\/image\/\",\"url\":\"https:\/\/wpguerssen-test.odoo.rgbconsulting.com\/wp-content\/uploads\/2022\/04\/Logo_Guerssen_trans_100.png\",\"contentUrl\":\"https:\/\/wpguerssen-test.odoo.rgbconsulting.com\/wp-content\/uploads\/2022\/04\/Logo_Guerssen_trans_100.png\",\"width\":122,\"height\":100,\"caption\":\"Guerssen records\"},\"image\":{\"@id\":\"https:\/\/wpguerssen-test.odoo.rgbconsulting.com\/es\/#\/schema\/logo\/image\/\"}}]}<\/script>\n<!-- \/ Yoast SEO plugin. -->","yoast_head_json":{"title":"VARIOUS ARTISTS - Angola Soundtrack 2 (2LP) -  (2LP) | Guerssen","description":"In 2010, against all odds, Angola Soundtrack Vol.1 was awarded the German Record Critics' Prize in the category 'Black music'. This victory was all the sweeter for its triumph over the predicted winner, Aloe Blacc 's multi platinium record, 'Good Things'. #nl# Many were surprised that the award was handed to a compilation that covered obscure music, but it didn't surprise the team behind Analog Africa who believed such acclaim should have come much earlier. Since discovering the music of Angola 15 years ago, styles such Kazucuta, Rebita and Semba have become an addiction for Samy Ben Redjeb, the compiler, who proclaimed a serious warning in the first edition liner notes: 'Listening to these tracks may cause addiction and provoke heavy rotation!'","robots":{"index":"index","follow":"follow","max-snippet":"max-snippet:-1","max-image-preview":"max-image-preview:large","max-video-preview":"max-video-preview:-1"},"canonical":"https:\/\/wpguerssen-test.odoo.rgbconsulting.com\/es\/producto\/angola-soundtrack-2-2lp\/","og_locale":"es_ES","og_type":"article","og_title":"VARIOUS ARTISTS - Angola Soundtrack 2 (2LP) -  (2LP) | Guerssen","og_description":"In 2010, against all odds, Angola Soundtrack Vol.1 was awarded the German Record Critics' Prize in the category 'Black music'. This victory was all the sweeter for its triumph over the predicted winner, Aloe Blacc 's multi platinium record, 'Good Things'. #nl# Many were surprised that the award was handed to a compilation that covered obscure music, but it didn't surprise the team behind Analog Africa who believed such acclaim should have come much earlier. Since discovering the music of Angola 15 years ago, styles such Kazucuta, Rebita and Semba have become an addiction for Samy Ben Redjeb, the compiler, who proclaimed a serious warning in the first edition liner notes: 'Listening to these tracks may cause addiction and provoke heavy rotation!'","og_url":"https:\/\/wpguerssen-test.odoo.rgbconsulting.com\/es\/producto\/angola-soundtrack-2-2lp\/","og_site_name":"Guerssen records","article_modified_time":"2025-02-21T12:56:44+00:00","og_image":[{"width":189,"height":189,"url":"https:\/\/wpguerssen-test.odoo.rgbconsulting.com\/wp-content\/uploads\/2022\/03\/38718.jpg","type":"image\/jpeg"}],"twitter_card":"summary_large_image","twitter_title":"VARIOUS ARTISTS - Angola Soundtrack 2 (2LP) -  (2LP) | Guerssen","twitter_misc":{"Tiempo de lectura":"1 minuto"},"schema":{"@context":"https:\/\/schema.org","@graph":[{"@type":"WebPage","@id":"https:\/\/wpguerssen-test.odoo.rgbconsulting.com\/es\/producto\/angola-soundtrack-2-2lp\/","url":"https:\/\/wpguerssen-test.odoo.rgbconsulting.com\/es\/producto\/angola-soundtrack-2-2lp\/","name":"VARIOUS ARTISTS - Angola Soundtrack 2 (2LP) - (2LP) | Guerssen","isPartOf":{"@id":"https:\/\/wpguerssen-test.odoo.rgbconsulting.com\/es\/#website"},"primaryImageOfPage":{"@id":"https:\/\/wpguerssen-test.odoo.rgbconsulting.com\/es\/producto\/angola-soundtrack-2-2lp\/#primaryimage"},"image":{"@id":"https:\/\/wpguerssen-test.odoo.rgbconsulting.com\/es\/producto\/angola-soundtrack-2-2lp\/#primaryimage"},"thumbnailUrl":"https:\/\/wpguerssen-test.odoo.rgbconsulting.com\/wp-content\/uploads\/2022\/03\/38718.jpg","datePublished":"2021-07-22T22:00:00+00:00","dateModified":"2025-02-21T12:56:44+00:00","description":"In 2010, against all odds, Angola Soundtrack Vol.1 was awarded the German Record Critics' Prize in the category 'Black music'. This victory was all the sweeter for its triumph over the predicted winner, Aloe Blacc 's multi platinium record, 'Good Things'. #nl# Many were surprised that the award was handed to a compilation that covered obscure music, but it didn't surprise the team behind Analog Africa who believed such acclaim should have come much earlier. Since discovering the music of Angola 15 years ago, styles such Kazucuta, Rebita and Semba have become an addiction for Samy Ben Redjeb, the compiler, who proclaimed a serious warning in the first edition liner notes: 'Listening to these tracks may cause addiction and provoke heavy rotation!'","breadcrumb":{"@id":"https:\/\/wpguerssen-test.odoo.rgbconsulting.com\/es\/producto\/angola-soundtrack-2-2lp\/#breadcrumb"},"inLanguage":"es","potentialAction":[{"@type":"ReadAction","target":["https:\/\/wpguerssen-test.odoo.rgbconsulting.com\/es\/producto\/angola-soundtrack-2-2lp\/"]}]},{"@type":"ImageObject","inLanguage":"es","@id":"https:\/\/wpguerssen-test.odoo.rgbconsulting.com\/es\/producto\/angola-soundtrack-2-2lp\/#primaryimage","url":"https:\/\/wpguerssen-test.odoo.rgbconsulting.com\/wp-content\/uploads\/2022\/03\/38718.jpg","contentUrl":"https:\/\/wpguerssen-test.odoo.rgbconsulting.com\/wp-content\/uploads\/2022\/03\/38718.jpg","width":189,"height":189,"caption":"VARIOUS ARTISTS - Angola Soundtrack 2 (2LP) - ANALOG AFRICA (2LP) | Guerssen"},{"@type":"BreadcrumbList","@id":"https:\/\/wpguerssen-test.odoo.rgbconsulting.com\/es\/producto\/angola-soundtrack-2-2lp\/#breadcrumb","itemListElement":[{"@type":"ListItem","position":1,"name":"Inicio","item":"https:\/\/wpguerssen-test.odoo.rgbconsulting.com\/es\/"},{"@type":"ListItem","position":2,"name":"Shop","item":"https:\/\/wpguerssen-test.odoo.rgbconsulting.com\/shop\/"},{"@type":"ListItem","position":3,"name":"Angola Soundtrack 2 (2LP)"}]},{"@type":"WebSite","@id":"https:\/\/wpguerssen-test.odoo.rgbconsulting.com\/es\/#website","url":"https:\/\/wpguerssen-test.odoo.rgbconsulting.com\/es\/","name":"Guerssen records","description":"psychedelia - progressive - folk - garage ","publisher":{"@id":"https:\/\/wpguerssen-test.odoo.rgbconsulting.com\/es\/#organization"},"potentialAction":[{"@type":"SearchAction","target":{"@type":"EntryPoint","urlTemplate":"https:\/\/wpguerssen-test.odoo.rgbconsulting.com\/es\/?s={search_term_string}"},"query-input":{"@type":"PropertyValueSpecification","valueRequired":true,"valueName":"search_term_string"}}],"inLanguage":"es"},{"@type":"Organization","@id":"https:\/\/wpguerssen-test.odoo.rgbconsulting.com\/es\/#organization","name":"Guerssen records","url":"https:\/\/wpguerssen-test.odoo.rgbconsulting.com\/es\/","logo":{"@type":"ImageObject","inLanguage":"es","@id":"https:\/\/wpguerssen-test.odoo.rgbconsulting.com\/es\/#\/schema\/logo\/image\/","url":"https:\/\/wpguerssen-test.odoo.rgbconsulting.com\/wp-content\/uploads\/2022\/04\/Logo_Guerssen_trans_100.png","contentUrl":"https:\/\/wpguerssen-test.odoo.rgbconsulting.com\/wp-content\/uploads\/2022\/04\/Logo_Guerssen_trans_100.png","width":122,"height":100,"caption":"Guerssen records"},"image":{"@id":"https:\/\/wpguerssen-test.odoo.rgbconsulting.com\/es\/#\/schema\/logo\/image\/"}}]}},"_links":{"self":[{"href":"https:\/\/wpguerssen-test.odoo.rgbconsulting.com\/es\/wp-json\/wp\/v2\/product\/208691","targetHints":{"allow":["GET"]}}],"collection":[{"href":"https:\/\/wpguerssen-test.odoo.rgbconsulting.com\/es\/wp-json\/wp\/v2\/product"}],"about":[{"href":"https:\/\/wpguerssen-test.odoo.rgbconsulting.com\/es\/wp-json\/wp\/v2\/types\/product"}],"wp:featuredmedia":[{"embeddable":true,"href":"https:\/\/wpguerssen-test.odoo.rgbconsulting.com\/es\/wp-json\/wp\/v2\/media\/128858"}],"wp:attachment":[{"href":"https:\/\/wpguerssen-test.odoo.rgbconsulting.com\/es\/wp-json\/wp\/v2\/media?parent=208691"}],"wp:term":[{"taxonomy":"product_brand","embeddable":true,"href":"https:\/\/wpguerssen-test.odoo.rgbconsulting.com\/es\/wp-json\/wp\/v2\/product_brand?post=208691"},{"taxonomy":"product_cat","embeddable":true,"href":"https:\/\/wpguerssen-test.odoo.rgbconsulting.com\/es\/wp-json\/wp\/v2\/product_cat?post=208691"},{"taxonomy":"product_tag","embeddable":true,"href":"https:\/\/wpguerssen-test.odoo.rgbconsulting.com\/es\/wp-json\/wp\/v2\/product_tag?post=208691"}],"curies":[{"name":"wp","href":"https:\/\/api.w.org\/{rel}","templated":true}]}}