{"id":208693,"date":"2025-02-19T00:00:00","date_gmt":"2025-02-18T23:00:00","guid":{"rendered":"http:\/\/guerssen.hl1097.dinaserver.com\/product\/jambu-e-os-miticos-sons-da-amazonia-2lp\/"},"modified":"2025-02-19T17:11:54","modified_gmt":"2025-02-19T16:11:54","slug":"jambu-e-os-miticos-sons-da-amazonia-2lp","status":"publish","type":"product","link":"https:\/\/wpguerssen-test.odoo.rgbconsulting.com\/es\/producto\/jambu-e-os-miticos-sons-da-amazonia-2lp\/","title":{"rendered":"Jambu E Os M\u00edticos Sons Da Amazonia (2LP)"},"content":{"rendered":"<p>La ciudad de Bel\u00e9m, en el estado norte\u00f1o de Par\u00e1 en Brasil, ha sido durante mucho tiempo un semillero de cultura e innovaci\u00f3n musical. Envuelta por la maravilla m\u00edstica de la selva amaz\u00f3nica y con vistas a la inmensidad del Oc\u00e9ano Atl\u00e1ntico, Bel\u00e9m consiste en una cultura diversa tan vibrante y amplia como la Amazon\u00eda misma. Amerindios, europeos, africanos, y las innumerables combinaciones entre estas personas, se mezclar\u00edan y ser\u00edan ingeniosamente pioneros en g\u00e9neros musicales como el carimb\u00f3, samba-de-cacete, siri\u00e1, bois-bumb\u00e1s y bambi\u00e1. Aunque quedaron en los m\u00e1rgenes de la historia, estos sonidos ex\u00f3ticos y misteriosamente diferentes prosperar\u00edan en un universo paralelo propio. Religiones africanas hist\u00f3ricamente marginadas como la Umbanda, el Candombl\u00e9 y el Tambor de Mina, que hab\u00edan llegado a este lado del Atl\u00e1ntico a trav\u00e9s de los esclavos de \u00c1frica Occidental -especialmente del Reino de Dahomey, actual Rep\u00fablica de Ben\u00edn- dejaron una huella imborrable en la identidad de Par\u00e1. m\u00fasica. De ellos nacer\u00edan el lundun, el bangu\u00ea y el carimb\u00f3, estilos posteriormente modernizados por Verequete, Orlando Pereira, Mestre Cupij\u00f3 y Pinduca con gran \u00e9xito.<\/p>\n","protected":false},"excerpt":{"rendered":"<p>La ciudad de Bel\u00e9m, en el estado norte\u00f1o de Par\u00e1 en Brasil, ha sido durante mucho tiempo un semillero de cultura e innovaci\u00f3n musical. Envuelta por la maravilla<a class=\"read\" href=\"https:\/\/wpguerssen-test.odoo.rgbconsulting.com\/es\/producto\/jambu-e-os-miticos-sons-da-amazonia-2lp\/\"> (...)<\/a>","protected":false},"featured_media":128864,"template":"","meta":{"_acf_changed":false},"product_brand":[],"product_cat":[23231],"product_tag":[24185],"class_list":{"0":"post-208693","1":"product","2":"type-product","3":"status-publish","4":"has-post-thumbnail","6":"product_cat-latin-brazilian-es","7":"product_tag-de-nuevo-en-existencia","8":"pa_artist-various-artists-es","9":"pa_format-2lp-es","10":"pa_gender-latin-brazilian","11":"pa_label-analog-africa-es","12":"pa_location-south-america-caribbean-es","13":"pa_other-filters-vinyl-only-es","15":"first","16":"instock","17":"taxable","18":"shipping-taxable","19":"purchasable","20":"product-type-simple"},"acf":[],"yoast_head":"<!-- This site is optimized with the Yoast SEO plugin v24.9 - https:\/\/yoast.com\/wordpress\/plugins\/seo\/ -->\n<title>VARIOUS ARTISTS - Jambu E Os M\u00edticos Sons Da Amazonia (2LP) -  (2LP) | Guerssen<\/title>\n<meta name=\"description\" content=\"The city of Bel\u00e9m, in the Northern state of Par\u00e1 in Brazil, has long been a hotbed of culture and musical innovation. Enveloped by the mystical wonder of the Amazonian forest and overlooking the vastness of the Atlantic Ocean, Bel\u00e9m consists of a diverse culture as vibrant and broad as the Amazon itself. Amerindians, Europeans, Africans - and the myriad combinations between these people - would mingle, and ingeniously pioneer musical genres such as carimb\u00f3, samba-de-cacete, siri\u00e1, bois-bumb\u00e1s and bambi\u00e1. Although left in the margins of history, these exotic and mysteriously different sounds would thrive in a parallel universe of their own. Historically marginalized African religions like Umbanda, Candombl\u00e9 and the Tambor de Mina, which had reached this side of the Atlantic through slaves from West Africa - especially from the Kingdom of Dahomey, currently the Republic of Benin - left an indelible stamp on the identity of Par\u00e1&#039;s music. They would give birth to lundun, bangu\u00ea and carimb\u00f3, styles later modernised by Verequete, Orlando Pereira, Mestre Cupij\u00f3 and Pinduca to great effect.\" \/>\n<meta name=\"robots\" content=\"index, follow, max-snippet:-1, max-image-preview:large, max-video-preview:-1\" \/>\n<link rel=\"canonical\" href=\"https:\/\/wpguerssen-test.odoo.rgbconsulting.com\/es\/producto\/jambu-e-os-miticos-sons-da-amazonia-2lp\/\" \/>\n<meta property=\"og:locale\" content=\"es_ES\" \/>\n<meta property=\"og:type\" content=\"article\" \/>\n<meta property=\"og:title\" content=\"VARIOUS ARTISTS - Jambu E Os M\u00edticos Sons Da Amazonia (2LP) -  (2LP) | Guerssen\" \/>\n<meta property=\"og:description\" content=\"The city of Bel\u00e9m, in the Northern state of Par\u00e1 in Brazil, has long been a hotbed of culture and musical innovation. Enveloped by the mystical wonder of the Amazonian forest and overlooking the vastness of the Atlantic Ocean, Bel\u00e9m consists of a diverse culture as vibrant and broad as the Amazon itself. Amerindians, Europeans, Africans - and the myriad combinations between these people - would mingle, and ingeniously pioneer musical genres such as carimb\u00f3, samba-de-cacete, siri\u00e1, bois-bumb\u00e1s and bambi\u00e1. Although left in the margins of history, these exotic and mysteriously different sounds would thrive in a parallel universe of their own. Historically marginalized African religions like Umbanda, Candombl\u00e9 and the Tambor de Mina, which had reached this side of the Atlantic through slaves from West Africa - especially from the Kingdom of Dahomey, currently the Republic of Benin - left an indelible stamp on the identity of Par\u00e1&#039;s music. They would give birth to lundun, bangu\u00ea and carimb\u00f3, styles later modernised by Verequete, Orlando Pereira, Mestre Cupij\u00f3 and Pinduca to great effect.\" \/>\n<meta property=\"og:url\" content=\"https:\/\/wpguerssen-test.odoo.rgbconsulting.com\/es\/producto\/jambu-e-os-miticos-sons-da-amazonia-2lp\/\" \/>\n<meta property=\"og:site_name\" content=\"Guerssen records\" \/>\n<meta property=\"article:modified_time\" content=\"2025-02-19T16:11:54+00:00\" \/>\n<meta property=\"og:image\" content=\"https:\/\/wpguerssen-test.odoo.rgbconsulting.com\/wp-content\/uploads\/2022\/03\/38720.jpg\" \/>\n\t<meta property=\"og:image:width\" content=\"189\" \/>\n\t<meta property=\"og:image:height\" content=\"189\" \/>\n\t<meta property=\"og:image:type\" content=\"image\/jpeg\" \/>\n<meta name=\"twitter:card\" content=\"summary_large_image\" \/>\n<meta name=\"twitter:title\" content=\"VARIOUS ARTISTS - Jambu E Os M\u00edticos Sons Da Amazonia (2LP) -  (2LP) | Guerssen\" \/>\n<meta name=\"twitter:label1\" content=\"Tiempo de lectura\" \/>\n\t<meta name=\"twitter:data1\" content=\"1 minuto\" \/>\n<script type=\"application\/ld+json\" class=\"yoast-schema-graph\">{\"@context\":\"https:\/\/schema.org\",\"@graph\":[{\"@type\":\"WebPage\",\"@id\":\"https:\/\/wpguerssen-test.odoo.rgbconsulting.com\/es\/producto\/jambu-e-os-miticos-sons-da-amazonia-2lp\/\",\"url\":\"https:\/\/wpguerssen-test.odoo.rgbconsulting.com\/es\/producto\/jambu-e-os-miticos-sons-da-amazonia-2lp\/\",\"name\":\"VARIOUS ARTISTS - Jambu E Os M\u00edticos Sons Da Amazonia (2LP) - (2LP) | Guerssen\",\"isPartOf\":{\"@id\":\"https:\/\/wpguerssen-test.odoo.rgbconsulting.com\/es\/#website\"},\"primaryImageOfPage\":{\"@id\":\"https:\/\/wpguerssen-test.odoo.rgbconsulting.com\/es\/producto\/jambu-e-os-miticos-sons-da-amazonia-2lp\/#primaryimage\"},\"image\":{\"@id\":\"https:\/\/wpguerssen-test.odoo.rgbconsulting.com\/es\/producto\/jambu-e-os-miticos-sons-da-amazonia-2lp\/#primaryimage\"},\"thumbnailUrl\":\"https:\/\/wpguerssen-test.odoo.rgbconsulting.com\/wp-content\/uploads\/2022\/03\/38720.jpg\",\"datePublished\":\"2025-02-18T23:00:00+00:00\",\"dateModified\":\"2025-02-19T16:11:54+00:00\",\"description\":\"The city of Bel\u00e9m, in the Northern state of Par\u00e1 in Brazil, has long been a hotbed of culture and musical innovation. Enveloped by the mystical wonder of the Amazonian forest and overlooking the vastness of the Atlantic Ocean, Bel\u00e9m consists of a diverse culture as vibrant and broad as the Amazon itself. Amerindians, Europeans, Africans - and the myriad combinations between these people - would mingle, and ingeniously pioneer musical genres such as carimb\u00f3, samba-de-cacete, siri\u00e1, bois-bumb\u00e1s and bambi\u00e1. Although left in the margins of history, these exotic and mysteriously different sounds would thrive in a parallel universe of their own. Historically marginalized African religions like Umbanda, Candombl\u00e9 and the Tambor de Mina, which had reached this side of the Atlantic through slaves from West Africa - especially from the Kingdom of Dahomey, currently the Republic of Benin - left an indelible stamp on the identity of Par\u00e1's music. They would give birth to lundun, bangu\u00ea and carimb\u00f3, styles later modernised by Verequete, Orlando Pereira, Mestre Cupij\u00f3 and Pinduca to great effect.\",\"breadcrumb\":{\"@id\":\"https:\/\/wpguerssen-test.odoo.rgbconsulting.com\/es\/producto\/jambu-e-os-miticos-sons-da-amazonia-2lp\/#breadcrumb\"},\"inLanguage\":\"es\",\"potentialAction\":[{\"@type\":\"ReadAction\",\"target\":[\"https:\/\/wpguerssen-test.odoo.rgbconsulting.com\/es\/producto\/jambu-e-os-miticos-sons-da-amazonia-2lp\/\"]}]},{\"@type\":\"ImageObject\",\"inLanguage\":\"es\",\"@id\":\"https:\/\/wpguerssen-test.odoo.rgbconsulting.com\/es\/producto\/jambu-e-os-miticos-sons-da-amazonia-2lp\/#primaryimage\",\"url\":\"https:\/\/wpguerssen-test.odoo.rgbconsulting.com\/wp-content\/uploads\/2022\/03\/38720.jpg\",\"contentUrl\":\"https:\/\/wpguerssen-test.odoo.rgbconsulting.com\/wp-content\/uploads\/2022\/03\/38720.jpg\",\"width\":189,\"height\":189,\"caption\":\"VARIOUS ARTISTS - Jambu E Os M\u00edticos Sons Da Amazonia (2LP) - ANALOG AFRICA (2LP) | Guerssen\"},{\"@type\":\"BreadcrumbList\",\"@id\":\"https:\/\/wpguerssen-test.odoo.rgbconsulting.com\/es\/producto\/jambu-e-os-miticos-sons-da-amazonia-2lp\/#breadcrumb\",\"itemListElement\":[{\"@type\":\"ListItem\",\"position\":1,\"name\":\"Inicio\",\"item\":\"https:\/\/wpguerssen-test.odoo.rgbconsulting.com\/es\/\"},{\"@type\":\"ListItem\",\"position\":2,\"name\":\"Shop\",\"item\":\"https:\/\/wpguerssen-test.odoo.rgbconsulting.com\/shop\/\"},{\"@type\":\"ListItem\",\"position\":3,\"name\":\"Jambu E Os M\u00edticos Sons Da Amazonia (2LP)\"}]},{\"@type\":\"WebSite\",\"@id\":\"https:\/\/wpguerssen-test.odoo.rgbconsulting.com\/es\/#website\",\"url\":\"https:\/\/wpguerssen-test.odoo.rgbconsulting.com\/es\/\",\"name\":\"Guerssen records\",\"description\":\"psychedelia - progressive - folk - garage \",\"publisher\":{\"@id\":\"https:\/\/wpguerssen-test.odoo.rgbconsulting.com\/es\/#organization\"},\"potentialAction\":[{\"@type\":\"SearchAction\",\"target\":{\"@type\":\"EntryPoint\",\"urlTemplate\":\"https:\/\/wpguerssen-test.odoo.rgbconsulting.com\/es\/?s={search_term_string}\"},\"query-input\":{\"@type\":\"PropertyValueSpecification\",\"valueRequired\":true,\"valueName\":\"search_term_string\"}}],\"inLanguage\":\"es\"},{\"@type\":\"Organization\",\"@id\":\"https:\/\/wpguerssen-test.odoo.rgbconsulting.com\/es\/#organization\",\"name\":\"Guerssen records\",\"url\":\"https:\/\/wpguerssen-test.odoo.rgbconsulting.com\/es\/\",\"logo\":{\"@type\":\"ImageObject\",\"inLanguage\":\"es\",\"@id\":\"https:\/\/wpguerssen-test.odoo.rgbconsulting.com\/es\/#\/schema\/logo\/image\/\",\"url\":\"https:\/\/wpguerssen-test.odoo.rgbconsulting.com\/wp-content\/uploads\/2022\/04\/Logo_Guerssen_trans_100.png\",\"contentUrl\":\"https:\/\/wpguerssen-test.odoo.rgbconsulting.com\/wp-content\/uploads\/2022\/04\/Logo_Guerssen_trans_100.png\",\"width\":122,\"height\":100,\"caption\":\"Guerssen records\"},\"image\":{\"@id\":\"https:\/\/wpguerssen-test.odoo.rgbconsulting.com\/es\/#\/schema\/logo\/image\/\"}}]}<\/script>\n<!-- \/ Yoast SEO plugin. -->","yoast_head_json":{"title":"VARIOUS ARTISTS - Jambu E Os M\u00edticos Sons Da Amazonia (2LP) -  (2LP) | Guerssen","description":"The city of Bel\u00e9m, in the Northern state of Par\u00e1 in Brazil, has long been a hotbed of culture and musical innovation. Enveloped by the mystical wonder of the Amazonian forest and overlooking the vastness of the Atlantic Ocean, Bel\u00e9m consists of a diverse culture as vibrant and broad as the Amazon itself. Amerindians, Europeans, Africans - and the myriad combinations between these people - would mingle, and ingeniously pioneer musical genres such as carimb\u00f3, samba-de-cacete, siri\u00e1, bois-bumb\u00e1s and bambi\u00e1. Although left in the margins of history, these exotic and mysteriously different sounds would thrive in a parallel universe of their own. Historically marginalized African religions like Umbanda, Candombl\u00e9 and the Tambor de Mina, which had reached this side of the Atlantic through slaves from West Africa - especially from the Kingdom of Dahomey, currently the Republic of Benin - left an indelible stamp on the identity of Par\u00e1's music. They would give birth to lundun, bangu\u00ea and carimb\u00f3, styles later modernised by Verequete, Orlando Pereira, Mestre Cupij\u00f3 and Pinduca to great effect.","robots":{"index":"index","follow":"follow","max-snippet":"max-snippet:-1","max-image-preview":"max-image-preview:large","max-video-preview":"max-video-preview:-1"},"canonical":"https:\/\/wpguerssen-test.odoo.rgbconsulting.com\/es\/producto\/jambu-e-os-miticos-sons-da-amazonia-2lp\/","og_locale":"es_ES","og_type":"article","og_title":"VARIOUS ARTISTS - Jambu E Os M\u00edticos Sons Da Amazonia (2LP) -  (2LP) | Guerssen","og_description":"The city of Bel\u00e9m, in the Northern state of Par\u00e1 in Brazil, has long been a hotbed of culture and musical innovation. Enveloped by the mystical wonder of the Amazonian forest and overlooking the vastness of the Atlantic Ocean, Bel\u00e9m consists of a diverse culture as vibrant and broad as the Amazon itself. Amerindians, Europeans, Africans - and the myriad combinations between these people - would mingle, and ingeniously pioneer musical genres such as carimb\u00f3, samba-de-cacete, siri\u00e1, bois-bumb\u00e1s and bambi\u00e1. Although left in the margins of history, these exotic and mysteriously different sounds would thrive in a parallel universe of their own. Historically marginalized African religions like Umbanda, Candombl\u00e9 and the Tambor de Mina, which had reached this side of the Atlantic through slaves from West Africa - especially from the Kingdom of Dahomey, currently the Republic of Benin - left an indelible stamp on the identity of Par\u00e1's music. They would give birth to lundun, bangu\u00ea and carimb\u00f3, styles later modernised by Verequete, Orlando Pereira, Mestre Cupij\u00f3 and Pinduca to great effect.","og_url":"https:\/\/wpguerssen-test.odoo.rgbconsulting.com\/es\/producto\/jambu-e-os-miticos-sons-da-amazonia-2lp\/","og_site_name":"Guerssen records","article_modified_time":"2025-02-19T16:11:54+00:00","og_image":[{"width":189,"height":189,"url":"https:\/\/wpguerssen-test.odoo.rgbconsulting.com\/wp-content\/uploads\/2022\/03\/38720.jpg","type":"image\/jpeg"}],"twitter_card":"summary_large_image","twitter_title":"VARIOUS ARTISTS - Jambu E Os M\u00edticos Sons Da Amazonia (2LP) -  (2LP) | Guerssen","twitter_misc":{"Tiempo de lectura":"1 minuto"},"schema":{"@context":"https:\/\/schema.org","@graph":[{"@type":"WebPage","@id":"https:\/\/wpguerssen-test.odoo.rgbconsulting.com\/es\/producto\/jambu-e-os-miticos-sons-da-amazonia-2lp\/","url":"https:\/\/wpguerssen-test.odoo.rgbconsulting.com\/es\/producto\/jambu-e-os-miticos-sons-da-amazonia-2lp\/","name":"VARIOUS ARTISTS - Jambu E Os M\u00edticos Sons Da Amazonia (2LP) - (2LP) | Guerssen","isPartOf":{"@id":"https:\/\/wpguerssen-test.odoo.rgbconsulting.com\/es\/#website"},"primaryImageOfPage":{"@id":"https:\/\/wpguerssen-test.odoo.rgbconsulting.com\/es\/producto\/jambu-e-os-miticos-sons-da-amazonia-2lp\/#primaryimage"},"image":{"@id":"https:\/\/wpguerssen-test.odoo.rgbconsulting.com\/es\/producto\/jambu-e-os-miticos-sons-da-amazonia-2lp\/#primaryimage"},"thumbnailUrl":"https:\/\/wpguerssen-test.odoo.rgbconsulting.com\/wp-content\/uploads\/2022\/03\/38720.jpg","datePublished":"2025-02-18T23:00:00+00:00","dateModified":"2025-02-19T16:11:54+00:00","description":"The city of Bel\u00e9m, in the Northern state of Par\u00e1 in Brazil, has long been a hotbed of culture and musical innovation. Enveloped by the mystical wonder of the Amazonian forest and overlooking the vastness of the Atlantic Ocean, Bel\u00e9m consists of a diverse culture as vibrant and broad as the Amazon itself. Amerindians, Europeans, Africans - and the myriad combinations between these people - would mingle, and ingeniously pioneer musical genres such as carimb\u00f3, samba-de-cacete, siri\u00e1, bois-bumb\u00e1s and bambi\u00e1. Although left in the margins of history, these exotic and mysteriously different sounds would thrive in a parallel universe of their own. Historically marginalized African religions like Umbanda, Candombl\u00e9 and the Tambor de Mina, which had reached this side of the Atlantic through slaves from West Africa - especially from the Kingdom of Dahomey, currently the Republic of Benin - left an indelible stamp on the identity of Par\u00e1's music. They would give birth to lundun, bangu\u00ea and carimb\u00f3, styles later modernised by Verequete, Orlando Pereira, Mestre Cupij\u00f3 and Pinduca to great effect.","breadcrumb":{"@id":"https:\/\/wpguerssen-test.odoo.rgbconsulting.com\/es\/producto\/jambu-e-os-miticos-sons-da-amazonia-2lp\/#breadcrumb"},"inLanguage":"es","potentialAction":[{"@type":"ReadAction","target":["https:\/\/wpguerssen-test.odoo.rgbconsulting.com\/es\/producto\/jambu-e-os-miticos-sons-da-amazonia-2lp\/"]}]},{"@type":"ImageObject","inLanguage":"es","@id":"https:\/\/wpguerssen-test.odoo.rgbconsulting.com\/es\/producto\/jambu-e-os-miticos-sons-da-amazonia-2lp\/#primaryimage","url":"https:\/\/wpguerssen-test.odoo.rgbconsulting.com\/wp-content\/uploads\/2022\/03\/38720.jpg","contentUrl":"https:\/\/wpguerssen-test.odoo.rgbconsulting.com\/wp-content\/uploads\/2022\/03\/38720.jpg","width":189,"height":189,"caption":"VARIOUS ARTISTS - Jambu E Os M\u00edticos Sons Da Amazonia (2LP) - ANALOG AFRICA (2LP) | Guerssen"},{"@type":"BreadcrumbList","@id":"https:\/\/wpguerssen-test.odoo.rgbconsulting.com\/es\/producto\/jambu-e-os-miticos-sons-da-amazonia-2lp\/#breadcrumb","itemListElement":[{"@type":"ListItem","position":1,"name":"Inicio","item":"https:\/\/wpguerssen-test.odoo.rgbconsulting.com\/es\/"},{"@type":"ListItem","position":2,"name":"Shop","item":"https:\/\/wpguerssen-test.odoo.rgbconsulting.com\/shop\/"},{"@type":"ListItem","position":3,"name":"Jambu E Os M\u00edticos Sons Da Amazonia (2LP)"}]},{"@type":"WebSite","@id":"https:\/\/wpguerssen-test.odoo.rgbconsulting.com\/es\/#website","url":"https:\/\/wpguerssen-test.odoo.rgbconsulting.com\/es\/","name":"Guerssen records","description":"psychedelia - progressive - folk - garage ","publisher":{"@id":"https:\/\/wpguerssen-test.odoo.rgbconsulting.com\/es\/#organization"},"potentialAction":[{"@type":"SearchAction","target":{"@type":"EntryPoint","urlTemplate":"https:\/\/wpguerssen-test.odoo.rgbconsulting.com\/es\/?s={search_term_string}"},"query-input":{"@type":"PropertyValueSpecification","valueRequired":true,"valueName":"search_term_string"}}],"inLanguage":"es"},{"@type":"Organization","@id":"https:\/\/wpguerssen-test.odoo.rgbconsulting.com\/es\/#organization","name":"Guerssen records","url":"https:\/\/wpguerssen-test.odoo.rgbconsulting.com\/es\/","logo":{"@type":"ImageObject","inLanguage":"es","@id":"https:\/\/wpguerssen-test.odoo.rgbconsulting.com\/es\/#\/schema\/logo\/image\/","url":"https:\/\/wpguerssen-test.odoo.rgbconsulting.com\/wp-content\/uploads\/2022\/04\/Logo_Guerssen_trans_100.png","contentUrl":"https:\/\/wpguerssen-test.odoo.rgbconsulting.com\/wp-content\/uploads\/2022\/04\/Logo_Guerssen_trans_100.png","width":122,"height":100,"caption":"Guerssen records"},"image":{"@id":"https:\/\/wpguerssen-test.odoo.rgbconsulting.com\/es\/#\/schema\/logo\/image\/"}}]}},"_links":{"self":[{"href":"https:\/\/wpguerssen-test.odoo.rgbconsulting.com\/es\/wp-json\/wp\/v2\/product\/208693","targetHints":{"allow":["GET"]}}],"collection":[{"href":"https:\/\/wpguerssen-test.odoo.rgbconsulting.com\/es\/wp-json\/wp\/v2\/product"}],"about":[{"href":"https:\/\/wpguerssen-test.odoo.rgbconsulting.com\/es\/wp-json\/wp\/v2\/types\/product"}],"wp:featuredmedia":[{"embeddable":true,"href":"https:\/\/wpguerssen-test.odoo.rgbconsulting.com\/es\/wp-json\/wp\/v2\/media\/128864"}],"wp:attachment":[{"href":"https:\/\/wpguerssen-test.odoo.rgbconsulting.com\/es\/wp-json\/wp\/v2\/media?parent=208693"}],"wp:term":[{"taxonomy":"product_brand","embeddable":true,"href":"https:\/\/wpguerssen-test.odoo.rgbconsulting.com\/es\/wp-json\/wp\/v2\/product_brand?post=208693"},{"taxonomy":"product_cat","embeddable":true,"href":"https:\/\/wpguerssen-test.odoo.rgbconsulting.com\/es\/wp-json\/wp\/v2\/product_cat?post=208693"},{"taxonomy":"product_tag","embeddable":true,"href":"https:\/\/wpguerssen-test.odoo.rgbconsulting.com\/es\/wp-json\/wp\/v2\/product_tag?post=208693"}],"curies":[{"name":"wp","href":"https:\/\/api.w.org\/{rel}","templated":true}]}}