{"id":208700,"date":"2021-07-23T00:00:00","date_gmt":"2021-07-22T22:00:00","guid":{"rendered":"http:\/\/guerssen.hl1097.dinaserver.com\/product\/buli-povo\/"},"modified":"2024-12-16T17:42:49","modified_gmt":"2024-12-16T16:42:49","slug":"buli-povo","status":"publish","type":"product","link":"https:\/\/wpguerssen-test.odoo.rgbconsulting.com\/es\/producto\/buli-povo\/","title":{"rendered":"Buli Povo"},"content":{"rendered":"<p>Fue Ant\u00f3nio Sanches quien grab\u00f3 \u00abBuli Povo!\u00bb, la grabaci\u00f3n de funan\u00e1 m\u00e1s extra\u00f1a y, sin embargo, m\u00e1s fascinante. Grabado en Lisboa con la legendaria Voz de Cabo Verde en 1983, el \u00e1lbum es un viaje empapado de sintetizadores a los l\u00edmites exteriores de la m\u00fasica popular caboverdiana, que ha permanecido fuera del radar musical hasta ahora. Fue solo en los \u00faltimos a\u00f1os, a medida que el inter\u00e9s por la m\u00fasica caboverdiana antigua comenz\u00f3 a crecer, que comenzaron a circular rumores sobre la extra\u00f1a brillantez de su viaje impulsado por sintetizadores al coraz\u00f3n de funan\u00e1.<\/p>\n","protected":false},"excerpt":{"rendered":"<p>Fue Ant\u00f3nio Sanches quien grab\u00f3 \u00abBuli Povo!\u00bb, la grabaci\u00f3n de funan\u00e1 m\u00e1s extra\u00f1a y, sin embargo, m\u00e1s fascinante. Grabado en Lisboa con la legendaria Voz de<a class=\"read\" href=\"https:\/\/wpguerssen-test.odoo.rgbconsulting.com\/es\/producto\/buli-povo\/\"> (...)<\/a>","protected":false},"featured_media":128885,"template":"","meta":{"_acf_changed":false},"product_brand":[],"product_cat":[23258],"product_tag":[],"class_list":{"0":"post-208700","1":"product","2":"type-product","3":"status-publish","4":"has-post-thumbnail","6":"product_cat-afro-funk-afrobeat-es","7":"pa_artist-sanches-antonio","8":"pa_format-lp-es","9":"pa_gender-afro-funk-afrobeat","10":"pa_label-analog-africa-es","11":"pa_location-africa-es","12":"pa_other-filters-vinyl-only-es","14":"first","15":"instock","16":"taxable","17":"shipping-taxable","18":"purchasable","19":"product-type-simple"},"acf":[],"yoast_head":"<!-- This site is optimized with the Yoast SEO plugin v24.9 - https:\/\/yoast.com\/wordpress\/plugins\/seo\/ -->\n<title>SANCHES, Antonio - Buli Povo -  (LP) | Guerssen<\/title>\n<meta name=\"description\" content=\"&quot;Antonio Sanches provided the &quot;out of space&quot; lead track on the Label&#039;s seminal &quot;Space Echo&quot; compilation. Impossible to find for many years, the sound of &quot;Buli Povo!&quot; is just as arresting and mesmerizing today as it was on the day it was released. It has just taken us thirty-five years to catch up with Ant\u00f3nio&#039;s vision&quot;Funan\u00e1,the most african of music styles from Cabo Verde had been banned by the Portuguese Rulers. But in 1974, with independence and the birth of the Bulimundo band, everything changed. Their leader, guitarist Katch\u00e1s, believing it was time for a new approach, decided to dig deep into the ancient rural roots of Funan\u00e1 and modernise it with a full band electrified setting. the idea gave birth to a whole new chapter in the already rich Cape Verdean musical landscape.\" \/>\n<meta name=\"robots\" content=\"index, follow, max-snippet:-1, max-image-preview:large, max-video-preview:-1\" \/>\n<link rel=\"canonical\" href=\"https:\/\/wpguerssen-test.odoo.rgbconsulting.com\/es\/producto\/buli-povo\/\" \/>\n<meta property=\"og:locale\" content=\"es_ES\" \/>\n<meta property=\"og:type\" content=\"article\" \/>\n<meta property=\"og:title\" content=\"SANCHES, Antonio - Buli Povo -  (LP) | Guerssen\" \/>\n<meta property=\"og:description\" content=\"&quot;Antonio Sanches provided the &quot;out of space&quot; lead track on the Label&#039;s seminal &quot;Space Echo&quot; compilation. Impossible to find for many years, the sound of &quot;Buli Povo!&quot; is just as arresting and mesmerizing today as it was on the day it was released. It has just taken us thirty-five years to catch up with Ant\u00f3nio&#039;s vision&quot;Funan\u00e1,the most african of music styles from Cabo Verde had been banned by the Portuguese Rulers. But in 1974, with independence and the birth of the Bulimundo band, everything changed. Their leader, guitarist Katch\u00e1s, believing it was time for a new approach, decided to dig deep into the ancient rural roots of Funan\u00e1 and modernise it with a full band electrified setting. the idea gave birth to a whole new chapter in the already rich Cape Verdean musical landscape.\" \/>\n<meta property=\"og:url\" content=\"https:\/\/wpguerssen-test.odoo.rgbconsulting.com\/es\/producto\/buli-povo\/\" \/>\n<meta property=\"og:site_name\" content=\"Guerssen records\" \/>\n<meta property=\"article:modified_time\" content=\"2024-12-16T16:42:49+00:00\" \/>\n<meta property=\"og:image\" content=\"https:\/\/wpguerssen-test.odoo.rgbconsulting.com\/wp-content\/uploads\/2022\/03\/38728.jpg\" \/>\n\t<meta property=\"og:image:width\" content=\"189\" \/>\n\t<meta property=\"og:image:height\" content=\"189\" \/>\n\t<meta property=\"og:image:type\" content=\"image\/jpeg\" \/>\n<meta name=\"twitter:card\" content=\"summary_large_image\" \/>\n<meta name=\"twitter:title\" content=\"SANCHES, Antonio - Buli Povo -  (LP) | Guerssen\" \/>\n<meta name=\"twitter:label1\" content=\"Tiempo de lectura\" \/>\n\t<meta name=\"twitter:data1\" content=\"1 minuto\" \/>\n<script type=\"application\/ld+json\" class=\"yoast-schema-graph\">{\"@context\":\"https:\/\/schema.org\",\"@graph\":[{\"@type\":\"WebPage\",\"@id\":\"https:\/\/wpguerssen-test.odoo.rgbconsulting.com\/es\/producto\/buli-povo\/\",\"url\":\"https:\/\/wpguerssen-test.odoo.rgbconsulting.com\/es\/producto\/buli-povo\/\",\"name\":\"SANCHES, Antonio - Buli Povo - (LP) | Guerssen\",\"isPartOf\":{\"@id\":\"https:\/\/wpguerssen-test.odoo.rgbconsulting.com\/es\/#website\"},\"primaryImageOfPage\":{\"@id\":\"https:\/\/wpguerssen-test.odoo.rgbconsulting.com\/es\/producto\/buli-povo\/#primaryimage\"},\"image\":{\"@id\":\"https:\/\/wpguerssen-test.odoo.rgbconsulting.com\/es\/producto\/buli-povo\/#primaryimage\"},\"thumbnailUrl\":\"https:\/\/wpguerssen-test.odoo.rgbconsulting.com\/wp-content\/uploads\/2022\/03\/38728.jpg\",\"datePublished\":\"2021-07-22T22:00:00+00:00\",\"dateModified\":\"2024-12-16T16:42:49+00:00\",\"description\":\"\\\"Antonio Sanches provided the \\\"out of space\\\" lead track on the Label's seminal \\\"Space Echo\\\" compilation. Impossible to find for many years, the sound of \\\"Buli Povo!\\\" is just as arresting and mesmerizing today as it was on the day it was released. It has just taken us thirty-five years to catch up with Ant\u00f3nio's vision\\\"Funan\u00e1,the most african of music styles from Cabo Verde had been banned by the Portuguese Rulers. But in 1974, with independence and the birth of the Bulimundo band, everything changed. Their leader, guitarist Katch\u00e1s, believing it was time for a new approach, decided to dig deep into the ancient rural roots of Funan\u00e1 and modernise it with a full band electrified setting. the idea gave birth to a whole new chapter in the already rich Cape Verdean musical landscape.\",\"breadcrumb\":{\"@id\":\"https:\/\/wpguerssen-test.odoo.rgbconsulting.com\/es\/producto\/buli-povo\/#breadcrumb\"},\"inLanguage\":\"es\",\"potentialAction\":[{\"@type\":\"ReadAction\",\"target\":[\"https:\/\/wpguerssen-test.odoo.rgbconsulting.com\/es\/producto\/buli-povo\/\"]}]},{\"@type\":\"ImageObject\",\"inLanguage\":\"es\",\"@id\":\"https:\/\/wpguerssen-test.odoo.rgbconsulting.com\/es\/producto\/buli-povo\/#primaryimage\",\"url\":\"https:\/\/wpguerssen-test.odoo.rgbconsulting.com\/wp-content\/uploads\/2022\/03\/38728.jpg\",\"contentUrl\":\"https:\/\/wpguerssen-test.odoo.rgbconsulting.com\/wp-content\/uploads\/2022\/03\/38728.jpg\",\"width\":189,\"height\":189,\"caption\":\"Antonio - Buli Povo - ANALOG AFRICA (LP) | Guerssen\"},{\"@type\":\"BreadcrumbList\",\"@id\":\"https:\/\/wpguerssen-test.odoo.rgbconsulting.com\/es\/producto\/buli-povo\/#breadcrumb\",\"itemListElement\":[{\"@type\":\"ListItem\",\"position\":1,\"name\":\"Inicio\",\"item\":\"https:\/\/wpguerssen-test.odoo.rgbconsulting.com\/es\/\"},{\"@type\":\"ListItem\",\"position\":2,\"name\":\"Shop\",\"item\":\"https:\/\/wpguerssen-test.odoo.rgbconsulting.com\/shop\/\"},{\"@type\":\"ListItem\",\"position\":3,\"name\":\"Buli Povo\"}]},{\"@type\":\"WebSite\",\"@id\":\"https:\/\/wpguerssen-test.odoo.rgbconsulting.com\/es\/#website\",\"url\":\"https:\/\/wpguerssen-test.odoo.rgbconsulting.com\/es\/\",\"name\":\"Guerssen records\",\"description\":\"psychedelia - progressive - folk - garage \",\"publisher\":{\"@id\":\"https:\/\/wpguerssen-test.odoo.rgbconsulting.com\/es\/#organization\"},\"potentialAction\":[{\"@type\":\"SearchAction\",\"target\":{\"@type\":\"EntryPoint\",\"urlTemplate\":\"https:\/\/wpguerssen-test.odoo.rgbconsulting.com\/es\/?s={search_term_string}\"},\"query-input\":{\"@type\":\"PropertyValueSpecification\",\"valueRequired\":true,\"valueName\":\"search_term_string\"}}],\"inLanguage\":\"es\"},{\"@type\":\"Organization\",\"@id\":\"https:\/\/wpguerssen-test.odoo.rgbconsulting.com\/es\/#organization\",\"name\":\"Guerssen records\",\"url\":\"https:\/\/wpguerssen-test.odoo.rgbconsulting.com\/es\/\",\"logo\":{\"@type\":\"ImageObject\",\"inLanguage\":\"es\",\"@id\":\"https:\/\/wpguerssen-test.odoo.rgbconsulting.com\/es\/#\/schema\/logo\/image\/\",\"url\":\"https:\/\/wpguerssen-test.odoo.rgbconsulting.com\/wp-content\/uploads\/2022\/04\/Logo_Guerssen_trans_100.png\",\"contentUrl\":\"https:\/\/wpguerssen-test.odoo.rgbconsulting.com\/wp-content\/uploads\/2022\/04\/Logo_Guerssen_trans_100.png\",\"width\":122,\"height\":100,\"caption\":\"Guerssen records\"},\"image\":{\"@id\":\"https:\/\/wpguerssen-test.odoo.rgbconsulting.com\/es\/#\/schema\/logo\/image\/\"}}]}<\/script>\n<!-- \/ Yoast SEO plugin. -->","yoast_head_json":{"title":"SANCHES, Antonio - Buli Povo -  (LP) | Guerssen","description":"\"Antonio Sanches provided the \"out of space\" lead track on the Label's seminal \"Space Echo\" compilation. Impossible to find for many years, the sound of \"Buli Povo!\" is just as arresting and mesmerizing today as it was on the day it was released. It has just taken us thirty-five years to catch up with Ant\u00f3nio's vision\"Funan\u00e1,the most african of music styles from Cabo Verde had been banned by the Portuguese Rulers. But in 1974, with independence and the birth of the Bulimundo band, everything changed. Their leader, guitarist Katch\u00e1s, believing it was time for a new approach, decided to dig deep into the ancient rural roots of Funan\u00e1 and modernise it with a full band electrified setting. the idea gave birth to a whole new chapter in the already rich Cape Verdean musical landscape.","robots":{"index":"index","follow":"follow","max-snippet":"max-snippet:-1","max-image-preview":"max-image-preview:large","max-video-preview":"max-video-preview:-1"},"canonical":"https:\/\/wpguerssen-test.odoo.rgbconsulting.com\/es\/producto\/buli-povo\/","og_locale":"es_ES","og_type":"article","og_title":"SANCHES, Antonio - Buli Povo -  (LP) | Guerssen","og_description":"\"Antonio Sanches provided the \"out of space\" lead track on the Label's seminal \"Space Echo\" compilation. Impossible to find for many years, the sound of \"Buli Povo!\" is just as arresting and mesmerizing today as it was on the day it was released. It has just taken us thirty-five years to catch up with Ant\u00f3nio's vision\"Funan\u00e1,the most african of music styles from Cabo Verde had been banned by the Portuguese Rulers. But in 1974, with independence and the birth of the Bulimundo band, everything changed. Their leader, guitarist Katch\u00e1s, believing it was time for a new approach, decided to dig deep into the ancient rural roots of Funan\u00e1 and modernise it with a full band electrified setting. the idea gave birth to a whole new chapter in the already rich Cape Verdean musical landscape.","og_url":"https:\/\/wpguerssen-test.odoo.rgbconsulting.com\/es\/producto\/buli-povo\/","og_site_name":"Guerssen records","article_modified_time":"2024-12-16T16:42:49+00:00","og_image":[{"width":189,"height":189,"url":"https:\/\/wpguerssen-test.odoo.rgbconsulting.com\/wp-content\/uploads\/2022\/03\/38728.jpg","type":"image\/jpeg"}],"twitter_card":"summary_large_image","twitter_title":"SANCHES, Antonio - Buli Povo -  (LP) | Guerssen","twitter_misc":{"Tiempo de lectura":"1 minuto"},"schema":{"@context":"https:\/\/schema.org","@graph":[{"@type":"WebPage","@id":"https:\/\/wpguerssen-test.odoo.rgbconsulting.com\/es\/producto\/buli-povo\/","url":"https:\/\/wpguerssen-test.odoo.rgbconsulting.com\/es\/producto\/buli-povo\/","name":"SANCHES, Antonio - Buli Povo - (LP) | Guerssen","isPartOf":{"@id":"https:\/\/wpguerssen-test.odoo.rgbconsulting.com\/es\/#website"},"primaryImageOfPage":{"@id":"https:\/\/wpguerssen-test.odoo.rgbconsulting.com\/es\/producto\/buli-povo\/#primaryimage"},"image":{"@id":"https:\/\/wpguerssen-test.odoo.rgbconsulting.com\/es\/producto\/buli-povo\/#primaryimage"},"thumbnailUrl":"https:\/\/wpguerssen-test.odoo.rgbconsulting.com\/wp-content\/uploads\/2022\/03\/38728.jpg","datePublished":"2021-07-22T22:00:00+00:00","dateModified":"2024-12-16T16:42:49+00:00","description":"\"Antonio Sanches provided the \"out of space\" lead track on the Label's seminal \"Space Echo\" compilation. Impossible to find for many years, the sound of \"Buli Povo!\" is just as arresting and mesmerizing today as it was on the day it was released. It has just taken us thirty-five years to catch up with Ant\u00f3nio's vision\"Funan\u00e1,the most african of music styles from Cabo Verde had been banned by the Portuguese Rulers. But in 1974, with independence and the birth of the Bulimundo band, everything changed. Their leader, guitarist Katch\u00e1s, believing it was time for a new approach, decided to dig deep into the ancient rural roots of Funan\u00e1 and modernise it with a full band electrified setting. the idea gave birth to a whole new chapter in the already rich Cape Verdean musical landscape.","breadcrumb":{"@id":"https:\/\/wpguerssen-test.odoo.rgbconsulting.com\/es\/producto\/buli-povo\/#breadcrumb"},"inLanguage":"es","potentialAction":[{"@type":"ReadAction","target":["https:\/\/wpguerssen-test.odoo.rgbconsulting.com\/es\/producto\/buli-povo\/"]}]},{"@type":"ImageObject","inLanguage":"es","@id":"https:\/\/wpguerssen-test.odoo.rgbconsulting.com\/es\/producto\/buli-povo\/#primaryimage","url":"https:\/\/wpguerssen-test.odoo.rgbconsulting.com\/wp-content\/uploads\/2022\/03\/38728.jpg","contentUrl":"https:\/\/wpguerssen-test.odoo.rgbconsulting.com\/wp-content\/uploads\/2022\/03\/38728.jpg","width":189,"height":189,"caption":"Antonio - Buli Povo - ANALOG AFRICA (LP) | Guerssen"},{"@type":"BreadcrumbList","@id":"https:\/\/wpguerssen-test.odoo.rgbconsulting.com\/es\/producto\/buli-povo\/#breadcrumb","itemListElement":[{"@type":"ListItem","position":1,"name":"Inicio","item":"https:\/\/wpguerssen-test.odoo.rgbconsulting.com\/es\/"},{"@type":"ListItem","position":2,"name":"Shop","item":"https:\/\/wpguerssen-test.odoo.rgbconsulting.com\/shop\/"},{"@type":"ListItem","position":3,"name":"Buli Povo"}]},{"@type":"WebSite","@id":"https:\/\/wpguerssen-test.odoo.rgbconsulting.com\/es\/#website","url":"https:\/\/wpguerssen-test.odoo.rgbconsulting.com\/es\/","name":"Guerssen records","description":"psychedelia - progressive - folk - garage ","publisher":{"@id":"https:\/\/wpguerssen-test.odoo.rgbconsulting.com\/es\/#organization"},"potentialAction":[{"@type":"SearchAction","target":{"@type":"EntryPoint","urlTemplate":"https:\/\/wpguerssen-test.odoo.rgbconsulting.com\/es\/?s={search_term_string}"},"query-input":{"@type":"PropertyValueSpecification","valueRequired":true,"valueName":"search_term_string"}}],"inLanguage":"es"},{"@type":"Organization","@id":"https:\/\/wpguerssen-test.odoo.rgbconsulting.com\/es\/#organization","name":"Guerssen records","url":"https:\/\/wpguerssen-test.odoo.rgbconsulting.com\/es\/","logo":{"@type":"ImageObject","inLanguage":"es","@id":"https:\/\/wpguerssen-test.odoo.rgbconsulting.com\/es\/#\/schema\/logo\/image\/","url":"https:\/\/wpguerssen-test.odoo.rgbconsulting.com\/wp-content\/uploads\/2022\/04\/Logo_Guerssen_trans_100.png","contentUrl":"https:\/\/wpguerssen-test.odoo.rgbconsulting.com\/wp-content\/uploads\/2022\/04\/Logo_Guerssen_trans_100.png","width":122,"height":100,"caption":"Guerssen records"},"image":{"@id":"https:\/\/wpguerssen-test.odoo.rgbconsulting.com\/es\/#\/schema\/logo\/image\/"}}]}},"_links":{"self":[{"href":"https:\/\/wpguerssen-test.odoo.rgbconsulting.com\/es\/wp-json\/wp\/v2\/product\/208700","targetHints":{"allow":["GET"]}}],"collection":[{"href":"https:\/\/wpguerssen-test.odoo.rgbconsulting.com\/es\/wp-json\/wp\/v2\/product"}],"about":[{"href":"https:\/\/wpguerssen-test.odoo.rgbconsulting.com\/es\/wp-json\/wp\/v2\/types\/product"}],"wp:featuredmedia":[{"embeddable":true,"href":"https:\/\/wpguerssen-test.odoo.rgbconsulting.com\/es\/wp-json\/wp\/v2\/media\/128885"}],"wp:attachment":[{"href":"https:\/\/wpguerssen-test.odoo.rgbconsulting.com\/es\/wp-json\/wp\/v2\/media?parent=208700"}],"wp:term":[{"taxonomy":"product_brand","embeddable":true,"href":"https:\/\/wpguerssen-test.odoo.rgbconsulting.com\/es\/wp-json\/wp\/v2\/product_brand?post=208700"},{"taxonomy":"product_cat","embeddable":true,"href":"https:\/\/wpguerssen-test.odoo.rgbconsulting.com\/es\/wp-json\/wp\/v2\/product_cat?post=208700"},{"taxonomy":"product_tag","embeddable":true,"href":"https:\/\/wpguerssen-test.odoo.rgbconsulting.com\/es\/wp-json\/wp\/v2\/product_tag?post=208700"}],"curies":[{"name":"wp","href":"https:\/\/api.w.org\/{rel}","templated":true}]}}