{"id":208724,"date":"2025-03-03T00:00:00","date_gmt":"2025-03-02T23:00:00","guid":{"rendered":"http:\/\/guerssen.hl1097.dinaserver.com\/product\/io-non-so-da-dove-vengo-green\/"},"modified":"2025-04-23T17:17:45","modified_gmt":"2025-04-23T15:17:45","slug":"io-non-so-da-dove-vengo-green","status":"publish","type":"product","link":"https:\/\/wpguerssen-test.odoo.rgbconsulting.com\/es\/producto\/io-non-so-da-dove-vengo-green\/","title":{"rendered":"Io non so da dove vengo (green)"},"content":{"rendered":"<p>Limitada reedici\u00f3n del raro \u00e1lbum italiano, grandioso heavy psychedelic progresivo con mucho mellotron y \u00e1cida guitarra. Portada abierta como el original, vinilo verde.<\/p>\n","protected":false},"excerpt":{"rendered":"<p>Limitada reedici\u00f3n del raro \u00e1lbum italiano, grandioso heavy psychedelic progresivo con mucho mellotron y \u00e1cida guitarra. Portada abierta como el original, vinilo<a class=\"read\" href=\"https:\/\/wpguerssen-test.odoo.rgbconsulting.com\/es\/producto\/io-non-so-da-dove-vengo-green\/\"> (...)<\/a>","protected":false},"featured_media":128928,"template":"","meta":{"_acf_changed":false},"product_brand":[],"product_cat":[21639,23224],"product_tag":[29140],"class_list":{"0":"post-208724","1":"product","2":"type-product","3":"status-publish","4":"has-post-thumbnail","6":"product_cat-psychedelic60s-70s-es","7":"product_cat-hard-rock-60s-70s-es","8":"product_tag-color-vinyl-es","9":"pa_artist-de-de-lind","10":"pa_format-lp-es","11":"pa_gender-hard-rock-60s-70s-psychedelic60s-70s","12":"pa_label-vinyl-magic","13":"pa_location-europe-es","14":"pa_other-filters-vinyl-only-es","16":"first","17":"instock","18":"taxable","19":"shipping-taxable","20":"purchasable","21":"product-type-simple"},"acf":[],"yoast_head":"<!-- This site is optimized with the Yoast SEO plugin v24.9 - https:\/\/yoast.com\/wordpress\/plugins\/seo\/ -->\n<title>DE DE LIND - Io non so da dove vengo (green) -  (LP) | Guerssen<\/title>\n<meta name=\"description\" content=\"Look for &quot;De De Lind&quot; on the internet and you will find mainly two results: those related to a Playboy magazine model very much in vogue in the &#039;60s, and those concerning the eponymous Italian progressive rock meteor band. The long title of the album &quot;Io non so da dove vengo e non so dove mai andr\u00f2, uomo \u00e8 il nome che mi hanno dato&quot; (I do not know where I come from and where ever I&#039;ll go, Man is the name I&#039;ve been given) already anticipates the philosophical\/existential lyrical content of the songs: seven tracks that develop between acoustic sensations and hard-rock guitar riffs for nearly forty minutes, culminating in the ending climax of the final track &quot;E poi&quot;. #nl# A band that surely deserved more success at the time - their LP was released in 1973 - but that was largely ignored, apart from a modest, mostly negative review appeared on Ciao 2001 magazine. Only recently De De Lind and their only record have been re-evaluated, and they&#039;re now considered a fundamental piece in the Italian progressive scene. It takes just the first notes of the initial &quot;Fuga e morte&quot; to realize that we&#039;re in front of a great musical work. #nl# This edition is a faithful replica of the original LP in gatefold format.180gr. clear green vinyl.\" \/>\n<meta name=\"robots\" content=\"index, follow, max-snippet:-1, max-image-preview:large, max-video-preview:-1\" \/>\n<link rel=\"canonical\" href=\"https:\/\/wpguerssen-test.odoo.rgbconsulting.com\/es\/producto\/io-non-so-da-dove-vengo-green\/\" \/>\n<meta property=\"og:locale\" content=\"es_ES\" \/>\n<meta property=\"og:type\" content=\"article\" \/>\n<meta property=\"og:title\" content=\"DE DE LIND - Io non so da dove vengo (green) -  (LP) | Guerssen\" \/>\n<meta property=\"og:description\" content=\"Look for &quot;De De Lind&quot; on the internet and you will find mainly two results: those related to a Playboy magazine model very much in vogue in the &#039;60s, and those concerning the eponymous Italian progressive rock meteor band. The long title of the album &quot;Io non so da dove vengo e non so dove mai andr\u00f2, uomo \u00e8 il nome che mi hanno dato&quot; (I do not know where I come from and where ever I&#039;ll go, Man is the name I&#039;ve been given) already anticipates the philosophical\/existential lyrical content of the songs: seven tracks that develop between acoustic sensations and hard-rock guitar riffs for nearly forty minutes, culminating in the ending climax of the final track &quot;E poi&quot;. #nl# A band that surely deserved more success at the time - their LP was released in 1973 - but that was largely ignored, apart from a modest, mostly negative review appeared on Ciao 2001 magazine. Only recently De De Lind and their only record have been re-evaluated, and they&#039;re now considered a fundamental piece in the Italian progressive scene. It takes just the first notes of the initial &quot;Fuga e morte&quot; to realize that we&#039;re in front of a great musical work. #nl# This edition is a faithful replica of the original LP in gatefold format.180gr. clear green vinyl.\" \/>\n<meta property=\"og:url\" content=\"https:\/\/wpguerssen-test.odoo.rgbconsulting.com\/es\/producto\/io-non-so-da-dove-vengo-green\/\" \/>\n<meta property=\"og:site_name\" content=\"Guerssen records\" \/>\n<meta property=\"article:modified_time\" content=\"2025-04-23T15:17:45+00:00\" \/>\n<meta property=\"og:image\" content=\"https:\/\/wpguerssen-test.odoo.rgbconsulting.com\/wp-content\/uploads\/2022\/03\/38771.jpg\" \/>\n\t<meta property=\"og:image:width\" content=\"650\" \/>\n\t<meta property=\"og:image:height\" content=\"650\" \/>\n\t<meta property=\"og:image:type\" content=\"image\/jpeg\" \/>\n<meta name=\"twitter:card\" content=\"summary_large_image\" \/>\n<meta name=\"twitter:title\" content=\"DE DE LIND - Io non so da dove vengo (green) -  (LP) | Guerssen\" \/>\n<script type=\"application\/ld+json\" class=\"yoast-schema-graph\">{\"@context\":\"https:\/\/schema.org\",\"@graph\":[{\"@type\":\"WebPage\",\"@id\":\"https:\/\/wpguerssen-test.odoo.rgbconsulting.com\/es\/producto\/io-non-so-da-dove-vengo-green\/\",\"url\":\"https:\/\/wpguerssen-test.odoo.rgbconsulting.com\/es\/producto\/io-non-so-da-dove-vengo-green\/\",\"name\":\"DE DE LIND - Io non so da dove vengo (green) - (LP) | Guerssen\",\"isPartOf\":{\"@id\":\"https:\/\/wpguerssen-test.odoo.rgbconsulting.com\/es\/#website\"},\"primaryImageOfPage\":{\"@id\":\"https:\/\/wpguerssen-test.odoo.rgbconsulting.com\/es\/producto\/io-non-so-da-dove-vengo-green\/#primaryimage\"},\"image\":{\"@id\":\"https:\/\/wpguerssen-test.odoo.rgbconsulting.com\/es\/producto\/io-non-so-da-dove-vengo-green\/#primaryimage\"},\"thumbnailUrl\":\"https:\/\/wpguerssen-test.odoo.rgbconsulting.com\/wp-content\/uploads\/2022\/03\/38771.jpg\",\"datePublished\":\"2025-03-02T23:00:00+00:00\",\"dateModified\":\"2025-04-23T15:17:45+00:00\",\"description\":\"Look for \\\"De De Lind\\\" on the internet and you will find mainly two results: those related to a Playboy magazine model very much in vogue in the '60s, and those concerning the eponymous Italian progressive rock meteor band. The long title of the album \\\"Io non so da dove vengo e non so dove mai andr\u00f2, uomo \u00e8 il nome che mi hanno dato\\\" (I do not know where I come from and where ever I'll go, Man is the name I've been given) already anticipates the philosophical\/existential lyrical content of the songs: seven tracks that develop between acoustic sensations and hard-rock guitar riffs for nearly forty minutes, culminating in the ending climax of the final track \\\"E poi\\\". #nl# A band that surely deserved more success at the time - their LP was released in 1973 - but that was largely ignored, apart from a modest, mostly negative review appeared on Ciao 2001 magazine. Only recently De De Lind and their only record have been re-evaluated, and they're now considered a fundamental piece in the Italian progressive scene. It takes just the first notes of the initial \\\"Fuga e morte\\\" to realize that we're in front of a great musical work. #nl# This edition is a faithful replica of the original LP in gatefold format.180gr. clear green vinyl.\",\"breadcrumb\":{\"@id\":\"https:\/\/wpguerssen-test.odoo.rgbconsulting.com\/es\/producto\/io-non-so-da-dove-vengo-green\/#breadcrumb\"},\"inLanguage\":\"es\",\"potentialAction\":[{\"@type\":\"ReadAction\",\"target\":[\"https:\/\/wpguerssen-test.odoo.rgbconsulting.com\/es\/producto\/io-non-so-da-dove-vengo-green\/\"]}]},{\"@type\":\"ImageObject\",\"inLanguage\":\"es\",\"@id\":\"https:\/\/wpguerssen-test.odoo.rgbconsulting.com\/es\/producto\/io-non-so-da-dove-vengo-green\/#primaryimage\",\"url\":\"https:\/\/wpguerssen-test.odoo.rgbconsulting.com\/wp-content\/uploads\/2022\/03\/38771.jpg\",\"contentUrl\":\"https:\/\/wpguerssen-test.odoo.rgbconsulting.com\/wp-content\/uploads\/2022\/03\/38771.jpg\",\"width\":650,\"height\":650,\"caption\":\"DE DE LIND - Io non so da dove vengo (green) - VINYL MAGIC (LP) | Guerssen\"},{\"@type\":\"BreadcrumbList\",\"@id\":\"https:\/\/wpguerssen-test.odoo.rgbconsulting.com\/es\/producto\/io-non-so-da-dove-vengo-green\/#breadcrumb\",\"itemListElement\":[{\"@type\":\"ListItem\",\"position\":1,\"name\":\"Inicio\",\"item\":\"https:\/\/wpguerssen-test.odoo.rgbconsulting.com\/es\/\"},{\"@type\":\"ListItem\",\"position\":2,\"name\":\"Shop\",\"item\":\"https:\/\/wpguerssen-test.odoo.rgbconsulting.com\/shop\/\"},{\"@type\":\"ListItem\",\"position\":3,\"name\":\"Io non so da dove vengo (green)\"}]},{\"@type\":\"WebSite\",\"@id\":\"https:\/\/wpguerssen-test.odoo.rgbconsulting.com\/es\/#website\",\"url\":\"https:\/\/wpguerssen-test.odoo.rgbconsulting.com\/es\/\",\"name\":\"Guerssen records\",\"description\":\"psychedelia - progressive - folk - garage \",\"publisher\":{\"@id\":\"https:\/\/wpguerssen-test.odoo.rgbconsulting.com\/es\/#organization\"},\"potentialAction\":[{\"@type\":\"SearchAction\",\"target\":{\"@type\":\"EntryPoint\",\"urlTemplate\":\"https:\/\/wpguerssen-test.odoo.rgbconsulting.com\/es\/?s={search_term_string}\"},\"query-input\":{\"@type\":\"PropertyValueSpecification\",\"valueRequired\":true,\"valueName\":\"search_term_string\"}}],\"inLanguage\":\"es\"},{\"@type\":\"Organization\",\"@id\":\"https:\/\/wpguerssen-test.odoo.rgbconsulting.com\/es\/#organization\",\"name\":\"Guerssen records\",\"url\":\"https:\/\/wpguerssen-test.odoo.rgbconsulting.com\/es\/\",\"logo\":{\"@type\":\"ImageObject\",\"inLanguage\":\"es\",\"@id\":\"https:\/\/wpguerssen-test.odoo.rgbconsulting.com\/es\/#\/schema\/logo\/image\/\",\"url\":\"https:\/\/wpguerssen-test.odoo.rgbconsulting.com\/wp-content\/uploads\/2022\/04\/Logo_Guerssen_trans_100.png\",\"contentUrl\":\"https:\/\/wpguerssen-test.odoo.rgbconsulting.com\/wp-content\/uploads\/2022\/04\/Logo_Guerssen_trans_100.png\",\"width\":122,\"height\":100,\"caption\":\"Guerssen records\"},\"image\":{\"@id\":\"https:\/\/wpguerssen-test.odoo.rgbconsulting.com\/es\/#\/schema\/logo\/image\/\"}}]}<\/script>\n<!-- \/ Yoast SEO plugin. -->","yoast_head_json":{"title":"DE DE LIND - Io non so da dove vengo (green) -  (LP) | Guerssen","description":"Look for \"De De Lind\" on the internet and you will find mainly two results: those related to a Playboy magazine model very much in vogue in the '60s, and those concerning the eponymous Italian progressive rock meteor band. The long title of the album \"Io non so da dove vengo e non so dove mai andr\u00f2, uomo \u00e8 il nome che mi hanno dato\" (I do not know where I come from and where ever I'll go, Man is the name I've been given) already anticipates the philosophical\/existential lyrical content of the songs: seven tracks that develop between acoustic sensations and hard-rock guitar riffs for nearly forty minutes, culminating in the ending climax of the final track \"E poi\". #nl# A band that surely deserved more success at the time - their LP was released in 1973 - but that was largely ignored, apart from a modest, mostly negative review appeared on Ciao 2001 magazine. Only recently De De Lind and their only record have been re-evaluated, and they're now considered a fundamental piece in the Italian progressive scene. It takes just the first notes of the initial \"Fuga e morte\" to realize that we're in front of a great musical work. #nl# This edition is a faithful replica of the original LP in gatefold format.180gr. clear green vinyl.","robots":{"index":"index","follow":"follow","max-snippet":"max-snippet:-1","max-image-preview":"max-image-preview:large","max-video-preview":"max-video-preview:-1"},"canonical":"https:\/\/wpguerssen-test.odoo.rgbconsulting.com\/es\/producto\/io-non-so-da-dove-vengo-green\/","og_locale":"es_ES","og_type":"article","og_title":"DE DE LIND - Io non so da dove vengo (green) -  (LP) | Guerssen","og_description":"Look for \"De De Lind\" on the internet and you will find mainly two results: those related to a Playboy magazine model very much in vogue in the '60s, and those concerning the eponymous Italian progressive rock meteor band. The long title of the album \"Io non so da dove vengo e non so dove mai andr\u00f2, uomo \u00e8 il nome che mi hanno dato\" (I do not know where I come from and where ever I'll go, Man is the name I've been given) already anticipates the philosophical\/existential lyrical content of the songs: seven tracks that develop between acoustic sensations and hard-rock guitar riffs for nearly forty minutes, culminating in the ending climax of the final track \"E poi\". #nl# A band that surely deserved more success at the time - their LP was released in 1973 - but that was largely ignored, apart from a modest, mostly negative review appeared on Ciao 2001 magazine. Only recently De De Lind and their only record have been re-evaluated, and they're now considered a fundamental piece in the Italian progressive scene. It takes just the first notes of the initial \"Fuga e morte\" to realize that we're in front of a great musical work. #nl# This edition is a faithful replica of the original LP in gatefold format.180gr. clear green vinyl.","og_url":"https:\/\/wpguerssen-test.odoo.rgbconsulting.com\/es\/producto\/io-non-so-da-dove-vengo-green\/","og_site_name":"Guerssen records","article_modified_time":"2025-04-23T15:17:45+00:00","og_image":[{"width":650,"height":650,"url":"https:\/\/wpguerssen-test.odoo.rgbconsulting.com\/wp-content\/uploads\/2022\/03\/38771.jpg","type":"image\/jpeg"}],"twitter_card":"summary_large_image","twitter_title":"DE DE LIND - Io non so da dove vengo (green) -  (LP) | Guerssen","schema":{"@context":"https:\/\/schema.org","@graph":[{"@type":"WebPage","@id":"https:\/\/wpguerssen-test.odoo.rgbconsulting.com\/es\/producto\/io-non-so-da-dove-vengo-green\/","url":"https:\/\/wpguerssen-test.odoo.rgbconsulting.com\/es\/producto\/io-non-so-da-dove-vengo-green\/","name":"DE DE LIND - Io non so da dove vengo (green) - (LP) | Guerssen","isPartOf":{"@id":"https:\/\/wpguerssen-test.odoo.rgbconsulting.com\/es\/#website"},"primaryImageOfPage":{"@id":"https:\/\/wpguerssen-test.odoo.rgbconsulting.com\/es\/producto\/io-non-so-da-dove-vengo-green\/#primaryimage"},"image":{"@id":"https:\/\/wpguerssen-test.odoo.rgbconsulting.com\/es\/producto\/io-non-so-da-dove-vengo-green\/#primaryimage"},"thumbnailUrl":"https:\/\/wpguerssen-test.odoo.rgbconsulting.com\/wp-content\/uploads\/2022\/03\/38771.jpg","datePublished":"2025-03-02T23:00:00+00:00","dateModified":"2025-04-23T15:17:45+00:00","description":"Look for \"De De Lind\" on the internet and you will find mainly two results: those related to a Playboy magazine model very much in vogue in the '60s, and those concerning the eponymous Italian progressive rock meteor band. The long title of the album \"Io non so da dove vengo e non so dove mai andr\u00f2, uomo \u00e8 il nome che mi hanno dato\" (I do not know where I come from and where ever I'll go, Man is the name I've been given) already anticipates the philosophical\/existential lyrical content of the songs: seven tracks that develop between acoustic sensations and hard-rock guitar riffs for nearly forty minutes, culminating in the ending climax of the final track \"E poi\". #nl# A band that surely deserved more success at the time - their LP was released in 1973 - but that was largely ignored, apart from a modest, mostly negative review appeared on Ciao 2001 magazine. Only recently De De Lind and their only record have been re-evaluated, and they're now considered a fundamental piece in the Italian progressive scene. It takes just the first notes of the initial \"Fuga e morte\" to realize that we're in front of a great musical work. #nl# This edition is a faithful replica of the original LP in gatefold format.180gr. clear green vinyl.","breadcrumb":{"@id":"https:\/\/wpguerssen-test.odoo.rgbconsulting.com\/es\/producto\/io-non-so-da-dove-vengo-green\/#breadcrumb"},"inLanguage":"es","potentialAction":[{"@type":"ReadAction","target":["https:\/\/wpguerssen-test.odoo.rgbconsulting.com\/es\/producto\/io-non-so-da-dove-vengo-green\/"]}]},{"@type":"ImageObject","inLanguage":"es","@id":"https:\/\/wpguerssen-test.odoo.rgbconsulting.com\/es\/producto\/io-non-so-da-dove-vengo-green\/#primaryimage","url":"https:\/\/wpguerssen-test.odoo.rgbconsulting.com\/wp-content\/uploads\/2022\/03\/38771.jpg","contentUrl":"https:\/\/wpguerssen-test.odoo.rgbconsulting.com\/wp-content\/uploads\/2022\/03\/38771.jpg","width":650,"height":650,"caption":"DE DE LIND - Io non so da dove vengo (green) - VINYL MAGIC (LP) | Guerssen"},{"@type":"BreadcrumbList","@id":"https:\/\/wpguerssen-test.odoo.rgbconsulting.com\/es\/producto\/io-non-so-da-dove-vengo-green\/#breadcrumb","itemListElement":[{"@type":"ListItem","position":1,"name":"Inicio","item":"https:\/\/wpguerssen-test.odoo.rgbconsulting.com\/es\/"},{"@type":"ListItem","position":2,"name":"Shop","item":"https:\/\/wpguerssen-test.odoo.rgbconsulting.com\/shop\/"},{"@type":"ListItem","position":3,"name":"Io non so da dove vengo (green)"}]},{"@type":"WebSite","@id":"https:\/\/wpguerssen-test.odoo.rgbconsulting.com\/es\/#website","url":"https:\/\/wpguerssen-test.odoo.rgbconsulting.com\/es\/","name":"Guerssen records","description":"psychedelia - progressive - folk - garage ","publisher":{"@id":"https:\/\/wpguerssen-test.odoo.rgbconsulting.com\/es\/#organization"},"potentialAction":[{"@type":"SearchAction","target":{"@type":"EntryPoint","urlTemplate":"https:\/\/wpguerssen-test.odoo.rgbconsulting.com\/es\/?s={search_term_string}"},"query-input":{"@type":"PropertyValueSpecification","valueRequired":true,"valueName":"search_term_string"}}],"inLanguage":"es"},{"@type":"Organization","@id":"https:\/\/wpguerssen-test.odoo.rgbconsulting.com\/es\/#organization","name":"Guerssen records","url":"https:\/\/wpguerssen-test.odoo.rgbconsulting.com\/es\/","logo":{"@type":"ImageObject","inLanguage":"es","@id":"https:\/\/wpguerssen-test.odoo.rgbconsulting.com\/es\/#\/schema\/logo\/image\/","url":"https:\/\/wpguerssen-test.odoo.rgbconsulting.com\/wp-content\/uploads\/2022\/04\/Logo_Guerssen_trans_100.png","contentUrl":"https:\/\/wpguerssen-test.odoo.rgbconsulting.com\/wp-content\/uploads\/2022\/04\/Logo_Guerssen_trans_100.png","width":122,"height":100,"caption":"Guerssen records"},"image":{"@id":"https:\/\/wpguerssen-test.odoo.rgbconsulting.com\/es\/#\/schema\/logo\/image\/"}}]}},"_links":{"self":[{"href":"https:\/\/wpguerssen-test.odoo.rgbconsulting.com\/es\/wp-json\/wp\/v2\/product\/208724","targetHints":{"allow":["GET"]}}],"collection":[{"href":"https:\/\/wpguerssen-test.odoo.rgbconsulting.com\/es\/wp-json\/wp\/v2\/product"}],"about":[{"href":"https:\/\/wpguerssen-test.odoo.rgbconsulting.com\/es\/wp-json\/wp\/v2\/types\/product"}],"wp:featuredmedia":[{"embeddable":true,"href":"https:\/\/wpguerssen-test.odoo.rgbconsulting.com\/es\/wp-json\/wp\/v2\/media\/128928"}],"wp:attachment":[{"href":"https:\/\/wpguerssen-test.odoo.rgbconsulting.com\/es\/wp-json\/wp\/v2\/media?parent=208724"}],"wp:term":[{"taxonomy":"product_brand","embeddable":true,"href":"https:\/\/wpguerssen-test.odoo.rgbconsulting.com\/es\/wp-json\/wp\/v2\/product_brand?post=208724"},{"taxonomy":"product_cat","embeddable":true,"href":"https:\/\/wpguerssen-test.odoo.rgbconsulting.com\/es\/wp-json\/wp\/v2\/product_cat?post=208724"},{"taxonomy":"product_tag","embeddable":true,"href":"https:\/\/wpguerssen-test.odoo.rgbconsulting.com\/es\/wp-json\/wp\/v2\/product_tag?post=208724"}],"curies":[{"name":"wp","href":"https:\/\/api.w.org\/{rel}","templated":true}]}}