{"id":208856,"date":"2025-02-28T00:00:00","date_gmt":"2025-02-27T23:00:00","guid":{"rendered":"http:\/\/guerssen.hl1097.dinaserver.com\/product\/nino-solitario-rock-para-janis-7\/"},"modified":"2025-04-22T15:49:20","modified_gmt":"2025-04-22T13:49:20","slug":"nino-solitario-rock-para-janis-7","status":"publish","type":"product","link":"https:\/\/wpguerssen-test.odoo.rgbconsulting.com\/es\/producto\/nino-solitario-rock-para-janis-7\/","title":{"rendered":"Ni\u00f1o Solitario \/ Rock Para Janis (7&#8243;)"},"content":{"rendered":"<p>Junto con El Reloj, Cadenas fueron uno de los primeros grupos de hard rock \/ proto metal de Argentina, formados en 1969. Originarios Rosario, actuaron junto a grupos como Pappo&#8217;s Blues o Pescado Rabioso y fueron parte del famoso festival B.A. Rock de 1972. Este es su \u00fanico single, editado en 1973. TREMENDO hard-rock con dura voz, secci\u00f3n r\u00edtmica y guitarras.<\/p>\n","protected":false},"excerpt":{"rendered":"<p>Junto con El Reloj, Cadenas fueron uno de los primeros grupos de hard rock \/ proto metal de Argentina, formados en 1969. Originarios Rosario, actuaron junto a grupos<a class=\"read\" href=\"https:\/\/wpguerssen-test.odoo.rgbconsulting.com\/es\/producto\/nino-solitario-rock-para-janis-7\/\"> (...)<\/a>","protected":false},"featured_media":129123,"template":"","meta":{"_acf_changed":false},"product_brand":[],"product_cat":[23224,23233],"product_tag":[24185,24190],"class_list":{"0":"post-208856","1":"product","2":"type-product","3":"status-publish","4":"has-post-thumbnail","6":"product_cat-hard-rock-60s-70s-es","7":"product_cat-metal-es","8":"product_tag-de-nuevo-en-existencia","9":"product_tag-sales-es","10":"pa_artist-cadenas","11":"pa_format-7-es","12":"pa_gender-hard-rock-60s-70s-metal","13":"pa_label-yunque-records","14":"pa_location-south-america-caribbean-es","15":"pa_other-filters-vinyl-only-es","17":"first","18":"instock","19":"taxable","20":"shipping-taxable","21":"purchasable","22":"product-type-simple"},"acf":[],"yoast_head":"<!-- This site is optimized with the Yoast SEO plugin v24.9 - https:\/\/yoast.com\/wordpress\/plugins\/seo\/ -->\n<title>CADENAS - Ni\u00f1o Solitario \/ Rock Para Janis (7&quot;) -  (7&quot;) | Guerssen<\/title>\n<meta name=\"description\" content=\"Cadenas was one of the first Heavy Rock bands in Argentina back in 1969, along with El Reloj. This band from Rosario played live with such bands as Pappo&#039;s Blues or Pescado Rabioso and also was part of B. A. Rock Festival&#039;s lineup in 1972. Ni\u00f1o Solitario\/Rock para Janis is the only recording they left us, now reissued for the very first time. This two devastating songs perfectly shows the power of Argentine Heavy Rock in early 70s, with a spectacular voice and an overwhelming rhythm section. The recording was done in the famous ION studios in Buenos Aires back in 1973, in just one take with later added voices, and collects all the power that the band transmitted playing live. A piece of argentine rock history finally reissued that no Heavy Rock lover will want to miss.\" \/>\n<meta name=\"robots\" content=\"index, follow, max-snippet:-1, max-image-preview:large, max-video-preview:-1\" \/>\n<link rel=\"canonical\" href=\"https:\/\/wpguerssen-test.odoo.rgbconsulting.com\/es\/producto\/nino-solitario-rock-para-janis-7\/\" \/>\n<meta property=\"og:locale\" content=\"es_ES\" \/>\n<meta property=\"og:type\" content=\"article\" \/>\n<meta property=\"og:title\" content=\"CADENAS - Ni\u00f1o Solitario \/ Rock Para Janis (7&quot;) -  (7&quot;) | Guerssen\" \/>\n<meta property=\"og:description\" content=\"Cadenas was one of the first Heavy Rock bands in Argentina back in 1969, along with El Reloj. This band from Rosario played live with such bands as Pappo&#039;s Blues or Pescado Rabioso and also was part of B. A. Rock Festival&#039;s lineup in 1972. Ni\u00f1o Solitario\/Rock para Janis is the only recording they left us, now reissued for the very first time. This two devastating songs perfectly shows the power of Argentine Heavy Rock in early 70s, with a spectacular voice and an overwhelming rhythm section. The recording was done in the famous ION studios in Buenos Aires back in 1973, in just one take with later added voices, and collects all the power that the band transmitted playing live. A piece of argentine rock history finally reissued that no Heavy Rock lover will want to miss.\" \/>\n<meta property=\"og:url\" content=\"https:\/\/wpguerssen-test.odoo.rgbconsulting.com\/es\/producto\/nino-solitario-rock-para-janis-7\/\" \/>\n<meta property=\"og:site_name\" content=\"Guerssen records\" \/>\n<meta property=\"article:modified_time\" content=\"2025-04-22T13:49:20+00:00\" \/>\n<meta property=\"og:image\" content=\"https:\/\/wpguerssen-test.odoo.rgbconsulting.com\/wp-content\/uploads\/2022\/03\/38947.jpg\" \/>\n\t<meta property=\"og:image:width\" content=\"302\" \/>\n\t<meta property=\"og:image:height\" content=\"302\" \/>\n\t<meta property=\"og:image:type\" content=\"image\/jpeg\" \/>\n<meta name=\"twitter:card\" content=\"summary_large_image\" \/>\n<meta name=\"twitter:title\" content=\"CADENAS - Ni\u00f1o Solitario \/ Rock Para Janis (7&quot;) -  (7&quot;) | Guerssen\" \/>\n<script type=\"application\/ld+json\" class=\"yoast-schema-graph\">{\"@context\":\"https:\/\/schema.org\",\"@graph\":[{\"@type\":\"WebPage\",\"@id\":\"https:\/\/wpguerssen-test.odoo.rgbconsulting.com\/es\/producto\/nino-solitario-rock-para-janis-7\/\",\"url\":\"https:\/\/wpguerssen-test.odoo.rgbconsulting.com\/es\/producto\/nino-solitario-rock-para-janis-7\/\",\"name\":\"CADENAS - Ni\u00f1o Solitario \/ Rock Para Janis (7\\\") - (7\\\") | Guerssen\",\"isPartOf\":{\"@id\":\"https:\/\/wpguerssen-test.odoo.rgbconsulting.com\/es\/#website\"},\"primaryImageOfPage\":{\"@id\":\"https:\/\/wpguerssen-test.odoo.rgbconsulting.com\/es\/producto\/nino-solitario-rock-para-janis-7\/#primaryimage\"},\"image\":{\"@id\":\"https:\/\/wpguerssen-test.odoo.rgbconsulting.com\/es\/producto\/nino-solitario-rock-para-janis-7\/#primaryimage\"},\"thumbnailUrl\":\"https:\/\/wpguerssen-test.odoo.rgbconsulting.com\/wp-content\/uploads\/2022\/03\/38947.jpg\",\"datePublished\":\"2025-02-27T23:00:00+00:00\",\"dateModified\":\"2025-04-22T13:49:20+00:00\",\"description\":\"Cadenas was one of the first Heavy Rock bands in Argentina back in 1969, along with El Reloj. This band from Rosario played live with such bands as Pappo's Blues or Pescado Rabioso and also was part of B. A. Rock Festival's lineup in 1972. Ni\u00f1o Solitario\/Rock para Janis is the only recording they left us, now reissued for the very first time. This two devastating songs perfectly shows the power of Argentine Heavy Rock in early 70s, with a spectacular voice and an overwhelming rhythm section. The recording was done in the famous ION studios in Buenos Aires back in 1973, in just one take with later added voices, and collects all the power that the band transmitted playing live. A piece of argentine rock history finally reissued that no Heavy Rock lover will want to miss.\",\"breadcrumb\":{\"@id\":\"https:\/\/wpguerssen-test.odoo.rgbconsulting.com\/es\/producto\/nino-solitario-rock-para-janis-7\/#breadcrumb\"},\"inLanguage\":\"es\",\"potentialAction\":[{\"@type\":\"ReadAction\",\"target\":[\"https:\/\/wpguerssen-test.odoo.rgbconsulting.com\/es\/producto\/nino-solitario-rock-para-janis-7\/\"]}]},{\"@type\":\"ImageObject\",\"inLanguage\":\"es\",\"@id\":\"https:\/\/wpguerssen-test.odoo.rgbconsulting.com\/es\/producto\/nino-solitario-rock-para-janis-7\/#primaryimage\",\"url\":\"https:\/\/wpguerssen-test.odoo.rgbconsulting.com\/wp-content\/uploads\/2022\/03\/38947.jpg\",\"contentUrl\":\"https:\/\/wpguerssen-test.odoo.rgbconsulting.com\/wp-content\/uploads\/2022\/03\/38947.jpg\",\"width\":302,\"height\":302,\"caption\":\"CADENAS - Ni\u00f1o Solitario \/ Rock Para Janis (7\\\") - YUNQUE RECORDS (7\\\") | Guerssen\"},{\"@type\":\"BreadcrumbList\",\"@id\":\"https:\/\/wpguerssen-test.odoo.rgbconsulting.com\/es\/producto\/nino-solitario-rock-para-janis-7\/#breadcrumb\",\"itemListElement\":[{\"@type\":\"ListItem\",\"position\":1,\"name\":\"Inicio\",\"item\":\"https:\/\/wpguerssen-test.odoo.rgbconsulting.com\/es\/\"},{\"@type\":\"ListItem\",\"position\":2,\"name\":\"Shop\",\"item\":\"https:\/\/wpguerssen-test.odoo.rgbconsulting.com\/shop\/\"},{\"@type\":\"ListItem\",\"position\":3,\"name\":\"Ni\u00f1o Solitario \/ Rock Para Janis (7&#8243;)\"}]},{\"@type\":\"WebSite\",\"@id\":\"https:\/\/wpguerssen-test.odoo.rgbconsulting.com\/es\/#website\",\"url\":\"https:\/\/wpguerssen-test.odoo.rgbconsulting.com\/es\/\",\"name\":\"Guerssen records\",\"description\":\"psychedelia - progressive - folk - garage \",\"publisher\":{\"@id\":\"https:\/\/wpguerssen-test.odoo.rgbconsulting.com\/es\/#organization\"},\"potentialAction\":[{\"@type\":\"SearchAction\",\"target\":{\"@type\":\"EntryPoint\",\"urlTemplate\":\"https:\/\/wpguerssen-test.odoo.rgbconsulting.com\/es\/?s={search_term_string}\"},\"query-input\":{\"@type\":\"PropertyValueSpecification\",\"valueRequired\":true,\"valueName\":\"search_term_string\"}}],\"inLanguage\":\"es\"},{\"@type\":\"Organization\",\"@id\":\"https:\/\/wpguerssen-test.odoo.rgbconsulting.com\/es\/#organization\",\"name\":\"Guerssen records\",\"url\":\"https:\/\/wpguerssen-test.odoo.rgbconsulting.com\/es\/\",\"logo\":{\"@type\":\"ImageObject\",\"inLanguage\":\"es\",\"@id\":\"https:\/\/wpguerssen-test.odoo.rgbconsulting.com\/es\/#\/schema\/logo\/image\/\",\"url\":\"https:\/\/wpguerssen-test.odoo.rgbconsulting.com\/wp-content\/uploads\/2022\/04\/Logo_Guerssen_trans_100.png\",\"contentUrl\":\"https:\/\/wpguerssen-test.odoo.rgbconsulting.com\/wp-content\/uploads\/2022\/04\/Logo_Guerssen_trans_100.png\",\"width\":122,\"height\":100,\"caption\":\"Guerssen records\"},\"image\":{\"@id\":\"https:\/\/wpguerssen-test.odoo.rgbconsulting.com\/es\/#\/schema\/logo\/image\/\"}}]}<\/script>\n<!-- \/ Yoast SEO plugin. -->","yoast_head_json":{"title":"CADENAS - Ni\u00f1o Solitario \/ Rock Para Janis (7\") -  (7\") | Guerssen","description":"Cadenas was one of the first Heavy Rock bands in Argentina back in 1969, along with El Reloj. This band from Rosario played live with such bands as Pappo's Blues or Pescado Rabioso and also was part of B. A. Rock Festival's lineup in 1972. Ni\u00f1o Solitario\/Rock para Janis is the only recording they left us, now reissued for the very first time. This two devastating songs perfectly shows the power of Argentine Heavy Rock in early 70s, with a spectacular voice and an overwhelming rhythm section. The recording was done in the famous ION studios in Buenos Aires back in 1973, in just one take with later added voices, and collects all the power that the band transmitted playing live. A piece of argentine rock history finally reissued that no Heavy Rock lover will want to miss.","robots":{"index":"index","follow":"follow","max-snippet":"max-snippet:-1","max-image-preview":"max-image-preview:large","max-video-preview":"max-video-preview:-1"},"canonical":"https:\/\/wpguerssen-test.odoo.rgbconsulting.com\/es\/producto\/nino-solitario-rock-para-janis-7\/","og_locale":"es_ES","og_type":"article","og_title":"CADENAS - Ni\u00f1o Solitario \/ Rock Para Janis (7\") -  (7\") | Guerssen","og_description":"Cadenas was one of the first Heavy Rock bands in Argentina back in 1969, along with El Reloj. This band from Rosario played live with such bands as Pappo's Blues or Pescado Rabioso and also was part of B. A. Rock Festival's lineup in 1972. Ni\u00f1o Solitario\/Rock para Janis is the only recording they left us, now reissued for the very first time. This two devastating songs perfectly shows the power of Argentine Heavy Rock in early 70s, with a spectacular voice and an overwhelming rhythm section. The recording was done in the famous ION studios in Buenos Aires back in 1973, in just one take with later added voices, and collects all the power that the band transmitted playing live. A piece of argentine rock history finally reissued that no Heavy Rock lover will want to miss.","og_url":"https:\/\/wpguerssen-test.odoo.rgbconsulting.com\/es\/producto\/nino-solitario-rock-para-janis-7\/","og_site_name":"Guerssen records","article_modified_time":"2025-04-22T13:49:20+00:00","og_image":[{"width":302,"height":302,"url":"https:\/\/wpguerssen-test.odoo.rgbconsulting.com\/wp-content\/uploads\/2022\/03\/38947.jpg","type":"image\/jpeg"}],"twitter_card":"summary_large_image","twitter_title":"CADENAS - Ni\u00f1o Solitario \/ Rock Para Janis (7\") -  (7\") | Guerssen","schema":{"@context":"https:\/\/schema.org","@graph":[{"@type":"WebPage","@id":"https:\/\/wpguerssen-test.odoo.rgbconsulting.com\/es\/producto\/nino-solitario-rock-para-janis-7\/","url":"https:\/\/wpguerssen-test.odoo.rgbconsulting.com\/es\/producto\/nino-solitario-rock-para-janis-7\/","name":"CADENAS - Ni\u00f1o Solitario \/ Rock Para Janis (7\") - (7\") | Guerssen","isPartOf":{"@id":"https:\/\/wpguerssen-test.odoo.rgbconsulting.com\/es\/#website"},"primaryImageOfPage":{"@id":"https:\/\/wpguerssen-test.odoo.rgbconsulting.com\/es\/producto\/nino-solitario-rock-para-janis-7\/#primaryimage"},"image":{"@id":"https:\/\/wpguerssen-test.odoo.rgbconsulting.com\/es\/producto\/nino-solitario-rock-para-janis-7\/#primaryimage"},"thumbnailUrl":"https:\/\/wpguerssen-test.odoo.rgbconsulting.com\/wp-content\/uploads\/2022\/03\/38947.jpg","datePublished":"2025-02-27T23:00:00+00:00","dateModified":"2025-04-22T13:49:20+00:00","description":"Cadenas was one of the first Heavy Rock bands in Argentina back in 1969, along with El Reloj. This band from Rosario played live with such bands as Pappo's Blues or Pescado Rabioso and also was part of B. A. Rock Festival's lineup in 1972. Ni\u00f1o Solitario\/Rock para Janis is the only recording they left us, now reissued for the very first time. This two devastating songs perfectly shows the power of Argentine Heavy Rock in early 70s, with a spectacular voice and an overwhelming rhythm section. The recording was done in the famous ION studios in Buenos Aires back in 1973, in just one take with later added voices, and collects all the power that the band transmitted playing live. A piece of argentine rock history finally reissued that no Heavy Rock lover will want to miss.","breadcrumb":{"@id":"https:\/\/wpguerssen-test.odoo.rgbconsulting.com\/es\/producto\/nino-solitario-rock-para-janis-7\/#breadcrumb"},"inLanguage":"es","potentialAction":[{"@type":"ReadAction","target":["https:\/\/wpguerssen-test.odoo.rgbconsulting.com\/es\/producto\/nino-solitario-rock-para-janis-7\/"]}]},{"@type":"ImageObject","inLanguage":"es","@id":"https:\/\/wpguerssen-test.odoo.rgbconsulting.com\/es\/producto\/nino-solitario-rock-para-janis-7\/#primaryimage","url":"https:\/\/wpguerssen-test.odoo.rgbconsulting.com\/wp-content\/uploads\/2022\/03\/38947.jpg","contentUrl":"https:\/\/wpguerssen-test.odoo.rgbconsulting.com\/wp-content\/uploads\/2022\/03\/38947.jpg","width":302,"height":302,"caption":"CADENAS - Ni\u00f1o Solitario \/ Rock Para Janis (7\") - YUNQUE RECORDS (7\") | Guerssen"},{"@type":"BreadcrumbList","@id":"https:\/\/wpguerssen-test.odoo.rgbconsulting.com\/es\/producto\/nino-solitario-rock-para-janis-7\/#breadcrumb","itemListElement":[{"@type":"ListItem","position":1,"name":"Inicio","item":"https:\/\/wpguerssen-test.odoo.rgbconsulting.com\/es\/"},{"@type":"ListItem","position":2,"name":"Shop","item":"https:\/\/wpguerssen-test.odoo.rgbconsulting.com\/shop\/"},{"@type":"ListItem","position":3,"name":"Ni\u00f1o Solitario \/ Rock Para Janis (7&#8243;)"}]},{"@type":"WebSite","@id":"https:\/\/wpguerssen-test.odoo.rgbconsulting.com\/es\/#website","url":"https:\/\/wpguerssen-test.odoo.rgbconsulting.com\/es\/","name":"Guerssen records","description":"psychedelia - progressive - folk - garage ","publisher":{"@id":"https:\/\/wpguerssen-test.odoo.rgbconsulting.com\/es\/#organization"},"potentialAction":[{"@type":"SearchAction","target":{"@type":"EntryPoint","urlTemplate":"https:\/\/wpguerssen-test.odoo.rgbconsulting.com\/es\/?s={search_term_string}"},"query-input":{"@type":"PropertyValueSpecification","valueRequired":true,"valueName":"search_term_string"}}],"inLanguage":"es"},{"@type":"Organization","@id":"https:\/\/wpguerssen-test.odoo.rgbconsulting.com\/es\/#organization","name":"Guerssen records","url":"https:\/\/wpguerssen-test.odoo.rgbconsulting.com\/es\/","logo":{"@type":"ImageObject","inLanguage":"es","@id":"https:\/\/wpguerssen-test.odoo.rgbconsulting.com\/es\/#\/schema\/logo\/image\/","url":"https:\/\/wpguerssen-test.odoo.rgbconsulting.com\/wp-content\/uploads\/2022\/04\/Logo_Guerssen_trans_100.png","contentUrl":"https:\/\/wpguerssen-test.odoo.rgbconsulting.com\/wp-content\/uploads\/2022\/04\/Logo_Guerssen_trans_100.png","width":122,"height":100,"caption":"Guerssen records"},"image":{"@id":"https:\/\/wpguerssen-test.odoo.rgbconsulting.com\/es\/#\/schema\/logo\/image\/"}}]}},"_links":{"self":[{"href":"https:\/\/wpguerssen-test.odoo.rgbconsulting.com\/es\/wp-json\/wp\/v2\/product\/208856","targetHints":{"allow":["GET"]}}],"collection":[{"href":"https:\/\/wpguerssen-test.odoo.rgbconsulting.com\/es\/wp-json\/wp\/v2\/product"}],"about":[{"href":"https:\/\/wpguerssen-test.odoo.rgbconsulting.com\/es\/wp-json\/wp\/v2\/types\/product"}],"wp:featuredmedia":[{"embeddable":true,"href":"https:\/\/wpguerssen-test.odoo.rgbconsulting.com\/es\/wp-json\/wp\/v2\/media\/129123"}],"wp:attachment":[{"href":"https:\/\/wpguerssen-test.odoo.rgbconsulting.com\/es\/wp-json\/wp\/v2\/media?parent=208856"}],"wp:term":[{"taxonomy":"product_brand","embeddable":true,"href":"https:\/\/wpguerssen-test.odoo.rgbconsulting.com\/es\/wp-json\/wp\/v2\/product_brand?post=208856"},{"taxonomy":"product_cat","embeddable":true,"href":"https:\/\/wpguerssen-test.odoo.rgbconsulting.com\/es\/wp-json\/wp\/v2\/product_cat?post=208856"},{"taxonomy":"product_tag","embeddable":true,"href":"https:\/\/wpguerssen-test.odoo.rgbconsulting.com\/es\/wp-json\/wp\/v2\/product_tag?post=208856"}],"curies":[{"name":"wp","href":"https:\/\/api.w.org\/{rel}","templated":true}]}}