{"id":208984,"date":"2024-03-28T00:00:00","date_gmt":"2024-03-27T23:00:00","guid":{"rendered":"http:\/\/guerssen.hl1097.dinaserver.com\/product\/de-las-colonias-del-rio-de-la-plata\/"},"modified":"2024-04-22T16:59:54","modified_gmt":"2024-04-22T14:59:54","slug":"de-las-colonias-del-rio-de-la-plata","status":"publish","type":"product","link":"https:\/\/wpguerssen-test.odoo.rgbconsulting.com\/es\/producto\/de-las-colonias-del-rio-de-la-plata\/","title":{"rendered":"De Las Colonias Del R\u00edo De La Plata"},"content":{"rendered":"<p>Reedici\u00f3n oficial de una de las joyas del jazz sudamericano, originalmente publicado en Argentina en 1976. Sonido de m\u00e1sters y libreto de 12 p\u00e1ginas con notas y fotos. Viejas Ra\u00edces fue un tr\u00edo compuesto por Jorge L\u00f3pez Ruiz, Pocho Lapouble y Mat\u00edas Pizarro, que juntos crearon una excitante mezcla de jazz, candombe y sonidos cinem\u00e1ticos.<\/p>\n","protected":false},"excerpt":{"rendered":"<p>Reedici\u00f3n oficial de una de las joyas del jazz sudamericano, originalmente publicado en Argentina en 1976. Sonido de m\u00e1sters y libreto de 12 p\u00e1ginas con notas y<a class=\"read\" href=\"https:\/\/wpguerssen-test.odoo.rgbconsulting.com\/es\/producto\/de-las-colonias-del-rio-de-la-plata\/\"> (...)<\/a>","protected":false},"featured_media":129346,"template":"","meta":{"_acf_changed":false},"product_brand":[],"product_cat":[23227],"product_tag":[24185],"class_list":{"0":"post-208984","1":"product","2":"type-product","3":"status-publish","4":"has-post-thumbnail","6":"product_cat-jazz-es","7":"product_tag-de-nuevo-en-existencia","8":"pa_artist-viejas-raices","9":"pa_format-lp-es","10":"pa_gender-jazz","11":"pa_label-altercat","12":"pa_location-south-america-caribbean-es","13":"pa_other-filters-vinyl-only-es","15":"first","16":"instock","17":"taxable","18":"shipping-taxable","19":"purchasable","20":"product-type-simple"},"acf":[],"yoast_head":"<!-- This site is optimized with the Yoast SEO plugin v24.9 - https:\/\/yoast.com\/wordpress\/plugins\/seo\/ -->\n<title>VIEJAS RA\u00cdCES - De Las Colonias Del R\u00edo De La Plata -  (LP) | Guerssen<\/title>\n<meta name=\"description\" content=\"* Official reissue of one of the crown jewels of South American jazz, originally released in 1976 in Argentina.* Sound sourced from the original master tapes.* 12-page booklet with bilingual liner notes by Argentine music journalist Claudio Parisi, with previously unseen pictures. #nl# Altercat proudly presents the definitive reissue of one of the crown jewels of South American jazz. Essentially the brainchild of Argentinian jazz&#039;s leading figure Jorge L\u00f3pez Ruiz, the project Viejas Ra\u00edces marked Lopez Ruiz&#039;s departure from the traditional forms of jazz. The trio that recorded this album, consisting of L\u00f3pez Ruiz joined by his life-long friend drummer Pocho Lapouble and gifted Chilean pianist Mat\u00edas Pizarro, created a thrilling blend of jazz and Uruguayan candombe, surrounded by an undeniable cinematic feel spurred by L\u00f3pez Ruiz&#039;s long experience in the soundtrack field. When read as one element, the cleverly chosen combination of group name and album title (in English: &#039;Old Roots of the Colonies of the River Plate&#039;) readily hints at the kind of sounds the listener will be challenged with when diving into this LP. #nl# Recorded in 1976 in the wake of the &quot;Proceso de Reorganizaci\u00f3n Nacional&quot;, the bloodiest period of dictatorship in Argentina, the album was initially frowned upon by critics and public alike, both still firmly rooted in jazz traditionalism and obviously not ready for the new ideas that musicians like L\u00f3pez Ruiz were experimenting with. Despite being a commercial flop upon its release, the album has been enjoying a growing reputation over the last two decades, acclaimed by jazz enthusiasts who value it from a different historical perspective and embrace its experimentation during this revolutionary period of change.Fourty-five years after its release, the album receives the Altercat treatment with a much deserved deluxe reissue, with sound direct from the master tapes and an accompanying 12-page booklet with previously unpublished pictures and bilingual liner notes telling everything you ever wanted to know about the album and those who made it possible.\" \/>\n<meta name=\"robots\" content=\"index, follow, max-snippet:-1, max-image-preview:large, max-video-preview:-1\" \/>\n<link rel=\"canonical\" href=\"https:\/\/wpguerssen-test.odoo.rgbconsulting.com\/es\/producto\/de-las-colonias-del-rio-de-la-plata\/\" \/>\n<meta property=\"og:locale\" content=\"es_ES\" \/>\n<meta property=\"og:type\" content=\"article\" \/>\n<meta property=\"og:title\" content=\"VIEJAS RA\u00cdCES - De Las Colonias Del R\u00edo De La Plata -  (LP) | Guerssen\" \/>\n<meta property=\"og:description\" content=\"* Official reissue of one of the crown jewels of South American jazz, originally released in 1976 in Argentina.* Sound sourced from the original master tapes.* 12-page booklet with bilingual liner notes by Argentine music journalist Claudio Parisi, with previously unseen pictures. #nl# Altercat proudly presents the definitive reissue of one of the crown jewels of South American jazz. Essentially the brainchild of Argentinian jazz&#039;s leading figure Jorge L\u00f3pez Ruiz, the project Viejas Ra\u00edces marked Lopez Ruiz&#039;s departure from the traditional forms of jazz. The trio that recorded this album, consisting of L\u00f3pez Ruiz joined by his life-long friend drummer Pocho Lapouble and gifted Chilean pianist Mat\u00edas Pizarro, created a thrilling blend of jazz and Uruguayan candombe, surrounded by an undeniable cinematic feel spurred by L\u00f3pez Ruiz&#039;s long experience in the soundtrack field. When read as one element, the cleverly chosen combination of group name and album title (in English: &#039;Old Roots of the Colonies of the River Plate&#039;) readily hints at the kind of sounds the listener will be challenged with when diving into this LP. #nl# Recorded in 1976 in the wake of the &quot;Proceso de Reorganizaci\u00f3n Nacional&quot;, the bloodiest period of dictatorship in Argentina, the album was initially frowned upon by critics and public alike, both still firmly rooted in jazz traditionalism and obviously not ready for the new ideas that musicians like L\u00f3pez Ruiz were experimenting with. Despite being a commercial flop upon its release, the album has been enjoying a growing reputation over the last two decades, acclaimed by jazz enthusiasts who value it from a different historical perspective and embrace its experimentation during this revolutionary period of change.Fourty-five years after its release, the album receives the Altercat treatment with a much deserved deluxe reissue, with sound direct from the master tapes and an accompanying 12-page booklet with previously unpublished pictures and bilingual liner notes telling everything you ever wanted to know about the album and those who made it possible.\" \/>\n<meta property=\"og:url\" content=\"https:\/\/wpguerssen-test.odoo.rgbconsulting.com\/es\/producto\/de-las-colonias-del-rio-de-la-plata\/\" \/>\n<meta property=\"og:site_name\" content=\"Guerssen records\" \/>\n<meta property=\"article:modified_time\" content=\"2024-04-22T14:59:54+00:00\" \/>\n<meta property=\"og:image\" content=\"https:\/\/wpguerssen-test.odoo.rgbconsulting.com\/wp-content\/uploads\/2022\/03\/39138.jpg\" \/>\n\t<meta property=\"og:image:width\" content=\"302\" \/>\n\t<meta property=\"og:image:height\" content=\"302\" \/>\n\t<meta property=\"og:image:type\" content=\"image\/jpeg\" \/>\n<meta name=\"twitter:card\" content=\"summary_large_image\" \/>\n<meta name=\"twitter:title\" content=\"VIEJAS RA\u00cdCES - De Las Colonias Del R\u00edo De La Plata -  (LP) | Guerssen\" \/>\n<script type=\"application\/ld+json\" class=\"yoast-schema-graph\">{\"@context\":\"https:\/\/schema.org\",\"@graph\":[{\"@type\":\"WebPage\",\"@id\":\"https:\/\/wpguerssen-test.odoo.rgbconsulting.com\/es\/producto\/de-las-colonias-del-rio-de-la-plata\/\",\"url\":\"https:\/\/wpguerssen-test.odoo.rgbconsulting.com\/es\/producto\/de-las-colonias-del-rio-de-la-plata\/\",\"name\":\"VIEJAS RA\u00cdCES - De Las Colonias Del R\u00edo De La Plata - (LP) | Guerssen\",\"isPartOf\":{\"@id\":\"https:\/\/wpguerssen-test.odoo.rgbconsulting.com\/es\/#website\"},\"primaryImageOfPage\":{\"@id\":\"https:\/\/wpguerssen-test.odoo.rgbconsulting.com\/es\/producto\/de-las-colonias-del-rio-de-la-plata\/#primaryimage\"},\"image\":{\"@id\":\"https:\/\/wpguerssen-test.odoo.rgbconsulting.com\/es\/producto\/de-las-colonias-del-rio-de-la-plata\/#primaryimage\"},\"thumbnailUrl\":\"https:\/\/wpguerssen-test.odoo.rgbconsulting.com\/wp-content\/uploads\/2022\/03\/39138.jpg\",\"datePublished\":\"2024-03-27T23:00:00+00:00\",\"dateModified\":\"2024-04-22T14:59:54+00:00\",\"description\":\"* Official reissue of one of the crown jewels of South American jazz, originally released in 1976 in Argentina.* Sound sourced from the original master tapes.* 12-page booklet with bilingual liner notes by Argentine music journalist Claudio Parisi, with previously unseen pictures. #nl# Altercat proudly presents the definitive reissue of one of the crown jewels of South American jazz. Essentially the brainchild of Argentinian jazz's leading figure Jorge L\u00f3pez Ruiz, the project Viejas Ra\u00edces marked Lopez Ruiz's departure from the traditional forms of jazz. The trio that recorded this album, consisting of L\u00f3pez Ruiz joined by his life-long friend drummer Pocho Lapouble and gifted Chilean pianist Mat\u00edas Pizarro, created a thrilling blend of jazz and Uruguayan candombe, surrounded by an undeniable cinematic feel spurred by L\u00f3pez Ruiz's long experience in the soundtrack field. When read as one element, the cleverly chosen combination of group name and album title (in English: 'Old Roots of the Colonies of the River Plate') readily hints at the kind of sounds the listener will be challenged with when diving into this LP. #nl# Recorded in 1976 in the wake of the \\\"Proceso de Reorganizaci\u00f3n Nacional\\\", the bloodiest period of dictatorship in Argentina, the album was initially frowned upon by critics and public alike, both still firmly rooted in jazz traditionalism and obviously not ready for the new ideas that musicians like L\u00f3pez Ruiz were experimenting with. Despite being a commercial flop upon its release, the album has been enjoying a growing reputation over the last two decades, acclaimed by jazz enthusiasts who value it from a different historical perspective and embrace its experimentation during this revolutionary period of change.Fourty-five years after its release, the album receives the Altercat treatment with a much deserved deluxe reissue, with sound direct from the master tapes and an accompanying 12-page booklet with previously unpublished pictures and bilingual liner notes telling everything you ever wanted to know about the album and those who made it possible.\",\"breadcrumb\":{\"@id\":\"https:\/\/wpguerssen-test.odoo.rgbconsulting.com\/es\/producto\/de-las-colonias-del-rio-de-la-plata\/#breadcrumb\"},\"inLanguage\":\"es\",\"potentialAction\":[{\"@type\":\"ReadAction\",\"target\":[\"https:\/\/wpguerssen-test.odoo.rgbconsulting.com\/es\/producto\/de-las-colonias-del-rio-de-la-plata\/\"]}]},{\"@type\":\"ImageObject\",\"inLanguage\":\"es\",\"@id\":\"https:\/\/wpguerssen-test.odoo.rgbconsulting.com\/es\/producto\/de-las-colonias-del-rio-de-la-plata\/#primaryimage\",\"url\":\"https:\/\/wpguerssen-test.odoo.rgbconsulting.com\/wp-content\/uploads\/2022\/03\/39138.jpg\",\"contentUrl\":\"https:\/\/wpguerssen-test.odoo.rgbconsulting.com\/wp-content\/uploads\/2022\/03\/39138.jpg\",\"width\":302,\"height\":302,\"caption\":\"VIEJAS RA\u00cdCES - De Las Colonias Del R\u00edo De La Plata - ALTERCAT (LP) | Guerssen\"},{\"@type\":\"BreadcrumbList\",\"@id\":\"https:\/\/wpguerssen-test.odoo.rgbconsulting.com\/es\/producto\/de-las-colonias-del-rio-de-la-plata\/#breadcrumb\",\"itemListElement\":[{\"@type\":\"ListItem\",\"position\":1,\"name\":\"Inicio\",\"item\":\"https:\/\/wpguerssen-test.odoo.rgbconsulting.com\/es\/\"},{\"@type\":\"ListItem\",\"position\":2,\"name\":\"Shop\",\"item\":\"https:\/\/wpguerssen-test.odoo.rgbconsulting.com\/shop\/\"},{\"@type\":\"ListItem\",\"position\":3,\"name\":\"De Las Colonias Del R\u00edo De La Plata\"}]},{\"@type\":\"WebSite\",\"@id\":\"https:\/\/wpguerssen-test.odoo.rgbconsulting.com\/es\/#website\",\"url\":\"https:\/\/wpguerssen-test.odoo.rgbconsulting.com\/es\/\",\"name\":\"Guerssen records\",\"description\":\"psychedelia - progressive - folk - garage \",\"publisher\":{\"@id\":\"https:\/\/wpguerssen-test.odoo.rgbconsulting.com\/es\/#organization\"},\"potentialAction\":[{\"@type\":\"SearchAction\",\"target\":{\"@type\":\"EntryPoint\",\"urlTemplate\":\"https:\/\/wpguerssen-test.odoo.rgbconsulting.com\/es\/?s={search_term_string}\"},\"query-input\":{\"@type\":\"PropertyValueSpecification\",\"valueRequired\":true,\"valueName\":\"search_term_string\"}}],\"inLanguage\":\"es\"},{\"@type\":\"Organization\",\"@id\":\"https:\/\/wpguerssen-test.odoo.rgbconsulting.com\/es\/#organization\",\"name\":\"Guerssen records\",\"url\":\"https:\/\/wpguerssen-test.odoo.rgbconsulting.com\/es\/\",\"logo\":{\"@type\":\"ImageObject\",\"inLanguage\":\"es\",\"@id\":\"https:\/\/wpguerssen-test.odoo.rgbconsulting.com\/es\/#\/schema\/logo\/image\/\",\"url\":\"https:\/\/wpguerssen-test.odoo.rgbconsulting.com\/wp-content\/uploads\/2022\/04\/Logo_Guerssen_trans_100.png\",\"contentUrl\":\"https:\/\/wpguerssen-test.odoo.rgbconsulting.com\/wp-content\/uploads\/2022\/04\/Logo_Guerssen_trans_100.png\",\"width\":122,\"height\":100,\"caption\":\"Guerssen records\"},\"image\":{\"@id\":\"https:\/\/wpguerssen-test.odoo.rgbconsulting.com\/es\/#\/schema\/logo\/image\/\"}}]}<\/script>\n<!-- \/ Yoast SEO plugin. -->","yoast_head_json":{"title":"VIEJAS RA\u00cdCES - De Las Colonias Del R\u00edo De La Plata -  (LP) | Guerssen","description":"* Official reissue of one of the crown jewels of South American jazz, originally released in 1976 in Argentina.* Sound sourced from the original master tapes.* 12-page booklet with bilingual liner notes by Argentine music journalist Claudio Parisi, with previously unseen pictures. #nl# Altercat proudly presents the definitive reissue of one of the crown jewels of South American jazz. Essentially the brainchild of Argentinian jazz's leading figure Jorge L\u00f3pez Ruiz, the project Viejas Ra\u00edces marked Lopez Ruiz's departure from the traditional forms of jazz. The trio that recorded this album, consisting of L\u00f3pez Ruiz joined by his life-long friend drummer Pocho Lapouble and gifted Chilean pianist Mat\u00edas Pizarro, created a thrilling blend of jazz and Uruguayan candombe, surrounded by an undeniable cinematic feel spurred by L\u00f3pez Ruiz's long experience in the soundtrack field. When read as one element, the cleverly chosen combination of group name and album title (in English: 'Old Roots of the Colonies of the River Plate') readily hints at the kind of sounds the listener will be challenged with when diving into this LP. #nl# Recorded in 1976 in the wake of the \"Proceso de Reorganizaci\u00f3n Nacional\", the bloodiest period of dictatorship in Argentina, the album was initially frowned upon by critics and public alike, both still firmly rooted in jazz traditionalism and obviously not ready for the new ideas that musicians like L\u00f3pez Ruiz were experimenting with. Despite being a commercial flop upon its release, the album has been enjoying a growing reputation over the last two decades, acclaimed by jazz enthusiasts who value it from a different historical perspective and embrace its experimentation during this revolutionary period of change.Fourty-five years after its release, the album receives the Altercat treatment with a much deserved deluxe reissue, with sound direct from the master tapes and an accompanying 12-page booklet with previously unpublished pictures and bilingual liner notes telling everything you ever wanted to know about the album and those who made it possible.","robots":{"index":"index","follow":"follow","max-snippet":"max-snippet:-1","max-image-preview":"max-image-preview:large","max-video-preview":"max-video-preview:-1"},"canonical":"https:\/\/wpguerssen-test.odoo.rgbconsulting.com\/es\/producto\/de-las-colonias-del-rio-de-la-plata\/","og_locale":"es_ES","og_type":"article","og_title":"VIEJAS RA\u00cdCES - De Las Colonias Del R\u00edo De La Plata -  (LP) | Guerssen","og_description":"* Official reissue of one of the crown jewels of South American jazz, originally released in 1976 in Argentina.* Sound sourced from the original master tapes.* 12-page booklet with bilingual liner notes by Argentine music journalist Claudio Parisi, with previously unseen pictures. #nl# Altercat proudly presents the definitive reissue of one of the crown jewels of South American jazz. Essentially the brainchild of Argentinian jazz's leading figure Jorge L\u00f3pez Ruiz, the project Viejas Ra\u00edces marked Lopez Ruiz's departure from the traditional forms of jazz. The trio that recorded this album, consisting of L\u00f3pez Ruiz joined by his life-long friend drummer Pocho Lapouble and gifted Chilean pianist Mat\u00edas Pizarro, created a thrilling blend of jazz and Uruguayan candombe, surrounded by an undeniable cinematic feel spurred by L\u00f3pez Ruiz's long experience in the soundtrack field. When read as one element, the cleverly chosen combination of group name and album title (in English: 'Old Roots of the Colonies of the River Plate') readily hints at the kind of sounds the listener will be challenged with when diving into this LP. #nl# Recorded in 1976 in the wake of the \"Proceso de Reorganizaci\u00f3n Nacional\", the bloodiest period of dictatorship in Argentina, the album was initially frowned upon by critics and public alike, both still firmly rooted in jazz traditionalism and obviously not ready for the new ideas that musicians like L\u00f3pez Ruiz were experimenting with. Despite being a commercial flop upon its release, the album has been enjoying a growing reputation over the last two decades, acclaimed by jazz enthusiasts who value it from a different historical perspective and embrace its experimentation during this revolutionary period of change.Fourty-five years after its release, the album receives the Altercat treatment with a much deserved deluxe reissue, with sound direct from the master tapes and an accompanying 12-page booklet with previously unpublished pictures and bilingual liner notes telling everything you ever wanted to know about the album and those who made it possible.","og_url":"https:\/\/wpguerssen-test.odoo.rgbconsulting.com\/es\/producto\/de-las-colonias-del-rio-de-la-plata\/","og_site_name":"Guerssen records","article_modified_time":"2024-04-22T14:59:54+00:00","og_image":[{"width":302,"height":302,"url":"https:\/\/wpguerssen-test.odoo.rgbconsulting.com\/wp-content\/uploads\/2022\/03\/39138.jpg","type":"image\/jpeg"}],"twitter_card":"summary_large_image","twitter_title":"VIEJAS RA\u00cdCES - De Las Colonias Del R\u00edo De La Plata -  (LP) | Guerssen","schema":{"@context":"https:\/\/schema.org","@graph":[{"@type":"WebPage","@id":"https:\/\/wpguerssen-test.odoo.rgbconsulting.com\/es\/producto\/de-las-colonias-del-rio-de-la-plata\/","url":"https:\/\/wpguerssen-test.odoo.rgbconsulting.com\/es\/producto\/de-las-colonias-del-rio-de-la-plata\/","name":"VIEJAS RA\u00cdCES - De Las Colonias Del R\u00edo De La Plata - (LP) | Guerssen","isPartOf":{"@id":"https:\/\/wpguerssen-test.odoo.rgbconsulting.com\/es\/#website"},"primaryImageOfPage":{"@id":"https:\/\/wpguerssen-test.odoo.rgbconsulting.com\/es\/producto\/de-las-colonias-del-rio-de-la-plata\/#primaryimage"},"image":{"@id":"https:\/\/wpguerssen-test.odoo.rgbconsulting.com\/es\/producto\/de-las-colonias-del-rio-de-la-plata\/#primaryimage"},"thumbnailUrl":"https:\/\/wpguerssen-test.odoo.rgbconsulting.com\/wp-content\/uploads\/2022\/03\/39138.jpg","datePublished":"2024-03-27T23:00:00+00:00","dateModified":"2024-04-22T14:59:54+00:00","description":"* Official reissue of one of the crown jewels of South American jazz, originally released in 1976 in Argentina.* Sound sourced from the original master tapes.* 12-page booklet with bilingual liner notes by Argentine music journalist Claudio Parisi, with previously unseen pictures. #nl# Altercat proudly presents the definitive reissue of one of the crown jewels of South American jazz. Essentially the brainchild of Argentinian jazz's leading figure Jorge L\u00f3pez Ruiz, the project Viejas Ra\u00edces marked Lopez Ruiz's departure from the traditional forms of jazz. The trio that recorded this album, consisting of L\u00f3pez Ruiz joined by his life-long friend drummer Pocho Lapouble and gifted Chilean pianist Mat\u00edas Pizarro, created a thrilling blend of jazz and Uruguayan candombe, surrounded by an undeniable cinematic feel spurred by L\u00f3pez Ruiz's long experience in the soundtrack field. When read as one element, the cleverly chosen combination of group name and album title (in English: 'Old Roots of the Colonies of the River Plate') readily hints at the kind of sounds the listener will be challenged with when diving into this LP. #nl# Recorded in 1976 in the wake of the \"Proceso de Reorganizaci\u00f3n Nacional\", the bloodiest period of dictatorship in Argentina, the album was initially frowned upon by critics and public alike, both still firmly rooted in jazz traditionalism and obviously not ready for the new ideas that musicians like L\u00f3pez Ruiz were experimenting with. Despite being a commercial flop upon its release, the album has been enjoying a growing reputation over the last two decades, acclaimed by jazz enthusiasts who value it from a different historical perspective and embrace its experimentation during this revolutionary period of change.Fourty-five years after its release, the album receives the Altercat treatment with a much deserved deluxe reissue, with sound direct from the master tapes and an accompanying 12-page booklet with previously unpublished pictures and bilingual liner notes telling everything you ever wanted to know about the album and those who made it possible.","breadcrumb":{"@id":"https:\/\/wpguerssen-test.odoo.rgbconsulting.com\/es\/producto\/de-las-colonias-del-rio-de-la-plata\/#breadcrumb"},"inLanguage":"es","potentialAction":[{"@type":"ReadAction","target":["https:\/\/wpguerssen-test.odoo.rgbconsulting.com\/es\/producto\/de-las-colonias-del-rio-de-la-plata\/"]}]},{"@type":"ImageObject","inLanguage":"es","@id":"https:\/\/wpguerssen-test.odoo.rgbconsulting.com\/es\/producto\/de-las-colonias-del-rio-de-la-plata\/#primaryimage","url":"https:\/\/wpguerssen-test.odoo.rgbconsulting.com\/wp-content\/uploads\/2022\/03\/39138.jpg","contentUrl":"https:\/\/wpguerssen-test.odoo.rgbconsulting.com\/wp-content\/uploads\/2022\/03\/39138.jpg","width":302,"height":302,"caption":"VIEJAS RA\u00cdCES - De Las Colonias Del R\u00edo De La Plata - ALTERCAT (LP) | Guerssen"},{"@type":"BreadcrumbList","@id":"https:\/\/wpguerssen-test.odoo.rgbconsulting.com\/es\/producto\/de-las-colonias-del-rio-de-la-plata\/#breadcrumb","itemListElement":[{"@type":"ListItem","position":1,"name":"Inicio","item":"https:\/\/wpguerssen-test.odoo.rgbconsulting.com\/es\/"},{"@type":"ListItem","position":2,"name":"Shop","item":"https:\/\/wpguerssen-test.odoo.rgbconsulting.com\/shop\/"},{"@type":"ListItem","position":3,"name":"De Las Colonias Del R\u00edo De La Plata"}]},{"@type":"WebSite","@id":"https:\/\/wpguerssen-test.odoo.rgbconsulting.com\/es\/#website","url":"https:\/\/wpguerssen-test.odoo.rgbconsulting.com\/es\/","name":"Guerssen records","description":"psychedelia - progressive - folk - garage ","publisher":{"@id":"https:\/\/wpguerssen-test.odoo.rgbconsulting.com\/es\/#organization"},"potentialAction":[{"@type":"SearchAction","target":{"@type":"EntryPoint","urlTemplate":"https:\/\/wpguerssen-test.odoo.rgbconsulting.com\/es\/?s={search_term_string}"},"query-input":{"@type":"PropertyValueSpecification","valueRequired":true,"valueName":"search_term_string"}}],"inLanguage":"es"},{"@type":"Organization","@id":"https:\/\/wpguerssen-test.odoo.rgbconsulting.com\/es\/#organization","name":"Guerssen records","url":"https:\/\/wpguerssen-test.odoo.rgbconsulting.com\/es\/","logo":{"@type":"ImageObject","inLanguage":"es","@id":"https:\/\/wpguerssen-test.odoo.rgbconsulting.com\/es\/#\/schema\/logo\/image\/","url":"https:\/\/wpguerssen-test.odoo.rgbconsulting.com\/wp-content\/uploads\/2022\/04\/Logo_Guerssen_trans_100.png","contentUrl":"https:\/\/wpguerssen-test.odoo.rgbconsulting.com\/wp-content\/uploads\/2022\/04\/Logo_Guerssen_trans_100.png","width":122,"height":100,"caption":"Guerssen records"},"image":{"@id":"https:\/\/wpguerssen-test.odoo.rgbconsulting.com\/es\/#\/schema\/logo\/image\/"}}]}},"_links":{"self":[{"href":"https:\/\/wpguerssen-test.odoo.rgbconsulting.com\/es\/wp-json\/wp\/v2\/product\/208984","targetHints":{"allow":["GET"]}}],"collection":[{"href":"https:\/\/wpguerssen-test.odoo.rgbconsulting.com\/es\/wp-json\/wp\/v2\/product"}],"about":[{"href":"https:\/\/wpguerssen-test.odoo.rgbconsulting.com\/es\/wp-json\/wp\/v2\/types\/product"}],"wp:featuredmedia":[{"embeddable":true,"href":"https:\/\/wpguerssen-test.odoo.rgbconsulting.com\/es\/wp-json\/wp\/v2\/media\/129346"}],"wp:attachment":[{"href":"https:\/\/wpguerssen-test.odoo.rgbconsulting.com\/es\/wp-json\/wp\/v2\/media?parent=208984"}],"wp:term":[{"taxonomy":"product_brand","embeddable":true,"href":"https:\/\/wpguerssen-test.odoo.rgbconsulting.com\/es\/wp-json\/wp\/v2\/product_brand?post=208984"},{"taxonomy":"product_cat","embeddable":true,"href":"https:\/\/wpguerssen-test.odoo.rgbconsulting.com\/es\/wp-json\/wp\/v2\/product_cat?post=208984"},{"taxonomy":"product_tag","embeddable":true,"href":"https:\/\/wpguerssen-test.odoo.rgbconsulting.com\/es\/wp-json\/wp\/v2\/product_tag?post=208984"}],"curies":[{"name":"wp","href":"https:\/\/api.w.org\/{rel}","templated":true}]}}