{"id":209017,"date":"2021-10-27T00:00:00","date_gmt":"2021-10-26T22:00:00","guid":{"rendered":"http:\/\/guerssen.hl1097.dinaserver.com\/product\/acosta-yellow-vinyl\/"},"modified":"2025-01-20T15:44:19","modified_gmt":"2025-01-20T14:44:19","slug":"acosta-yellow-vinyl","status":"publish","type":"product","link":"https:\/\/wpguerssen-test.odoo.rgbconsulting.com\/es\/producto\/acosta-yellow-vinyl\/","title":{"rendered":"Acosta (yellow vinyl)"},"content":{"rendered":"<p>VINILO AMARILLO <\/p>\n<p> Portada de cart\u00f3n duro + OBI + funda resellable. Insert con notas en ingl\u00e9s\/espa\u00f1ol por Carlos Tropizaca. Legendario y buscado disco mejicano de latin-funk, editado en 1970. <\/p>\n<p> Tracklist:<br \/>A1. Rencorosa &#8211; A2. Noches de Viaje &#8211; A3. Todo Termin\u00f3 &#8211; A4. La Novia Hippie &#8211; A5. Alma Latina<br \/>B1. Carga Pesada &#8211; B2. Mi Guitarra &#8211; B3. Rosa Rosita &#8211; B4. Melod\u00eda Del Amor Eterno &#8211; B5. El Campe\u00f3n<\/p>\n","protected":false},"excerpt":{"rendered":"<p>VINILO AMARILLO <\/p>\n<p>\u00a0<\/p>\n<p> Portada de cart\u00f3n duro + OBI + funda resellable. Insert con notas en ingl\u00e9s\/espa\u00f1ol por Carlos Tropizaca. Legendario y buscado<a class=\"read\" href=\"https:\/\/wpguerssen-test.odoo.rgbconsulting.com\/es\/producto\/acosta-yellow-vinyl\/\"> (...)<\/a>","protected":false},"featured_media":129418,"template":"","meta":{"_acf_changed":false},"product_brand":[],"product_cat":[23231,23228],"product_tag":[29140],"class_list":{"0":"post-209017","1":"product","2":"type-product","3":"status-publish","4":"has-post-thumbnail","6":"product_cat-latin-brazilian-es","7":"product_cat-jazz-funk-es","8":"product_tag-color-vinyl-es","9":"pa_artist-acosta-leo","10":"pa_format-lp-es","11":"pa_gender-latin-brazilian-jazz-funk","12":"pa_label-mad-about-records-es","13":"pa_location-south-america-caribbean-es","14":"pa_other-filters-vinyl-only-es","16":"first","17":"instock","18":"taxable","19":"shipping-taxable","20":"purchasable","21":"product-type-simple"},"acf":[],"yoast_head":"<!-- This site is optimized with the Yoast SEO plugin v24.9 - https:\/\/yoast.com\/wordpress\/plugins\/seo\/ -->\n<title>ACOSTA, Leo - Acosta (yellow vinyl) -  (LP) | Guerssen<\/title>\n<meta name=\"description\" content=\"YELLOW VINYL #nl# Deluxe hard-cardboard sleeve + OBI + resealable outer sleeve + 2 Page info sheet with Leo Acosta story in English and Spanish by Carlos Tropicaza #nl# LEGENDARY MEXICAN PSYCH LATIN JAZZ FUNKREISSUED FOR THE FIRST TIME #nl# Leobardo Acosta Quintanar was born in Huetamo, Michoac\u00e1n in 1925. He was a notable drummer, composer, arranger, and orchestrator. #nl# In 1970, he recorded a last LP for Capitol with a small combo formed with some of his closest peers. The sound engineer for these sessions, Rogiero Silva, recalls that it happened in the night time. Leo was always very demanding in his studio hours with all of his musicians and that he did not tolerate mistakes or setbacks, but he was fully relaxed and enjoying this one very much. #nl# For this last LP, entitled &quot;ACOSTA&quot; but known as &quot;El Leon&quot;, all the compositions are originals, unlike his previous albums where the labels required him to record at least 6 songs that were hits on the popularity charts. #nl# Tracklist:A1. Rencorosa - A2. Noches de Viaje - A3. Todo Termin\u00f3 - A4. La Novia Hippie - A5. Alma LatinaB1. Carga Pesada - B2. Mi Guitarra - B3. Rosa Rosita - B4. Melod\u00eda Del Amor Eterno - B5. El Campe\u00f3n\" \/>\n<meta name=\"robots\" content=\"index, follow, max-snippet:-1, max-image-preview:large, max-video-preview:-1\" \/>\n<link rel=\"canonical\" href=\"https:\/\/wpguerssen-test.odoo.rgbconsulting.com\/es\/producto\/acosta-yellow-vinyl\/\" \/>\n<meta property=\"og:locale\" content=\"es_ES\" \/>\n<meta property=\"og:type\" content=\"article\" \/>\n<meta property=\"og:title\" content=\"ACOSTA, Leo - Acosta (yellow vinyl) -  (LP) | Guerssen\" \/>\n<meta property=\"og:description\" content=\"YELLOW VINYL #nl# Deluxe hard-cardboard sleeve + OBI + resealable outer sleeve + 2 Page info sheet with Leo Acosta story in English and Spanish by Carlos Tropicaza #nl# LEGENDARY MEXICAN PSYCH LATIN JAZZ FUNKREISSUED FOR THE FIRST TIME #nl# Leobardo Acosta Quintanar was born in Huetamo, Michoac\u00e1n in 1925. He was a notable drummer, composer, arranger, and orchestrator. #nl# In 1970, he recorded a last LP for Capitol with a small combo formed with some of his closest peers. The sound engineer for these sessions, Rogiero Silva, recalls that it happened in the night time. Leo was always very demanding in his studio hours with all of his musicians and that he did not tolerate mistakes or setbacks, but he was fully relaxed and enjoying this one very much. #nl# For this last LP, entitled &quot;ACOSTA&quot; but known as &quot;El Leon&quot;, all the compositions are originals, unlike his previous albums where the labels required him to record at least 6 songs that were hits on the popularity charts. #nl# Tracklist:A1. Rencorosa - A2. Noches de Viaje - A3. Todo Termin\u00f3 - A4. La Novia Hippie - A5. Alma LatinaB1. Carga Pesada - B2. Mi Guitarra - B3. Rosa Rosita - B4. Melod\u00eda Del Amor Eterno - B5. El Campe\u00f3n\" \/>\n<meta property=\"og:url\" content=\"https:\/\/wpguerssen-test.odoo.rgbconsulting.com\/es\/producto\/acosta-yellow-vinyl\/\" \/>\n<meta property=\"og:site_name\" content=\"Guerssen records\" \/>\n<meta property=\"article:modified_time\" content=\"2025-01-20T14:44:19+00:00\" \/>\n<meta property=\"og:image\" content=\"https:\/\/wpguerssen-test.odoo.rgbconsulting.com\/wp-content\/uploads\/2022\/03\/39189.jpg\" \/>\n\t<meta property=\"og:image:width\" content=\"303\" \/>\n\t<meta property=\"og:image:height\" content=\"214\" \/>\n\t<meta property=\"og:image:type\" content=\"image\/jpeg\" \/>\n<meta name=\"twitter:card\" content=\"summary_large_image\" \/>\n<meta name=\"twitter:title\" content=\"ACOSTA, Leo - Acosta (yellow vinyl) -  (LP) | Guerssen\" \/>\n<script type=\"application\/ld+json\" class=\"yoast-schema-graph\">{\"@context\":\"https:\/\/schema.org\",\"@graph\":[{\"@type\":\"WebPage\",\"@id\":\"https:\/\/wpguerssen-test.odoo.rgbconsulting.com\/es\/producto\/acosta-yellow-vinyl\/\",\"url\":\"https:\/\/wpguerssen-test.odoo.rgbconsulting.com\/es\/producto\/acosta-yellow-vinyl\/\",\"name\":\"ACOSTA, Leo - Acosta (yellow vinyl) - (LP) | Guerssen\",\"isPartOf\":{\"@id\":\"https:\/\/wpguerssen-test.odoo.rgbconsulting.com\/es\/#website\"},\"primaryImageOfPage\":{\"@id\":\"https:\/\/wpguerssen-test.odoo.rgbconsulting.com\/es\/producto\/acosta-yellow-vinyl\/#primaryimage\"},\"image\":{\"@id\":\"https:\/\/wpguerssen-test.odoo.rgbconsulting.com\/es\/producto\/acosta-yellow-vinyl\/#primaryimage\"},\"thumbnailUrl\":\"https:\/\/wpguerssen-test.odoo.rgbconsulting.com\/wp-content\/uploads\/2022\/03\/39189.jpg\",\"datePublished\":\"2021-10-26T22:00:00+00:00\",\"dateModified\":\"2025-01-20T14:44:19+00:00\",\"description\":\"YELLOW VINYL #nl# Deluxe hard-cardboard sleeve + OBI + resealable outer sleeve + 2 Page info sheet with Leo Acosta story in English and Spanish by Carlos Tropicaza #nl# LEGENDARY MEXICAN PSYCH LATIN JAZZ FUNKREISSUED FOR THE FIRST TIME #nl# Leobardo Acosta Quintanar was born in Huetamo, Michoac\u00e1n in 1925. He was a notable drummer, composer, arranger, and orchestrator. #nl# In 1970, he recorded a last LP for Capitol with a small combo formed with some of his closest peers. The sound engineer for these sessions, Rogiero Silva, recalls that it happened in the night time. Leo was always very demanding in his studio hours with all of his musicians and that he did not tolerate mistakes or setbacks, but he was fully relaxed and enjoying this one very much. #nl# For this last LP, entitled \\\"ACOSTA\\\" but known as \\\"El Leon\\\", all the compositions are originals, unlike his previous albums where the labels required him to record at least 6 songs that were hits on the popularity charts. #nl# Tracklist:A1. Rencorosa - A2. Noches de Viaje - A3. Todo Termin\u00f3 - A4. La Novia Hippie - A5. Alma LatinaB1. Carga Pesada - B2. Mi Guitarra - B3. Rosa Rosita - B4. Melod\u00eda Del Amor Eterno - B5. El Campe\u00f3n\",\"breadcrumb\":{\"@id\":\"https:\/\/wpguerssen-test.odoo.rgbconsulting.com\/es\/producto\/acosta-yellow-vinyl\/#breadcrumb\"},\"inLanguage\":\"es\",\"potentialAction\":[{\"@type\":\"ReadAction\",\"target\":[\"https:\/\/wpguerssen-test.odoo.rgbconsulting.com\/es\/producto\/acosta-yellow-vinyl\/\"]}]},{\"@type\":\"ImageObject\",\"inLanguage\":\"es\",\"@id\":\"https:\/\/wpguerssen-test.odoo.rgbconsulting.com\/es\/producto\/acosta-yellow-vinyl\/#primaryimage\",\"url\":\"https:\/\/wpguerssen-test.odoo.rgbconsulting.com\/wp-content\/uploads\/2022\/03\/39189.jpg\",\"contentUrl\":\"https:\/\/wpguerssen-test.odoo.rgbconsulting.com\/wp-content\/uploads\/2022\/03\/39189.jpg\",\"width\":303,\"height\":214,\"caption\":\"Leo - Acosta (yellow vinyl) - MAD ABOUT RECORDS (LP) | Guerssen\"},{\"@type\":\"BreadcrumbList\",\"@id\":\"https:\/\/wpguerssen-test.odoo.rgbconsulting.com\/es\/producto\/acosta-yellow-vinyl\/#breadcrumb\",\"itemListElement\":[{\"@type\":\"ListItem\",\"position\":1,\"name\":\"Inicio\",\"item\":\"https:\/\/wpguerssen-test.odoo.rgbconsulting.com\/es\/\"},{\"@type\":\"ListItem\",\"position\":2,\"name\":\"Shop\",\"item\":\"https:\/\/wpguerssen-test.odoo.rgbconsulting.com\/shop\/\"},{\"@type\":\"ListItem\",\"position\":3,\"name\":\"Acosta (yellow vinyl)\"}]},{\"@type\":\"WebSite\",\"@id\":\"https:\/\/wpguerssen-test.odoo.rgbconsulting.com\/es\/#website\",\"url\":\"https:\/\/wpguerssen-test.odoo.rgbconsulting.com\/es\/\",\"name\":\"Guerssen records\",\"description\":\"psychedelia - progressive - folk - garage \",\"publisher\":{\"@id\":\"https:\/\/wpguerssen-test.odoo.rgbconsulting.com\/es\/#organization\"},\"potentialAction\":[{\"@type\":\"SearchAction\",\"target\":{\"@type\":\"EntryPoint\",\"urlTemplate\":\"https:\/\/wpguerssen-test.odoo.rgbconsulting.com\/es\/?s={search_term_string}\"},\"query-input\":{\"@type\":\"PropertyValueSpecification\",\"valueRequired\":true,\"valueName\":\"search_term_string\"}}],\"inLanguage\":\"es\"},{\"@type\":\"Organization\",\"@id\":\"https:\/\/wpguerssen-test.odoo.rgbconsulting.com\/es\/#organization\",\"name\":\"Guerssen records\",\"url\":\"https:\/\/wpguerssen-test.odoo.rgbconsulting.com\/es\/\",\"logo\":{\"@type\":\"ImageObject\",\"inLanguage\":\"es\",\"@id\":\"https:\/\/wpguerssen-test.odoo.rgbconsulting.com\/es\/#\/schema\/logo\/image\/\",\"url\":\"https:\/\/wpguerssen-test.odoo.rgbconsulting.com\/wp-content\/uploads\/2022\/04\/Logo_Guerssen_trans_100.png\",\"contentUrl\":\"https:\/\/wpguerssen-test.odoo.rgbconsulting.com\/wp-content\/uploads\/2022\/04\/Logo_Guerssen_trans_100.png\",\"width\":122,\"height\":100,\"caption\":\"Guerssen records\"},\"image\":{\"@id\":\"https:\/\/wpguerssen-test.odoo.rgbconsulting.com\/es\/#\/schema\/logo\/image\/\"}}]}<\/script>\n<!-- \/ Yoast SEO plugin. -->","yoast_head_json":{"title":"ACOSTA, Leo - Acosta (yellow vinyl) -  (LP) | Guerssen","description":"YELLOW VINYL #nl# Deluxe hard-cardboard sleeve + OBI + resealable outer sleeve + 2 Page info sheet with Leo Acosta story in English and Spanish by Carlos Tropicaza #nl# LEGENDARY MEXICAN PSYCH LATIN JAZZ FUNKREISSUED FOR THE FIRST TIME #nl# Leobardo Acosta Quintanar was born in Huetamo, Michoac\u00e1n in 1925. He was a notable drummer, composer, arranger, and orchestrator. #nl# In 1970, he recorded a last LP for Capitol with a small combo formed with some of his closest peers. The sound engineer for these sessions, Rogiero Silva, recalls that it happened in the night time. Leo was always very demanding in his studio hours with all of his musicians and that he did not tolerate mistakes or setbacks, but he was fully relaxed and enjoying this one very much. #nl# For this last LP, entitled \"ACOSTA\" but known as \"El Leon\", all the compositions are originals, unlike his previous albums where the labels required him to record at least 6 songs that were hits on the popularity charts. #nl# Tracklist:A1. Rencorosa - A2. Noches de Viaje - A3. Todo Termin\u00f3 - A4. La Novia Hippie - A5. Alma LatinaB1. Carga Pesada - B2. Mi Guitarra - B3. Rosa Rosita - B4. Melod\u00eda Del Amor Eterno - B5. El Campe\u00f3n","robots":{"index":"index","follow":"follow","max-snippet":"max-snippet:-1","max-image-preview":"max-image-preview:large","max-video-preview":"max-video-preview:-1"},"canonical":"https:\/\/wpguerssen-test.odoo.rgbconsulting.com\/es\/producto\/acosta-yellow-vinyl\/","og_locale":"es_ES","og_type":"article","og_title":"ACOSTA, Leo - Acosta (yellow vinyl) -  (LP) | Guerssen","og_description":"YELLOW VINYL #nl# Deluxe hard-cardboard sleeve + OBI + resealable outer sleeve + 2 Page info sheet with Leo Acosta story in English and Spanish by Carlos Tropicaza #nl# LEGENDARY MEXICAN PSYCH LATIN JAZZ FUNKREISSUED FOR THE FIRST TIME #nl# Leobardo Acosta Quintanar was born in Huetamo, Michoac\u00e1n in 1925. He was a notable drummer, composer, arranger, and orchestrator. #nl# In 1970, he recorded a last LP for Capitol with a small combo formed with some of his closest peers. The sound engineer for these sessions, Rogiero Silva, recalls that it happened in the night time. Leo was always very demanding in his studio hours with all of his musicians and that he did not tolerate mistakes or setbacks, but he was fully relaxed and enjoying this one very much. #nl# For this last LP, entitled \"ACOSTA\" but known as \"El Leon\", all the compositions are originals, unlike his previous albums where the labels required him to record at least 6 songs that were hits on the popularity charts. #nl# Tracklist:A1. Rencorosa - A2. Noches de Viaje - A3. Todo Termin\u00f3 - A4. La Novia Hippie - A5. Alma LatinaB1. Carga Pesada - B2. Mi Guitarra - B3. Rosa Rosita - B4. Melod\u00eda Del Amor Eterno - B5. El Campe\u00f3n","og_url":"https:\/\/wpguerssen-test.odoo.rgbconsulting.com\/es\/producto\/acosta-yellow-vinyl\/","og_site_name":"Guerssen records","article_modified_time":"2025-01-20T14:44:19+00:00","og_image":[{"width":303,"height":214,"url":"https:\/\/wpguerssen-test.odoo.rgbconsulting.com\/wp-content\/uploads\/2022\/03\/39189.jpg","type":"image\/jpeg"}],"twitter_card":"summary_large_image","twitter_title":"ACOSTA, Leo - Acosta (yellow vinyl) -  (LP) | Guerssen","schema":{"@context":"https:\/\/schema.org","@graph":[{"@type":"WebPage","@id":"https:\/\/wpguerssen-test.odoo.rgbconsulting.com\/es\/producto\/acosta-yellow-vinyl\/","url":"https:\/\/wpguerssen-test.odoo.rgbconsulting.com\/es\/producto\/acosta-yellow-vinyl\/","name":"ACOSTA, Leo - Acosta (yellow vinyl) - (LP) | Guerssen","isPartOf":{"@id":"https:\/\/wpguerssen-test.odoo.rgbconsulting.com\/es\/#website"},"primaryImageOfPage":{"@id":"https:\/\/wpguerssen-test.odoo.rgbconsulting.com\/es\/producto\/acosta-yellow-vinyl\/#primaryimage"},"image":{"@id":"https:\/\/wpguerssen-test.odoo.rgbconsulting.com\/es\/producto\/acosta-yellow-vinyl\/#primaryimage"},"thumbnailUrl":"https:\/\/wpguerssen-test.odoo.rgbconsulting.com\/wp-content\/uploads\/2022\/03\/39189.jpg","datePublished":"2021-10-26T22:00:00+00:00","dateModified":"2025-01-20T14:44:19+00:00","description":"YELLOW VINYL #nl# Deluxe hard-cardboard sleeve + OBI + resealable outer sleeve + 2 Page info sheet with Leo Acosta story in English and Spanish by Carlos Tropicaza #nl# LEGENDARY MEXICAN PSYCH LATIN JAZZ FUNKREISSUED FOR THE FIRST TIME #nl# Leobardo Acosta Quintanar was born in Huetamo, Michoac\u00e1n in 1925. He was a notable drummer, composer, arranger, and orchestrator. #nl# In 1970, he recorded a last LP for Capitol with a small combo formed with some of his closest peers. The sound engineer for these sessions, Rogiero Silva, recalls that it happened in the night time. Leo was always very demanding in his studio hours with all of his musicians and that he did not tolerate mistakes or setbacks, but he was fully relaxed and enjoying this one very much. #nl# For this last LP, entitled \"ACOSTA\" but known as \"El Leon\", all the compositions are originals, unlike his previous albums where the labels required him to record at least 6 songs that were hits on the popularity charts. #nl# Tracklist:A1. Rencorosa - A2. Noches de Viaje - A3. Todo Termin\u00f3 - A4. La Novia Hippie - A5. Alma LatinaB1. Carga Pesada - B2. Mi Guitarra - B3. Rosa Rosita - B4. Melod\u00eda Del Amor Eterno - B5. El Campe\u00f3n","breadcrumb":{"@id":"https:\/\/wpguerssen-test.odoo.rgbconsulting.com\/es\/producto\/acosta-yellow-vinyl\/#breadcrumb"},"inLanguage":"es","potentialAction":[{"@type":"ReadAction","target":["https:\/\/wpguerssen-test.odoo.rgbconsulting.com\/es\/producto\/acosta-yellow-vinyl\/"]}]},{"@type":"ImageObject","inLanguage":"es","@id":"https:\/\/wpguerssen-test.odoo.rgbconsulting.com\/es\/producto\/acosta-yellow-vinyl\/#primaryimage","url":"https:\/\/wpguerssen-test.odoo.rgbconsulting.com\/wp-content\/uploads\/2022\/03\/39189.jpg","contentUrl":"https:\/\/wpguerssen-test.odoo.rgbconsulting.com\/wp-content\/uploads\/2022\/03\/39189.jpg","width":303,"height":214,"caption":"Leo - Acosta (yellow vinyl) - MAD ABOUT RECORDS (LP) | Guerssen"},{"@type":"BreadcrumbList","@id":"https:\/\/wpguerssen-test.odoo.rgbconsulting.com\/es\/producto\/acosta-yellow-vinyl\/#breadcrumb","itemListElement":[{"@type":"ListItem","position":1,"name":"Inicio","item":"https:\/\/wpguerssen-test.odoo.rgbconsulting.com\/es\/"},{"@type":"ListItem","position":2,"name":"Shop","item":"https:\/\/wpguerssen-test.odoo.rgbconsulting.com\/shop\/"},{"@type":"ListItem","position":3,"name":"Acosta (yellow vinyl)"}]},{"@type":"WebSite","@id":"https:\/\/wpguerssen-test.odoo.rgbconsulting.com\/es\/#website","url":"https:\/\/wpguerssen-test.odoo.rgbconsulting.com\/es\/","name":"Guerssen records","description":"psychedelia - progressive - folk - garage ","publisher":{"@id":"https:\/\/wpguerssen-test.odoo.rgbconsulting.com\/es\/#organization"},"potentialAction":[{"@type":"SearchAction","target":{"@type":"EntryPoint","urlTemplate":"https:\/\/wpguerssen-test.odoo.rgbconsulting.com\/es\/?s={search_term_string}"},"query-input":{"@type":"PropertyValueSpecification","valueRequired":true,"valueName":"search_term_string"}}],"inLanguage":"es"},{"@type":"Organization","@id":"https:\/\/wpguerssen-test.odoo.rgbconsulting.com\/es\/#organization","name":"Guerssen records","url":"https:\/\/wpguerssen-test.odoo.rgbconsulting.com\/es\/","logo":{"@type":"ImageObject","inLanguage":"es","@id":"https:\/\/wpguerssen-test.odoo.rgbconsulting.com\/es\/#\/schema\/logo\/image\/","url":"https:\/\/wpguerssen-test.odoo.rgbconsulting.com\/wp-content\/uploads\/2022\/04\/Logo_Guerssen_trans_100.png","contentUrl":"https:\/\/wpguerssen-test.odoo.rgbconsulting.com\/wp-content\/uploads\/2022\/04\/Logo_Guerssen_trans_100.png","width":122,"height":100,"caption":"Guerssen records"},"image":{"@id":"https:\/\/wpguerssen-test.odoo.rgbconsulting.com\/es\/#\/schema\/logo\/image\/"}}]}},"_links":{"self":[{"href":"https:\/\/wpguerssen-test.odoo.rgbconsulting.com\/es\/wp-json\/wp\/v2\/product\/209017","targetHints":{"allow":["GET"]}}],"collection":[{"href":"https:\/\/wpguerssen-test.odoo.rgbconsulting.com\/es\/wp-json\/wp\/v2\/product"}],"about":[{"href":"https:\/\/wpguerssen-test.odoo.rgbconsulting.com\/es\/wp-json\/wp\/v2\/types\/product"}],"wp:featuredmedia":[{"embeddable":true,"href":"https:\/\/wpguerssen-test.odoo.rgbconsulting.com\/es\/wp-json\/wp\/v2\/media\/129418"}],"wp:attachment":[{"href":"https:\/\/wpguerssen-test.odoo.rgbconsulting.com\/es\/wp-json\/wp\/v2\/media?parent=209017"}],"wp:term":[{"taxonomy":"product_brand","embeddable":true,"href":"https:\/\/wpguerssen-test.odoo.rgbconsulting.com\/es\/wp-json\/wp\/v2\/product_brand?post=209017"},{"taxonomy":"product_cat","embeddable":true,"href":"https:\/\/wpguerssen-test.odoo.rgbconsulting.com\/es\/wp-json\/wp\/v2\/product_cat?post=209017"},{"taxonomy":"product_tag","embeddable":true,"href":"https:\/\/wpguerssen-test.odoo.rgbconsulting.com\/es\/wp-json\/wp\/v2\/product_tag?post=209017"}],"curies":[{"name":"wp","href":"https:\/\/api.w.org\/{rel}","templated":true}]}}