{"id":209027,"date":"2022-02-22T00:00:00","date_gmt":"2022-02-21T23:00:00","guid":{"rendered":"http:\/\/guerssen.hl1097.dinaserver.com\/product\/heavy-soul-clear-lp\/"},"modified":"2025-01-09T15:03:22","modified_gmt":"2025-01-09T14:03:22","slug":"heavy-soul-clear-lp","status":"publish","type":"product","link":"https:\/\/wpguerssen-test.odoo.rgbconsulting.com\/es\/producto\/heavy-soul-clear-lp\/","title":{"rendered":"Heavy Soul (Clear LP)"},"content":{"rendered":"<p>\u00a1Edici\u00f3n limitada en vinilo transparente, 300 copias!<br \/>\u00abHeavy Soul\u00bb puede considerarse f\u00e1cilmente como uno de los mejores trabajos de Ike Quebec. Grabado en 1961 por el maestro Rudy Van Gelder y lanzado originalmente en Blue Note, esta excelente sesi\u00f3n de estudio suena como una mezcla perfecta de esp\u00edritu de blues hogare\u00f1o y baladas c\u00e1lidas y sensuales, con la gran voz de saxo tenor de Quebec como la fuerza principal de un swing duro. Cuarteto con Freddie Roach &#8211; \u00f3rgano, Milt Hinton &#8211; bajo y Al Harewood &#8211; bater\u00eda.<\/p>\n","protected":false},"excerpt":{"rendered":"<p>\u00a1Edici\u00f3n limitada en vinilo transparente, 300 copias!<br \/>\u00abHeavy Soul\u00bb puede considerarse f\u00e1cilmente como uno de los mejores trabajos de Ike Quebec. Grabado<a class=\"read\" href=\"https:\/\/wpguerssen-test.odoo.rgbconsulting.com\/es\/producto\/heavy-soul-clear-lp\/\"> (...)<\/a>","protected":false},"featured_media":223588,"template":"","meta":{"_acf_changed":false},"product_brand":[],"product_cat":[23227],"product_tag":[29140],"class_list":{"0":"post-209027","1":"product","2":"type-product","3":"status-publish","4":"has-post-thumbnail","6":"product_cat-jazz-es","7":"product_tag-color-vinyl-es","8":"pa_artist-quebec-ike","9":"pa_format-lp-es","10":"pa_gender-jazz","11":"pa_label-sowing-records","12":"pa_location-north-america-es","13":"pa_other-filters-vinyl-only-es","15":"first","16":"instock","17":"taxable","18":"shipping-taxable","19":"purchasable","20":"product-type-simple"},"acf":[],"yoast_head":"<!-- This site is optimized with the Yoast SEO plugin v24.9 - https:\/\/yoast.com\/wordpress\/plugins\/seo\/ -->\n<title>QUEBEC, Ike - Heavy Soul (Clear LP) -  (LP) | Guerssen<\/title>\n<meta name=\"description\" content=\"Limited Clear Vinyl edition, 300 copies!&quot;Heavy Soul&quot; can be easily considered as one of Ike Quebec&#039;s best showcases. Recorded in 1961 by master Rudy Van Gelder and originally released on Blue Note, this fine studio session sounds as a perfect mixture of down-home blues spirit and warm, sensual ballads, with Quebec&#039;s big tenor sax voice as the leading force of a hard swinging quartet featuring Freddie Roach - organ, Milt Hinton - bass and Al Harewood - drums.\" \/>\n<meta name=\"robots\" content=\"index, follow, max-snippet:-1, max-image-preview:large, max-video-preview:-1\" \/>\n<link rel=\"canonical\" href=\"https:\/\/wpguerssen-test.odoo.rgbconsulting.com\/es\/producto\/heavy-soul-clear-lp\/\" \/>\n<meta property=\"og:locale\" content=\"es_ES\" \/>\n<meta property=\"og:type\" content=\"article\" \/>\n<meta property=\"og:title\" content=\"QUEBEC, Ike - Heavy Soul (Clear LP) -  (LP) | Guerssen\" \/>\n<meta property=\"og:description\" content=\"Limited Clear Vinyl edition, 300 copies!&quot;Heavy Soul&quot; can be easily considered as one of Ike Quebec&#039;s best showcases. Recorded in 1961 by master Rudy Van Gelder and originally released on Blue Note, this fine studio session sounds as a perfect mixture of down-home blues spirit and warm, sensual ballads, with Quebec&#039;s big tenor sax voice as the leading force of a hard swinging quartet featuring Freddie Roach - organ, Milt Hinton - bass and Al Harewood - drums.\" \/>\n<meta property=\"og:url\" content=\"https:\/\/wpguerssen-test.odoo.rgbconsulting.com\/es\/producto\/heavy-soul-clear-lp\/\" \/>\n<meta property=\"og:site_name\" content=\"Guerssen records\" \/>\n<meta property=\"article:modified_time\" content=\"2025-01-09T14:03:22+00:00\" \/>\n<meta property=\"og:image\" content=\"https:\/\/wpguerssen-test.odoo.rgbconsulting.com\/wp-content\/uploads\/2022\/12\/39203.jpg\" \/>\n\t<meta property=\"og:image:width\" content=\"1080\" \/>\n\t<meta property=\"og:image:height\" content=\"1080\" \/>\n\t<meta property=\"og:image:type\" content=\"image\/jpeg\" \/>\n<meta name=\"twitter:card\" content=\"summary_large_image\" \/>\n<meta name=\"twitter:title\" content=\"QUEBEC, Ike - Heavy Soul (Clear LP) -  (LP) | Guerssen\" \/>\n<script type=\"application\/ld+json\" class=\"yoast-schema-graph\">{\"@context\":\"https:\/\/schema.org\",\"@graph\":[{\"@type\":\"WebPage\",\"@id\":\"https:\/\/wpguerssen-test.odoo.rgbconsulting.com\/es\/producto\/heavy-soul-clear-lp\/\",\"url\":\"https:\/\/wpguerssen-test.odoo.rgbconsulting.com\/es\/producto\/heavy-soul-clear-lp\/\",\"name\":\"QUEBEC, Ike - Heavy Soul (Clear LP) - (LP) | Guerssen\",\"isPartOf\":{\"@id\":\"https:\/\/wpguerssen-test.odoo.rgbconsulting.com\/es\/#website\"},\"primaryImageOfPage\":{\"@id\":\"https:\/\/wpguerssen-test.odoo.rgbconsulting.com\/es\/producto\/heavy-soul-clear-lp\/#primaryimage\"},\"image\":{\"@id\":\"https:\/\/wpguerssen-test.odoo.rgbconsulting.com\/es\/producto\/heavy-soul-clear-lp\/#primaryimage\"},\"thumbnailUrl\":\"https:\/\/wpguerssen-test.odoo.rgbconsulting.com\/wp-content\/uploads\/2022\/12\/39203.jpg\",\"datePublished\":\"2022-02-21T23:00:00+00:00\",\"dateModified\":\"2025-01-09T14:03:22+00:00\",\"description\":\"Limited Clear Vinyl edition, 300 copies!\\\"Heavy Soul\\\" can be easily considered as one of Ike Quebec's best showcases. Recorded in 1961 by master Rudy Van Gelder and originally released on Blue Note, this fine studio session sounds as a perfect mixture of down-home blues spirit and warm, sensual ballads, with Quebec's big tenor sax voice as the leading force of a hard swinging quartet featuring Freddie Roach - organ, Milt Hinton - bass and Al Harewood - drums.\",\"breadcrumb\":{\"@id\":\"https:\/\/wpguerssen-test.odoo.rgbconsulting.com\/es\/producto\/heavy-soul-clear-lp\/#breadcrumb\"},\"inLanguage\":\"es\",\"potentialAction\":[{\"@type\":\"ReadAction\",\"target\":[\"https:\/\/wpguerssen-test.odoo.rgbconsulting.com\/es\/producto\/heavy-soul-clear-lp\/\"]}]},{\"@type\":\"ImageObject\",\"inLanguage\":\"es\",\"@id\":\"https:\/\/wpguerssen-test.odoo.rgbconsulting.com\/es\/producto\/heavy-soul-clear-lp\/#primaryimage\",\"url\":\"https:\/\/wpguerssen-test.odoo.rgbconsulting.com\/wp-content\/uploads\/2022\/12\/39203.jpg\",\"contentUrl\":\"https:\/\/wpguerssen-test.odoo.rgbconsulting.com\/wp-content\/uploads\/2022\/12\/39203.jpg\",\"width\":1080,\"height\":1080,\"caption\":\"Ike - Heavy Soul (Clear LP) - SOWING RECORDS (LP) | Guerssen\"},{\"@type\":\"BreadcrumbList\",\"@id\":\"https:\/\/wpguerssen-test.odoo.rgbconsulting.com\/es\/producto\/heavy-soul-clear-lp\/#breadcrumb\",\"itemListElement\":[{\"@type\":\"ListItem\",\"position\":1,\"name\":\"Inicio\",\"item\":\"https:\/\/wpguerssen-test.odoo.rgbconsulting.com\/es\/\"},{\"@type\":\"ListItem\",\"position\":2,\"name\":\"Shop\",\"item\":\"https:\/\/wpguerssen-test.odoo.rgbconsulting.com\/shop\/\"},{\"@type\":\"ListItem\",\"position\":3,\"name\":\"Heavy Soul (Clear LP)\"}]},{\"@type\":\"WebSite\",\"@id\":\"https:\/\/wpguerssen-test.odoo.rgbconsulting.com\/es\/#website\",\"url\":\"https:\/\/wpguerssen-test.odoo.rgbconsulting.com\/es\/\",\"name\":\"Guerssen records\",\"description\":\"psychedelia - progressive - folk - garage \",\"publisher\":{\"@id\":\"https:\/\/wpguerssen-test.odoo.rgbconsulting.com\/es\/#organization\"},\"potentialAction\":[{\"@type\":\"SearchAction\",\"target\":{\"@type\":\"EntryPoint\",\"urlTemplate\":\"https:\/\/wpguerssen-test.odoo.rgbconsulting.com\/es\/?s={search_term_string}\"},\"query-input\":{\"@type\":\"PropertyValueSpecification\",\"valueRequired\":true,\"valueName\":\"search_term_string\"}}],\"inLanguage\":\"es\"},{\"@type\":\"Organization\",\"@id\":\"https:\/\/wpguerssen-test.odoo.rgbconsulting.com\/es\/#organization\",\"name\":\"Guerssen records\",\"url\":\"https:\/\/wpguerssen-test.odoo.rgbconsulting.com\/es\/\",\"logo\":{\"@type\":\"ImageObject\",\"inLanguage\":\"es\",\"@id\":\"https:\/\/wpguerssen-test.odoo.rgbconsulting.com\/es\/#\/schema\/logo\/image\/\",\"url\":\"https:\/\/wpguerssen-test.odoo.rgbconsulting.com\/wp-content\/uploads\/2022\/04\/Logo_Guerssen_trans_100.png\",\"contentUrl\":\"https:\/\/wpguerssen-test.odoo.rgbconsulting.com\/wp-content\/uploads\/2022\/04\/Logo_Guerssen_trans_100.png\",\"width\":122,\"height\":100,\"caption\":\"Guerssen records\"},\"image\":{\"@id\":\"https:\/\/wpguerssen-test.odoo.rgbconsulting.com\/es\/#\/schema\/logo\/image\/\"}}]}<\/script>\n<!-- \/ Yoast SEO plugin. -->","yoast_head_json":{"title":"QUEBEC, Ike - Heavy Soul (Clear LP) -  (LP) | Guerssen","description":"Limited Clear Vinyl edition, 300 copies!\"Heavy Soul\" can be easily considered as one of Ike Quebec's best showcases. Recorded in 1961 by master Rudy Van Gelder and originally released on Blue Note, this fine studio session sounds as a perfect mixture of down-home blues spirit and warm, sensual ballads, with Quebec's big tenor sax voice as the leading force of a hard swinging quartet featuring Freddie Roach - organ, Milt Hinton - bass and Al Harewood - drums.","robots":{"index":"index","follow":"follow","max-snippet":"max-snippet:-1","max-image-preview":"max-image-preview:large","max-video-preview":"max-video-preview:-1"},"canonical":"https:\/\/wpguerssen-test.odoo.rgbconsulting.com\/es\/producto\/heavy-soul-clear-lp\/","og_locale":"es_ES","og_type":"article","og_title":"QUEBEC, Ike - Heavy Soul (Clear LP) -  (LP) | Guerssen","og_description":"Limited Clear Vinyl edition, 300 copies!\"Heavy Soul\" can be easily considered as one of Ike Quebec's best showcases. Recorded in 1961 by master Rudy Van Gelder and originally released on Blue Note, this fine studio session sounds as a perfect mixture of down-home blues spirit and warm, sensual ballads, with Quebec's big tenor sax voice as the leading force of a hard swinging quartet featuring Freddie Roach - organ, Milt Hinton - bass and Al Harewood - drums.","og_url":"https:\/\/wpguerssen-test.odoo.rgbconsulting.com\/es\/producto\/heavy-soul-clear-lp\/","og_site_name":"Guerssen records","article_modified_time":"2025-01-09T14:03:22+00:00","og_image":[{"width":1080,"height":1080,"url":"https:\/\/wpguerssen-test.odoo.rgbconsulting.com\/wp-content\/uploads\/2022\/12\/39203.jpg","type":"image\/jpeg"}],"twitter_card":"summary_large_image","twitter_title":"QUEBEC, Ike - Heavy Soul (Clear LP) -  (LP) | Guerssen","schema":{"@context":"https:\/\/schema.org","@graph":[{"@type":"WebPage","@id":"https:\/\/wpguerssen-test.odoo.rgbconsulting.com\/es\/producto\/heavy-soul-clear-lp\/","url":"https:\/\/wpguerssen-test.odoo.rgbconsulting.com\/es\/producto\/heavy-soul-clear-lp\/","name":"QUEBEC, Ike - Heavy Soul (Clear LP) - (LP) | Guerssen","isPartOf":{"@id":"https:\/\/wpguerssen-test.odoo.rgbconsulting.com\/es\/#website"},"primaryImageOfPage":{"@id":"https:\/\/wpguerssen-test.odoo.rgbconsulting.com\/es\/producto\/heavy-soul-clear-lp\/#primaryimage"},"image":{"@id":"https:\/\/wpguerssen-test.odoo.rgbconsulting.com\/es\/producto\/heavy-soul-clear-lp\/#primaryimage"},"thumbnailUrl":"https:\/\/wpguerssen-test.odoo.rgbconsulting.com\/wp-content\/uploads\/2022\/12\/39203.jpg","datePublished":"2022-02-21T23:00:00+00:00","dateModified":"2025-01-09T14:03:22+00:00","description":"Limited Clear Vinyl edition, 300 copies!\"Heavy Soul\" can be easily considered as one of Ike Quebec's best showcases. Recorded in 1961 by master Rudy Van Gelder and originally released on Blue Note, this fine studio session sounds as a perfect mixture of down-home blues spirit and warm, sensual ballads, with Quebec's big tenor sax voice as the leading force of a hard swinging quartet featuring Freddie Roach - organ, Milt Hinton - bass and Al Harewood - drums.","breadcrumb":{"@id":"https:\/\/wpguerssen-test.odoo.rgbconsulting.com\/es\/producto\/heavy-soul-clear-lp\/#breadcrumb"},"inLanguage":"es","potentialAction":[{"@type":"ReadAction","target":["https:\/\/wpguerssen-test.odoo.rgbconsulting.com\/es\/producto\/heavy-soul-clear-lp\/"]}]},{"@type":"ImageObject","inLanguage":"es","@id":"https:\/\/wpguerssen-test.odoo.rgbconsulting.com\/es\/producto\/heavy-soul-clear-lp\/#primaryimage","url":"https:\/\/wpguerssen-test.odoo.rgbconsulting.com\/wp-content\/uploads\/2022\/12\/39203.jpg","contentUrl":"https:\/\/wpguerssen-test.odoo.rgbconsulting.com\/wp-content\/uploads\/2022\/12\/39203.jpg","width":1080,"height":1080,"caption":"Ike - Heavy Soul (Clear LP) - SOWING RECORDS (LP) | Guerssen"},{"@type":"BreadcrumbList","@id":"https:\/\/wpguerssen-test.odoo.rgbconsulting.com\/es\/producto\/heavy-soul-clear-lp\/#breadcrumb","itemListElement":[{"@type":"ListItem","position":1,"name":"Inicio","item":"https:\/\/wpguerssen-test.odoo.rgbconsulting.com\/es\/"},{"@type":"ListItem","position":2,"name":"Shop","item":"https:\/\/wpguerssen-test.odoo.rgbconsulting.com\/shop\/"},{"@type":"ListItem","position":3,"name":"Heavy Soul (Clear LP)"}]},{"@type":"WebSite","@id":"https:\/\/wpguerssen-test.odoo.rgbconsulting.com\/es\/#website","url":"https:\/\/wpguerssen-test.odoo.rgbconsulting.com\/es\/","name":"Guerssen records","description":"psychedelia - progressive - folk - garage ","publisher":{"@id":"https:\/\/wpguerssen-test.odoo.rgbconsulting.com\/es\/#organization"},"potentialAction":[{"@type":"SearchAction","target":{"@type":"EntryPoint","urlTemplate":"https:\/\/wpguerssen-test.odoo.rgbconsulting.com\/es\/?s={search_term_string}"},"query-input":{"@type":"PropertyValueSpecification","valueRequired":true,"valueName":"search_term_string"}}],"inLanguage":"es"},{"@type":"Organization","@id":"https:\/\/wpguerssen-test.odoo.rgbconsulting.com\/es\/#organization","name":"Guerssen records","url":"https:\/\/wpguerssen-test.odoo.rgbconsulting.com\/es\/","logo":{"@type":"ImageObject","inLanguage":"es","@id":"https:\/\/wpguerssen-test.odoo.rgbconsulting.com\/es\/#\/schema\/logo\/image\/","url":"https:\/\/wpguerssen-test.odoo.rgbconsulting.com\/wp-content\/uploads\/2022\/04\/Logo_Guerssen_trans_100.png","contentUrl":"https:\/\/wpguerssen-test.odoo.rgbconsulting.com\/wp-content\/uploads\/2022\/04\/Logo_Guerssen_trans_100.png","width":122,"height":100,"caption":"Guerssen records"},"image":{"@id":"https:\/\/wpguerssen-test.odoo.rgbconsulting.com\/es\/#\/schema\/logo\/image\/"}}]}},"_links":{"self":[{"href":"https:\/\/wpguerssen-test.odoo.rgbconsulting.com\/es\/wp-json\/wp\/v2\/product\/209027","targetHints":{"allow":["GET"]}}],"collection":[{"href":"https:\/\/wpguerssen-test.odoo.rgbconsulting.com\/es\/wp-json\/wp\/v2\/product"}],"about":[{"href":"https:\/\/wpguerssen-test.odoo.rgbconsulting.com\/es\/wp-json\/wp\/v2\/types\/product"}],"wp:featuredmedia":[{"embeddable":true,"href":"https:\/\/wpguerssen-test.odoo.rgbconsulting.com\/es\/wp-json\/wp\/v2\/media\/223588"}],"wp:attachment":[{"href":"https:\/\/wpguerssen-test.odoo.rgbconsulting.com\/es\/wp-json\/wp\/v2\/media?parent=209027"}],"wp:term":[{"taxonomy":"product_brand","embeddable":true,"href":"https:\/\/wpguerssen-test.odoo.rgbconsulting.com\/es\/wp-json\/wp\/v2\/product_brand?post=209027"},{"taxonomy":"product_cat","embeddable":true,"href":"https:\/\/wpguerssen-test.odoo.rgbconsulting.com\/es\/wp-json\/wp\/v2\/product_cat?post=209027"},{"taxonomy":"product_tag","embeddable":true,"href":"https:\/\/wpguerssen-test.odoo.rgbconsulting.com\/es\/wp-json\/wp\/v2\/product_tag?post=209027"}],"curies":[{"name":"wp","href":"https:\/\/api.w.org\/{rel}","templated":true}]}}