{"id":209030,"date":"2022-01-26T00:00:00","date_gmt":"2022-01-25T23:00:00","guid":{"rendered":"http:\/\/guerssen.hl1097.dinaserver.com\/product\/storm-the-gates-of-heaven\/"},"modified":"2025-01-13T15:45:49","modified_gmt":"2025-01-13T14:45:49","slug":"storm-the-gates-of-heaven","status":"publish","type":"product","link":"https:\/\/wpguerssen-test.odoo.rgbconsulting.com\/es\/producto\/storm-the-gates-of-heaven\/","title":{"rendered":"Storm the Gates of Heaven"},"content":{"rendered":"<p>Su segundo LP, 1978. Todo un cl\u00e1sico punk-rock. Incluye su versi\u00f3n del cl\u00e1sico de Electric Prunes \u00abI had too much to dream&#8230;\u00bb<\/p>\n","protected":false},"excerpt":{"rendered":"<p>Su segundo LP, 1978. Todo un cl\u00e1sico punk-rock. Incluye su versi\u00f3n del cl\u00e1sico de Electric Prunes \u00abI had too much to dream&#8230;\u00bb<\/p>\n","protected":false},"featured_media":129442,"template":"","meta":{"_acf_changed":false},"product_brand":[],"product_cat":[23219,23235],"product_tag":[],"class_list":{"0":"post-209030","1":"product","2":"type-product","3":"status-publish","4":"has-post-thumbnail","6":"product_cat-funk-es","7":"product_cat-post-punk-es","8":"pa_artist-county-the-electric-chairs-wayne","9":"pa_format-lp-es","10":"pa_gender-post-punk-funk","11":"pa_label-spittle-records","12":"pa_location-uk-ireland-es","13":"pa_other-filters-vinyl-only-es","15":"first","16":"instock","17":"taxable","18":"shipping-taxable","19":"purchasable","20":"product-type-simple"},"acf":[],"yoast_head":"<!-- This site is optimized with the Yoast SEO plugin v24.9 - https:\/\/yoast.com\/wordpress\/plugins\/seo\/ -->\n<title>COUNTY &amp; THE ELECTRIC CHAIRS, Wayne - Storm the Gates of Heaven -  (LP) | Guerssen<\/title>\n<meta name=\"description\" content=\"Prior to his release this record was simply &#039;labeled&#039; as Punk-Rock but this one comes from the New York Dolls side of Glam Punk. Storm the Gates of Heaven reveals unusual aspects of County&#039;s work: serious, reflective and profound. The monologue introducing the title track is the only part that may be considered offensive. The sound is a blend of bass, lead &amp; rhythm guitar, drums &amp; percussion by the versatile Electric Chairs.Embellished by Hammond organ, the title track rages against and laments the suffering caused by religious wars. Cry Of Angels is an eloquent, even anthemic defense of Enlightenment values on which the guitar textures and the hook around the chorus superbly complement one another. An artful blend of County&#039;s characteristic outrage and the pure pop genius that lay behind the garish accoutrements, Storm the Gates of Heaven jams its eight tracks between two undisguised classics, the anthemic title track and a so-optimistic reading of &quot;Tomorrow Is Another Day, not to mention a stunning cover-version of the Electric Prune&#039;s &quot;I had too much to dream last Night&quot;\" \/>\n<meta name=\"robots\" content=\"index, follow, max-snippet:-1, max-image-preview:large, max-video-preview:-1\" \/>\n<link rel=\"canonical\" href=\"https:\/\/wpguerssen-test.odoo.rgbconsulting.com\/es\/producto\/storm-the-gates-of-heaven\/\" \/>\n<meta property=\"og:locale\" content=\"es_ES\" \/>\n<meta property=\"og:type\" content=\"article\" \/>\n<meta property=\"og:title\" content=\"COUNTY &amp; THE ELECTRIC CHAIRS, Wayne - Storm the Gates of Heaven -  (LP) | Guerssen\" \/>\n<meta property=\"og:description\" content=\"Prior to his release this record was simply &#039;labeled&#039; as Punk-Rock but this one comes from the New York Dolls side of Glam Punk. Storm the Gates of Heaven reveals unusual aspects of County&#039;s work: serious, reflective and profound. The monologue introducing the title track is the only part that may be considered offensive. The sound is a blend of bass, lead &amp; rhythm guitar, drums &amp; percussion by the versatile Electric Chairs.Embellished by Hammond organ, the title track rages against and laments the suffering caused by religious wars. Cry Of Angels is an eloquent, even anthemic defense of Enlightenment values on which the guitar textures and the hook around the chorus superbly complement one another. An artful blend of County&#039;s characteristic outrage and the pure pop genius that lay behind the garish accoutrements, Storm the Gates of Heaven jams its eight tracks between two undisguised classics, the anthemic title track and a so-optimistic reading of &quot;Tomorrow Is Another Day, not to mention a stunning cover-version of the Electric Prune&#039;s &quot;I had too much to dream last Night&quot;\" \/>\n<meta property=\"og:url\" content=\"https:\/\/wpguerssen-test.odoo.rgbconsulting.com\/es\/producto\/storm-the-gates-of-heaven\/\" \/>\n<meta property=\"og:site_name\" content=\"Guerssen records\" \/>\n<meta property=\"article:modified_time\" content=\"2025-01-13T14:45:49+00:00\" \/>\n<meta property=\"og:image\" content=\"https:\/\/wpguerssen-test.odoo.rgbconsulting.com\/wp-content\/uploads\/2022\/03\/39206.jpg\" \/>\n\t<meta property=\"og:image:width\" content=\"302\" \/>\n\t<meta property=\"og:image:height\" content=\"302\" \/>\n\t<meta property=\"og:image:type\" content=\"image\/jpeg\" \/>\n<meta name=\"twitter:card\" content=\"summary_large_image\" \/>\n<meta name=\"twitter:title\" content=\"COUNTY &amp; THE ELECTRIC CHAIRS, Wayne - Storm the Gates of Heaven -  (LP) | Guerssen\" \/>\n<script type=\"application\/ld+json\" class=\"yoast-schema-graph\">{\"@context\":\"https:\/\/schema.org\",\"@graph\":[{\"@type\":\"WebPage\",\"@id\":\"https:\/\/wpguerssen-test.odoo.rgbconsulting.com\/es\/producto\/storm-the-gates-of-heaven\/\",\"url\":\"https:\/\/wpguerssen-test.odoo.rgbconsulting.com\/es\/producto\/storm-the-gates-of-heaven\/\",\"name\":\"COUNTY & THE ELECTRIC CHAIRS, Wayne - Storm the Gates of Heaven - (LP) | Guerssen\",\"isPartOf\":{\"@id\":\"https:\/\/wpguerssen-test.odoo.rgbconsulting.com\/es\/#website\"},\"primaryImageOfPage\":{\"@id\":\"https:\/\/wpguerssen-test.odoo.rgbconsulting.com\/es\/producto\/storm-the-gates-of-heaven\/#primaryimage\"},\"image\":{\"@id\":\"https:\/\/wpguerssen-test.odoo.rgbconsulting.com\/es\/producto\/storm-the-gates-of-heaven\/#primaryimage\"},\"thumbnailUrl\":\"https:\/\/wpguerssen-test.odoo.rgbconsulting.com\/wp-content\/uploads\/2022\/03\/39206.jpg\",\"datePublished\":\"2022-01-25T23:00:00+00:00\",\"dateModified\":\"2025-01-13T14:45:49+00:00\",\"description\":\"Prior to his release this record was simply 'labeled' as Punk-Rock but this one comes from the New York Dolls side of Glam Punk. Storm the Gates of Heaven reveals unusual aspects of County's work: serious, reflective and profound. The monologue introducing the title track is the only part that may be considered offensive. The sound is a blend of bass, lead & rhythm guitar, drums & percussion by the versatile Electric Chairs.Embellished by Hammond organ, the title track rages against and laments the suffering caused by religious wars. Cry Of Angels is an eloquent, even anthemic defense of Enlightenment values on which the guitar textures and the hook around the chorus superbly complement one another. An artful blend of County's characteristic outrage and the pure pop genius that lay behind the garish accoutrements, Storm the Gates of Heaven jams its eight tracks between two undisguised classics, the anthemic title track and a so-optimistic reading of \\\"Tomorrow Is Another Day, not to mention a stunning cover-version of the Electric Prune's \\\"I had too much to dream last Night\\\"\",\"breadcrumb\":{\"@id\":\"https:\/\/wpguerssen-test.odoo.rgbconsulting.com\/es\/producto\/storm-the-gates-of-heaven\/#breadcrumb\"},\"inLanguage\":\"es\",\"potentialAction\":[{\"@type\":\"ReadAction\",\"target\":[\"https:\/\/wpguerssen-test.odoo.rgbconsulting.com\/es\/producto\/storm-the-gates-of-heaven\/\"]}]},{\"@type\":\"ImageObject\",\"inLanguage\":\"es\",\"@id\":\"https:\/\/wpguerssen-test.odoo.rgbconsulting.com\/es\/producto\/storm-the-gates-of-heaven\/#primaryimage\",\"url\":\"https:\/\/wpguerssen-test.odoo.rgbconsulting.com\/wp-content\/uploads\/2022\/03\/39206.jpg\",\"contentUrl\":\"https:\/\/wpguerssen-test.odoo.rgbconsulting.com\/wp-content\/uploads\/2022\/03\/39206.jpg\",\"width\":302,\"height\":302,\"caption\":\"Wayne - Storm the Gates of Heaven - SPITTLE RECORDS (LP) | Guerssen\"},{\"@type\":\"BreadcrumbList\",\"@id\":\"https:\/\/wpguerssen-test.odoo.rgbconsulting.com\/es\/producto\/storm-the-gates-of-heaven\/#breadcrumb\",\"itemListElement\":[{\"@type\":\"ListItem\",\"position\":1,\"name\":\"Inicio\",\"item\":\"https:\/\/wpguerssen-test.odoo.rgbconsulting.com\/es\/\"},{\"@type\":\"ListItem\",\"position\":2,\"name\":\"Shop\",\"item\":\"https:\/\/wpguerssen-test.odoo.rgbconsulting.com\/shop\/\"},{\"@type\":\"ListItem\",\"position\":3,\"name\":\"Storm the Gates of Heaven\"}]},{\"@type\":\"WebSite\",\"@id\":\"https:\/\/wpguerssen-test.odoo.rgbconsulting.com\/es\/#website\",\"url\":\"https:\/\/wpguerssen-test.odoo.rgbconsulting.com\/es\/\",\"name\":\"Guerssen records\",\"description\":\"psychedelia - progressive - folk - garage \",\"publisher\":{\"@id\":\"https:\/\/wpguerssen-test.odoo.rgbconsulting.com\/es\/#organization\"},\"potentialAction\":[{\"@type\":\"SearchAction\",\"target\":{\"@type\":\"EntryPoint\",\"urlTemplate\":\"https:\/\/wpguerssen-test.odoo.rgbconsulting.com\/es\/?s={search_term_string}\"},\"query-input\":{\"@type\":\"PropertyValueSpecification\",\"valueRequired\":true,\"valueName\":\"search_term_string\"}}],\"inLanguage\":\"es\"},{\"@type\":\"Organization\",\"@id\":\"https:\/\/wpguerssen-test.odoo.rgbconsulting.com\/es\/#organization\",\"name\":\"Guerssen records\",\"url\":\"https:\/\/wpguerssen-test.odoo.rgbconsulting.com\/es\/\",\"logo\":{\"@type\":\"ImageObject\",\"inLanguage\":\"es\",\"@id\":\"https:\/\/wpguerssen-test.odoo.rgbconsulting.com\/es\/#\/schema\/logo\/image\/\",\"url\":\"https:\/\/wpguerssen-test.odoo.rgbconsulting.com\/wp-content\/uploads\/2022\/04\/Logo_Guerssen_trans_100.png\",\"contentUrl\":\"https:\/\/wpguerssen-test.odoo.rgbconsulting.com\/wp-content\/uploads\/2022\/04\/Logo_Guerssen_trans_100.png\",\"width\":122,\"height\":100,\"caption\":\"Guerssen records\"},\"image\":{\"@id\":\"https:\/\/wpguerssen-test.odoo.rgbconsulting.com\/es\/#\/schema\/logo\/image\/\"}}]}<\/script>\n<!-- \/ Yoast SEO plugin. -->","yoast_head_json":{"title":"COUNTY & THE ELECTRIC CHAIRS, Wayne - Storm the Gates of Heaven -  (LP) | Guerssen","description":"Prior to his release this record was simply 'labeled' as Punk-Rock but this one comes from the New York Dolls side of Glam Punk. Storm the Gates of Heaven reveals unusual aspects of County's work: serious, reflective and profound. The monologue introducing the title track is the only part that may be considered offensive. The sound is a blend of bass, lead & rhythm guitar, drums & percussion by the versatile Electric Chairs.Embellished by Hammond organ, the title track rages against and laments the suffering caused by religious wars. Cry Of Angels is an eloquent, even anthemic defense of Enlightenment values on which the guitar textures and the hook around the chorus superbly complement one another. An artful blend of County's characteristic outrage and the pure pop genius that lay behind the garish accoutrements, Storm the Gates of Heaven jams its eight tracks between two undisguised classics, the anthemic title track and a so-optimistic reading of \"Tomorrow Is Another Day, not to mention a stunning cover-version of the Electric Prune's \"I had too much to dream last Night\"","robots":{"index":"index","follow":"follow","max-snippet":"max-snippet:-1","max-image-preview":"max-image-preview:large","max-video-preview":"max-video-preview:-1"},"canonical":"https:\/\/wpguerssen-test.odoo.rgbconsulting.com\/es\/producto\/storm-the-gates-of-heaven\/","og_locale":"es_ES","og_type":"article","og_title":"COUNTY & THE ELECTRIC CHAIRS, Wayne - Storm the Gates of Heaven -  (LP) | Guerssen","og_description":"Prior to his release this record was simply 'labeled' as Punk-Rock but this one comes from the New York Dolls side of Glam Punk. Storm the Gates of Heaven reveals unusual aspects of County's work: serious, reflective and profound. The monologue introducing the title track is the only part that may be considered offensive. The sound is a blend of bass, lead & rhythm guitar, drums & percussion by the versatile Electric Chairs.Embellished by Hammond organ, the title track rages against and laments the suffering caused by religious wars. Cry Of Angels is an eloquent, even anthemic defense of Enlightenment values on which the guitar textures and the hook around the chorus superbly complement one another. An artful blend of County's characteristic outrage and the pure pop genius that lay behind the garish accoutrements, Storm the Gates of Heaven jams its eight tracks between two undisguised classics, the anthemic title track and a so-optimistic reading of \"Tomorrow Is Another Day, not to mention a stunning cover-version of the Electric Prune's \"I had too much to dream last Night\"","og_url":"https:\/\/wpguerssen-test.odoo.rgbconsulting.com\/es\/producto\/storm-the-gates-of-heaven\/","og_site_name":"Guerssen records","article_modified_time":"2025-01-13T14:45:49+00:00","og_image":[{"width":302,"height":302,"url":"https:\/\/wpguerssen-test.odoo.rgbconsulting.com\/wp-content\/uploads\/2022\/03\/39206.jpg","type":"image\/jpeg"}],"twitter_card":"summary_large_image","twitter_title":"COUNTY & THE ELECTRIC CHAIRS, Wayne - Storm the Gates of Heaven -  (LP) | Guerssen","schema":{"@context":"https:\/\/schema.org","@graph":[{"@type":"WebPage","@id":"https:\/\/wpguerssen-test.odoo.rgbconsulting.com\/es\/producto\/storm-the-gates-of-heaven\/","url":"https:\/\/wpguerssen-test.odoo.rgbconsulting.com\/es\/producto\/storm-the-gates-of-heaven\/","name":"COUNTY & THE ELECTRIC CHAIRS, Wayne - Storm the Gates of Heaven - (LP) | Guerssen","isPartOf":{"@id":"https:\/\/wpguerssen-test.odoo.rgbconsulting.com\/es\/#website"},"primaryImageOfPage":{"@id":"https:\/\/wpguerssen-test.odoo.rgbconsulting.com\/es\/producto\/storm-the-gates-of-heaven\/#primaryimage"},"image":{"@id":"https:\/\/wpguerssen-test.odoo.rgbconsulting.com\/es\/producto\/storm-the-gates-of-heaven\/#primaryimage"},"thumbnailUrl":"https:\/\/wpguerssen-test.odoo.rgbconsulting.com\/wp-content\/uploads\/2022\/03\/39206.jpg","datePublished":"2022-01-25T23:00:00+00:00","dateModified":"2025-01-13T14:45:49+00:00","description":"Prior to his release this record was simply 'labeled' as Punk-Rock but this one comes from the New York Dolls side of Glam Punk. Storm the Gates of Heaven reveals unusual aspects of County's work: serious, reflective and profound. The monologue introducing the title track is the only part that may be considered offensive. The sound is a blend of bass, lead & rhythm guitar, drums & percussion by the versatile Electric Chairs.Embellished by Hammond organ, the title track rages against and laments the suffering caused by religious wars. Cry Of Angels is an eloquent, even anthemic defense of Enlightenment values on which the guitar textures and the hook around the chorus superbly complement one another. An artful blend of County's characteristic outrage and the pure pop genius that lay behind the garish accoutrements, Storm the Gates of Heaven jams its eight tracks between two undisguised classics, the anthemic title track and a so-optimistic reading of \"Tomorrow Is Another Day, not to mention a stunning cover-version of the Electric Prune's \"I had too much to dream last Night\"","breadcrumb":{"@id":"https:\/\/wpguerssen-test.odoo.rgbconsulting.com\/es\/producto\/storm-the-gates-of-heaven\/#breadcrumb"},"inLanguage":"es","potentialAction":[{"@type":"ReadAction","target":["https:\/\/wpguerssen-test.odoo.rgbconsulting.com\/es\/producto\/storm-the-gates-of-heaven\/"]}]},{"@type":"ImageObject","inLanguage":"es","@id":"https:\/\/wpguerssen-test.odoo.rgbconsulting.com\/es\/producto\/storm-the-gates-of-heaven\/#primaryimage","url":"https:\/\/wpguerssen-test.odoo.rgbconsulting.com\/wp-content\/uploads\/2022\/03\/39206.jpg","contentUrl":"https:\/\/wpguerssen-test.odoo.rgbconsulting.com\/wp-content\/uploads\/2022\/03\/39206.jpg","width":302,"height":302,"caption":"Wayne - Storm the Gates of Heaven - SPITTLE RECORDS (LP) | Guerssen"},{"@type":"BreadcrumbList","@id":"https:\/\/wpguerssen-test.odoo.rgbconsulting.com\/es\/producto\/storm-the-gates-of-heaven\/#breadcrumb","itemListElement":[{"@type":"ListItem","position":1,"name":"Inicio","item":"https:\/\/wpguerssen-test.odoo.rgbconsulting.com\/es\/"},{"@type":"ListItem","position":2,"name":"Shop","item":"https:\/\/wpguerssen-test.odoo.rgbconsulting.com\/shop\/"},{"@type":"ListItem","position":3,"name":"Storm the Gates of Heaven"}]},{"@type":"WebSite","@id":"https:\/\/wpguerssen-test.odoo.rgbconsulting.com\/es\/#website","url":"https:\/\/wpguerssen-test.odoo.rgbconsulting.com\/es\/","name":"Guerssen records","description":"psychedelia - progressive - folk - garage ","publisher":{"@id":"https:\/\/wpguerssen-test.odoo.rgbconsulting.com\/es\/#organization"},"potentialAction":[{"@type":"SearchAction","target":{"@type":"EntryPoint","urlTemplate":"https:\/\/wpguerssen-test.odoo.rgbconsulting.com\/es\/?s={search_term_string}"},"query-input":{"@type":"PropertyValueSpecification","valueRequired":true,"valueName":"search_term_string"}}],"inLanguage":"es"},{"@type":"Organization","@id":"https:\/\/wpguerssen-test.odoo.rgbconsulting.com\/es\/#organization","name":"Guerssen records","url":"https:\/\/wpguerssen-test.odoo.rgbconsulting.com\/es\/","logo":{"@type":"ImageObject","inLanguage":"es","@id":"https:\/\/wpguerssen-test.odoo.rgbconsulting.com\/es\/#\/schema\/logo\/image\/","url":"https:\/\/wpguerssen-test.odoo.rgbconsulting.com\/wp-content\/uploads\/2022\/04\/Logo_Guerssen_trans_100.png","contentUrl":"https:\/\/wpguerssen-test.odoo.rgbconsulting.com\/wp-content\/uploads\/2022\/04\/Logo_Guerssen_trans_100.png","width":122,"height":100,"caption":"Guerssen records"},"image":{"@id":"https:\/\/wpguerssen-test.odoo.rgbconsulting.com\/es\/#\/schema\/logo\/image\/"}}]}},"_links":{"self":[{"href":"https:\/\/wpguerssen-test.odoo.rgbconsulting.com\/es\/wp-json\/wp\/v2\/product\/209030","targetHints":{"allow":["GET"]}}],"collection":[{"href":"https:\/\/wpguerssen-test.odoo.rgbconsulting.com\/es\/wp-json\/wp\/v2\/product"}],"about":[{"href":"https:\/\/wpguerssen-test.odoo.rgbconsulting.com\/es\/wp-json\/wp\/v2\/types\/product"}],"wp:featuredmedia":[{"embeddable":true,"href":"https:\/\/wpguerssen-test.odoo.rgbconsulting.com\/es\/wp-json\/wp\/v2\/media\/129442"}],"wp:attachment":[{"href":"https:\/\/wpguerssen-test.odoo.rgbconsulting.com\/es\/wp-json\/wp\/v2\/media?parent=209030"}],"wp:term":[{"taxonomy":"product_brand","embeddable":true,"href":"https:\/\/wpguerssen-test.odoo.rgbconsulting.com\/es\/wp-json\/wp\/v2\/product_brand?post=209030"},{"taxonomy":"product_cat","embeddable":true,"href":"https:\/\/wpguerssen-test.odoo.rgbconsulting.com\/es\/wp-json\/wp\/v2\/product_cat?post=209030"},{"taxonomy":"product_tag","embeddable":true,"href":"https:\/\/wpguerssen-test.odoo.rgbconsulting.com\/es\/wp-json\/wp\/v2\/product_tag?post=209030"}],"curies":[{"name":"wp","href":"https:\/\/api.w.org\/{rel}","templated":true}]}}