{"id":209050,"date":"2021-09-22T00:00:00","date_gmt":"2021-09-21T22:00:00","guid":{"rendered":"http:\/\/guerssen.hl1097.dinaserver.com\/product\/instrumental-gemsvol-3spanish-bossa-nova-72-77\/"},"modified":"2025-03-28T12:32:21","modified_gmt":"2025-03-28T11:32:21","slug":"instrumental-gemsvol-3spanish-bossa-nova-72-77","status":"publish","type":"product","link":"https:\/\/wpguerssen-test.odoo.rgbconsulting.com\/es\/producto\/instrumental-gemsvol-3spanish-bossa-nova-72-77\/","title":{"rendered":"Instrumental Gems,vol. 3*Spanish Bossa Nova 72\/77"},"content":{"rendered":"<p>Por fin llega la tercera entrega de nuestros recopilatorios &#8216;Instrumental Gems&#8217;, centrados en rescatar tesoros de la m\u00fasica instrumental grabada en Espa\u00f1a durante los a\u00f1os 60 y 70. <\/p>\n<p> Tracklist: 1. Ram\u00f3n Gil \u00abSuena Bossa\u00bb &#8211; 2. Orquesta Mario Sell\u00e9s \u00abPata de conejo\u00bb &#8211; 3. Dany Roy And His Band \u00abBossa en beat\u00bb &#8211; 4. Nick Wilson \u00abBrasil coconuts\u00bb &#8211; 5. Conjunto Nueva Onda \u00abTumba y bembe\u00bb &#8211; 6. Rafael Mart\u00ednez \u00abFiesta en R\u00edo\u00bb &#8211; 7. Lorca-Saboya \u00abLa costa\u00bb &#8211; 8. Orquesta Tamba 8 \u00abTamba 8\u00bb &#8211; 9. Red-Key \u00abMaranha\u00bb &#8211; 10. Unidades \u00abBrasilia\u00bb &#8211; 11. Conjunto: Olivino \u00abVanessa\u00bb &#8211; 12. Elipse \u00abJunto a ti\u00bb &#8211; 13. Play Boys \u00abTe quiero\u00bb &#8211; 14. Antonio Barco \u00abArigato\u00bb<\/p>\n","protected":false},"excerpt":{"rendered":"<p>Por fin llega la tercera entrega de nuestros recopilatorios &#8216;Instrumental Gems&#8217;, centrados en rescatar tesoros de la m\u00fasica instrumental grabada en Espa\u00f1a<a class=\"read\" href=\"https:\/\/wpguerssen-test.odoo.rgbconsulting.com\/es\/producto\/instrumental-gemsvol-3spanish-bossa-nova-72-77\/\"> (...)<\/a>","protected":false},"featured_media":129482,"template":"","meta":{"_acf_changed":false},"product_brand":[],"product_cat":[23231],"product_tag":[],"class_list":{"0":"post-209050","1":"product","2":"type-product","3":"status-publish","4":"has-post-thumbnail","6":"product_cat-latin-brazilian-es","7":"pa_artist-various-artists-es","8":"pa_format-lp-es","9":"pa_gender-latin-brazilian","10":"pa_label-adarce-records","11":"pa_location-spain-es","12":"pa_other-filters-vinyl-only-es","14":"first","15":"instock","16":"taxable","17":"shipping-taxable","18":"purchasable","19":"product-type-simple"},"acf":[],"yoast_head":"<!-- This site is optimized with the Yoast SEO plugin v24.9 - https:\/\/yoast.com\/wordpress\/plugins\/seo\/ -->\n<title>VARIOUS ARTISTS - Instrumental Gems,vol. 3*Spanish Bossa Nova 72\/77 -  (LP) | Guerssen<\/title>\n<meta name=\"description\" content=\"The third installment of our &quot;Instrumental Gems&quot; compilations is finally out, focused on discovering treasures of instrumental music recorded in Spain during the 60s and 70s. Those were years when a significant number of orchestras and dance ensembles proliferated in Spain, most of which barely managed to press their songs on vinyl, but if we look deeper into the catalog of small labels of the time or self-released singles, we find pieces of undoubted quality. Many did not have a commercial course since the orchestras used them basically on a promotional level to get concerts or generate copyright, and it is for this reason that they are so hard to find for collectors of the genre. Most authors opted for pasodoble, swing, groove and Spanish soul, being bossa nova a genre less used in their compositions. The purpose of this compilation is to highlight a hidden treasure among those wonderful EPs, instrumental jewels that drink from the simplicity of bossa, to flirt with hotter rhythms close to Latin jazz, an explosive mix hidden in the 14 cuts of the LP. #nl# Tracklist: 1. Ram\u00f3n Gil &quot;Suena Bossa&quot; - 2. Orquesta Mario Sell\u00e9s &quot;Pata de conejo&quot; - 3. Dany Roy And His Band &quot;Bossa en beat&quot; - 4. Nick Wilson &quot;Brasil coconuts&quot; - 5. Conjunto Nueva Onda &quot;Tumba y bembe&quot; - 6. Rafael Mart\u00ednez &quot;Fiesta en R\u00edo&quot; - 7. Lorca-Saboya &quot;La costa&quot; - 8. Orquesta Tamba 8 &quot;Tamba 8&quot; - 9. Red-Key &quot;Maranha&quot; - 10. Unidades &quot;Brasilia&quot; - 11. Conjunto: Olivino &quot;Vanessa&quot; - 12. Elipse &quot;Junto a ti&quot; - 13. Play Boys &quot;Te quiero&quot; - 14. Antonio Barco &quot;Arigato&quot;\" \/>\n<meta name=\"robots\" content=\"index, follow, max-snippet:-1, max-image-preview:large, max-video-preview:-1\" \/>\n<link rel=\"canonical\" href=\"https:\/\/wpguerssen-test.odoo.rgbconsulting.com\/es\/producto\/instrumental-gemsvol-3spanish-bossa-nova-72-77\/\" \/>\n<meta property=\"og:locale\" content=\"es_ES\" \/>\n<meta property=\"og:type\" content=\"article\" \/>\n<meta property=\"og:title\" content=\"VARIOUS ARTISTS - Instrumental Gems,vol. 3*Spanish Bossa Nova 72\/77 -  (LP) | Guerssen\" \/>\n<meta property=\"og:description\" content=\"The third installment of our &quot;Instrumental Gems&quot; compilations is finally out, focused on discovering treasures of instrumental music recorded in Spain during the 60s and 70s. Those were years when a significant number of orchestras and dance ensembles proliferated in Spain, most of which barely managed to press their songs on vinyl, but if we look deeper into the catalog of small labels of the time or self-released singles, we find pieces of undoubted quality. Many did not have a commercial course since the orchestras used them basically on a promotional level to get concerts or generate copyright, and it is for this reason that they are so hard to find for collectors of the genre. Most authors opted for pasodoble, swing, groove and Spanish soul, being bossa nova a genre less used in their compositions. The purpose of this compilation is to highlight a hidden treasure among those wonderful EPs, instrumental jewels that drink from the simplicity of bossa, to flirt with hotter rhythms close to Latin jazz, an explosive mix hidden in the 14 cuts of the LP. #nl# Tracklist: 1. Ram\u00f3n Gil &quot;Suena Bossa&quot; - 2. Orquesta Mario Sell\u00e9s &quot;Pata de conejo&quot; - 3. Dany Roy And His Band &quot;Bossa en beat&quot; - 4. Nick Wilson &quot;Brasil coconuts&quot; - 5. Conjunto Nueva Onda &quot;Tumba y bembe&quot; - 6. Rafael Mart\u00ednez &quot;Fiesta en R\u00edo&quot; - 7. Lorca-Saboya &quot;La costa&quot; - 8. Orquesta Tamba 8 &quot;Tamba 8&quot; - 9. Red-Key &quot;Maranha&quot; - 10. Unidades &quot;Brasilia&quot; - 11. Conjunto: Olivino &quot;Vanessa&quot; - 12. Elipse &quot;Junto a ti&quot; - 13. Play Boys &quot;Te quiero&quot; - 14. Antonio Barco &quot;Arigato&quot;\" \/>\n<meta property=\"og:url\" content=\"https:\/\/wpguerssen-test.odoo.rgbconsulting.com\/es\/producto\/instrumental-gemsvol-3spanish-bossa-nova-72-77\/\" \/>\n<meta property=\"og:site_name\" content=\"Guerssen records\" \/>\n<meta property=\"article:modified_time\" content=\"2025-03-28T11:32:21+00:00\" \/>\n<meta property=\"og:image\" content=\"https:\/\/wpguerssen-test.odoo.rgbconsulting.com\/wp-content\/uploads\/2022\/03\/39232.jpg\" \/>\n\t<meta property=\"og:image:width\" content=\"302\" \/>\n\t<meta property=\"og:image:height\" content=\"302\" \/>\n\t<meta property=\"og:image:type\" content=\"image\/jpeg\" \/>\n<meta name=\"twitter:card\" content=\"summary_large_image\" \/>\n<meta name=\"twitter:title\" content=\"VARIOUS ARTISTS - Instrumental Gems,vol. 3*Spanish Bossa Nova 72\/77 -  (LP) | Guerssen\" \/>\n<meta name=\"twitter:label1\" content=\"Tiempo de lectura\" \/>\n\t<meta name=\"twitter:data1\" content=\"1 minuto\" \/>\n<script type=\"application\/ld+json\" class=\"yoast-schema-graph\">{\"@context\":\"https:\/\/schema.org\",\"@graph\":[{\"@type\":\"WebPage\",\"@id\":\"https:\/\/wpguerssen-test.odoo.rgbconsulting.com\/es\/producto\/instrumental-gemsvol-3spanish-bossa-nova-72-77\/\",\"url\":\"https:\/\/wpguerssen-test.odoo.rgbconsulting.com\/es\/producto\/instrumental-gemsvol-3spanish-bossa-nova-72-77\/\",\"name\":\"VARIOUS ARTISTS - Instrumental Gems,vol. 3*Spanish Bossa Nova 72\/77 - (LP) | Guerssen\",\"isPartOf\":{\"@id\":\"https:\/\/wpguerssen-test.odoo.rgbconsulting.com\/es\/#website\"},\"primaryImageOfPage\":{\"@id\":\"https:\/\/wpguerssen-test.odoo.rgbconsulting.com\/es\/producto\/instrumental-gemsvol-3spanish-bossa-nova-72-77\/#primaryimage\"},\"image\":{\"@id\":\"https:\/\/wpguerssen-test.odoo.rgbconsulting.com\/es\/producto\/instrumental-gemsvol-3spanish-bossa-nova-72-77\/#primaryimage\"},\"thumbnailUrl\":\"https:\/\/wpguerssen-test.odoo.rgbconsulting.com\/wp-content\/uploads\/2022\/03\/39232.jpg\",\"datePublished\":\"2021-09-21T22:00:00+00:00\",\"dateModified\":\"2025-03-28T11:32:21+00:00\",\"description\":\"The third installment of our \\\"Instrumental Gems\\\" compilations is finally out, focused on discovering treasures of instrumental music recorded in Spain during the 60s and 70s. Those were years when a significant number of orchestras and dance ensembles proliferated in Spain, most of which barely managed to press their songs on vinyl, but if we look deeper into the catalog of small labels of the time or self-released singles, we find pieces of undoubted quality. Many did not have a commercial course since the orchestras used them basically on a promotional level to get concerts or generate copyright, and it is for this reason that they are so hard to find for collectors of the genre. Most authors opted for pasodoble, swing, groove and Spanish soul, being bossa nova a genre less used in their compositions. The purpose of this compilation is to highlight a hidden treasure among those wonderful EPs, instrumental jewels that drink from the simplicity of bossa, to flirt with hotter rhythms close to Latin jazz, an explosive mix hidden in the 14 cuts of the LP. #nl# Tracklist: 1. Ram\u00f3n Gil \\\"Suena Bossa\\\" - 2. Orquesta Mario Sell\u00e9s \\\"Pata de conejo\\\" - 3. Dany Roy And His Band \\\"Bossa en beat\\\" - 4. Nick Wilson \\\"Brasil coconuts\\\" - 5. Conjunto Nueva Onda \\\"Tumba y bembe\\\" - 6. Rafael Mart\u00ednez \\\"Fiesta en R\u00edo\\\" - 7. Lorca-Saboya \\\"La costa\\\" - 8. Orquesta Tamba 8 \\\"Tamba 8\\\" - 9. Red-Key \\\"Maranha\\\" - 10. Unidades \\\"Brasilia\\\" - 11. Conjunto: Olivino \\\"Vanessa\\\" - 12. Elipse \\\"Junto a ti\\\" - 13. Play Boys \\\"Te quiero\\\" - 14. Antonio Barco \\\"Arigato\\\"\",\"breadcrumb\":{\"@id\":\"https:\/\/wpguerssen-test.odoo.rgbconsulting.com\/es\/producto\/instrumental-gemsvol-3spanish-bossa-nova-72-77\/#breadcrumb\"},\"inLanguage\":\"es\",\"potentialAction\":[{\"@type\":\"ReadAction\",\"target\":[\"https:\/\/wpguerssen-test.odoo.rgbconsulting.com\/es\/producto\/instrumental-gemsvol-3spanish-bossa-nova-72-77\/\"]}]},{\"@type\":\"ImageObject\",\"inLanguage\":\"es\",\"@id\":\"https:\/\/wpguerssen-test.odoo.rgbconsulting.com\/es\/producto\/instrumental-gemsvol-3spanish-bossa-nova-72-77\/#primaryimage\",\"url\":\"https:\/\/wpguerssen-test.odoo.rgbconsulting.com\/wp-content\/uploads\/2022\/03\/39232.jpg\",\"contentUrl\":\"https:\/\/wpguerssen-test.odoo.rgbconsulting.com\/wp-content\/uploads\/2022\/03\/39232.jpg\",\"width\":302,\"height\":302,\"caption\":\"vol. 3*Spanish Bossa Nova 72\/77 - ADARCE RECORDS (LP) | Guerssen\"},{\"@type\":\"BreadcrumbList\",\"@id\":\"https:\/\/wpguerssen-test.odoo.rgbconsulting.com\/es\/producto\/instrumental-gemsvol-3spanish-bossa-nova-72-77\/#breadcrumb\",\"itemListElement\":[{\"@type\":\"ListItem\",\"position\":1,\"name\":\"Inicio\",\"item\":\"https:\/\/wpguerssen-test.odoo.rgbconsulting.com\/es\/\"},{\"@type\":\"ListItem\",\"position\":2,\"name\":\"Shop\",\"item\":\"https:\/\/wpguerssen-test.odoo.rgbconsulting.com\/shop\/\"},{\"@type\":\"ListItem\",\"position\":3,\"name\":\"Instrumental Gems,vol. 3*Spanish Bossa Nova 72\/77\"}]},{\"@type\":\"WebSite\",\"@id\":\"https:\/\/wpguerssen-test.odoo.rgbconsulting.com\/es\/#website\",\"url\":\"https:\/\/wpguerssen-test.odoo.rgbconsulting.com\/es\/\",\"name\":\"Guerssen records\",\"description\":\"psychedelia - progressive - folk - garage \",\"publisher\":{\"@id\":\"https:\/\/wpguerssen-test.odoo.rgbconsulting.com\/es\/#organization\"},\"potentialAction\":[{\"@type\":\"SearchAction\",\"target\":{\"@type\":\"EntryPoint\",\"urlTemplate\":\"https:\/\/wpguerssen-test.odoo.rgbconsulting.com\/es\/?s={search_term_string}\"},\"query-input\":{\"@type\":\"PropertyValueSpecification\",\"valueRequired\":true,\"valueName\":\"search_term_string\"}}],\"inLanguage\":\"es\"},{\"@type\":\"Organization\",\"@id\":\"https:\/\/wpguerssen-test.odoo.rgbconsulting.com\/es\/#organization\",\"name\":\"Guerssen records\",\"url\":\"https:\/\/wpguerssen-test.odoo.rgbconsulting.com\/es\/\",\"logo\":{\"@type\":\"ImageObject\",\"inLanguage\":\"es\",\"@id\":\"https:\/\/wpguerssen-test.odoo.rgbconsulting.com\/es\/#\/schema\/logo\/image\/\",\"url\":\"https:\/\/wpguerssen-test.odoo.rgbconsulting.com\/wp-content\/uploads\/2022\/04\/Logo_Guerssen_trans_100.png\",\"contentUrl\":\"https:\/\/wpguerssen-test.odoo.rgbconsulting.com\/wp-content\/uploads\/2022\/04\/Logo_Guerssen_trans_100.png\",\"width\":122,\"height\":100,\"caption\":\"Guerssen records\"},\"image\":{\"@id\":\"https:\/\/wpguerssen-test.odoo.rgbconsulting.com\/es\/#\/schema\/logo\/image\/\"}}]}<\/script>\n<!-- \/ Yoast SEO plugin. -->","yoast_head_json":{"title":"VARIOUS ARTISTS - Instrumental Gems,vol. 3*Spanish Bossa Nova 72\/77 -  (LP) | Guerssen","description":"The third installment of our \"Instrumental Gems\" compilations is finally out, focused on discovering treasures of instrumental music recorded in Spain during the 60s and 70s. Those were years when a significant number of orchestras and dance ensembles proliferated in Spain, most of which barely managed to press their songs on vinyl, but if we look deeper into the catalog of small labels of the time or self-released singles, we find pieces of undoubted quality. Many did not have a commercial course since the orchestras used them basically on a promotional level to get concerts or generate copyright, and it is for this reason that they are so hard to find for collectors of the genre. Most authors opted for pasodoble, swing, groove and Spanish soul, being bossa nova a genre less used in their compositions. The purpose of this compilation is to highlight a hidden treasure among those wonderful EPs, instrumental jewels that drink from the simplicity of bossa, to flirt with hotter rhythms close to Latin jazz, an explosive mix hidden in the 14 cuts of the LP. #nl# Tracklist: 1. Ram\u00f3n Gil \"Suena Bossa\" - 2. Orquesta Mario Sell\u00e9s \"Pata de conejo\" - 3. Dany Roy And His Band \"Bossa en beat\" - 4. Nick Wilson \"Brasil coconuts\" - 5. Conjunto Nueva Onda \"Tumba y bembe\" - 6. Rafael Mart\u00ednez \"Fiesta en R\u00edo\" - 7. Lorca-Saboya \"La costa\" - 8. Orquesta Tamba 8 \"Tamba 8\" - 9. Red-Key \"Maranha\" - 10. Unidades \"Brasilia\" - 11. Conjunto: Olivino \"Vanessa\" - 12. Elipse \"Junto a ti\" - 13. Play Boys \"Te quiero\" - 14. Antonio Barco \"Arigato\"","robots":{"index":"index","follow":"follow","max-snippet":"max-snippet:-1","max-image-preview":"max-image-preview:large","max-video-preview":"max-video-preview:-1"},"canonical":"https:\/\/wpguerssen-test.odoo.rgbconsulting.com\/es\/producto\/instrumental-gemsvol-3spanish-bossa-nova-72-77\/","og_locale":"es_ES","og_type":"article","og_title":"VARIOUS ARTISTS - Instrumental Gems,vol. 3*Spanish Bossa Nova 72\/77 -  (LP) | Guerssen","og_description":"The third installment of our \"Instrumental Gems\" compilations is finally out, focused on discovering treasures of instrumental music recorded in Spain during the 60s and 70s. Those were years when a significant number of orchestras and dance ensembles proliferated in Spain, most of which barely managed to press their songs on vinyl, but if we look deeper into the catalog of small labels of the time or self-released singles, we find pieces of undoubted quality. Many did not have a commercial course since the orchestras used them basically on a promotional level to get concerts or generate copyright, and it is for this reason that they are so hard to find for collectors of the genre. Most authors opted for pasodoble, swing, groove and Spanish soul, being bossa nova a genre less used in their compositions. The purpose of this compilation is to highlight a hidden treasure among those wonderful EPs, instrumental jewels that drink from the simplicity of bossa, to flirt with hotter rhythms close to Latin jazz, an explosive mix hidden in the 14 cuts of the LP. #nl# Tracklist: 1. Ram\u00f3n Gil \"Suena Bossa\" - 2. Orquesta Mario Sell\u00e9s \"Pata de conejo\" - 3. Dany Roy And His Band \"Bossa en beat\" - 4. Nick Wilson \"Brasil coconuts\" - 5. Conjunto Nueva Onda \"Tumba y bembe\" - 6. Rafael Mart\u00ednez \"Fiesta en R\u00edo\" - 7. Lorca-Saboya \"La costa\" - 8. Orquesta Tamba 8 \"Tamba 8\" - 9. Red-Key \"Maranha\" - 10. Unidades \"Brasilia\" - 11. Conjunto: Olivino \"Vanessa\" - 12. Elipse \"Junto a ti\" - 13. Play Boys \"Te quiero\" - 14. Antonio Barco \"Arigato\"","og_url":"https:\/\/wpguerssen-test.odoo.rgbconsulting.com\/es\/producto\/instrumental-gemsvol-3spanish-bossa-nova-72-77\/","og_site_name":"Guerssen records","article_modified_time":"2025-03-28T11:32:21+00:00","og_image":[{"width":302,"height":302,"url":"https:\/\/wpguerssen-test.odoo.rgbconsulting.com\/wp-content\/uploads\/2022\/03\/39232.jpg","type":"image\/jpeg"}],"twitter_card":"summary_large_image","twitter_title":"VARIOUS ARTISTS - Instrumental Gems,vol. 3*Spanish Bossa Nova 72\/77 -  (LP) | Guerssen","twitter_misc":{"Tiempo de lectura":"1 minuto"},"schema":{"@context":"https:\/\/schema.org","@graph":[{"@type":"WebPage","@id":"https:\/\/wpguerssen-test.odoo.rgbconsulting.com\/es\/producto\/instrumental-gemsvol-3spanish-bossa-nova-72-77\/","url":"https:\/\/wpguerssen-test.odoo.rgbconsulting.com\/es\/producto\/instrumental-gemsvol-3spanish-bossa-nova-72-77\/","name":"VARIOUS ARTISTS - Instrumental Gems,vol. 3*Spanish Bossa Nova 72\/77 - (LP) | Guerssen","isPartOf":{"@id":"https:\/\/wpguerssen-test.odoo.rgbconsulting.com\/es\/#website"},"primaryImageOfPage":{"@id":"https:\/\/wpguerssen-test.odoo.rgbconsulting.com\/es\/producto\/instrumental-gemsvol-3spanish-bossa-nova-72-77\/#primaryimage"},"image":{"@id":"https:\/\/wpguerssen-test.odoo.rgbconsulting.com\/es\/producto\/instrumental-gemsvol-3spanish-bossa-nova-72-77\/#primaryimage"},"thumbnailUrl":"https:\/\/wpguerssen-test.odoo.rgbconsulting.com\/wp-content\/uploads\/2022\/03\/39232.jpg","datePublished":"2021-09-21T22:00:00+00:00","dateModified":"2025-03-28T11:32:21+00:00","description":"The third installment of our \"Instrumental Gems\" compilations is finally out, focused on discovering treasures of instrumental music recorded in Spain during the 60s and 70s. Those were years when a significant number of orchestras and dance ensembles proliferated in Spain, most of which barely managed to press their songs on vinyl, but if we look deeper into the catalog of small labels of the time or self-released singles, we find pieces of undoubted quality. Many did not have a commercial course since the orchestras used them basically on a promotional level to get concerts or generate copyright, and it is for this reason that they are so hard to find for collectors of the genre. Most authors opted for pasodoble, swing, groove and Spanish soul, being bossa nova a genre less used in their compositions. The purpose of this compilation is to highlight a hidden treasure among those wonderful EPs, instrumental jewels that drink from the simplicity of bossa, to flirt with hotter rhythms close to Latin jazz, an explosive mix hidden in the 14 cuts of the LP. #nl# Tracklist: 1. Ram\u00f3n Gil \"Suena Bossa\" - 2. Orquesta Mario Sell\u00e9s \"Pata de conejo\" - 3. Dany Roy And His Band \"Bossa en beat\" - 4. Nick Wilson \"Brasil coconuts\" - 5. Conjunto Nueva Onda \"Tumba y bembe\" - 6. Rafael Mart\u00ednez \"Fiesta en R\u00edo\" - 7. Lorca-Saboya \"La costa\" - 8. Orquesta Tamba 8 \"Tamba 8\" - 9. Red-Key \"Maranha\" - 10. Unidades \"Brasilia\" - 11. Conjunto: Olivino \"Vanessa\" - 12. Elipse \"Junto a ti\" - 13. Play Boys \"Te quiero\" - 14. Antonio Barco \"Arigato\"","breadcrumb":{"@id":"https:\/\/wpguerssen-test.odoo.rgbconsulting.com\/es\/producto\/instrumental-gemsvol-3spanish-bossa-nova-72-77\/#breadcrumb"},"inLanguage":"es","potentialAction":[{"@type":"ReadAction","target":["https:\/\/wpguerssen-test.odoo.rgbconsulting.com\/es\/producto\/instrumental-gemsvol-3spanish-bossa-nova-72-77\/"]}]},{"@type":"ImageObject","inLanguage":"es","@id":"https:\/\/wpguerssen-test.odoo.rgbconsulting.com\/es\/producto\/instrumental-gemsvol-3spanish-bossa-nova-72-77\/#primaryimage","url":"https:\/\/wpguerssen-test.odoo.rgbconsulting.com\/wp-content\/uploads\/2022\/03\/39232.jpg","contentUrl":"https:\/\/wpguerssen-test.odoo.rgbconsulting.com\/wp-content\/uploads\/2022\/03\/39232.jpg","width":302,"height":302,"caption":"vol. 3*Spanish Bossa Nova 72\/77 - ADARCE RECORDS (LP) | Guerssen"},{"@type":"BreadcrumbList","@id":"https:\/\/wpguerssen-test.odoo.rgbconsulting.com\/es\/producto\/instrumental-gemsvol-3spanish-bossa-nova-72-77\/#breadcrumb","itemListElement":[{"@type":"ListItem","position":1,"name":"Inicio","item":"https:\/\/wpguerssen-test.odoo.rgbconsulting.com\/es\/"},{"@type":"ListItem","position":2,"name":"Shop","item":"https:\/\/wpguerssen-test.odoo.rgbconsulting.com\/shop\/"},{"@type":"ListItem","position":3,"name":"Instrumental Gems,vol. 3*Spanish Bossa Nova 72\/77"}]},{"@type":"WebSite","@id":"https:\/\/wpguerssen-test.odoo.rgbconsulting.com\/es\/#website","url":"https:\/\/wpguerssen-test.odoo.rgbconsulting.com\/es\/","name":"Guerssen records","description":"psychedelia - progressive - folk - garage ","publisher":{"@id":"https:\/\/wpguerssen-test.odoo.rgbconsulting.com\/es\/#organization"},"potentialAction":[{"@type":"SearchAction","target":{"@type":"EntryPoint","urlTemplate":"https:\/\/wpguerssen-test.odoo.rgbconsulting.com\/es\/?s={search_term_string}"},"query-input":{"@type":"PropertyValueSpecification","valueRequired":true,"valueName":"search_term_string"}}],"inLanguage":"es"},{"@type":"Organization","@id":"https:\/\/wpguerssen-test.odoo.rgbconsulting.com\/es\/#organization","name":"Guerssen records","url":"https:\/\/wpguerssen-test.odoo.rgbconsulting.com\/es\/","logo":{"@type":"ImageObject","inLanguage":"es","@id":"https:\/\/wpguerssen-test.odoo.rgbconsulting.com\/es\/#\/schema\/logo\/image\/","url":"https:\/\/wpguerssen-test.odoo.rgbconsulting.com\/wp-content\/uploads\/2022\/04\/Logo_Guerssen_trans_100.png","contentUrl":"https:\/\/wpguerssen-test.odoo.rgbconsulting.com\/wp-content\/uploads\/2022\/04\/Logo_Guerssen_trans_100.png","width":122,"height":100,"caption":"Guerssen records"},"image":{"@id":"https:\/\/wpguerssen-test.odoo.rgbconsulting.com\/es\/#\/schema\/logo\/image\/"}}]}},"_links":{"self":[{"href":"https:\/\/wpguerssen-test.odoo.rgbconsulting.com\/es\/wp-json\/wp\/v2\/product\/209050","targetHints":{"allow":["GET"]}}],"collection":[{"href":"https:\/\/wpguerssen-test.odoo.rgbconsulting.com\/es\/wp-json\/wp\/v2\/product"}],"about":[{"href":"https:\/\/wpguerssen-test.odoo.rgbconsulting.com\/es\/wp-json\/wp\/v2\/types\/product"}],"wp:featuredmedia":[{"embeddable":true,"href":"https:\/\/wpguerssen-test.odoo.rgbconsulting.com\/es\/wp-json\/wp\/v2\/media\/129482"}],"wp:attachment":[{"href":"https:\/\/wpguerssen-test.odoo.rgbconsulting.com\/es\/wp-json\/wp\/v2\/media?parent=209050"}],"wp:term":[{"taxonomy":"product_brand","embeddable":true,"href":"https:\/\/wpguerssen-test.odoo.rgbconsulting.com\/es\/wp-json\/wp\/v2\/product_brand?post=209050"},{"taxonomy":"product_cat","embeddable":true,"href":"https:\/\/wpguerssen-test.odoo.rgbconsulting.com\/es\/wp-json\/wp\/v2\/product_cat?post=209050"},{"taxonomy":"product_tag","embeddable":true,"href":"https:\/\/wpguerssen-test.odoo.rgbconsulting.com\/es\/wp-json\/wp\/v2\/product_tag?post=209050"}],"curies":[{"name":"wp","href":"https:\/\/api.w.org\/{rel}","templated":true}]}}