{"id":209051,"date":"2025-04-07T00:00:00","date_gmt":"2025-04-06T22:00:00","guid":{"rendered":"http:\/\/guerssen.hl1097.dinaserver.com\/product\/clasicos-con-ritmo\/"},"modified":"2025-04-07T15:55:55","modified_gmt":"2025-04-07T13:55:55","slug":"clasicos-con-ritmo","status":"publish","type":"product","link":"https:\/\/wpguerssen-test.odoo.rgbconsulting.com\/es\/producto\/clasicos-con-ritmo\/","title":{"rendered":"Cl\u00e1sicos Con Ritmo"},"content":{"rendered":"<p>Adarce se enorgullece de presentar la reedici\u00f3n de &#8216;Cl\u00e1sicos con Ritmo&#8217; de Paco Ros, originalmente editado en 1978 en Discos Maller y que hoy en d\u00eda sigue sonando tan especial y fuera del tiempo como en su momento; un disco extra\u00f1o que se ha convertido en una de las joyas m\u00e1s buscadas  -y m\u00e1s dif\u00edciles de encontrar- para los amantes del Spanish Groove. <\/p>\n<p> &#8216;Cl\u00e1sicos con Ritmo&#8217; nos ofrece es una macedonia de sonidos que van desde una suerte de pre-balearic anal\u00f3gico hasta algo parecido a lo que fue la M\u00fasica de Librer\u00eda, pasando por un Groove de cadencia pausada a base de sinuosas capas \u00f3rgano Hammond, pianos Fender, vibr\u00e1fonos y xil\u00f3fonos. <\/p>\n<p> Durante las 11 canciones del disco, Paco Ros revisita su trayectoria vital a trav\u00e9s de los recuerdos: su infancia valenciana en Godella, los inicios profesionales en Madrid y sus aventuras musicales como backing band, su vuelta a Valencia -donde formar\u00eda &#8216;Los 4 Ros, luego los Ros a secas-  para, finalmente refugiarse a su retiro Mallorqu\u00edn, mecido entre Salas de Fiestas, Discotecas de Hoteles y amaneceres interminables, movido como siempre por su amor infinito por la m\u00fasica.<\/p>\n","protected":false},"excerpt":{"rendered":"<p>Adarce se enorgullece de presentar la reedici\u00f3n de &#8216;Cl\u00e1sicos con Ritmo&#8217; de Paco Ros, originalmente editado en 1978 en Discos Maller y que hoy en d\u00eda<a class=\"read\" href=\"https:\/\/wpguerssen-test.odoo.rgbconsulting.com\/es\/producto\/clasicos-con-ritmo\/\"> (...)<\/a>","protected":false},"featured_media":129485,"template":"","meta":{"_acf_changed":false},"product_brand":[],"product_cat":[23232],"product_tag":[24185],"class_list":{"0":"post-209051","1":"product","2":"type-product","3":"status-publish","4":"has-post-thumbnail","6":"product_cat-library-music-lounge-es","7":"product_tag-de-nuevo-en-existencia","8":"pa_artist-ros-paco","9":"pa_format-lp-es","10":"pa_gender-library-music-lounge","11":"pa_label-adarce-records","12":"pa_location-spain-es","13":"pa_other-filters-vinyl-only-es","15":"first","16":"instock","17":"taxable","18":"shipping-taxable","19":"purchasable","20":"product-type-simple"},"acf":[],"yoast_head":"<!-- This site is optimized with the Yoast SEO plugin v24.9 - https:\/\/yoast.com\/wordpress\/plugins\/seo\/ -->\n<title>ROS, Paco - Cl\u00e1sicos Con Ritmo -  (LP) | Guerssen<\/title>\n<meta name=\"description\" content=\"Adarce proudly presents the reissue of &#039;Cl\u00e1sicos con Ritmo&#039; by Paco Ros. Originally released in 1978 on Discos Maller, still sounds as special and out of time as when it was released; a strange album that has become one of the most sought after jewels - and most hard to find - for lovers of Spanish Groove. &#039;Cl\u00e1sicos con Ritmo&#039; offers a mix of sounds that range from a kind of analog pre-Balearic to something similar to Library Music, passing through a slow cadence groove based on sinuous layers of Hammond organ, Fender pianos, vibraphones and xylophones. During the 11 songs on the album, Paco Ros revisits his life trajectory through memories: his Valencian childhood in Godella, his professional beginnings in Madrid and his musical adventures as a backing band, his return to Valencia -where he would form &#039;Los 4 Ros, then simply the Ros - to finally take refuge in his Mallorcan retreat, cradled between Party Rooms, Hotel Discotheques and endless sunrises, moved as always by his infinite love for music.\" \/>\n<meta name=\"robots\" content=\"index, follow, max-snippet:-1, max-image-preview:large, max-video-preview:-1\" \/>\n<link rel=\"canonical\" href=\"https:\/\/wpguerssen-test.odoo.rgbconsulting.com\/es\/producto\/clasicos-con-ritmo\/\" \/>\n<meta property=\"og:locale\" content=\"es_ES\" \/>\n<meta property=\"og:type\" content=\"article\" \/>\n<meta property=\"og:title\" content=\"ROS, Paco - Cl\u00e1sicos Con Ritmo -  (LP) | Guerssen\" \/>\n<meta property=\"og:description\" content=\"Adarce proudly presents the reissue of &#039;Cl\u00e1sicos con Ritmo&#039; by Paco Ros. Originally released in 1978 on Discos Maller, still sounds as special and out of time as when it was released; a strange album that has become one of the most sought after jewels - and most hard to find - for lovers of Spanish Groove. &#039;Cl\u00e1sicos con Ritmo&#039; offers a mix of sounds that range from a kind of analog pre-Balearic to something similar to Library Music, passing through a slow cadence groove based on sinuous layers of Hammond organ, Fender pianos, vibraphones and xylophones. During the 11 songs on the album, Paco Ros revisits his life trajectory through memories: his Valencian childhood in Godella, his professional beginnings in Madrid and his musical adventures as a backing band, his return to Valencia -where he would form &#039;Los 4 Ros, then simply the Ros - to finally take refuge in his Mallorcan retreat, cradled between Party Rooms, Hotel Discotheques and endless sunrises, moved as always by his infinite love for music.\" \/>\n<meta property=\"og:url\" content=\"https:\/\/wpguerssen-test.odoo.rgbconsulting.com\/es\/producto\/clasicos-con-ritmo\/\" \/>\n<meta property=\"og:site_name\" content=\"Guerssen records\" \/>\n<meta property=\"article:modified_time\" content=\"2025-04-07T13:55:55+00:00\" \/>\n<meta property=\"og:image\" content=\"https:\/\/wpguerssen-test.odoo.rgbconsulting.com\/wp-content\/uploads\/2022\/03\/39233.jpg\" \/>\n\t<meta property=\"og:image:width\" content=\"302\" \/>\n\t<meta property=\"og:image:height\" content=\"302\" \/>\n\t<meta property=\"og:image:type\" content=\"image\/jpeg\" \/>\n<meta name=\"twitter:card\" content=\"summary_large_image\" \/>\n<meta name=\"twitter:title\" content=\"ROS, Paco - Cl\u00e1sicos Con Ritmo -  (LP) | Guerssen\" \/>\n<meta name=\"twitter:label1\" content=\"Tiempo de lectura\" \/>\n\t<meta name=\"twitter:data1\" content=\"1 minuto\" \/>\n<script type=\"application\/ld+json\" class=\"yoast-schema-graph\">{\"@context\":\"https:\/\/schema.org\",\"@graph\":[{\"@type\":\"WebPage\",\"@id\":\"https:\/\/wpguerssen-test.odoo.rgbconsulting.com\/es\/producto\/clasicos-con-ritmo\/\",\"url\":\"https:\/\/wpguerssen-test.odoo.rgbconsulting.com\/es\/producto\/clasicos-con-ritmo\/\",\"name\":\"ROS, Paco - Cl\u00e1sicos Con Ritmo - (LP) | Guerssen\",\"isPartOf\":{\"@id\":\"https:\/\/wpguerssen-test.odoo.rgbconsulting.com\/es\/#website\"},\"primaryImageOfPage\":{\"@id\":\"https:\/\/wpguerssen-test.odoo.rgbconsulting.com\/es\/producto\/clasicos-con-ritmo\/#primaryimage\"},\"image\":{\"@id\":\"https:\/\/wpguerssen-test.odoo.rgbconsulting.com\/es\/producto\/clasicos-con-ritmo\/#primaryimage\"},\"thumbnailUrl\":\"https:\/\/wpguerssen-test.odoo.rgbconsulting.com\/wp-content\/uploads\/2022\/03\/39233.jpg\",\"datePublished\":\"2025-04-06T22:00:00+00:00\",\"dateModified\":\"2025-04-07T13:55:55+00:00\",\"description\":\"Adarce proudly presents the reissue of 'Cl\u00e1sicos con Ritmo' by Paco Ros. Originally released in 1978 on Discos Maller, still sounds as special and out of time as when it was released; a strange album that has become one of the most sought after jewels - and most hard to find - for lovers of Spanish Groove. 'Cl\u00e1sicos con Ritmo' offers a mix of sounds that range from a kind of analog pre-Balearic to something similar to Library Music, passing through a slow cadence groove based on sinuous layers of Hammond organ, Fender pianos, vibraphones and xylophones. During the 11 songs on the album, Paco Ros revisits his life trajectory through memories: his Valencian childhood in Godella, his professional beginnings in Madrid and his musical adventures as a backing band, his return to Valencia -where he would form 'Los 4 Ros, then simply the Ros - to finally take refuge in his Mallorcan retreat, cradled between Party Rooms, Hotel Discotheques and endless sunrises, moved as always by his infinite love for music.\",\"breadcrumb\":{\"@id\":\"https:\/\/wpguerssen-test.odoo.rgbconsulting.com\/es\/producto\/clasicos-con-ritmo\/#breadcrumb\"},\"inLanguage\":\"es\",\"potentialAction\":[{\"@type\":\"ReadAction\",\"target\":[\"https:\/\/wpguerssen-test.odoo.rgbconsulting.com\/es\/producto\/clasicos-con-ritmo\/\"]}]},{\"@type\":\"ImageObject\",\"inLanguage\":\"es\",\"@id\":\"https:\/\/wpguerssen-test.odoo.rgbconsulting.com\/es\/producto\/clasicos-con-ritmo\/#primaryimage\",\"url\":\"https:\/\/wpguerssen-test.odoo.rgbconsulting.com\/wp-content\/uploads\/2022\/03\/39233.jpg\",\"contentUrl\":\"https:\/\/wpguerssen-test.odoo.rgbconsulting.com\/wp-content\/uploads\/2022\/03\/39233.jpg\",\"width\":302,\"height\":302,\"caption\":\"Paco - Cl\u00e1sicos Con Ritmo - ADARCE RECORDS (LP) | Guerssen\"},{\"@type\":\"BreadcrumbList\",\"@id\":\"https:\/\/wpguerssen-test.odoo.rgbconsulting.com\/es\/producto\/clasicos-con-ritmo\/#breadcrumb\",\"itemListElement\":[{\"@type\":\"ListItem\",\"position\":1,\"name\":\"Inicio\",\"item\":\"https:\/\/wpguerssen-test.odoo.rgbconsulting.com\/es\/\"},{\"@type\":\"ListItem\",\"position\":2,\"name\":\"Shop\",\"item\":\"https:\/\/wpguerssen-test.odoo.rgbconsulting.com\/shop\/\"},{\"@type\":\"ListItem\",\"position\":3,\"name\":\"Cl\u00e1sicos Con Ritmo\"}]},{\"@type\":\"WebSite\",\"@id\":\"https:\/\/wpguerssen-test.odoo.rgbconsulting.com\/es\/#website\",\"url\":\"https:\/\/wpguerssen-test.odoo.rgbconsulting.com\/es\/\",\"name\":\"Guerssen records\",\"description\":\"psychedelia - progressive - folk - garage \",\"publisher\":{\"@id\":\"https:\/\/wpguerssen-test.odoo.rgbconsulting.com\/es\/#organization\"},\"potentialAction\":[{\"@type\":\"SearchAction\",\"target\":{\"@type\":\"EntryPoint\",\"urlTemplate\":\"https:\/\/wpguerssen-test.odoo.rgbconsulting.com\/es\/?s={search_term_string}\"},\"query-input\":{\"@type\":\"PropertyValueSpecification\",\"valueRequired\":true,\"valueName\":\"search_term_string\"}}],\"inLanguage\":\"es\"},{\"@type\":\"Organization\",\"@id\":\"https:\/\/wpguerssen-test.odoo.rgbconsulting.com\/es\/#organization\",\"name\":\"Guerssen records\",\"url\":\"https:\/\/wpguerssen-test.odoo.rgbconsulting.com\/es\/\",\"logo\":{\"@type\":\"ImageObject\",\"inLanguage\":\"es\",\"@id\":\"https:\/\/wpguerssen-test.odoo.rgbconsulting.com\/es\/#\/schema\/logo\/image\/\",\"url\":\"https:\/\/wpguerssen-test.odoo.rgbconsulting.com\/wp-content\/uploads\/2022\/04\/Logo_Guerssen_trans_100.png\",\"contentUrl\":\"https:\/\/wpguerssen-test.odoo.rgbconsulting.com\/wp-content\/uploads\/2022\/04\/Logo_Guerssen_trans_100.png\",\"width\":122,\"height\":100,\"caption\":\"Guerssen records\"},\"image\":{\"@id\":\"https:\/\/wpguerssen-test.odoo.rgbconsulting.com\/es\/#\/schema\/logo\/image\/\"}}]}<\/script>\n<!-- \/ Yoast SEO plugin. -->","yoast_head_json":{"title":"ROS, Paco - Cl\u00e1sicos Con Ritmo -  (LP) | Guerssen","description":"Adarce proudly presents the reissue of 'Cl\u00e1sicos con Ritmo' by Paco Ros. Originally released in 1978 on Discos Maller, still sounds as special and out of time as when it was released; a strange album that has become one of the most sought after jewels - and most hard to find - for lovers of Spanish Groove. 'Cl\u00e1sicos con Ritmo' offers a mix of sounds that range from a kind of analog pre-Balearic to something similar to Library Music, passing through a slow cadence groove based on sinuous layers of Hammond organ, Fender pianos, vibraphones and xylophones. During the 11 songs on the album, Paco Ros revisits his life trajectory through memories: his Valencian childhood in Godella, his professional beginnings in Madrid and his musical adventures as a backing band, his return to Valencia -where he would form 'Los 4 Ros, then simply the Ros - to finally take refuge in his Mallorcan retreat, cradled between Party Rooms, Hotel Discotheques and endless sunrises, moved as always by his infinite love for music.","robots":{"index":"index","follow":"follow","max-snippet":"max-snippet:-1","max-image-preview":"max-image-preview:large","max-video-preview":"max-video-preview:-1"},"canonical":"https:\/\/wpguerssen-test.odoo.rgbconsulting.com\/es\/producto\/clasicos-con-ritmo\/","og_locale":"es_ES","og_type":"article","og_title":"ROS, Paco - Cl\u00e1sicos Con Ritmo -  (LP) | Guerssen","og_description":"Adarce proudly presents the reissue of 'Cl\u00e1sicos con Ritmo' by Paco Ros. Originally released in 1978 on Discos Maller, still sounds as special and out of time as when it was released; a strange album that has become one of the most sought after jewels - and most hard to find - for lovers of Spanish Groove. 'Cl\u00e1sicos con Ritmo' offers a mix of sounds that range from a kind of analog pre-Balearic to something similar to Library Music, passing through a slow cadence groove based on sinuous layers of Hammond organ, Fender pianos, vibraphones and xylophones. During the 11 songs on the album, Paco Ros revisits his life trajectory through memories: his Valencian childhood in Godella, his professional beginnings in Madrid and his musical adventures as a backing band, his return to Valencia -where he would form 'Los 4 Ros, then simply the Ros - to finally take refuge in his Mallorcan retreat, cradled between Party Rooms, Hotel Discotheques and endless sunrises, moved as always by his infinite love for music.","og_url":"https:\/\/wpguerssen-test.odoo.rgbconsulting.com\/es\/producto\/clasicos-con-ritmo\/","og_site_name":"Guerssen records","article_modified_time":"2025-04-07T13:55:55+00:00","og_image":[{"width":302,"height":302,"url":"https:\/\/wpguerssen-test.odoo.rgbconsulting.com\/wp-content\/uploads\/2022\/03\/39233.jpg","type":"image\/jpeg"}],"twitter_card":"summary_large_image","twitter_title":"ROS, Paco - Cl\u00e1sicos Con Ritmo -  (LP) | Guerssen","twitter_misc":{"Tiempo de lectura":"1 minuto"},"schema":{"@context":"https:\/\/schema.org","@graph":[{"@type":"WebPage","@id":"https:\/\/wpguerssen-test.odoo.rgbconsulting.com\/es\/producto\/clasicos-con-ritmo\/","url":"https:\/\/wpguerssen-test.odoo.rgbconsulting.com\/es\/producto\/clasicos-con-ritmo\/","name":"ROS, Paco - Cl\u00e1sicos Con Ritmo - (LP) | Guerssen","isPartOf":{"@id":"https:\/\/wpguerssen-test.odoo.rgbconsulting.com\/es\/#website"},"primaryImageOfPage":{"@id":"https:\/\/wpguerssen-test.odoo.rgbconsulting.com\/es\/producto\/clasicos-con-ritmo\/#primaryimage"},"image":{"@id":"https:\/\/wpguerssen-test.odoo.rgbconsulting.com\/es\/producto\/clasicos-con-ritmo\/#primaryimage"},"thumbnailUrl":"https:\/\/wpguerssen-test.odoo.rgbconsulting.com\/wp-content\/uploads\/2022\/03\/39233.jpg","datePublished":"2025-04-06T22:00:00+00:00","dateModified":"2025-04-07T13:55:55+00:00","description":"Adarce proudly presents the reissue of 'Cl\u00e1sicos con Ritmo' by Paco Ros. Originally released in 1978 on Discos Maller, still sounds as special and out of time as when it was released; a strange album that has become one of the most sought after jewels - and most hard to find - for lovers of Spanish Groove. 'Cl\u00e1sicos con Ritmo' offers a mix of sounds that range from a kind of analog pre-Balearic to something similar to Library Music, passing through a slow cadence groove based on sinuous layers of Hammond organ, Fender pianos, vibraphones and xylophones. During the 11 songs on the album, Paco Ros revisits his life trajectory through memories: his Valencian childhood in Godella, his professional beginnings in Madrid and his musical adventures as a backing band, his return to Valencia -where he would form 'Los 4 Ros, then simply the Ros - to finally take refuge in his Mallorcan retreat, cradled between Party Rooms, Hotel Discotheques and endless sunrises, moved as always by his infinite love for music.","breadcrumb":{"@id":"https:\/\/wpguerssen-test.odoo.rgbconsulting.com\/es\/producto\/clasicos-con-ritmo\/#breadcrumb"},"inLanguage":"es","potentialAction":[{"@type":"ReadAction","target":["https:\/\/wpguerssen-test.odoo.rgbconsulting.com\/es\/producto\/clasicos-con-ritmo\/"]}]},{"@type":"ImageObject","inLanguage":"es","@id":"https:\/\/wpguerssen-test.odoo.rgbconsulting.com\/es\/producto\/clasicos-con-ritmo\/#primaryimage","url":"https:\/\/wpguerssen-test.odoo.rgbconsulting.com\/wp-content\/uploads\/2022\/03\/39233.jpg","contentUrl":"https:\/\/wpguerssen-test.odoo.rgbconsulting.com\/wp-content\/uploads\/2022\/03\/39233.jpg","width":302,"height":302,"caption":"Paco - Cl\u00e1sicos Con Ritmo - ADARCE RECORDS (LP) | Guerssen"},{"@type":"BreadcrumbList","@id":"https:\/\/wpguerssen-test.odoo.rgbconsulting.com\/es\/producto\/clasicos-con-ritmo\/#breadcrumb","itemListElement":[{"@type":"ListItem","position":1,"name":"Inicio","item":"https:\/\/wpguerssen-test.odoo.rgbconsulting.com\/es\/"},{"@type":"ListItem","position":2,"name":"Shop","item":"https:\/\/wpguerssen-test.odoo.rgbconsulting.com\/shop\/"},{"@type":"ListItem","position":3,"name":"Cl\u00e1sicos Con Ritmo"}]},{"@type":"WebSite","@id":"https:\/\/wpguerssen-test.odoo.rgbconsulting.com\/es\/#website","url":"https:\/\/wpguerssen-test.odoo.rgbconsulting.com\/es\/","name":"Guerssen records","description":"psychedelia - progressive - folk - garage ","publisher":{"@id":"https:\/\/wpguerssen-test.odoo.rgbconsulting.com\/es\/#organization"},"potentialAction":[{"@type":"SearchAction","target":{"@type":"EntryPoint","urlTemplate":"https:\/\/wpguerssen-test.odoo.rgbconsulting.com\/es\/?s={search_term_string}"},"query-input":{"@type":"PropertyValueSpecification","valueRequired":true,"valueName":"search_term_string"}}],"inLanguage":"es"},{"@type":"Organization","@id":"https:\/\/wpguerssen-test.odoo.rgbconsulting.com\/es\/#organization","name":"Guerssen records","url":"https:\/\/wpguerssen-test.odoo.rgbconsulting.com\/es\/","logo":{"@type":"ImageObject","inLanguage":"es","@id":"https:\/\/wpguerssen-test.odoo.rgbconsulting.com\/es\/#\/schema\/logo\/image\/","url":"https:\/\/wpguerssen-test.odoo.rgbconsulting.com\/wp-content\/uploads\/2022\/04\/Logo_Guerssen_trans_100.png","contentUrl":"https:\/\/wpguerssen-test.odoo.rgbconsulting.com\/wp-content\/uploads\/2022\/04\/Logo_Guerssen_trans_100.png","width":122,"height":100,"caption":"Guerssen records"},"image":{"@id":"https:\/\/wpguerssen-test.odoo.rgbconsulting.com\/es\/#\/schema\/logo\/image\/"}}]}},"_links":{"self":[{"href":"https:\/\/wpguerssen-test.odoo.rgbconsulting.com\/es\/wp-json\/wp\/v2\/product\/209051","targetHints":{"allow":["GET"]}}],"collection":[{"href":"https:\/\/wpguerssen-test.odoo.rgbconsulting.com\/es\/wp-json\/wp\/v2\/product"}],"about":[{"href":"https:\/\/wpguerssen-test.odoo.rgbconsulting.com\/es\/wp-json\/wp\/v2\/types\/product"}],"wp:featuredmedia":[{"embeddable":true,"href":"https:\/\/wpguerssen-test.odoo.rgbconsulting.com\/es\/wp-json\/wp\/v2\/media\/129485"}],"wp:attachment":[{"href":"https:\/\/wpguerssen-test.odoo.rgbconsulting.com\/es\/wp-json\/wp\/v2\/media?parent=209051"}],"wp:term":[{"taxonomy":"product_brand","embeddable":true,"href":"https:\/\/wpguerssen-test.odoo.rgbconsulting.com\/es\/wp-json\/wp\/v2\/product_brand?post=209051"},{"taxonomy":"product_cat","embeddable":true,"href":"https:\/\/wpguerssen-test.odoo.rgbconsulting.com\/es\/wp-json\/wp\/v2\/product_cat?post=209051"},{"taxonomy":"product_tag","embeddable":true,"href":"https:\/\/wpguerssen-test.odoo.rgbconsulting.com\/es\/wp-json\/wp\/v2\/product_tag?post=209051"}],"curies":[{"name":"wp","href":"https:\/\/api.w.org\/{rel}","templated":true}]}}