{"id":209210,"date":"2021-10-06T00:00:00","date_gmt":"2021-10-05T22:00:00","guid":{"rendered":"http:\/\/guerssen.hl1097.dinaserver.com\/product\/fantabulous-turquoise\/"},"modified":"2025-03-03T15:39:37","modified_gmt":"2025-03-03T14:39:37","slug":"fantabulous-turquoise","status":"publish","type":"product","link":"https:\/\/wpguerssen-test.odoo.rgbconsulting.com\/es\/producto\/fantabulous-turquoise\/","title":{"rendered":"Fantabulous (Turquoise)"},"content":{"rendered":"<p>Banda sonora de esta pel\u00edcula italiana de 1967, de inspiraci\u00f3n pop. Mezcla de jazz, sonidos mod y beat psicod\u00e9lico.<\/p>\n","protected":false},"excerpt":{"rendered":"<p>Banda sonora de esta pel\u00edcula italiana de 1967, de inspiraci\u00f3n pop. Mezcla de jazz, sonidos mod y beat psicod\u00e9lico.<\/p>\n","protected":false},"featured_media":129710,"template":"","meta":{"_acf_changed":false},"product_brand":[],"product_cat":[21641],"product_tag":[29140],"class_list":{"0":"post-209210","1":"product","2":"type-product","3":"status-publish","4":"has-post-thumbnail","6":"product_cat-soundtracks-es","7":"product_tag-color-vinyl-es","8":"pa_artist-brugnolini-sandro","9":"pa_format-lp-es","10":"pa_gender-soundtracks","11":"pa_label-trading-places","12":"pa_location-europe-es","13":"pa_other-filters-vinyl-only-es","15":"first","16":"instock","17":"taxable","18":"shipping-taxable","19":"purchasable","20":"product-type-simple"},"acf":[],"yoast_head":"<!-- This site is optimized with the Yoast SEO plugin v24.9 - https:\/\/yoast.com\/wordpress\/plugins\/seo\/ -->\n<title>BRUGNOLINI, Sandro - Fantabulous (Turquoise) -  (LP) | Guerssen<\/title>\n<meta name=\"description\" content=\"Roman saxophonist and clarinettist Sandro Brugnolini began his long recording career in the Junior Dixieland Gang in the early 1950s and came to greater prominence as chief composer in the Modern Jazz Gang, awarded best original composition for his &#039;Arpo&#039; at Italy&#039;s National Jazz Festival in 1958. Of the many film soundtracks he scored in the 60s, Fantabulous is the most legendary, Brugnolini bringing a jumble of mod jazz, psych-beat, freaky soul, and off-kilter pop into the mix, as an aural accompaniment to a film inspired by superheroes, secret agents, and swinging dames. One of the ultimate soundtrack rarities, this one is a must-have, far-out listening experience!\" \/>\n<meta name=\"robots\" content=\"index, follow, max-snippet:-1, max-image-preview:large, max-video-preview:-1\" \/>\n<link rel=\"canonical\" href=\"https:\/\/wpguerssen-test.odoo.rgbconsulting.com\/es\/producto\/fantabulous-turquoise\/\" \/>\n<meta property=\"og:locale\" content=\"es_ES\" \/>\n<meta property=\"og:type\" content=\"article\" \/>\n<meta property=\"og:title\" content=\"BRUGNOLINI, Sandro - Fantabulous (Turquoise) -  (LP) | Guerssen\" \/>\n<meta property=\"og:description\" content=\"Roman saxophonist and clarinettist Sandro Brugnolini began his long recording career in the Junior Dixieland Gang in the early 1950s and came to greater prominence as chief composer in the Modern Jazz Gang, awarded best original composition for his &#039;Arpo&#039; at Italy&#039;s National Jazz Festival in 1958. Of the many film soundtracks he scored in the 60s, Fantabulous is the most legendary, Brugnolini bringing a jumble of mod jazz, psych-beat, freaky soul, and off-kilter pop into the mix, as an aural accompaniment to a film inspired by superheroes, secret agents, and swinging dames. One of the ultimate soundtrack rarities, this one is a must-have, far-out listening experience!\" \/>\n<meta property=\"og:url\" content=\"https:\/\/wpguerssen-test.odoo.rgbconsulting.com\/es\/producto\/fantabulous-turquoise\/\" \/>\n<meta property=\"og:site_name\" content=\"Guerssen records\" \/>\n<meta property=\"article:modified_time\" content=\"2025-03-03T14:39:37+00:00\" \/>\n<meta property=\"og:image\" content=\"https:\/\/wpguerssen-test.odoo.rgbconsulting.com\/wp-content\/uploads\/2022\/03\/39451.jpg\" \/>\n\t<meta property=\"og:image:width\" content=\"302\" \/>\n\t<meta property=\"og:image:height\" content=\"303\" \/>\n\t<meta property=\"og:image:type\" content=\"image\/jpeg\" \/>\n<meta name=\"twitter:card\" content=\"summary_large_image\" \/>\n<meta name=\"twitter:title\" content=\"BRUGNOLINI, Sandro - Fantabulous (Turquoise) -  (LP) | Guerssen\" \/>\n<script type=\"application\/ld+json\" class=\"yoast-schema-graph\">{\"@context\":\"https:\/\/schema.org\",\"@graph\":[{\"@type\":\"WebPage\",\"@id\":\"https:\/\/wpguerssen-test.odoo.rgbconsulting.com\/es\/producto\/fantabulous-turquoise\/\",\"url\":\"https:\/\/wpguerssen-test.odoo.rgbconsulting.com\/es\/producto\/fantabulous-turquoise\/\",\"name\":\"BRUGNOLINI, Sandro - Fantabulous (Turquoise) - (LP) | Guerssen\",\"isPartOf\":{\"@id\":\"https:\/\/wpguerssen-test.odoo.rgbconsulting.com\/es\/#website\"},\"primaryImageOfPage\":{\"@id\":\"https:\/\/wpguerssen-test.odoo.rgbconsulting.com\/es\/producto\/fantabulous-turquoise\/#primaryimage\"},\"image\":{\"@id\":\"https:\/\/wpguerssen-test.odoo.rgbconsulting.com\/es\/producto\/fantabulous-turquoise\/#primaryimage\"},\"thumbnailUrl\":\"https:\/\/wpguerssen-test.odoo.rgbconsulting.com\/wp-content\/uploads\/2022\/03\/39451.jpg\",\"datePublished\":\"2021-10-05T22:00:00+00:00\",\"dateModified\":\"2025-03-03T14:39:37+00:00\",\"description\":\"Roman saxophonist and clarinettist Sandro Brugnolini began his long recording career in the Junior Dixieland Gang in the early 1950s and came to greater prominence as chief composer in the Modern Jazz Gang, awarded best original composition for his 'Arpo' at Italy's National Jazz Festival in 1958. Of the many film soundtracks he scored in the 60s, Fantabulous is the most legendary, Brugnolini bringing a jumble of mod jazz, psych-beat, freaky soul, and off-kilter pop into the mix, as an aural accompaniment to a film inspired by superheroes, secret agents, and swinging dames. One of the ultimate soundtrack rarities, this one is a must-have, far-out listening experience!\",\"breadcrumb\":{\"@id\":\"https:\/\/wpguerssen-test.odoo.rgbconsulting.com\/es\/producto\/fantabulous-turquoise\/#breadcrumb\"},\"inLanguage\":\"es\",\"potentialAction\":[{\"@type\":\"ReadAction\",\"target\":[\"https:\/\/wpguerssen-test.odoo.rgbconsulting.com\/es\/producto\/fantabulous-turquoise\/\"]}]},{\"@type\":\"ImageObject\",\"inLanguage\":\"es\",\"@id\":\"https:\/\/wpguerssen-test.odoo.rgbconsulting.com\/es\/producto\/fantabulous-turquoise\/#primaryimage\",\"url\":\"https:\/\/wpguerssen-test.odoo.rgbconsulting.com\/wp-content\/uploads\/2022\/03\/39451.jpg\",\"contentUrl\":\"https:\/\/wpguerssen-test.odoo.rgbconsulting.com\/wp-content\/uploads\/2022\/03\/39451.jpg\",\"width\":302,\"height\":303,\"caption\":\"Sandro - Fantabulous (Turquoise) - TRADING PLACES (LP) | Guerssen\"},{\"@type\":\"BreadcrumbList\",\"@id\":\"https:\/\/wpguerssen-test.odoo.rgbconsulting.com\/es\/producto\/fantabulous-turquoise\/#breadcrumb\",\"itemListElement\":[{\"@type\":\"ListItem\",\"position\":1,\"name\":\"Inicio\",\"item\":\"https:\/\/wpguerssen-test.odoo.rgbconsulting.com\/es\/\"},{\"@type\":\"ListItem\",\"position\":2,\"name\":\"Shop\",\"item\":\"https:\/\/wpguerssen-test.odoo.rgbconsulting.com\/shop\/\"},{\"@type\":\"ListItem\",\"position\":3,\"name\":\"Fantabulous (Turquoise)\"}]},{\"@type\":\"WebSite\",\"@id\":\"https:\/\/wpguerssen-test.odoo.rgbconsulting.com\/es\/#website\",\"url\":\"https:\/\/wpguerssen-test.odoo.rgbconsulting.com\/es\/\",\"name\":\"Guerssen records\",\"description\":\"psychedelia - progressive - folk - garage \",\"publisher\":{\"@id\":\"https:\/\/wpguerssen-test.odoo.rgbconsulting.com\/es\/#organization\"},\"potentialAction\":[{\"@type\":\"SearchAction\",\"target\":{\"@type\":\"EntryPoint\",\"urlTemplate\":\"https:\/\/wpguerssen-test.odoo.rgbconsulting.com\/es\/?s={search_term_string}\"},\"query-input\":{\"@type\":\"PropertyValueSpecification\",\"valueRequired\":true,\"valueName\":\"search_term_string\"}}],\"inLanguage\":\"es\"},{\"@type\":\"Organization\",\"@id\":\"https:\/\/wpguerssen-test.odoo.rgbconsulting.com\/es\/#organization\",\"name\":\"Guerssen records\",\"url\":\"https:\/\/wpguerssen-test.odoo.rgbconsulting.com\/es\/\",\"logo\":{\"@type\":\"ImageObject\",\"inLanguage\":\"es\",\"@id\":\"https:\/\/wpguerssen-test.odoo.rgbconsulting.com\/es\/#\/schema\/logo\/image\/\",\"url\":\"https:\/\/wpguerssen-test.odoo.rgbconsulting.com\/wp-content\/uploads\/2022\/04\/Logo_Guerssen_trans_100.png\",\"contentUrl\":\"https:\/\/wpguerssen-test.odoo.rgbconsulting.com\/wp-content\/uploads\/2022\/04\/Logo_Guerssen_trans_100.png\",\"width\":122,\"height\":100,\"caption\":\"Guerssen records\"},\"image\":{\"@id\":\"https:\/\/wpguerssen-test.odoo.rgbconsulting.com\/es\/#\/schema\/logo\/image\/\"}}]}<\/script>\n<!-- \/ Yoast SEO plugin. -->","yoast_head_json":{"title":"BRUGNOLINI, Sandro - Fantabulous (Turquoise) -  (LP) | Guerssen","description":"Roman saxophonist and clarinettist Sandro Brugnolini began his long recording career in the Junior Dixieland Gang in the early 1950s and came to greater prominence as chief composer in the Modern Jazz Gang, awarded best original composition for his 'Arpo' at Italy's National Jazz Festival in 1958. Of the many film soundtracks he scored in the 60s, Fantabulous is the most legendary, Brugnolini bringing a jumble of mod jazz, psych-beat, freaky soul, and off-kilter pop into the mix, as an aural accompaniment to a film inspired by superheroes, secret agents, and swinging dames. One of the ultimate soundtrack rarities, this one is a must-have, far-out listening experience!","robots":{"index":"index","follow":"follow","max-snippet":"max-snippet:-1","max-image-preview":"max-image-preview:large","max-video-preview":"max-video-preview:-1"},"canonical":"https:\/\/wpguerssen-test.odoo.rgbconsulting.com\/es\/producto\/fantabulous-turquoise\/","og_locale":"es_ES","og_type":"article","og_title":"BRUGNOLINI, Sandro - Fantabulous (Turquoise) -  (LP) | Guerssen","og_description":"Roman saxophonist and clarinettist Sandro Brugnolini began his long recording career in the Junior Dixieland Gang in the early 1950s and came to greater prominence as chief composer in the Modern Jazz Gang, awarded best original composition for his 'Arpo' at Italy's National Jazz Festival in 1958. Of the many film soundtracks he scored in the 60s, Fantabulous is the most legendary, Brugnolini bringing a jumble of mod jazz, psych-beat, freaky soul, and off-kilter pop into the mix, as an aural accompaniment to a film inspired by superheroes, secret agents, and swinging dames. One of the ultimate soundtrack rarities, this one is a must-have, far-out listening experience!","og_url":"https:\/\/wpguerssen-test.odoo.rgbconsulting.com\/es\/producto\/fantabulous-turquoise\/","og_site_name":"Guerssen records","article_modified_time":"2025-03-03T14:39:37+00:00","og_image":[{"width":302,"height":303,"url":"https:\/\/wpguerssen-test.odoo.rgbconsulting.com\/wp-content\/uploads\/2022\/03\/39451.jpg","type":"image\/jpeg"}],"twitter_card":"summary_large_image","twitter_title":"BRUGNOLINI, Sandro - Fantabulous (Turquoise) -  (LP) | Guerssen","schema":{"@context":"https:\/\/schema.org","@graph":[{"@type":"WebPage","@id":"https:\/\/wpguerssen-test.odoo.rgbconsulting.com\/es\/producto\/fantabulous-turquoise\/","url":"https:\/\/wpguerssen-test.odoo.rgbconsulting.com\/es\/producto\/fantabulous-turquoise\/","name":"BRUGNOLINI, Sandro - Fantabulous (Turquoise) - (LP) | Guerssen","isPartOf":{"@id":"https:\/\/wpguerssen-test.odoo.rgbconsulting.com\/es\/#website"},"primaryImageOfPage":{"@id":"https:\/\/wpguerssen-test.odoo.rgbconsulting.com\/es\/producto\/fantabulous-turquoise\/#primaryimage"},"image":{"@id":"https:\/\/wpguerssen-test.odoo.rgbconsulting.com\/es\/producto\/fantabulous-turquoise\/#primaryimage"},"thumbnailUrl":"https:\/\/wpguerssen-test.odoo.rgbconsulting.com\/wp-content\/uploads\/2022\/03\/39451.jpg","datePublished":"2021-10-05T22:00:00+00:00","dateModified":"2025-03-03T14:39:37+00:00","description":"Roman saxophonist and clarinettist Sandro Brugnolini began his long recording career in the Junior Dixieland Gang in the early 1950s and came to greater prominence as chief composer in the Modern Jazz Gang, awarded best original composition for his 'Arpo' at Italy's National Jazz Festival in 1958. Of the many film soundtracks he scored in the 60s, Fantabulous is the most legendary, Brugnolini bringing a jumble of mod jazz, psych-beat, freaky soul, and off-kilter pop into the mix, as an aural accompaniment to a film inspired by superheroes, secret agents, and swinging dames. One of the ultimate soundtrack rarities, this one is a must-have, far-out listening experience!","breadcrumb":{"@id":"https:\/\/wpguerssen-test.odoo.rgbconsulting.com\/es\/producto\/fantabulous-turquoise\/#breadcrumb"},"inLanguage":"es","potentialAction":[{"@type":"ReadAction","target":["https:\/\/wpguerssen-test.odoo.rgbconsulting.com\/es\/producto\/fantabulous-turquoise\/"]}]},{"@type":"ImageObject","inLanguage":"es","@id":"https:\/\/wpguerssen-test.odoo.rgbconsulting.com\/es\/producto\/fantabulous-turquoise\/#primaryimage","url":"https:\/\/wpguerssen-test.odoo.rgbconsulting.com\/wp-content\/uploads\/2022\/03\/39451.jpg","contentUrl":"https:\/\/wpguerssen-test.odoo.rgbconsulting.com\/wp-content\/uploads\/2022\/03\/39451.jpg","width":302,"height":303,"caption":"Sandro - Fantabulous (Turquoise) - TRADING PLACES (LP) | Guerssen"},{"@type":"BreadcrumbList","@id":"https:\/\/wpguerssen-test.odoo.rgbconsulting.com\/es\/producto\/fantabulous-turquoise\/#breadcrumb","itemListElement":[{"@type":"ListItem","position":1,"name":"Inicio","item":"https:\/\/wpguerssen-test.odoo.rgbconsulting.com\/es\/"},{"@type":"ListItem","position":2,"name":"Shop","item":"https:\/\/wpguerssen-test.odoo.rgbconsulting.com\/shop\/"},{"@type":"ListItem","position":3,"name":"Fantabulous (Turquoise)"}]},{"@type":"WebSite","@id":"https:\/\/wpguerssen-test.odoo.rgbconsulting.com\/es\/#website","url":"https:\/\/wpguerssen-test.odoo.rgbconsulting.com\/es\/","name":"Guerssen records","description":"psychedelia - progressive - folk - garage ","publisher":{"@id":"https:\/\/wpguerssen-test.odoo.rgbconsulting.com\/es\/#organization"},"potentialAction":[{"@type":"SearchAction","target":{"@type":"EntryPoint","urlTemplate":"https:\/\/wpguerssen-test.odoo.rgbconsulting.com\/es\/?s={search_term_string}"},"query-input":{"@type":"PropertyValueSpecification","valueRequired":true,"valueName":"search_term_string"}}],"inLanguage":"es"},{"@type":"Organization","@id":"https:\/\/wpguerssen-test.odoo.rgbconsulting.com\/es\/#organization","name":"Guerssen records","url":"https:\/\/wpguerssen-test.odoo.rgbconsulting.com\/es\/","logo":{"@type":"ImageObject","inLanguage":"es","@id":"https:\/\/wpguerssen-test.odoo.rgbconsulting.com\/es\/#\/schema\/logo\/image\/","url":"https:\/\/wpguerssen-test.odoo.rgbconsulting.com\/wp-content\/uploads\/2022\/04\/Logo_Guerssen_trans_100.png","contentUrl":"https:\/\/wpguerssen-test.odoo.rgbconsulting.com\/wp-content\/uploads\/2022\/04\/Logo_Guerssen_trans_100.png","width":122,"height":100,"caption":"Guerssen records"},"image":{"@id":"https:\/\/wpguerssen-test.odoo.rgbconsulting.com\/es\/#\/schema\/logo\/image\/"}}]}},"_links":{"self":[{"href":"https:\/\/wpguerssen-test.odoo.rgbconsulting.com\/es\/wp-json\/wp\/v2\/product\/209210","targetHints":{"allow":["GET"]}}],"collection":[{"href":"https:\/\/wpguerssen-test.odoo.rgbconsulting.com\/es\/wp-json\/wp\/v2\/product"}],"about":[{"href":"https:\/\/wpguerssen-test.odoo.rgbconsulting.com\/es\/wp-json\/wp\/v2\/types\/product"}],"wp:featuredmedia":[{"embeddable":true,"href":"https:\/\/wpguerssen-test.odoo.rgbconsulting.com\/es\/wp-json\/wp\/v2\/media\/129710"}],"wp:attachment":[{"href":"https:\/\/wpguerssen-test.odoo.rgbconsulting.com\/es\/wp-json\/wp\/v2\/media?parent=209210"}],"wp:term":[{"taxonomy":"product_brand","embeddable":true,"href":"https:\/\/wpguerssen-test.odoo.rgbconsulting.com\/es\/wp-json\/wp\/v2\/product_brand?post=209210"},{"taxonomy":"product_cat","embeddable":true,"href":"https:\/\/wpguerssen-test.odoo.rgbconsulting.com\/es\/wp-json\/wp\/v2\/product_cat?post=209210"},{"taxonomy":"product_tag","embeddable":true,"href":"https:\/\/wpguerssen-test.odoo.rgbconsulting.com\/es\/wp-json\/wp\/v2\/product_tag?post=209210"}],"curies":[{"name":"wp","href":"https:\/\/api.w.org\/{rel}","templated":true}]}}