{"id":209212,"date":"2025-01-10T00:00:00","date_gmt":"2025-01-09T23:00:00","guid":{"rendered":"http:\/\/guerssen.hl1097.dinaserver.com\/product\/original-sound-sessions-1967-1968\/"},"modified":"2025-04-24T17:09:44","modified_gmt":"2025-04-24T15:09:44","slug":"original-sound-sessions-1967-1968","status":"publish","type":"product","link":"https:\/\/wpguerssen-test.odoo.rgbconsulting.com\/es\/producto\/original-sound-sessions-1967-1968\/","title":{"rendered":"Original Sound Sessions 1967-1968"},"content":{"rendered":"<p>The Millennium permanece como una de las bandas psicod\u00e9licas m\u00e1s destacables de la California de los 60. <\/p>\n<p> Este disco incluye una selecci\u00f3n de las canciones extra grabadas en las sesiones de estudio para \u00abBegin\u00bb, \u00fanico \u00e1lbum publicado por The Millennium, y muchos de estos cortes aparecen aqu\u00ed en vinilo por primera vez. <\/p>\n<p> De escucha fundamental para cualquier aficionado a las melod\u00edas de sunshine pop y psicodelia.<\/p>\n","protected":false},"excerpt":{"rendered":"<p>The Millennium permanece como una de las bandas psicod\u00e9licas m\u00e1s destacables de la California de los 60. <\/p>\n<p>\u00a0<\/p>\n<p> Este disco incluye una selecci\u00f3n de<a class=\"read\" href=\"https:\/\/wpguerssen-test.odoo.rgbconsulting.com\/es\/producto\/original-sound-sessions-1967-1968\/\"> (...)<\/a>","protected":false},"featured_media":129714,"template":"","meta":{"_acf_changed":false},"product_brand":[],"product_cat":[21639],"product_tag":[24190],"class_list":{"0":"post-209212","1":"product","2":"type-product","3":"status-publish","4":"has-post-thumbnail","6":"product_cat-psychedelic60s-70s-es","7":"product_tag-sales-es","8":"pa_artist-millenium-the","9":"pa_format-lp-es","10":"pa_gender-psychedelic60s-70s","11":"pa_label-munster-es","12":"pa_location-north-america-es","13":"pa_other-filters-vinyl-only-es","15":"first","16":"instock","17":"taxable","18":"shipping-taxable","19":"purchasable","20":"product-type-simple"},"acf":[],"yoast_head":"<!-- This site is optimized with the Yoast SEO plugin v24.9 - https:\/\/yoast.com\/wordpress\/plugins\/seo\/ -->\n<title>MILLENIUM, The - Original Sound Sessions 1967-1968 -  (LP) | Guerssen<\/title>\n<meta name=\"description\" content=\"The Millennium stands as one of the most remarkable psychedelic bands from &#039;60s California. This record includes some of the extra tracks that were recorded in the sessions for &quot;Begin&quot;, The Millennium&#039;s one and only album; some of them were previously unavailable on vinyl. Essential listening for those into sunshine pop harmonies and psychedelia! #nl# TRACKLIST Side A 1. I JUST DON&#039;T KNOW HOW TO SAY GOODBYE 2. BABY IT&#039;S REAL 3. SUSPENDED ANIMATION 4. DYING WITH YOU* 5. HOW MUCH I LOVE YOU* 6. CAN YOU SEE 7. A YOUNGER ME* Side B 1. SOMETIME OR ANOTHER* 2. BREAKDOWN* 3. I NEED TO BE ON YOUR SIDE* 4. SHARE WITH ME 5. SUNSHINE GIRL 6. NO OTHER LOVE* 7. ONCE UPON A TIME *previously unavailable on vinyl\" \/>\n<meta name=\"robots\" content=\"index, follow, max-snippet:-1, max-image-preview:large, max-video-preview:-1\" \/>\n<link rel=\"canonical\" href=\"https:\/\/wpguerssen-test.odoo.rgbconsulting.com\/es\/producto\/original-sound-sessions-1967-1968\/\" \/>\n<meta property=\"og:locale\" content=\"es_ES\" \/>\n<meta property=\"og:type\" content=\"article\" \/>\n<meta property=\"og:title\" content=\"MILLENIUM, The - Original Sound Sessions 1967-1968 -  (LP) | Guerssen\" \/>\n<meta property=\"og:description\" content=\"The Millennium stands as one of the most remarkable psychedelic bands from &#039;60s California. This record includes some of the extra tracks that were recorded in the sessions for &quot;Begin&quot;, The Millennium&#039;s one and only album; some of them were previously unavailable on vinyl. Essential listening for those into sunshine pop harmonies and psychedelia! #nl# TRACKLIST Side A 1. I JUST DON&#039;T KNOW HOW TO SAY GOODBYE 2. BABY IT&#039;S REAL 3. SUSPENDED ANIMATION 4. DYING WITH YOU* 5. HOW MUCH I LOVE YOU* 6. CAN YOU SEE 7. A YOUNGER ME* Side B 1. SOMETIME OR ANOTHER* 2. BREAKDOWN* 3. I NEED TO BE ON YOUR SIDE* 4. SHARE WITH ME 5. SUNSHINE GIRL 6. NO OTHER LOVE* 7. ONCE UPON A TIME *previously unavailable on vinyl\" \/>\n<meta property=\"og:url\" content=\"https:\/\/wpguerssen-test.odoo.rgbconsulting.com\/es\/producto\/original-sound-sessions-1967-1968\/\" \/>\n<meta property=\"og:site_name\" content=\"Guerssen records\" \/>\n<meta property=\"article:modified_time\" content=\"2025-04-24T15:09:44+00:00\" \/>\n<meta property=\"og:image\" content=\"https:\/\/wpguerssen-test.odoo.rgbconsulting.com\/wp-content\/uploads\/2022\/03\/39453.jpg\" \/>\n\t<meta property=\"og:image:width\" content=\"560\" \/>\n\t<meta property=\"og:image:height\" content=\"560\" \/>\n\t<meta property=\"og:image:type\" content=\"image\/jpeg\" \/>\n<meta name=\"twitter:card\" content=\"summary_large_image\" \/>\n<meta name=\"twitter:title\" content=\"MILLENIUM, The - Original Sound Sessions 1967-1968 -  (LP) | Guerssen\" \/>\n<script type=\"application\/ld+json\" class=\"yoast-schema-graph\">{\"@context\":\"https:\/\/schema.org\",\"@graph\":[{\"@type\":\"WebPage\",\"@id\":\"https:\/\/wpguerssen-test.odoo.rgbconsulting.com\/es\/producto\/original-sound-sessions-1967-1968\/\",\"url\":\"https:\/\/wpguerssen-test.odoo.rgbconsulting.com\/es\/producto\/original-sound-sessions-1967-1968\/\",\"name\":\"MILLENIUM, The - Original Sound Sessions 1967-1968 - (LP) | Guerssen\",\"isPartOf\":{\"@id\":\"https:\/\/wpguerssen-test.odoo.rgbconsulting.com\/es\/#website\"},\"primaryImageOfPage\":{\"@id\":\"https:\/\/wpguerssen-test.odoo.rgbconsulting.com\/es\/producto\/original-sound-sessions-1967-1968\/#primaryimage\"},\"image\":{\"@id\":\"https:\/\/wpguerssen-test.odoo.rgbconsulting.com\/es\/producto\/original-sound-sessions-1967-1968\/#primaryimage\"},\"thumbnailUrl\":\"https:\/\/wpguerssen-test.odoo.rgbconsulting.com\/wp-content\/uploads\/2022\/03\/39453.jpg\",\"datePublished\":\"2025-01-09T23:00:00+00:00\",\"dateModified\":\"2025-04-24T15:09:44+00:00\",\"description\":\"The Millennium stands as one of the most remarkable psychedelic bands from '60s California. This record includes some of the extra tracks that were recorded in the sessions for \\\"Begin\\\", The Millennium's one and only album; some of them were previously unavailable on vinyl. Essential listening for those into sunshine pop harmonies and psychedelia! #nl# TRACKLIST Side A 1. I JUST DON'T KNOW HOW TO SAY GOODBYE 2. BABY IT'S REAL 3. SUSPENDED ANIMATION 4. DYING WITH YOU* 5. HOW MUCH I LOVE YOU* 6. CAN YOU SEE 7. A YOUNGER ME* Side B 1. SOMETIME OR ANOTHER* 2. BREAKDOWN* 3. I NEED TO BE ON YOUR SIDE* 4. SHARE WITH ME 5. SUNSHINE GIRL 6. NO OTHER LOVE* 7. ONCE UPON A TIME *previously unavailable on vinyl\",\"breadcrumb\":{\"@id\":\"https:\/\/wpguerssen-test.odoo.rgbconsulting.com\/es\/producto\/original-sound-sessions-1967-1968\/#breadcrumb\"},\"inLanguage\":\"es\",\"potentialAction\":[{\"@type\":\"ReadAction\",\"target\":[\"https:\/\/wpguerssen-test.odoo.rgbconsulting.com\/es\/producto\/original-sound-sessions-1967-1968\/\"]}]},{\"@type\":\"ImageObject\",\"inLanguage\":\"es\",\"@id\":\"https:\/\/wpguerssen-test.odoo.rgbconsulting.com\/es\/producto\/original-sound-sessions-1967-1968\/#primaryimage\",\"url\":\"https:\/\/wpguerssen-test.odoo.rgbconsulting.com\/wp-content\/uploads\/2022\/03\/39453.jpg\",\"contentUrl\":\"https:\/\/wpguerssen-test.odoo.rgbconsulting.com\/wp-content\/uploads\/2022\/03\/39453.jpg\",\"width\":560,\"height\":560,\"caption\":\"The - Original Sound Sessions 1967-1968 - MUNSTER (LP) | Guerssen\"},{\"@type\":\"BreadcrumbList\",\"@id\":\"https:\/\/wpguerssen-test.odoo.rgbconsulting.com\/es\/producto\/original-sound-sessions-1967-1968\/#breadcrumb\",\"itemListElement\":[{\"@type\":\"ListItem\",\"position\":1,\"name\":\"Inicio\",\"item\":\"https:\/\/wpguerssen-test.odoo.rgbconsulting.com\/es\/\"},{\"@type\":\"ListItem\",\"position\":2,\"name\":\"Shop\",\"item\":\"https:\/\/wpguerssen-test.odoo.rgbconsulting.com\/shop\/\"},{\"@type\":\"ListItem\",\"position\":3,\"name\":\"Original Sound Sessions 1967-1968\"}]},{\"@type\":\"WebSite\",\"@id\":\"https:\/\/wpguerssen-test.odoo.rgbconsulting.com\/es\/#website\",\"url\":\"https:\/\/wpguerssen-test.odoo.rgbconsulting.com\/es\/\",\"name\":\"Guerssen records\",\"description\":\"psychedelia - progressive - folk - garage \",\"publisher\":{\"@id\":\"https:\/\/wpguerssen-test.odoo.rgbconsulting.com\/es\/#organization\"},\"potentialAction\":[{\"@type\":\"SearchAction\",\"target\":{\"@type\":\"EntryPoint\",\"urlTemplate\":\"https:\/\/wpguerssen-test.odoo.rgbconsulting.com\/es\/?s={search_term_string}\"},\"query-input\":{\"@type\":\"PropertyValueSpecification\",\"valueRequired\":true,\"valueName\":\"search_term_string\"}}],\"inLanguage\":\"es\"},{\"@type\":\"Organization\",\"@id\":\"https:\/\/wpguerssen-test.odoo.rgbconsulting.com\/es\/#organization\",\"name\":\"Guerssen records\",\"url\":\"https:\/\/wpguerssen-test.odoo.rgbconsulting.com\/es\/\",\"logo\":{\"@type\":\"ImageObject\",\"inLanguage\":\"es\",\"@id\":\"https:\/\/wpguerssen-test.odoo.rgbconsulting.com\/es\/#\/schema\/logo\/image\/\",\"url\":\"https:\/\/wpguerssen-test.odoo.rgbconsulting.com\/wp-content\/uploads\/2022\/04\/Logo_Guerssen_trans_100.png\",\"contentUrl\":\"https:\/\/wpguerssen-test.odoo.rgbconsulting.com\/wp-content\/uploads\/2022\/04\/Logo_Guerssen_trans_100.png\",\"width\":122,\"height\":100,\"caption\":\"Guerssen records\"},\"image\":{\"@id\":\"https:\/\/wpguerssen-test.odoo.rgbconsulting.com\/es\/#\/schema\/logo\/image\/\"}}]}<\/script>\n<!-- \/ Yoast SEO plugin. -->","yoast_head_json":{"title":"MILLENIUM, The - Original Sound Sessions 1967-1968 -  (LP) | Guerssen","description":"The Millennium stands as one of the most remarkable psychedelic bands from '60s California. This record includes some of the extra tracks that were recorded in the sessions for \"Begin\", The Millennium's one and only album; some of them were previously unavailable on vinyl. Essential listening for those into sunshine pop harmonies and psychedelia! #nl# TRACKLIST Side A 1. I JUST DON'T KNOW HOW TO SAY GOODBYE 2. BABY IT'S REAL 3. SUSPENDED ANIMATION 4. DYING WITH YOU* 5. HOW MUCH I LOVE YOU* 6. CAN YOU SEE 7. A YOUNGER ME* Side B 1. SOMETIME OR ANOTHER* 2. BREAKDOWN* 3. I NEED TO BE ON YOUR SIDE* 4. SHARE WITH ME 5. SUNSHINE GIRL 6. NO OTHER LOVE* 7. ONCE UPON A TIME *previously unavailable on vinyl","robots":{"index":"index","follow":"follow","max-snippet":"max-snippet:-1","max-image-preview":"max-image-preview:large","max-video-preview":"max-video-preview:-1"},"canonical":"https:\/\/wpguerssen-test.odoo.rgbconsulting.com\/es\/producto\/original-sound-sessions-1967-1968\/","og_locale":"es_ES","og_type":"article","og_title":"MILLENIUM, The - Original Sound Sessions 1967-1968 -  (LP) | Guerssen","og_description":"The Millennium stands as one of the most remarkable psychedelic bands from '60s California. This record includes some of the extra tracks that were recorded in the sessions for \"Begin\", The Millennium's one and only album; some of them were previously unavailable on vinyl. Essential listening for those into sunshine pop harmonies and psychedelia! #nl# TRACKLIST Side A 1. I JUST DON'T KNOW HOW TO SAY GOODBYE 2. BABY IT'S REAL 3. SUSPENDED ANIMATION 4. DYING WITH YOU* 5. HOW MUCH I LOVE YOU* 6. CAN YOU SEE 7. A YOUNGER ME* Side B 1. SOMETIME OR ANOTHER* 2. BREAKDOWN* 3. I NEED TO BE ON YOUR SIDE* 4. SHARE WITH ME 5. SUNSHINE GIRL 6. NO OTHER LOVE* 7. ONCE UPON A TIME *previously unavailable on vinyl","og_url":"https:\/\/wpguerssen-test.odoo.rgbconsulting.com\/es\/producto\/original-sound-sessions-1967-1968\/","og_site_name":"Guerssen records","article_modified_time":"2025-04-24T15:09:44+00:00","og_image":[{"width":560,"height":560,"url":"https:\/\/wpguerssen-test.odoo.rgbconsulting.com\/wp-content\/uploads\/2022\/03\/39453.jpg","type":"image\/jpeg"}],"twitter_card":"summary_large_image","twitter_title":"MILLENIUM, The - Original Sound Sessions 1967-1968 -  (LP) | Guerssen","schema":{"@context":"https:\/\/schema.org","@graph":[{"@type":"WebPage","@id":"https:\/\/wpguerssen-test.odoo.rgbconsulting.com\/es\/producto\/original-sound-sessions-1967-1968\/","url":"https:\/\/wpguerssen-test.odoo.rgbconsulting.com\/es\/producto\/original-sound-sessions-1967-1968\/","name":"MILLENIUM, The - Original Sound Sessions 1967-1968 - (LP) | Guerssen","isPartOf":{"@id":"https:\/\/wpguerssen-test.odoo.rgbconsulting.com\/es\/#website"},"primaryImageOfPage":{"@id":"https:\/\/wpguerssen-test.odoo.rgbconsulting.com\/es\/producto\/original-sound-sessions-1967-1968\/#primaryimage"},"image":{"@id":"https:\/\/wpguerssen-test.odoo.rgbconsulting.com\/es\/producto\/original-sound-sessions-1967-1968\/#primaryimage"},"thumbnailUrl":"https:\/\/wpguerssen-test.odoo.rgbconsulting.com\/wp-content\/uploads\/2022\/03\/39453.jpg","datePublished":"2025-01-09T23:00:00+00:00","dateModified":"2025-04-24T15:09:44+00:00","description":"The Millennium stands as one of the most remarkable psychedelic bands from '60s California. This record includes some of the extra tracks that were recorded in the sessions for \"Begin\", The Millennium's one and only album; some of them were previously unavailable on vinyl. Essential listening for those into sunshine pop harmonies and psychedelia! #nl# TRACKLIST Side A 1. I JUST DON'T KNOW HOW TO SAY GOODBYE 2. BABY IT'S REAL 3. SUSPENDED ANIMATION 4. DYING WITH YOU* 5. HOW MUCH I LOVE YOU* 6. CAN YOU SEE 7. A YOUNGER ME* Side B 1. SOMETIME OR ANOTHER* 2. BREAKDOWN* 3. I NEED TO BE ON YOUR SIDE* 4. SHARE WITH ME 5. SUNSHINE GIRL 6. NO OTHER LOVE* 7. ONCE UPON A TIME *previously unavailable on vinyl","breadcrumb":{"@id":"https:\/\/wpguerssen-test.odoo.rgbconsulting.com\/es\/producto\/original-sound-sessions-1967-1968\/#breadcrumb"},"inLanguage":"es","potentialAction":[{"@type":"ReadAction","target":["https:\/\/wpguerssen-test.odoo.rgbconsulting.com\/es\/producto\/original-sound-sessions-1967-1968\/"]}]},{"@type":"ImageObject","inLanguage":"es","@id":"https:\/\/wpguerssen-test.odoo.rgbconsulting.com\/es\/producto\/original-sound-sessions-1967-1968\/#primaryimage","url":"https:\/\/wpguerssen-test.odoo.rgbconsulting.com\/wp-content\/uploads\/2022\/03\/39453.jpg","contentUrl":"https:\/\/wpguerssen-test.odoo.rgbconsulting.com\/wp-content\/uploads\/2022\/03\/39453.jpg","width":560,"height":560,"caption":"The - Original Sound Sessions 1967-1968 - MUNSTER (LP) | Guerssen"},{"@type":"BreadcrumbList","@id":"https:\/\/wpguerssen-test.odoo.rgbconsulting.com\/es\/producto\/original-sound-sessions-1967-1968\/#breadcrumb","itemListElement":[{"@type":"ListItem","position":1,"name":"Inicio","item":"https:\/\/wpguerssen-test.odoo.rgbconsulting.com\/es\/"},{"@type":"ListItem","position":2,"name":"Shop","item":"https:\/\/wpguerssen-test.odoo.rgbconsulting.com\/shop\/"},{"@type":"ListItem","position":3,"name":"Original Sound Sessions 1967-1968"}]},{"@type":"WebSite","@id":"https:\/\/wpguerssen-test.odoo.rgbconsulting.com\/es\/#website","url":"https:\/\/wpguerssen-test.odoo.rgbconsulting.com\/es\/","name":"Guerssen records","description":"psychedelia - progressive - folk - garage ","publisher":{"@id":"https:\/\/wpguerssen-test.odoo.rgbconsulting.com\/es\/#organization"},"potentialAction":[{"@type":"SearchAction","target":{"@type":"EntryPoint","urlTemplate":"https:\/\/wpguerssen-test.odoo.rgbconsulting.com\/es\/?s={search_term_string}"},"query-input":{"@type":"PropertyValueSpecification","valueRequired":true,"valueName":"search_term_string"}}],"inLanguage":"es"},{"@type":"Organization","@id":"https:\/\/wpguerssen-test.odoo.rgbconsulting.com\/es\/#organization","name":"Guerssen records","url":"https:\/\/wpguerssen-test.odoo.rgbconsulting.com\/es\/","logo":{"@type":"ImageObject","inLanguage":"es","@id":"https:\/\/wpguerssen-test.odoo.rgbconsulting.com\/es\/#\/schema\/logo\/image\/","url":"https:\/\/wpguerssen-test.odoo.rgbconsulting.com\/wp-content\/uploads\/2022\/04\/Logo_Guerssen_trans_100.png","contentUrl":"https:\/\/wpguerssen-test.odoo.rgbconsulting.com\/wp-content\/uploads\/2022\/04\/Logo_Guerssen_trans_100.png","width":122,"height":100,"caption":"Guerssen records"},"image":{"@id":"https:\/\/wpguerssen-test.odoo.rgbconsulting.com\/es\/#\/schema\/logo\/image\/"}}]}},"_links":{"self":[{"href":"https:\/\/wpguerssen-test.odoo.rgbconsulting.com\/es\/wp-json\/wp\/v2\/product\/209212","targetHints":{"allow":["GET"]}}],"collection":[{"href":"https:\/\/wpguerssen-test.odoo.rgbconsulting.com\/es\/wp-json\/wp\/v2\/product"}],"about":[{"href":"https:\/\/wpguerssen-test.odoo.rgbconsulting.com\/es\/wp-json\/wp\/v2\/types\/product"}],"wp:featuredmedia":[{"embeddable":true,"href":"https:\/\/wpguerssen-test.odoo.rgbconsulting.com\/es\/wp-json\/wp\/v2\/media\/129714"}],"wp:attachment":[{"href":"https:\/\/wpguerssen-test.odoo.rgbconsulting.com\/es\/wp-json\/wp\/v2\/media?parent=209212"}],"wp:term":[{"taxonomy":"product_brand","embeddable":true,"href":"https:\/\/wpguerssen-test.odoo.rgbconsulting.com\/es\/wp-json\/wp\/v2\/product_brand?post=209212"},{"taxonomy":"product_cat","embeddable":true,"href":"https:\/\/wpguerssen-test.odoo.rgbconsulting.com\/es\/wp-json\/wp\/v2\/product_cat?post=209212"},{"taxonomy":"product_tag","embeddable":true,"href":"https:\/\/wpguerssen-test.odoo.rgbconsulting.com\/es\/wp-json\/wp\/v2\/product_tag?post=209212"}],"curies":[{"name":"wp","href":"https:\/\/api.w.org\/{rel}","templated":true}]}}