{"id":209224,"date":"2025-03-07T00:00:00","date_gmt":"2025-03-06T23:00:00","guid":{"rendered":"http:\/\/guerssen.hl1097.dinaserver.com\/product\/doublings-silences-vol-i\/"},"modified":"2025-03-10T12:33:47","modified_gmt":"2025-03-10T11:33:47","slug":"doublings-silences-vol-i","status":"publish","type":"product","link":"https:\/\/wpguerssen-test.odoo.rgbconsulting.com\/es\/producto\/doublings-silences-vol-i\/","title":{"rendered":"Doublings &#038; Silences Vol.I"},"content":{"rendered":"<p>The Doubling Riders nacieron a mediados de los 80 de las cenizas del gran proyecto experimental\/minimal wave A.T.R.O.X. en torno al tr\u00edo de Francesco Paladino, Pier Luigi Andreoni y Riccardo Sinigaglia (profesor de composici\u00f3n electr\u00f3nica en el Conservatorio de Mil\u00e1n).<br \/>A partir de un enfoque de m\u00fasica electr\u00f3nica y trabajando libremente con elementos etno, folk y wave, el sonido de los Doubling Riders fue extremadamente original y dif\u00edcil de clasificar.<br \/>Sobre todo material meditativo tranquilo, con algunas influencias electr\u00f3nicas experimentales y folk y algunas vocalizaciones inusuales, algunas cantaban en un extra\u00f1o dialecto italiano.<br \/>Incluso si a menudo se compara con algunas de las m\u00fasicas electr\u00f3nicas m\u00e1s intelectuales bandas experimentales como Tuxedomoon, Coil o Vox Populi, Doubling Riders puede considerarse f\u00e1cilmente un proyecto \u00fanico dentro de la nueva escena musical italiana.<br \/>Remasterizado a partir de los archivos originales. Vinilo de 180 gr con insert.<\/p>\n","protected":false},"excerpt":{"rendered":"<p>The Doubling Riders nacieron a mediados de los 80 de las cenizas del gran proyecto experimental\/minimal wave A.T.R.O.X. en torno al tr\u00edo de Francesco Paladino, Pier<a class=\"read\" href=\"https:\/\/wpguerssen-test.odoo.rgbconsulting.com\/es\/producto\/doublings-silences-vol-i\/\"> (...)<\/a>","protected":false},"featured_media":129746,"template":"","meta":{"_acf_changed":false},"product_brand":[],"product_cat":[23222,23260],"product_tag":[24185],"class_list":{"0":"post-209224","1":"product","2":"type-product","3":"status-publish","4":"has-post-thumbnail","6":"product_cat-goth-darkwave-minima-es","7":"product_cat-avant-garde-experime-es","8":"product_tag-de-nuevo-en-existencia","9":"pa_artist-f-p-the-doubling-riders","10":"pa_format-lp-es","11":"pa_gender-avant-garde-experime-goth-darkwave-minima","12":"pa_label-bfe-records","13":"pa_location-europe-es","14":"pa_other-filters-vinyl-only-es","16":"first","17":"instock","18":"taxable","19":"shipping-taxable","20":"purchasable","21":"product-type-simple"},"acf":[],"yoast_head":"<!-- This site is optimized with the Yoast SEO plugin v24.9 - https:\/\/yoast.com\/wordpress\/plugins\/seo\/ -->\n<title>F.P. &amp; THE DOUBLING RIDERS - Doublings &amp; Silences Vol.I -  (LP) | Guerssen<\/title>\n<meta name=\"description\" content=\"The Doubling Riders were born in the middle of the &#039;80s from the ashes of the great experimental \/ minimal wave project A.T.R.O.X. around the trio of Francesco Paladino, Pier Luigi Andreoni, and Riccardo Sinigaglia (Professor of Electronic composition at Milan&#039;s Conservatory).Starting from an electronic music approach and working freely with ethno, folk and wave elements, the sound of the Doubling Riders was extremely original and hard to classify.Mostly quiet meditative stuff, with some folk, experimental electronic influences and some unusual vocalisations, some sang in a strange italian dialect.Even if often compared to some of the more intellectual electronic experimental bands like Tuxedomoon, Coil or Vox Populi, Doubling Riders can be easily considered a unique project within the Italian new music scene.Remastered from the original files. 180 gr vinyl with insert.\" \/>\n<meta name=\"robots\" content=\"index, follow, max-snippet:-1, max-image-preview:large, max-video-preview:-1\" \/>\n<link rel=\"canonical\" href=\"https:\/\/wpguerssen-test.odoo.rgbconsulting.com\/es\/producto\/doublings-silences-vol-i\/\" \/>\n<meta property=\"og:locale\" content=\"es_ES\" \/>\n<meta property=\"og:type\" content=\"article\" \/>\n<meta property=\"og:title\" content=\"F.P. &amp; THE DOUBLING RIDERS - Doublings &amp; Silences Vol.I -  (LP) | Guerssen\" \/>\n<meta property=\"og:description\" content=\"The Doubling Riders were born in the middle of the &#039;80s from the ashes of the great experimental \/ minimal wave project A.T.R.O.X. around the trio of Francesco Paladino, Pier Luigi Andreoni, and Riccardo Sinigaglia (Professor of Electronic composition at Milan&#039;s Conservatory).Starting from an electronic music approach and working freely with ethno, folk and wave elements, the sound of the Doubling Riders was extremely original and hard to classify.Mostly quiet meditative stuff, with some folk, experimental electronic influences and some unusual vocalisations, some sang in a strange italian dialect.Even if often compared to some of the more intellectual electronic experimental bands like Tuxedomoon, Coil or Vox Populi, Doubling Riders can be easily considered a unique project within the Italian new music scene.Remastered from the original files. 180 gr vinyl with insert.\" \/>\n<meta property=\"og:url\" content=\"https:\/\/wpguerssen-test.odoo.rgbconsulting.com\/es\/producto\/doublings-silences-vol-i\/\" \/>\n<meta property=\"og:site_name\" content=\"Guerssen records\" \/>\n<meta property=\"article:modified_time\" content=\"2025-03-10T11:33:47+00:00\" \/>\n<meta property=\"og:image\" content=\"https:\/\/wpguerssen-test.odoo.rgbconsulting.com\/wp-content\/uploads\/2022\/03\/39473.jpg\" \/>\n\t<meta property=\"og:image:width\" content=\"1200\" \/>\n\t<meta property=\"og:image:height\" content=\"1200\" \/>\n\t<meta property=\"og:image:type\" content=\"image\/jpeg\" \/>\n<meta name=\"twitter:card\" content=\"summary_large_image\" \/>\n<meta name=\"twitter:title\" content=\"F.P. &amp; THE DOUBLING RIDERS - Doublings &amp; Silences Vol.I -  (LP) | Guerssen\" \/>\n<meta name=\"twitter:label1\" content=\"Tiempo de lectura\" \/>\n\t<meta name=\"twitter:data1\" content=\"1 minuto\" \/>\n<script type=\"application\/ld+json\" class=\"yoast-schema-graph\">{\"@context\":\"https:\/\/schema.org\",\"@graph\":[{\"@type\":\"WebPage\",\"@id\":\"https:\/\/wpguerssen-test.odoo.rgbconsulting.com\/es\/producto\/doublings-silences-vol-i\/\",\"url\":\"https:\/\/wpguerssen-test.odoo.rgbconsulting.com\/es\/producto\/doublings-silences-vol-i\/\",\"name\":\"F.P. & THE DOUBLING RIDERS - Doublings & Silences Vol.I - (LP) | Guerssen\",\"isPartOf\":{\"@id\":\"https:\/\/wpguerssen-test.odoo.rgbconsulting.com\/es\/#website\"},\"primaryImageOfPage\":{\"@id\":\"https:\/\/wpguerssen-test.odoo.rgbconsulting.com\/es\/producto\/doublings-silences-vol-i\/#primaryimage\"},\"image\":{\"@id\":\"https:\/\/wpguerssen-test.odoo.rgbconsulting.com\/es\/producto\/doublings-silences-vol-i\/#primaryimage\"},\"thumbnailUrl\":\"https:\/\/wpguerssen-test.odoo.rgbconsulting.com\/wp-content\/uploads\/2022\/03\/39473.jpg\",\"datePublished\":\"2025-03-06T23:00:00+00:00\",\"dateModified\":\"2025-03-10T11:33:47+00:00\",\"description\":\"The Doubling Riders were born in the middle of the '80s from the ashes of the great experimental \/ minimal wave project A.T.R.O.X. around the trio of Francesco Paladino, Pier Luigi Andreoni, and Riccardo Sinigaglia (Professor of Electronic composition at Milan's Conservatory).Starting from an electronic music approach and working freely with ethno, folk and wave elements, the sound of the Doubling Riders was extremely original and hard to classify.Mostly quiet meditative stuff, with some folk, experimental electronic influences and some unusual vocalisations, some sang in a strange italian dialect.Even if often compared to some of the more intellectual electronic experimental bands like Tuxedomoon, Coil or Vox Populi, Doubling Riders can be easily considered a unique project within the Italian new music scene.Remastered from the original files. 180 gr vinyl with insert.\",\"breadcrumb\":{\"@id\":\"https:\/\/wpguerssen-test.odoo.rgbconsulting.com\/es\/producto\/doublings-silences-vol-i\/#breadcrumb\"},\"inLanguage\":\"es\",\"potentialAction\":[{\"@type\":\"ReadAction\",\"target\":[\"https:\/\/wpguerssen-test.odoo.rgbconsulting.com\/es\/producto\/doublings-silences-vol-i\/\"]}]},{\"@type\":\"ImageObject\",\"inLanguage\":\"es\",\"@id\":\"https:\/\/wpguerssen-test.odoo.rgbconsulting.com\/es\/producto\/doublings-silences-vol-i\/#primaryimage\",\"url\":\"https:\/\/wpguerssen-test.odoo.rgbconsulting.com\/wp-content\/uploads\/2022\/03\/39473.jpg\",\"contentUrl\":\"https:\/\/wpguerssen-test.odoo.rgbconsulting.com\/wp-content\/uploads\/2022\/03\/39473.jpg\",\"width\":1200,\"height\":1200,\"caption\":\"F.P. & THE DOUBLING RIDERS - Doublings & Silences Vol.I - BFE RECORDS (LP) | Guerssen\"},{\"@type\":\"BreadcrumbList\",\"@id\":\"https:\/\/wpguerssen-test.odoo.rgbconsulting.com\/es\/producto\/doublings-silences-vol-i\/#breadcrumb\",\"itemListElement\":[{\"@type\":\"ListItem\",\"position\":1,\"name\":\"Inicio\",\"item\":\"https:\/\/wpguerssen-test.odoo.rgbconsulting.com\/es\/\"},{\"@type\":\"ListItem\",\"position\":2,\"name\":\"Shop\",\"item\":\"https:\/\/wpguerssen-test.odoo.rgbconsulting.com\/shop\/\"},{\"@type\":\"ListItem\",\"position\":3,\"name\":\"Doublings &#038; Silences Vol.I\"}]},{\"@type\":\"WebSite\",\"@id\":\"https:\/\/wpguerssen-test.odoo.rgbconsulting.com\/es\/#website\",\"url\":\"https:\/\/wpguerssen-test.odoo.rgbconsulting.com\/es\/\",\"name\":\"Guerssen records\",\"description\":\"psychedelia - progressive - folk - garage \",\"publisher\":{\"@id\":\"https:\/\/wpguerssen-test.odoo.rgbconsulting.com\/es\/#organization\"},\"potentialAction\":[{\"@type\":\"SearchAction\",\"target\":{\"@type\":\"EntryPoint\",\"urlTemplate\":\"https:\/\/wpguerssen-test.odoo.rgbconsulting.com\/es\/?s={search_term_string}\"},\"query-input\":{\"@type\":\"PropertyValueSpecification\",\"valueRequired\":true,\"valueName\":\"search_term_string\"}}],\"inLanguage\":\"es\"},{\"@type\":\"Organization\",\"@id\":\"https:\/\/wpguerssen-test.odoo.rgbconsulting.com\/es\/#organization\",\"name\":\"Guerssen records\",\"url\":\"https:\/\/wpguerssen-test.odoo.rgbconsulting.com\/es\/\",\"logo\":{\"@type\":\"ImageObject\",\"inLanguage\":\"es\",\"@id\":\"https:\/\/wpguerssen-test.odoo.rgbconsulting.com\/es\/#\/schema\/logo\/image\/\",\"url\":\"https:\/\/wpguerssen-test.odoo.rgbconsulting.com\/wp-content\/uploads\/2022\/04\/Logo_Guerssen_trans_100.png\",\"contentUrl\":\"https:\/\/wpguerssen-test.odoo.rgbconsulting.com\/wp-content\/uploads\/2022\/04\/Logo_Guerssen_trans_100.png\",\"width\":122,\"height\":100,\"caption\":\"Guerssen records\"},\"image\":{\"@id\":\"https:\/\/wpguerssen-test.odoo.rgbconsulting.com\/es\/#\/schema\/logo\/image\/\"}}]}<\/script>\n<!-- \/ Yoast SEO plugin. -->","yoast_head_json":{"title":"F.P. & THE DOUBLING RIDERS - Doublings & Silences Vol.I -  (LP) | Guerssen","description":"The Doubling Riders were born in the middle of the '80s from the ashes of the great experimental \/ minimal wave project A.T.R.O.X. around the trio of Francesco Paladino, Pier Luigi Andreoni, and Riccardo Sinigaglia (Professor of Electronic composition at Milan's Conservatory).Starting from an electronic music approach and working freely with ethno, folk and wave elements, the sound of the Doubling Riders was extremely original and hard to classify.Mostly quiet meditative stuff, with some folk, experimental electronic influences and some unusual vocalisations, some sang in a strange italian dialect.Even if often compared to some of the more intellectual electronic experimental bands like Tuxedomoon, Coil or Vox Populi, Doubling Riders can be easily considered a unique project within the Italian new music scene.Remastered from the original files. 180 gr vinyl with insert.","robots":{"index":"index","follow":"follow","max-snippet":"max-snippet:-1","max-image-preview":"max-image-preview:large","max-video-preview":"max-video-preview:-1"},"canonical":"https:\/\/wpguerssen-test.odoo.rgbconsulting.com\/es\/producto\/doublings-silences-vol-i\/","og_locale":"es_ES","og_type":"article","og_title":"F.P. & THE DOUBLING RIDERS - Doublings & Silences Vol.I -  (LP) | Guerssen","og_description":"The Doubling Riders were born in the middle of the '80s from the ashes of the great experimental \/ minimal wave project A.T.R.O.X. around the trio of Francesco Paladino, Pier Luigi Andreoni, and Riccardo Sinigaglia (Professor of Electronic composition at Milan's Conservatory).Starting from an electronic music approach and working freely with ethno, folk and wave elements, the sound of the Doubling Riders was extremely original and hard to classify.Mostly quiet meditative stuff, with some folk, experimental electronic influences and some unusual vocalisations, some sang in a strange italian dialect.Even if often compared to some of the more intellectual electronic experimental bands like Tuxedomoon, Coil or Vox Populi, Doubling Riders can be easily considered a unique project within the Italian new music scene.Remastered from the original files. 180 gr vinyl with insert.","og_url":"https:\/\/wpguerssen-test.odoo.rgbconsulting.com\/es\/producto\/doublings-silences-vol-i\/","og_site_name":"Guerssen records","article_modified_time":"2025-03-10T11:33:47+00:00","og_image":[{"width":1200,"height":1200,"url":"https:\/\/wpguerssen-test.odoo.rgbconsulting.com\/wp-content\/uploads\/2022\/03\/39473.jpg","type":"image\/jpeg"}],"twitter_card":"summary_large_image","twitter_title":"F.P. & THE DOUBLING RIDERS - Doublings & Silences Vol.I -  (LP) | Guerssen","twitter_misc":{"Tiempo de lectura":"1 minuto"},"schema":{"@context":"https:\/\/schema.org","@graph":[{"@type":"WebPage","@id":"https:\/\/wpguerssen-test.odoo.rgbconsulting.com\/es\/producto\/doublings-silences-vol-i\/","url":"https:\/\/wpguerssen-test.odoo.rgbconsulting.com\/es\/producto\/doublings-silences-vol-i\/","name":"F.P. & THE DOUBLING RIDERS - Doublings & Silences Vol.I - (LP) | Guerssen","isPartOf":{"@id":"https:\/\/wpguerssen-test.odoo.rgbconsulting.com\/es\/#website"},"primaryImageOfPage":{"@id":"https:\/\/wpguerssen-test.odoo.rgbconsulting.com\/es\/producto\/doublings-silences-vol-i\/#primaryimage"},"image":{"@id":"https:\/\/wpguerssen-test.odoo.rgbconsulting.com\/es\/producto\/doublings-silences-vol-i\/#primaryimage"},"thumbnailUrl":"https:\/\/wpguerssen-test.odoo.rgbconsulting.com\/wp-content\/uploads\/2022\/03\/39473.jpg","datePublished":"2025-03-06T23:00:00+00:00","dateModified":"2025-03-10T11:33:47+00:00","description":"The Doubling Riders were born in the middle of the '80s from the ashes of the great experimental \/ minimal wave project A.T.R.O.X. around the trio of Francesco Paladino, Pier Luigi Andreoni, and Riccardo Sinigaglia (Professor of Electronic composition at Milan's Conservatory).Starting from an electronic music approach and working freely with ethno, folk and wave elements, the sound of the Doubling Riders was extremely original and hard to classify.Mostly quiet meditative stuff, with some folk, experimental electronic influences and some unusual vocalisations, some sang in a strange italian dialect.Even if often compared to some of the more intellectual electronic experimental bands like Tuxedomoon, Coil or Vox Populi, Doubling Riders can be easily considered a unique project within the Italian new music scene.Remastered from the original files. 180 gr vinyl with insert.","breadcrumb":{"@id":"https:\/\/wpguerssen-test.odoo.rgbconsulting.com\/es\/producto\/doublings-silences-vol-i\/#breadcrumb"},"inLanguage":"es","potentialAction":[{"@type":"ReadAction","target":["https:\/\/wpguerssen-test.odoo.rgbconsulting.com\/es\/producto\/doublings-silences-vol-i\/"]}]},{"@type":"ImageObject","inLanguage":"es","@id":"https:\/\/wpguerssen-test.odoo.rgbconsulting.com\/es\/producto\/doublings-silences-vol-i\/#primaryimage","url":"https:\/\/wpguerssen-test.odoo.rgbconsulting.com\/wp-content\/uploads\/2022\/03\/39473.jpg","contentUrl":"https:\/\/wpguerssen-test.odoo.rgbconsulting.com\/wp-content\/uploads\/2022\/03\/39473.jpg","width":1200,"height":1200,"caption":"F.P. & THE DOUBLING RIDERS - Doublings & Silences Vol.I - BFE RECORDS (LP) | Guerssen"},{"@type":"BreadcrumbList","@id":"https:\/\/wpguerssen-test.odoo.rgbconsulting.com\/es\/producto\/doublings-silences-vol-i\/#breadcrumb","itemListElement":[{"@type":"ListItem","position":1,"name":"Inicio","item":"https:\/\/wpguerssen-test.odoo.rgbconsulting.com\/es\/"},{"@type":"ListItem","position":2,"name":"Shop","item":"https:\/\/wpguerssen-test.odoo.rgbconsulting.com\/shop\/"},{"@type":"ListItem","position":3,"name":"Doublings &#038; Silences Vol.I"}]},{"@type":"WebSite","@id":"https:\/\/wpguerssen-test.odoo.rgbconsulting.com\/es\/#website","url":"https:\/\/wpguerssen-test.odoo.rgbconsulting.com\/es\/","name":"Guerssen records","description":"psychedelia - progressive - folk - garage ","publisher":{"@id":"https:\/\/wpguerssen-test.odoo.rgbconsulting.com\/es\/#organization"},"potentialAction":[{"@type":"SearchAction","target":{"@type":"EntryPoint","urlTemplate":"https:\/\/wpguerssen-test.odoo.rgbconsulting.com\/es\/?s={search_term_string}"},"query-input":{"@type":"PropertyValueSpecification","valueRequired":true,"valueName":"search_term_string"}}],"inLanguage":"es"},{"@type":"Organization","@id":"https:\/\/wpguerssen-test.odoo.rgbconsulting.com\/es\/#organization","name":"Guerssen records","url":"https:\/\/wpguerssen-test.odoo.rgbconsulting.com\/es\/","logo":{"@type":"ImageObject","inLanguage":"es","@id":"https:\/\/wpguerssen-test.odoo.rgbconsulting.com\/es\/#\/schema\/logo\/image\/","url":"https:\/\/wpguerssen-test.odoo.rgbconsulting.com\/wp-content\/uploads\/2022\/04\/Logo_Guerssen_trans_100.png","contentUrl":"https:\/\/wpguerssen-test.odoo.rgbconsulting.com\/wp-content\/uploads\/2022\/04\/Logo_Guerssen_trans_100.png","width":122,"height":100,"caption":"Guerssen records"},"image":{"@id":"https:\/\/wpguerssen-test.odoo.rgbconsulting.com\/es\/#\/schema\/logo\/image\/"}}]}},"_links":{"self":[{"href":"https:\/\/wpguerssen-test.odoo.rgbconsulting.com\/es\/wp-json\/wp\/v2\/product\/209224","targetHints":{"allow":["GET"]}}],"collection":[{"href":"https:\/\/wpguerssen-test.odoo.rgbconsulting.com\/es\/wp-json\/wp\/v2\/product"}],"about":[{"href":"https:\/\/wpguerssen-test.odoo.rgbconsulting.com\/es\/wp-json\/wp\/v2\/types\/product"}],"wp:featuredmedia":[{"embeddable":true,"href":"https:\/\/wpguerssen-test.odoo.rgbconsulting.com\/es\/wp-json\/wp\/v2\/media\/129746"}],"wp:attachment":[{"href":"https:\/\/wpguerssen-test.odoo.rgbconsulting.com\/es\/wp-json\/wp\/v2\/media?parent=209224"}],"wp:term":[{"taxonomy":"product_brand","embeddable":true,"href":"https:\/\/wpguerssen-test.odoo.rgbconsulting.com\/es\/wp-json\/wp\/v2\/product_brand?post=209224"},{"taxonomy":"product_cat","embeddable":true,"href":"https:\/\/wpguerssen-test.odoo.rgbconsulting.com\/es\/wp-json\/wp\/v2\/product_cat?post=209224"},{"taxonomy":"product_tag","embeddable":true,"href":"https:\/\/wpguerssen-test.odoo.rgbconsulting.com\/es\/wp-json\/wp\/v2\/product_tag?post=209224"}],"curies":[{"name":"wp","href":"https:\/\/api.w.org\/{rel}","templated":true}]}}