{"id":209226,"date":"2021-10-04T00:00:00","date_gmt":"2021-10-03T22:00:00","guid":{"rendered":"http:\/\/guerssen.hl1097.dinaserver.com\/product\/vietato-ai-minori-di-18-anni-red\/"},"modified":"2025-01-09T15:04:17","modified_gmt":"2025-01-09T14:04:17","slug":"vietato-ai-minori-di-18-anni-red","status":"publish","type":"product","link":"https:\/\/wpguerssen-test.odoo.rgbconsulting.com\/es\/producto\/vietato-ai-minori-di-18-anni-red\/","title":{"rendered":"Vietato ai minori di 18 anni? (Red)"},"content":{"rendered":"<p>Tercero y \u00faltimo de los discos de JUMBO, originalmente en Philips en 1973.  De largo su m\u00e1s ambicioso trabajo, con un resultado m\u00e1s sofisticado que hasta ahora, y tambi\u00e9n menos inmediato. Excelente rock progresivo, con la colaboraci\u00f3n de Franco Battiato. El disco fue censurado en las emisoras de radio por las letras de algunos temas, que tocaban temas todav\u00eda hoy comprometidos como la homosexualidad o la alienaci\u00f3n social. Vinilo de color.<\/p>\n","protected":false},"excerpt":{"rendered":"<p>Tercero y \u00faltimo de los discos de JUMBO, originalmente en Philips en 1973.  De largo su m\u00e1s ambicioso trabajo, con un resultado m\u00e1s sofisticado que hasta ahora,<a class=\"read\" href=\"https:\/\/wpguerssen-test.odoo.rgbconsulting.com\/es\/producto\/vietato-ai-minori-di-18-anni-red\/\"> (...)<\/a>","protected":false},"featured_media":129752,"template":"","meta":{"_acf_changed":false},"product_brand":[],"product_cat":[23215],"product_tag":[29140],"class_list":{"0":"post-209226","1":"product","2":"type-product","3":"status-publish","4":"has-post-thumbnail","6":"product_cat-progressive60s-70s-es","7":"product_tag-color-vinyl-es","8":"pa_artist-jumbo","9":"pa_format-lp-es","10":"pa_gender-progressive60s-70s","11":"pa_label-vinyl-magic","12":"pa_location-europe-es","13":"pa_other-filters-vinyl-only-es","15":"first","16":"instock","17":"taxable","18":"shipping-taxable","19":"purchasable","20":"product-type-simple"},"acf":[],"yoast_head":"<!-- This site is optimized with the Yoast SEO plugin v24.9 - https:\/\/yoast.com\/wordpress\/plugins\/seo\/ -->\n<title>JUMBO - Vietato ai minori di 18 anni? (Red) -  (LP) | Guerssen<\/title>\n<meta name=\"description\" content=\"Another classic italian progressive classic now available from BTF in deluxe ltd. ed. LP edition with original gatefold cover artwork and 180 gr. vinyl. #nl# &quot;Vietato ai minori di 18 anni?&quot; is Jumbo&#039;s third album from 1973, a more sophisticated recording in respect to the previous one, with some great music and lyrics, altough at times fragmented by jam sessions with Franco Battiato and Lino Capra Vaccina. Suggested to all serious italian prog collectors.\" \/>\n<meta name=\"robots\" content=\"index, follow, max-snippet:-1, max-image-preview:large, max-video-preview:-1\" \/>\n<link rel=\"canonical\" href=\"https:\/\/wpguerssen-test.odoo.rgbconsulting.com\/es\/producto\/vietato-ai-minori-di-18-anni-red\/\" \/>\n<meta property=\"og:locale\" content=\"es_ES\" \/>\n<meta property=\"og:type\" content=\"article\" \/>\n<meta property=\"og:title\" content=\"JUMBO - Vietato ai minori di 18 anni? (Red) -  (LP) | Guerssen\" \/>\n<meta property=\"og:description\" content=\"Another classic italian progressive classic now available from BTF in deluxe ltd. ed. LP edition with original gatefold cover artwork and 180 gr. vinyl. #nl# &quot;Vietato ai minori di 18 anni?&quot; is Jumbo&#039;s third album from 1973, a more sophisticated recording in respect to the previous one, with some great music and lyrics, altough at times fragmented by jam sessions with Franco Battiato and Lino Capra Vaccina. Suggested to all serious italian prog collectors.\" \/>\n<meta property=\"og:url\" content=\"https:\/\/wpguerssen-test.odoo.rgbconsulting.com\/es\/producto\/vietato-ai-minori-di-18-anni-red\/\" \/>\n<meta property=\"og:site_name\" content=\"Guerssen records\" \/>\n<meta property=\"article:modified_time\" content=\"2025-01-09T14:04:17+00:00\" \/>\n<meta property=\"og:image\" content=\"https:\/\/wpguerssen-test.odoo.rgbconsulting.com\/wp-content\/uploads\/2022\/03\/39476.jpg\" \/>\n\t<meta property=\"og:image:width\" content=\"650\" \/>\n\t<meta property=\"og:image:height\" content=\"650\" \/>\n\t<meta property=\"og:image:type\" content=\"image\/jpeg\" \/>\n<meta name=\"twitter:card\" content=\"summary_large_image\" \/>\n<meta name=\"twitter:title\" content=\"JUMBO - Vietato ai minori di 18 anni? (Red) -  (LP) | Guerssen\" \/>\n<script type=\"application\/ld+json\" class=\"yoast-schema-graph\">{\"@context\":\"https:\/\/schema.org\",\"@graph\":[{\"@type\":\"WebPage\",\"@id\":\"https:\/\/wpguerssen-test.odoo.rgbconsulting.com\/es\/producto\/vietato-ai-minori-di-18-anni-red\/\",\"url\":\"https:\/\/wpguerssen-test.odoo.rgbconsulting.com\/es\/producto\/vietato-ai-minori-di-18-anni-red\/\",\"name\":\"JUMBO - Vietato ai minori di 18 anni? (Red) - (LP) | Guerssen\",\"isPartOf\":{\"@id\":\"https:\/\/wpguerssen-test.odoo.rgbconsulting.com\/es\/#website\"},\"primaryImageOfPage\":{\"@id\":\"https:\/\/wpguerssen-test.odoo.rgbconsulting.com\/es\/producto\/vietato-ai-minori-di-18-anni-red\/#primaryimage\"},\"image\":{\"@id\":\"https:\/\/wpguerssen-test.odoo.rgbconsulting.com\/es\/producto\/vietato-ai-minori-di-18-anni-red\/#primaryimage\"},\"thumbnailUrl\":\"https:\/\/wpguerssen-test.odoo.rgbconsulting.com\/wp-content\/uploads\/2022\/03\/39476.jpg\",\"datePublished\":\"2021-10-03T22:00:00+00:00\",\"dateModified\":\"2025-01-09T14:04:17+00:00\",\"description\":\"Another classic italian progressive classic now available from BTF in deluxe ltd. ed. LP edition with original gatefold cover artwork and 180 gr. vinyl. #nl# \\\"Vietato ai minori di 18 anni?\\\" is Jumbo's third album from 1973, a more sophisticated recording in respect to the previous one, with some great music and lyrics, altough at times fragmented by jam sessions with Franco Battiato and Lino Capra Vaccina. Suggested to all serious italian prog collectors.\",\"breadcrumb\":{\"@id\":\"https:\/\/wpguerssen-test.odoo.rgbconsulting.com\/es\/producto\/vietato-ai-minori-di-18-anni-red\/#breadcrumb\"},\"inLanguage\":\"es\",\"potentialAction\":[{\"@type\":\"ReadAction\",\"target\":[\"https:\/\/wpguerssen-test.odoo.rgbconsulting.com\/es\/producto\/vietato-ai-minori-di-18-anni-red\/\"]}]},{\"@type\":\"ImageObject\",\"inLanguage\":\"es\",\"@id\":\"https:\/\/wpguerssen-test.odoo.rgbconsulting.com\/es\/producto\/vietato-ai-minori-di-18-anni-red\/#primaryimage\",\"url\":\"https:\/\/wpguerssen-test.odoo.rgbconsulting.com\/wp-content\/uploads\/2022\/03\/39476.jpg\",\"contentUrl\":\"https:\/\/wpguerssen-test.odoo.rgbconsulting.com\/wp-content\/uploads\/2022\/03\/39476.jpg\",\"width\":650,\"height\":650,\"caption\":\"JUMBO - Vietato ai minori di 18 anni? (Red) - VINYL MAGIC (LP) | Guerssen\"},{\"@type\":\"BreadcrumbList\",\"@id\":\"https:\/\/wpguerssen-test.odoo.rgbconsulting.com\/es\/producto\/vietato-ai-minori-di-18-anni-red\/#breadcrumb\",\"itemListElement\":[{\"@type\":\"ListItem\",\"position\":1,\"name\":\"Inicio\",\"item\":\"https:\/\/wpguerssen-test.odoo.rgbconsulting.com\/es\/\"},{\"@type\":\"ListItem\",\"position\":2,\"name\":\"Shop\",\"item\":\"https:\/\/wpguerssen-test.odoo.rgbconsulting.com\/shop\/\"},{\"@type\":\"ListItem\",\"position\":3,\"name\":\"Vietato ai minori di 18 anni? (Red)\"}]},{\"@type\":\"WebSite\",\"@id\":\"https:\/\/wpguerssen-test.odoo.rgbconsulting.com\/es\/#website\",\"url\":\"https:\/\/wpguerssen-test.odoo.rgbconsulting.com\/es\/\",\"name\":\"Guerssen records\",\"description\":\"psychedelia - progressive - folk - garage \",\"publisher\":{\"@id\":\"https:\/\/wpguerssen-test.odoo.rgbconsulting.com\/es\/#organization\"},\"potentialAction\":[{\"@type\":\"SearchAction\",\"target\":{\"@type\":\"EntryPoint\",\"urlTemplate\":\"https:\/\/wpguerssen-test.odoo.rgbconsulting.com\/es\/?s={search_term_string}\"},\"query-input\":{\"@type\":\"PropertyValueSpecification\",\"valueRequired\":true,\"valueName\":\"search_term_string\"}}],\"inLanguage\":\"es\"},{\"@type\":\"Organization\",\"@id\":\"https:\/\/wpguerssen-test.odoo.rgbconsulting.com\/es\/#organization\",\"name\":\"Guerssen records\",\"url\":\"https:\/\/wpguerssen-test.odoo.rgbconsulting.com\/es\/\",\"logo\":{\"@type\":\"ImageObject\",\"inLanguage\":\"es\",\"@id\":\"https:\/\/wpguerssen-test.odoo.rgbconsulting.com\/es\/#\/schema\/logo\/image\/\",\"url\":\"https:\/\/wpguerssen-test.odoo.rgbconsulting.com\/wp-content\/uploads\/2022\/04\/Logo_Guerssen_trans_100.png\",\"contentUrl\":\"https:\/\/wpguerssen-test.odoo.rgbconsulting.com\/wp-content\/uploads\/2022\/04\/Logo_Guerssen_trans_100.png\",\"width\":122,\"height\":100,\"caption\":\"Guerssen records\"},\"image\":{\"@id\":\"https:\/\/wpguerssen-test.odoo.rgbconsulting.com\/es\/#\/schema\/logo\/image\/\"}}]}<\/script>\n<!-- \/ Yoast SEO plugin. -->","yoast_head_json":{"title":"JUMBO - Vietato ai minori di 18 anni? (Red) -  (LP) | Guerssen","description":"Another classic italian progressive classic now available from BTF in deluxe ltd. ed. LP edition with original gatefold cover artwork and 180 gr. vinyl. #nl# \"Vietato ai minori di 18 anni?\" is Jumbo's third album from 1973, a more sophisticated recording in respect to the previous one, with some great music and lyrics, altough at times fragmented by jam sessions with Franco Battiato and Lino Capra Vaccina. Suggested to all serious italian prog collectors.","robots":{"index":"index","follow":"follow","max-snippet":"max-snippet:-1","max-image-preview":"max-image-preview:large","max-video-preview":"max-video-preview:-1"},"canonical":"https:\/\/wpguerssen-test.odoo.rgbconsulting.com\/es\/producto\/vietato-ai-minori-di-18-anni-red\/","og_locale":"es_ES","og_type":"article","og_title":"JUMBO - Vietato ai minori di 18 anni? (Red) -  (LP) | Guerssen","og_description":"Another classic italian progressive classic now available from BTF in deluxe ltd. ed. LP edition with original gatefold cover artwork and 180 gr. vinyl. #nl# \"Vietato ai minori di 18 anni?\" is Jumbo's third album from 1973, a more sophisticated recording in respect to the previous one, with some great music and lyrics, altough at times fragmented by jam sessions with Franco Battiato and Lino Capra Vaccina. Suggested to all serious italian prog collectors.","og_url":"https:\/\/wpguerssen-test.odoo.rgbconsulting.com\/es\/producto\/vietato-ai-minori-di-18-anni-red\/","og_site_name":"Guerssen records","article_modified_time":"2025-01-09T14:04:17+00:00","og_image":[{"width":650,"height":650,"url":"https:\/\/wpguerssen-test.odoo.rgbconsulting.com\/wp-content\/uploads\/2022\/03\/39476.jpg","type":"image\/jpeg"}],"twitter_card":"summary_large_image","twitter_title":"JUMBO - Vietato ai minori di 18 anni? (Red) -  (LP) | Guerssen","schema":{"@context":"https:\/\/schema.org","@graph":[{"@type":"WebPage","@id":"https:\/\/wpguerssen-test.odoo.rgbconsulting.com\/es\/producto\/vietato-ai-minori-di-18-anni-red\/","url":"https:\/\/wpguerssen-test.odoo.rgbconsulting.com\/es\/producto\/vietato-ai-minori-di-18-anni-red\/","name":"JUMBO - Vietato ai minori di 18 anni? (Red) - (LP) | Guerssen","isPartOf":{"@id":"https:\/\/wpguerssen-test.odoo.rgbconsulting.com\/es\/#website"},"primaryImageOfPage":{"@id":"https:\/\/wpguerssen-test.odoo.rgbconsulting.com\/es\/producto\/vietato-ai-minori-di-18-anni-red\/#primaryimage"},"image":{"@id":"https:\/\/wpguerssen-test.odoo.rgbconsulting.com\/es\/producto\/vietato-ai-minori-di-18-anni-red\/#primaryimage"},"thumbnailUrl":"https:\/\/wpguerssen-test.odoo.rgbconsulting.com\/wp-content\/uploads\/2022\/03\/39476.jpg","datePublished":"2021-10-03T22:00:00+00:00","dateModified":"2025-01-09T14:04:17+00:00","description":"Another classic italian progressive classic now available from BTF in deluxe ltd. ed. LP edition with original gatefold cover artwork and 180 gr. vinyl. #nl# \"Vietato ai minori di 18 anni?\" is Jumbo's third album from 1973, a more sophisticated recording in respect to the previous one, with some great music and lyrics, altough at times fragmented by jam sessions with Franco Battiato and Lino Capra Vaccina. Suggested to all serious italian prog collectors.","breadcrumb":{"@id":"https:\/\/wpguerssen-test.odoo.rgbconsulting.com\/es\/producto\/vietato-ai-minori-di-18-anni-red\/#breadcrumb"},"inLanguage":"es","potentialAction":[{"@type":"ReadAction","target":["https:\/\/wpguerssen-test.odoo.rgbconsulting.com\/es\/producto\/vietato-ai-minori-di-18-anni-red\/"]}]},{"@type":"ImageObject","inLanguage":"es","@id":"https:\/\/wpguerssen-test.odoo.rgbconsulting.com\/es\/producto\/vietato-ai-minori-di-18-anni-red\/#primaryimage","url":"https:\/\/wpguerssen-test.odoo.rgbconsulting.com\/wp-content\/uploads\/2022\/03\/39476.jpg","contentUrl":"https:\/\/wpguerssen-test.odoo.rgbconsulting.com\/wp-content\/uploads\/2022\/03\/39476.jpg","width":650,"height":650,"caption":"JUMBO - Vietato ai minori di 18 anni? (Red) - VINYL MAGIC (LP) | Guerssen"},{"@type":"BreadcrumbList","@id":"https:\/\/wpguerssen-test.odoo.rgbconsulting.com\/es\/producto\/vietato-ai-minori-di-18-anni-red\/#breadcrumb","itemListElement":[{"@type":"ListItem","position":1,"name":"Inicio","item":"https:\/\/wpguerssen-test.odoo.rgbconsulting.com\/es\/"},{"@type":"ListItem","position":2,"name":"Shop","item":"https:\/\/wpguerssen-test.odoo.rgbconsulting.com\/shop\/"},{"@type":"ListItem","position":3,"name":"Vietato ai minori di 18 anni? (Red)"}]},{"@type":"WebSite","@id":"https:\/\/wpguerssen-test.odoo.rgbconsulting.com\/es\/#website","url":"https:\/\/wpguerssen-test.odoo.rgbconsulting.com\/es\/","name":"Guerssen records","description":"psychedelia - progressive - folk - garage ","publisher":{"@id":"https:\/\/wpguerssen-test.odoo.rgbconsulting.com\/es\/#organization"},"potentialAction":[{"@type":"SearchAction","target":{"@type":"EntryPoint","urlTemplate":"https:\/\/wpguerssen-test.odoo.rgbconsulting.com\/es\/?s={search_term_string}"},"query-input":{"@type":"PropertyValueSpecification","valueRequired":true,"valueName":"search_term_string"}}],"inLanguage":"es"},{"@type":"Organization","@id":"https:\/\/wpguerssen-test.odoo.rgbconsulting.com\/es\/#organization","name":"Guerssen records","url":"https:\/\/wpguerssen-test.odoo.rgbconsulting.com\/es\/","logo":{"@type":"ImageObject","inLanguage":"es","@id":"https:\/\/wpguerssen-test.odoo.rgbconsulting.com\/es\/#\/schema\/logo\/image\/","url":"https:\/\/wpguerssen-test.odoo.rgbconsulting.com\/wp-content\/uploads\/2022\/04\/Logo_Guerssen_trans_100.png","contentUrl":"https:\/\/wpguerssen-test.odoo.rgbconsulting.com\/wp-content\/uploads\/2022\/04\/Logo_Guerssen_trans_100.png","width":122,"height":100,"caption":"Guerssen records"},"image":{"@id":"https:\/\/wpguerssen-test.odoo.rgbconsulting.com\/es\/#\/schema\/logo\/image\/"}}]}},"_links":{"self":[{"href":"https:\/\/wpguerssen-test.odoo.rgbconsulting.com\/es\/wp-json\/wp\/v2\/product\/209226","targetHints":{"allow":["GET"]}}],"collection":[{"href":"https:\/\/wpguerssen-test.odoo.rgbconsulting.com\/es\/wp-json\/wp\/v2\/product"}],"about":[{"href":"https:\/\/wpguerssen-test.odoo.rgbconsulting.com\/es\/wp-json\/wp\/v2\/types\/product"}],"wp:featuredmedia":[{"embeddable":true,"href":"https:\/\/wpguerssen-test.odoo.rgbconsulting.com\/es\/wp-json\/wp\/v2\/media\/129752"}],"wp:attachment":[{"href":"https:\/\/wpguerssen-test.odoo.rgbconsulting.com\/es\/wp-json\/wp\/v2\/media?parent=209226"}],"wp:term":[{"taxonomy":"product_brand","embeddable":true,"href":"https:\/\/wpguerssen-test.odoo.rgbconsulting.com\/es\/wp-json\/wp\/v2\/product_brand?post=209226"},{"taxonomy":"product_cat","embeddable":true,"href":"https:\/\/wpguerssen-test.odoo.rgbconsulting.com\/es\/wp-json\/wp\/v2\/product_cat?post=209226"},{"taxonomy":"product_tag","embeddable":true,"href":"https:\/\/wpguerssen-test.odoo.rgbconsulting.com\/es\/wp-json\/wp\/v2\/product_tag?post=209226"}],"curies":[{"name":"wp","href":"https:\/\/api.w.org\/{rel}","templated":true}]}}