{"id":209244,"date":"2021-11-30T00:00:00","date_gmt":"2021-11-29T23:00:00","guid":{"rendered":"http:\/\/guerssen.hl1097.dinaserver.com\/product\/rota-mar\/"},"modified":"2024-02-20T17:39:16","modified_gmt":"2024-02-20T16:39:16","slug":"rota-mar","status":"publish","type":"product","link":"https:\/\/wpguerssen-test.odoo.rgbconsulting.com\/es\/producto\/rota-mar\/","title":{"rendered":"Rota-Mar"},"content":{"rendered":"<p>RE oficial de este s\u00faper-buscado disco brasile\u00f1o de MPB con dos bonus tracks de un raro single de 1977 con Azymuth de banda de acompa\u00f1amiento. Insert con notas y fotos. Incluye \u00abTe Queria\u00bb, famosa por aparecer en la recopilaci\u00f3n de Ed Motta \u00abToo Slow To Disco\u00bb.<\/p>\n","protected":false},"excerpt":{"rendered":"<p>RE oficial de este s\u00faper-buscado disco brasile\u00f1o de MPB con dos bonus tracks de un raro single de 1977 con Azymuth de banda de acompa\u00f1amiento. Insert con notas<a class=\"read\" href=\"https:\/\/wpguerssen-test.odoo.rgbconsulting.com\/es\/producto\/rota-mar\/\"> (...)<\/a>","protected":false},"featured_media":129789,"template":"","meta":{"_acf_changed":false},"product_brand":[],"product_cat":[23219,23231],"product_tag":[],"class_list":{"0":"post-209244","1":"product","2":"type-product","3":"status-publish","4":"has-post-thumbnail","6":"product_cat-funk-es","7":"product_cat-latin-brazilian-es","8":"pa_artist-zeca-do-trombone","9":"pa_format-lp-es","10":"pa_gender-latin-brazilian-funk","11":"pa_label-altercat","12":"pa_location-south-america-caribbean-es","13":"pa_other-filters-vinyl-only-es","15":"first","16":"instock","17":"taxable","18":"shipping-taxable","19":"purchasable","20":"product-type-simple"},"acf":[],"yoast_head":"<!-- This site is optimized with the Yoast SEO plugin v24.9 - https:\/\/yoast.com\/wordpress\/plugins\/seo\/ -->\n<title>ZECA DO TROMBONE - Rota-Mar -  (LP) | Guerssen<\/title>\n<meta name=\"description\" content=\"* First time reissue of Brazilian MPB album by well-established artist* Two bonus tracks from rare 1977 single featuring Azymuth.* Includes the killer &quot;Te Queria&quot;, well known to DJs and previously compiled in Ed Motta&#039;s &quot;Too Slow To Disco&quot; * With 8-page booklet, bilingual liner notes by Brazilian journalist Marcelo Pinheiro and previously unpublished pictures #nl# Mainly known to DJs for the funk groover &quot;Te Queria&quot;, Rota-Mar is the first solo album by the charismatic Z\u00e9ca do Trombone. During a vertiginous career which started in the late 60s, Z\u00e9ca was a permanent member of Wilson Simonal&#039;s band, toured with Luiz E\u00e7a&#039;s Sagrada Fam\u00edlia (alongside Joyce, Nan\u00e1 Vasconcelos, Nelson Angelo and others), recorded the seminal Brazilian funk &quot;Coluna do Meio&quot; for his joint effort with Roberto Sax, and played and recorded for some of the big names of Brazilian music such as Tim Maia or Martinho da Vila. Particularly for samba artists such as Alcione, Leci Brand\u00e3o or Moreira da Silva, Z\u00e9ca do Trombone was the trombonist of choice. #nl# Rota-Mar displays the work of an established musician who has nothing to prove. Impregnated with Z\u00e9ca&#039;s characteristic voice, the songs draw inspiration from the sea, love and bohemian life, and let us all dream of what life in Rio the Janeiro was during that time. &quot;Te Queria&quot;, penned by Z\u00e9ca&#039;s childhood friend El\u00edzio de B\u00fazios (known for his highly collectable funk\/boogie single &quot;Tamanqueiro&quot;) is the obvious highlight, although we believe the real beauty of the album lies in the relaxed sea-side groove and MPB in the rest of the songs, including Z\u00e9ca&#039;s superb take on Martinho da Vila&#039;s &quot;Manteiga de Garrafa&quot;. #nl# As bonus tracks to this reissue, we include both sides from Z\u00e9ca&#039;s rare 1977 single, featuring the allmighty trio Azymuth.Comes with an 8-page booklet with bilingual (Portuguese \/ English) liner notes by Brazilian journalist Marcelo Pinheiro and previously unpublished pictures from the artist&#039;s archive.\" \/>\n<meta name=\"robots\" content=\"index, follow, max-snippet:-1, max-image-preview:large, max-video-preview:-1\" \/>\n<link rel=\"canonical\" href=\"https:\/\/wpguerssen-test.odoo.rgbconsulting.com\/es\/producto\/rota-mar\/\" \/>\n<meta property=\"og:locale\" content=\"es_ES\" \/>\n<meta property=\"og:type\" content=\"article\" \/>\n<meta property=\"og:title\" content=\"ZECA DO TROMBONE - Rota-Mar -  (LP) | Guerssen\" \/>\n<meta property=\"og:description\" content=\"* First time reissue of Brazilian MPB album by well-established artist* Two bonus tracks from rare 1977 single featuring Azymuth.* Includes the killer &quot;Te Queria&quot;, well known to DJs and previously compiled in Ed Motta&#039;s &quot;Too Slow To Disco&quot; * With 8-page booklet, bilingual liner notes by Brazilian journalist Marcelo Pinheiro and previously unpublished pictures #nl# Mainly known to DJs for the funk groover &quot;Te Queria&quot;, Rota-Mar is the first solo album by the charismatic Z\u00e9ca do Trombone. During a vertiginous career which started in the late 60s, Z\u00e9ca was a permanent member of Wilson Simonal&#039;s band, toured with Luiz E\u00e7a&#039;s Sagrada Fam\u00edlia (alongside Joyce, Nan\u00e1 Vasconcelos, Nelson Angelo and others), recorded the seminal Brazilian funk &quot;Coluna do Meio&quot; for his joint effort with Roberto Sax, and played and recorded for some of the big names of Brazilian music such as Tim Maia or Martinho da Vila. Particularly for samba artists such as Alcione, Leci Brand\u00e3o or Moreira da Silva, Z\u00e9ca do Trombone was the trombonist of choice. #nl# Rota-Mar displays the work of an established musician who has nothing to prove. Impregnated with Z\u00e9ca&#039;s characteristic voice, the songs draw inspiration from the sea, love and bohemian life, and let us all dream of what life in Rio the Janeiro was during that time. &quot;Te Queria&quot;, penned by Z\u00e9ca&#039;s childhood friend El\u00edzio de B\u00fazios (known for his highly collectable funk\/boogie single &quot;Tamanqueiro&quot;) is the obvious highlight, although we believe the real beauty of the album lies in the relaxed sea-side groove and MPB in the rest of the songs, including Z\u00e9ca&#039;s superb take on Martinho da Vila&#039;s &quot;Manteiga de Garrafa&quot;. #nl# As bonus tracks to this reissue, we include both sides from Z\u00e9ca&#039;s rare 1977 single, featuring the allmighty trio Azymuth.Comes with an 8-page booklet with bilingual (Portuguese \/ English) liner notes by Brazilian journalist Marcelo Pinheiro and previously unpublished pictures from the artist&#039;s archive.\" \/>\n<meta property=\"og:url\" content=\"https:\/\/wpguerssen-test.odoo.rgbconsulting.com\/es\/producto\/rota-mar\/\" \/>\n<meta property=\"og:site_name\" content=\"Guerssen records\" \/>\n<meta property=\"article:modified_time\" content=\"2024-02-20T16:39:16+00:00\" \/>\n<meta property=\"og:image\" content=\"https:\/\/wpguerssen-test.odoo.rgbconsulting.com\/wp-content\/uploads\/2022\/03\/39500.jpg\" \/>\n\t<meta property=\"og:image:width\" content=\"302\" \/>\n\t<meta property=\"og:image:height\" content=\"302\" \/>\n\t<meta property=\"og:image:type\" content=\"image\/jpeg\" \/>\n<meta name=\"twitter:card\" content=\"summary_large_image\" \/>\n<meta name=\"twitter:title\" content=\"ZECA DO TROMBONE - Rota-Mar -  (LP) | Guerssen\" \/>\n<script type=\"application\/ld+json\" class=\"yoast-schema-graph\">{\"@context\":\"https:\/\/schema.org\",\"@graph\":[{\"@type\":\"WebPage\",\"@id\":\"https:\/\/wpguerssen-test.odoo.rgbconsulting.com\/es\/producto\/rota-mar\/\",\"url\":\"https:\/\/wpguerssen-test.odoo.rgbconsulting.com\/es\/producto\/rota-mar\/\",\"name\":\"ZECA DO TROMBONE - Rota-Mar - (LP) | Guerssen\",\"isPartOf\":{\"@id\":\"https:\/\/wpguerssen-test.odoo.rgbconsulting.com\/es\/#website\"},\"primaryImageOfPage\":{\"@id\":\"https:\/\/wpguerssen-test.odoo.rgbconsulting.com\/es\/producto\/rota-mar\/#primaryimage\"},\"image\":{\"@id\":\"https:\/\/wpguerssen-test.odoo.rgbconsulting.com\/es\/producto\/rota-mar\/#primaryimage\"},\"thumbnailUrl\":\"https:\/\/wpguerssen-test.odoo.rgbconsulting.com\/wp-content\/uploads\/2022\/03\/39500.jpg\",\"datePublished\":\"2021-11-29T23:00:00+00:00\",\"dateModified\":\"2024-02-20T16:39:16+00:00\",\"description\":\"* First time reissue of Brazilian MPB album by well-established artist* Two bonus tracks from rare 1977 single featuring Azymuth.* Includes the killer \\\"Te Queria\\\", well known to DJs and previously compiled in Ed Motta's \\\"Too Slow To Disco\\\" * With 8-page booklet, bilingual liner notes by Brazilian journalist Marcelo Pinheiro and previously unpublished pictures #nl# Mainly known to DJs for the funk groover \\\"Te Queria\\\", Rota-Mar is the first solo album by the charismatic Z\u00e9ca do Trombone. During a vertiginous career which started in the late 60s, Z\u00e9ca was a permanent member of Wilson Simonal's band, toured with Luiz E\u00e7a's Sagrada Fam\u00edlia (alongside Joyce, Nan\u00e1 Vasconcelos, Nelson Angelo and others), recorded the seminal Brazilian funk \\\"Coluna do Meio\\\" for his joint effort with Roberto Sax, and played and recorded for some of the big names of Brazilian music such as Tim Maia or Martinho da Vila. Particularly for samba artists such as Alcione, Leci Brand\u00e3o or Moreira da Silva, Z\u00e9ca do Trombone was the trombonist of choice. #nl# Rota-Mar displays the work of an established musician who has nothing to prove. Impregnated with Z\u00e9ca's characteristic voice, the songs draw inspiration from the sea, love and bohemian life, and let us all dream of what life in Rio the Janeiro was during that time. \\\"Te Queria\\\", penned by Z\u00e9ca's childhood friend El\u00edzio de B\u00fazios (known for his highly collectable funk\/boogie single \\\"Tamanqueiro\\\") is the obvious highlight, although we believe the real beauty of the album lies in the relaxed sea-side groove and MPB in the rest of the songs, including Z\u00e9ca's superb take on Martinho da Vila's \\\"Manteiga de Garrafa\\\". #nl# As bonus tracks to this reissue, we include both sides from Z\u00e9ca's rare 1977 single, featuring the allmighty trio Azymuth.Comes with an 8-page booklet with bilingual (Portuguese \/ English) liner notes by Brazilian journalist Marcelo Pinheiro and previously unpublished pictures from the artist's archive.\",\"breadcrumb\":{\"@id\":\"https:\/\/wpguerssen-test.odoo.rgbconsulting.com\/es\/producto\/rota-mar\/#breadcrumb\"},\"inLanguage\":\"es\",\"potentialAction\":[{\"@type\":\"ReadAction\",\"target\":[\"https:\/\/wpguerssen-test.odoo.rgbconsulting.com\/es\/producto\/rota-mar\/\"]}]},{\"@type\":\"ImageObject\",\"inLanguage\":\"es\",\"@id\":\"https:\/\/wpguerssen-test.odoo.rgbconsulting.com\/es\/producto\/rota-mar\/#primaryimage\",\"url\":\"https:\/\/wpguerssen-test.odoo.rgbconsulting.com\/wp-content\/uploads\/2022\/03\/39500.jpg\",\"contentUrl\":\"https:\/\/wpguerssen-test.odoo.rgbconsulting.com\/wp-content\/uploads\/2022\/03\/39500.jpg\",\"width\":302,\"height\":302,\"caption\":\"ZECA DO TROMBONE - Rota-Mar - ALTERCAT (LP) | Guerssen\"},{\"@type\":\"BreadcrumbList\",\"@id\":\"https:\/\/wpguerssen-test.odoo.rgbconsulting.com\/es\/producto\/rota-mar\/#breadcrumb\",\"itemListElement\":[{\"@type\":\"ListItem\",\"position\":1,\"name\":\"Inicio\",\"item\":\"https:\/\/wpguerssen-test.odoo.rgbconsulting.com\/es\/\"},{\"@type\":\"ListItem\",\"position\":2,\"name\":\"Shop\",\"item\":\"https:\/\/wpguerssen-test.odoo.rgbconsulting.com\/shop\/\"},{\"@type\":\"ListItem\",\"position\":3,\"name\":\"Rota-Mar\"}]},{\"@type\":\"WebSite\",\"@id\":\"https:\/\/wpguerssen-test.odoo.rgbconsulting.com\/es\/#website\",\"url\":\"https:\/\/wpguerssen-test.odoo.rgbconsulting.com\/es\/\",\"name\":\"Guerssen records\",\"description\":\"psychedelia - progressive - folk - garage \",\"publisher\":{\"@id\":\"https:\/\/wpguerssen-test.odoo.rgbconsulting.com\/es\/#organization\"},\"potentialAction\":[{\"@type\":\"SearchAction\",\"target\":{\"@type\":\"EntryPoint\",\"urlTemplate\":\"https:\/\/wpguerssen-test.odoo.rgbconsulting.com\/es\/?s={search_term_string}\"},\"query-input\":{\"@type\":\"PropertyValueSpecification\",\"valueRequired\":true,\"valueName\":\"search_term_string\"}}],\"inLanguage\":\"es\"},{\"@type\":\"Organization\",\"@id\":\"https:\/\/wpguerssen-test.odoo.rgbconsulting.com\/es\/#organization\",\"name\":\"Guerssen records\",\"url\":\"https:\/\/wpguerssen-test.odoo.rgbconsulting.com\/es\/\",\"logo\":{\"@type\":\"ImageObject\",\"inLanguage\":\"es\",\"@id\":\"https:\/\/wpguerssen-test.odoo.rgbconsulting.com\/es\/#\/schema\/logo\/image\/\",\"url\":\"https:\/\/wpguerssen-test.odoo.rgbconsulting.com\/wp-content\/uploads\/2022\/04\/Logo_Guerssen_trans_100.png\",\"contentUrl\":\"https:\/\/wpguerssen-test.odoo.rgbconsulting.com\/wp-content\/uploads\/2022\/04\/Logo_Guerssen_trans_100.png\",\"width\":122,\"height\":100,\"caption\":\"Guerssen records\"},\"image\":{\"@id\":\"https:\/\/wpguerssen-test.odoo.rgbconsulting.com\/es\/#\/schema\/logo\/image\/\"}}]}<\/script>\n<!-- \/ Yoast SEO plugin. -->","yoast_head_json":{"title":"ZECA DO TROMBONE - Rota-Mar -  (LP) | Guerssen","description":"* First time reissue of Brazilian MPB album by well-established artist* Two bonus tracks from rare 1977 single featuring Azymuth.* Includes the killer \"Te Queria\", well known to DJs and previously compiled in Ed Motta's \"Too Slow To Disco\" * With 8-page booklet, bilingual liner notes by Brazilian journalist Marcelo Pinheiro and previously unpublished pictures #nl# Mainly known to DJs for the funk groover \"Te Queria\", Rota-Mar is the first solo album by the charismatic Z\u00e9ca do Trombone. During a vertiginous career which started in the late 60s, Z\u00e9ca was a permanent member of Wilson Simonal's band, toured with Luiz E\u00e7a's Sagrada Fam\u00edlia (alongside Joyce, Nan\u00e1 Vasconcelos, Nelson Angelo and others), recorded the seminal Brazilian funk \"Coluna do Meio\" for his joint effort with Roberto Sax, and played and recorded for some of the big names of Brazilian music such as Tim Maia or Martinho da Vila. Particularly for samba artists such as Alcione, Leci Brand\u00e3o or Moreira da Silva, Z\u00e9ca do Trombone was the trombonist of choice. #nl# Rota-Mar displays the work of an established musician who has nothing to prove. Impregnated with Z\u00e9ca's characteristic voice, the songs draw inspiration from the sea, love and bohemian life, and let us all dream of what life in Rio the Janeiro was during that time. \"Te Queria\", penned by Z\u00e9ca's childhood friend El\u00edzio de B\u00fazios (known for his highly collectable funk\/boogie single \"Tamanqueiro\") is the obvious highlight, although we believe the real beauty of the album lies in the relaxed sea-side groove and MPB in the rest of the songs, including Z\u00e9ca's superb take on Martinho da Vila's \"Manteiga de Garrafa\". #nl# As bonus tracks to this reissue, we include both sides from Z\u00e9ca's rare 1977 single, featuring the allmighty trio Azymuth.Comes with an 8-page booklet with bilingual (Portuguese \/ English) liner notes by Brazilian journalist Marcelo Pinheiro and previously unpublished pictures from the artist's archive.","robots":{"index":"index","follow":"follow","max-snippet":"max-snippet:-1","max-image-preview":"max-image-preview:large","max-video-preview":"max-video-preview:-1"},"canonical":"https:\/\/wpguerssen-test.odoo.rgbconsulting.com\/es\/producto\/rota-mar\/","og_locale":"es_ES","og_type":"article","og_title":"ZECA DO TROMBONE - Rota-Mar -  (LP) | Guerssen","og_description":"* First time reissue of Brazilian MPB album by well-established artist* Two bonus tracks from rare 1977 single featuring Azymuth.* Includes the killer \"Te Queria\", well known to DJs and previously compiled in Ed Motta's \"Too Slow To Disco\" * With 8-page booklet, bilingual liner notes by Brazilian journalist Marcelo Pinheiro and previously unpublished pictures #nl# Mainly known to DJs for the funk groover \"Te Queria\", Rota-Mar is the first solo album by the charismatic Z\u00e9ca do Trombone. During a vertiginous career which started in the late 60s, Z\u00e9ca was a permanent member of Wilson Simonal's band, toured with Luiz E\u00e7a's Sagrada Fam\u00edlia (alongside Joyce, Nan\u00e1 Vasconcelos, Nelson Angelo and others), recorded the seminal Brazilian funk \"Coluna do Meio\" for his joint effort with Roberto Sax, and played and recorded for some of the big names of Brazilian music such as Tim Maia or Martinho da Vila. Particularly for samba artists such as Alcione, Leci Brand\u00e3o or Moreira da Silva, Z\u00e9ca do Trombone was the trombonist of choice. #nl# Rota-Mar displays the work of an established musician who has nothing to prove. Impregnated with Z\u00e9ca's characteristic voice, the songs draw inspiration from the sea, love and bohemian life, and let us all dream of what life in Rio the Janeiro was during that time. \"Te Queria\", penned by Z\u00e9ca's childhood friend El\u00edzio de B\u00fazios (known for his highly collectable funk\/boogie single \"Tamanqueiro\") is the obvious highlight, although we believe the real beauty of the album lies in the relaxed sea-side groove and MPB in the rest of the songs, including Z\u00e9ca's superb take on Martinho da Vila's \"Manteiga de Garrafa\". #nl# As bonus tracks to this reissue, we include both sides from Z\u00e9ca's rare 1977 single, featuring the allmighty trio Azymuth.Comes with an 8-page booklet with bilingual (Portuguese \/ English) liner notes by Brazilian journalist Marcelo Pinheiro and previously unpublished pictures from the artist's archive.","og_url":"https:\/\/wpguerssen-test.odoo.rgbconsulting.com\/es\/producto\/rota-mar\/","og_site_name":"Guerssen records","article_modified_time":"2024-02-20T16:39:16+00:00","og_image":[{"width":302,"height":302,"url":"https:\/\/wpguerssen-test.odoo.rgbconsulting.com\/wp-content\/uploads\/2022\/03\/39500.jpg","type":"image\/jpeg"}],"twitter_card":"summary_large_image","twitter_title":"ZECA DO TROMBONE - Rota-Mar -  (LP) | Guerssen","schema":{"@context":"https:\/\/schema.org","@graph":[{"@type":"WebPage","@id":"https:\/\/wpguerssen-test.odoo.rgbconsulting.com\/es\/producto\/rota-mar\/","url":"https:\/\/wpguerssen-test.odoo.rgbconsulting.com\/es\/producto\/rota-mar\/","name":"ZECA DO TROMBONE - Rota-Mar - (LP) | Guerssen","isPartOf":{"@id":"https:\/\/wpguerssen-test.odoo.rgbconsulting.com\/es\/#website"},"primaryImageOfPage":{"@id":"https:\/\/wpguerssen-test.odoo.rgbconsulting.com\/es\/producto\/rota-mar\/#primaryimage"},"image":{"@id":"https:\/\/wpguerssen-test.odoo.rgbconsulting.com\/es\/producto\/rota-mar\/#primaryimage"},"thumbnailUrl":"https:\/\/wpguerssen-test.odoo.rgbconsulting.com\/wp-content\/uploads\/2022\/03\/39500.jpg","datePublished":"2021-11-29T23:00:00+00:00","dateModified":"2024-02-20T16:39:16+00:00","description":"* First time reissue of Brazilian MPB album by well-established artist* Two bonus tracks from rare 1977 single featuring Azymuth.* Includes the killer \"Te Queria\", well known to DJs and previously compiled in Ed Motta's \"Too Slow To Disco\" * With 8-page booklet, bilingual liner notes by Brazilian journalist Marcelo Pinheiro and previously unpublished pictures #nl# Mainly known to DJs for the funk groover \"Te Queria\", Rota-Mar is the first solo album by the charismatic Z\u00e9ca do Trombone. During a vertiginous career which started in the late 60s, Z\u00e9ca was a permanent member of Wilson Simonal's band, toured with Luiz E\u00e7a's Sagrada Fam\u00edlia (alongside Joyce, Nan\u00e1 Vasconcelos, Nelson Angelo and others), recorded the seminal Brazilian funk \"Coluna do Meio\" for his joint effort with Roberto Sax, and played and recorded for some of the big names of Brazilian music such as Tim Maia or Martinho da Vila. Particularly for samba artists such as Alcione, Leci Brand\u00e3o or Moreira da Silva, Z\u00e9ca do Trombone was the trombonist of choice. #nl# Rota-Mar displays the work of an established musician who has nothing to prove. Impregnated with Z\u00e9ca's characteristic voice, the songs draw inspiration from the sea, love and bohemian life, and let us all dream of what life in Rio the Janeiro was during that time. \"Te Queria\", penned by Z\u00e9ca's childhood friend El\u00edzio de B\u00fazios (known for his highly collectable funk\/boogie single \"Tamanqueiro\") is the obvious highlight, although we believe the real beauty of the album lies in the relaxed sea-side groove and MPB in the rest of the songs, including Z\u00e9ca's superb take on Martinho da Vila's \"Manteiga de Garrafa\". #nl# As bonus tracks to this reissue, we include both sides from Z\u00e9ca's rare 1977 single, featuring the allmighty trio Azymuth.Comes with an 8-page booklet with bilingual (Portuguese \/ English) liner notes by Brazilian journalist Marcelo Pinheiro and previously unpublished pictures from the artist's archive.","breadcrumb":{"@id":"https:\/\/wpguerssen-test.odoo.rgbconsulting.com\/es\/producto\/rota-mar\/#breadcrumb"},"inLanguage":"es","potentialAction":[{"@type":"ReadAction","target":["https:\/\/wpguerssen-test.odoo.rgbconsulting.com\/es\/producto\/rota-mar\/"]}]},{"@type":"ImageObject","inLanguage":"es","@id":"https:\/\/wpguerssen-test.odoo.rgbconsulting.com\/es\/producto\/rota-mar\/#primaryimage","url":"https:\/\/wpguerssen-test.odoo.rgbconsulting.com\/wp-content\/uploads\/2022\/03\/39500.jpg","contentUrl":"https:\/\/wpguerssen-test.odoo.rgbconsulting.com\/wp-content\/uploads\/2022\/03\/39500.jpg","width":302,"height":302,"caption":"ZECA DO TROMBONE - Rota-Mar - ALTERCAT (LP) | Guerssen"},{"@type":"BreadcrumbList","@id":"https:\/\/wpguerssen-test.odoo.rgbconsulting.com\/es\/producto\/rota-mar\/#breadcrumb","itemListElement":[{"@type":"ListItem","position":1,"name":"Inicio","item":"https:\/\/wpguerssen-test.odoo.rgbconsulting.com\/es\/"},{"@type":"ListItem","position":2,"name":"Shop","item":"https:\/\/wpguerssen-test.odoo.rgbconsulting.com\/shop\/"},{"@type":"ListItem","position":3,"name":"Rota-Mar"}]},{"@type":"WebSite","@id":"https:\/\/wpguerssen-test.odoo.rgbconsulting.com\/es\/#website","url":"https:\/\/wpguerssen-test.odoo.rgbconsulting.com\/es\/","name":"Guerssen records","description":"psychedelia - progressive - folk - garage ","publisher":{"@id":"https:\/\/wpguerssen-test.odoo.rgbconsulting.com\/es\/#organization"},"potentialAction":[{"@type":"SearchAction","target":{"@type":"EntryPoint","urlTemplate":"https:\/\/wpguerssen-test.odoo.rgbconsulting.com\/es\/?s={search_term_string}"},"query-input":{"@type":"PropertyValueSpecification","valueRequired":true,"valueName":"search_term_string"}}],"inLanguage":"es"},{"@type":"Organization","@id":"https:\/\/wpguerssen-test.odoo.rgbconsulting.com\/es\/#organization","name":"Guerssen records","url":"https:\/\/wpguerssen-test.odoo.rgbconsulting.com\/es\/","logo":{"@type":"ImageObject","inLanguage":"es","@id":"https:\/\/wpguerssen-test.odoo.rgbconsulting.com\/es\/#\/schema\/logo\/image\/","url":"https:\/\/wpguerssen-test.odoo.rgbconsulting.com\/wp-content\/uploads\/2022\/04\/Logo_Guerssen_trans_100.png","contentUrl":"https:\/\/wpguerssen-test.odoo.rgbconsulting.com\/wp-content\/uploads\/2022\/04\/Logo_Guerssen_trans_100.png","width":122,"height":100,"caption":"Guerssen records"},"image":{"@id":"https:\/\/wpguerssen-test.odoo.rgbconsulting.com\/es\/#\/schema\/logo\/image\/"}}]}},"_links":{"self":[{"href":"https:\/\/wpguerssen-test.odoo.rgbconsulting.com\/es\/wp-json\/wp\/v2\/product\/209244","targetHints":{"allow":["GET"]}}],"collection":[{"href":"https:\/\/wpguerssen-test.odoo.rgbconsulting.com\/es\/wp-json\/wp\/v2\/product"}],"about":[{"href":"https:\/\/wpguerssen-test.odoo.rgbconsulting.com\/es\/wp-json\/wp\/v2\/types\/product"}],"wp:featuredmedia":[{"embeddable":true,"href":"https:\/\/wpguerssen-test.odoo.rgbconsulting.com\/es\/wp-json\/wp\/v2\/media\/129789"}],"wp:attachment":[{"href":"https:\/\/wpguerssen-test.odoo.rgbconsulting.com\/es\/wp-json\/wp\/v2\/media?parent=209244"}],"wp:term":[{"taxonomy":"product_brand","embeddable":true,"href":"https:\/\/wpguerssen-test.odoo.rgbconsulting.com\/es\/wp-json\/wp\/v2\/product_brand?post=209244"},{"taxonomy":"product_cat","embeddable":true,"href":"https:\/\/wpguerssen-test.odoo.rgbconsulting.com\/es\/wp-json\/wp\/v2\/product_cat?post=209244"},{"taxonomy":"product_tag","embeddable":true,"href":"https:\/\/wpguerssen-test.odoo.rgbconsulting.com\/es\/wp-json\/wp\/v2\/product_tag?post=209244"}],"curies":[{"name":"wp","href":"https:\/\/api.w.org\/{rel}","templated":true}]}}