{"id":209505,"date":"2022-01-13T00:00:00","date_gmt":"2022-01-12T23:00:00","guid":{"rendered":"http:\/\/guerssen.hl1097.dinaserver.com\/product\/blinded-by-the-wicked\/"},"modified":"2024-09-25T13:54:17","modified_gmt":"2024-09-25T11:54:17","slug":"blinded-by-the-wicked","status":"publish","type":"product","link":"https:\/\/wpguerssen-test.odoo.rgbconsulting.com\/es\/producto\/blinded-by-the-wicked\/","title":{"rendered":"Blinded By The Wicked"},"content":{"rendered":"<p>Mezcla de doom metal y heavy rock.<\/p>\n","protected":false},"excerpt":{"rendered":"<p>Mezcla de doom metal y heavy rock.<\/p>\n","protected":false},"featured_media":130374,"template":"","meta":{"_acf_changed":false},"product_brand":[],"product_cat":[23223,21708],"product_tag":[],"class_list":{"0":"post-209505","1":"product","2":"type-product","3":"status-publish","4":"has-post-thumbnail","6":"product_cat-hard-rock-00s-now-es","7":"product_cat-stoner-doom-es","8":"pa_artist-hazemaze","9":"pa_format-lp-es","10":"pa_gender-hard-rock-00s-now-stoner-doom","11":"pa_label-heavy-psych-sounds","12":"pa_location-europe-es","13":"pa_other-filters-vinyl-only-es","15":"first","16":"instock","17":"taxable","18":"shipping-taxable","19":"purchasable","20":"product-type-simple"},"acf":[],"yoast_head":"<!-- This site is optimized with the Yoast SEO plugin v24.9 - https:\/\/yoast.com\/wordpress\/plugins\/seo\/ -->\n<title>HAZEMAZE - Blinded By The Wicked -  (LP) | Guerssen<\/title>\n<meta name=\"description\" content=\"In the year of the pandemic, we decided to finally put our efforts towards writing a new record. As the year progressed and the world got darker, so did our songwriting. For this record, we wanted to continue to follow the same dark thematic approach as our previous release, but even more sinister and complex. &quot;Blinded by the Wicked&quot; explores cults and their leaders&#039; malevolent intentions that corrupted the weak minded.For this record, we worked together with our longtime friend Timmy Ternest\u00e5l at Studio Ingenstans in our hometown of Str\u00e4ngn\u00e4s. We had the good fortune to develop a more mature sound, and explore new elements. The record was later mastered at Studio Humbucker by the eminent Robert Pehrsson (Death Breath, Dead Lord, Imperial State Electric). We believe that we have created something mature, diverse and sabbathic and this record is showcasing it. A mixture between traditional doom metal and heavy rock; Rock&#039;n&#039;Doom to be precise!\" \/>\n<meta name=\"robots\" content=\"index, follow, max-snippet:-1, max-image-preview:large, max-video-preview:-1\" \/>\n<link rel=\"canonical\" href=\"https:\/\/wpguerssen-test.odoo.rgbconsulting.com\/es\/producto\/blinded-by-the-wicked\/\" \/>\n<meta property=\"og:locale\" content=\"es_ES\" \/>\n<meta property=\"og:type\" content=\"article\" \/>\n<meta property=\"og:title\" content=\"HAZEMAZE - Blinded By The Wicked -  (LP) | Guerssen\" \/>\n<meta property=\"og:description\" content=\"In the year of the pandemic, we decided to finally put our efforts towards writing a new record. As the year progressed and the world got darker, so did our songwriting. For this record, we wanted to continue to follow the same dark thematic approach as our previous release, but even more sinister and complex. &quot;Blinded by the Wicked&quot; explores cults and their leaders&#039; malevolent intentions that corrupted the weak minded.For this record, we worked together with our longtime friend Timmy Ternest\u00e5l at Studio Ingenstans in our hometown of Str\u00e4ngn\u00e4s. We had the good fortune to develop a more mature sound, and explore new elements. The record was later mastered at Studio Humbucker by the eminent Robert Pehrsson (Death Breath, Dead Lord, Imperial State Electric). We believe that we have created something mature, diverse and sabbathic and this record is showcasing it. A mixture between traditional doom metal and heavy rock; Rock&#039;n&#039;Doom to be precise!\" \/>\n<meta property=\"og:url\" content=\"https:\/\/wpguerssen-test.odoo.rgbconsulting.com\/es\/producto\/blinded-by-the-wicked\/\" \/>\n<meta property=\"og:site_name\" content=\"Guerssen records\" \/>\n<meta property=\"article:modified_time\" content=\"2024-09-25T11:54:17+00:00\" \/>\n<meta property=\"og:image\" content=\"https:\/\/wpguerssen-test.odoo.rgbconsulting.com\/wp-content\/uploads\/2022\/03\/39828.jpg\" \/>\n\t<meta property=\"og:image:width\" content=\"301\" \/>\n\t<meta property=\"og:image:height\" content=\"301\" \/>\n\t<meta property=\"og:image:type\" content=\"image\/jpeg\" \/>\n<meta name=\"twitter:card\" content=\"summary_large_image\" \/>\n<meta name=\"twitter:title\" content=\"HAZEMAZE - Blinded By The Wicked -  (LP) | Guerssen\" \/>\n<script type=\"application\/ld+json\" class=\"yoast-schema-graph\">{\"@context\":\"https:\/\/schema.org\",\"@graph\":[{\"@type\":\"WebPage\",\"@id\":\"https:\/\/wpguerssen-test.odoo.rgbconsulting.com\/es\/producto\/blinded-by-the-wicked\/\",\"url\":\"https:\/\/wpguerssen-test.odoo.rgbconsulting.com\/es\/producto\/blinded-by-the-wicked\/\",\"name\":\"HAZEMAZE - Blinded By The Wicked - (LP) | Guerssen\",\"isPartOf\":{\"@id\":\"https:\/\/wpguerssen-test.odoo.rgbconsulting.com\/es\/#website\"},\"primaryImageOfPage\":{\"@id\":\"https:\/\/wpguerssen-test.odoo.rgbconsulting.com\/es\/producto\/blinded-by-the-wicked\/#primaryimage\"},\"image\":{\"@id\":\"https:\/\/wpguerssen-test.odoo.rgbconsulting.com\/es\/producto\/blinded-by-the-wicked\/#primaryimage\"},\"thumbnailUrl\":\"https:\/\/wpguerssen-test.odoo.rgbconsulting.com\/wp-content\/uploads\/2022\/03\/39828.jpg\",\"datePublished\":\"2022-01-12T23:00:00+00:00\",\"dateModified\":\"2024-09-25T11:54:17+00:00\",\"description\":\"In the year of the pandemic, we decided to finally put our efforts towards writing a new record. As the year progressed and the world got darker, so did our songwriting. For this record, we wanted to continue to follow the same dark thematic approach as our previous release, but even more sinister and complex. \\\"Blinded by the Wicked\\\" explores cults and their leaders' malevolent intentions that corrupted the weak minded.For this record, we worked together with our longtime friend Timmy Ternest\u00e5l at Studio Ingenstans in our hometown of Str\u00e4ngn\u00e4s. We had the good fortune to develop a more mature sound, and explore new elements. The record was later mastered at Studio Humbucker by the eminent Robert Pehrsson (Death Breath, Dead Lord, Imperial State Electric). We believe that we have created something mature, diverse and sabbathic and this record is showcasing it. A mixture between traditional doom metal and heavy rock; Rock'n'Doom to be precise!\",\"breadcrumb\":{\"@id\":\"https:\/\/wpguerssen-test.odoo.rgbconsulting.com\/es\/producto\/blinded-by-the-wicked\/#breadcrumb\"},\"inLanguage\":\"es\",\"potentialAction\":[{\"@type\":\"ReadAction\",\"target\":[\"https:\/\/wpguerssen-test.odoo.rgbconsulting.com\/es\/producto\/blinded-by-the-wicked\/\"]}]},{\"@type\":\"ImageObject\",\"inLanguage\":\"es\",\"@id\":\"https:\/\/wpguerssen-test.odoo.rgbconsulting.com\/es\/producto\/blinded-by-the-wicked\/#primaryimage\",\"url\":\"https:\/\/wpguerssen-test.odoo.rgbconsulting.com\/wp-content\/uploads\/2022\/03\/39828.jpg\",\"contentUrl\":\"https:\/\/wpguerssen-test.odoo.rgbconsulting.com\/wp-content\/uploads\/2022\/03\/39828.jpg\",\"width\":301,\"height\":301,\"caption\":\"HAZEMAZE - Blinded By The Wicked - HEAVY PSYCH SOUNDS (LP) | Guerssen\"},{\"@type\":\"BreadcrumbList\",\"@id\":\"https:\/\/wpguerssen-test.odoo.rgbconsulting.com\/es\/producto\/blinded-by-the-wicked\/#breadcrumb\",\"itemListElement\":[{\"@type\":\"ListItem\",\"position\":1,\"name\":\"Inicio\",\"item\":\"https:\/\/wpguerssen-test.odoo.rgbconsulting.com\/es\/\"},{\"@type\":\"ListItem\",\"position\":2,\"name\":\"Shop\",\"item\":\"https:\/\/wpguerssen-test.odoo.rgbconsulting.com\/shop\/\"},{\"@type\":\"ListItem\",\"position\":3,\"name\":\"Blinded By The Wicked\"}]},{\"@type\":\"WebSite\",\"@id\":\"https:\/\/wpguerssen-test.odoo.rgbconsulting.com\/es\/#website\",\"url\":\"https:\/\/wpguerssen-test.odoo.rgbconsulting.com\/es\/\",\"name\":\"Guerssen records\",\"description\":\"psychedelia - progressive - folk - garage \",\"publisher\":{\"@id\":\"https:\/\/wpguerssen-test.odoo.rgbconsulting.com\/es\/#organization\"},\"potentialAction\":[{\"@type\":\"SearchAction\",\"target\":{\"@type\":\"EntryPoint\",\"urlTemplate\":\"https:\/\/wpguerssen-test.odoo.rgbconsulting.com\/es\/?s={search_term_string}\"},\"query-input\":{\"@type\":\"PropertyValueSpecification\",\"valueRequired\":true,\"valueName\":\"search_term_string\"}}],\"inLanguage\":\"es\"},{\"@type\":\"Organization\",\"@id\":\"https:\/\/wpguerssen-test.odoo.rgbconsulting.com\/es\/#organization\",\"name\":\"Guerssen records\",\"url\":\"https:\/\/wpguerssen-test.odoo.rgbconsulting.com\/es\/\",\"logo\":{\"@type\":\"ImageObject\",\"inLanguage\":\"es\",\"@id\":\"https:\/\/wpguerssen-test.odoo.rgbconsulting.com\/es\/#\/schema\/logo\/image\/\",\"url\":\"https:\/\/wpguerssen-test.odoo.rgbconsulting.com\/wp-content\/uploads\/2022\/04\/Logo_Guerssen_trans_100.png\",\"contentUrl\":\"https:\/\/wpguerssen-test.odoo.rgbconsulting.com\/wp-content\/uploads\/2022\/04\/Logo_Guerssen_trans_100.png\",\"width\":122,\"height\":100,\"caption\":\"Guerssen records\"},\"image\":{\"@id\":\"https:\/\/wpguerssen-test.odoo.rgbconsulting.com\/es\/#\/schema\/logo\/image\/\"}}]}<\/script>\n<!-- \/ Yoast SEO plugin. -->","yoast_head_json":{"title":"HAZEMAZE - Blinded By The Wicked -  (LP) | Guerssen","description":"In the year of the pandemic, we decided to finally put our efforts towards writing a new record. As the year progressed and the world got darker, so did our songwriting. For this record, we wanted to continue to follow the same dark thematic approach as our previous release, but even more sinister and complex. \"Blinded by the Wicked\" explores cults and their leaders' malevolent intentions that corrupted the weak minded.For this record, we worked together with our longtime friend Timmy Ternest\u00e5l at Studio Ingenstans in our hometown of Str\u00e4ngn\u00e4s. We had the good fortune to develop a more mature sound, and explore new elements. The record was later mastered at Studio Humbucker by the eminent Robert Pehrsson (Death Breath, Dead Lord, Imperial State Electric). We believe that we have created something mature, diverse and sabbathic and this record is showcasing it. A mixture between traditional doom metal and heavy rock; Rock'n'Doom to be precise!","robots":{"index":"index","follow":"follow","max-snippet":"max-snippet:-1","max-image-preview":"max-image-preview:large","max-video-preview":"max-video-preview:-1"},"canonical":"https:\/\/wpguerssen-test.odoo.rgbconsulting.com\/es\/producto\/blinded-by-the-wicked\/","og_locale":"es_ES","og_type":"article","og_title":"HAZEMAZE - Blinded By The Wicked -  (LP) | Guerssen","og_description":"In the year of the pandemic, we decided to finally put our efforts towards writing a new record. As the year progressed and the world got darker, so did our songwriting. For this record, we wanted to continue to follow the same dark thematic approach as our previous release, but even more sinister and complex. \"Blinded by the Wicked\" explores cults and their leaders' malevolent intentions that corrupted the weak minded.For this record, we worked together with our longtime friend Timmy Ternest\u00e5l at Studio Ingenstans in our hometown of Str\u00e4ngn\u00e4s. We had the good fortune to develop a more mature sound, and explore new elements. The record was later mastered at Studio Humbucker by the eminent Robert Pehrsson (Death Breath, Dead Lord, Imperial State Electric). We believe that we have created something mature, diverse and sabbathic and this record is showcasing it. A mixture between traditional doom metal and heavy rock; Rock'n'Doom to be precise!","og_url":"https:\/\/wpguerssen-test.odoo.rgbconsulting.com\/es\/producto\/blinded-by-the-wicked\/","og_site_name":"Guerssen records","article_modified_time":"2024-09-25T11:54:17+00:00","og_image":[{"width":301,"height":301,"url":"https:\/\/wpguerssen-test.odoo.rgbconsulting.com\/wp-content\/uploads\/2022\/03\/39828.jpg","type":"image\/jpeg"}],"twitter_card":"summary_large_image","twitter_title":"HAZEMAZE - Blinded By The Wicked -  (LP) | Guerssen","schema":{"@context":"https:\/\/schema.org","@graph":[{"@type":"WebPage","@id":"https:\/\/wpguerssen-test.odoo.rgbconsulting.com\/es\/producto\/blinded-by-the-wicked\/","url":"https:\/\/wpguerssen-test.odoo.rgbconsulting.com\/es\/producto\/blinded-by-the-wicked\/","name":"HAZEMAZE - Blinded By The Wicked - (LP) | Guerssen","isPartOf":{"@id":"https:\/\/wpguerssen-test.odoo.rgbconsulting.com\/es\/#website"},"primaryImageOfPage":{"@id":"https:\/\/wpguerssen-test.odoo.rgbconsulting.com\/es\/producto\/blinded-by-the-wicked\/#primaryimage"},"image":{"@id":"https:\/\/wpguerssen-test.odoo.rgbconsulting.com\/es\/producto\/blinded-by-the-wicked\/#primaryimage"},"thumbnailUrl":"https:\/\/wpguerssen-test.odoo.rgbconsulting.com\/wp-content\/uploads\/2022\/03\/39828.jpg","datePublished":"2022-01-12T23:00:00+00:00","dateModified":"2024-09-25T11:54:17+00:00","description":"In the year of the pandemic, we decided to finally put our efforts towards writing a new record. As the year progressed and the world got darker, so did our songwriting. For this record, we wanted to continue to follow the same dark thematic approach as our previous release, but even more sinister and complex. \"Blinded by the Wicked\" explores cults and their leaders' malevolent intentions that corrupted the weak minded.For this record, we worked together with our longtime friend Timmy Ternest\u00e5l at Studio Ingenstans in our hometown of Str\u00e4ngn\u00e4s. We had the good fortune to develop a more mature sound, and explore new elements. The record was later mastered at Studio Humbucker by the eminent Robert Pehrsson (Death Breath, Dead Lord, Imperial State Electric). We believe that we have created something mature, diverse and sabbathic and this record is showcasing it. A mixture between traditional doom metal and heavy rock; Rock'n'Doom to be precise!","breadcrumb":{"@id":"https:\/\/wpguerssen-test.odoo.rgbconsulting.com\/es\/producto\/blinded-by-the-wicked\/#breadcrumb"},"inLanguage":"es","potentialAction":[{"@type":"ReadAction","target":["https:\/\/wpguerssen-test.odoo.rgbconsulting.com\/es\/producto\/blinded-by-the-wicked\/"]}]},{"@type":"ImageObject","inLanguage":"es","@id":"https:\/\/wpguerssen-test.odoo.rgbconsulting.com\/es\/producto\/blinded-by-the-wicked\/#primaryimage","url":"https:\/\/wpguerssen-test.odoo.rgbconsulting.com\/wp-content\/uploads\/2022\/03\/39828.jpg","contentUrl":"https:\/\/wpguerssen-test.odoo.rgbconsulting.com\/wp-content\/uploads\/2022\/03\/39828.jpg","width":301,"height":301,"caption":"HAZEMAZE - Blinded By The Wicked - HEAVY PSYCH SOUNDS (LP) | Guerssen"},{"@type":"BreadcrumbList","@id":"https:\/\/wpguerssen-test.odoo.rgbconsulting.com\/es\/producto\/blinded-by-the-wicked\/#breadcrumb","itemListElement":[{"@type":"ListItem","position":1,"name":"Inicio","item":"https:\/\/wpguerssen-test.odoo.rgbconsulting.com\/es\/"},{"@type":"ListItem","position":2,"name":"Shop","item":"https:\/\/wpguerssen-test.odoo.rgbconsulting.com\/shop\/"},{"@type":"ListItem","position":3,"name":"Blinded By The Wicked"}]},{"@type":"WebSite","@id":"https:\/\/wpguerssen-test.odoo.rgbconsulting.com\/es\/#website","url":"https:\/\/wpguerssen-test.odoo.rgbconsulting.com\/es\/","name":"Guerssen records","description":"psychedelia - progressive - folk - garage ","publisher":{"@id":"https:\/\/wpguerssen-test.odoo.rgbconsulting.com\/es\/#organization"},"potentialAction":[{"@type":"SearchAction","target":{"@type":"EntryPoint","urlTemplate":"https:\/\/wpguerssen-test.odoo.rgbconsulting.com\/es\/?s={search_term_string}"},"query-input":{"@type":"PropertyValueSpecification","valueRequired":true,"valueName":"search_term_string"}}],"inLanguage":"es"},{"@type":"Organization","@id":"https:\/\/wpguerssen-test.odoo.rgbconsulting.com\/es\/#organization","name":"Guerssen records","url":"https:\/\/wpguerssen-test.odoo.rgbconsulting.com\/es\/","logo":{"@type":"ImageObject","inLanguage":"es","@id":"https:\/\/wpguerssen-test.odoo.rgbconsulting.com\/es\/#\/schema\/logo\/image\/","url":"https:\/\/wpguerssen-test.odoo.rgbconsulting.com\/wp-content\/uploads\/2022\/04\/Logo_Guerssen_trans_100.png","contentUrl":"https:\/\/wpguerssen-test.odoo.rgbconsulting.com\/wp-content\/uploads\/2022\/04\/Logo_Guerssen_trans_100.png","width":122,"height":100,"caption":"Guerssen records"},"image":{"@id":"https:\/\/wpguerssen-test.odoo.rgbconsulting.com\/es\/#\/schema\/logo\/image\/"}}]}},"_links":{"self":[{"href":"https:\/\/wpguerssen-test.odoo.rgbconsulting.com\/es\/wp-json\/wp\/v2\/product\/209505","targetHints":{"allow":["GET"]}}],"collection":[{"href":"https:\/\/wpguerssen-test.odoo.rgbconsulting.com\/es\/wp-json\/wp\/v2\/product"}],"about":[{"href":"https:\/\/wpguerssen-test.odoo.rgbconsulting.com\/es\/wp-json\/wp\/v2\/types\/product"}],"wp:featuredmedia":[{"embeddable":true,"href":"https:\/\/wpguerssen-test.odoo.rgbconsulting.com\/es\/wp-json\/wp\/v2\/media\/130374"}],"wp:attachment":[{"href":"https:\/\/wpguerssen-test.odoo.rgbconsulting.com\/es\/wp-json\/wp\/v2\/media?parent=209505"}],"wp:term":[{"taxonomy":"product_brand","embeddable":true,"href":"https:\/\/wpguerssen-test.odoo.rgbconsulting.com\/es\/wp-json\/wp\/v2\/product_brand?post=209505"},{"taxonomy":"product_cat","embeddable":true,"href":"https:\/\/wpguerssen-test.odoo.rgbconsulting.com\/es\/wp-json\/wp\/v2\/product_cat?post=209505"},{"taxonomy":"product_tag","embeddable":true,"href":"https:\/\/wpguerssen-test.odoo.rgbconsulting.com\/es\/wp-json\/wp\/v2\/product_tag?post=209505"}],"curies":[{"name":"wp","href":"https:\/\/api.w.org\/{rel}","templated":true}]}}