{"id":209522,"date":"2025-02-19T00:00:00","date_gmt":"2025-02-18T23:00:00","guid":{"rendered":"http:\/\/guerssen.hl1097.dinaserver.com\/product\/fiaba-green\/"},"modified":"2025-04-23T17:18:25","modified_gmt":"2025-04-23T15:18:25","slug":"fiaba-green","status":"publish","type":"product","link":"https:\/\/wpguerssen-test.odoo.rgbconsulting.com\/es\/producto\/fiaba-green\/","title":{"rendered":"Fiaba (Green)"},"content":{"rendered":"<p>Ya conocer\u00e1s al grupo turin\u00e9s Procession por el previamente reeditado \u00abFrontiera\u00bb (brutal hard-prog, todav\u00eda disponible). Pero en este su segundo y \u00faltimo disco, de 1974 y con una nueva formaci\u00f3n (s\u00f3lo cantante y guitarrista segu\u00edan), Procession dio un paso adelante, cualitativa y estil\u00edsticamente.<br \/>En Fiaba no encontrar\u00e1s nada de hard, pero s\u00ed una espl\u00e9ndida pieza de rock progresivo con un aire sinf\u00f3nico, con guitarra, bajo, bater\u00eda, flauta, saxo y algunas teclas. <\/p>\n<p> No tan raro en original como el inencontrable \u00abFrontiera\u00bb, pero a\u00fan una codiciada pieza de coleccionista por el que raramente se paguen menos de 400 euros, ahora reeditado con su portada abierta y con r\u00e9plicas de las galletas originales.<\/p>\n","protected":false},"excerpt":{"rendered":"<p>Ya conocer\u00e1s al grupo turin\u00e9s Procession por el previamente reeditado \u00abFrontiera\u00bb (brutal hard-prog, todav\u00eda disponible). Pero en este su segundo y \u00faltimo disco,<a class=\"read\" href=\"https:\/\/wpguerssen-test.odoo.rgbconsulting.com\/es\/producto\/fiaba-green\/\"> (...)<\/a>","protected":false},"featured_media":130399,"template":"","meta":{"_acf_changed":false},"product_brand":[],"product_cat":[23215],"product_tag":[29140],"class_list":{"0":"post-209522","1":"product","2":"type-product","3":"status-publish","4":"has-post-thumbnail","6":"product_cat-progressive60s-70s-es","7":"product_tag-color-vinyl-es","8":"pa_artist-procession","9":"pa_format-lp-es","10":"pa_gender-progressive60s-70s","11":"pa_label-vinyl-magic","12":"pa_location-europe-es","13":"pa_other-filters-vinyl-only-es","15":"first","16":"instock","17":"taxable","18":"shipping-taxable","19":"purchasable","20":"product-type-simple"},"acf":[],"yoast_head":"<!-- This site is optimized with the Yoast SEO plugin v24.9 - https:\/\/yoast.com\/wordpress\/plugins\/seo\/ -->\n<title>PROCESSION - Fiaba (Green) -  (LP) | Guerssen<\/title>\n<meta name=\"description\" content=\"The band reappeared in 1974 with a new line-up and a new recording deal, this time it&#039;s Fonit that releases their second album &quot;Fiaba&quot;. A mature work, much more original than their first and more in a symphonic vein with large use of sax and flute with guest appearances by drummer Francesco Froggio Francica (from Raccomandata con Ricevuta di Ritorno), Delirium&#039;s keyboard player Ettore Vigo and Circus 2000 female singer Silvana Aliotta, while drummer Roberto Balocco (ex-Capsicum Red) helped the group in concert.Despite a good live activity Procession never gained the success they deserved and despite two good albums they broke up in 1975.\" \/>\n<meta name=\"robots\" content=\"index, follow, max-snippet:-1, max-image-preview:large, max-video-preview:-1\" \/>\n<link rel=\"canonical\" href=\"https:\/\/wpguerssen-test.odoo.rgbconsulting.com\/es\/producto\/fiaba-green\/\" \/>\n<meta property=\"og:locale\" content=\"es_ES\" \/>\n<meta property=\"og:type\" content=\"article\" \/>\n<meta property=\"og:title\" content=\"PROCESSION - Fiaba (Green) -  (LP) | Guerssen\" \/>\n<meta property=\"og:description\" content=\"The band reappeared in 1974 with a new line-up and a new recording deal, this time it&#039;s Fonit that releases their second album &quot;Fiaba&quot;. A mature work, much more original than their first and more in a symphonic vein with large use of sax and flute with guest appearances by drummer Francesco Froggio Francica (from Raccomandata con Ricevuta di Ritorno), Delirium&#039;s keyboard player Ettore Vigo and Circus 2000 female singer Silvana Aliotta, while drummer Roberto Balocco (ex-Capsicum Red) helped the group in concert.Despite a good live activity Procession never gained the success they deserved and despite two good albums they broke up in 1975.\" \/>\n<meta property=\"og:url\" content=\"https:\/\/wpguerssen-test.odoo.rgbconsulting.com\/es\/producto\/fiaba-green\/\" \/>\n<meta property=\"og:site_name\" content=\"Guerssen records\" \/>\n<meta property=\"article:modified_time\" content=\"2025-04-23T15:18:25+00:00\" \/>\n<meta property=\"og:image\" content=\"https:\/\/wpguerssen-test.odoo.rgbconsulting.com\/wp-content\/uploads\/2022\/03\/39846.jpg\" \/>\n\t<meta property=\"og:image:width\" content=\"600\" \/>\n\t<meta property=\"og:image:height\" content=\"600\" \/>\n\t<meta property=\"og:image:type\" content=\"image\/jpeg\" \/>\n<meta name=\"twitter:card\" content=\"summary_large_image\" \/>\n<meta name=\"twitter:title\" content=\"PROCESSION - Fiaba (Green) -  (LP) | Guerssen\" \/>\n<meta name=\"twitter:label1\" content=\"Tiempo de lectura\" \/>\n\t<meta name=\"twitter:data1\" content=\"1 minuto\" \/>\n<script type=\"application\/ld+json\" class=\"yoast-schema-graph\">{\"@context\":\"https:\/\/schema.org\",\"@graph\":[{\"@type\":\"WebPage\",\"@id\":\"https:\/\/wpguerssen-test.odoo.rgbconsulting.com\/es\/producto\/fiaba-green\/\",\"url\":\"https:\/\/wpguerssen-test.odoo.rgbconsulting.com\/es\/producto\/fiaba-green\/\",\"name\":\"PROCESSION - Fiaba (Green) - (LP) | Guerssen\",\"isPartOf\":{\"@id\":\"https:\/\/wpguerssen-test.odoo.rgbconsulting.com\/es\/#website\"},\"primaryImageOfPage\":{\"@id\":\"https:\/\/wpguerssen-test.odoo.rgbconsulting.com\/es\/producto\/fiaba-green\/#primaryimage\"},\"image\":{\"@id\":\"https:\/\/wpguerssen-test.odoo.rgbconsulting.com\/es\/producto\/fiaba-green\/#primaryimage\"},\"thumbnailUrl\":\"https:\/\/wpguerssen-test.odoo.rgbconsulting.com\/wp-content\/uploads\/2022\/03\/39846.jpg\",\"datePublished\":\"2025-02-18T23:00:00+00:00\",\"dateModified\":\"2025-04-23T15:18:25+00:00\",\"description\":\"The band reappeared in 1974 with a new line-up and a new recording deal, this time it's Fonit that releases their second album \\\"Fiaba\\\". A mature work, much more original than their first and more in a symphonic vein with large use of sax and flute with guest appearances by drummer Francesco Froggio Francica (from Raccomandata con Ricevuta di Ritorno), Delirium's keyboard player Ettore Vigo and Circus 2000 female singer Silvana Aliotta, while drummer Roberto Balocco (ex-Capsicum Red) helped the group in concert.Despite a good live activity Procession never gained the success they deserved and despite two good albums they broke up in 1975.\",\"breadcrumb\":{\"@id\":\"https:\/\/wpguerssen-test.odoo.rgbconsulting.com\/es\/producto\/fiaba-green\/#breadcrumb\"},\"inLanguage\":\"es\",\"potentialAction\":[{\"@type\":\"ReadAction\",\"target\":[\"https:\/\/wpguerssen-test.odoo.rgbconsulting.com\/es\/producto\/fiaba-green\/\"]}]},{\"@type\":\"ImageObject\",\"inLanguage\":\"es\",\"@id\":\"https:\/\/wpguerssen-test.odoo.rgbconsulting.com\/es\/producto\/fiaba-green\/#primaryimage\",\"url\":\"https:\/\/wpguerssen-test.odoo.rgbconsulting.com\/wp-content\/uploads\/2022\/03\/39846.jpg\",\"contentUrl\":\"https:\/\/wpguerssen-test.odoo.rgbconsulting.com\/wp-content\/uploads\/2022\/03\/39846.jpg\",\"width\":600,\"height\":600,\"caption\":\"PROCESSION - Fiaba (Green) - VINYL MAGIC (LP) | Guerssen\"},{\"@type\":\"BreadcrumbList\",\"@id\":\"https:\/\/wpguerssen-test.odoo.rgbconsulting.com\/es\/producto\/fiaba-green\/#breadcrumb\",\"itemListElement\":[{\"@type\":\"ListItem\",\"position\":1,\"name\":\"Inicio\",\"item\":\"https:\/\/wpguerssen-test.odoo.rgbconsulting.com\/es\/\"},{\"@type\":\"ListItem\",\"position\":2,\"name\":\"Shop\",\"item\":\"https:\/\/wpguerssen-test.odoo.rgbconsulting.com\/shop\/\"},{\"@type\":\"ListItem\",\"position\":3,\"name\":\"Fiaba (Green)\"}]},{\"@type\":\"WebSite\",\"@id\":\"https:\/\/wpguerssen-test.odoo.rgbconsulting.com\/es\/#website\",\"url\":\"https:\/\/wpguerssen-test.odoo.rgbconsulting.com\/es\/\",\"name\":\"Guerssen records\",\"description\":\"psychedelia - progressive - folk - garage \",\"publisher\":{\"@id\":\"https:\/\/wpguerssen-test.odoo.rgbconsulting.com\/es\/#organization\"},\"potentialAction\":[{\"@type\":\"SearchAction\",\"target\":{\"@type\":\"EntryPoint\",\"urlTemplate\":\"https:\/\/wpguerssen-test.odoo.rgbconsulting.com\/es\/?s={search_term_string}\"},\"query-input\":{\"@type\":\"PropertyValueSpecification\",\"valueRequired\":true,\"valueName\":\"search_term_string\"}}],\"inLanguage\":\"es\"},{\"@type\":\"Organization\",\"@id\":\"https:\/\/wpguerssen-test.odoo.rgbconsulting.com\/es\/#organization\",\"name\":\"Guerssen records\",\"url\":\"https:\/\/wpguerssen-test.odoo.rgbconsulting.com\/es\/\",\"logo\":{\"@type\":\"ImageObject\",\"inLanguage\":\"es\",\"@id\":\"https:\/\/wpguerssen-test.odoo.rgbconsulting.com\/es\/#\/schema\/logo\/image\/\",\"url\":\"https:\/\/wpguerssen-test.odoo.rgbconsulting.com\/wp-content\/uploads\/2022\/04\/Logo_Guerssen_trans_100.png\",\"contentUrl\":\"https:\/\/wpguerssen-test.odoo.rgbconsulting.com\/wp-content\/uploads\/2022\/04\/Logo_Guerssen_trans_100.png\",\"width\":122,\"height\":100,\"caption\":\"Guerssen records\"},\"image\":{\"@id\":\"https:\/\/wpguerssen-test.odoo.rgbconsulting.com\/es\/#\/schema\/logo\/image\/\"}}]}<\/script>\n<!-- \/ Yoast SEO plugin. -->","yoast_head_json":{"title":"PROCESSION - Fiaba (Green) -  (LP) | Guerssen","description":"The band reappeared in 1974 with a new line-up and a new recording deal, this time it's Fonit that releases their second album \"Fiaba\". A mature work, much more original than their first and more in a symphonic vein with large use of sax and flute with guest appearances by drummer Francesco Froggio Francica (from Raccomandata con Ricevuta di Ritorno), Delirium's keyboard player Ettore Vigo and Circus 2000 female singer Silvana Aliotta, while drummer Roberto Balocco (ex-Capsicum Red) helped the group in concert.Despite a good live activity Procession never gained the success they deserved and despite two good albums they broke up in 1975.","robots":{"index":"index","follow":"follow","max-snippet":"max-snippet:-1","max-image-preview":"max-image-preview:large","max-video-preview":"max-video-preview:-1"},"canonical":"https:\/\/wpguerssen-test.odoo.rgbconsulting.com\/es\/producto\/fiaba-green\/","og_locale":"es_ES","og_type":"article","og_title":"PROCESSION - Fiaba (Green) -  (LP) | Guerssen","og_description":"The band reappeared in 1974 with a new line-up and a new recording deal, this time it's Fonit that releases their second album \"Fiaba\". A mature work, much more original than their first and more in a symphonic vein with large use of sax and flute with guest appearances by drummer Francesco Froggio Francica (from Raccomandata con Ricevuta di Ritorno), Delirium's keyboard player Ettore Vigo and Circus 2000 female singer Silvana Aliotta, while drummer Roberto Balocco (ex-Capsicum Red) helped the group in concert.Despite a good live activity Procession never gained the success they deserved and despite two good albums they broke up in 1975.","og_url":"https:\/\/wpguerssen-test.odoo.rgbconsulting.com\/es\/producto\/fiaba-green\/","og_site_name":"Guerssen records","article_modified_time":"2025-04-23T15:18:25+00:00","og_image":[{"width":600,"height":600,"url":"https:\/\/wpguerssen-test.odoo.rgbconsulting.com\/wp-content\/uploads\/2022\/03\/39846.jpg","type":"image\/jpeg"}],"twitter_card":"summary_large_image","twitter_title":"PROCESSION - Fiaba (Green) -  (LP) | Guerssen","twitter_misc":{"Tiempo de lectura":"1 minuto"},"schema":{"@context":"https:\/\/schema.org","@graph":[{"@type":"WebPage","@id":"https:\/\/wpguerssen-test.odoo.rgbconsulting.com\/es\/producto\/fiaba-green\/","url":"https:\/\/wpguerssen-test.odoo.rgbconsulting.com\/es\/producto\/fiaba-green\/","name":"PROCESSION - Fiaba (Green) - (LP) | Guerssen","isPartOf":{"@id":"https:\/\/wpguerssen-test.odoo.rgbconsulting.com\/es\/#website"},"primaryImageOfPage":{"@id":"https:\/\/wpguerssen-test.odoo.rgbconsulting.com\/es\/producto\/fiaba-green\/#primaryimage"},"image":{"@id":"https:\/\/wpguerssen-test.odoo.rgbconsulting.com\/es\/producto\/fiaba-green\/#primaryimage"},"thumbnailUrl":"https:\/\/wpguerssen-test.odoo.rgbconsulting.com\/wp-content\/uploads\/2022\/03\/39846.jpg","datePublished":"2025-02-18T23:00:00+00:00","dateModified":"2025-04-23T15:18:25+00:00","description":"The band reappeared in 1974 with a new line-up and a new recording deal, this time it's Fonit that releases their second album \"Fiaba\". A mature work, much more original than their first and more in a symphonic vein with large use of sax and flute with guest appearances by drummer Francesco Froggio Francica (from Raccomandata con Ricevuta di Ritorno), Delirium's keyboard player Ettore Vigo and Circus 2000 female singer Silvana Aliotta, while drummer Roberto Balocco (ex-Capsicum Red) helped the group in concert.Despite a good live activity Procession never gained the success they deserved and despite two good albums they broke up in 1975.","breadcrumb":{"@id":"https:\/\/wpguerssen-test.odoo.rgbconsulting.com\/es\/producto\/fiaba-green\/#breadcrumb"},"inLanguage":"es","potentialAction":[{"@type":"ReadAction","target":["https:\/\/wpguerssen-test.odoo.rgbconsulting.com\/es\/producto\/fiaba-green\/"]}]},{"@type":"ImageObject","inLanguage":"es","@id":"https:\/\/wpguerssen-test.odoo.rgbconsulting.com\/es\/producto\/fiaba-green\/#primaryimage","url":"https:\/\/wpguerssen-test.odoo.rgbconsulting.com\/wp-content\/uploads\/2022\/03\/39846.jpg","contentUrl":"https:\/\/wpguerssen-test.odoo.rgbconsulting.com\/wp-content\/uploads\/2022\/03\/39846.jpg","width":600,"height":600,"caption":"PROCESSION - Fiaba (Green) - VINYL MAGIC (LP) | Guerssen"},{"@type":"BreadcrumbList","@id":"https:\/\/wpguerssen-test.odoo.rgbconsulting.com\/es\/producto\/fiaba-green\/#breadcrumb","itemListElement":[{"@type":"ListItem","position":1,"name":"Inicio","item":"https:\/\/wpguerssen-test.odoo.rgbconsulting.com\/es\/"},{"@type":"ListItem","position":2,"name":"Shop","item":"https:\/\/wpguerssen-test.odoo.rgbconsulting.com\/shop\/"},{"@type":"ListItem","position":3,"name":"Fiaba (Green)"}]},{"@type":"WebSite","@id":"https:\/\/wpguerssen-test.odoo.rgbconsulting.com\/es\/#website","url":"https:\/\/wpguerssen-test.odoo.rgbconsulting.com\/es\/","name":"Guerssen records","description":"psychedelia - progressive - folk - garage ","publisher":{"@id":"https:\/\/wpguerssen-test.odoo.rgbconsulting.com\/es\/#organization"},"potentialAction":[{"@type":"SearchAction","target":{"@type":"EntryPoint","urlTemplate":"https:\/\/wpguerssen-test.odoo.rgbconsulting.com\/es\/?s={search_term_string}"},"query-input":{"@type":"PropertyValueSpecification","valueRequired":true,"valueName":"search_term_string"}}],"inLanguage":"es"},{"@type":"Organization","@id":"https:\/\/wpguerssen-test.odoo.rgbconsulting.com\/es\/#organization","name":"Guerssen records","url":"https:\/\/wpguerssen-test.odoo.rgbconsulting.com\/es\/","logo":{"@type":"ImageObject","inLanguage":"es","@id":"https:\/\/wpguerssen-test.odoo.rgbconsulting.com\/es\/#\/schema\/logo\/image\/","url":"https:\/\/wpguerssen-test.odoo.rgbconsulting.com\/wp-content\/uploads\/2022\/04\/Logo_Guerssen_trans_100.png","contentUrl":"https:\/\/wpguerssen-test.odoo.rgbconsulting.com\/wp-content\/uploads\/2022\/04\/Logo_Guerssen_trans_100.png","width":122,"height":100,"caption":"Guerssen records"},"image":{"@id":"https:\/\/wpguerssen-test.odoo.rgbconsulting.com\/es\/#\/schema\/logo\/image\/"}}]}},"_links":{"self":[{"href":"https:\/\/wpguerssen-test.odoo.rgbconsulting.com\/es\/wp-json\/wp\/v2\/product\/209522","targetHints":{"allow":["GET"]}}],"collection":[{"href":"https:\/\/wpguerssen-test.odoo.rgbconsulting.com\/es\/wp-json\/wp\/v2\/product"}],"about":[{"href":"https:\/\/wpguerssen-test.odoo.rgbconsulting.com\/es\/wp-json\/wp\/v2\/types\/product"}],"wp:featuredmedia":[{"embeddable":true,"href":"https:\/\/wpguerssen-test.odoo.rgbconsulting.com\/es\/wp-json\/wp\/v2\/media\/130399"}],"wp:attachment":[{"href":"https:\/\/wpguerssen-test.odoo.rgbconsulting.com\/es\/wp-json\/wp\/v2\/media?parent=209522"}],"wp:term":[{"taxonomy":"product_brand","embeddable":true,"href":"https:\/\/wpguerssen-test.odoo.rgbconsulting.com\/es\/wp-json\/wp\/v2\/product_brand?post=209522"},{"taxonomy":"product_cat","embeddable":true,"href":"https:\/\/wpguerssen-test.odoo.rgbconsulting.com\/es\/wp-json\/wp\/v2\/product_cat?post=209522"},{"taxonomy":"product_tag","embeddable":true,"href":"https:\/\/wpguerssen-test.odoo.rgbconsulting.com\/es\/wp-json\/wp\/v2\/product_tag?post=209522"}],"curies":[{"name":"wp","href":"https:\/\/api.w.org\/{rel}","templated":true}]}}