{"id":209581,"date":"2021-12-10T00:00:00","date_gmt":"2021-12-09T23:00:00","guid":{"rendered":"http:\/\/guerssen.hl1097.dinaserver.com\/product\/la-pobre-nina-7\/"},"modified":"2024-07-10T14:26:28","modified_gmt":"2024-07-10T12:26:28","slug":"la-pobre-nina-7","status":"publish","type":"product","link":"https:\/\/wpguerssen-test.odoo.rgbconsulting.com\/es\/producto\/la-pobre-nina-7\/","title":{"rendered":"La Pobre Ni\u00f1a (7&#8243;)"},"content":{"rendered":"<p>Single que recoge la \u00faltima grabaci\u00f3n que realiz\u00f3 El Ni\u00f1o Gusano poco antes de su disoluci\u00f3n en agosto de 1999. En concret\u00f3 se inmortaliz\u00f3 el 10 y 11 de junio de 1999 en el estudio Laboratorio Espacial de Sonido de Zaragoza, regentado por Rafa Dom\u00ednguez. La canci\u00f3n, titulada &#8216;La pobre ni\u00f1a&#8217;, fue un encargo de la revista &#8216;Zona de Obras&#8217; para incluirla en un ced\u00e9-recopilatorio en Homenaje a Rub\u00e9n Dar\u00edo, en el que tambi\u00e9n participaron Amaral, Andr\u00e9s Calamaro y Bunbury, entre otros muchos artistas. <\/p>\n<p> Los versos del poeta nicarag\u00fcense fueron elegidos por Sergio Algora y los ropajes sonoros fueron confeccionados en aquellas dos \u00faltimas jornadas de ENG en un estudio por todos los integrantes de la banda. Un proceso que Andr\u00e9s Perruca narra en un delicioso y generoso texto que se incluye en el d\u00edptico que acompa\u00f1a al disco. La canci\u00f3n, una maravillosa demostraci\u00f3n del talento y la sensibilidad del grupo, jam\u00e1s hab\u00eda sido editada en vinilo hasta ahora. Esta edici\u00f3n cuenta con el benepl\u00e1cito y el apoyo de &#8216;Zona de Obras&#8217; y de Grabaciones en el Mar. <\/p>\n<p> Como no pod\u00eda ser de otra forma, \u00d3scar Sanmart\u00edn se ha encargado de todo el arte. Ha confeccionado la portada perfecta para abrigar el contenido. <br \/>Adem\u00e1s, junto al mencionado d\u00edptico explicativo, la edici\u00f3n tambi\u00e9n incluye dos postales tomadas por el propio Sanmart\u00edn y que ha tratado especialmente para la ocasi\u00f3n. <\/p>\n<p> En la cara B se ha efectuado un precioso grabado elegido tambi\u00e9n por Sanmart\u00edn, que abrocha un disco tan bello como merec\u00eda El Ni\u00f1o Gusano. <\/p>\n<p> Se trata de una edici\u00f3n limitada y numerada de 500 copias. Cada una va acompa\u00f1ada de un d\u00edptico y dos postales.<\/p>\n","protected":false},"excerpt":{"rendered":"<p>Single que recoge la \u00faltima grabaci\u00f3n que realiz\u00f3 El Ni\u00f1o Gusano poco antes de su disoluci\u00f3n en agosto de 1999. En concret\u00f3 se inmortaliz\u00f3 el 10 y 11 de junio<a class=\"read\" href=\"https:\/\/wpguerssen-test.odoo.rgbconsulting.com\/es\/producto\/la-pobre-nina-7\/\"> (...)<\/a>","protected":false},"featured_media":130519,"template":"","meta":{"_acf_changed":false},"product_brand":[],"product_cat":[23234],"product_tag":[],"class_list":{"0":"post-209581","1":"product","2":"type-product","3":"status-publish","4":"has-post-thumbnail","6":"product_cat-pop-rock-es","7":"pa_artist-nino-gusano-el-es","8":"pa_format-7-es","9":"pa_gender-pop-rock","10":"pa_label-discos-madmua","11":"pa_location-spain-es","12":"pa_other-filters-vinyl-only-es","14":"first","15":"instock","16":"taxable","17":"shipping-taxable","18":"purchasable","19":"product-type-simple"},"acf":[],"yoast_head":"<!-- This site is optimized with the Yoast SEO plugin v24.9 - https:\/\/yoast.com\/wordpress\/plugins\/seo\/ -->\n<title>NI\u00d1O GUSANO, El - La Pobre Ni\u00f1a (7&quot;) -  (7&quot;) | Guerssen<\/title>\n<meta name=\"robots\" content=\"index, follow, max-snippet:-1, max-image-preview:large, max-video-preview:-1\" \/>\n<link rel=\"canonical\" href=\"https:\/\/wpguerssen-test.odoo.rgbconsulting.com\/es\/producto\/la-pobre-nina-7\/\" \/>\n<meta property=\"og:locale\" content=\"es_ES\" \/>\n<meta property=\"og:type\" content=\"article\" \/>\n<meta property=\"og:title\" content=\"NI\u00d1O GUSANO, El - La Pobre Ni\u00f1a (7&quot;) -  (7&quot;) | Guerssen\" \/>\n<meta property=\"og:description\" content=\"Single que recoge la \u00faltima grabaci\u00f3n que realiz\u00f3 El Ni\u00f1o Gusano poco antes de su disoluci\u00f3n en agosto de 1999. En concret\u00f3 se inmortaliz\u00f3 el 10 y 11 de junio de 1999 en el estudio Laboratorio Espacial de Sonido de Zaragoza, regentado por Rafa Dom\u00ednguez. La canci\u00f3n, titulada &#039;La pobre ni\u00f1a&#039;, fue un encargo de la revista &#039;Zona de Obras&#039; para incluirla en un ced\u00e9-recopilatorio en Homenaje a Rub\u00e9n Dar\u00edo, en el que tambi\u00e9n participaron Amaral, Andr\u00e9s Calamaro y Bunbury, entre otros muchos artistas. \u00a0 Los versos del poeta nicarag\u00fcense fueron elegidos por Sergio Algora y los ropajes sonoros fueron confeccionados en aquellas dos \u00faltimas jornadas de ENG en un estudio por todos los integrantes de la banda. Un proceso que Andr\u00e9s Perruca narra en un delicioso y generoso texto que se incluye en el d\u00edptico que acompa\u00f1a al disco. La canci\u00f3n, una maravillosa demostraci\u00f3n del talento y la sensibilidad del grupo, jam\u00e1s hab\u00eda sido editada en vinilo hasta ahora. Esta edici\u00f3n cuenta con el benepl\u00e1cito y el apoyo de &#039;Zona de Obras&#039; y de Grabaciones en el Mar. \u00a0 Como no pod\u00eda ser de otra forma, \u00d3scar Sanmart\u00edn se ha encargado de todo el arte. Ha confeccionado la portada perfecta para abrigar el contenido. Adem\u00e1s, junto al mencionado d\u00edptico explicativo, la edici\u00f3n tambi\u00e9n incluye dos postales tomadas por el propio Sanmart\u00edn y que ha tratado especialmente para la ocasi\u00f3n. \u00a0 En la cara B se ha efectuado un precioso grabado elegido tambi\u00e9n por Sanmart\u00edn, que abrocha un disco tan bello como merec\u00eda El Ni\u00f1o Gusano. \u00a0 Se trata de una edici\u00f3n limitada y numerada de 500 copias. Cada una va acompa\u00f1ada de un d\u00edptico y dos postales.\" \/>\n<meta property=\"og:url\" content=\"https:\/\/wpguerssen-test.odoo.rgbconsulting.com\/es\/producto\/la-pobre-nina-7\/\" \/>\n<meta property=\"og:site_name\" content=\"Guerssen records\" \/>\n<meta property=\"article:modified_time\" content=\"2024-07-10T12:26:28+00:00\" \/>\n<meta property=\"og:image\" content=\"https:\/\/wpguerssen-test.odoo.rgbconsulting.com\/wp-content\/uploads\/2022\/03\/39916.jpg\" \/>\n\t<meta property=\"og:image:width\" content=\"302\" \/>\n\t<meta property=\"og:image:height\" content=\"302\" \/>\n\t<meta property=\"og:image:type\" content=\"image\/jpeg\" \/>\n<meta name=\"twitter:card\" content=\"summary_large_image\" \/>\n<meta name=\"twitter:title\" content=\"NI\u00d1O GUSANO, El - La Pobre Ni\u00f1a (7&quot;) -  (7&quot;) | Guerssen\" \/>\n<meta name=\"twitter:label1\" content=\"Tiempo de lectura\" \/>\n\t<meta name=\"twitter:data1\" content=\"2 minutos\" \/>\n<script type=\"application\/ld+json\" class=\"yoast-schema-graph\">{\"@context\":\"https:\/\/schema.org\",\"@graph\":[{\"@type\":\"WebPage\",\"@id\":\"https:\/\/wpguerssen-test.odoo.rgbconsulting.com\/es\/producto\/la-pobre-nina-7\/\",\"url\":\"https:\/\/wpguerssen-test.odoo.rgbconsulting.com\/es\/producto\/la-pobre-nina-7\/\",\"name\":\"NI\u00d1O GUSANO, El - La Pobre Ni\u00f1a (7\\\") - (7\\\") | Guerssen\",\"isPartOf\":{\"@id\":\"https:\/\/wpguerssen-test.odoo.rgbconsulting.com\/es\/#website\"},\"primaryImageOfPage\":{\"@id\":\"https:\/\/wpguerssen-test.odoo.rgbconsulting.com\/es\/producto\/la-pobre-nina-7\/#primaryimage\"},\"image\":{\"@id\":\"https:\/\/wpguerssen-test.odoo.rgbconsulting.com\/es\/producto\/la-pobre-nina-7\/#primaryimage\"},\"thumbnailUrl\":\"https:\/\/wpguerssen-test.odoo.rgbconsulting.com\/wp-content\/uploads\/2022\/03\/39916.jpg\",\"datePublished\":\"2021-12-09T23:00:00+00:00\",\"dateModified\":\"2024-07-10T12:26:28+00:00\",\"breadcrumb\":{\"@id\":\"https:\/\/wpguerssen-test.odoo.rgbconsulting.com\/es\/producto\/la-pobre-nina-7\/#breadcrumb\"},\"inLanguage\":\"es\",\"potentialAction\":[{\"@type\":\"ReadAction\",\"target\":[\"https:\/\/wpguerssen-test.odoo.rgbconsulting.com\/es\/producto\/la-pobre-nina-7\/\"]}]},{\"@type\":\"ImageObject\",\"inLanguage\":\"es\",\"@id\":\"https:\/\/wpguerssen-test.odoo.rgbconsulting.com\/es\/producto\/la-pobre-nina-7\/#primaryimage\",\"url\":\"https:\/\/wpguerssen-test.odoo.rgbconsulting.com\/wp-content\/uploads\/2022\/03\/39916.jpg\",\"contentUrl\":\"https:\/\/wpguerssen-test.odoo.rgbconsulting.com\/wp-content\/uploads\/2022\/03\/39916.jpg\",\"width\":302,\"height\":302,\"caption\":\"El - La Pobre Ni\u00f1a (7\\\") - DISCOS MADMUA (7\\\") | Guerssen\"},{\"@type\":\"BreadcrumbList\",\"@id\":\"https:\/\/wpguerssen-test.odoo.rgbconsulting.com\/es\/producto\/la-pobre-nina-7\/#breadcrumb\",\"itemListElement\":[{\"@type\":\"ListItem\",\"position\":1,\"name\":\"Inicio\",\"item\":\"https:\/\/wpguerssen-test.odoo.rgbconsulting.com\/es\/\"},{\"@type\":\"ListItem\",\"position\":2,\"name\":\"Shop\",\"item\":\"https:\/\/wpguerssen-test.odoo.rgbconsulting.com\/shop\/\"},{\"@type\":\"ListItem\",\"position\":3,\"name\":\"La Pobre Ni\u00f1a (7&#8243;)\"}]},{\"@type\":\"WebSite\",\"@id\":\"https:\/\/wpguerssen-test.odoo.rgbconsulting.com\/es\/#website\",\"url\":\"https:\/\/wpguerssen-test.odoo.rgbconsulting.com\/es\/\",\"name\":\"Guerssen records\",\"description\":\"psychedelia - progressive - folk - garage \",\"publisher\":{\"@id\":\"https:\/\/wpguerssen-test.odoo.rgbconsulting.com\/es\/#organization\"},\"potentialAction\":[{\"@type\":\"SearchAction\",\"target\":{\"@type\":\"EntryPoint\",\"urlTemplate\":\"https:\/\/wpguerssen-test.odoo.rgbconsulting.com\/es\/?s={search_term_string}\"},\"query-input\":{\"@type\":\"PropertyValueSpecification\",\"valueRequired\":true,\"valueName\":\"search_term_string\"}}],\"inLanguage\":\"es\"},{\"@type\":\"Organization\",\"@id\":\"https:\/\/wpguerssen-test.odoo.rgbconsulting.com\/es\/#organization\",\"name\":\"Guerssen records\",\"url\":\"https:\/\/wpguerssen-test.odoo.rgbconsulting.com\/es\/\",\"logo\":{\"@type\":\"ImageObject\",\"inLanguage\":\"es\",\"@id\":\"https:\/\/wpguerssen-test.odoo.rgbconsulting.com\/es\/#\/schema\/logo\/image\/\",\"url\":\"https:\/\/wpguerssen-test.odoo.rgbconsulting.com\/wp-content\/uploads\/2022\/04\/Logo_Guerssen_trans_100.png\",\"contentUrl\":\"https:\/\/wpguerssen-test.odoo.rgbconsulting.com\/wp-content\/uploads\/2022\/04\/Logo_Guerssen_trans_100.png\",\"width\":122,\"height\":100,\"caption\":\"Guerssen records\"},\"image\":{\"@id\":\"https:\/\/wpguerssen-test.odoo.rgbconsulting.com\/es\/#\/schema\/logo\/image\/\"}}]}<\/script>\n<!-- \/ Yoast SEO plugin. -->","yoast_head_json":{"title":"NI\u00d1O GUSANO, El - La Pobre Ni\u00f1a (7\") -  (7\") | Guerssen","robots":{"index":"index","follow":"follow","max-snippet":"max-snippet:-1","max-image-preview":"max-image-preview:large","max-video-preview":"max-video-preview:-1"},"canonical":"https:\/\/wpguerssen-test.odoo.rgbconsulting.com\/es\/producto\/la-pobre-nina-7\/","og_locale":"es_ES","og_type":"article","og_title":"NI\u00d1O GUSANO, El - La Pobre Ni\u00f1a (7\") -  (7\") | Guerssen","og_description":"Single que recoge la \u00faltima grabaci\u00f3n que realiz\u00f3 El Ni\u00f1o Gusano poco antes de su disoluci\u00f3n en agosto de 1999. En concret\u00f3 se inmortaliz\u00f3 el 10 y 11 de junio de 1999 en el estudio Laboratorio Espacial de Sonido de Zaragoza, regentado por Rafa Dom\u00ednguez. La canci\u00f3n, titulada 'La pobre ni\u00f1a', fue un encargo de la revista 'Zona de Obras' para incluirla en un ced\u00e9-recopilatorio en Homenaje a Rub\u00e9n Dar\u00edo, en el que tambi\u00e9n participaron Amaral, Andr\u00e9s Calamaro y Bunbury, entre otros muchos artistas. \u00a0 Los versos del poeta nicarag\u00fcense fueron elegidos por Sergio Algora y los ropajes sonoros fueron confeccionados en aquellas dos \u00faltimas jornadas de ENG en un estudio por todos los integrantes de la banda. Un proceso que Andr\u00e9s Perruca narra en un delicioso y generoso texto que se incluye en el d\u00edptico que acompa\u00f1a al disco. La canci\u00f3n, una maravillosa demostraci\u00f3n del talento y la sensibilidad del grupo, jam\u00e1s hab\u00eda sido editada en vinilo hasta ahora. Esta edici\u00f3n cuenta con el benepl\u00e1cito y el apoyo de 'Zona de Obras' y de Grabaciones en el Mar. \u00a0 Como no pod\u00eda ser de otra forma, \u00d3scar Sanmart\u00edn se ha encargado de todo el arte. Ha confeccionado la portada perfecta para abrigar el contenido. Adem\u00e1s, junto al mencionado d\u00edptico explicativo, la edici\u00f3n tambi\u00e9n incluye dos postales tomadas por el propio Sanmart\u00edn y que ha tratado especialmente para la ocasi\u00f3n. \u00a0 En la cara B se ha efectuado un precioso grabado elegido tambi\u00e9n por Sanmart\u00edn, que abrocha un disco tan bello como merec\u00eda El Ni\u00f1o Gusano. \u00a0 Se trata de una edici\u00f3n limitada y numerada de 500 copias. Cada una va acompa\u00f1ada de un d\u00edptico y dos postales.","og_url":"https:\/\/wpguerssen-test.odoo.rgbconsulting.com\/es\/producto\/la-pobre-nina-7\/","og_site_name":"Guerssen records","article_modified_time":"2024-07-10T12:26:28+00:00","og_image":[{"width":302,"height":302,"url":"https:\/\/wpguerssen-test.odoo.rgbconsulting.com\/wp-content\/uploads\/2022\/03\/39916.jpg","type":"image\/jpeg"}],"twitter_card":"summary_large_image","twitter_title":"NI\u00d1O GUSANO, El - La Pobre Ni\u00f1a (7\") -  (7\") | Guerssen","twitter_misc":{"Tiempo de lectura":"2 minutos"},"schema":{"@context":"https:\/\/schema.org","@graph":[{"@type":"WebPage","@id":"https:\/\/wpguerssen-test.odoo.rgbconsulting.com\/es\/producto\/la-pobre-nina-7\/","url":"https:\/\/wpguerssen-test.odoo.rgbconsulting.com\/es\/producto\/la-pobre-nina-7\/","name":"NI\u00d1O GUSANO, El - La Pobre Ni\u00f1a (7\") - (7\") | Guerssen","isPartOf":{"@id":"https:\/\/wpguerssen-test.odoo.rgbconsulting.com\/es\/#website"},"primaryImageOfPage":{"@id":"https:\/\/wpguerssen-test.odoo.rgbconsulting.com\/es\/producto\/la-pobre-nina-7\/#primaryimage"},"image":{"@id":"https:\/\/wpguerssen-test.odoo.rgbconsulting.com\/es\/producto\/la-pobre-nina-7\/#primaryimage"},"thumbnailUrl":"https:\/\/wpguerssen-test.odoo.rgbconsulting.com\/wp-content\/uploads\/2022\/03\/39916.jpg","datePublished":"2021-12-09T23:00:00+00:00","dateModified":"2024-07-10T12:26:28+00:00","breadcrumb":{"@id":"https:\/\/wpguerssen-test.odoo.rgbconsulting.com\/es\/producto\/la-pobre-nina-7\/#breadcrumb"},"inLanguage":"es","potentialAction":[{"@type":"ReadAction","target":["https:\/\/wpguerssen-test.odoo.rgbconsulting.com\/es\/producto\/la-pobre-nina-7\/"]}]},{"@type":"ImageObject","inLanguage":"es","@id":"https:\/\/wpguerssen-test.odoo.rgbconsulting.com\/es\/producto\/la-pobre-nina-7\/#primaryimage","url":"https:\/\/wpguerssen-test.odoo.rgbconsulting.com\/wp-content\/uploads\/2022\/03\/39916.jpg","contentUrl":"https:\/\/wpguerssen-test.odoo.rgbconsulting.com\/wp-content\/uploads\/2022\/03\/39916.jpg","width":302,"height":302,"caption":"El - La Pobre Ni\u00f1a (7\") - DISCOS MADMUA (7\") | Guerssen"},{"@type":"BreadcrumbList","@id":"https:\/\/wpguerssen-test.odoo.rgbconsulting.com\/es\/producto\/la-pobre-nina-7\/#breadcrumb","itemListElement":[{"@type":"ListItem","position":1,"name":"Inicio","item":"https:\/\/wpguerssen-test.odoo.rgbconsulting.com\/es\/"},{"@type":"ListItem","position":2,"name":"Shop","item":"https:\/\/wpguerssen-test.odoo.rgbconsulting.com\/shop\/"},{"@type":"ListItem","position":3,"name":"La Pobre Ni\u00f1a (7&#8243;)"}]},{"@type":"WebSite","@id":"https:\/\/wpguerssen-test.odoo.rgbconsulting.com\/es\/#website","url":"https:\/\/wpguerssen-test.odoo.rgbconsulting.com\/es\/","name":"Guerssen records","description":"psychedelia - progressive - folk - garage ","publisher":{"@id":"https:\/\/wpguerssen-test.odoo.rgbconsulting.com\/es\/#organization"},"potentialAction":[{"@type":"SearchAction","target":{"@type":"EntryPoint","urlTemplate":"https:\/\/wpguerssen-test.odoo.rgbconsulting.com\/es\/?s={search_term_string}"},"query-input":{"@type":"PropertyValueSpecification","valueRequired":true,"valueName":"search_term_string"}}],"inLanguage":"es"},{"@type":"Organization","@id":"https:\/\/wpguerssen-test.odoo.rgbconsulting.com\/es\/#organization","name":"Guerssen records","url":"https:\/\/wpguerssen-test.odoo.rgbconsulting.com\/es\/","logo":{"@type":"ImageObject","inLanguage":"es","@id":"https:\/\/wpguerssen-test.odoo.rgbconsulting.com\/es\/#\/schema\/logo\/image\/","url":"https:\/\/wpguerssen-test.odoo.rgbconsulting.com\/wp-content\/uploads\/2022\/04\/Logo_Guerssen_trans_100.png","contentUrl":"https:\/\/wpguerssen-test.odoo.rgbconsulting.com\/wp-content\/uploads\/2022\/04\/Logo_Guerssen_trans_100.png","width":122,"height":100,"caption":"Guerssen records"},"image":{"@id":"https:\/\/wpguerssen-test.odoo.rgbconsulting.com\/es\/#\/schema\/logo\/image\/"}}]}},"_links":{"self":[{"href":"https:\/\/wpguerssen-test.odoo.rgbconsulting.com\/es\/wp-json\/wp\/v2\/product\/209581","targetHints":{"allow":["GET"]}}],"collection":[{"href":"https:\/\/wpguerssen-test.odoo.rgbconsulting.com\/es\/wp-json\/wp\/v2\/product"}],"about":[{"href":"https:\/\/wpguerssen-test.odoo.rgbconsulting.com\/es\/wp-json\/wp\/v2\/types\/product"}],"wp:featuredmedia":[{"embeddable":true,"href":"https:\/\/wpguerssen-test.odoo.rgbconsulting.com\/es\/wp-json\/wp\/v2\/media\/130519"}],"wp:attachment":[{"href":"https:\/\/wpguerssen-test.odoo.rgbconsulting.com\/es\/wp-json\/wp\/v2\/media?parent=209581"}],"wp:term":[{"taxonomy":"product_brand","embeddable":true,"href":"https:\/\/wpguerssen-test.odoo.rgbconsulting.com\/es\/wp-json\/wp\/v2\/product_brand?post=209581"},{"taxonomy":"product_cat","embeddable":true,"href":"https:\/\/wpguerssen-test.odoo.rgbconsulting.com\/es\/wp-json\/wp\/v2\/product_cat?post=209581"},{"taxonomy":"product_tag","embeddable":true,"href":"https:\/\/wpguerssen-test.odoo.rgbconsulting.com\/es\/wp-json\/wp\/v2\/product_tag?post=209581"}],"curies":[{"name":"wp","href":"https:\/\/api.w.org\/{rel}","templated":true}]}}