{"id":209586,"date":"2021-11-26T00:00:00","date_gmt":"2021-11-25T23:00:00","guid":{"rendered":"http:\/\/guerssen.hl1097.dinaserver.com\/product\/stars-2\/"},"modified":"2024-02-20T18:06:34","modified_gmt":"2024-02-20T17:06:34","slug":"stars","status":"publish","type":"product","link":"https:\/\/wpguerssen-test.odoo.rgbconsulting.com\/es\/producto\/stars\/","title":{"rendered":"Stars"},"content":{"rendered":"<p>M\u00fasico actual que desde Los Angeles ofrece una colecci\u00f3n de canciones al m\u00e1s puro estilo 70s, en la onda de Jackson Browne o Graham Nash.<\/p>\n","protected":false},"excerpt":{"rendered":"<p>M\u00fasico actual que desde Los Angeles ofrece una colecci\u00f3n de canciones al m\u00e1s puro estilo 70s, en la onda de Jackson Browne o Graham Nash.<\/p>\n","protected":false},"featured_media":130529,"template":"","meta":{"_acf_changed":false},"product_brand":[],"product_cat":[23273],"product_tag":[],"class_list":{"0":"post-209586","1":"product","2":"type-product","3":"status-publish","4":"has-post-thumbnail","6":"product_cat-folk-rock-00s-now-es","7":"pa_artist-pollie-ryan","8":"pa_format-lp-es","9":"pa_gender-folk-rock-00s-now","10":"pa_label-mapache","11":"pa_location-north-america-es","12":"pa_other-filters-vinyl-only-es","14":"first","15":"instock","16":"taxable","17":"shipping-taxable","18":"purchasable","19":"product-type-simple"},"acf":[],"yoast_head":"<!-- This site is optimized with the Yoast SEO plugin v24.9 - https:\/\/yoast.com\/wordpress\/plugins\/seo\/ -->\n<title>POLLIE, Ryan - Stars -  (LP) | Guerssen<\/title>\n<meta name=\"description\" content=\"Ryan Pollie is an American musician from Philadelphia, Pennsylvania that now lives in Los Angeles, California. Pollie is primarily known for music under his own name and as Los Angeles Police Department. He is also a music producer that mostly self-produces his own albums. #nl# Compared the music to &#039;70s songwriters like Jackson Browne and Graham Nash, STARS is his new album. First one with Mapache and a great collection of songs that connects him with the 70&#039;s tradition while he writes his own path in this century. From the ambitious structures of The Shore House through the infectious pop of Don&#039;t Lie, Stars is a pocket full of surprises.\" \/>\n<meta name=\"robots\" content=\"index, follow, max-snippet:-1, max-image-preview:large, max-video-preview:-1\" \/>\n<link rel=\"canonical\" href=\"https:\/\/wpguerssen-test.odoo.rgbconsulting.com\/es\/producto\/stars\/\" \/>\n<meta property=\"og:locale\" content=\"es_ES\" \/>\n<meta property=\"og:type\" content=\"article\" \/>\n<meta property=\"og:title\" content=\"POLLIE, Ryan - Stars -  (LP) | Guerssen\" \/>\n<meta property=\"og:description\" content=\"Ryan Pollie is an American musician from Philadelphia, Pennsylvania that now lives in Los Angeles, California. Pollie is primarily known for music under his own name and as Los Angeles Police Department. He is also a music producer that mostly self-produces his own albums. #nl# Compared the music to &#039;70s songwriters like Jackson Browne and Graham Nash, STARS is his new album. First one with Mapache and a great collection of songs that connects him with the 70&#039;s tradition while he writes his own path in this century. From the ambitious structures of The Shore House through the infectious pop of Don&#039;t Lie, Stars is a pocket full of surprises.\" \/>\n<meta property=\"og:url\" content=\"https:\/\/wpguerssen-test.odoo.rgbconsulting.com\/es\/producto\/stars\/\" \/>\n<meta property=\"og:site_name\" content=\"Guerssen records\" \/>\n<meta property=\"article:modified_time\" content=\"2024-02-20T17:06:34+00:00\" \/>\n<meta property=\"og:image\" content=\"https:\/\/wpguerssen-test.odoo.rgbconsulting.com\/wp-content\/uploads\/2022\/03\/39922.jpg\" \/>\n\t<meta property=\"og:image:width\" content=\"302\" \/>\n\t<meta property=\"og:image:height\" content=\"302\" \/>\n\t<meta property=\"og:image:type\" content=\"image\/jpeg\" \/>\n<meta name=\"twitter:card\" content=\"summary_large_image\" \/>\n<meta name=\"twitter:title\" content=\"POLLIE, Ryan - Stars -  (LP) | Guerssen\" \/>\n<script type=\"application\/ld+json\" class=\"yoast-schema-graph\">{\"@context\":\"https:\/\/schema.org\",\"@graph\":[{\"@type\":\"WebPage\",\"@id\":\"https:\/\/wpguerssen-test.odoo.rgbconsulting.com\/es\/producto\/stars\/\",\"url\":\"https:\/\/wpguerssen-test.odoo.rgbconsulting.com\/es\/producto\/stars\/\",\"name\":\"POLLIE, Ryan - Stars - (LP) | Guerssen\",\"isPartOf\":{\"@id\":\"https:\/\/wpguerssen-test.odoo.rgbconsulting.com\/es\/#website\"},\"primaryImageOfPage\":{\"@id\":\"https:\/\/wpguerssen-test.odoo.rgbconsulting.com\/es\/producto\/stars\/#primaryimage\"},\"image\":{\"@id\":\"https:\/\/wpguerssen-test.odoo.rgbconsulting.com\/es\/producto\/stars\/#primaryimage\"},\"thumbnailUrl\":\"https:\/\/wpguerssen-test.odoo.rgbconsulting.com\/wp-content\/uploads\/2022\/03\/39922.jpg\",\"datePublished\":\"2021-11-25T23:00:00+00:00\",\"dateModified\":\"2024-02-20T17:06:34+00:00\",\"description\":\"Ryan Pollie is an American musician from Philadelphia, Pennsylvania that now lives in Los Angeles, California. Pollie is primarily known for music under his own name and as Los Angeles Police Department. He is also a music producer that mostly self-produces his own albums. #nl# Compared the music to '70s songwriters like Jackson Browne and Graham Nash, STARS is his new album. First one with Mapache and a great collection of songs that connects him with the 70's tradition while he writes his own path in this century. From the ambitious structures of The Shore House through the infectious pop of Don't Lie, Stars is a pocket full of surprises.\",\"breadcrumb\":{\"@id\":\"https:\/\/wpguerssen-test.odoo.rgbconsulting.com\/es\/producto\/stars\/#breadcrumb\"},\"inLanguage\":\"es\",\"potentialAction\":[{\"@type\":\"ReadAction\",\"target\":[\"https:\/\/wpguerssen-test.odoo.rgbconsulting.com\/es\/producto\/stars\/\"]}]},{\"@type\":\"ImageObject\",\"inLanguage\":\"es\",\"@id\":\"https:\/\/wpguerssen-test.odoo.rgbconsulting.com\/es\/producto\/stars\/#primaryimage\",\"url\":\"https:\/\/wpguerssen-test.odoo.rgbconsulting.com\/wp-content\/uploads\/2022\/03\/39922.jpg\",\"contentUrl\":\"https:\/\/wpguerssen-test.odoo.rgbconsulting.com\/wp-content\/uploads\/2022\/03\/39922.jpg\",\"width\":302,\"height\":302,\"caption\":\"Ryan - Stars - MAPACHE (LP) | Guerssen\"},{\"@type\":\"BreadcrumbList\",\"@id\":\"https:\/\/wpguerssen-test.odoo.rgbconsulting.com\/es\/producto\/stars\/#breadcrumb\",\"itemListElement\":[{\"@type\":\"ListItem\",\"position\":1,\"name\":\"Inicio\",\"item\":\"https:\/\/wpguerssen-test.odoo.rgbconsulting.com\/es\/\"},{\"@type\":\"ListItem\",\"position\":2,\"name\":\"Shop\",\"item\":\"https:\/\/wpguerssen-test.odoo.rgbconsulting.com\/shop\/\"},{\"@type\":\"ListItem\",\"position\":3,\"name\":\"Stars\"}]},{\"@type\":\"WebSite\",\"@id\":\"https:\/\/wpguerssen-test.odoo.rgbconsulting.com\/es\/#website\",\"url\":\"https:\/\/wpguerssen-test.odoo.rgbconsulting.com\/es\/\",\"name\":\"Guerssen records\",\"description\":\"psychedelia - progressive - folk - garage \",\"publisher\":{\"@id\":\"https:\/\/wpguerssen-test.odoo.rgbconsulting.com\/es\/#organization\"},\"potentialAction\":[{\"@type\":\"SearchAction\",\"target\":{\"@type\":\"EntryPoint\",\"urlTemplate\":\"https:\/\/wpguerssen-test.odoo.rgbconsulting.com\/es\/?s={search_term_string}\"},\"query-input\":{\"@type\":\"PropertyValueSpecification\",\"valueRequired\":true,\"valueName\":\"search_term_string\"}}],\"inLanguage\":\"es\"},{\"@type\":\"Organization\",\"@id\":\"https:\/\/wpguerssen-test.odoo.rgbconsulting.com\/es\/#organization\",\"name\":\"Guerssen records\",\"url\":\"https:\/\/wpguerssen-test.odoo.rgbconsulting.com\/es\/\",\"logo\":{\"@type\":\"ImageObject\",\"inLanguage\":\"es\",\"@id\":\"https:\/\/wpguerssen-test.odoo.rgbconsulting.com\/es\/#\/schema\/logo\/image\/\",\"url\":\"https:\/\/wpguerssen-test.odoo.rgbconsulting.com\/wp-content\/uploads\/2022\/04\/Logo_Guerssen_trans_100.png\",\"contentUrl\":\"https:\/\/wpguerssen-test.odoo.rgbconsulting.com\/wp-content\/uploads\/2022\/04\/Logo_Guerssen_trans_100.png\",\"width\":122,\"height\":100,\"caption\":\"Guerssen records\"},\"image\":{\"@id\":\"https:\/\/wpguerssen-test.odoo.rgbconsulting.com\/es\/#\/schema\/logo\/image\/\"}}]}<\/script>\n<!-- \/ Yoast SEO plugin. -->","yoast_head_json":{"title":"POLLIE, Ryan - Stars -  (LP) | Guerssen","description":"Ryan Pollie is an American musician from Philadelphia, Pennsylvania that now lives in Los Angeles, California. Pollie is primarily known for music under his own name and as Los Angeles Police Department. He is also a music producer that mostly self-produces his own albums. #nl# Compared the music to '70s songwriters like Jackson Browne and Graham Nash, STARS is his new album. First one with Mapache and a great collection of songs that connects him with the 70's tradition while he writes his own path in this century. From the ambitious structures of The Shore House through the infectious pop of Don't Lie, Stars is a pocket full of surprises.","robots":{"index":"index","follow":"follow","max-snippet":"max-snippet:-1","max-image-preview":"max-image-preview:large","max-video-preview":"max-video-preview:-1"},"canonical":"https:\/\/wpguerssen-test.odoo.rgbconsulting.com\/es\/producto\/stars\/","og_locale":"es_ES","og_type":"article","og_title":"POLLIE, Ryan - Stars -  (LP) | Guerssen","og_description":"Ryan Pollie is an American musician from Philadelphia, Pennsylvania that now lives in Los Angeles, California. Pollie is primarily known for music under his own name and as Los Angeles Police Department. He is also a music producer that mostly self-produces his own albums. #nl# Compared the music to '70s songwriters like Jackson Browne and Graham Nash, STARS is his new album. First one with Mapache and a great collection of songs that connects him with the 70's tradition while he writes his own path in this century. From the ambitious structures of The Shore House through the infectious pop of Don't Lie, Stars is a pocket full of surprises.","og_url":"https:\/\/wpguerssen-test.odoo.rgbconsulting.com\/es\/producto\/stars\/","og_site_name":"Guerssen records","article_modified_time":"2024-02-20T17:06:34+00:00","og_image":[{"width":302,"height":302,"url":"https:\/\/wpguerssen-test.odoo.rgbconsulting.com\/wp-content\/uploads\/2022\/03\/39922.jpg","type":"image\/jpeg"}],"twitter_card":"summary_large_image","twitter_title":"POLLIE, Ryan - Stars -  (LP) | Guerssen","schema":{"@context":"https:\/\/schema.org","@graph":[{"@type":"WebPage","@id":"https:\/\/wpguerssen-test.odoo.rgbconsulting.com\/es\/producto\/stars\/","url":"https:\/\/wpguerssen-test.odoo.rgbconsulting.com\/es\/producto\/stars\/","name":"POLLIE, Ryan - Stars - (LP) | Guerssen","isPartOf":{"@id":"https:\/\/wpguerssen-test.odoo.rgbconsulting.com\/es\/#website"},"primaryImageOfPage":{"@id":"https:\/\/wpguerssen-test.odoo.rgbconsulting.com\/es\/producto\/stars\/#primaryimage"},"image":{"@id":"https:\/\/wpguerssen-test.odoo.rgbconsulting.com\/es\/producto\/stars\/#primaryimage"},"thumbnailUrl":"https:\/\/wpguerssen-test.odoo.rgbconsulting.com\/wp-content\/uploads\/2022\/03\/39922.jpg","datePublished":"2021-11-25T23:00:00+00:00","dateModified":"2024-02-20T17:06:34+00:00","description":"Ryan Pollie is an American musician from Philadelphia, Pennsylvania that now lives in Los Angeles, California. Pollie is primarily known for music under his own name and as Los Angeles Police Department. He is also a music producer that mostly self-produces his own albums. #nl# Compared the music to '70s songwriters like Jackson Browne and Graham Nash, STARS is his new album. First one with Mapache and a great collection of songs that connects him with the 70's tradition while he writes his own path in this century. From the ambitious structures of The Shore House through the infectious pop of Don't Lie, Stars is a pocket full of surprises.","breadcrumb":{"@id":"https:\/\/wpguerssen-test.odoo.rgbconsulting.com\/es\/producto\/stars\/#breadcrumb"},"inLanguage":"es","potentialAction":[{"@type":"ReadAction","target":["https:\/\/wpguerssen-test.odoo.rgbconsulting.com\/es\/producto\/stars\/"]}]},{"@type":"ImageObject","inLanguage":"es","@id":"https:\/\/wpguerssen-test.odoo.rgbconsulting.com\/es\/producto\/stars\/#primaryimage","url":"https:\/\/wpguerssen-test.odoo.rgbconsulting.com\/wp-content\/uploads\/2022\/03\/39922.jpg","contentUrl":"https:\/\/wpguerssen-test.odoo.rgbconsulting.com\/wp-content\/uploads\/2022\/03\/39922.jpg","width":302,"height":302,"caption":"Ryan - Stars - MAPACHE (LP) | Guerssen"},{"@type":"BreadcrumbList","@id":"https:\/\/wpguerssen-test.odoo.rgbconsulting.com\/es\/producto\/stars\/#breadcrumb","itemListElement":[{"@type":"ListItem","position":1,"name":"Inicio","item":"https:\/\/wpguerssen-test.odoo.rgbconsulting.com\/es\/"},{"@type":"ListItem","position":2,"name":"Shop","item":"https:\/\/wpguerssen-test.odoo.rgbconsulting.com\/shop\/"},{"@type":"ListItem","position":3,"name":"Stars"}]},{"@type":"WebSite","@id":"https:\/\/wpguerssen-test.odoo.rgbconsulting.com\/es\/#website","url":"https:\/\/wpguerssen-test.odoo.rgbconsulting.com\/es\/","name":"Guerssen records","description":"psychedelia - progressive - folk - garage ","publisher":{"@id":"https:\/\/wpguerssen-test.odoo.rgbconsulting.com\/es\/#organization"},"potentialAction":[{"@type":"SearchAction","target":{"@type":"EntryPoint","urlTemplate":"https:\/\/wpguerssen-test.odoo.rgbconsulting.com\/es\/?s={search_term_string}"},"query-input":{"@type":"PropertyValueSpecification","valueRequired":true,"valueName":"search_term_string"}}],"inLanguage":"es"},{"@type":"Organization","@id":"https:\/\/wpguerssen-test.odoo.rgbconsulting.com\/es\/#organization","name":"Guerssen records","url":"https:\/\/wpguerssen-test.odoo.rgbconsulting.com\/es\/","logo":{"@type":"ImageObject","inLanguage":"es","@id":"https:\/\/wpguerssen-test.odoo.rgbconsulting.com\/es\/#\/schema\/logo\/image\/","url":"https:\/\/wpguerssen-test.odoo.rgbconsulting.com\/wp-content\/uploads\/2022\/04\/Logo_Guerssen_trans_100.png","contentUrl":"https:\/\/wpguerssen-test.odoo.rgbconsulting.com\/wp-content\/uploads\/2022\/04\/Logo_Guerssen_trans_100.png","width":122,"height":100,"caption":"Guerssen records"},"image":{"@id":"https:\/\/wpguerssen-test.odoo.rgbconsulting.com\/es\/#\/schema\/logo\/image\/"}}]}},"_links":{"self":[{"href":"https:\/\/wpguerssen-test.odoo.rgbconsulting.com\/es\/wp-json\/wp\/v2\/product\/209586","targetHints":{"allow":["GET"]}}],"collection":[{"href":"https:\/\/wpguerssen-test.odoo.rgbconsulting.com\/es\/wp-json\/wp\/v2\/product"}],"about":[{"href":"https:\/\/wpguerssen-test.odoo.rgbconsulting.com\/es\/wp-json\/wp\/v2\/types\/product"}],"wp:featuredmedia":[{"embeddable":true,"href":"https:\/\/wpguerssen-test.odoo.rgbconsulting.com\/es\/wp-json\/wp\/v2\/media\/130529"}],"wp:attachment":[{"href":"https:\/\/wpguerssen-test.odoo.rgbconsulting.com\/es\/wp-json\/wp\/v2\/media?parent=209586"}],"wp:term":[{"taxonomy":"product_brand","embeddable":true,"href":"https:\/\/wpguerssen-test.odoo.rgbconsulting.com\/es\/wp-json\/wp\/v2\/product_brand?post=209586"},{"taxonomy":"product_cat","embeddable":true,"href":"https:\/\/wpguerssen-test.odoo.rgbconsulting.com\/es\/wp-json\/wp\/v2\/product_cat?post=209586"},{"taxonomy":"product_tag","embeddable":true,"href":"https:\/\/wpguerssen-test.odoo.rgbconsulting.com\/es\/wp-json\/wp\/v2\/product_tag?post=209586"}],"curies":[{"name":"wp","href":"https:\/\/api.w.org\/{rel}","templated":true}]}}