{"id":209590,"date":"2022-01-03T00:00:00","date_gmt":"2022-01-02T23:00:00","guid":{"rendered":"http:\/\/guerssen.hl1097.dinaserver.com\/product\/laiko-rock-from-turkey-1968-1974\/"},"modified":"2025-02-21T13:57:35","modified_gmt":"2025-02-21T12:57:35","slug":"laiko-rock-from-turkey-1968-1974","status":"publish","type":"product","link":"https:\/\/wpguerssen-test.odoo.rgbconsulting.com\/es\/producto\/laiko-rock-from-turkey-1968-1974\/","title":{"rendered":"Laiko Rock From Turkey (1968-1974)"},"content":{"rendered":"<p>Grupo formado por m\u00fasicos griegos y turcos con base en Estambul. Influencias de m\u00fasica tradicional como el Laiko mezcladas con beat y surf junto a dos temas en una onda m\u00e1s orientada al Anatolian Rock. Notas y fotos.<\/p>\n","protected":false},"excerpt":{"rendered":"<p>Grupo formado por m\u00fasicos griegos y turcos con base en Estambul. Influencias de m\u00fasica tradicional como el Laiko mezcladas con beat y surf junto a dos temas en una<a class=\"read\" href=\"https:\/\/wpguerssen-test.odoo.rgbconsulting.com\/es\/producto\/laiko-rock-from-turkey-1968-1974\/\"> (...)<\/a>","protected":false},"featured_media":130537,"template":"","meta":{"_acf_changed":false},"product_brand":[],"product_cat":[21639,23219],"product_tag":[],"class_list":{"0":"post-209590","1":"product","2":"type-product","3":"status-publish","4":"has-post-thumbnail","6":"product_cat-psychedelic60s-70s-es","7":"product_cat-funk-es","8":"pa_artist-risar-kupa-4","9":"pa_format-lp-es","10":"pa_gender-psychedelic60s-70s-funk","11":"pa_label-ironhand","12":"pa_location-eastern-es","13":"pa_other-filters-vinyl-only-es","15":"first","16":"instock","17":"taxable","18":"shipping-taxable","19":"purchasable","20":"product-type-simple"},"acf":[],"yoast_head":"<!-- This site is optimized with the Yoast SEO plugin v24.9 - https:\/\/yoast.com\/wordpress\/plugins\/seo\/ -->\n<title>RISAR &amp; KUPA 4 - Laiko Rock From Turkey (1968-1974) -  (LP) | Guerssen<\/title>\n<meta name=\"description\" content=\"Kupa 4 (Kupa D\u00f6rtl\u00fcs\u00fc) was a band formed of Greek and Turkish musicians who lived in a mutual culture in Istanbul (or Constantinople). Their roots connected to rebetiko and laiko, but they were also children of the revolution. Therefore while playing in a tradition of a laiko band, they also had influences from beat and surf. Groovy drumming, killer Farfisa, and bouzouki-like electric guitar sounds are the key elements in Kupa 4&#039;s soundscape. #nl# The band rocked the taverns in Turkey and attracted both minorities&#039; and Turks&#039; attention until the Cyprus crisis in 1974. In this compilation, you will be hearing the recordings of Kupa 4, where they performed a unique laiko beat\/surf style made in Turkey. Plus, in 2 tracks, you will listen to the band performing as an influential Anatolian Rock band. #nl# Presented with a liner notes, archive photos and a great remastered sound.\" \/>\n<meta name=\"robots\" content=\"index, follow, max-snippet:-1, max-image-preview:large, max-video-preview:-1\" \/>\n<link rel=\"canonical\" href=\"https:\/\/wpguerssen-test.odoo.rgbconsulting.com\/es\/producto\/laiko-rock-from-turkey-1968-1974\/\" \/>\n<meta property=\"og:locale\" content=\"es_ES\" \/>\n<meta property=\"og:type\" content=\"article\" \/>\n<meta property=\"og:title\" content=\"RISAR &amp; KUPA 4 - Laiko Rock From Turkey (1968-1974) -  (LP) | Guerssen\" \/>\n<meta property=\"og:description\" content=\"Kupa 4 (Kupa D\u00f6rtl\u00fcs\u00fc) was a band formed of Greek and Turkish musicians who lived in a mutual culture in Istanbul (or Constantinople). Their roots connected to rebetiko and laiko, but they were also children of the revolution. Therefore while playing in a tradition of a laiko band, they also had influences from beat and surf. Groovy drumming, killer Farfisa, and bouzouki-like electric guitar sounds are the key elements in Kupa 4&#039;s soundscape. #nl# The band rocked the taverns in Turkey and attracted both minorities&#039; and Turks&#039; attention until the Cyprus crisis in 1974. In this compilation, you will be hearing the recordings of Kupa 4, where they performed a unique laiko beat\/surf style made in Turkey. Plus, in 2 tracks, you will listen to the band performing as an influential Anatolian Rock band. #nl# Presented with a liner notes, archive photos and a great remastered sound.\" \/>\n<meta property=\"og:url\" content=\"https:\/\/wpguerssen-test.odoo.rgbconsulting.com\/es\/producto\/laiko-rock-from-turkey-1968-1974\/\" \/>\n<meta property=\"og:site_name\" content=\"Guerssen records\" \/>\n<meta property=\"article:modified_time\" content=\"2025-02-21T12:57:35+00:00\" \/>\n<meta property=\"og:image\" content=\"https:\/\/wpguerssen-test.odoo.rgbconsulting.com\/wp-content\/uploads\/2022\/03\/39926.jpg\" \/>\n\t<meta property=\"og:image:width\" content=\"302\" \/>\n\t<meta property=\"og:image:height\" content=\"300\" \/>\n\t<meta property=\"og:image:type\" content=\"image\/jpeg\" \/>\n<meta name=\"twitter:card\" content=\"summary_large_image\" \/>\n<meta name=\"twitter:title\" content=\"RISAR &amp; KUPA 4 - Laiko Rock From Turkey (1968-1974) -  (LP) | Guerssen\" \/>\n<script type=\"application\/ld+json\" class=\"yoast-schema-graph\">{\"@context\":\"https:\/\/schema.org\",\"@graph\":[{\"@type\":\"WebPage\",\"@id\":\"https:\/\/wpguerssen-test.odoo.rgbconsulting.com\/es\/producto\/laiko-rock-from-turkey-1968-1974\/\",\"url\":\"https:\/\/wpguerssen-test.odoo.rgbconsulting.com\/es\/producto\/laiko-rock-from-turkey-1968-1974\/\",\"name\":\"RISAR & KUPA 4 - Laiko Rock From Turkey (1968-1974) - (LP) | Guerssen\",\"isPartOf\":{\"@id\":\"https:\/\/wpguerssen-test.odoo.rgbconsulting.com\/es\/#website\"},\"primaryImageOfPage\":{\"@id\":\"https:\/\/wpguerssen-test.odoo.rgbconsulting.com\/es\/producto\/laiko-rock-from-turkey-1968-1974\/#primaryimage\"},\"image\":{\"@id\":\"https:\/\/wpguerssen-test.odoo.rgbconsulting.com\/es\/producto\/laiko-rock-from-turkey-1968-1974\/#primaryimage\"},\"thumbnailUrl\":\"https:\/\/wpguerssen-test.odoo.rgbconsulting.com\/wp-content\/uploads\/2022\/03\/39926.jpg\",\"datePublished\":\"2022-01-02T23:00:00+00:00\",\"dateModified\":\"2025-02-21T12:57:35+00:00\",\"description\":\"Kupa 4 (Kupa D\u00f6rtl\u00fcs\u00fc) was a band formed of Greek and Turkish musicians who lived in a mutual culture in Istanbul (or Constantinople). Their roots connected to rebetiko and laiko, but they were also children of the revolution. Therefore while playing in a tradition of a laiko band, they also had influences from beat and surf. Groovy drumming, killer Farfisa, and bouzouki-like electric guitar sounds are the key elements in Kupa 4's soundscape. #nl# The band rocked the taverns in Turkey and attracted both minorities' and Turks' attention until the Cyprus crisis in 1974. In this compilation, you will be hearing the recordings of Kupa 4, where they performed a unique laiko beat\/surf style made in Turkey. Plus, in 2 tracks, you will listen to the band performing as an influential Anatolian Rock band. #nl# Presented with a liner notes, archive photos and a great remastered sound.\",\"breadcrumb\":{\"@id\":\"https:\/\/wpguerssen-test.odoo.rgbconsulting.com\/es\/producto\/laiko-rock-from-turkey-1968-1974\/#breadcrumb\"},\"inLanguage\":\"es\",\"potentialAction\":[{\"@type\":\"ReadAction\",\"target\":[\"https:\/\/wpguerssen-test.odoo.rgbconsulting.com\/es\/producto\/laiko-rock-from-turkey-1968-1974\/\"]}]},{\"@type\":\"ImageObject\",\"inLanguage\":\"es\",\"@id\":\"https:\/\/wpguerssen-test.odoo.rgbconsulting.com\/es\/producto\/laiko-rock-from-turkey-1968-1974\/#primaryimage\",\"url\":\"https:\/\/wpguerssen-test.odoo.rgbconsulting.com\/wp-content\/uploads\/2022\/03\/39926.jpg\",\"contentUrl\":\"https:\/\/wpguerssen-test.odoo.rgbconsulting.com\/wp-content\/uploads\/2022\/03\/39926.jpg\",\"width\":302,\"height\":300,\"caption\":\"RISAR & KUPA 4 - Laiko Rock From Turkey (1968-1974) - IRONHAND (LP) | Guerssen\"},{\"@type\":\"BreadcrumbList\",\"@id\":\"https:\/\/wpguerssen-test.odoo.rgbconsulting.com\/es\/producto\/laiko-rock-from-turkey-1968-1974\/#breadcrumb\",\"itemListElement\":[{\"@type\":\"ListItem\",\"position\":1,\"name\":\"Inicio\",\"item\":\"https:\/\/wpguerssen-test.odoo.rgbconsulting.com\/es\/\"},{\"@type\":\"ListItem\",\"position\":2,\"name\":\"Shop\",\"item\":\"https:\/\/wpguerssen-test.odoo.rgbconsulting.com\/shop\/\"},{\"@type\":\"ListItem\",\"position\":3,\"name\":\"Laiko Rock From Turkey (1968-1974)\"}]},{\"@type\":\"WebSite\",\"@id\":\"https:\/\/wpguerssen-test.odoo.rgbconsulting.com\/es\/#website\",\"url\":\"https:\/\/wpguerssen-test.odoo.rgbconsulting.com\/es\/\",\"name\":\"Guerssen records\",\"description\":\"psychedelia - progressive - folk - garage \",\"publisher\":{\"@id\":\"https:\/\/wpguerssen-test.odoo.rgbconsulting.com\/es\/#organization\"},\"potentialAction\":[{\"@type\":\"SearchAction\",\"target\":{\"@type\":\"EntryPoint\",\"urlTemplate\":\"https:\/\/wpguerssen-test.odoo.rgbconsulting.com\/es\/?s={search_term_string}\"},\"query-input\":{\"@type\":\"PropertyValueSpecification\",\"valueRequired\":true,\"valueName\":\"search_term_string\"}}],\"inLanguage\":\"es\"},{\"@type\":\"Organization\",\"@id\":\"https:\/\/wpguerssen-test.odoo.rgbconsulting.com\/es\/#organization\",\"name\":\"Guerssen records\",\"url\":\"https:\/\/wpguerssen-test.odoo.rgbconsulting.com\/es\/\",\"logo\":{\"@type\":\"ImageObject\",\"inLanguage\":\"es\",\"@id\":\"https:\/\/wpguerssen-test.odoo.rgbconsulting.com\/es\/#\/schema\/logo\/image\/\",\"url\":\"https:\/\/wpguerssen-test.odoo.rgbconsulting.com\/wp-content\/uploads\/2022\/04\/Logo_Guerssen_trans_100.png\",\"contentUrl\":\"https:\/\/wpguerssen-test.odoo.rgbconsulting.com\/wp-content\/uploads\/2022\/04\/Logo_Guerssen_trans_100.png\",\"width\":122,\"height\":100,\"caption\":\"Guerssen records\"},\"image\":{\"@id\":\"https:\/\/wpguerssen-test.odoo.rgbconsulting.com\/es\/#\/schema\/logo\/image\/\"}}]}<\/script>\n<!-- \/ Yoast SEO plugin. -->","yoast_head_json":{"title":"RISAR & KUPA 4 - Laiko Rock From Turkey (1968-1974) -  (LP) | Guerssen","description":"Kupa 4 (Kupa D\u00f6rtl\u00fcs\u00fc) was a band formed of Greek and Turkish musicians who lived in a mutual culture in Istanbul (or Constantinople). Their roots connected to rebetiko and laiko, but they were also children of the revolution. Therefore while playing in a tradition of a laiko band, they also had influences from beat and surf. Groovy drumming, killer Farfisa, and bouzouki-like electric guitar sounds are the key elements in Kupa 4's soundscape. #nl# The band rocked the taverns in Turkey and attracted both minorities' and Turks' attention until the Cyprus crisis in 1974. In this compilation, you will be hearing the recordings of Kupa 4, where they performed a unique laiko beat\/surf style made in Turkey. Plus, in 2 tracks, you will listen to the band performing as an influential Anatolian Rock band. #nl# Presented with a liner notes, archive photos and a great remastered sound.","robots":{"index":"index","follow":"follow","max-snippet":"max-snippet:-1","max-image-preview":"max-image-preview:large","max-video-preview":"max-video-preview:-1"},"canonical":"https:\/\/wpguerssen-test.odoo.rgbconsulting.com\/es\/producto\/laiko-rock-from-turkey-1968-1974\/","og_locale":"es_ES","og_type":"article","og_title":"RISAR & KUPA 4 - Laiko Rock From Turkey (1968-1974) -  (LP) | Guerssen","og_description":"Kupa 4 (Kupa D\u00f6rtl\u00fcs\u00fc) was a band formed of Greek and Turkish musicians who lived in a mutual culture in Istanbul (or Constantinople). Their roots connected to rebetiko and laiko, but they were also children of the revolution. Therefore while playing in a tradition of a laiko band, they also had influences from beat and surf. Groovy drumming, killer Farfisa, and bouzouki-like electric guitar sounds are the key elements in Kupa 4's soundscape. #nl# The band rocked the taverns in Turkey and attracted both minorities' and Turks' attention until the Cyprus crisis in 1974. In this compilation, you will be hearing the recordings of Kupa 4, where they performed a unique laiko beat\/surf style made in Turkey. Plus, in 2 tracks, you will listen to the band performing as an influential Anatolian Rock band. #nl# Presented with a liner notes, archive photos and a great remastered sound.","og_url":"https:\/\/wpguerssen-test.odoo.rgbconsulting.com\/es\/producto\/laiko-rock-from-turkey-1968-1974\/","og_site_name":"Guerssen records","article_modified_time":"2025-02-21T12:57:35+00:00","og_image":[{"width":302,"height":300,"url":"https:\/\/wpguerssen-test.odoo.rgbconsulting.com\/wp-content\/uploads\/2022\/03\/39926.jpg","type":"image\/jpeg"}],"twitter_card":"summary_large_image","twitter_title":"RISAR & KUPA 4 - Laiko Rock From Turkey (1968-1974) -  (LP) | Guerssen","schema":{"@context":"https:\/\/schema.org","@graph":[{"@type":"WebPage","@id":"https:\/\/wpguerssen-test.odoo.rgbconsulting.com\/es\/producto\/laiko-rock-from-turkey-1968-1974\/","url":"https:\/\/wpguerssen-test.odoo.rgbconsulting.com\/es\/producto\/laiko-rock-from-turkey-1968-1974\/","name":"RISAR & KUPA 4 - Laiko Rock From Turkey (1968-1974) - (LP) | Guerssen","isPartOf":{"@id":"https:\/\/wpguerssen-test.odoo.rgbconsulting.com\/es\/#website"},"primaryImageOfPage":{"@id":"https:\/\/wpguerssen-test.odoo.rgbconsulting.com\/es\/producto\/laiko-rock-from-turkey-1968-1974\/#primaryimage"},"image":{"@id":"https:\/\/wpguerssen-test.odoo.rgbconsulting.com\/es\/producto\/laiko-rock-from-turkey-1968-1974\/#primaryimage"},"thumbnailUrl":"https:\/\/wpguerssen-test.odoo.rgbconsulting.com\/wp-content\/uploads\/2022\/03\/39926.jpg","datePublished":"2022-01-02T23:00:00+00:00","dateModified":"2025-02-21T12:57:35+00:00","description":"Kupa 4 (Kupa D\u00f6rtl\u00fcs\u00fc) was a band formed of Greek and Turkish musicians who lived in a mutual culture in Istanbul (or Constantinople). Their roots connected to rebetiko and laiko, but they were also children of the revolution. Therefore while playing in a tradition of a laiko band, they also had influences from beat and surf. Groovy drumming, killer Farfisa, and bouzouki-like electric guitar sounds are the key elements in Kupa 4's soundscape. #nl# The band rocked the taverns in Turkey and attracted both minorities' and Turks' attention until the Cyprus crisis in 1974. In this compilation, you will be hearing the recordings of Kupa 4, where they performed a unique laiko beat\/surf style made in Turkey. Plus, in 2 tracks, you will listen to the band performing as an influential Anatolian Rock band. #nl# Presented with a liner notes, archive photos and a great remastered sound.","breadcrumb":{"@id":"https:\/\/wpguerssen-test.odoo.rgbconsulting.com\/es\/producto\/laiko-rock-from-turkey-1968-1974\/#breadcrumb"},"inLanguage":"es","potentialAction":[{"@type":"ReadAction","target":["https:\/\/wpguerssen-test.odoo.rgbconsulting.com\/es\/producto\/laiko-rock-from-turkey-1968-1974\/"]}]},{"@type":"ImageObject","inLanguage":"es","@id":"https:\/\/wpguerssen-test.odoo.rgbconsulting.com\/es\/producto\/laiko-rock-from-turkey-1968-1974\/#primaryimage","url":"https:\/\/wpguerssen-test.odoo.rgbconsulting.com\/wp-content\/uploads\/2022\/03\/39926.jpg","contentUrl":"https:\/\/wpguerssen-test.odoo.rgbconsulting.com\/wp-content\/uploads\/2022\/03\/39926.jpg","width":302,"height":300,"caption":"RISAR & KUPA 4 - Laiko Rock From Turkey (1968-1974) - IRONHAND (LP) | Guerssen"},{"@type":"BreadcrumbList","@id":"https:\/\/wpguerssen-test.odoo.rgbconsulting.com\/es\/producto\/laiko-rock-from-turkey-1968-1974\/#breadcrumb","itemListElement":[{"@type":"ListItem","position":1,"name":"Inicio","item":"https:\/\/wpguerssen-test.odoo.rgbconsulting.com\/es\/"},{"@type":"ListItem","position":2,"name":"Shop","item":"https:\/\/wpguerssen-test.odoo.rgbconsulting.com\/shop\/"},{"@type":"ListItem","position":3,"name":"Laiko Rock From Turkey (1968-1974)"}]},{"@type":"WebSite","@id":"https:\/\/wpguerssen-test.odoo.rgbconsulting.com\/es\/#website","url":"https:\/\/wpguerssen-test.odoo.rgbconsulting.com\/es\/","name":"Guerssen records","description":"psychedelia - progressive - folk - garage ","publisher":{"@id":"https:\/\/wpguerssen-test.odoo.rgbconsulting.com\/es\/#organization"},"potentialAction":[{"@type":"SearchAction","target":{"@type":"EntryPoint","urlTemplate":"https:\/\/wpguerssen-test.odoo.rgbconsulting.com\/es\/?s={search_term_string}"},"query-input":{"@type":"PropertyValueSpecification","valueRequired":true,"valueName":"search_term_string"}}],"inLanguage":"es"},{"@type":"Organization","@id":"https:\/\/wpguerssen-test.odoo.rgbconsulting.com\/es\/#organization","name":"Guerssen records","url":"https:\/\/wpguerssen-test.odoo.rgbconsulting.com\/es\/","logo":{"@type":"ImageObject","inLanguage":"es","@id":"https:\/\/wpguerssen-test.odoo.rgbconsulting.com\/es\/#\/schema\/logo\/image\/","url":"https:\/\/wpguerssen-test.odoo.rgbconsulting.com\/wp-content\/uploads\/2022\/04\/Logo_Guerssen_trans_100.png","contentUrl":"https:\/\/wpguerssen-test.odoo.rgbconsulting.com\/wp-content\/uploads\/2022\/04\/Logo_Guerssen_trans_100.png","width":122,"height":100,"caption":"Guerssen records"},"image":{"@id":"https:\/\/wpguerssen-test.odoo.rgbconsulting.com\/es\/#\/schema\/logo\/image\/"}}]}},"_links":{"self":[{"href":"https:\/\/wpguerssen-test.odoo.rgbconsulting.com\/es\/wp-json\/wp\/v2\/product\/209590","targetHints":{"allow":["GET"]}}],"collection":[{"href":"https:\/\/wpguerssen-test.odoo.rgbconsulting.com\/es\/wp-json\/wp\/v2\/product"}],"about":[{"href":"https:\/\/wpguerssen-test.odoo.rgbconsulting.com\/es\/wp-json\/wp\/v2\/types\/product"}],"wp:featuredmedia":[{"embeddable":true,"href":"https:\/\/wpguerssen-test.odoo.rgbconsulting.com\/es\/wp-json\/wp\/v2\/media\/130537"}],"wp:attachment":[{"href":"https:\/\/wpguerssen-test.odoo.rgbconsulting.com\/es\/wp-json\/wp\/v2\/media?parent=209590"}],"wp:term":[{"taxonomy":"product_brand","embeddable":true,"href":"https:\/\/wpguerssen-test.odoo.rgbconsulting.com\/es\/wp-json\/wp\/v2\/product_brand?post=209590"},{"taxonomy":"product_cat","embeddable":true,"href":"https:\/\/wpguerssen-test.odoo.rgbconsulting.com\/es\/wp-json\/wp\/v2\/product_cat?post=209590"},{"taxonomy":"product_tag","embeddable":true,"href":"https:\/\/wpguerssen-test.odoo.rgbconsulting.com\/es\/wp-json\/wp\/v2\/product_tag?post=209590"}],"curies":[{"name":"wp","href":"https:\/\/api.w.org\/{rel}","templated":true}]}}