{"id":209623,"date":"2025-03-06T00:00:00","date_gmt":"2025-03-05T23:00:00","guid":{"rendered":"http:\/\/guerssen.hl1097.dinaserver.com\/product\/panal\/"},"modified":"2025-03-06T14:03:45","modified_gmt":"2025-03-06T13:03:45","slug":"panal","status":"publish","type":"product","link":"https:\/\/wpguerssen-test.odoo.rgbconsulting.com\/es\/producto\/panal\/","title":{"rendered":"Panal"},"content":{"rendered":"<p>Rar\u00edsimo disco chileno que fusiona folk y rock en un modo similar al de una de las bandas con m\u00e1s \u00e9xito del sello IRT: Los Jaivas. <\/p>\n<p> Un pu\u00f1ado de m\u00fasicos experimentados y con talento hicieron realidad este encargo y finalmente un \u00e1lbum hom\u00f3nimo vio la luz en 1973.<br \/>Percusiones feroces, impresionantes riffs de guitarra y voces filtradas crean un sonido singular en este \u00fanico \u00e1lbum de Panal. <\/p>\n<p> Primera reedici\u00f3n oficial, con sonido remasterizado extra\u00eddo de las cintas originales.<\/p>\n","protected":false},"excerpt":{"rendered":"<p>Rar\u00edsimo disco chileno que fusiona folk y rock en un modo similar al de una de las bandas con m\u00e1s \u00e9xito del sello IRT: Los Jaivas. <\/p>\n<p>\u00a0<\/p>\n<p> Un pu\u00f1ado<a class=\"read\" href=\"https:\/\/wpguerssen-test.odoo.rgbconsulting.com\/es\/producto\/panal\/\"> (...)<\/a>","protected":false},"featured_media":130604,"template":"","meta":{"_acf_changed":false},"product_brand":[],"product_cat":[23274,23231],"product_tag":[24185],"class_list":{"0":"post-209623","1":"product","2":"type-product","3":"status-publish","4":"has-post-thumbnail","6":"product_cat-folk-rock-60s-70s-es","7":"product_cat-latin-brazilian-es","8":"product_tag-de-nuevo-en-existencia","9":"pa_artist-panal","10":"pa_format-lp-es","11":"pa_gender-latin-brazilian-folk-rock-60s-70s","12":"pa_label-vampi-soul-es","13":"pa_location-south-america-caribbean-es","14":"pa_other-filters-vinyl-only-es","16":"first","17":"instock","18":"taxable","19":"shipping-taxable","20":"purchasable","21":"product-type-simple"},"acf":[],"yoast_head":"<!-- This site is optimized with the Yoast SEO plugin v24.9 - https:\/\/yoast.com\/wordpress\/plugins\/seo\/ -->\n<title>PANAL - Panal -  (LP) | Guerssen<\/title>\n<meta name=\"description\" content=\"Very rare Chilean album that blends folk and rock in a similar way to one of the most successful bands on IRT: Los Jaivas. A roster of very experienced and talented musicians, including some members of Aguaturbia, was recruited for this project and this self-titled album was finally released in 1973. Fierce percussions, stunning guitar riffs and filtered voices create a unique sound across this only album by Panal. First official reissue with remastered sound from the original master tapes. #nl# Tracklist side a 1. Paisajes de catamarca 2. Si somos americanos 3. Alma llanera 4. Lime\u00f1a side b 1. Recuerdos de ipacarai 2. Cucurrucucu, paloma 3. El huamahuque\u00f1o 4. Lamento borincano\" \/>\n<meta name=\"robots\" content=\"index, follow, max-snippet:-1, max-image-preview:large, max-video-preview:-1\" \/>\n<link rel=\"canonical\" href=\"https:\/\/wpguerssen-test.odoo.rgbconsulting.com\/es\/producto\/panal\/\" \/>\n<meta property=\"og:locale\" content=\"es_ES\" \/>\n<meta property=\"og:type\" content=\"article\" \/>\n<meta property=\"og:title\" content=\"PANAL - Panal -  (LP) | Guerssen\" \/>\n<meta property=\"og:description\" content=\"Very rare Chilean album that blends folk and rock in a similar way to one of the most successful bands on IRT: Los Jaivas. A roster of very experienced and talented musicians, including some members of Aguaturbia, was recruited for this project and this self-titled album was finally released in 1973. Fierce percussions, stunning guitar riffs and filtered voices create a unique sound across this only album by Panal. First official reissue with remastered sound from the original master tapes. #nl# Tracklist side a 1. Paisajes de catamarca 2. Si somos americanos 3. Alma llanera 4. Lime\u00f1a side b 1. Recuerdos de ipacarai 2. Cucurrucucu, paloma 3. El huamahuque\u00f1o 4. Lamento borincano\" \/>\n<meta property=\"og:url\" content=\"https:\/\/wpguerssen-test.odoo.rgbconsulting.com\/es\/producto\/panal\/\" \/>\n<meta property=\"og:site_name\" content=\"Guerssen records\" \/>\n<meta property=\"article:modified_time\" content=\"2025-03-06T13:03:45+00:00\" \/>\n<meta property=\"og:image\" content=\"https:\/\/wpguerssen-test.odoo.rgbconsulting.com\/wp-content\/uploads\/2022\/03\/39962.jpg\" \/>\n\t<meta property=\"og:image:width\" content=\"700\" \/>\n\t<meta property=\"og:image:height\" content=\"700\" \/>\n\t<meta property=\"og:image:type\" content=\"image\/jpeg\" \/>\n<meta name=\"twitter:card\" content=\"summary_large_image\" \/>\n<meta name=\"twitter:title\" content=\"PANAL - Panal -  (LP) | Guerssen\" \/>\n<script type=\"application\/ld+json\" class=\"yoast-schema-graph\">{\"@context\":\"https:\/\/schema.org\",\"@graph\":[{\"@type\":\"WebPage\",\"@id\":\"https:\/\/wpguerssen-test.odoo.rgbconsulting.com\/es\/producto\/panal\/\",\"url\":\"https:\/\/wpguerssen-test.odoo.rgbconsulting.com\/es\/producto\/panal\/\",\"name\":\"PANAL - Panal - (LP) | Guerssen\",\"isPartOf\":{\"@id\":\"https:\/\/wpguerssen-test.odoo.rgbconsulting.com\/es\/#website\"},\"primaryImageOfPage\":{\"@id\":\"https:\/\/wpguerssen-test.odoo.rgbconsulting.com\/es\/producto\/panal\/#primaryimage\"},\"image\":{\"@id\":\"https:\/\/wpguerssen-test.odoo.rgbconsulting.com\/es\/producto\/panal\/#primaryimage\"},\"thumbnailUrl\":\"https:\/\/wpguerssen-test.odoo.rgbconsulting.com\/wp-content\/uploads\/2022\/03\/39962.jpg\",\"datePublished\":\"2025-03-05T23:00:00+00:00\",\"dateModified\":\"2025-03-06T13:03:45+00:00\",\"description\":\"Very rare Chilean album that blends folk and rock in a similar way to one of the most successful bands on IRT: Los Jaivas. A roster of very experienced and talented musicians, including some members of Aguaturbia, was recruited for this project and this self-titled album was finally released in 1973. Fierce percussions, stunning guitar riffs and filtered voices create a unique sound across this only album by Panal. First official reissue with remastered sound from the original master tapes. #nl# Tracklist side a 1. Paisajes de catamarca 2. Si somos americanos 3. Alma llanera 4. Lime\u00f1a side b 1. Recuerdos de ipacarai 2. Cucurrucucu, paloma 3. El huamahuque\u00f1o 4. Lamento borincano\",\"breadcrumb\":{\"@id\":\"https:\/\/wpguerssen-test.odoo.rgbconsulting.com\/es\/producto\/panal\/#breadcrumb\"},\"inLanguage\":\"es\",\"potentialAction\":[{\"@type\":\"ReadAction\",\"target\":[\"https:\/\/wpguerssen-test.odoo.rgbconsulting.com\/es\/producto\/panal\/\"]}]},{\"@type\":\"ImageObject\",\"inLanguage\":\"es\",\"@id\":\"https:\/\/wpguerssen-test.odoo.rgbconsulting.com\/es\/producto\/panal\/#primaryimage\",\"url\":\"https:\/\/wpguerssen-test.odoo.rgbconsulting.com\/wp-content\/uploads\/2022\/03\/39962.jpg\",\"contentUrl\":\"https:\/\/wpguerssen-test.odoo.rgbconsulting.com\/wp-content\/uploads\/2022\/03\/39962.jpg\",\"width\":700,\"height\":700,\"caption\":\"PANAL - Panal - VAMPI SOUL (LP) | Guerssen\"},{\"@type\":\"BreadcrumbList\",\"@id\":\"https:\/\/wpguerssen-test.odoo.rgbconsulting.com\/es\/producto\/panal\/#breadcrumb\",\"itemListElement\":[{\"@type\":\"ListItem\",\"position\":1,\"name\":\"Inicio\",\"item\":\"https:\/\/wpguerssen-test.odoo.rgbconsulting.com\/es\/\"},{\"@type\":\"ListItem\",\"position\":2,\"name\":\"Shop\",\"item\":\"https:\/\/wpguerssen-test.odoo.rgbconsulting.com\/shop\/\"},{\"@type\":\"ListItem\",\"position\":3,\"name\":\"Panal\"}]},{\"@type\":\"WebSite\",\"@id\":\"https:\/\/wpguerssen-test.odoo.rgbconsulting.com\/es\/#website\",\"url\":\"https:\/\/wpguerssen-test.odoo.rgbconsulting.com\/es\/\",\"name\":\"Guerssen records\",\"description\":\"psychedelia - progressive - folk - garage \",\"publisher\":{\"@id\":\"https:\/\/wpguerssen-test.odoo.rgbconsulting.com\/es\/#organization\"},\"potentialAction\":[{\"@type\":\"SearchAction\",\"target\":{\"@type\":\"EntryPoint\",\"urlTemplate\":\"https:\/\/wpguerssen-test.odoo.rgbconsulting.com\/es\/?s={search_term_string}\"},\"query-input\":{\"@type\":\"PropertyValueSpecification\",\"valueRequired\":true,\"valueName\":\"search_term_string\"}}],\"inLanguage\":\"es\"},{\"@type\":\"Organization\",\"@id\":\"https:\/\/wpguerssen-test.odoo.rgbconsulting.com\/es\/#organization\",\"name\":\"Guerssen records\",\"url\":\"https:\/\/wpguerssen-test.odoo.rgbconsulting.com\/es\/\",\"logo\":{\"@type\":\"ImageObject\",\"inLanguage\":\"es\",\"@id\":\"https:\/\/wpguerssen-test.odoo.rgbconsulting.com\/es\/#\/schema\/logo\/image\/\",\"url\":\"https:\/\/wpguerssen-test.odoo.rgbconsulting.com\/wp-content\/uploads\/2022\/04\/Logo_Guerssen_trans_100.png\",\"contentUrl\":\"https:\/\/wpguerssen-test.odoo.rgbconsulting.com\/wp-content\/uploads\/2022\/04\/Logo_Guerssen_trans_100.png\",\"width\":122,\"height\":100,\"caption\":\"Guerssen records\"},\"image\":{\"@id\":\"https:\/\/wpguerssen-test.odoo.rgbconsulting.com\/es\/#\/schema\/logo\/image\/\"}}]}<\/script>\n<!-- \/ Yoast SEO plugin. -->","yoast_head_json":{"title":"PANAL - Panal -  (LP) | Guerssen","description":"Very rare Chilean album that blends folk and rock in a similar way to one of the most successful bands on IRT: Los Jaivas. A roster of very experienced and talented musicians, including some members of Aguaturbia, was recruited for this project and this self-titled album was finally released in 1973. Fierce percussions, stunning guitar riffs and filtered voices create a unique sound across this only album by Panal. First official reissue with remastered sound from the original master tapes. #nl# Tracklist side a 1. Paisajes de catamarca 2. Si somos americanos 3. Alma llanera 4. Lime\u00f1a side b 1. Recuerdos de ipacarai 2. Cucurrucucu, paloma 3. El huamahuque\u00f1o 4. Lamento borincano","robots":{"index":"index","follow":"follow","max-snippet":"max-snippet:-1","max-image-preview":"max-image-preview:large","max-video-preview":"max-video-preview:-1"},"canonical":"https:\/\/wpguerssen-test.odoo.rgbconsulting.com\/es\/producto\/panal\/","og_locale":"es_ES","og_type":"article","og_title":"PANAL - Panal -  (LP) | Guerssen","og_description":"Very rare Chilean album that blends folk and rock in a similar way to one of the most successful bands on IRT: Los Jaivas. A roster of very experienced and talented musicians, including some members of Aguaturbia, was recruited for this project and this self-titled album was finally released in 1973. Fierce percussions, stunning guitar riffs and filtered voices create a unique sound across this only album by Panal. First official reissue with remastered sound from the original master tapes. #nl# Tracklist side a 1. Paisajes de catamarca 2. Si somos americanos 3. Alma llanera 4. Lime\u00f1a side b 1. Recuerdos de ipacarai 2. Cucurrucucu, paloma 3. El huamahuque\u00f1o 4. Lamento borincano","og_url":"https:\/\/wpguerssen-test.odoo.rgbconsulting.com\/es\/producto\/panal\/","og_site_name":"Guerssen records","article_modified_time":"2025-03-06T13:03:45+00:00","og_image":[{"width":700,"height":700,"url":"https:\/\/wpguerssen-test.odoo.rgbconsulting.com\/wp-content\/uploads\/2022\/03\/39962.jpg","type":"image\/jpeg"}],"twitter_card":"summary_large_image","twitter_title":"PANAL - Panal -  (LP) | Guerssen","schema":{"@context":"https:\/\/schema.org","@graph":[{"@type":"WebPage","@id":"https:\/\/wpguerssen-test.odoo.rgbconsulting.com\/es\/producto\/panal\/","url":"https:\/\/wpguerssen-test.odoo.rgbconsulting.com\/es\/producto\/panal\/","name":"PANAL - Panal - (LP) | Guerssen","isPartOf":{"@id":"https:\/\/wpguerssen-test.odoo.rgbconsulting.com\/es\/#website"},"primaryImageOfPage":{"@id":"https:\/\/wpguerssen-test.odoo.rgbconsulting.com\/es\/producto\/panal\/#primaryimage"},"image":{"@id":"https:\/\/wpguerssen-test.odoo.rgbconsulting.com\/es\/producto\/panal\/#primaryimage"},"thumbnailUrl":"https:\/\/wpguerssen-test.odoo.rgbconsulting.com\/wp-content\/uploads\/2022\/03\/39962.jpg","datePublished":"2025-03-05T23:00:00+00:00","dateModified":"2025-03-06T13:03:45+00:00","description":"Very rare Chilean album that blends folk and rock in a similar way to one of the most successful bands on IRT: Los Jaivas. A roster of very experienced and talented musicians, including some members of Aguaturbia, was recruited for this project and this self-titled album was finally released in 1973. Fierce percussions, stunning guitar riffs and filtered voices create a unique sound across this only album by Panal. First official reissue with remastered sound from the original master tapes. #nl# Tracklist side a 1. Paisajes de catamarca 2. Si somos americanos 3. Alma llanera 4. Lime\u00f1a side b 1. Recuerdos de ipacarai 2. Cucurrucucu, paloma 3. El huamahuque\u00f1o 4. Lamento borincano","breadcrumb":{"@id":"https:\/\/wpguerssen-test.odoo.rgbconsulting.com\/es\/producto\/panal\/#breadcrumb"},"inLanguage":"es","potentialAction":[{"@type":"ReadAction","target":["https:\/\/wpguerssen-test.odoo.rgbconsulting.com\/es\/producto\/panal\/"]}]},{"@type":"ImageObject","inLanguage":"es","@id":"https:\/\/wpguerssen-test.odoo.rgbconsulting.com\/es\/producto\/panal\/#primaryimage","url":"https:\/\/wpguerssen-test.odoo.rgbconsulting.com\/wp-content\/uploads\/2022\/03\/39962.jpg","contentUrl":"https:\/\/wpguerssen-test.odoo.rgbconsulting.com\/wp-content\/uploads\/2022\/03\/39962.jpg","width":700,"height":700,"caption":"PANAL - Panal - VAMPI SOUL (LP) | Guerssen"},{"@type":"BreadcrumbList","@id":"https:\/\/wpguerssen-test.odoo.rgbconsulting.com\/es\/producto\/panal\/#breadcrumb","itemListElement":[{"@type":"ListItem","position":1,"name":"Inicio","item":"https:\/\/wpguerssen-test.odoo.rgbconsulting.com\/es\/"},{"@type":"ListItem","position":2,"name":"Shop","item":"https:\/\/wpguerssen-test.odoo.rgbconsulting.com\/shop\/"},{"@type":"ListItem","position":3,"name":"Panal"}]},{"@type":"WebSite","@id":"https:\/\/wpguerssen-test.odoo.rgbconsulting.com\/es\/#website","url":"https:\/\/wpguerssen-test.odoo.rgbconsulting.com\/es\/","name":"Guerssen records","description":"psychedelia - progressive - folk - garage ","publisher":{"@id":"https:\/\/wpguerssen-test.odoo.rgbconsulting.com\/es\/#organization"},"potentialAction":[{"@type":"SearchAction","target":{"@type":"EntryPoint","urlTemplate":"https:\/\/wpguerssen-test.odoo.rgbconsulting.com\/es\/?s={search_term_string}"},"query-input":{"@type":"PropertyValueSpecification","valueRequired":true,"valueName":"search_term_string"}}],"inLanguage":"es"},{"@type":"Organization","@id":"https:\/\/wpguerssen-test.odoo.rgbconsulting.com\/es\/#organization","name":"Guerssen records","url":"https:\/\/wpguerssen-test.odoo.rgbconsulting.com\/es\/","logo":{"@type":"ImageObject","inLanguage":"es","@id":"https:\/\/wpguerssen-test.odoo.rgbconsulting.com\/es\/#\/schema\/logo\/image\/","url":"https:\/\/wpguerssen-test.odoo.rgbconsulting.com\/wp-content\/uploads\/2022\/04\/Logo_Guerssen_trans_100.png","contentUrl":"https:\/\/wpguerssen-test.odoo.rgbconsulting.com\/wp-content\/uploads\/2022\/04\/Logo_Guerssen_trans_100.png","width":122,"height":100,"caption":"Guerssen records"},"image":{"@id":"https:\/\/wpguerssen-test.odoo.rgbconsulting.com\/es\/#\/schema\/logo\/image\/"}}]}},"_links":{"self":[{"href":"https:\/\/wpguerssen-test.odoo.rgbconsulting.com\/es\/wp-json\/wp\/v2\/product\/209623","targetHints":{"allow":["GET"]}}],"collection":[{"href":"https:\/\/wpguerssen-test.odoo.rgbconsulting.com\/es\/wp-json\/wp\/v2\/product"}],"about":[{"href":"https:\/\/wpguerssen-test.odoo.rgbconsulting.com\/es\/wp-json\/wp\/v2\/types\/product"}],"wp:featuredmedia":[{"embeddable":true,"href":"https:\/\/wpguerssen-test.odoo.rgbconsulting.com\/es\/wp-json\/wp\/v2\/media\/130604"}],"wp:attachment":[{"href":"https:\/\/wpguerssen-test.odoo.rgbconsulting.com\/es\/wp-json\/wp\/v2\/media?parent=209623"}],"wp:term":[{"taxonomy":"product_brand","embeddable":true,"href":"https:\/\/wpguerssen-test.odoo.rgbconsulting.com\/es\/wp-json\/wp\/v2\/product_brand?post=209623"},{"taxonomy":"product_cat","embeddable":true,"href":"https:\/\/wpguerssen-test.odoo.rgbconsulting.com\/es\/wp-json\/wp\/v2\/product_cat?post=209623"},{"taxonomy":"product_tag","embeddable":true,"href":"https:\/\/wpguerssen-test.odoo.rgbconsulting.com\/es\/wp-json\/wp\/v2\/product_tag?post=209623"}],"curies":[{"name":"wp","href":"https:\/\/api.w.org\/{rel}","templated":true}]}}