{"id":209767,"date":"2022-01-20T00:00:00","date_gmt":"2022-01-19T23:00:00","guid":{"rendered":"http:\/\/guerssen.hl1097.dinaserver.com\/product\/latin-persuasive-funk\/"},"modified":"2025-02-17T16:34:50","modified_gmt":"2025-02-17T15:34:50","slug":"latin-persuasive-funk","status":"publish","type":"product","link":"https:\/\/wpguerssen-test.odoo.rgbconsulting.com\/es\/producto\/latin-persuasive-funk\/","title":{"rendered":"Latin Persuasive Funk"},"content":{"rendered":"<p>Segunda referencia en Gutifunk Achilisound Discos. Todo un homenaje sonoro a los sonidos library music de los 70 y al jazz-funk cinem\u00e1tico con toques latinos y rumberos. Colaboraciones de gigantes como Jorge Pardo o Manuel Malou (Los Golfos).<\/p>\n","protected":false},"excerpt":{"rendered":"<p>Segunda referencia en Gutifunk Achilisound Discos. Todo un homenaje sonoro a los sonidos library music de los 70 y al jazz-funk cinem\u00e1tico con toques latinos y rumberos.<a class=\"read\" href=\"https:\/\/wpguerssen-test.odoo.rgbconsulting.com\/es\/producto\/latin-persuasive-funk\/\"> (...)<\/a>","protected":false},"featured_media":130861,"template":"","meta":{"_acf_changed":false},"product_brand":[],"product_cat":[23219,23231],"product_tag":[],"class_list":{"0":"post-209767","1":"product","2":"type-product","3":"status-publish","4":"has-post-thumbnail","6":"product_cat-funk-es","7":"product_cat-latin-brazilian-es","8":"pa_artist-combo-alex-melero","9":"pa_format-lp-es","10":"pa_gender-latin-brazilian-funk","11":"pa_label-gutifunk","12":"pa_location-spain-es","13":"pa_other-filters-vinyl-only-es","15":"first","16":"instock","17":"taxable","18":"shipping-taxable","19":"purchasable","20":"product-type-simple"},"acf":[],"yoast_head":"<!-- This site is optimized with the Yoast SEO plugin v24.9 - https:\/\/yoast.com\/wordpress\/plugins\/seo\/ -->\n<title>COMBO ALEX MELERO - Latin Persuasive Funk -  (LP) | Guerssen<\/title>\n<meta name=\"description\" content=\"Second reference of Gutifunk Achilisound Discos is a time bomb built in the old way. Conceptually conceived as a sound library LP, Combo Alex Melero has had the fortune of bringing together jazz geniuses such as Jorge Pardo or Chip Wickham and essential rumba figures such as Manuel Malou (Los Golfos) or Jack Chakataga in his Madrid studio to recreate fourteen cannon shots of Latin funk and rumba rock. #nl# Instrumental versions of essential classics such as &quot;The Night of the Wolf&quot; by Al Foster, the rumba hit by Paco de Lucia on the voice of the Marisme\u00f1os &quot;Caramba, Carambita&quot;, the coveted jazz funk &quot;Restless&quot; by I Gres or the sabroso tasty &quot;Ch\u00e9vere&quot; by Joe Quijano &amp; Orchestra that here join Alex&#039;s compositions that leave us speechless like &quot;Hustle&quot;, &quot;Gipsy&quot; or &quot;Street Jungle&quot;. Inadvertently he has allowed us to hear the missing link between Rabbit Rumba and The Meters. An essential album that did not find a label in its day and that we wanted to recover in the original format of this type of disc, do not look for it on digital platforms. #nl# MUSICIANS Alex Melero: Guitar, Bass, Synths, Percussion, etc... David Chino: Drums. Jack Chakataga: Percussion. Jorge Dur\u00e1n: Vibraphone. Jos\u00e9 \u00c1lvarez: Keys. Chip Wickham: Flute. Manuel Malou: Spanish Guitar, Rhythmic Clapping. Roberto Lorenzo Elekes: Trombone. Roberto Cantero: Tenor Sax, Flute. Pablo Flub: Baritone Sax. Martin: Trumpet.\" \/>\n<meta name=\"robots\" content=\"index, follow, max-snippet:-1, max-image-preview:large, max-video-preview:-1\" \/>\n<link rel=\"canonical\" href=\"https:\/\/wpguerssen-test.odoo.rgbconsulting.com\/es\/producto\/latin-persuasive-funk\/\" \/>\n<meta property=\"og:locale\" content=\"es_ES\" \/>\n<meta property=\"og:type\" content=\"article\" \/>\n<meta property=\"og:title\" content=\"COMBO ALEX MELERO - Latin Persuasive Funk -  (LP) | Guerssen\" \/>\n<meta property=\"og:description\" content=\"Second reference of Gutifunk Achilisound Discos is a time bomb built in the old way. Conceptually conceived as a sound library LP, Combo Alex Melero has had the fortune of bringing together jazz geniuses such as Jorge Pardo or Chip Wickham and essential rumba figures such as Manuel Malou (Los Golfos) or Jack Chakataga in his Madrid studio to recreate fourteen cannon shots of Latin funk and rumba rock. #nl# Instrumental versions of essential classics such as &quot;The Night of the Wolf&quot; by Al Foster, the rumba hit by Paco de Lucia on the voice of the Marisme\u00f1os &quot;Caramba, Carambita&quot;, the coveted jazz funk &quot;Restless&quot; by I Gres or the sabroso tasty &quot;Ch\u00e9vere&quot; by Joe Quijano &amp; Orchestra that here join Alex&#039;s compositions that leave us speechless like &quot;Hustle&quot;, &quot;Gipsy&quot; or &quot;Street Jungle&quot;. Inadvertently he has allowed us to hear the missing link between Rabbit Rumba and The Meters. An essential album that did not find a label in its day and that we wanted to recover in the original format of this type of disc, do not look for it on digital platforms. #nl# MUSICIANS Alex Melero: Guitar, Bass, Synths, Percussion, etc... David Chino: Drums. Jack Chakataga: Percussion. Jorge Dur\u00e1n: Vibraphone. Jos\u00e9 \u00c1lvarez: Keys. Chip Wickham: Flute. Manuel Malou: Spanish Guitar, Rhythmic Clapping. Roberto Lorenzo Elekes: Trombone. Roberto Cantero: Tenor Sax, Flute. Pablo Flub: Baritone Sax. Martin: Trumpet.\" \/>\n<meta property=\"og:url\" content=\"https:\/\/wpguerssen-test.odoo.rgbconsulting.com\/es\/producto\/latin-persuasive-funk\/\" \/>\n<meta property=\"og:site_name\" content=\"Guerssen records\" \/>\n<meta property=\"article:modified_time\" content=\"2025-02-17T15:34:50+00:00\" \/>\n<meta property=\"og:image\" content=\"https:\/\/wpguerssen-test.odoo.rgbconsulting.com\/wp-content\/uploads\/2022\/03\/40126.jpg\" \/>\n\t<meta property=\"og:image:width\" content=\"600\" \/>\n\t<meta property=\"og:image:height\" content=\"600\" \/>\n\t<meta property=\"og:image:type\" content=\"image\/jpeg\" \/>\n<meta name=\"twitter:card\" content=\"summary_large_image\" \/>\n<meta name=\"twitter:title\" content=\"COMBO ALEX MELERO - Latin Persuasive Funk -  (LP) | Guerssen\" \/>\n<script type=\"application\/ld+json\" class=\"yoast-schema-graph\">{\"@context\":\"https:\/\/schema.org\",\"@graph\":[{\"@type\":\"WebPage\",\"@id\":\"https:\/\/wpguerssen-test.odoo.rgbconsulting.com\/es\/producto\/latin-persuasive-funk\/\",\"url\":\"https:\/\/wpguerssen-test.odoo.rgbconsulting.com\/es\/producto\/latin-persuasive-funk\/\",\"name\":\"COMBO ALEX MELERO - Latin Persuasive Funk - (LP) | Guerssen\",\"isPartOf\":{\"@id\":\"https:\/\/wpguerssen-test.odoo.rgbconsulting.com\/es\/#website\"},\"primaryImageOfPage\":{\"@id\":\"https:\/\/wpguerssen-test.odoo.rgbconsulting.com\/es\/producto\/latin-persuasive-funk\/#primaryimage\"},\"image\":{\"@id\":\"https:\/\/wpguerssen-test.odoo.rgbconsulting.com\/es\/producto\/latin-persuasive-funk\/#primaryimage\"},\"thumbnailUrl\":\"https:\/\/wpguerssen-test.odoo.rgbconsulting.com\/wp-content\/uploads\/2022\/03\/40126.jpg\",\"datePublished\":\"2022-01-19T23:00:00+00:00\",\"dateModified\":\"2025-02-17T15:34:50+00:00\",\"description\":\"Second reference of Gutifunk Achilisound Discos is a time bomb built in the old way. Conceptually conceived as a sound library LP, Combo Alex Melero has had the fortune of bringing together jazz geniuses such as Jorge Pardo or Chip Wickham and essential rumba figures such as Manuel Malou (Los Golfos) or Jack Chakataga in his Madrid studio to recreate fourteen cannon shots of Latin funk and rumba rock. #nl# Instrumental versions of essential classics such as \\\"The Night of the Wolf\\\" by Al Foster, the rumba hit by Paco de Lucia on the voice of the Marisme\u00f1os \\\"Caramba, Carambita\\\", the coveted jazz funk \\\"Restless\\\" by I Gres or the sabroso tasty \\\"Ch\u00e9vere\\\" by Joe Quijano & Orchestra that here join Alex's compositions that leave us speechless like \\\"Hustle\\\", \\\"Gipsy\\\" or \\\"Street Jungle\\\". Inadvertently he has allowed us to hear the missing link between Rabbit Rumba and The Meters. An essential album that did not find a label in its day and that we wanted to recover in the original format of this type of disc, do not look for it on digital platforms. #nl# MUSICIANS Alex Melero: Guitar, Bass, Synths, Percussion, etc... David Chino: Drums. Jack Chakataga: Percussion. Jorge Dur\u00e1n: Vibraphone. Jos\u00e9 \u00c1lvarez: Keys. Chip Wickham: Flute. Manuel Malou: Spanish Guitar, Rhythmic Clapping. Roberto Lorenzo Elekes: Trombone. Roberto Cantero: Tenor Sax, Flute. Pablo Flub: Baritone Sax. Martin: Trumpet.\",\"breadcrumb\":{\"@id\":\"https:\/\/wpguerssen-test.odoo.rgbconsulting.com\/es\/producto\/latin-persuasive-funk\/#breadcrumb\"},\"inLanguage\":\"es\",\"potentialAction\":[{\"@type\":\"ReadAction\",\"target\":[\"https:\/\/wpguerssen-test.odoo.rgbconsulting.com\/es\/producto\/latin-persuasive-funk\/\"]}]},{\"@type\":\"ImageObject\",\"inLanguage\":\"es\",\"@id\":\"https:\/\/wpguerssen-test.odoo.rgbconsulting.com\/es\/producto\/latin-persuasive-funk\/#primaryimage\",\"url\":\"https:\/\/wpguerssen-test.odoo.rgbconsulting.com\/wp-content\/uploads\/2022\/03\/40126.jpg\",\"contentUrl\":\"https:\/\/wpguerssen-test.odoo.rgbconsulting.com\/wp-content\/uploads\/2022\/03\/40126.jpg\",\"width\":600,\"height\":600,\"caption\":\"COMBO ALEX MELERO - Latin Persuasive Funk - GUTIFUNK (LP) | Guerssen\"},{\"@type\":\"BreadcrumbList\",\"@id\":\"https:\/\/wpguerssen-test.odoo.rgbconsulting.com\/es\/producto\/latin-persuasive-funk\/#breadcrumb\",\"itemListElement\":[{\"@type\":\"ListItem\",\"position\":1,\"name\":\"Inicio\",\"item\":\"https:\/\/wpguerssen-test.odoo.rgbconsulting.com\/es\/\"},{\"@type\":\"ListItem\",\"position\":2,\"name\":\"Shop\",\"item\":\"https:\/\/wpguerssen-test.odoo.rgbconsulting.com\/shop\/\"},{\"@type\":\"ListItem\",\"position\":3,\"name\":\"Latin Persuasive Funk\"}]},{\"@type\":\"WebSite\",\"@id\":\"https:\/\/wpguerssen-test.odoo.rgbconsulting.com\/es\/#website\",\"url\":\"https:\/\/wpguerssen-test.odoo.rgbconsulting.com\/es\/\",\"name\":\"Guerssen records\",\"description\":\"psychedelia - progressive - folk - garage \",\"publisher\":{\"@id\":\"https:\/\/wpguerssen-test.odoo.rgbconsulting.com\/es\/#organization\"},\"potentialAction\":[{\"@type\":\"SearchAction\",\"target\":{\"@type\":\"EntryPoint\",\"urlTemplate\":\"https:\/\/wpguerssen-test.odoo.rgbconsulting.com\/es\/?s={search_term_string}\"},\"query-input\":{\"@type\":\"PropertyValueSpecification\",\"valueRequired\":true,\"valueName\":\"search_term_string\"}}],\"inLanguage\":\"es\"},{\"@type\":\"Organization\",\"@id\":\"https:\/\/wpguerssen-test.odoo.rgbconsulting.com\/es\/#organization\",\"name\":\"Guerssen records\",\"url\":\"https:\/\/wpguerssen-test.odoo.rgbconsulting.com\/es\/\",\"logo\":{\"@type\":\"ImageObject\",\"inLanguage\":\"es\",\"@id\":\"https:\/\/wpguerssen-test.odoo.rgbconsulting.com\/es\/#\/schema\/logo\/image\/\",\"url\":\"https:\/\/wpguerssen-test.odoo.rgbconsulting.com\/wp-content\/uploads\/2022\/04\/Logo_Guerssen_trans_100.png\",\"contentUrl\":\"https:\/\/wpguerssen-test.odoo.rgbconsulting.com\/wp-content\/uploads\/2022\/04\/Logo_Guerssen_trans_100.png\",\"width\":122,\"height\":100,\"caption\":\"Guerssen records\"},\"image\":{\"@id\":\"https:\/\/wpguerssen-test.odoo.rgbconsulting.com\/es\/#\/schema\/logo\/image\/\"}}]}<\/script>\n<!-- \/ Yoast SEO plugin. -->","yoast_head_json":{"title":"COMBO ALEX MELERO - Latin Persuasive Funk -  (LP) | Guerssen","description":"Second reference of Gutifunk Achilisound Discos is a time bomb built in the old way. Conceptually conceived as a sound library LP, Combo Alex Melero has had the fortune of bringing together jazz geniuses such as Jorge Pardo or Chip Wickham and essential rumba figures such as Manuel Malou (Los Golfos) or Jack Chakataga in his Madrid studio to recreate fourteen cannon shots of Latin funk and rumba rock. #nl# Instrumental versions of essential classics such as \"The Night of the Wolf\" by Al Foster, the rumba hit by Paco de Lucia on the voice of the Marisme\u00f1os \"Caramba, Carambita\", the coveted jazz funk \"Restless\" by I Gres or the sabroso tasty \"Ch\u00e9vere\" by Joe Quijano & Orchestra that here join Alex's compositions that leave us speechless like \"Hustle\", \"Gipsy\" or \"Street Jungle\". Inadvertently he has allowed us to hear the missing link between Rabbit Rumba and The Meters. An essential album that did not find a label in its day and that we wanted to recover in the original format of this type of disc, do not look for it on digital platforms. #nl# MUSICIANS Alex Melero: Guitar, Bass, Synths, Percussion, etc... David Chino: Drums. Jack Chakataga: Percussion. Jorge Dur\u00e1n: Vibraphone. Jos\u00e9 \u00c1lvarez: Keys. Chip Wickham: Flute. Manuel Malou: Spanish Guitar, Rhythmic Clapping. Roberto Lorenzo Elekes: Trombone. Roberto Cantero: Tenor Sax, Flute. Pablo Flub: Baritone Sax. Martin: Trumpet.","robots":{"index":"index","follow":"follow","max-snippet":"max-snippet:-1","max-image-preview":"max-image-preview:large","max-video-preview":"max-video-preview:-1"},"canonical":"https:\/\/wpguerssen-test.odoo.rgbconsulting.com\/es\/producto\/latin-persuasive-funk\/","og_locale":"es_ES","og_type":"article","og_title":"COMBO ALEX MELERO - Latin Persuasive Funk -  (LP) | Guerssen","og_description":"Second reference of Gutifunk Achilisound Discos is a time bomb built in the old way. Conceptually conceived as a sound library LP, Combo Alex Melero has had the fortune of bringing together jazz geniuses such as Jorge Pardo or Chip Wickham and essential rumba figures such as Manuel Malou (Los Golfos) or Jack Chakataga in his Madrid studio to recreate fourteen cannon shots of Latin funk and rumba rock. #nl# Instrumental versions of essential classics such as \"The Night of the Wolf\" by Al Foster, the rumba hit by Paco de Lucia on the voice of the Marisme\u00f1os \"Caramba, Carambita\", the coveted jazz funk \"Restless\" by I Gres or the sabroso tasty \"Ch\u00e9vere\" by Joe Quijano & Orchestra that here join Alex's compositions that leave us speechless like \"Hustle\", \"Gipsy\" or \"Street Jungle\". Inadvertently he has allowed us to hear the missing link between Rabbit Rumba and The Meters. An essential album that did not find a label in its day and that we wanted to recover in the original format of this type of disc, do not look for it on digital platforms. #nl# MUSICIANS Alex Melero: Guitar, Bass, Synths, Percussion, etc... David Chino: Drums. Jack Chakataga: Percussion. Jorge Dur\u00e1n: Vibraphone. Jos\u00e9 \u00c1lvarez: Keys. Chip Wickham: Flute. Manuel Malou: Spanish Guitar, Rhythmic Clapping. Roberto Lorenzo Elekes: Trombone. Roberto Cantero: Tenor Sax, Flute. Pablo Flub: Baritone Sax. Martin: Trumpet.","og_url":"https:\/\/wpguerssen-test.odoo.rgbconsulting.com\/es\/producto\/latin-persuasive-funk\/","og_site_name":"Guerssen records","article_modified_time":"2025-02-17T15:34:50+00:00","og_image":[{"width":600,"height":600,"url":"https:\/\/wpguerssen-test.odoo.rgbconsulting.com\/wp-content\/uploads\/2022\/03\/40126.jpg","type":"image\/jpeg"}],"twitter_card":"summary_large_image","twitter_title":"COMBO ALEX MELERO - Latin Persuasive Funk -  (LP) | Guerssen","schema":{"@context":"https:\/\/schema.org","@graph":[{"@type":"WebPage","@id":"https:\/\/wpguerssen-test.odoo.rgbconsulting.com\/es\/producto\/latin-persuasive-funk\/","url":"https:\/\/wpguerssen-test.odoo.rgbconsulting.com\/es\/producto\/latin-persuasive-funk\/","name":"COMBO ALEX MELERO - Latin Persuasive Funk - (LP) | Guerssen","isPartOf":{"@id":"https:\/\/wpguerssen-test.odoo.rgbconsulting.com\/es\/#website"},"primaryImageOfPage":{"@id":"https:\/\/wpguerssen-test.odoo.rgbconsulting.com\/es\/producto\/latin-persuasive-funk\/#primaryimage"},"image":{"@id":"https:\/\/wpguerssen-test.odoo.rgbconsulting.com\/es\/producto\/latin-persuasive-funk\/#primaryimage"},"thumbnailUrl":"https:\/\/wpguerssen-test.odoo.rgbconsulting.com\/wp-content\/uploads\/2022\/03\/40126.jpg","datePublished":"2022-01-19T23:00:00+00:00","dateModified":"2025-02-17T15:34:50+00:00","description":"Second reference of Gutifunk Achilisound Discos is a time bomb built in the old way. Conceptually conceived as a sound library LP, Combo Alex Melero has had the fortune of bringing together jazz geniuses such as Jorge Pardo or Chip Wickham and essential rumba figures such as Manuel Malou (Los Golfos) or Jack Chakataga in his Madrid studio to recreate fourteen cannon shots of Latin funk and rumba rock. #nl# Instrumental versions of essential classics such as \"The Night of the Wolf\" by Al Foster, the rumba hit by Paco de Lucia on the voice of the Marisme\u00f1os \"Caramba, Carambita\", the coveted jazz funk \"Restless\" by I Gres or the sabroso tasty \"Ch\u00e9vere\" by Joe Quijano & Orchestra that here join Alex's compositions that leave us speechless like \"Hustle\", \"Gipsy\" or \"Street Jungle\". Inadvertently he has allowed us to hear the missing link between Rabbit Rumba and The Meters. An essential album that did not find a label in its day and that we wanted to recover in the original format of this type of disc, do not look for it on digital platforms. #nl# MUSICIANS Alex Melero: Guitar, Bass, Synths, Percussion, etc... David Chino: Drums. Jack Chakataga: Percussion. Jorge Dur\u00e1n: Vibraphone. Jos\u00e9 \u00c1lvarez: Keys. Chip Wickham: Flute. Manuel Malou: Spanish Guitar, Rhythmic Clapping. Roberto Lorenzo Elekes: Trombone. Roberto Cantero: Tenor Sax, Flute. Pablo Flub: Baritone Sax. Martin: Trumpet.","breadcrumb":{"@id":"https:\/\/wpguerssen-test.odoo.rgbconsulting.com\/es\/producto\/latin-persuasive-funk\/#breadcrumb"},"inLanguage":"es","potentialAction":[{"@type":"ReadAction","target":["https:\/\/wpguerssen-test.odoo.rgbconsulting.com\/es\/producto\/latin-persuasive-funk\/"]}]},{"@type":"ImageObject","inLanguage":"es","@id":"https:\/\/wpguerssen-test.odoo.rgbconsulting.com\/es\/producto\/latin-persuasive-funk\/#primaryimage","url":"https:\/\/wpguerssen-test.odoo.rgbconsulting.com\/wp-content\/uploads\/2022\/03\/40126.jpg","contentUrl":"https:\/\/wpguerssen-test.odoo.rgbconsulting.com\/wp-content\/uploads\/2022\/03\/40126.jpg","width":600,"height":600,"caption":"COMBO ALEX MELERO - Latin Persuasive Funk - GUTIFUNK (LP) | Guerssen"},{"@type":"BreadcrumbList","@id":"https:\/\/wpguerssen-test.odoo.rgbconsulting.com\/es\/producto\/latin-persuasive-funk\/#breadcrumb","itemListElement":[{"@type":"ListItem","position":1,"name":"Inicio","item":"https:\/\/wpguerssen-test.odoo.rgbconsulting.com\/es\/"},{"@type":"ListItem","position":2,"name":"Shop","item":"https:\/\/wpguerssen-test.odoo.rgbconsulting.com\/shop\/"},{"@type":"ListItem","position":3,"name":"Latin Persuasive Funk"}]},{"@type":"WebSite","@id":"https:\/\/wpguerssen-test.odoo.rgbconsulting.com\/es\/#website","url":"https:\/\/wpguerssen-test.odoo.rgbconsulting.com\/es\/","name":"Guerssen records","description":"psychedelia - progressive - folk - garage ","publisher":{"@id":"https:\/\/wpguerssen-test.odoo.rgbconsulting.com\/es\/#organization"},"potentialAction":[{"@type":"SearchAction","target":{"@type":"EntryPoint","urlTemplate":"https:\/\/wpguerssen-test.odoo.rgbconsulting.com\/es\/?s={search_term_string}"},"query-input":{"@type":"PropertyValueSpecification","valueRequired":true,"valueName":"search_term_string"}}],"inLanguage":"es"},{"@type":"Organization","@id":"https:\/\/wpguerssen-test.odoo.rgbconsulting.com\/es\/#organization","name":"Guerssen records","url":"https:\/\/wpguerssen-test.odoo.rgbconsulting.com\/es\/","logo":{"@type":"ImageObject","inLanguage":"es","@id":"https:\/\/wpguerssen-test.odoo.rgbconsulting.com\/es\/#\/schema\/logo\/image\/","url":"https:\/\/wpguerssen-test.odoo.rgbconsulting.com\/wp-content\/uploads\/2022\/04\/Logo_Guerssen_trans_100.png","contentUrl":"https:\/\/wpguerssen-test.odoo.rgbconsulting.com\/wp-content\/uploads\/2022\/04\/Logo_Guerssen_trans_100.png","width":122,"height":100,"caption":"Guerssen records"},"image":{"@id":"https:\/\/wpguerssen-test.odoo.rgbconsulting.com\/es\/#\/schema\/logo\/image\/"}}]}},"_links":{"self":[{"href":"https:\/\/wpguerssen-test.odoo.rgbconsulting.com\/es\/wp-json\/wp\/v2\/product\/209767","targetHints":{"allow":["GET"]}}],"collection":[{"href":"https:\/\/wpguerssen-test.odoo.rgbconsulting.com\/es\/wp-json\/wp\/v2\/product"}],"about":[{"href":"https:\/\/wpguerssen-test.odoo.rgbconsulting.com\/es\/wp-json\/wp\/v2\/types\/product"}],"wp:featuredmedia":[{"embeddable":true,"href":"https:\/\/wpguerssen-test.odoo.rgbconsulting.com\/es\/wp-json\/wp\/v2\/media\/130861"}],"wp:attachment":[{"href":"https:\/\/wpguerssen-test.odoo.rgbconsulting.com\/es\/wp-json\/wp\/v2\/media?parent=209767"}],"wp:term":[{"taxonomy":"product_brand","embeddable":true,"href":"https:\/\/wpguerssen-test.odoo.rgbconsulting.com\/es\/wp-json\/wp\/v2\/product_brand?post=209767"},{"taxonomy":"product_cat","embeddable":true,"href":"https:\/\/wpguerssen-test.odoo.rgbconsulting.com\/es\/wp-json\/wp\/v2\/product_cat?post=209767"},{"taxonomy":"product_tag","embeddable":true,"href":"https:\/\/wpguerssen-test.odoo.rgbconsulting.com\/es\/wp-json\/wp\/v2\/product_tag?post=209767"}],"curies":[{"name":"wp","href":"https:\/\/api.w.org\/{rel}","templated":true}]}}