{"id":209768,"date":"2022-07-14T00:00:00","date_gmt":"2022-07-13T22:00:00","guid":{"rendered":"http:\/\/guerssen.hl1097.dinaserver.com\/product\/lalo-malo\/"},"modified":"2024-02-20T18:17:16","modified_gmt":"2024-02-20T17:17:16","slug":"lalo-malo","status":"publish","type":"product","link":"https:\/\/wpguerssen-test.odoo.rgbconsulting.com\/es\/producto\/lalo-malo\/","title":{"rendered":"Lalo Malo"},"content":{"rendered":"<p>LALO MALO es un manual de supervivencia sonoro compuesto y escrito por Lalo L\u00f3pez, y producido por Jordi Picazos. <\/p>\n<p> Todas las canciones han sido cantadas y tocadas a la guitarra por Lalo L\u00f3pez. <\/p>\n<p> El disco ha sido grabado en Naci\u00f3n Funk Estudios, Barcelona, entre noviembre del 2020 y marzo del 2021 por Miguelito Superstar, que tambi\u00e9n lo ha mezclado junto Jordi Picazos. <\/p>\n<p> Pedri Gons ha realizado el mastering en MasterPowerStation. <\/p>\n<p> Marta Low Rider ha realizado todas las fotograf\u00edas, y Txarly Brown ha realizado el dise\u00f1o y artwork del \u00e1lbum. <\/p>\n<p> Han construido la m\u00fasica Jordi Picazos a las guitarras, mandolinas y teclados, Hector Moras al bajo, Dani Mart\u00ed a la bater\u00eda y Ernest Mart\u00ednez a las percusiones. <\/p>\n<p> Manu Davobe ha interpretado \u00abCruel\u00bb al piano, y Francesc Chaparro ha tocado el waterphone en \u00abPerros\u00bb y las dos partes de \u00abLa Ciutat\u00bb. Joan Vigo ha puesto el contrabajo en \u00abBlues de la Miseria\u00bb. <\/p>\n<p> Yasmina Azlor y Claudia Steccato han realizado los coros.<\/p>\n","protected":false},"excerpt":{"rendered":"<p>LALO MALO es un manual de supervivencia sonoro compuesto y escrito por Lalo L\u00f3pez, y producido por Jordi Picazos. <\/p>\n<p>\u00a0<\/p>\n<p> Todas las canciones han sido<a class=\"read\" href=\"https:\/\/wpguerssen-test.odoo.rgbconsulting.com\/es\/producto\/lalo-malo\/\"> (...)<\/a>","protected":false},"featured_media":130864,"template":"","meta":{"_acf_changed":false},"product_brand":[],"product_cat":[23219],"product_tag":[],"class_list":{"0":"post-209768","1":"product","2":"type-product","3":"status-publish","4":"has-post-thumbnail","6":"product_cat-funk-es","7":"pa_artist-lopez-lalo","8":"pa_format-lp-es","9":"pa_gender-funk","10":"pa_label-gutifunk","11":"pa_location-spain-es","12":"pa_other-filters-vinyl-only-es","14":"first","15":"instock","16":"taxable","17":"shipping-taxable","18":"purchasable","19":"product-type-simple"},"acf":[],"yoast_head":"<!-- This site is optimized with the Yoast SEO plugin v24.9 - https:\/\/yoast.com\/wordpress\/plugins\/seo\/ -->\n<title>LOPEZ, Lalo - Lalo Malo -  (LP) | Guerssen<\/title>\n<meta name=\"description\" content=\"From funk to protest. If until now we&#039;ve met a good Lalo L\u00f3pez, transmitting happiness with his dance music, it&#039;s now time to make way for his reverse. &quot;Lalo Malo&quot; is presented as a rough, primitive, pessimistic and realistic album, departing from disco music and proposing a mix of rocking riffs and spoken word narrative.\" \/>\n<meta name=\"robots\" content=\"index, follow, max-snippet:-1, max-image-preview:large, max-video-preview:-1\" \/>\n<link rel=\"canonical\" href=\"https:\/\/wpguerssen-test.odoo.rgbconsulting.com\/es\/producto\/lalo-malo\/\" \/>\n<meta property=\"og:locale\" content=\"es_ES\" \/>\n<meta property=\"og:type\" content=\"article\" \/>\n<meta property=\"og:title\" content=\"LOPEZ, Lalo - Lalo Malo -  (LP) | Guerssen\" \/>\n<meta property=\"og:description\" content=\"From funk to protest. If until now we&#039;ve met a good Lalo L\u00f3pez, transmitting happiness with his dance music, it&#039;s now time to make way for his reverse. &quot;Lalo Malo&quot; is presented as a rough, primitive, pessimistic and realistic album, departing from disco music and proposing a mix of rocking riffs and spoken word narrative.\" \/>\n<meta property=\"og:url\" content=\"https:\/\/wpguerssen-test.odoo.rgbconsulting.com\/es\/producto\/lalo-malo\/\" \/>\n<meta property=\"og:site_name\" content=\"Guerssen records\" \/>\n<meta property=\"article:modified_time\" content=\"2024-02-20T17:17:16+00:00\" \/>\n<meta property=\"og:image\" content=\"https:\/\/wpguerssen-test.odoo.rgbconsulting.com\/wp-content\/uploads\/2022\/03\/40127.jpg\" \/>\n\t<meta property=\"og:image:width\" content=\"600\" \/>\n\t<meta property=\"og:image:height\" content=\"600\" \/>\n\t<meta property=\"og:image:type\" content=\"image\/jpeg\" \/>\n<meta name=\"twitter:card\" content=\"summary_large_image\" \/>\n<meta name=\"twitter:title\" content=\"LOPEZ, Lalo - Lalo Malo -  (LP) | Guerssen\" \/>\n<meta name=\"twitter:label1\" content=\"Tiempo de lectura\" \/>\n\t<meta name=\"twitter:data1\" content=\"1 minuto\" \/>\n<script type=\"application\/ld+json\" class=\"yoast-schema-graph\">{\"@context\":\"https:\/\/schema.org\",\"@graph\":[{\"@type\":\"WebPage\",\"@id\":\"https:\/\/wpguerssen-test.odoo.rgbconsulting.com\/es\/producto\/lalo-malo\/\",\"url\":\"https:\/\/wpguerssen-test.odoo.rgbconsulting.com\/es\/producto\/lalo-malo\/\",\"name\":\"LOPEZ, Lalo - Lalo Malo - (LP) | Guerssen\",\"isPartOf\":{\"@id\":\"https:\/\/wpguerssen-test.odoo.rgbconsulting.com\/es\/#website\"},\"primaryImageOfPage\":{\"@id\":\"https:\/\/wpguerssen-test.odoo.rgbconsulting.com\/es\/producto\/lalo-malo\/#primaryimage\"},\"image\":{\"@id\":\"https:\/\/wpguerssen-test.odoo.rgbconsulting.com\/es\/producto\/lalo-malo\/#primaryimage\"},\"thumbnailUrl\":\"https:\/\/wpguerssen-test.odoo.rgbconsulting.com\/wp-content\/uploads\/2022\/03\/40127.jpg\",\"datePublished\":\"2022-07-13T22:00:00+00:00\",\"dateModified\":\"2024-02-20T17:17:16+00:00\",\"description\":\"From funk to protest. If until now we've met a good Lalo L\u00f3pez, transmitting happiness with his dance music, it's now time to make way for his reverse. \\\"Lalo Malo\\\" is presented as a rough, primitive, pessimistic and realistic album, departing from disco music and proposing a mix of rocking riffs and spoken word narrative.\",\"breadcrumb\":{\"@id\":\"https:\/\/wpguerssen-test.odoo.rgbconsulting.com\/es\/producto\/lalo-malo\/#breadcrumb\"},\"inLanguage\":\"es\",\"potentialAction\":[{\"@type\":\"ReadAction\",\"target\":[\"https:\/\/wpguerssen-test.odoo.rgbconsulting.com\/es\/producto\/lalo-malo\/\"]}]},{\"@type\":\"ImageObject\",\"inLanguage\":\"es\",\"@id\":\"https:\/\/wpguerssen-test.odoo.rgbconsulting.com\/es\/producto\/lalo-malo\/#primaryimage\",\"url\":\"https:\/\/wpguerssen-test.odoo.rgbconsulting.com\/wp-content\/uploads\/2022\/03\/40127.jpg\",\"contentUrl\":\"https:\/\/wpguerssen-test.odoo.rgbconsulting.com\/wp-content\/uploads\/2022\/03\/40127.jpg\",\"width\":600,\"height\":600,\"caption\":\"Lalo - Lalo Malo - GUTIFUNK (LP) | Guerssen\"},{\"@type\":\"BreadcrumbList\",\"@id\":\"https:\/\/wpguerssen-test.odoo.rgbconsulting.com\/es\/producto\/lalo-malo\/#breadcrumb\",\"itemListElement\":[{\"@type\":\"ListItem\",\"position\":1,\"name\":\"Inicio\",\"item\":\"https:\/\/wpguerssen-test.odoo.rgbconsulting.com\/es\/\"},{\"@type\":\"ListItem\",\"position\":2,\"name\":\"Shop\",\"item\":\"https:\/\/wpguerssen-test.odoo.rgbconsulting.com\/shop\/\"},{\"@type\":\"ListItem\",\"position\":3,\"name\":\"Lalo Malo\"}]},{\"@type\":\"WebSite\",\"@id\":\"https:\/\/wpguerssen-test.odoo.rgbconsulting.com\/es\/#website\",\"url\":\"https:\/\/wpguerssen-test.odoo.rgbconsulting.com\/es\/\",\"name\":\"Guerssen records\",\"description\":\"psychedelia - progressive - folk - garage \",\"publisher\":{\"@id\":\"https:\/\/wpguerssen-test.odoo.rgbconsulting.com\/es\/#organization\"},\"potentialAction\":[{\"@type\":\"SearchAction\",\"target\":{\"@type\":\"EntryPoint\",\"urlTemplate\":\"https:\/\/wpguerssen-test.odoo.rgbconsulting.com\/es\/?s={search_term_string}\"},\"query-input\":{\"@type\":\"PropertyValueSpecification\",\"valueRequired\":true,\"valueName\":\"search_term_string\"}}],\"inLanguage\":\"es\"},{\"@type\":\"Organization\",\"@id\":\"https:\/\/wpguerssen-test.odoo.rgbconsulting.com\/es\/#organization\",\"name\":\"Guerssen records\",\"url\":\"https:\/\/wpguerssen-test.odoo.rgbconsulting.com\/es\/\",\"logo\":{\"@type\":\"ImageObject\",\"inLanguage\":\"es\",\"@id\":\"https:\/\/wpguerssen-test.odoo.rgbconsulting.com\/es\/#\/schema\/logo\/image\/\",\"url\":\"https:\/\/wpguerssen-test.odoo.rgbconsulting.com\/wp-content\/uploads\/2022\/04\/Logo_Guerssen_trans_100.png\",\"contentUrl\":\"https:\/\/wpguerssen-test.odoo.rgbconsulting.com\/wp-content\/uploads\/2022\/04\/Logo_Guerssen_trans_100.png\",\"width\":122,\"height\":100,\"caption\":\"Guerssen records\"},\"image\":{\"@id\":\"https:\/\/wpguerssen-test.odoo.rgbconsulting.com\/es\/#\/schema\/logo\/image\/\"}}]}<\/script>\n<!-- \/ Yoast SEO plugin. -->","yoast_head_json":{"title":"LOPEZ, Lalo - Lalo Malo -  (LP) | Guerssen","description":"From funk to protest. If until now we've met a good Lalo L\u00f3pez, transmitting happiness with his dance music, it's now time to make way for his reverse. \"Lalo Malo\" is presented as a rough, primitive, pessimistic and realistic album, departing from disco music and proposing a mix of rocking riffs and spoken word narrative.","robots":{"index":"index","follow":"follow","max-snippet":"max-snippet:-1","max-image-preview":"max-image-preview:large","max-video-preview":"max-video-preview:-1"},"canonical":"https:\/\/wpguerssen-test.odoo.rgbconsulting.com\/es\/producto\/lalo-malo\/","og_locale":"es_ES","og_type":"article","og_title":"LOPEZ, Lalo - Lalo Malo -  (LP) | Guerssen","og_description":"From funk to protest. If until now we've met a good Lalo L\u00f3pez, transmitting happiness with his dance music, it's now time to make way for his reverse. \"Lalo Malo\" is presented as a rough, primitive, pessimistic and realistic album, departing from disco music and proposing a mix of rocking riffs and spoken word narrative.","og_url":"https:\/\/wpguerssen-test.odoo.rgbconsulting.com\/es\/producto\/lalo-malo\/","og_site_name":"Guerssen records","article_modified_time":"2024-02-20T17:17:16+00:00","og_image":[{"width":600,"height":600,"url":"https:\/\/wpguerssen-test.odoo.rgbconsulting.com\/wp-content\/uploads\/2022\/03\/40127.jpg","type":"image\/jpeg"}],"twitter_card":"summary_large_image","twitter_title":"LOPEZ, Lalo - Lalo Malo -  (LP) | Guerssen","twitter_misc":{"Tiempo de lectura":"1 minuto"},"schema":{"@context":"https:\/\/schema.org","@graph":[{"@type":"WebPage","@id":"https:\/\/wpguerssen-test.odoo.rgbconsulting.com\/es\/producto\/lalo-malo\/","url":"https:\/\/wpguerssen-test.odoo.rgbconsulting.com\/es\/producto\/lalo-malo\/","name":"LOPEZ, Lalo - Lalo Malo - (LP) | Guerssen","isPartOf":{"@id":"https:\/\/wpguerssen-test.odoo.rgbconsulting.com\/es\/#website"},"primaryImageOfPage":{"@id":"https:\/\/wpguerssen-test.odoo.rgbconsulting.com\/es\/producto\/lalo-malo\/#primaryimage"},"image":{"@id":"https:\/\/wpguerssen-test.odoo.rgbconsulting.com\/es\/producto\/lalo-malo\/#primaryimage"},"thumbnailUrl":"https:\/\/wpguerssen-test.odoo.rgbconsulting.com\/wp-content\/uploads\/2022\/03\/40127.jpg","datePublished":"2022-07-13T22:00:00+00:00","dateModified":"2024-02-20T17:17:16+00:00","description":"From funk to protest. If until now we've met a good Lalo L\u00f3pez, transmitting happiness with his dance music, it's now time to make way for his reverse. \"Lalo Malo\" is presented as a rough, primitive, pessimistic and realistic album, departing from disco music and proposing a mix of rocking riffs and spoken word narrative.","breadcrumb":{"@id":"https:\/\/wpguerssen-test.odoo.rgbconsulting.com\/es\/producto\/lalo-malo\/#breadcrumb"},"inLanguage":"es","potentialAction":[{"@type":"ReadAction","target":["https:\/\/wpguerssen-test.odoo.rgbconsulting.com\/es\/producto\/lalo-malo\/"]}]},{"@type":"ImageObject","inLanguage":"es","@id":"https:\/\/wpguerssen-test.odoo.rgbconsulting.com\/es\/producto\/lalo-malo\/#primaryimage","url":"https:\/\/wpguerssen-test.odoo.rgbconsulting.com\/wp-content\/uploads\/2022\/03\/40127.jpg","contentUrl":"https:\/\/wpguerssen-test.odoo.rgbconsulting.com\/wp-content\/uploads\/2022\/03\/40127.jpg","width":600,"height":600,"caption":"Lalo - Lalo Malo - GUTIFUNK (LP) | Guerssen"},{"@type":"BreadcrumbList","@id":"https:\/\/wpguerssen-test.odoo.rgbconsulting.com\/es\/producto\/lalo-malo\/#breadcrumb","itemListElement":[{"@type":"ListItem","position":1,"name":"Inicio","item":"https:\/\/wpguerssen-test.odoo.rgbconsulting.com\/es\/"},{"@type":"ListItem","position":2,"name":"Shop","item":"https:\/\/wpguerssen-test.odoo.rgbconsulting.com\/shop\/"},{"@type":"ListItem","position":3,"name":"Lalo Malo"}]},{"@type":"WebSite","@id":"https:\/\/wpguerssen-test.odoo.rgbconsulting.com\/es\/#website","url":"https:\/\/wpguerssen-test.odoo.rgbconsulting.com\/es\/","name":"Guerssen records","description":"psychedelia - progressive - folk - garage ","publisher":{"@id":"https:\/\/wpguerssen-test.odoo.rgbconsulting.com\/es\/#organization"},"potentialAction":[{"@type":"SearchAction","target":{"@type":"EntryPoint","urlTemplate":"https:\/\/wpguerssen-test.odoo.rgbconsulting.com\/es\/?s={search_term_string}"},"query-input":{"@type":"PropertyValueSpecification","valueRequired":true,"valueName":"search_term_string"}}],"inLanguage":"es"},{"@type":"Organization","@id":"https:\/\/wpguerssen-test.odoo.rgbconsulting.com\/es\/#organization","name":"Guerssen records","url":"https:\/\/wpguerssen-test.odoo.rgbconsulting.com\/es\/","logo":{"@type":"ImageObject","inLanguage":"es","@id":"https:\/\/wpguerssen-test.odoo.rgbconsulting.com\/es\/#\/schema\/logo\/image\/","url":"https:\/\/wpguerssen-test.odoo.rgbconsulting.com\/wp-content\/uploads\/2022\/04\/Logo_Guerssen_trans_100.png","contentUrl":"https:\/\/wpguerssen-test.odoo.rgbconsulting.com\/wp-content\/uploads\/2022\/04\/Logo_Guerssen_trans_100.png","width":122,"height":100,"caption":"Guerssen records"},"image":{"@id":"https:\/\/wpguerssen-test.odoo.rgbconsulting.com\/es\/#\/schema\/logo\/image\/"}}]}},"_links":{"self":[{"href":"https:\/\/wpguerssen-test.odoo.rgbconsulting.com\/es\/wp-json\/wp\/v2\/product\/209768","targetHints":{"allow":["GET"]}}],"collection":[{"href":"https:\/\/wpguerssen-test.odoo.rgbconsulting.com\/es\/wp-json\/wp\/v2\/product"}],"about":[{"href":"https:\/\/wpguerssen-test.odoo.rgbconsulting.com\/es\/wp-json\/wp\/v2\/types\/product"}],"wp:featuredmedia":[{"embeddable":true,"href":"https:\/\/wpguerssen-test.odoo.rgbconsulting.com\/es\/wp-json\/wp\/v2\/media\/130864"}],"wp:attachment":[{"href":"https:\/\/wpguerssen-test.odoo.rgbconsulting.com\/es\/wp-json\/wp\/v2\/media?parent=209768"}],"wp:term":[{"taxonomy":"product_brand","embeddable":true,"href":"https:\/\/wpguerssen-test.odoo.rgbconsulting.com\/es\/wp-json\/wp\/v2\/product_brand?post=209768"},{"taxonomy":"product_cat","embeddable":true,"href":"https:\/\/wpguerssen-test.odoo.rgbconsulting.com\/es\/wp-json\/wp\/v2\/product_cat?post=209768"},{"taxonomy":"product_tag","embeddable":true,"href":"https:\/\/wpguerssen-test.odoo.rgbconsulting.com\/es\/wp-json\/wp\/v2\/product_tag?post=209768"}],"curies":[{"name":"wp","href":"https:\/\/api.w.org\/{rel}","templated":true}]}}