{"id":209889,"date":"2022-02-23T00:00:00","date_gmt":"2022-02-22T23:00:00","guid":{"rendered":"http:\/\/guerssen.hl1097.dinaserver.com\/product\/frauen-feuer\/"},"modified":"2024-02-20T18:23:01","modified_gmt":"2024-02-20T17:23:01","slug":"frauen-feuer","status":"publish","type":"product","link":"https:\/\/wpguerssen-test.odoo.rgbconsulting.com\/es\/producto\/frauen-feuer\/","title":{"rendered":"Frauen-Feuer"},"content":{"rendered":"<p>Por primera vez en vinilo las grabaciones completas de este grupo post-punk femenino brasile\u00f1o.<\/p>\n","protected":false},"excerpt":{"rendered":"<p>Por primera vez en vinilo las grabaciones completas de este grupo post-punk femenino brasile\u00f1o.<\/p>\n","protected":false},"featured_media":131097,"template":"","meta":{"_acf_changed":false},"product_brand":[],"product_cat":[23235],"product_tag":[],"class_list":{"0":"post-209889","1":"product","2":"type-product","3":"status-publish","4":"has-post-thumbnail","6":"product_cat-post-punk-es","7":"pa_artist-akt-3","8":"pa_format-lp-es","9":"pa_gender-post-punk","10":"pa_label-discos-nada","11":"pa_location-south-america-caribbean-es","12":"pa_other-filters-vinyl-only-es","14":"first","15":"instock","16":"taxable","17":"shipping-taxable","18":"purchasable","19":"product-type-simple"},"acf":[],"yoast_head":"<!-- This site is optimized with the Yoast SEO plugin v24.9 - https:\/\/yoast.com\/wordpress\/plugins\/seo\/ -->\n<title>AKT 3 - Frauen-Feuer -  (LP) | Guerssen<\/title>\n<meta name=\"description\" content=\"For the first time ever on vinyl (or any other format) the complete AKT recording session. AKT was a short lived Brazilian all girl post-punk\/experimental group formed by members of As Mercen\u00e1rias, Bruhah\u00e1 Bab\u00e9lico, De Falla and R. Mutt. AKT1: had been three gigs at Espaco Retr\u00f4, em Sao Paulo. AKT2: were their only release, the the cult compilation &quot;Enquanto Isso&quot;. AKT3: this LP. Remastered from the original tapes, this reissue also brings unseen photos by Rui Mendes and the band story written by Alex Antunes (Akira S &amp; As Garotas Que Erraram), based on statements by the girls, the engineer, Bruno Verner (R. Mutt) and Thomas Pappon (Fellini).\" \/>\n<meta name=\"robots\" content=\"index, follow, max-snippet:-1, max-image-preview:large, max-video-preview:-1\" \/>\n<link rel=\"canonical\" href=\"https:\/\/wpguerssen-test.odoo.rgbconsulting.com\/es\/producto\/frauen-feuer\/\" \/>\n<meta property=\"og:locale\" content=\"es_ES\" \/>\n<meta property=\"og:type\" content=\"article\" \/>\n<meta property=\"og:title\" content=\"AKT 3 - Frauen-Feuer -  (LP) | Guerssen\" \/>\n<meta property=\"og:description\" content=\"For the first time ever on vinyl (or any other format) the complete AKT recording session. AKT was a short lived Brazilian all girl post-punk\/experimental group formed by members of As Mercen\u00e1rias, Bruhah\u00e1 Bab\u00e9lico, De Falla and R. Mutt. AKT1: had been three gigs at Espaco Retr\u00f4, em Sao Paulo. AKT2: were their only release, the the cult compilation &quot;Enquanto Isso&quot;. AKT3: this LP. Remastered from the original tapes, this reissue also brings unseen photos by Rui Mendes and the band story written by Alex Antunes (Akira S &amp; As Garotas Que Erraram), based on statements by the girls, the engineer, Bruno Verner (R. Mutt) and Thomas Pappon (Fellini).\" \/>\n<meta property=\"og:url\" content=\"https:\/\/wpguerssen-test.odoo.rgbconsulting.com\/es\/producto\/frauen-feuer\/\" \/>\n<meta property=\"og:site_name\" content=\"Guerssen records\" \/>\n<meta property=\"article:modified_time\" content=\"2024-02-20T17:23:01+00:00\" \/>\n<meta property=\"og:image\" content=\"https:\/\/wpguerssen-test.odoo.rgbconsulting.com\/wp-content\/uploads\/2022\/03\/40256.jpg\" \/>\n\t<meta property=\"og:image:width\" content=\"227\" \/>\n\t<meta property=\"og:image:height\" content=\"227\" \/>\n\t<meta property=\"og:image:type\" content=\"image\/jpeg\" \/>\n<meta name=\"twitter:card\" content=\"summary_large_image\" \/>\n<meta name=\"twitter:title\" content=\"AKT 3 - Frauen-Feuer -  (LP) | Guerssen\" \/>\n<script type=\"application\/ld+json\" class=\"yoast-schema-graph\">{\"@context\":\"https:\/\/schema.org\",\"@graph\":[{\"@type\":\"WebPage\",\"@id\":\"https:\/\/wpguerssen-test.odoo.rgbconsulting.com\/es\/producto\/frauen-feuer\/\",\"url\":\"https:\/\/wpguerssen-test.odoo.rgbconsulting.com\/es\/producto\/frauen-feuer\/\",\"name\":\"AKT 3 - Frauen-Feuer - (LP) | Guerssen\",\"isPartOf\":{\"@id\":\"https:\/\/wpguerssen-test.odoo.rgbconsulting.com\/es\/#website\"},\"primaryImageOfPage\":{\"@id\":\"https:\/\/wpguerssen-test.odoo.rgbconsulting.com\/es\/producto\/frauen-feuer\/#primaryimage\"},\"image\":{\"@id\":\"https:\/\/wpguerssen-test.odoo.rgbconsulting.com\/es\/producto\/frauen-feuer\/#primaryimage\"},\"thumbnailUrl\":\"https:\/\/wpguerssen-test.odoo.rgbconsulting.com\/wp-content\/uploads\/2022\/03\/40256.jpg\",\"datePublished\":\"2022-02-22T23:00:00+00:00\",\"dateModified\":\"2024-02-20T17:23:01+00:00\",\"description\":\"For the first time ever on vinyl (or any other format) the complete AKT recording session. AKT was a short lived Brazilian all girl post-punk\/experimental group formed by members of As Mercen\u00e1rias, Bruhah\u00e1 Bab\u00e9lico, De Falla and R. Mutt. AKT1: had been three gigs at Espaco Retr\u00f4, em Sao Paulo. AKT2: were their only release, the the cult compilation \\\"Enquanto Isso\\\". AKT3: this LP. Remastered from the original tapes, this reissue also brings unseen photos by Rui Mendes and the band story written by Alex Antunes (Akira S & As Garotas Que Erraram), based on statements by the girls, the engineer, Bruno Verner (R. Mutt) and Thomas Pappon (Fellini).\",\"breadcrumb\":{\"@id\":\"https:\/\/wpguerssen-test.odoo.rgbconsulting.com\/es\/producto\/frauen-feuer\/#breadcrumb\"},\"inLanguage\":\"es\",\"potentialAction\":[{\"@type\":\"ReadAction\",\"target\":[\"https:\/\/wpguerssen-test.odoo.rgbconsulting.com\/es\/producto\/frauen-feuer\/\"]}]},{\"@type\":\"ImageObject\",\"inLanguage\":\"es\",\"@id\":\"https:\/\/wpguerssen-test.odoo.rgbconsulting.com\/es\/producto\/frauen-feuer\/#primaryimage\",\"url\":\"https:\/\/wpguerssen-test.odoo.rgbconsulting.com\/wp-content\/uploads\/2022\/03\/40256.jpg\",\"contentUrl\":\"https:\/\/wpguerssen-test.odoo.rgbconsulting.com\/wp-content\/uploads\/2022\/03\/40256.jpg\",\"width\":227,\"height\":227,\"caption\":\"AKT 3 - Frauen-Feuer - DISCOS NADA (LP) | Guerssen\"},{\"@type\":\"BreadcrumbList\",\"@id\":\"https:\/\/wpguerssen-test.odoo.rgbconsulting.com\/es\/producto\/frauen-feuer\/#breadcrumb\",\"itemListElement\":[{\"@type\":\"ListItem\",\"position\":1,\"name\":\"Inicio\",\"item\":\"https:\/\/wpguerssen-test.odoo.rgbconsulting.com\/es\/\"},{\"@type\":\"ListItem\",\"position\":2,\"name\":\"Shop\",\"item\":\"https:\/\/wpguerssen-test.odoo.rgbconsulting.com\/shop\/\"},{\"@type\":\"ListItem\",\"position\":3,\"name\":\"Frauen-Feuer\"}]},{\"@type\":\"WebSite\",\"@id\":\"https:\/\/wpguerssen-test.odoo.rgbconsulting.com\/es\/#website\",\"url\":\"https:\/\/wpguerssen-test.odoo.rgbconsulting.com\/es\/\",\"name\":\"Guerssen records\",\"description\":\"psychedelia - progressive - folk - garage \",\"publisher\":{\"@id\":\"https:\/\/wpguerssen-test.odoo.rgbconsulting.com\/es\/#organization\"},\"potentialAction\":[{\"@type\":\"SearchAction\",\"target\":{\"@type\":\"EntryPoint\",\"urlTemplate\":\"https:\/\/wpguerssen-test.odoo.rgbconsulting.com\/es\/?s={search_term_string}\"},\"query-input\":{\"@type\":\"PropertyValueSpecification\",\"valueRequired\":true,\"valueName\":\"search_term_string\"}}],\"inLanguage\":\"es\"},{\"@type\":\"Organization\",\"@id\":\"https:\/\/wpguerssen-test.odoo.rgbconsulting.com\/es\/#organization\",\"name\":\"Guerssen records\",\"url\":\"https:\/\/wpguerssen-test.odoo.rgbconsulting.com\/es\/\",\"logo\":{\"@type\":\"ImageObject\",\"inLanguage\":\"es\",\"@id\":\"https:\/\/wpguerssen-test.odoo.rgbconsulting.com\/es\/#\/schema\/logo\/image\/\",\"url\":\"https:\/\/wpguerssen-test.odoo.rgbconsulting.com\/wp-content\/uploads\/2022\/04\/Logo_Guerssen_trans_100.png\",\"contentUrl\":\"https:\/\/wpguerssen-test.odoo.rgbconsulting.com\/wp-content\/uploads\/2022\/04\/Logo_Guerssen_trans_100.png\",\"width\":122,\"height\":100,\"caption\":\"Guerssen records\"},\"image\":{\"@id\":\"https:\/\/wpguerssen-test.odoo.rgbconsulting.com\/es\/#\/schema\/logo\/image\/\"}}]}<\/script>\n<!-- \/ Yoast SEO plugin. -->","yoast_head_json":{"title":"AKT 3 - Frauen-Feuer -  (LP) | Guerssen","description":"For the first time ever on vinyl (or any other format) the complete AKT recording session. AKT was a short lived Brazilian all girl post-punk\/experimental group formed by members of As Mercen\u00e1rias, Bruhah\u00e1 Bab\u00e9lico, De Falla and R. Mutt. AKT1: had been three gigs at Espaco Retr\u00f4, em Sao Paulo. AKT2: were their only release, the the cult compilation \"Enquanto Isso\". AKT3: this LP. Remastered from the original tapes, this reissue also brings unseen photos by Rui Mendes and the band story written by Alex Antunes (Akira S & As Garotas Que Erraram), based on statements by the girls, the engineer, Bruno Verner (R. Mutt) and Thomas Pappon (Fellini).","robots":{"index":"index","follow":"follow","max-snippet":"max-snippet:-1","max-image-preview":"max-image-preview:large","max-video-preview":"max-video-preview:-1"},"canonical":"https:\/\/wpguerssen-test.odoo.rgbconsulting.com\/es\/producto\/frauen-feuer\/","og_locale":"es_ES","og_type":"article","og_title":"AKT 3 - Frauen-Feuer -  (LP) | Guerssen","og_description":"For the first time ever on vinyl (or any other format) the complete AKT recording session. AKT was a short lived Brazilian all girl post-punk\/experimental group formed by members of As Mercen\u00e1rias, Bruhah\u00e1 Bab\u00e9lico, De Falla and R. Mutt. AKT1: had been three gigs at Espaco Retr\u00f4, em Sao Paulo. AKT2: were their only release, the the cult compilation \"Enquanto Isso\". AKT3: this LP. Remastered from the original tapes, this reissue also brings unseen photos by Rui Mendes and the band story written by Alex Antunes (Akira S & As Garotas Que Erraram), based on statements by the girls, the engineer, Bruno Verner (R. Mutt) and Thomas Pappon (Fellini).","og_url":"https:\/\/wpguerssen-test.odoo.rgbconsulting.com\/es\/producto\/frauen-feuer\/","og_site_name":"Guerssen records","article_modified_time":"2024-02-20T17:23:01+00:00","og_image":[{"width":227,"height":227,"url":"https:\/\/wpguerssen-test.odoo.rgbconsulting.com\/wp-content\/uploads\/2022\/03\/40256.jpg","type":"image\/jpeg"}],"twitter_card":"summary_large_image","twitter_title":"AKT 3 - Frauen-Feuer -  (LP) | Guerssen","schema":{"@context":"https:\/\/schema.org","@graph":[{"@type":"WebPage","@id":"https:\/\/wpguerssen-test.odoo.rgbconsulting.com\/es\/producto\/frauen-feuer\/","url":"https:\/\/wpguerssen-test.odoo.rgbconsulting.com\/es\/producto\/frauen-feuer\/","name":"AKT 3 - Frauen-Feuer - (LP) | Guerssen","isPartOf":{"@id":"https:\/\/wpguerssen-test.odoo.rgbconsulting.com\/es\/#website"},"primaryImageOfPage":{"@id":"https:\/\/wpguerssen-test.odoo.rgbconsulting.com\/es\/producto\/frauen-feuer\/#primaryimage"},"image":{"@id":"https:\/\/wpguerssen-test.odoo.rgbconsulting.com\/es\/producto\/frauen-feuer\/#primaryimage"},"thumbnailUrl":"https:\/\/wpguerssen-test.odoo.rgbconsulting.com\/wp-content\/uploads\/2022\/03\/40256.jpg","datePublished":"2022-02-22T23:00:00+00:00","dateModified":"2024-02-20T17:23:01+00:00","description":"For the first time ever on vinyl (or any other format) the complete AKT recording session. AKT was a short lived Brazilian all girl post-punk\/experimental group formed by members of As Mercen\u00e1rias, Bruhah\u00e1 Bab\u00e9lico, De Falla and R. Mutt. AKT1: had been three gigs at Espaco Retr\u00f4, em Sao Paulo. AKT2: were their only release, the the cult compilation \"Enquanto Isso\". AKT3: this LP. Remastered from the original tapes, this reissue also brings unseen photos by Rui Mendes and the band story written by Alex Antunes (Akira S & As Garotas Que Erraram), based on statements by the girls, the engineer, Bruno Verner (R. Mutt) and Thomas Pappon (Fellini).","breadcrumb":{"@id":"https:\/\/wpguerssen-test.odoo.rgbconsulting.com\/es\/producto\/frauen-feuer\/#breadcrumb"},"inLanguage":"es","potentialAction":[{"@type":"ReadAction","target":["https:\/\/wpguerssen-test.odoo.rgbconsulting.com\/es\/producto\/frauen-feuer\/"]}]},{"@type":"ImageObject","inLanguage":"es","@id":"https:\/\/wpguerssen-test.odoo.rgbconsulting.com\/es\/producto\/frauen-feuer\/#primaryimage","url":"https:\/\/wpguerssen-test.odoo.rgbconsulting.com\/wp-content\/uploads\/2022\/03\/40256.jpg","contentUrl":"https:\/\/wpguerssen-test.odoo.rgbconsulting.com\/wp-content\/uploads\/2022\/03\/40256.jpg","width":227,"height":227,"caption":"AKT 3 - Frauen-Feuer - DISCOS NADA (LP) | Guerssen"},{"@type":"BreadcrumbList","@id":"https:\/\/wpguerssen-test.odoo.rgbconsulting.com\/es\/producto\/frauen-feuer\/#breadcrumb","itemListElement":[{"@type":"ListItem","position":1,"name":"Inicio","item":"https:\/\/wpguerssen-test.odoo.rgbconsulting.com\/es\/"},{"@type":"ListItem","position":2,"name":"Shop","item":"https:\/\/wpguerssen-test.odoo.rgbconsulting.com\/shop\/"},{"@type":"ListItem","position":3,"name":"Frauen-Feuer"}]},{"@type":"WebSite","@id":"https:\/\/wpguerssen-test.odoo.rgbconsulting.com\/es\/#website","url":"https:\/\/wpguerssen-test.odoo.rgbconsulting.com\/es\/","name":"Guerssen records","description":"psychedelia - progressive - folk - garage ","publisher":{"@id":"https:\/\/wpguerssen-test.odoo.rgbconsulting.com\/es\/#organization"},"potentialAction":[{"@type":"SearchAction","target":{"@type":"EntryPoint","urlTemplate":"https:\/\/wpguerssen-test.odoo.rgbconsulting.com\/es\/?s={search_term_string}"},"query-input":{"@type":"PropertyValueSpecification","valueRequired":true,"valueName":"search_term_string"}}],"inLanguage":"es"},{"@type":"Organization","@id":"https:\/\/wpguerssen-test.odoo.rgbconsulting.com\/es\/#organization","name":"Guerssen records","url":"https:\/\/wpguerssen-test.odoo.rgbconsulting.com\/es\/","logo":{"@type":"ImageObject","inLanguage":"es","@id":"https:\/\/wpguerssen-test.odoo.rgbconsulting.com\/es\/#\/schema\/logo\/image\/","url":"https:\/\/wpguerssen-test.odoo.rgbconsulting.com\/wp-content\/uploads\/2022\/04\/Logo_Guerssen_trans_100.png","contentUrl":"https:\/\/wpguerssen-test.odoo.rgbconsulting.com\/wp-content\/uploads\/2022\/04\/Logo_Guerssen_trans_100.png","width":122,"height":100,"caption":"Guerssen records"},"image":{"@id":"https:\/\/wpguerssen-test.odoo.rgbconsulting.com\/es\/#\/schema\/logo\/image\/"}}]}},"_links":{"self":[{"href":"https:\/\/wpguerssen-test.odoo.rgbconsulting.com\/es\/wp-json\/wp\/v2\/product\/209889","targetHints":{"allow":["GET"]}}],"collection":[{"href":"https:\/\/wpguerssen-test.odoo.rgbconsulting.com\/es\/wp-json\/wp\/v2\/product"}],"about":[{"href":"https:\/\/wpguerssen-test.odoo.rgbconsulting.com\/es\/wp-json\/wp\/v2\/types\/product"}],"wp:featuredmedia":[{"embeddable":true,"href":"https:\/\/wpguerssen-test.odoo.rgbconsulting.com\/es\/wp-json\/wp\/v2\/media\/131097"}],"wp:attachment":[{"href":"https:\/\/wpguerssen-test.odoo.rgbconsulting.com\/es\/wp-json\/wp\/v2\/media?parent=209889"}],"wp:term":[{"taxonomy":"product_brand","embeddable":true,"href":"https:\/\/wpguerssen-test.odoo.rgbconsulting.com\/es\/wp-json\/wp\/v2\/product_brand?post=209889"},{"taxonomy":"product_cat","embeddable":true,"href":"https:\/\/wpguerssen-test.odoo.rgbconsulting.com\/es\/wp-json\/wp\/v2\/product_cat?post=209889"},{"taxonomy":"product_tag","embeddable":true,"href":"https:\/\/wpguerssen-test.odoo.rgbconsulting.com\/es\/wp-json\/wp\/v2\/product_tag?post=209889"}],"curies":[{"name":"wp","href":"https:\/\/api.w.org\/{rel}","templated":true}]}}