{"id":209916,"date":"2022-02-07T00:00:00","date_gmt":"2022-02-06T23:00:00","guid":{"rendered":"http:\/\/guerssen.hl1097.dinaserver.com\/product\/hesterian-musicism\/"},"modified":"2025-01-30T16:49:34","modified_gmt":"2025-01-30T15:49:34","slug":"hesterian-musicism","status":"publish","type":"product","link":"https:\/\/wpguerssen-test.odoo.rgbconsulting.com\/es\/producto\/hesterian-musicism\/","title":{"rendered":"Hesterian Musicism"},"content":{"rendered":"<p>El musicismo es el concepto central de la investigaci\u00f3n art\u00edstica transcultural que salt\u00f3 a la fama a principios de los a\u00f1os 80 gracias a la ingeniosa mente de Karlton Hester. El compositor, flautista y saxofonista Hester se propone como promotor de una idea multidisciplinar en la que m\u00fasicos, artistas visuales y poetas colaboran de forma sin\u00e9rgica para producir nuevas formas de arte. Hesterian Musicism es un disco de jazz espiritual de vanguardia compuesto y publicado por Hester en su sello Hesteria, con sede en San Francisco, en 1982.<\/p>\n","protected":false},"excerpt":{"rendered":"<p>El musicismo es el concepto central de la investigaci\u00f3n art\u00edstica transcultural que salt\u00f3 a la fama a principios de los a\u00f1os 80 gracias a la ingeniosa mente de<a class=\"read\" href=\"https:\/\/wpguerssen-test.odoo.rgbconsulting.com\/es\/producto\/hesterian-musicism\/\"> (...)<\/a>","protected":false},"featured_media":262497,"template":"","meta":{"_acf_changed":false},"product_brand":[],"product_cat":[23227],"product_tag":[],"class_list":{"0":"post-209916","1":"product","2":"type-product","3":"status-publish","4":"has-post-thumbnail","6":"product_cat-jazz-es","7":"pa_artist-hester-karlton-and-the-contemporary-jazz-art-move","8":"pa_format-lp-es","9":"pa_gender-jazz","10":"pa_label-cool-cult","11":"pa_location-north-america-es","12":"pa_other-filters-vinyl-only-es","14":"first","15":"instock","16":"taxable","17":"shipping-taxable","18":"purchasable","19":"product-type-simple"},"acf":[],"yoast_head":"<!-- This site is optimized with the Yoast SEO plugin v24.9 - https:\/\/yoast.com\/wordpress\/plugins\/seo\/ -->\n<title>HESTER, Karlton and THE CONTEMPORARY JAZZ ART MOVE - Hesterian Musicism -  (LP) | Guerssen<\/title>\n<meta name=\"description\" content=\"Musicism is the core concept of transcultural artistic research that rose to prominence at the beginning of the 80s thanks to the ingenious mind of Karlton Hester. Composer, flautist and saxophonist Hester set himself as the promoter of a multidisciplinary idea in which musicians, visual artists and poets collaborate in a synergic manner to produce new art forms. Hesterian musicism is an avant-garde spiritual jazz record composed and issued by Hester on his San Francisco based label Hesteria in 1982.\" \/>\n<meta name=\"robots\" content=\"index, follow, max-snippet:-1, max-image-preview:large, max-video-preview:-1\" \/>\n<link rel=\"canonical\" href=\"https:\/\/wpguerssen-test.odoo.rgbconsulting.com\/es\/producto\/hesterian-musicism\/\" \/>\n<meta property=\"og:locale\" content=\"es_ES\" \/>\n<meta property=\"og:type\" content=\"article\" \/>\n<meta property=\"og:title\" content=\"HESTER, Karlton and THE CONTEMPORARY JAZZ ART MOVE - Hesterian Musicism -  (LP) | Guerssen\" \/>\n<meta property=\"og:description\" content=\"Musicism is the core concept of transcultural artistic research that rose to prominence at the beginning of the 80s thanks to the ingenious mind of Karlton Hester. Composer, flautist and saxophonist Hester set himself as the promoter of a multidisciplinary idea in which musicians, visual artists and poets collaborate in a synergic manner to produce new art forms. Hesterian musicism is an avant-garde spiritual jazz record composed and issued by Hester on his San Francisco based label Hesteria in 1982.\" \/>\n<meta property=\"og:url\" content=\"https:\/\/wpguerssen-test.odoo.rgbconsulting.com\/es\/producto\/hesterian-musicism\/\" \/>\n<meta property=\"og:site_name\" content=\"Guerssen records\" \/>\n<meta property=\"article:modified_time\" content=\"2025-01-30T15:49:34+00:00\" \/>\n<meta property=\"og:image\" content=\"https:\/\/wpguerssen-test.odoo.rgbconsulting.com\/wp-content\/uploads\/2024\/03\/40285.jpg\" \/>\n\t<meta property=\"og:image:width\" content=\"894\" \/>\n\t<meta property=\"og:image:height\" content=\"894\" \/>\n\t<meta property=\"og:image:type\" content=\"image\/jpeg\" \/>\n<meta name=\"twitter:card\" content=\"summary_large_image\" \/>\n<meta name=\"twitter:title\" content=\"HESTER, Karlton and THE CONTEMPORARY JAZZ ART MOVE - Hesterian Musicism -  (LP) | Guerssen\" \/>\n<script type=\"application\/ld+json\" class=\"yoast-schema-graph\">{\"@context\":\"https:\/\/schema.org\",\"@graph\":[{\"@type\":\"WebPage\",\"@id\":\"https:\/\/wpguerssen-test.odoo.rgbconsulting.com\/es\/producto\/hesterian-musicism\/\",\"url\":\"https:\/\/wpguerssen-test.odoo.rgbconsulting.com\/es\/producto\/hesterian-musicism\/\",\"name\":\"HESTER, Karlton and THE CONTEMPORARY JAZZ ART MOVE - Hesterian Musicism - (LP) | Guerssen\",\"isPartOf\":{\"@id\":\"https:\/\/wpguerssen-test.odoo.rgbconsulting.com\/es\/#website\"},\"primaryImageOfPage\":{\"@id\":\"https:\/\/wpguerssen-test.odoo.rgbconsulting.com\/es\/producto\/hesterian-musicism\/#primaryimage\"},\"image\":{\"@id\":\"https:\/\/wpguerssen-test.odoo.rgbconsulting.com\/es\/producto\/hesterian-musicism\/#primaryimage\"},\"thumbnailUrl\":\"https:\/\/wpguerssen-test.odoo.rgbconsulting.com\/wp-content\/uploads\/2024\/03\/40285.jpg\",\"datePublished\":\"2022-02-06T23:00:00+00:00\",\"dateModified\":\"2025-01-30T15:49:34+00:00\",\"description\":\"Musicism is the core concept of transcultural artistic research that rose to prominence at the beginning of the 80s thanks to the ingenious mind of Karlton Hester. Composer, flautist and saxophonist Hester set himself as the promoter of a multidisciplinary idea in which musicians, visual artists and poets collaborate in a synergic manner to produce new art forms. Hesterian musicism is an avant-garde spiritual jazz record composed and issued by Hester on his San Francisco based label Hesteria in 1982.\",\"breadcrumb\":{\"@id\":\"https:\/\/wpguerssen-test.odoo.rgbconsulting.com\/es\/producto\/hesterian-musicism\/#breadcrumb\"},\"inLanguage\":\"es\",\"potentialAction\":[{\"@type\":\"ReadAction\",\"target\":[\"https:\/\/wpguerssen-test.odoo.rgbconsulting.com\/es\/producto\/hesterian-musicism\/\"]}]},{\"@type\":\"ImageObject\",\"inLanguage\":\"es\",\"@id\":\"https:\/\/wpguerssen-test.odoo.rgbconsulting.com\/es\/producto\/hesterian-musicism\/#primaryimage\",\"url\":\"https:\/\/wpguerssen-test.odoo.rgbconsulting.com\/wp-content\/uploads\/2024\/03\/40285.jpg\",\"contentUrl\":\"https:\/\/wpguerssen-test.odoo.rgbconsulting.com\/wp-content\/uploads\/2024\/03\/40285.jpg\",\"width\":894,\"height\":894,\"caption\":\"Karlton and THE CONTEMPORARY JAZZ ART MOVE - Hesterian Musicism - COOL CULT (LP) | Guerssen\"},{\"@type\":\"BreadcrumbList\",\"@id\":\"https:\/\/wpguerssen-test.odoo.rgbconsulting.com\/es\/producto\/hesterian-musicism\/#breadcrumb\",\"itemListElement\":[{\"@type\":\"ListItem\",\"position\":1,\"name\":\"Inicio\",\"item\":\"https:\/\/wpguerssen-test.odoo.rgbconsulting.com\/es\/\"},{\"@type\":\"ListItem\",\"position\":2,\"name\":\"Shop\",\"item\":\"https:\/\/wpguerssen-test.odoo.rgbconsulting.com\/shop\/\"},{\"@type\":\"ListItem\",\"position\":3,\"name\":\"Hesterian Musicism\"}]},{\"@type\":\"WebSite\",\"@id\":\"https:\/\/wpguerssen-test.odoo.rgbconsulting.com\/es\/#website\",\"url\":\"https:\/\/wpguerssen-test.odoo.rgbconsulting.com\/es\/\",\"name\":\"Guerssen records\",\"description\":\"psychedelia - progressive - folk - garage \",\"publisher\":{\"@id\":\"https:\/\/wpguerssen-test.odoo.rgbconsulting.com\/es\/#organization\"},\"potentialAction\":[{\"@type\":\"SearchAction\",\"target\":{\"@type\":\"EntryPoint\",\"urlTemplate\":\"https:\/\/wpguerssen-test.odoo.rgbconsulting.com\/es\/?s={search_term_string}\"},\"query-input\":{\"@type\":\"PropertyValueSpecification\",\"valueRequired\":true,\"valueName\":\"search_term_string\"}}],\"inLanguage\":\"es\"},{\"@type\":\"Organization\",\"@id\":\"https:\/\/wpguerssen-test.odoo.rgbconsulting.com\/es\/#organization\",\"name\":\"Guerssen records\",\"url\":\"https:\/\/wpguerssen-test.odoo.rgbconsulting.com\/es\/\",\"logo\":{\"@type\":\"ImageObject\",\"inLanguage\":\"es\",\"@id\":\"https:\/\/wpguerssen-test.odoo.rgbconsulting.com\/es\/#\/schema\/logo\/image\/\",\"url\":\"https:\/\/wpguerssen-test.odoo.rgbconsulting.com\/wp-content\/uploads\/2022\/04\/Logo_Guerssen_trans_100.png\",\"contentUrl\":\"https:\/\/wpguerssen-test.odoo.rgbconsulting.com\/wp-content\/uploads\/2022\/04\/Logo_Guerssen_trans_100.png\",\"width\":122,\"height\":100,\"caption\":\"Guerssen records\"},\"image\":{\"@id\":\"https:\/\/wpguerssen-test.odoo.rgbconsulting.com\/es\/#\/schema\/logo\/image\/\"}}]}<\/script>\n<!-- \/ Yoast SEO plugin. -->","yoast_head_json":{"title":"HESTER, Karlton and THE CONTEMPORARY JAZZ ART MOVE - Hesterian Musicism -  (LP) | Guerssen","description":"Musicism is the core concept of transcultural artistic research that rose to prominence at the beginning of the 80s thanks to the ingenious mind of Karlton Hester. Composer, flautist and saxophonist Hester set himself as the promoter of a multidisciplinary idea in which musicians, visual artists and poets collaborate in a synergic manner to produce new art forms. Hesterian musicism is an avant-garde spiritual jazz record composed and issued by Hester on his San Francisco based label Hesteria in 1982.","robots":{"index":"index","follow":"follow","max-snippet":"max-snippet:-1","max-image-preview":"max-image-preview:large","max-video-preview":"max-video-preview:-1"},"canonical":"https:\/\/wpguerssen-test.odoo.rgbconsulting.com\/es\/producto\/hesterian-musicism\/","og_locale":"es_ES","og_type":"article","og_title":"HESTER, Karlton and THE CONTEMPORARY JAZZ ART MOVE - Hesterian Musicism -  (LP) | Guerssen","og_description":"Musicism is the core concept of transcultural artistic research that rose to prominence at the beginning of the 80s thanks to the ingenious mind of Karlton Hester. Composer, flautist and saxophonist Hester set himself as the promoter of a multidisciplinary idea in which musicians, visual artists and poets collaborate in a synergic manner to produce new art forms. Hesterian musicism is an avant-garde spiritual jazz record composed and issued by Hester on his San Francisco based label Hesteria in 1982.","og_url":"https:\/\/wpguerssen-test.odoo.rgbconsulting.com\/es\/producto\/hesterian-musicism\/","og_site_name":"Guerssen records","article_modified_time":"2025-01-30T15:49:34+00:00","og_image":[{"width":894,"height":894,"url":"https:\/\/wpguerssen-test.odoo.rgbconsulting.com\/wp-content\/uploads\/2024\/03\/40285.jpg","type":"image\/jpeg"}],"twitter_card":"summary_large_image","twitter_title":"HESTER, Karlton and THE CONTEMPORARY JAZZ ART MOVE - Hesterian Musicism -  (LP) | Guerssen","schema":{"@context":"https:\/\/schema.org","@graph":[{"@type":"WebPage","@id":"https:\/\/wpguerssen-test.odoo.rgbconsulting.com\/es\/producto\/hesterian-musicism\/","url":"https:\/\/wpguerssen-test.odoo.rgbconsulting.com\/es\/producto\/hesterian-musicism\/","name":"HESTER, Karlton and THE CONTEMPORARY JAZZ ART MOVE - Hesterian Musicism - (LP) | Guerssen","isPartOf":{"@id":"https:\/\/wpguerssen-test.odoo.rgbconsulting.com\/es\/#website"},"primaryImageOfPage":{"@id":"https:\/\/wpguerssen-test.odoo.rgbconsulting.com\/es\/producto\/hesterian-musicism\/#primaryimage"},"image":{"@id":"https:\/\/wpguerssen-test.odoo.rgbconsulting.com\/es\/producto\/hesterian-musicism\/#primaryimage"},"thumbnailUrl":"https:\/\/wpguerssen-test.odoo.rgbconsulting.com\/wp-content\/uploads\/2024\/03\/40285.jpg","datePublished":"2022-02-06T23:00:00+00:00","dateModified":"2025-01-30T15:49:34+00:00","description":"Musicism is the core concept of transcultural artistic research that rose to prominence at the beginning of the 80s thanks to the ingenious mind of Karlton Hester. Composer, flautist and saxophonist Hester set himself as the promoter of a multidisciplinary idea in which musicians, visual artists and poets collaborate in a synergic manner to produce new art forms. Hesterian musicism is an avant-garde spiritual jazz record composed and issued by Hester on his San Francisco based label Hesteria in 1982.","breadcrumb":{"@id":"https:\/\/wpguerssen-test.odoo.rgbconsulting.com\/es\/producto\/hesterian-musicism\/#breadcrumb"},"inLanguage":"es","potentialAction":[{"@type":"ReadAction","target":["https:\/\/wpguerssen-test.odoo.rgbconsulting.com\/es\/producto\/hesterian-musicism\/"]}]},{"@type":"ImageObject","inLanguage":"es","@id":"https:\/\/wpguerssen-test.odoo.rgbconsulting.com\/es\/producto\/hesterian-musicism\/#primaryimage","url":"https:\/\/wpguerssen-test.odoo.rgbconsulting.com\/wp-content\/uploads\/2024\/03\/40285.jpg","contentUrl":"https:\/\/wpguerssen-test.odoo.rgbconsulting.com\/wp-content\/uploads\/2024\/03\/40285.jpg","width":894,"height":894,"caption":"Karlton and THE CONTEMPORARY JAZZ ART MOVE - Hesterian Musicism - COOL CULT (LP) | Guerssen"},{"@type":"BreadcrumbList","@id":"https:\/\/wpguerssen-test.odoo.rgbconsulting.com\/es\/producto\/hesterian-musicism\/#breadcrumb","itemListElement":[{"@type":"ListItem","position":1,"name":"Inicio","item":"https:\/\/wpguerssen-test.odoo.rgbconsulting.com\/es\/"},{"@type":"ListItem","position":2,"name":"Shop","item":"https:\/\/wpguerssen-test.odoo.rgbconsulting.com\/shop\/"},{"@type":"ListItem","position":3,"name":"Hesterian Musicism"}]},{"@type":"WebSite","@id":"https:\/\/wpguerssen-test.odoo.rgbconsulting.com\/es\/#website","url":"https:\/\/wpguerssen-test.odoo.rgbconsulting.com\/es\/","name":"Guerssen records","description":"psychedelia - progressive - folk - garage ","publisher":{"@id":"https:\/\/wpguerssen-test.odoo.rgbconsulting.com\/es\/#organization"},"potentialAction":[{"@type":"SearchAction","target":{"@type":"EntryPoint","urlTemplate":"https:\/\/wpguerssen-test.odoo.rgbconsulting.com\/es\/?s={search_term_string}"},"query-input":{"@type":"PropertyValueSpecification","valueRequired":true,"valueName":"search_term_string"}}],"inLanguage":"es"},{"@type":"Organization","@id":"https:\/\/wpguerssen-test.odoo.rgbconsulting.com\/es\/#organization","name":"Guerssen records","url":"https:\/\/wpguerssen-test.odoo.rgbconsulting.com\/es\/","logo":{"@type":"ImageObject","inLanguage":"es","@id":"https:\/\/wpguerssen-test.odoo.rgbconsulting.com\/es\/#\/schema\/logo\/image\/","url":"https:\/\/wpguerssen-test.odoo.rgbconsulting.com\/wp-content\/uploads\/2022\/04\/Logo_Guerssen_trans_100.png","contentUrl":"https:\/\/wpguerssen-test.odoo.rgbconsulting.com\/wp-content\/uploads\/2022\/04\/Logo_Guerssen_trans_100.png","width":122,"height":100,"caption":"Guerssen records"},"image":{"@id":"https:\/\/wpguerssen-test.odoo.rgbconsulting.com\/es\/#\/schema\/logo\/image\/"}}]}},"_links":{"self":[{"href":"https:\/\/wpguerssen-test.odoo.rgbconsulting.com\/es\/wp-json\/wp\/v2\/product\/209916","targetHints":{"allow":["GET"]}}],"collection":[{"href":"https:\/\/wpguerssen-test.odoo.rgbconsulting.com\/es\/wp-json\/wp\/v2\/product"}],"about":[{"href":"https:\/\/wpguerssen-test.odoo.rgbconsulting.com\/es\/wp-json\/wp\/v2\/types\/product"}],"wp:featuredmedia":[{"embeddable":true,"href":"https:\/\/wpguerssen-test.odoo.rgbconsulting.com\/es\/wp-json\/wp\/v2\/media\/262497"}],"wp:attachment":[{"href":"https:\/\/wpguerssen-test.odoo.rgbconsulting.com\/es\/wp-json\/wp\/v2\/media?parent=209916"}],"wp:term":[{"taxonomy":"product_brand","embeddable":true,"href":"https:\/\/wpguerssen-test.odoo.rgbconsulting.com\/es\/wp-json\/wp\/v2\/product_brand?post=209916"},{"taxonomy":"product_cat","embeddable":true,"href":"https:\/\/wpguerssen-test.odoo.rgbconsulting.com\/es\/wp-json\/wp\/v2\/product_cat?post=209916"},{"taxonomy":"product_tag","embeddable":true,"href":"https:\/\/wpguerssen-test.odoo.rgbconsulting.com\/es\/wp-json\/wp\/v2\/product_tag?post=209916"}],"curies":[{"name":"wp","href":"https:\/\/api.w.org\/{rel}","templated":true}]}}