{"id":209965,"date":"2021-08-24T00:00:00","date_gmt":"2021-08-23T22:00:00","guid":{"rendered":"http:\/\/guerssen.hl1097.dinaserver.com\/product\/orang-utan-cd\/"},"modified":"2025-04-02T16:49:03","modified_gmt":"2025-04-02T14:49:03","slug":"orang-utan-cd","status":"publish","type":"product","link":"https:\/\/wpguerssen-test.odoo.rgbconsulting.com\/es\/producto\/orang-utan-cd\/","title":{"rendered":"Orang-Utan (CD)"},"content":{"rendered":"<p>Orang-Utan eran en realidad un grupo londinense llamado Hunter, que contaba en sus filas con el poderoso vocalista Terry \u00abNobby\u00bb Clarke (ex-cantante de los legendarios mod-psychers Jason Crest), los tremendos guitarristas Mick Clarke y Sid Fairman, el bajista Paul Roberts y Jeff Seopardi a la bater\u00eda y compositor de todos sus temas. En 1971, el grupo graba su \u00fanico \u00e1lbum en un par de d\u00edas en los estudios DeLane Lea. Pasan los meses y la edici\u00f3n del disco se retrasa, hasta que un d\u00eda descubren que el disco de ha editado en USA en el sello Bell bajo el nombre de Orang-Utan sin su permiso, todo ello una jugada de sus managers \/ productores. A pesar de las bizarras circunstancias, \u00abOrang-Utan\u00bb es todo un cl\u00e1sico del mejor hard-rock brit\u00e1nico 70s: poderosa voz, guitarra dual, toques psicod\u00e9licos y proto-blues&#8230;Recomendado si te van Sir Lor Baltimore, Bang, Hard Stuff, Leaf Hound&#8230;Por primera vez reeditado en CD con el permiso del grupo, booklet con fotos y detalladas notas. <\/p>\n<p> Tracklist:<br \/>I Can See Inside Your Head &#8211; Slipping Away &#8211; Love Queen &#8211; Chocolate Piano &#8211; If You Leave &#8211; Fly Me High &#8211; Country Hike &#8211; Magic Playground<\/p>\n","protected":false},"excerpt":{"rendered":"<p>Orang-Utan eran en realidad un grupo londinense llamado Hunter, que contaba en sus filas con el poderoso vocalista Terry \u00abNobby\u00bb Clarke (ex-cantante de los legendarios<a class=\"read\" href=\"https:\/\/wpguerssen-test.odoo.rgbconsulting.com\/es\/producto\/orang-utan-cd\/\"> (...)<\/a>","protected":false},"featured_media":211382,"template":"","meta":{"_acf_changed":false},"product_brand":[],"product_cat":[23224],"product_tag":[29138],"class_list":{"0":"post-209965","1":"product","2":"type-product","3":"status-publish","4":"has-post-thumbnail","6":"product_cat-hard-rock-60s-70s-es","7":"product_tag-cd-es","8":"pa_artist-orang-utan-es","9":"pa_format-cd-2-es","10":"pa_gender-hard-rock-60s-70s","11":"pa_label-sommor-es","12":"pa_location-uk-ireland-es","14":"first","15":"instock","16":"taxable","17":"shipping-taxable","18":"purchasable","19":"product-type-simple"},"acf":[],"yoast_head":"<!-- This site is optimized with the Yoast SEO plugin v24.9 - https:\/\/yoast.com\/wordpress\/plugins\/seo\/ -->\n<title>ORANG-UTAN - Orang-Utan (CD) -  (CD) | Guerssen<\/title>\n<meta name=\"description\" content=\"Orang-Utan were in fact a London based band called Hunter, featuring vocalist Terry &quot;Nobby&quot; Clarke (of psych-pop legends Jason Crest), guitar players Mick Clarke and Sid Fairman, drummer and songwriter Jeff Seopardi and bass player Paul Roberts. They recorded their sole album in 1971 at DeLane Lea studios. In a bizarre twist of events, their producers \/ managers ran with the tapes to the US, where they placed the album on Bell Records under a new band name: Orang-Utan, without telling any of the band members. #nl# A lost classic of blazing, early hard rock with minor psychedelic hangover vibes, a twin-guitar attack, and waves of fuzz\/wah, along with powerful vocals. Think Leaf Hound, Budgie, Bang, Sir Lord Baltimore, Hard Stuff... #nl# Legit reissue done in co-operation with the original band members. #nl# Insert with liner notes telling the bizarre story of the band for the first time, and rare photos. #nl# &quot;Quintessentially British hard-rock, transforming the blues in a way American bands rarely did, and with a kind of vocal intensity that compares to Free, Humble Pie et al&quot; - Aaron Milenski (Galactic Ramble) #nl# Tracklist:I Can See Inside Your Head - Slipping Away - Love Queen - Chocolate Piano - If You Leave - Fly Me High - Country Hike - Magic Playground\" \/>\n<meta name=\"robots\" content=\"index, follow, max-snippet:-1, max-image-preview:large, max-video-preview:-1\" \/>\n<link rel=\"canonical\" href=\"https:\/\/wpguerssen-test.odoo.rgbconsulting.com\/es\/producto\/orang-utan-cd\/\" \/>\n<meta property=\"og:locale\" content=\"es_ES\" \/>\n<meta property=\"og:type\" content=\"article\" \/>\n<meta property=\"og:title\" content=\"ORANG-UTAN - Orang-Utan (CD) -  (CD) | Guerssen\" \/>\n<meta property=\"og:description\" content=\"Orang-Utan were in fact a London based band called Hunter, featuring vocalist Terry &quot;Nobby&quot; Clarke (of psych-pop legends Jason Crest), guitar players Mick Clarke and Sid Fairman, drummer and songwriter Jeff Seopardi and bass player Paul Roberts. They recorded their sole album in 1971 at DeLane Lea studios. In a bizarre twist of events, their producers \/ managers ran with the tapes to the US, where they placed the album on Bell Records under a new band name: Orang-Utan, without telling any of the band members. #nl# A lost classic of blazing, early hard rock with minor psychedelic hangover vibes, a twin-guitar attack, and waves of fuzz\/wah, along with powerful vocals. Think Leaf Hound, Budgie, Bang, Sir Lord Baltimore, Hard Stuff... #nl# Legit reissue done in co-operation with the original band members. #nl# Insert with liner notes telling the bizarre story of the band for the first time, and rare photos. #nl# &quot;Quintessentially British hard-rock, transforming the blues in a way American bands rarely did, and with a kind of vocal intensity that compares to Free, Humble Pie et al&quot; - Aaron Milenski (Galactic Ramble) #nl# Tracklist:I Can See Inside Your Head - Slipping Away - Love Queen - Chocolate Piano - If You Leave - Fly Me High - Country Hike - Magic Playground\" \/>\n<meta property=\"og:url\" content=\"https:\/\/wpguerssen-test.odoo.rgbconsulting.com\/es\/producto\/orang-utan-cd\/\" \/>\n<meta property=\"og:site_name\" content=\"Guerssen records\" \/>\n<meta property=\"article:modified_time\" content=\"2025-04-02T14:49:03+00:00\" \/>\n<meta property=\"og:image\" content=\"https:\/\/wpguerssen-test.odoo.rgbconsulting.com\/wp-content\/uploads\/2022\/06\/40345.jpg\" \/>\n\t<meta property=\"og:image:width\" content=\"1400\" \/>\n\t<meta property=\"og:image:height\" content=\"1400\" \/>\n\t<meta property=\"og:image:type\" content=\"image\/jpeg\" \/>\n<meta name=\"twitter:card\" content=\"summary_large_image\" \/>\n<meta name=\"twitter:title\" content=\"ORANG-UTAN - Orang-Utan (CD) -  (CD) | Guerssen\" \/>\n<meta name=\"twitter:label1\" content=\"Tiempo de lectura\" \/>\n\t<meta name=\"twitter:data1\" content=\"1 minuto\" \/>\n<script type=\"application\/ld+json\" class=\"yoast-schema-graph\">{\"@context\":\"https:\/\/schema.org\",\"@graph\":[{\"@type\":\"WebPage\",\"@id\":\"https:\/\/wpguerssen-test.odoo.rgbconsulting.com\/es\/producto\/orang-utan-cd\/\",\"url\":\"https:\/\/wpguerssen-test.odoo.rgbconsulting.com\/es\/producto\/orang-utan-cd\/\",\"name\":\"ORANG-UTAN - Orang-Utan (CD) - (CD) | Guerssen\",\"isPartOf\":{\"@id\":\"https:\/\/wpguerssen-test.odoo.rgbconsulting.com\/es\/#website\"},\"primaryImageOfPage\":{\"@id\":\"https:\/\/wpguerssen-test.odoo.rgbconsulting.com\/es\/producto\/orang-utan-cd\/#primaryimage\"},\"image\":{\"@id\":\"https:\/\/wpguerssen-test.odoo.rgbconsulting.com\/es\/producto\/orang-utan-cd\/#primaryimage\"},\"thumbnailUrl\":\"https:\/\/wpguerssen-test.odoo.rgbconsulting.com\/wp-content\/uploads\/2022\/06\/40345.jpg\",\"datePublished\":\"2021-08-23T22:00:00+00:00\",\"dateModified\":\"2025-04-02T14:49:03+00:00\",\"description\":\"Orang-Utan were in fact a London based band called Hunter, featuring vocalist Terry \\\"Nobby\\\" Clarke (of psych-pop legends Jason Crest), guitar players Mick Clarke and Sid Fairman, drummer and songwriter Jeff Seopardi and bass player Paul Roberts. They recorded their sole album in 1971 at DeLane Lea studios. In a bizarre twist of events, their producers \/ managers ran with the tapes to the US, where they placed the album on Bell Records under a new band name: Orang-Utan, without telling any of the band members. #nl# A lost classic of blazing, early hard rock with minor psychedelic hangover vibes, a twin-guitar attack, and waves of fuzz\/wah, along with powerful vocals. Think Leaf Hound, Budgie, Bang, Sir Lord Baltimore, Hard Stuff... #nl# Legit reissue done in co-operation with the original band members. #nl# Insert with liner notes telling the bizarre story of the band for the first time, and rare photos. #nl# \\\"Quintessentially British hard-rock, transforming the blues in a way American bands rarely did, and with a kind of vocal intensity that compares to Free, Humble Pie et al\\\" - Aaron Milenski (Galactic Ramble) #nl# Tracklist:I Can See Inside Your Head - Slipping Away - Love Queen - Chocolate Piano - If You Leave - Fly Me High - Country Hike - Magic Playground\",\"breadcrumb\":{\"@id\":\"https:\/\/wpguerssen-test.odoo.rgbconsulting.com\/es\/producto\/orang-utan-cd\/#breadcrumb\"},\"inLanguage\":\"es\",\"potentialAction\":[{\"@type\":\"ReadAction\",\"target\":[\"https:\/\/wpguerssen-test.odoo.rgbconsulting.com\/es\/producto\/orang-utan-cd\/\"]}]},{\"@type\":\"ImageObject\",\"inLanguage\":\"es\",\"@id\":\"https:\/\/wpguerssen-test.odoo.rgbconsulting.com\/es\/producto\/orang-utan-cd\/#primaryimage\",\"url\":\"https:\/\/wpguerssen-test.odoo.rgbconsulting.com\/wp-content\/uploads\/2022\/06\/40345.jpg\",\"contentUrl\":\"https:\/\/wpguerssen-test.odoo.rgbconsulting.com\/wp-content\/uploads\/2022\/06\/40345.jpg\",\"width\":1400,\"height\":1400},{\"@type\":\"BreadcrumbList\",\"@id\":\"https:\/\/wpguerssen-test.odoo.rgbconsulting.com\/es\/producto\/orang-utan-cd\/#breadcrumb\",\"itemListElement\":[{\"@type\":\"ListItem\",\"position\":1,\"name\":\"Inicio\",\"item\":\"https:\/\/wpguerssen-test.odoo.rgbconsulting.com\/es\/\"},{\"@type\":\"ListItem\",\"position\":2,\"name\":\"Shop\",\"item\":\"https:\/\/wpguerssen-test.odoo.rgbconsulting.com\/shop\/\"},{\"@type\":\"ListItem\",\"position\":3,\"name\":\"Orang-Utan (CD)\"}]},{\"@type\":\"WebSite\",\"@id\":\"https:\/\/wpguerssen-test.odoo.rgbconsulting.com\/es\/#website\",\"url\":\"https:\/\/wpguerssen-test.odoo.rgbconsulting.com\/es\/\",\"name\":\"Guerssen records\",\"description\":\"psychedelia - progressive - folk - garage \",\"publisher\":{\"@id\":\"https:\/\/wpguerssen-test.odoo.rgbconsulting.com\/es\/#organization\"},\"potentialAction\":[{\"@type\":\"SearchAction\",\"target\":{\"@type\":\"EntryPoint\",\"urlTemplate\":\"https:\/\/wpguerssen-test.odoo.rgbconsulting.com\/es\/?s={search_term_string}\"},\"query-input\":{\"@type\":\"PropertyValueSpecification\",\"valueRequired\":true,\"valueName\":\"search_term_string\"}}],\"inLanguage\":\"es\"},{\"@type\":\"Organization\",\"@id\":\"https:\/\/wpguerssen-test.odoo.rgbconsulting.com\/es\/#organization\",\"name\":\"Guerssen records\",\"url\":\"https:\/\/wpguerssen-test.odoo.rgbconsulting.com\/es\/\",\"logo\":{\"@type\":\"ImageObject\",\"inLanguage\":\"es\",\"@id\":\"https:\/\/wpguerssen-test.odoo.rgbconsulting.com\/es\/#\/schema\/logo\/image\/\",\"url\":\"https:\/\/wpguerssen-test.odoo.rgbconsulting.com\/wp-content\/uploads\/2022\/04\/Logo_Guerssen_trans_100.png\",\"contentUrl\":\"https:\/\/wpguerssen-test.odoo.rgbconsulting.com\/wp-content\/uploads\/2022\/04\/Logo_Guerssen_trans_100.png\",\"width\":122,\"height\":100,\"caption\":\"Guerssen records\"},\"image\":{\"@id\":\"https:\/\/wpguerssen-test.odoo.rgbconsulting.com\/es\/#\/schema\/logo\/image\/\"}}]}<\/script>\n<!-- \/ Yoast SEO plugin. -->","yoast_head_json":{"title":"ORANG-UTAN - Orang-Utan (CD) -  (CD) | Guerssen","description":"Orang-Utan were in fact a London based band called Hunter, featuring vocalist Terry \"Nobby\" Clarke (of psych-pop legends Jason Crest), guitar players Mick Clarke and Sid Fairman, drummer and songwriter Jeff Seopardi and bass player Paul Roberts. They recorded their sole album in 1971 at DeLane Lea studios. In a bizarre twist of events, their producers \/ managers ran with the tapes to the US, where they placed the album on Bell Records under a new band name: Orang-Utan, without telling any of the band members. #nl# A lost classic of blazing, early hard rock with minor psychedelic hangover vibes, a twin-guitar attack, and waves of fuzz\/wah, along with powerful vocals. Think Leaf Hound, Budgie, Bang, Sir Lord Baltimore, Hard Stuff... #nl# Legit reissue done in co-operation with the original band members. #nl# Insert with liner notes telling the bizarre story of the band for the first time, and rare photos. #nl# \"Quintessentially British hard-rock, transforming the blues in a way American bands rarely did, and with a kind of vocal intensity that compares to Free, Humble Pie et al\" - Aaron Milenski (Galactic Ramble) #nl# Tracklist:I Can See Inside Your Head - Slipping Away - Love Queen - Chocolate Piano - If You Leave - Fly Me High - Country Hike - Magic Playground","robots":{"index":"index","follow":"follow","max-snippet":"max-snippet:-1","max-image-preview":"max-image-preview:large","max-video-preview":"max-video-preview:-1"},"canonical":"https:\/\/wpguerssen-test.odoo.rgbconsulting.com\/es\/producto\/orang-utan-cd\/","og_locale":"es_ES","og_type":"article","og_title":"ORANG-UTAN - Orang-Utan (CD) -  (CD) | Guerssen","og_description":"Orang-Utan were in fact a London based band called Hunter, featuring vocalist Terry \"Nobby\" Clarke (of psych-pop legends Jason Crest), guitar players Mick Clarke and Sid Fairman, drummer and songwriter Jeff Seopardi and bass player Paul Roberts. They recorded their sole album in 1971 at DeLane Lea studios. In a bizarre twist of events, their producers \/ managers ran with the tapes to the US, where they placed the album on Bell Records under a new band name: Orang-Utan, without telling any of the band members. #nl# A lost classic of blazing, early hard rock with minor psychedelic hangover vibes, a twin-guitar attack, and waves of fuzz\/wah, along with powerful vocals. Think Leaf Hound, Budgie, Bang, Sir Lord Baltimore, Hard Stuff... #nl# Legit reissue done in co-operation with the original band members. #nl# Insert with liner notes telling the bizarre story of the band for the first time, and rare photos. #nl# \"Quintessentially British hard-rock, transforming the blues in a way American bands rarely did, and with a kind of vocal intensity that compares to Free, Humble Pie et al\" - Aaron Milenski (Galactic Ramble) #nl# Tracklist:I Can See Inside Your Head - Slipping Away - Love Queen - Chocolate Piano - If You Leave - Fly Me High - Country Hike - Magic Playground","og_url":"https:\/\/wpguerssen-test.odoo.rgbconsulting.com\/es\/producto\/orang-utan-cd\/","og_site_name":"Guerssen records","article_modified_time":"2025-04-02T14:49:03+00:00","og_image":[{"width":1400,"height":1400,"url":"https:\/\/wpguerssen-test.odoo.rgbconsulting.com\/wp-content\/uploads\/2022\/06\/40345.jpg","type":"image\/jpeg"}],"twitter_card":"summary_large_image","twitter_title":"ORANG-UTAN - Orang-Utan (CD) -  (CD) | Guerssen","twitter_misc":{"Tiempo de lectura":"1 minuto"},"schema":{"@context":"https:\/\/schema.org","@graph":[{"@type":"WebPage","@id":"https:\/\/wpguerssen-test.odoo.rgbconsulting.com\/es\/producto\/orang-utan-cd\/","url":"https:\/\/wpguerssen-test.odoo.rgbconsulting.com\/es\/producto\/orang-utan-cd\/","name":"ORANG-UTAN - Orang-Utan (CD) - (CD) | Guerssen","isPartOf":{"@id":"https:\/\/wpguerssen-test.odoo.rgbconsulting.com\/es\/#website"},"primaryImageOfPage":{"@id":"https:\/\/wpguerssen-test.odoo.rgbconsulting.com\/es\/producto\/orang-utan-cd\/#primaryimage"},"image":{"@id":"https:\/\/wpguerssen-test.odoo.rgbconsulting.com\/es\/producto\/orang-utan-cd\/#primaryimage"},"thumbnailUrl":"https:\/\/wpguerssen-test.odoo.rgbconsulting.com\/wp-content\/uploads\/2022\/06\/40345.jpg","datePublished":"2021-08-23T22:00:00+00:00","dateModified":"2025-04-02T14:49:03+00:00","description":"Orang-Utan were in fact a London based band called Hunter, featuring vocalist Terry \"Nobby\" Clarke (of psych-pop legends Jason Crest), guitar players Mick Clarke and Sid Fairman, drummer and songwriter Jeff Seopardi and bass player Paul Roberts. They recorded their sole album in 1971 at DeLane Lea studios. In a bizarre twist of events, their producers \/ managers ran with the tapes to the US, where they placed the album on Bell Records under a new band name: Orang-Utan, without telling any of the band members. #nl# A lost classic of blazing, early hard rock with minor psychedelic hangover vibes, a twin-guitar attack, and waves of fuzz\/wah, along with powerful vocals. Think Leaf Hound, Budgie, Bang, Sir Lord Baltimore, Hard Stuff... #nl# Legit reissue done in co-operation with the original band members. #nl# Insert with liner notes telling the bizarre story of the band for the first time, and rare photos. #nl# \"Quintessentially British hard-rock, transforming the blues in a way American bands rarely did, and with a kind of vocal intensity that compares to Free, Humble Pie et al\" - Aaron Milenski (Galactic Ramble) #nl# Tracklist:I Can See Inside Your Head - Slipping Away - Love Queen - Chocolate Piano - If You Leave - Fly Me High - Country Hike - Magic Playground","breadcrumb":{"@id":"https:\/\/wpguerssen-test.odoo.rgbconsulting.com\/es\/producto\/orang-utan-cd\/#breadcrumb"},"inLanguage":"es","potentialAction":[{"@type":"ReadAction","target":["https:\/\/wpguerssen-test.odoo.rgbconsulting.com\/es\/producto\/orang-utan-cd\/"]}]},{"@type":"ImageObject","inLanguage":"es","@id":"https:\/\/wpguerssen-test.odoo.rgbconsulting.com\/es\/producto\/orang-utan-cd\/#primaryimage","url":"https:\/\/wpguerssen-test.odoo.rgbconsulting.com\/wp-content\/uploads\/2022\/06\/40345.jpg","contentUrl":"https:\/\/wpguerssen-test.odoo.rgbconsulting.com\/wp-content\/uploads\/2022\/06\/40345.jpg","width":1400,"height":1400},{"@type":"BreadcrumbList","@id":"https:\/\/wpguerssen-test.odoo.rgbconsulting.com\/es\/producto\/orang-utan-cd\/#breadcrumb","itemListElement":[{"@type":"ListItem","position":1,"name":"Inicio","item":"https:\/\/wpguerssen-test.odoo.rgbconsulting.com\/es\/"},{"@type":"ListItem","position":2,"name":"Shop","item":"https:\/\/wpguerssen-test.odoo.rgbconsulting.com\/shop\/"},{"@type":"ListItem","position":3,"name":"Orang-Utan (CD)"}]},{"@type":"WebSite","@id":"https:\/\/wpguerssen-test.odoo.rgbconsulting.com\/es\/#website","url":"https:\/\/wpguerssen-test.odoo.rgbconsulting.com\/es\/","name":"Guerssen records","description":"psychedelia - progressive - folk - garage ","publisher":{"@id":"https:\/\/wpguerssen-test.odoo.rgbconsulting.com\/es\/#organization"},"potentialAction":[{"@type":"SearchAction","target":{"@type":"EntryPoint","urlTemplate":"https:\/\/wpguerssen-test.odoo.rgbconsulting.com\/es\/?s={search_term_string}"},"query-input":{"@type":"PropertyValueSpecification","valueRequired":true,"valueName":"search_term_string"}}],"inLanguage":"es"},{"@type":"Organization","@id":"https:\/\/wpguerssen-test.odoo.rgbconsulting.com\/es\/#organization","name":"Guerssen records","url":"https:\/\/wpguerssen-test.odoo.rgbconsulting.com\/es\/","logo":{"@type":"ImageObject","inLanguage":"es","@id":"https:\/\/wpguerssen-test.odoo.rgbconsulting.com\/es\/#\/schema\/logo\/image\/","url":"https:\/\/wpguerssen-test.odoo.rgbconsulting.com\/wp-content\/uploads\/2022\/04\/Logo_Guerssen_trans_100.png","contentUrl":"https:\/\/wpguerssen-test.odoo.rgbconsulting.com\/wp-content\/uploads\/2022\/04\/Logo_Guerssen_trans_100.png","width":122,"height":100,"caption":"Guerssen records"},"image":{"@id":"https:\/\/wpguerssen-test.odoo.rgbconsulting.com\/es\/#\/schema\/logo\/image\/"}}]}},"_links":{"self":[{"href":"https:\/\/wpguerssen-test.odoo.rgbconsulting.com\/es\/wp-json\/wp\/v2\/product\/209965","targetHints":{"allow":["GET"]}}],"collection":[{"href":"https:\/\/wpguerssen-test.odoo.rgbconsulting.com\/es\/wp-json\/wp\/v2\/product"}],"about":[{"href":"https:\/\/wpguerssen-test.odoo.rgbconsulting.com\/es\/wp-json\/wp\/v2\/types\/product"}],"wp:featuredmedia":[{"embeddable":true,"href":"https:\/\/wpguerssen-test.odoo.rgbconsulting.com\/es\/wp-json\/wp\/v2\/media\/211382"}],"wp:attachment":[{"href":"https:\/\/wpguerssen-test.odoo.rgbconsulting.com\/es\/wp-json\/wp\/v2\/media?parent=209965"}],"wp:term":[{"taxonomy":"product_brand","embeddable":true,"href":"https:\/\/wpguerssen-test.odoo.rgbconsulting.com\/es\/wp-json\/wp\/v2\/product_brand?post=209965"},{"taxonomy":"product_cat","embeddable":true,"href":"https:\/\/wpguerssen-test.odoo.rgbconsulting.com\/es\/wp-json\/wp\/v2\/product_cat?post=209965"},{"taxonomy":"product_tag","embeddable":true,"href":"https:\/\/wpguerssen-test.odoo.rgbconsulting.com\/es\/wp-json\/wp\/v2\/product_tag?post=209965"}],"curies":[{"name":"wp","href":"https:\/\/api.w.org\/{rel}","templated":true}]}}