{"id":210048,"date":"2022-03-10T00:00:00","date_gmt":"2022-03-09T23:00:00","guid":{"rendered":"http:\/\/guerssen.hl1097.dinaserver.com\/product\/wganda-kenya\/"},"modified":"2025-03-06T14:04:32","modified_gmt":"2025-03-06T13:04:32","slug":"wganda-kenya","status":"publish","type":"product","link":"https:\/\/wpguerssen-test.odoo.rgbconsulting.com\/es\/producto\/wganda-kenya\/","title":{"rendered":"Wganda Kenya"},"content":{"rendered":"<p>Wganda Kenya fue un grupo creado por Discos Fuentes con la intenci\u00f3n de desarrollar un sonido afrocaribe\u00f1o para darle un toque ex\u00f3tico al sello y tratar de llegar al mercado coste\u00f1o de Colombia. <\/p>\n<p> Este disco de 1976 se ha convertido en una pieza de coleccionista que reclamaba con urgencia su reedici\u00f3n, lo cual no es dif\u00edcil de entender dado que est\u00e1 repleto de llenapistas afro-funk, de rumba congole\u00f1a o de sabor caribe\u00f1o. <\/p>\n<p> Edici\u00f3n especial que contiene 2 cortes extra no incluidos originalmente en el LP y que aparecieron durante ese mismo per\u00edodo en singles y diversas recopilaciones, as\u00ed como un encarte con notas. Prensaje en vinilo de 180 gr. <\/p>\n<p> Reeditado por primera vez.<\/p>\n","protected":false},"excerpt":{"rendered":"<p>Wganda Kenya fue un grupo creado por Discos Fuentes con la intenci\u00f3n de desarrollar un sonido afrocaribe\u00f1o para darle un toque ex\u00f3tico al sello y tratar de llegar<a class=\"read\" href=\"https:\/\/wpguerssen-test.odoo.rgbconsulting.com\/es\/producto\/wganda-kenya\/\"> (...)<\/a>","protected":false},"featured_media":158192,"template":"","meta":{"_acf_changed":false},"product_brand":[],"product_cat":[23258,23231],"product_tag":[24190],"class_list":{"0":"post-210048","1":"product","2":"type-product","3":"status-publish","4":"has-post-thumbnail","6":"product_cat-afro-funk-afrobeat-es","7":"product_cat-latin-brazilian-es","8":"product_tag-sales-es","9":"pa_artist-wganda-kenya","10":"pa_format-lp-es","11":"pa_gender-latin-brazilian-afro-funk-afrobeat","12":"pa_label-vampi-soul-es","13":"pa_location-south-america-caribbean-es","14":"pa_other-filters-vinyl-only-es","16":"first","17":"instock","18":"taxable","19":"shipping-taxable","20":"purchasable","21":"product-type-simple"},"acf":[],"yoast_head":"<!-- This site is optimized with the Yoast SEO plugin v24.9 - https:\/\/yoast.com\/wordpress\/plugins\/seo\/ -->\n<title>WGANDA KENYA - Wganda Kenya -  (LP) | Guerssen<\/title>\n<meta name=\"description\" content=\"Wganda Kenya was a group formed by Discos Fuentes under the idea of developing an African and Caribbean sound in order to appeal to the Coste;o Colombian market and also inject a little international exoticism into the label. This 1976 album has become a collector&#039;s favorite waiting to be reissued, and it&#039;s not hard to understand why since it&#039;s full of so many Afro-Funk, Congolese rumba and Caribbean-flavored dance floor burners. Special edition reissue containing two non-album bonus tracks from the same period that appeared on 45s and various artist compilations, as well as an insert with liner notes. Pressed on 180g vinyl. First time reissue.\" \/>\n<meta name=\"robots\" content=\"index, follow, max-snippet:-1, max-image-preview:large, max-video-preview:-1\" \/>\n<link rel=\"canonical\" href=\"https:\/\/wpguerssen-test.odoo.rgbconsulting.com\/es\/producto\/wganda-kenya\/\" \/>\n<meta property=\"og:locale\" content=\"es_ES\" \/>\n<meta property=\"og:type\" content=\"article\" \/>\n<meta property=\"og:title\" content=\"WGANDA KENYA - Wganda Kenya -  (LP) | Guerssen\" \/>\n<meta property=\"og:description\" content=\"Wganda Kenya was a group formed by Discos Fuentes under the idea of developing an African and Caribbean sound in order to appeal to the Coste;o Colombian market and also inject a little international exoticism into the label. This 1976 album has become a collector&#039;s favorite waiting to be reissued, and it&#039;s not hard to understand why since it&#039;s full of so many Afro-Funk, Congolese rumba and Caribbean-flavored dance floor burners. Special edition reissue containing two non-album bonus tracks from the same period that appeared on 45s and various artist compilations, as well as an insert with liner notes. Pressed on 180g vinyl. First time reissue.\" \/>\n<meta property=\"og:url\" content=\"https:\/\/wpguerssen-test.odoo.rgbconsulting.com\/es\/producto\/wganda-kenya\/\" \/>\n<meta property=\"og:site_name\" content=\"Guerssen records\" \/>\n<meta property=\"article:modified_time\" content=\"2025-03-06T13:04:32+00:00\" \/>\n<meta property=\"og:image\" content=\"https:\/\/wpguerssen-test.odoo.rgbconsulting.com\/wp-content\/uploads\/2022\/03\/40442.jpg\" \/>\n\t<meta property=\"og:image:width\" content=\"700\" \/>\n\t<meta property=\"og:image:height\" content=\"700\" \/>\n\t<meta property=\"og:image:type\" content=\"image\/jpeg\" \/>\n<meta name=\"twitter:card\" content=\"summary_large_image\" \/>\n<meta name=\"twitter:title\" content=\"WGANDA KENYA - Wganda Kenya -  (LP) | Guerssen\" \/>\n<meta name=\"twitter:label1\" content=\"Tiempo de lectura\" \/>\n\t<meta name=\"twitter:data1\" content=\"1 minuto\" \/>\n<script type=\"application\/ld+json\" class=\"yoast-schema-graph\">{\"@context\":\"https:\/\/schema.org\",\"@graph\":[{\"@type\":\"WebPage\",\"@id\":\"https:\/\/wpguerssen-test.odoo.rgbconsulting.com\/es\/producto\/wganda-kenya\/\",\"url\":\"https:\/\/wpguerssen-test.odoo.rgbconsulting.com\/es\/producto\/wganda-kenya\/\",\"name\":\"WGANDA KENYA - Wganda Kenya - (LP) | Guerssen\",\"isPartOf\":{\"@id\":\"https:\/\/wpguerssen-test.odoo.rgbconsulting.com\/es\/#website\"},\"primaryImageOfPage\":{\"@id\":\"https:\/\/wpguerssen-test.odoo.rgbconsulting.com\/es\/producto\/wganda-kenya\/#primaryimage\"},\"image\":{\"@id\":\"https:\/\/wpguerssen-test.odoo.rgbconsulting.com\/es\/producto\/wganda-kenya\/#primaryimage\"},\"thumbnailUrl\":\"https:\/\/wpguerssen-test.odoo.rgbconsulting.com\/wp-content\/uploads\/2022\/03\/40442.jpg\",\"datePublished\":\"2022-03-09T23:00:00+00:00\",\"dateModified\":\"2025-03-06T13:04:32+00:00\",\"description\":\"Wganda Kenya was a group formed by Discos Fuentes under the idea of developing an African and Caribbean sound in order to appeal to the Coste;o Colombian market and also inject a little international exoticism into the label. This 1976 album has become a collector's favorite waiting to be reissued, and it's not hard to understand why since it's full of so many Afro-Funk, Congolese rumba and Caribbean-flavored dance floor burners. Special edition reissue containing two non-album bonus tracks from the same period that appeared on 45s and various artist compilations, as well as an insert with liner notes. Pressed on 180g vinyl. First time reissue.\",\"breadcrumb\":{\"@id\":\"https:\/\/wpguerssen-test.odoo.rgbconsulting.com\/es\/producto\/wganda-kenya\/#breadcrumb\"},\"inLanguage\":\"es\",\"potentialAction\":[{\"@type\":\"ReadAction\",\"target\":[\"https:\/\/wpguerssen-test.odoo.rgbconsulting.com\/es\/producto\/wganda-kenya\/\"]}]},{\"@type\":\"ImageObject\",\"inLanguage\":\"es\",\"@id\":\"https:\/\/wpguerssen-test.odoo.rgbconsulting.com\/es\/producto\/wganda-kenya\/#primaryimage\",\"url\":\"https:\/\/wpguerssen-test.odoo.rgbconsulting.com\/wp-content\/uploads\/2022\/03\/40442.jpg\",\"contentUrl\":\"https:\/\/wpguerssen-test.odoo.rgbconsulting.com\/wp-content\/uploads\/2022\/03\/40442.jpg\",\"width\":700,\"height\":700,\"caption\":\"WGANDA KENYA - Wganda Kenya - VAMPI SOUL (LP) | Guerssen\"},{\"@type\":\"BreadcrumbList\",\"@id\":\"https:\/\/wpguerssen-test.odoo.rgbconsulting.com\/es\/producto\/wganda-kenya\/#breadcrumb\",\"itemListElement\":[{\"@type\":\"ListItem\",\"position\":1,\"name\":\"Inicio\",\"item\":\"https:\/\/wpguerssen-test.odoo.rgbconsulting.com\/es\/\"},{\"@type\":\"ListItem\",\"position\":2,\"name\":\"Shop\",\"item\":\"https:\/\/wpguerssen-test.odoo.rgbconsulting.com\/shop\/\"},{\"@type\":\"ListItem\",\"position\":3,\"name\":\"Wganda Kenya\"}]},{\"@type\":\"WebSite\",\"@id\":\"https:\/\/wpguerssen-test.odoo.rgbconsulting.com\/es\/#website\",\"url\":\"https:\/\/wpguerssen-test.odoo.rgbconsulting.com\/es\/\",\"name\":\"Guerssen records\",\"description\":\"psychedelia - progressive - folk - garage \",\"publisher\":{\"@id\":\"https:\/\/wpguerssen-test.odoo.rgbconsulting.com\/es\/#organization\"},\"potentialAction\":[{\"@type\":\"SearchAction\",\"target\":{\"@type\":\"EntryPoint\",\"urlTemplate\":\"https:\/\/wpguerssen-test.odoo.rgbconsulting.com\/es\/?s={search_term_string}\"},\"query-input\":{\"@type\":\"PropertyValueSpecification\",\"valueRequired\":true,\"valueName\":\"search_term_string\"}}],\"inLanguage\":\"es\"},{\"@type\":\"Organization\",\"@id\":\"https:\/\/wpguerssen-test.odoo.rgbconsulting.com\/es\/#organization\",\"name\":\"Guerssen records\",\"url\":\"https:\/\/wpguerssen-test.odoo.rgbconsulting.com\/es\/\",\"logo\":{\"@type\":\"ImageObject\",\"inLanguage\":\"es\",\"@id\":\"https:\/\/wpguerssen-test.odoo.rgbconsulting.com\/es\/#\/schema\/logo\/image\/\",\"url\":\"https:\/\/wpguerssen-test.odoo.rgbconsulting.com\/wp-content\/uploads\/2022\/04\/Logo_Guerssen_trans_100.png\",\"contentUrl\":\"https:\/\/wpguerssen-test.odoo.rgbconsulting.com\/wp-content\/uploads\/2022\/04\/Logo_Guerssen_trans_100.png\",\"width\":122,\"height\":100,\"caption\":\"Guerssen records\"},\"image\":{\"@id\":\"https:\/\/wpguerssen-test.odoo.rgbconsulting.com\/es\/#\/schema\/logo\/image\/\"}}]}<\/script>\n<!-- \/ Yoast SEO plugin. -->","yoast_head_json":{"title":"WGANDA KENYA - Wganda Kenya -  (LP) | Guerssen","description":"Wganda Kenya was a group formed by Discos Fuentes under the idea of developing an African and Caribbean sound in order to appeal to the Coste;o Colombian market and also inject a little international exoticism into the label. This 1976 album has become a collector's favorite waiting to be reissued, and it's not hard to understand why since it's full of so many Afro-Funk, Congolese rumba and Caribbean-flavored dance floor burners. Special edition reissue containing two non-album bonus tracks from the same period that appeared on 45s and various artist compilations, as well as an insert with liner notes. Pressed on 180g vinyl. First time reissue.","robots":{"index":"index","follow":"follow","max-snippet":"max-snippet:-1","max-image-preview":"max-image-preview:large","max-video-preview":"max-video-preview:-1"},"canonical":"https:\/\/wpguerssen-test.odoo.rgbconsulting.com\/es\/producto\/wganda-kenya\/","og_locale":"es_ES","og_type":"article","og_title":"WGANDA KENYA - Wganda Kenya -  (LP) | Guerssen","og_description":"Wganda Kenya was a group formed by Discos Fuentes under the idea of developing an African and Caribbean sound in order to appeal to the Coste;o Colombian market and also inject a little international exoticism into the label. This 1976 album has become a collector's favorite waiting to be reissued, and it's not hard to understand why since it's full of so many Afro-Funk, Congolese rumba and Caribbean-flavored dance floor burners. Special edition reissue containing two non-album bonus tracks from the same period that appeared on 45s and various artist compilations, as well as an insert with liner notes. Pressed on 180g vinyl. First time reissue.","og_url":"https:\/\/wpguerssen-test.odoo.rgbconsulting.com\/es\/producto\/wganda-kenya\/","og_site_name":"Guerssen records","article_modified_time":"2025-03-06T13:04:32+00:00","og_image":[{"width":700,"height":700,"url":"https:\/\/wpguerssen-test.odoo.rgbconsulting.com\/wp-content\/uploads\/2022\/03\/40442.jpg","type":"image\/jpeg"}],"twitter_card":"summary_large_image","twitter_title":"WGANDA KENYA - Wganda Kenya -  (LP) | Guerssen","twitter_misc":{"Tiempo de lectura":"1 minuto"},"schema":{"@context":"https:\/\/schema.org","@graph":[{"@type":"WebPage","@id":"https:\/\/wpguerssen-test.odoo.rgbconsulting.com\/es\/producto\/wganda-kenya\/","url":"https:\/\/wpguerssen-test.odoo.rgbconsulting.com\/es\/producto\/wganda-kenya\/","name":"WGANDA KENYA - Wganda Kenya - (LP) | Guerssen","isPartOf":{"@id":"https:\/\/wpguerssen-test.odoo.rgbconsulting.com\/es\/#website"},"primaryImageOfPage":{"@id":"https:\/\/wpguerssen-test.odoo.rgbconsulting.com\/es\/producto\/wganda-kenya\/#primaryimage"},"image":{"@id":"https:\/\/wpguerssen-test.odoo.rgbconsulting.com\/es\/producto\/wganda-kenya\/#primaryimage"},"thumbnailUrl":"https:\/\/wpguerssen-test.odoo.rgbconsulting.com\/wp-content\/uploads\/2022\/03\/40442.jpg","datePublished":"2022-03-09T23:00:00+00:00","dateModified":"2025-03-06T13:04:32+00:00","description":"Wganda Kenya was a group formed by Discos Fuentes under the idea of developing an African and Caribbean sound in order to appeal to the Coste;o Colombian market and also inject a little international exoticism into the label. This 1976 album has become a collector's favorite waiting to be reissued, and it's not hard to understand why since it's full of so many Afro-Funk, Congolese rumba and Caribbean-flavored dance floor burners. Special edition reissue containing two non-album bonus tracks from the same period that appeared on 45s and various artist compilations, as well as an insert with liner notes. Pressed on 180g vinyl. First time reissue.","breadcrumb":{"@id":"https:\/\/wpguerssen-test.odoo.rgbconsulting.com\/es\/producto\/wganda-kenya\/#breadcrumb"},"inLanguage":"es","potentialAction":[{"@type":"ReadAction","target":["https:\/\/wpguerssen-test.odoo.rgbconsulting.com\/es\/producto\/wganda-kenya\/"]}]},{"@type":"ImageObject","inLanguage":"es","@id":"https:\/\/wpguerssen-test.odoo.rgbconsulting.com\/es\/producto\/wganda-kenya\/#primaryimage","url":"https:\/\/wpguerssen-test.odoo.rgbconsulting.com\/wp-content\/uploads\/2022\/03\/40442.jpg","contentUrl":"https:\/\/wpguerssen-test.odoo.rgbconsulting.com\/wp-content\/uploads\/2022\/03\/40442.jpg","width":700,"height":700,"caption":"WGANDA KENYA - Wganda Kenya - VAMPI SOUL (LP) | Guerssen"},{"@type":"BreadcrumbList","@id":"https:\/\/wpguerssen-test.odoo.rgbconsulting.com\/es\/producto\/wganda-kenya\/#breadcrumb","itemListElement":[{"@type":"ListItem","position":1,"name":"Inicio","item":"https:\/\/wpguerssen-test.odoo.rgbconsulting.com\/es\/"},{"@type":"ListItem","position":2,"name":"Shop","item":"https:\/\/wpguerssen-test.odoo.rgbconsulting.com\/shop\/"},{"@type":"ListItem","position":3,"name":"Wganda Kenya"}]},{"@type":"WebSite","@id":"https:\/\/wpguerssen-test.odoo.rgbconsulting.com\/es\/#website","url":"https:\/\/wpguerssen-test.odoo.rgbconsulting.com\/es\/","name":"Guerssen records","description":"psychedelia - progressive - folk - garage ","publisher":{"@id":"https:\/\/wpguerssen-test.odoo.rgbconsulting.com\/es\/#organization"},"potentialAction":[{"@type":"SearchAction","target":{"@type":"EntryPoint","urlTemplate":"https:\/\/wpguerssen-test.odoo.rgbconsulting.com\/es\/?s={search_term_string}"},"query-input":{"@type":"PropertyValueSpecification","valueRequired":true,"valueName":"search_term_string"}}],"inLanguage":"es"},{"@type":"Organization","@id":"https:\/\/wpguerssen-test.odoo.rgbconsulting.com\/es\/#organization","name":"Guerssen records","url":"https:\/\/wpguerssen-test.odoo.rgbconsulting.com\/es\/","logo":{"@type":"ImageObject","inLanguage":"es","@id":"https:\/\/wpguerssen-test.odoo.rgbconsulting.com\/es\/#\/schema\/logo\/image\/","url":"https:\/\/wpguerssen-test.odoo.rgbconsulting.com\/wp-content\/uploads\/2022\/04\/Logo_Guerssen_trans_100.png","contentUrl":"https:\/\/wpguerssen-test.odoo.rgbconsulting.com\/wp-content\/uploads\/2022\/04\/Logo_Guerssen_trans_100.png","width":122,"height":100,"caption":"Guerssen records"},"image":{"@id":"https:\/\/wpguerssen-test.odoo.rgbconsulting.com\/es\/#\/schema\/logo\/image\/"}}]}},"_links":{"self":[{"href":"https:\/\/wpguerssen-test.odoo.rgbconsulting.com\/es\/wp-json\/wp\/v2\/product\/210048","targetHints":{"allow":["GET"]}}],"collection":[{"href":"https:\/\/wpguerssen-test.odoo.rgbconsulting.com\/es\/wp-json\/wp\/v2\/product"}],"about":[{"href":"https:\/\/wpguerssen-test.odoo.rgbconsulting.com\/es\/wp-json\/wp\/v2\/types\/product"}],"wp:featuredmedia":[{"embeddable":true,"href":"https:\/\/wpguerssen-test.odoo.rgbconsulting.com\/es\/wp-json\/wp\/v2\/media\/158192"}],"wp:attachment":[{"href":"https:\/\/wpguerssen-test.odoo.rgbconsulting.com\/es\/wp-json\/wp\/v2\/media?parent=210048"}],"wp:term":[{"taxonomy":"product_brand","embeddable":true,"href":"https:\/\/wpguerssen-test.odoo.rgbconsulting.com\/es\/wp-json\/wp\/v2\/product_brand?post=210048"},{"taxonomy":"product_cat","embeddable":true,"href":"https:\/\/wpguerssen-test.odoo.rgbconsulting.com\/es\/wp-json\/wp\/v2\/product_cat?post=210048"},{"taxonomy":"product_tag","embeddable":true,"href":"https:\/\/wpguerssen-test.odoo.rgbconsulting.com\/es\/wp-json\/wp\/v2\/product_tag?post=210048"}],"curies":[{"name":"wp","href":"https:\/\/api.w.org\/{rel}","templated":true}]}}