{"id":210076,"date":"2022-10-07T00:00:00","date_gmt":"2022-10-06T22:00:00","guid":{"rendered":"http:\/\/guerssen.hl1097.dinaserver.com\/product\/piano-dazibao\/"},"modified":"2024-07-01T18:30:32","modified_gmt":"2024-07-01T16:30:32","slug":"piano-dazibao","status":"publish","type":"product","link":"https:\/\/wpguerssen-test.odoo.rgbconsulting.com\/es\/producto\/piano-dazibao\/","title":{"rendered":"Piano Dazibao"},"content":{"rendered":"<p>Fran\u00e7ois Tusques fue autodidacta y su trabajo estuvo influenciado por Jelly Roll Morton y Earl Hines antes de descubrir a Thelonious Monk, Bud Powell y luego&#8230; el free jazz. En Par\u00eds en 1965, Tusques se mezcl\u00f3 con Michel Portal, Fran\u00e7ois Jeanneau, Jean-Fran\u00e7ois Jenny-Clark, Aldo Romano o Jacques Thollot. Tambi\u00e9n conoci\u00f3 a Don Cherry y sobre todo grab\u00f3, con otros franceses afines (Portal y Jeanneau junto a Bernard Vitet, Beb Gu\u00e9rin y Charles Saudrais), el primer \u00e1lbum de free jazz en Francia, llamado&#8230; Free Jazz.<\/p>\n<p>En 1967, Tusques volvi\u00f3 a presentar Le Nouveau Jazz, esta vez en compa\u00f1\u00eda de Barney Wilen (y Gu\u00e9rin, Jenny-Clark, Romano). Tres a\u00f1os despu\u00e9s su sed de libertad lo llev\u00f3 al aislamiento; entre mayo y septiembre de 1970, el pianista grab\u00f3 en su casa el primero de dos discos que editar\u00eda en Futura Records: Piano Dazibao y Dazibao Ndeg2. <\/p>\n<p> Bajo la influencia de Mao y Lewis Carroll, el esp\u00edritu libre deambul\u00f3 y compuso siete temas menos libres que libertarios. Como homenaje a algunos amigos (Don Cherry, Sunny Murray, Archie Shepp, Clifford Thornton pero tambi\u00e9n Colette Magny, Michel Le Bris o el Th\u00e9\u00e2tre du Ch\u00eane Noir), el pianista toc\u00f3 ramos de notas en cascada, vagabundeos de forma libre, blues emboscado bailes, gru\u00f1idos, disonancias, un r\u00e9quiem fatal&#8230; Una libertad anhelada, cantos de esperanza y reivindicaciones, Fran\u00e7ois Tusques ofrece el m\u00e1s implacable de los discos independientes.<\/p>\n","protected":false},"excerpt":{"rendered":"<p>Fran\u00e7ois Tusques fue autodidacta y su trabajo estuvo influenciado por Jelly Roll Morton y Earl Hines antes de descubrir a Thelonious Monk, Bud Powell y luego&#8230;<a class=\"read\" href=\"https:\/\/wpguerssen-test.odoo.rgbconsulting.com\/es\/producto\/piano-dazibao\/\"> (...)<\/a>","protected":false},"featured_media":158212,"template":"","meta":{"_acf_changed":false},"product_brand":[],"product_cat":[23227,23218],"product_tag":[],"class_list":{"0":"post-210076","1":"product","2":"type-product","3":"status-publish","4":"has-post-thumbnail","6":"product_cat-jazz-es","7":"product_cat-free-jazz-es","8":"pa_artist-tusques-francois","9":"pa_format-lp-es","10":"pa_gender-jazz-free-jazz","11":"pa_label-soufflecontinu","12":"pa_location-europe-es","13":"pa_other-filters-vinyl-only-es","15":"first","16":"instock","17":"taxable","18":"shipping-taxable","19":"purchasable","20":"product-type-simple"},"acf":[],"yoast_head":"<!-- This site is optimized with the Yoast SEO plugin v24.9 - https:\/\/yoast.com\/wordpress\/plugins\/seo\/ -->\n<title>TUSQUES, Fran\u00e7ois - Piano Dazibao -  (LP) | Guerssen<\/title>\n<meta name=\"description\" content=\"To avoid the &quot;Qu\u00e9saco?&quot; on the sleeve of Piano Dazibao, Fran\u00e7ois Tusques explains everything: A wall mural on which the Red Guard expressed their opinions during the Chinese proletarian cultural revolution. So much for the &quot;Dazibao&quot;, very good; but the piano in all that? #nl# The piano, Fran\u00e7ois Tusques was self-taught and his work was influenced by Jelly Roll Morton and Earl Hines before discovering Thelonious Monk, Bud Powell and then... free jazz. In Paris in 1965, Tusques mixed with Michel Portal, Fran\u00e7ois Jeanneau, Jean-Fran\u00e7ois Jenny-Clark, Aldo Romano or Jacques Thollot. He also met Don Cherry and above all recorded, with other like-minded Frenchmen (Portal and Jeanneau alongside Bernard Vitet, Beb Gu\u00e9rin and Charles Saudrais), the first album of free jazz in France, named... Free Jazz. #nl# In 1967, Tusques again served up Le Nouveau Jazz, this time in the company of Barney Wilen (and Gu\u00e9rin, Jenny-Clark, Romano). Three years later his thirst for freedom led him to isolation; between May and September 1970, the pianist recorded, at his home, the first of two albums that he would release on Futura Records: Piano Dazibao and Dazibao Ndeg2. #nl# Under the influence of Mao and Lewis Carroll, the free spirit roamed and composed seven tracks which are not so much free as libertarian. As an homage to some friends (Don Cherry, Sunny Murray, Archie Shepp, Clifford Thornton but also Colette Magny, Michel Le Bris or the Th\u00e9\u00e2tre du Ch\u00eane Noir), the pianist played cascading bouquets of notes, free-form wanderings, blues-ambushed dances, growls, discords, a fatal requiem... A cherished freedom, songs of hope and demands, Fran\u00e7ois Tusques offers the most unrelenting of independent records.\" \/>\n<meta name=\"robots\" content=\"index, follow, max-snippet:-1, max-image-preview:large, max-video-preview:-1\" \/>\n<link rel=\"canonical\" href=\"https:\/\/wpguerssen-test.odoo.rgbconsulting.com\/es\/producto\/piano-dazibao\/\" \/>\n<meta property=\"og:locale\" content=\"es_ES\" \/>\n<meta property=\"og:type\" content=\"article\" \/>\n<meta property=\"og:title\" content=\"TUSQUES, Fran\u00e7ois - Piano Dazibao -  (LP) | Guerssen\" \/>\n<meta property=\"og:description\" content=\"To avoid the &quot;Qu\u00e9saco?&quot; on the sleeve of Piano Dazibao, Fran\u00e7ois Tusques explains everything: A wall mural on which the Red Guard expressed their opinions during the Chinese proletarian cultural revolution. So much for the &quot;Dazibao&quot;, very good; but the piano in all that? #nl# The piano, Fran\u00e7ois Tusques was self-taught and his work was influenced by Jelly Roll Morton and Earl Hines before discovering Thelonious Monk, Bud Powell and then... free jazz. In Paris in 1965, Tusques mixed with Michel Portal, Fran\u00e7ois Jeanneau, Jean-Fran\u00e7ois Jenny-Clark, Aldo Romano or Jacques Thollot. He also met Don Cherry and above all recorded, with other like-minded Frenchmen (Portal and Jeanneau alongside Bernard Vitet, Beb Gu\u00e9rin and Charles Saudrais), the first album of free jazz in France, named... Free Jazz. #nl# In 1967, Tusques again served up Le Nouveau Jazz, this time in the company of Barney Wilen (and Gu\u00e9rin, Jenny-Clark, Romano). Three years later his thirst for freedom led him to isolation; between May and September 1970, the pianist recorded, at his home, the first of two albums that he would release on Futura Records: Piano Dazibao and Dazibao Ndeg2. #nl# Under the influence of Mao and Lewis Carroll, the free spirit roamed and composed seven tracks which are not so much free as libertarian. As an homage to some friends (Don Cherry, Sunny Murray, Archie Shepp, Clifford Thornton but also Colette Magny, Michel Le Bris or the Th\u00e9\u00e2tre du Ch\u00eane Noir), the pianist played cascading bouquets of notes, free-form wanderings, blues-ambushed dances, growls, discords, a fatal requiem... A cherished freedom, songs of hope and demands, Fran\u00e7ois Tusques offers the most unrelenting of independent records.\" \/>\n<meta property=\"og:url\" content=\"https:\/\/wpguerssen-test.odoo.rgbconsulting.com\/es\/producto\/piano-dazibao\/\" \/>\n<meta property=\"og:site_name\" content=\"Guerssen records\" \/>\n<meta property=\"article:modified_time\" content=\"2024-07-01T16:30:32+00:00\" \/>\n<meta property=\"og:image\" content=\"https:\/\/wpguerssen-test.odoo.rgbconsulting.com\/wp-content\/uploads\/2022\/03\/40471.jpg\" \/>\n\t<meta property=\"og:image:width\" content=\"2004\" \/>\n\t<meta property=\"og:image:height\" content=\"2000\" \/>\n\t<meta property=\"og:image:type\" content=\"image\/jpeg\" \/>\n<meta name=\"twitter:card\" content=\"summary_large_image\" \/>\n<meta name=\"twitter:title\" content=\"TUSQUES, Fran\u00e7ois - Piano Dazibao -  (LP) | Guerssen\" \/>\n<meta name=\"twitter:label1\" content=\"Tiempo de lectura\" \/>\n\t<meta name=\"twitter:data1\" content=\"1 minuto\" \/>\n<script type=\"application\/ld+json\" class=\"yoast-schema-graph\">{\"@context\":\"https:\/\/schema.org\",\"@graph\":[{\"@type\":\"WebPage\",\"@id\":\"https:\/\/wpguerssen-test.odoo.rgbconsulting.com\/es\/producto\/piano-dazibao\/\",\"url\":\"https:\/\/wpguerssen-test.odoo.rgbconsulting.com\/es\/producto\/piano-dazibao\/\",\"name\":\"TUSQUES, Fran\u00e7ois - Piano Dazibao - (LP) | Guerssen\",\"isPartOf\":{\"@id\":\"https:\/\/wpguerssen-test.odoo.rgbconsulting.com\/es\/#website\"},\"primaryImageOfPage\":{\"@id\":\"https:\/\/wpguerssen-test.odoo.rgbconsulting.com\/es\/producto\/piano-dazibao\/#primaryimage\"},\"image\":{\"@id\":\"https:\/\/wpguerssen-test.odoo.rgbconsulting.com\/es\/producto\/piano-dazibao\/#primaryimage\"},\"thumbnailUrl\":\"https:\/\/wpguerssen-test.odoo.rgbconsulting.com\/wp-content\/uploads\/2022\/03\/40471.jpg\",\"datePublished\":\"2022-10-06T22:00:00+00:00\",\"dateModified\":\"2024-07-01T16:30:32+00:00\",\"description\":\"To avoid the \\\"Qu\u00e9saco?\\\" on the sleeve of Piano Dazibao, Fran\u00e7ois Tusques explains everything: A wall mural on which the Red Guard expressed their opinions during the Chinese proletarian cultural revolution. So much for the \\\"Dazibao\\\", very good; but the piano in all that? #nl# The piano, Fran\u00e7ois Tusques was self-taught and his work was influenced by Jelly Roll Morton and Earl Hines before discovering Thelonious Monk, Bud Powell and then... free jazz. In Paris in 1965, Tusques mixed with Michel Portal, Fran\u00e7ois Jeanneau, Jean-Fran\u00e7ois Jenny-Clark, Aldo Romano or Jacques Thollot. He also met Don Cherry and above all recorded, with other like-minded Frenchmen (Portal and Jeanneau alongside Bernard Vitet, Beb Gu\u00e9rin and Charles Saudrais), the first album of free jazz in France, named... Free Jazz. #nl# In 1967, Tusques again served up Le Nouveau Jazz, this time in the company of Barney Wilen (and Gu\u00e9rin, Jenny-Clark, Romano). Three years later his thirst for freedom led him to isolation; between May and September 1970, the pianist recorded, at his home, the first of two albums that he would release on Futura Records: Piano Dazibao and Dazibao Ndeg2. #nl# Under the influence of Mao and Lewis Carroll, the free spirit roamed and composed seven tracks which are not so much free as libertarian. As an homage to some friends (Don Cherry, Sunny Murray, Archie Shepp, Clifford Thornton but also Colette Magny, Michel Le Bris or the Th\u00e9\u00e2tre du Ch\u00eane Noir), the pianist played cascading bouquets of notes, free-form wanderings, blues-ambushed dances, growls, discords, a fatal requiem... A cherished freedom, songs of hope and demands, Fran\u00e7ois Tusques offers the most unrelenting of independent records.\",\"breadcrumb\":{\"@id\":\"https:\/\/wpguerssen-test.odoo.rgbconsulting.com\/es\/producto\/piano-dazibao\/#breadcrumb\"},\"inLanguage\":\"es\",\"potentialAction\":[{\"@type\":\"ReadAction\",\"target\":[\"https:\/\/wpguerssen-test.odoo.rgbconsulting.com\/es\/producto\/piano-dazibao\/\"]}]},{\"@type\":\"ImageObject\",\"inLanguage\":\"es\",\"@id\":\"https:\/\/wpguerssen-test.odoo.rgbconsulting.com\/es\/producto\/piano-dazibao\/#primaryimage\",\"url\":\"https:\/\/wpguerssen-test.odoo.rgbconsulting.com\/wp-content\/uploads\/2022\/03\/40471.jpg\",\"contentUrl\":\"https:\/\/wpguerssen-test.odoo.rgbconsulting.com\/wp-content\/uploads\/2022\/03\/40471.jpg\",\"width\":2004,\"height\":2000,\"caption\":\"Fran\u00e7ois - Piano Dazibao - SOUFFLECONTINU (LP) | Guerssen\"},{\"@type\":\"BreadcrumbList\",\"@id\":\"https:\/\/wpguerssen-test.odoo.rgbconsulting.com\/es\/producto\/piano-dazibao\/#breadcrumb\",\"itemListElement\":[{\"@type\":\"ListItem\",\"position\":1,\"name\":\"Inicio\",\"item\":\"https:\/\/wpguerssen-test.odoo.rgbconsulting.com\/es\/\"},{\"@type\":\"ListItem\",\"position\":2,\"name\":\"Shop\",\"item\":\"https:\/\/wpguerssen-test.odoo.rgbconsulting.com\/shop\/\"},{\"@type\":\"ListItem\",\"position\":3,\"name\":\"Piano Dazibao\"}]},{\"@type\":\"WebSite\",\"@id\":\"https:\/\/wpguerssen-test.odoo.rgbconsulting.com\/es\/#website\",\"url\":\"https:\/\/wpguerssen-test.odoo.rgbconsulting.com\/es\/\",\"name\":\"Guerssen records\",\"description\":\"psychedelia - progressive - folk - garage \",\"publisher\":{\"@id\":\"https:\/\/wpguerssen-test.odoo.rgbconsulting.com\/es\/#organization\"},\"potentialAction\":[{\"@type\":\"SearchAction\",\"target\":{\"@type\":\"EntryPoint\",\"urlTemplate\":\"https:\/\/wpguerssen-test.odoo.rgbconsulting.com\/es\/?s={search_term_string}\"},\"query-input\":{\"@type\":\"PropertyValueSpecification\",\"valueRequired\":true,\"valueName\":\"search_term_string\"}}],\"inLanguage\":\"es\"},{\"@type\":\"Organization\",\"@id\":\"https:\/\/wpguerssen-test.odoo.rgbconsulting.com\/es\/#organization\",\"name\":\"Guerssen records\",\"url\":\"https:\/\/wpguerssen-test.odoo.rgbconsulting.com\/es\/\",\"logo\":{\"@type\":\"ImageObject\",\"inLanguage\":\"es\",\"@id\":\"https:\/\/wpguerssen-test.odoo.rgbconsulting.com\/es\/#\/schema\/logo\/image\/\",\"url\":\"https:\/\/wpguerssen-test.odoo.rgbconsulting.com\/wp-content\/uploads\/2022\/04\/Logo_Guerssen_trans_100.png\",\"contentUrl\":\"https:\/\/wpguerssen-test.odoo.rgbconsulting.com\/wp-content\/uploads\/2022\/04\/Logo_Guerssen_trans_100.png\",\"width\":122,\"height\":100,\"caption\":\"Guerssen records\"},\"image\":{\"@id\":\"https:\/\/wpguerssen-test.odoo.rgbconsulting.com\/es\/#\/schema\/logo\/image\/\"}}]}<\/script>\n<!-- \/ Yoast SEO plugin. -->","yoast_head_json":{"title":"TUSQUES, Fran\u00e7ois - Piano Dazibao -  (LP) | Guerssen","description":"To avoid the \"Qu\u00e9saco?\" on the sleeve of Piano Dazibao, Fran\u00e7ois Tusques explains everything: A wall mural on which the Red Guard expressed their opinions during the Chinese proletarian cultural revolution. So much for the \"Dazibao\", very good; but the piano in all that? #nl# The piano, Fran\u00e7ois Tusques was self-taught and his work was influenced by Jelly Roll Morton and Earl Hines before discovering Thelonious Monk, Bud Powell and then... free jazz. In Paris in 1965, Tusques mixed with Michel Portal, Fran\u00e7ois Jeanneau, Jean-Fran\u00e7ois Jenny-Clark, Aldo Romano or Jacques Thollot. He also met Don Cherry and above all recorded, with other like-minded Frenchmen (Portal and Jeanneau alongside Bernard Vitet, Beb Gu\u00e9rin and Charles Saudrais), the first album of free jazz in France, named... Free Jazz. #nl# In 1967, Tusques again served up Le Nouveau Jazz, this time in the company of Barney Wilen (and Gu\u00e9rin, Jenny-Clark, Romano). Three years later his thirst for freedom led him to isolation; between May and September 1970, the pianist recorded, at his home, the first of two albums that he would release on Futura Records: Piano Dazibao and Dazibao Ndeg2. #nl# Under the influence of Mao and Lewis Carroll, the free spirit roamed and composed seven tracks which are not so much free as libertarian. As an homage to some friends (Don Cherry, Sunny Murray, Archie Shepp, Clifford Thornton but also Colette Magny, Michel Le Bris or the Th\u00e9\u00e2tre du Ch\u00eane Noir), the pianist played cascading bouquets of notes, free-form wanderings, blues-ambushed dances, growls, discords, a fatal requiem... A cherished freedom, songs of hope and demands, Fran\u00e7ois Tusques offers the most unrelenting of independent records.","robots":{"index":"index","follow":"follow","max-snippet":"max-snippet:-1","max-image-preview":"max-image-preview:large","max-video-preview":"max-video-preview:-1"},"canonical":"https:\/\/wpguerssen-test.odoo.rgbconsulting.com\/es\/producto\/piano-dazibao\/","og_locale":"es_ES","og_type":"article","og_title":"TUSQUES, Fran\u00e7ois - Piano Dazibao -  (LP) | Guerssen","og_description":"To avoid the \"Qu\u00e9saco?\" on the sleeve of Piano Dazibao, Fran\u00e7ois Tusques explains everything: A wall mural on which the Red Guard expressed their opinions during the Chinese proletarian cultural revolution. So much for the \"Dazibao\", very good; but the piano in all that? #nl# The piano, Fran\u00e7ois Tusques was self-taught and his work was influenced by Jelly Roll Morton and Earl Hines before discovering Thelonious Monk, Bud Powell and then... free jazz. In Paris in 1965, Tusques mixed with Michel Portal, Fran\u00e7ois Jeanneau, Jean-Fran\u00e7ois Jenny-Clark, Aldo Romano or Jacques Thollot. He also met Don Cherry and above all recorded, with other like-minded Frenchmen (Portal and Jeanneau alongside Bernard Vitet, Beb Gu\u00e9rin and Charles Saudrais), the first album of free jazz in France, named... Free Jazz. #nl# In 1967, Tusques again served up Le Nouveau Jazz, this time in the company of Barney Wilen (and Gu\u00e9rin, Jenny-Clark, Romano). Three years later his thirst for freedom led him to isolation; between May and September 1970, the pianist recorded, at his home, the first of two albums that he would release on Futura Records: Piano Dazibao and Dazibao Ndeg2. #nl# Under the influence of Mao and Lewis Carroll, the free spirit roamed and composed seven tracks which are not so much free as libertarian. As an homage to some friends (Don Cherry, Sunny Murray, Archie Shepp, Clifford Thornton but also Colette Magny, Michel Le Bris or the Th\u00e9\u00e2tre du Ch\u00eane Noir), the pianist played cascading bouquets of notes, free-form wanderings, blues-ambushed dances, growls, discords, a fatal requiem... A cherished freedom, songs of hope and demands, Fran\u00e7ois Tusques offers the most unrelenting of independent records.","og_url":"https:\/\/wpguerssen-test.odoo.rgbconsulting.com\/es\/producto\/piano-dazibao\/","og_site_name":"Guerssen records","article_modified_time":"2024-07-01T16:30:32+00:00","og_image":[{"width":2004,"height":2000,"url":"https:\/\/wpguerssen-test.odoo.rgbconsulting.com\/wp-content\/uploads\/2022\/03\/40471.jpg","type":"image\/jpeg"}],"twitter_card":"summary_large_image","twitter_title":"TUSQUES, Fran\u00e7ois - Piano Dazibao -  (LP) | Guerssen","twitter_misc":{"Tiempo de lectura":"1 minuto"},"schema":{"@context":"https:\/\/schema.org","@graph":[{"@type":"WebPage","@id":"https:\/\/wpguerssen-test.odoo.rgbconsulting.com\/es\/producto\/piano-dazibao\/","url":"https:\/\/wpguerssen-test.odoo.rgbconsulting.com\/es\/producto\/piano-dazibao\/","name":"TUSQUES, Fran\u00e7ois - Piano Dazibao - (LP) | Guerssen","isPartOf":{"@id":"https:\/\/wpguerssen-test.odoo.rgbconsulting.com\/es\/#website"},"primaryImageOfPage":{"@id":"https:\/\/wpguerssen-test.odoo.rgbconsulting.com\/es\/producto\/piano-dazibao\/#primaryimage"},"image":{"@id":"https:\/\/wpguerssen-test.odoo.rgbconsulting.com\/es\/producto\/piano-dazibao\/#primaryimage"},"thumbnailUrl":"https:\/\/wpguerssen-test.odoo.rgbconsulting.com\/wp-content\/uploads\/2022\/03\/40471.jpg","datePublished":"2022-10-06T22:00:00+00:00","dateModified":"2024-07-01T16:30:32+00:00","description":"To avoid the \"Qu\u00e9saco?\" on the sleeve of Piano Dazibao, Fran\u00e7ois Tusques explains everything: A wall mural on which the Red Guard expressed their opinions during the Chinese proletarian cultural revolution. So much for the \"Dazibao\", very good; but the piano in all that? #nl# The piano, Fran\u00e7ois Tusques was self-taught and his work was influenced by Jelly Roll Morton and Earl Hines before discovering Thelonious Monk, Bud Powell and then... free jazz. In Paris in 1965, Tusques mixed with Michel Portal, Fran\u00e7ois Jeanneau, Jean-Fran\u00e7ois Jenny-Clark, Aldo Romano or Jacques Thollot. He also met Don Cherry and above all recorded, with other like-minded Frenchmen (Portal and Jeanneau alongside Bernard Vitet, Beb Gu\u00e9rin and Charles Saudrais), the first album of free jazz in France, named... Free Jazz. #nl# In 1967, Tusques again served up Le Nouveau Jazz, this time in the company of Barney Wilen (and Gu\u00e9rin, Jenny-Clark, Romano). Three years later his thirst for freedom led him to isolation; between May and September 1970, the pianist recorded, at his home, the first of two albums that he would release on Futura Records: Piano Dazibao and Dazibao Ndeg2. #nl# Under the influence of Mao and Lewis Carroll, the free spirit roamed and composed seven tracks which are not so much free as libertarian. As an homage to some friends (Don Cherry, Sunny Murray, Archie Shepp, Clifford Thornton but also Colette Magny, Michel Le Bris or the Th\u00e9\u00e2tre du Ch\u00eane Noir), the pianist played cascading bouquets of notes, free-form wanderings, blues-ambushed dances, growls, discords, a fatal requiem... A cherished freedom, songs of hope and demands, Fran\u00e7ois Tusques offers the most unrelenting of independent records.","breadcrumb":{"@id":"https:\/\/wpguerssen-test.odoo.rgbconsulting.com\/es\/producto\/piano-dazibao\/#breadcrumb"},"inLanguage":"es","potentialAction":[{"@type":"ReadAction","target":["https:\/\/wpguerssen-test.odoo.rgbconsulting.com\/es\/producto\/piano-dazibao\/"]}]},{"@type":"ImageObject","inLanguage":"es","@id":"https:\/\/wpguerssen-test.odoo.rgbconsulting.com\/es\/producto\/piano-dazibao\/#primaryimage","url":"https:\/\/wpguerssen-test.odoo.rgbconsulting.com\/wp-content\/uploads\/2022\/03\/40471.jpg","contentUrl":"https:\/\/wpguerssen-test.odoo.rgbconsulting.com\/wp-content\/uploads\/2022\/03\/40471.jpg","width":2004,"height":2000,"caption":"Fran\u00e7ois - Piano Dazibao - SOUFFLECONTINU (LP) | Guerssen"},{"@type":"BreadcrumbList","@id":"https:\/\/wpguerssen-test.odoo.rgbconsulting.com\/es\/producto\/piano-dazibao\/#breadcrumb","itemListElement":[{"@type":"ListItem","position":1,"name":"Inicio","item":"https:\/\/wpguerssen-test.odoo.rgbconsulting.com\/es\/"},{"@type":"ListItem","position":2,"name":"Shop","item":"https:\/\/wpguerssen-test.odoo.rgbconsulting.com\/shop\/"},{"@type":"ListItem","position":3,"name":"Piano Dazibao"}]},{"@type":"WebSite","@id":"https:\/\/wpguerssen-test.odoo.rgbconsulting.com\/es\/#website","url":"https:\/\/wpguerssen-test.odoo.rgbconsulting.com\/es\/","name":"Guerssen records","description":"psychedelia - progressive - folk - garage ","publisher":{"@id":"https:\/\/wpguerssen-test.odoo.rgbconsulting.com\/es\/#organization"},"potentialAction":[{"@type":"SearchAction","target":{"@type":"EntryPoint","urlTemplate":"https:\/\/wpguerssen-test.odoo.rgbconsulting.com\/es\/?s={search_term_string}"},"query-input":{"@type":"PropertyValueSpecification","valueRequired":true,"valueName":"search_term_string"}}],"inLanguage":"es"},{"@type":"Organization","@id":"https:\/\/wpguerssen-test.odoo.rgbconsulting.com\/es\/#organization","name":"Guerssen records","url":"https:\/\/wpguerssen-test.odoo.rgbconsulting.com\/es\/","logo":{"@type":"ImageObject","inLanguage":"es","@id":"https:\/\/wpguerssen-test.odoo.rgbconsulting.com\/es\/#\/schema\/logo\/image\/","url":"https:\/\/wpguerssen-test.odoo.rgbconsulting.com\/wp-content\/uploads\/2022\/04\/Logo_Guerssen_trans_100.png","contentUrl":"https:\/\/wpguerssen-test.odoo.rgbconsulting.com\/wp-content\/uploads\/2022\/04\/Logo_Guerssen_trans_100.png","width":122,"height":100,"caption":"Guerssen records"},"image":{"@id":"https:\/\/wpguerssen-test.odoo.rgbconsulting.com\/es\/#\/schema\/logo\/image\/"}}]}},"_links":{"self":[{"href":"https:\/\/wpguerssen-test.odoo.rgbconsulting.com\/es\/wp-json\/wp\/v2\/product\/210076","targetHints":{"allow":["GET"]}}],"collection":[{"href":"https:\/\/wpguerssen-test.odoo.rgbconsulting.com\/es\/wp-json\/wp\/v2\/product"}],"about":[{"href":"https:\/\/wpguerssen-test.odoo.rgbconsulting.com\/es\/wp-json\/wp\/v2\/types\/product"}],"wp:featuredmedia":[{"embeddable":true,"href":"https:\/\/wpguerssen-test.odoo.rgbconsulting.com\/es\/wp-json\/wp\/v2\/media\/158212"}],"wp:attachment":[{"href":"https:\/\/wpguerssen-test.odoo.rgbconsulting.com\/es\/wp-json\/wp\/v2\/media?parent=210076"}],"wp:term":[{"taxonomy":"product_brand","embeddable":true,"href":"https:\/\/wpguerssen-test.odoo.rgbconsulting.com\/es\/wp-json\/wp\/v2\/product_brand?post=210076"},{"taxonomy":"product_cat","embeddable":true,"href":"https:\/\/wpguerssen-test.odoo.rgbconsulting.com\/es\/wp-json\/wp\/v2\/product_cat?post=210076"},{"taxonomy":"product_tag","embeddable":true,"href":"https:\/\/wpguerssen-test.odoo.rgbconsulting.com\/es\/wp-json\/wp\/v2\/product_tag?post=210076"}],"curies":[{"name":"wp","href":"https:\/\/api.w.org\/{rel}","templated":true}]}}