{"id":210082,"date":"2022-04-13T00:00:00","date_gmt":"2022-04-12T22:00:00","guid":{"rendered":"http:\/\/guerssen.hl1097.dinaserver.com\/product\/royal-york-crescent\/"},"modified":"2024-12-13T14:04:58","modified_gmt":"2024-12-13T13:04:58","slug":"royal-york-crescent","status":"publish","type":"product","link":"https:\/\/wpguerssen-test.odoo.rgbconsulting.com\/es\/producto\/royal-york-crescent\/","title":{"rendered":"Royal York Crescent"},"content":{"rendered":"<p>Cuando hablamos de revival folk brit\u00e1nico no debemos olvidarnos de una figura clave como es Ian A. Anderson, compositor en solitario y verdadero impulsor de la escena local. Ian actu\u00f3 por primera vez en su ciudad natal de Weston-super-Mare como miembro de Backwater Jook Band y salt\u00f3 a la fama como miembro de la escena country blues de Bristol a mediados y finales de la d\u00e9cada de 1960. Despu\u00e9s de dos EP, grab\u00f3 su primer \u00e1lbum, Stereo Death Breakdown, como Country Blues Band de Ian Anderson, que fue lanzado por Liberty\/United Artists en 1969. En diciembre de 1969, con John Turner, concibi\u00f3 el sello discogr\u00e1fico The Village Thing, para de la que tambi\u00e9n fue productor. El sello lanz\u00f3 dos docenas de \u00e1lbumes, en su mayor\u00eda entre 1970 y 1974, incluidos \u00e1lbumes influyentes de Wizz Jones, Sun Also Rises, Pigsty Hill Light Orchestra, Steve Tilston, Dave Evans, Lackey &#038; Sweeney, Chris Thompson, Dave Peabody y m\u00e1s, as\u00ed como tres por el propio Anderson. <br \/>&#8216;Royal York Crescent&#8217; es un verdadero debut en solitario que obtuvo la licencia el 13 de noviembre de 1970 y todav\u00eda se considera un precursor del movimiento acid folk. Su toque suave con los dedos estaba respaldado por bongos (Ian Turner) y bajo \/ piano (John Turner), lo que proporciona un esfuerzo din\u00e1mico para su espectacular lirismo. Este cl\u00e1sico perdido por fin esta reeditado. Totalmente remasterizado y limitado a 500 copias<\/p>\n","protected":false},"excerpt":{"rendered":"<p>Cuando hablamos de revival folk brit\u00e1nico no debemos olvidarnos de una figura clave como es Ian A. Anderson, compositor en solitario y verdadero impulsor de la escena<a class=\"read\" href=\"https:\/\/wpguerssen-test.odoo.rgbconsulting.com\/es\/producto\/royal-york-crescent\/\"> (...)<\/a>","protected":false},"featured_media":158228,"template":"","meta":{"_acf_changed":false},"product_brand":[],"product_cat":[21639,23271],"product_tag":[],"class_list":{"0":"post-210082","1":"product","2":"type-product","3":"status-publish","4":"has-post-thumbnail","6":"product_cat-psychedelic60s-70s-es","7":"product_cat-folk-60s-70s-es","8":"pa_artist-anderson-ian-a","9":"pa_format-lp-es","10":"pa_gender-folk-60s-70s-psychedelic60s-70s","11":"pa_label-bonfire-records","12":"pa_location-uk-ireland-es","13":"pa_other-filters-vinyl-only-es","15":"first","16":"instock","17":"taxable","18":"shipping-taxable","19":"purchasable","20":"product-type-simple"},"acf":[],"yoast_head":"<!-- This site is optimized with the Yoast SEO plugin v24.9 - https:\/\/yoast.com\/wordpress\/plugins\/seo\/ -->\n<title>ANDERSON, Ian A. - Royal York Crescent -  (LP) | Guerssen<\/title>\n<meta name=\"description\" content=\"Fully remastered and licensed ltd to 500 copies, 180 gr. When we talk about british folk revival we should not forget a key figure as Ian A. Anderson, a songwriter on its own and a truly prime mover in the local scene. Currently editor of the &#039;world music magazine&#039; fRoots, Ian A. Anderson first performed in his home town of Weston-super-Mare as a member of the Backwater Jook Band and came to prominence as a member of the Bristol based country blues scene of the mid to late 1960s, performing live and on record, both solo, with Al Jones and Elliott Jackson as the trio Anderson Jones Jackson, and as a duo with &#039;globetrotter&#039; and long time friend Mike Cooper. After two EPs, he recorded his first album, Stereo Death Breakdown, as Ian Anderson&#039;s Country Blues Band, which was released by Liberty\/United Artists in 1969. In December 1969, with John Turner, he conceived the record label The Village Thing, for which he was also a producer. The label released two dozen albums by mostly between 1970 and 1974 including influential albums by Wizz Jones, Sun Also Rises, Pigsty Hill Light Orchestra, Steve Tilston, Dave Evans, Lackey &amp; Sweeney, Chris Thompson, Dave Peabody and more, as well as three by Anderson himself. &#039;Royal York Crescent&#039; is proper solo debut was licensed the 13th of Novemebr 1970 and is still considered as a forerunner of the acid folk movement . His lightly fingerpicking was backed by bongos - Ian Turner - and bass\/piano - John Turner - providing a dynamic effort for his spectacular lyricism. This long lost classic is finally backing in print for your necessary uplifting entertainment.\" \/>\n<meta name=\"robots\" content=\"index, follow, max-snippet:-1, max-image-preview:large, max-video-preview:-1\" \/>\n<link rel=\"canonical\" href=\"https:\/\/wpguerssen-test.odoo.rgbconsulting.com\/es\/producto\/royal-york-crescent\/\" \/>\n<meta property=\"og:locale\" content=\"es_ES\" \/>\n<meta property=\"og:type\" content=\"article\" \/>\n<meta property=\"og:title\" content=\"ANDERSON, Ian A. - Royal York Crescent -  (LP) | Guerssen\" \/>\n<meta property=\"og:description\" content=\"Fully remastered and licensed ltd to 500 copies, 180 gr. When we talk about british folk revival we should not forget a key figure as Ian A. Anderson, a songwriter on its own and a truly prime mover in the local scene. Currently editor of the &#039;world music magazine&#039; fRoots, Ian A. Anderson first performed in his home town of Weston-super-Mare as a member of the Backwater Jook Band and came to prominence as a member of the Bristol based country blues scene of the mid to late 1960s, performing live and on record, both solo, with Al Jones and Elliott Jackson as the trio Anderson Jones Jackson, and as a duo with &#039;globetrotter&#039; and long time friend Mike Cooper. After two EPs, he recorded his first album, Stereo Death Breakdown, as Ian Anderson&#039;s Country Blues Band, which was released by Liberty\/United Artists in 1969. In December 1969, with John Turner, he conceived the record label The Village Thing, for which he was also a producer. The label released two dozen albums by mostly between 1970 and 1974 including influential albums by Wizz Jones, Sun Also Rises, Pigsty Hill Light Orchestra, Steve Tilston, Dave Evans, Lackey &amp; Sweeney, Chris Thompson, Dave Peabody and more, as well as three by Anderson himself. &#039;Royal York Crescent&#039; is proper solo debut was licensed the 13th of Novemebr 1970 and is still considered as a forerunner of the acid folk movement . His lightly fingerpicking was backed by bongos - Ian Turner - and bass\/piano - John Turner - providing a dynamic effort for his spectacular lyricism. This long lost classic is finally backing in print for your necessary uplifting entertainment.\" \/>\n<meta property=\"og:url\" content=\"https:\/\/wpguerssen-test.odoo.rgbconsulting.com\/es\/producto\/royal-york-crescent\/\" \/>\n<meta property=\"og:site_name\" content=\"Guerssen records\" \/>\n<meta property=\"article:modified_time\" content=\"2024-12-13T13:04:58+00:00\" \/>\n<meta property=\"og:image\" content=\"https:\/\/wpguerssen-test.odoo.rgbconsulting.com\/wp-content\/uploads\/2022\/03\/40477.jpg\" \/>\n\t<meta property=\"og:image:width\" content=\"960\" \/>\n\t<meta property=\"og:image:height\" content=\"960\" \/>\n\t<meta property=\"og:image:type\" content=\"image\/jpeg\" \/>\n<meta name=\"twitter:card\" content=\"summary_large_image\" \/>\n<meta name=\"twitter:title\" content=\"ANDERSON, Ian A. - Royal York Crescent -  (LP) | Guerssen\" \/>\n<meta name=\"twitter:label1\" content=\"Tiempo de lectura\" \/>\n\t<meta name=\"twitter:data1\" content=\"1 minuto\" \/>\n<script type=\"application\/ld+json\" class=\"yoast-schema-graph\">{\"@context\":\"https:\/\/schema.org\",\"@graph\":[{\"@type\":\"WebPage\",\"@id\":\"https:\/\/wpguerssen-test.odoo.rgbconsulting.com\/es\/producto\/royal-york-crescent\/\",\"url\":\"https:\/\/wpguerssen-test.odoo.rgbconsulting.com\/es\/producto\/royal-york-crescent\/\",\"name\":\"ANDERSON, Ian A. - Royal York Crescent - (LP) | Guerssen\",\"isPartOf\":{\"@id\":\"https:\/\/wpguerssen-test.odoo.rgbconsulting.com\/es\/#website\"},\"primaryImageOfPage\":{\"@id\":\"https:\/\/wpguerssen-test.odoo.rgbconsulting.com\/es\/producto\/royal-york-crescent\/#primaryimage\"},\"image\":{\"@id\":\"https:\/\/wpguerssen-test.odoo.rgbconsulting.com\/es\/producto\/royal-york-crescent\/#primaryimage\"},\"thumbnailUrl\":\"https:\/\/wpguerssen-test.odoo.rgbconsulting.com\/wp-content\/uploads\/2022\/03\/40477.jpg\",\"datePublished\":\"2022-04-12T22:00:00+00:00\",\"dateModified\":\"2024-12-13T13:04:58+00:00\",\"description\":\"Fully remastered and licensed ltd to 500 copies, 180 gr. When we talk about british folk revival we should not forget a key figure as Ian A. Anderson, a songwriter on its own and a truly prime mover in the local scene. Currently editor of the 'world music magazine' fRoots, Ian A. Anderson first performed in his home town of Weston-super-Mare as a member of the Backwater Jook Band and came to prominence as a member of the Bristol based country blues scene of the mid to late 1960s, performing live and on record, both solo, with Al Jones and Elliott Jackson as the trio Anderson Jones Jackson, and as a duo with 'globetrotter' and long time friend Mike Cooper. After two EPs, he recorded his first album, Stereo Death Breakdown, as Ian Anderson's Country Blues Band, which was released by Liberty\/United Artists in 1969. In December 1969, with John Turner, he conceived the record label The Village Thing, for which he was also a producer. The label released two dozen albums by mostly between 1970 and 1974 including influential albums by Wizz Jones, Sun Also Rises, Pigsty Hill Light Orchestra, Steve Tilston, Dave Evans, Lackey & Sweeney, Chris Thompson, Dave Peabody and more, as well as three by Anderson himself. 'Royal York Crescent' is proper solo debut was licensed the 13th of Novemebr 1970 and is still considered as a forerunner of the acid folk movement . His lightly fingerpicking was backed by bongos - Ian Turner - and bass\/piano - John Turner - providing a dynamic effort for his spectacular lyricism. This long lost classic is finally backing in print for your necessary uplifting entertainment.\",\"breadcrumb\":{\"@id\":\"https:\/\/wpguerssen-test.odoo.rgbconsulting.com\/es\/producto\/royal-york-crescent\/#breadcrumb\"},\"inLanguage\":\"es\",\"potentialAction\":[{\"@type\":\"ReadAction\",\"target\":[\"https:\/\/wpguerssen-test.odoo.rgbconsulting.com\/es\/producto\/royal-york-crescent\/\"]}]},{\"@type\":\"ImageObject\",\"inLanguage\":\"es\",\"@id\":\"https:\/\/wpguerssen-test.odoo.rgbconsulting.com\/es\/producto\/royal-york-crescent\/#primaryimage\",\"url\":\"https:\/\/wpguerssen-test.odoo.rgbconsulting.com\/wp-content\/uploads\/2022\/03\/40477.jpg\",\"contentUrl\":\"https:\/\/wpguerssen-test.odoo.rgbconsulting.com\/wp-content\/uploads\/2022\/03\/40477.jpg\",\"width\":960,\"height\":960,\"caption\":\"Ian A. - Royal York Crescent - BONFIRE RECORDS (LP) | Guerssen\"},{\"@type\":\"BreadcrumbList\",\"@id\":\"https:\/\/wpguerssen-test.odoo.rgbconsulting.com\/es\/producto\/royal-york-crescent\/#breadcrumb\",\"itemListElement\":[{\"@type\":\"ListItem\",\"position\":1,\"name\":\"Inicio\",\"item\":\"https:\/\/wpguerssen-test.odoo.rgbconsulting.com\/es\/\"},{\"@type\":\"ListItem\",\"position\":2,\"name\":\"Shop\",\"item\":\"https:\/\/wpguerssen-test.odoo.rgbconsulting.com\/shop\/\"},{\"@type\":\"ListItem\",\"position\":3,\"name\":\"Royal York Crescent\"}]},{\"@type\":\"WebSite\",\"@id\":\"https:\/\/wpguerssen-test.odoo.rgbconsulting.com\/es\/#website\",\"url\":\"https:\/\/wpguerssen-test.odoo.rgbconsulting.com\/es\/\",\"name\":\"Guerssen records\",\"description\":\"psychedelia - progressive - folk - garage \",\"publisher\":{\"@id\":\"https:\/\/wpguerssen-test.odoo.rgbconsulting.com\/es\/#organization\"},\"potentialAction\":[{\"@type\":\"SearchAction\",\"target\":{\"@type\":\"EntryPoint\",\"urlTemplate\":\"https:\/\/wpguerssen-test.odoo.rgbconsulting.com\/es\/?s={search_term_string}\"},\"query-input\":{\"@type\":\"PropertyValueSpecification\",\"valueRequired\":true,\"valueName\":\"search_term_string\"}}],\"inLanguage\":\"es\"},{\"@type\":\"Organization\",\"@id\":\"https:\/\/wpguerssen-test.odoo.rgbconsulting.com\/es\/#organization\",\"name\":\"Guerssen records\",\"url\":\"https:\/\/wpguerssen-test.odoo.rgbconsulting.com\/es\/\",\"logo\":{\"@type\":\"ImageObject\",\"inLanguage\":\"es\",\"@id\":\"https:\/\/wpguerssen-test.odoo.rgbconsulting.com\/es\/#\/schema\/logo\/image\/\",\"url\":\"https:\/\/wpguerssen-test.odoo.rgbconsulting.com\/wp-content\/uploads\/2022\/04\/Logo_Guerssen_trans_100.png\",\"contentUrl\":\"https:\/\/wpguerssen-test.odoo.rgbconsulting.com\/wp-content\/uploads\/2022\/04\/Logo_Guerssen_trans_100.png\",\"width\":122,\"height\":100,\"caption\":\"Guerssen records\"},\"image\":{\"@id\":\"https:\/\/wpguerssen-test.odoo.rgbconsulting.com\/es\/#\/schema\/logo\/image\/\"}}]}<\/script>\n<!-- \/ Yoast SEO plugin. -->","yoast_head_json":{"title":"ANDERSON, Ian A. - Royal York Crescent -  (LP) | Guerssen","description":"Fully remastered and licensed ltd to 500 copies, 180 gr. When we talk about british folk revival we should not forget a key figure as Ian A. Anderson, a songwriter on its own and a truly prime mover in the local scene. Currently editor of the 'world music magazine' fRoots, Ian A. Anderson first performed in his home town of Weston-super-Mare as a member of the Backwater Jook Band and came to prominence as a member of the Bristol based country blues scene of the mid to late 1960s, performing live and on record, both solo, with Al Jones and Elliott Jackson as the trio Anderson Jones Jackson, and as a duo with 'globetrotter' and long time friend Mike Cooper. After two EPs, he recorded his first album, Stereo Death Breakdown, as Ian Anderson's Country Blues Band, which was released by Liberty\/United Artists in 1969. In December 1969, with John Turner, he conceived the record label The Village Thing, for which he was also a producer. The label released two dozen albums by mostly between 1970 and 1974 including influential albums by Wizz Jones, Sun Also Rises, Pigsty Hill Light Orchestra, Steve Tilston, Dave Evans, Lackey & Sweeney, Chris Thompson, Dave Peabody and more, as well as three by Anderson himself. 'Royal York Crescent' is proper solo debut was licensed the 13th of Novemebr 1970 and is still considered as a forerunner of the acid folk movement . His lightly fingerpicking was backed by bongos - Ian Turner - and bass\/piano - John Turner - providing a dynamic effort for his spectacular lyricism. This long lost classic is finally backing in print for your necessary uplifting entertainment.","robots":{"index":"index","follow":"follow","max-snippet":"max-snippet:-1","max-image-preview":"max-image-preview:large","max-video-preview":"max-video-preview:-1"},"canonical":"https:\/\/wpguerssen-test.odoo.rgbconsulting.com\/es\/producto\/royal-york-crescent\/","og_locale":"es_ES","og_type":"article","og_title":"ANDERSON, Ian A. - Royal York Crescent -  (LP) | Guerssen","og_description":"Fully remastered and licensed ltd to 500 copies, 180 gr. When we talk about british folk revival we should not forget a key figure as Ian A. Anderson, a songwriter on its own and a truly prime mover in the local scene. Currently editor of the 'world music magazine' fRoots, Ian A. Anderson first performed in his home town of Weston-super-Mare as a member of the Backwater Jook Band and came to prominence as a member of the Bristol based country blues scene of the mid to late 1960s, performing live and on record, both solo, with Al Jones and Elliott Jackson as the trio Anderson Jones Jackson, and as a duo with 'globetrotter' and long time friend Mike Cooper. After two EPs, he recorded his first album, Stereo Death Breakdown, as Ian Anderson's Country Blues Band, which was released by Liberty\/United Artists in 1969. In December 1969, with John Turner, he conceived the record label The Village Thing, for which he was also a producer. The label released two dozen albums by mostly between 1970 and 1974 including influential albums by Wizz Jones, Sun Also Rises, Pigsty Hill Light Orchestra, Steve Tilston, Dave Evans, Lackey & Sweeney, Chris Thompson, Dave Peabody and more, as well as three by Anderson himself. 'Royal York Crescent' is proper solo debut was licensed the 13th of Novemebr 1970 and is still considered as a forerunner of the acid folk movement . His lightly fingerpicking was backed by bongos - Ian Turner - and bass\/piano - John Turner - providing a dynamic effort for his spectacular lyricism. This long lost classic is finally backing in print for your necessary uplifting entertainment.","og_url":"https:\/\/wpguerssen-test.odoo.rgbconsulting.com\/es\/producto\/royal-york-crescent\/","og_site_name":"Guerssen records","article_modified_time":"2024-12-13T13:04:58+00:00","og_image":[{"width":960,"height":960,"url":"https:\/\/wpguerssen-test.odoo.rgbconsulting.com\/wp-content\/uploads\/2022\/03\/40477.jpg","type":"image\/jpeg"}],"twitter_card":"summary_large_image","twitter_title":"ANDERSON, Ian A. - Royal York Crescent -  (LP) | Guerssen","twitter_misc":{"Tiempo de lectura":"1 minuto"},"schema":{"@context":"https:\/\/schema.org","@graph":[{"@type":"WebPage","@id":"https:\/\/wpguerssen-test.odoo.rgbconsulting.com\/es\/producto\/royal-york-crescent\/","url":"https:\/\/wpguerssen-test.odoo.rgbconsulting.com\/es\/producto\/royal-york-crescent\/","name":"ANDERSON, Ian A. - Royal York Crescent - (LP) | Guerssen","isPartOf":{"@id":"https:\/\/wpguerssen-test.odoo.rgbconsulting.com\/es\/#website"},"primaryImageOfPage":{"@id":"https:\/\/wpguerssen-test.odoo.rgbconsulting.com\/es\/producto\/royal-york-crescent\/#primaryimage"},"image":{"@id":"https:\/\/wpguerssen-test.odoo.rgbconsulting.com\/es\/producto\/royal-york-crescent\/#primaryimage"},"thumbnailUrl":"https:\/\/wpguerssen-test.odoo.rgbconsulting.com\/wp-content\/uploads\/2022\/03\/40477.jpg","datePublished":"2022-04-12T22:00:00+00:00","dateModified":"2024-12-13T13:04:58+00:00","description":"Fully remastered and licensed ltd to 500 copies, 180 gr. When we talk about british folk revival we should not forget a key figure as Ian A. Anderson, a songwriter on its own and a truly prime mover in the local scene. Currently editor of the 'world music magazine' fRoots, Ian A. Anderson first performed in his home town of Weston-super-Mare as a member of the Backwater Jook Band and came to prominence as a member of the Bristol based country blues scene of the mid to late 1960s, performing live and on record, both solo, with Al Jones and Elliott Jackson as the trio Anderson Jones Jackson, and as a duo with 'globetrotter' and long time friend Mike Cooper. After two EPs, he recorded his first album, Stereo Death Breakdown, as Ian Anderson's Country Blues Band, which was released by Liberty\/United Artists in 1969. In December 1969, with John Turner, he conceived the record label The Village Thing, for which he was also a producer. The label released two dozen albums by mostly between 1970 and 1974 including influential albums by Wizz Jones, Sun Also Rises, Pigsty Hill Light Orchestra, Steve Tilston, Dave Evans, Lackey & Sweeney, Chris Thompson, Dave Peabody and more, as well as three by Anderson himself. 'Royal York Crescent' is proper solo debut was licensed the 13th of Novemebr 1970 and is still considered as a forerunner of the acid folk movement . His lightly fingerpicking was backed by bongos - Ian Turner - and bass\/piano - John Turner - providing a dynamic effort for his spectacular lyricism. This long lost classic is finally backing in print for your necessary uplifting entertainment.","breadcrumb":{"@id":"https:\/\/wpguerssen-test.odoo.rgbconsulting.com\/es\/producto\/royal-york-crescent\/#breadcrumb"},"inLanguage":"es","potentialAction":[{"@type":"ReadAction","target":["https:\/\/wpguerssen-test.odoo.rgbconsulting.com\/es\/producto\/royal-york-crescent\/"]}]},{"@type":"ImageObject","inLanguage":"es","@id":"https:\/\/wpguerssen-test.odoo.rgbconsulting.com\/es\/producto\/royal-york-crescent\/#primaryimage","url":"https:\/\/wpguerssen-test.odoo.rgbconsulting.com\/wp-content\/uploads\/2022\/03\/40477.jpg","contentUrl":"https:\/\/wpguerssen-test.odoo.rgbconsulting.com\/wp-content\/uploads\/2022\/03\/40477.jpg","width":960,"height":960,"caption":"Ian A. - Royal York Crescent - BONFIRE RECORDS (LP) | Guerssen"},{"@type":"BreadcrumbList","@id":"https:\/\/wpguerssen-test.odoo.rgbconsulting.com\/es\/producto\/royal-york-crescent\/#breadcrumb","itemListElement":[{"@type":"ListItem","position":1,"name":"Inicio","item":"https:\/\/wpguerssen-test.odoo.rgbconsulting.com\/es\/"},{"@type":"ListItem","position":2,"name":"Shop","item":"https:\/\/wpguerssen-test.odoo.rgbconsulting.com\/shop\/"},{"@type":"ListItem","position":3,"name":"Royal York Crescent"}]},{"@type":"WebSite","@id":"https:\/\/wpguerssen-test.odoo.rgbconsulting.com\/es\/#website","url":"https:\/\/wpguerssen-test.odoo.rgbconsulting.com\/es\/","name":"Guerssen records","description":"psychedelia - progressive - folk - garage ","publisher":{"@id":"https:\/\/wpguerssen-test.odoo.rgbconsulting.com\/es\/#organization"},"potentialAction":[{"@type":"SearchAction","target":{"@type":"EntryPoint","urlTemplate":"https:\/\/wpguerssen-test.odoo.rgbconsulting.com\/es\/?s={search_term_string}"},"query-input":{"@type":"PropertyValueSpecification","valueRequired":true,"valueName":"search_term_string"}}],"inLanguage":"es"},{"@type":"Organization","@id":"https:\/\/wpguerssen-test.odoo.rgbconsulting.com\/es\/#organization","name":"Guerssen records","url":"https:\/\/wpguerssen-test.odoo.rgbconsulting.com\/es\/","logo":{"@type":"ImageObject","inLanguage":"es","@id":"https:\/\/wpguerssen-test.odoo.rgbconsulting.com\/es\/#\/schema\/logo\/image\/","url":"https:\/\/wpguerssen-test.odoo.rgbconsulting.com\/wp-content\/uploads\/2022\/04\/Logo_Guerssen_trans_100.png","contentUrl":"https:\/\/wpguerssen-test.odoo.rgbconsulting.com\/wp-content\/uploads\/2022\/04\/Logo_Guerssen_trans_100.png","width":122,"height":100,"caption":"Guerssen records"},"image":{"@id":"https:\/\/wpguerssen-test.odoo.rgbconsulting.com\/es\/#\/schema\/logo\/image\/"}}]}},"_links":{"self":[{"href":"https:\/\/wpguerssen-test.odoo.rgbconsulting.com\/es\/wp-json\/wp\/v2\/product\/210082","targetHints":{"allow":["GET"]}}],"collection":[{"href":"https:\/\/wpguerssen-test.odoo.rgbconsulting.com\/es\/wp-json\/wp\/v2\/product"}],"about":[{"href":"https:\/\/wpguerssen-test.odoo.rgbconsulting.com\/es\/wp-json\/wp\/v2\/types\/product"}],"wp:featuredmedia":[{"embeddable":true,"href":"https:\/\/wpguerssen-test.odoo.rgbconsulting.com\/es\/wp-json\/wp\/v2\/media\/158228"}],"wp:attachment":[{"href":"https:\/\/wpguerssen-test.odoo.rgbconsulting.com\/es\/wp-json\/wp\/v2\/media?parent=210082"}],"wp:term":[{"taxonomy":"product_brand","embeddable":true,"href":"https:\/\/wpguerssen-test.odoo.rgbconsulting.com\/es\/wp-json\/wp\/v2\/product_brand?post=210082"},{"taxonomy":"product_cat","embeddable":true,"href":"https:\/\/wpguerssen-test.odoo.rgbconsulting.com\/es\/wp-json\/wp\/v2\/product_cat?post=210082"},{"taxonomy":"product_tag","embeddable":true,"href":"https:\/\/wpguerssen-test.odoo.rgbconsulting.com\/es\/wp-json\/wp\/v2\/product_tag?post=210082"}],"curies":[{"name":"wp","href":"https:\/\/api.w.org\/{rel}","templated":true}]}}