{"id":210095,"date":"2022-04-13T00:00:00","date_gmt":"2022-04-12T22:00:00","guid":{"rendered":"http:\/\/guerssen.hl1097.dinaserver.com\/product\/luomo-dagli-occhiali-a-specchio-o-s-t-clear\/"},"modified":"2025-01-09T15:08:18","modified_gmt":"2025-01-09T14:08:18","slug":"luomo-dagli-occhiali-a-specchio-o-s-t-clear","status":"publish","type":"product","link":"https:\/\/wpguerssen-test.odoo.rgbconsulting.com\/es\/producto\/luomo-dagli-occhiali-a-specchio-o-s-t-clear\/","title":{"rendered":"L&#8217;uomo dagli occhiali a specchio (O.S.T) (Clear)"},"content":{"rendered":"<p>L&#8217;uomo dagli occhiali a specchio\u00bb es una pel\u00edcula de suspenso en dos partes de 1975 dirigida para Rai Television por Mariano Foglietti, excolaborador de Dario Argento en \u00abQuattro mosche di velluto grigio\u00bb (Cuatro moscas sobre terciopelo gris).<\/p>\n<p>La m\u00fasica compuesta por Sandro Brugnolini para la ocasi\u00f3n es excepcional, y en los 14 temas de la banda sonora es posible encontrar todos los ingredientes t\u00edpicos de una partitura de los a\u00f1os 70: una fusi\u00f3n sublime de rock, pop, jazz, m\u00fasica cl\u00e1sica y sinf\u00f3nica , con destellos de funk urbano propios del g\u00e9nero blaxploitation. El gusto y la habilidad de Brugnolini para tratar con estos diferentes elementos siguen siendo sorprendentes hoy en d\u00eda, a partir de las cuatro versiones del tema principal \u00abLa notte muore\u00bb incluidas en este disco. <\/p>\n<p> Publicado originalmente en el sello Vroommm Records por Edizioni Leonardi en un LP que hoy en d\u00eda es extremadamente raro y precioso, esta banda sonora est\u00e1 editada exclusivamente por Redi Edizioni en vinilo transparente para el Record Store Day 2022. \u00a1No te lo puedes perder!<\/p>\n","protected":false},"excerpt":{"rendered":"<p>L&#8217;uomo dagli occhiali a specchio\u00bb es una pel\u00edcula de suspenso en dos partes de 1975 dirigida para Rai Television por Mariano Foglietti, excolaborador de Dario<a class=\"read\" href=\"https:\/\/wpguerssen-test.odoo.rgbconsulting.com\/es\/producto\/luomo-dagli-occhiali-a-specchio-o-s-t-clear\/\"> (...)<\/a>","protected":false},"featured_media":158253,"template":"","meta":{"_acf_changed":false},"product_brand":[],"product_cat":[21641],"product_tag":[29140],"class_list":{"0":"post-210095","1":"product","2":"type-product","3":"status-publish","4":"has-post-thumbnail","6":"product_cat-soundtracks-es","7":"product_tag-color-vinyl-es","8":"pa_artist-brugnolini-sandro","9":"pa_format-lp-es","10":"pa_gender-soundtracks","11":"pa_label-redi-edizioni-musicali","12":"pa_location-europe-es","13":"pa_other-filters-vinyl-only-es","15":"first","16":"instock","17":"taxable","18":"shipping-taxable","19":"purchasable","20":"product-type-simple"},"acf":[],"yoast_head":"<!-- This site is optimized with the Yoast SEO plugin v24.9 - https:\/\/yoast.com\/wordpress\/plugins\/seo\/ -->\n<title>BRUGNOLINI, Sandro - L&#039;uomo dagli occhiali a specchio (O.S.T) (Clear) -  (LP) | Guerssen<\/title>\n<meta name=\"description\" content=\"&quot;L&#039;uomo dagli occhiali a specchio&quot; is a 1975 2-part thriller film directed for Rai Television by Mariano Foglietti, former collaborator of Dario Argento in &quot;Quattro mosche di velluto grigio&quot; (Four flies on grey velvet). #nl# The music composed by Sandro Brugnolini for the occasion are exceptional, and in the 14 tracks of the soundtrack it is possible to find all the typical ingredients of a &#039;70s score: a sublime fusion of rock, pop, jazz, classical and symphonic music, with urban funk sparkles typical of the blaxploitation genre. Brugnolini&#039;s taste and skill in dealing with these different elements are still astounding today, starting from the four versions of the main theme &quot;La notte muore&quot; included in this record. #nl# Originally released on Vroommm Records label by Edizioni Leonardi in an LP that is today extremely rare and precious, this soundtrack is exclusively repressed by Redi Edizioni on clear transparent vinyl for Record Store Day 2022. Not to be missed!\" \/>\n<meta name=\"robots\" content=\"index, follow, max-snippet:-1, max-image-preview:large, max-video-preview:-1\" \/>\n<link rel=\"canonical\" href=\"https:\/\/wpguerssen-test.odoo.rgbconsulting.com\/es\/producto\/luomo-dagli-occhiali-a-specchio-o-s-t-clear\/\" \/>\n<meta property=\"og:locale\" content=\"es_ES\" \/>\n<meta property=\"og:type\" content=\"article\" \/>\n<meta property=\"og:title\" content=\"BRUGNOLINI, Sandro - L&#039;uomo dagli occhiali a specchio (O.S.T) (Clear) -  (LP) | Guerssen\" \/>\n<meta property=\"og:description\" content=\"&quot;L&#039;uomo dagli occhiali a specchio&quot; is a 1975 2-part thriller film directed for Rai Television by Mariano Foglietti, former collaborator of Dario Argento in &quot;Quattro mosche di velluto grigio&quot; (Four flies on grey velvet). #nl# The music composed by Sandro Brugnolini for the occasion are exceptional, and in the 14 tracks of the soundtrack it is possible to find all the typical ingredients of a &#039;70s score: a sublime fusion of rock, pop, jazz, classical and symphonic music, with urban funk sparkles typical of the blaxploitation genre. Brugnolini&#039;s taste and skill in dealing with these different elements are still astounding today, starting from the four versions of the main theme &quot;La notte muore&quot; included in this record. #nl# Originally released on Vroommm Records label by Edizioni Leonardi in an LP that is today extremely rare and precious, this soundtrack is exclusively repressed by Redi Edizioni on clear transparent vinyl for Record Store Day 2022. Not to be missed!\" \/>\n<meta property=\"og:url\" content=\"https:\/\/wpguerssen-test.odoo.rgbconsulting.com\/es\/producto\/luomo-dagli-occhiali-a-specchio-o-s-t-clear\/\" \/>\n<meta property=\"og:site_name\" content=\"Guerssen records\" \/>\n<meta property=\"article:modified_time\" content=\"2025-01-09T14:08:18+00:00\" \/>\n<meta property=\"og:image\" content=\"https:\/\/wpguerssen-test.odoo.rgbconsulting.com\/wp-content\/uploads\/2022\/03\/40490.jpg\" \/>\n\t<meta property=\"og:image:width\" content=\"1500\" \/>\n\t<meta property=\"og:image:height\" content=\"1500\" \/>\n\t<meta property=\"og:image:type\" content=\"image\/jpeg\" \/>\n<meta name=\"twitter:card\" content=\"summary_large_image\" \/>\n<meta name=\"twitter:title\" content=\"BRUGNOLINI, Sandro - L&#039;uomo dagli occhiali a specchio (O.S.T) (Clear) -  (LP) | Guerssen\" \/>\n<meta name=\"twitter:label1\" content=\"Tiempo de lectura\" \/>\n\t<meta name=\"twitter:data1\" content=\"1 minuto\" \/>\n<script type=\"application\/ld+json\" class=\"yoast-schema-graph\">{\"@context\":\"https:\/\/schema.org\",\"@graph\":[{\"@type\":\"WebPage\",\"@id\":\"https:\/\/wpguerssen-test.odoo.rgbconsulting.com\/es\/producto\/luomo-dagli-occhiali-a-specchio-o-s-t-clear\/\",\"url\":\"https:\/\/wpguerssen-test.odoo.rgbconsulting.com\/es\/producto\/luomo-dagli-occhiali-a-specchio-o-s-t-clear\/\",\"name\":\"BRUGNOLINI, Sandro - L'uomo dagli occhiali a specchio (O.S.T) (Clear) - (LP) | Guerssen\",\"isPartOf\":{\"@id\":\"https:\/\/wpguerssen-test.odoo.rgbconsulting.com\/es\/#website\"},\"primaryImageOfPage\":{\"@id\":\"https:\/\/wpguerssen-test.odoo.rgbconsulting.com\/es\/producto\/luomo-dagli-occhiali-a-specchio-o-s-t-clear\/#primaryimage\"},\"image\":{\"@id\":\"https:\/\/wpguerssen-test.odoo.rgbconsulting.com\/es\/producto\/luomo-dagli-occhiali-a-specchio-o-s-t-clear\/#primaryimage\"},\"thumbnailUrl\":\"https:\/\/wpguerssen-test.odoo.rgbconsulting.com\/wp-content\/uploads\/2022\/03\/40490.jpg\",\"datePublished\":\"2022-04-12T22:00:00+00:00\",\"dateModified\":\"2025-01-09T14:08:18+00:00\",\"description\":\"\\\"L'uomo dagli occhiali a specchio\\\" is a 1975 2-part thriller film directed for Rai Television by Mariano Foglietti, former collaborator of Dario Argento in \\\"Quattro mosche di velluto grigio\\\" (Four flies on grey velvet). #nl# The music composed by Sandro Brugnolini for the occasion are exceptional, and in the 14 tracks of the soundtrack it is possible to find all the typical ingredients of a '70s score: a sublime fusion of rock, pop, jazz, classical and symphonic music, with urban funk sparkles typical of the blaxploitation genre. Brugnolini's taste and skill in dealing with these different elements are still astounding today, starting from the four versions of the main theme \\\"La notte muore\\\" included in this record. #nl# Originally released on Vroommm Records label by Edizioni Leonardi in an LP that is today extremely rare and precious, this soundtrack is exclusively repressed by Redi Edizioni on clear transparent vinyl for Record Store Day 2022. Not to be missed!\",\"breadcrumb\":{\"@id\":\"https:\/\/wpguerssen-test.odoo.rgbconsulting.com\/es\/producto\/luomo-dagli-occhiali-a-specchio-o-s-t-clear\/#breadcrumb\"},\"inLanguage\":\"es\",\"potentialAction\":[{\"@type\":\"ReadAction\",\"target\":[\"https:\/\/wpguerssen-test.odoo.rgbconsulting.com\/es\/producto\/luomo-dagli-occhiali-a-specchio-o-s-t-clear\/\"]}]},{\"@type\":\"ImageObject\",\"inLanguage\":\"es\",\"@id\":\"https:\/\/wpguerssen-test.odoo.rgbconsulting.com\/es\/producto\/luomo-dagli-occhiali-a-specchio-o-s-t-clear\/#primaryimage\",\"url\":\"https:\/\/wpguerssen-test.odoo.rgbconsulting.com\/wp-content\/uploads\/2022\/03\/40490.jpg\",\"contentUrl\":\"https:\/\/wpguerssen-test.odoo.rgbconsulting.com\/wp-content\/uploads\/2022\/03\/40490.jpg\",\"width\":1500,\"height\":1500,\"caption\":\"Sandro - L'uomo dagli occhiali a specchio (O.S.T) (Clear) - REDI EDIZIONI MUSICALI (LP) | Guerssen\"},{\"@type\":\"BreadcrumbList\",\"@id\":\"https:\/\/wpguerssen-test.odoo.rgbconsulting.com\/es\/producto\/luomo-dagli-occhiali-a-specchio-o-s-t-clear\/#breadcrumb\",\"itemListElement\":[{\"@type\":\"ListItem\",\"position\":1,\"name\":\"Inicio\",\"item\":\"https:\/\/wpguerssen-test.odoo.rgbconsulting.com\/es\/\"},{\"@type\":\"ListItem\",\"position\":2,\"name\":\"Shop\",\"item\":\"https:\/\/wpguerssen-test.odoo.rgbconsulting.com\/shop\/\"},{\"@type\":\"ListItem\",\"position\":3,\"name\":\"L&#8217;uomo dagli occhiali a specchio (O.S.T) (Clear)\"}]},{\"@type\":\"WebSite\",\"@id\":\"https:\/\/wpguerssen-test.odoo.rgbconsulting.com\/es\/#website\",\"url\":\"https:\/\/wpguerssen-test.odoo.rgbconsulting.com\/es\/\",\"name\":\"Guerssen records\",\"description\":\"psychedelia - progressive - folk - garage \",\"publisher\":{\"@id\":\"https:\/\/wpguerssen-test.odoo.rgbconsulting.com\/es\/#organization\"},\"potentialAction\":[{\"@type\":\"SearchAction\",\"target\":{\"@type\":\"EntryPoint\",\"urlTemplate\":\"https:\/\/wpguerssen-test.odoo.rgbconsulting.com\/es\/?s={search_term_string}\"},\"query-input\":{\"@type\":\"PropertyValueSpecification\",\"valueRequired\":true,\"valueName\":\"search_term_string\"}}],\"inLanguage\":\"es\"},{\"@type\":\"Organization\",\"@id\":\"https:\/\/wpguerssen-test.odoo.rgbconsulting.com\/es\/#organization\",\"name\":\"Guerssen records\",\"url\":\"https:\/\/wpguerssen-test.odoo.rgbconsulting.com\/es\/\",\"logo\":{\"@type\":\"ImageObject\",\"inLanguage\":\"es\",\"@id\":\"https:\/\/wpguerssen-test.odoo.rgbconsulting.com\/es\/#\/schema\/logo\/image\/\",\"url\":\"https:\/\/wpguerssen-test.odoo.rgbconsulting.com\/wp-content\/uploads\/2022\/04\/Logo_Guerssen_trans_100.png\",\"contentUrl\":\"https:\/\/wpguerssen-test.odoo.rgbconsulting.com\/wp-content\/uploads\/2022\/04\/Logo_Guerssen_trans_100.png\",\"width\":122,\"height\":100,\"caption\":\"Guerssen records\"},\"image\":{\"@id\":\"https:\/\/wpguerssen-test.odoo.rgbconsulting.com\/es\/#\/schema\/logo\/image\/\"}}]}<\/script>\n<!-- \/ Yoast SEO plugin. -->","yoast_head_json":{"title":"BRUGNOLINI, Sandro - L'uomo dagli occhiali a specchio (O.S.T) (Clear) -  (LP) | Guerssen","description":"\"L'uomo dagli occhiali a specchio\" is a 1975 2-part thriller film directed for Rai Television by Mariano Foglietti, former collaborator of Dario Argento in \"Quattro mosche di velluto grigio\" (Four flies on grey velvet). #nl# The music composed by Sandro Brugnolini for the occasion are exceptional, and in the 14 tracks of the soundtrack it is possible to find all the typical ingredients of a '70s score: a sublime fusion of rock, pop, jazz, classical and symphonic music, with urban funk sparkles typical of the blaxploitation genre. Brugnolini's taste and skill in dealing with these different elements are still astounding today, starting from the four versions of the main theme \"La notte muore\" included in this record. #nl# Originally released on Vroommm Records label by Edizioni Leonardi in an LP that is today extremely rare and precious, this soundtrack is exclusively repressed by Redi Edizioni on clear transparent vinyl for Record Store Day 2022. Not to be missed!","robots":{"index":"index","follow":"follow","max-snippet":"max-snippet:-1","max-image-preview":"max-image-preview:large","max-video-preview":"max-video-preview:-1"},"canonical":"https:\/\/wpguerssen-test.odoo.rgbconsulting.com\/es\/producto\/luomo-dagli-occhiali-a-specchio-o-s-t-clear\/","og_locale":"es_ES","og_type":"article","og_title":"BRUGNOLINI, Sandro - L'uomo dagli occhiali a specchio (O.S.T) (Clear) -  (LP) | Guerssen","og_description":"\"L'uomo dagli occhiali a specchio\" is a 1975 2-part thriller film directed for Rai Television by Mariano Foglietti, former collaborator of Dario Argento in \"Quattro mosche di velluto grigio\" (Four flies on grey velvet). #nl# The music composed by Sandro Brugnolini for the occasion are exceptional, and in the 14 tracks of the soundtrack it is possible to find all the typical ingredients of a '70s score: a sublime fusion of rock, pop, jazz, classical and symphonic music, with urban funk sparkles typical of the blaxploitation genre. Brugnolini's taste and skill in dealing with these different elements are still astounding today, starting from the four versions of the main theme \"La notte muore\" included in this record. #nl# Originally released on Vroommm Records label by Edizioni Leonardi in an LP that is today extremely rare and precious, this soundtrack is exclusively repressed by Redi Edizioni on clear transparent vinyl for Record Store Day 2022. Not to be missed!","og_url":"https:\/\/wpguerssen-test.odoo.rgbconsulting.com\/es\/producto\/luomo-dagli-occhiali-a-specchio-o-s-t-clear\/","og_site_name":"Guerssen records","article_modified_time":"2025-01-09T14:08:18+00:00","og_image":[{"width":1500,"height":1500,"url":"https:\/\/wpguerssen-test.odoo.rgbconsulting.com\/wp-content\/uploads\/2022\/03\/40490.jpg","type":"image\/jpeg"}],"twitter_card":"summary_large_image","twitter_title":"BRUGNOLINI, Sandro - L'uomo dagli occhiali a specchio (O.S.T) (Clear) -  (LP) | Guerssen","twitter_misc":{"Tiempo de lectura":"1 minuto"},"schema":{"@context":"https:\/\/schema.org","@graph":[{"@type":"WebPage","@id":"https:\/\/wpguerssen-test.odoo.rgbconsulting.com\/es\/producto\/luomo-dagli-occhiali-a-specchio-o-s-t-clear\/","url":"https:\/\/wpguerssen-test.odoo.rgbconsulting.com\/es\/producto\/luomo-dagli-occhiali-a-specchio-o-s-t-clear\/","name":"BRUGNOLINI, Sandro - L'uomo dagli occhiali a specchio (O.S.T) (Clear) - (LP) | Guerssen","isPartOf":{"@id":"https:\/\/wpguerssen-test.odoo.rgbconsulting.com\/es\/#website"},"primaryImageOfPage":{"@id":"https:\/\/wpguerssen-test.odoo.rgbconsulting.com\/es\/producto\/luomo-dagli-occhiali-a-specchio-o-s-t-clear\/#primaryimage"},"image":{"@id":"https:\/\/wpguerssen-test.odoo.rgbconsulting.com\/es\/producto\/luomo-dagli-occhiali-a-specchio-o-s-t-clear\/#primaryimage"},"thumbnailUrl":"https:\/\/wpguerssen-test.odoo.rgbconsulting.com\/wp-content\/uploads\/2022\/03\/40490.jpg","datePublished":"2022-04-12T22:00:00+00:00","dateModified":"2025-01-09T14:08:18+00:00","description":"\"L'uomo dagli occhiali a specchio\" is a 1975 2-part thriller film directed for Rai Television by Mariano Foglietti, former collaborator of Dario Argento in \"Quattro mosche di velluto grigio\" (Four flies on grey velvet). #nl# The music composed by Sandro Brugnolini for the occasion are exceptional, and in the 14 tracks of the soundtrack it is possible to find all the typical ingredients of a '70s score: a sublime fusion of rock, pop, jazz, classical and symphonic music, with urban funk sparkles typical of the blaxploitation genre. Brugnolini's taste and skill in dealing with these different elements are still astounding today, starting from the four versions of the main theme \"La notte muore\" included in this record. #nl# Originally released on Vroommm Records label by Edizioni Leonardi in an LP that is today extremely rare and precious, this soundtrack is exclusively repressed by Redi Edizioni on clear transparent vinyl for Record Store Day 2022. Not to be missed!","breadcrumb":{"@id":"https:\/\/wpguerssen-test.odoo.rgbconsulting.com\/es\/producto\/luomo-dagli-occhiali-a-specchio-o-s-t-clear\/#breadcrumb"},"inLanguage":"es","potentialAction":[{"@type":"ReadAction","target":["https:\/\/wpguerssen-test.odoo.rgbconsulting.com\/es\/producto\/luomo-dagli-occhiali-a-specchio-o-s-t-clear\/"]}]},{"@type":"ImageObject","inLanguage":"es","@id":"https:\/\/wpguerssen-test.odoo.rgbconsulting.com\/es\/producto\/luomo-dagli-occhiali-a-specchio-o-s-t-clear\/#primaryimage","url":"https:\/\/wpguerssen-test.odoo.rgbconsulting.com\/wp-content\/uploads\/2022\/03\/40490.jpg","contentUrl":"https:\/\/wpguerssen-test.odoo.rgbconsulting.com\/wp-content\/uploads\/2022\/03\/40490.jpg","width":1500,"height":1500,"caption":"Sandro - L'uomo dagli occhiali a specchio (O.S.T) (Clear) - REDI EDIZIONI MUSICALI (LP) | Guerssen"},{"@type":"BreadcrumbList","@id":"https:\/\/wpguerssen-test.odoo.rgbconsulting.com\/es\/producto\/luomo-dagli-occhiali-a-specchio-o-s-t-clear\/#breadcrumb","itemListElement":[{"@type":"ListItem","position":1,"name":"Inicio","item":"https:\/\/wpguerssen-test.odoo.rgbconsulting.com\/es\/"},{"@type":"ListItem","position":2,"name":"Shop","item":"https:\/\/wpguerssen-test.odoo.rgbconsulting.com\/shop\/"},{"@type":"ListItem","position":3,"name":"L&#8217;uomo dagli occhiali a specchio (O.S.T) (Clear)"}]},{"@type":"WebSite","@id":"https:\/\/wpguerssen-test.odoo.rgbconsulting.com\/es\/#website","url":"https:\/\/wpguerssen-test.odoo.rgbconsulting.com\/es\/","name":"Guerssen records","description":"psychedelia - progressive - folk - garage ","publisher":{"@id":"https:\/\/wpguerssen-test.odoo.rgbconsulting.com\/es\/#organization"},"potentialAction":[{"@type":"SearchAction","target":{"@type":"EntryPoint","urlTemplate":"https:\/\/wpguerssen-test.odoo.rgbconsulting.com\/es\/?s={search_term_string}"},"query-input":{"@type":"PropertyValueSpecification","valueRequired":true,"valueName":"search_term_string"}}],"inLanguage":"es"},{"@type":"Organization","@id":"https:\/\/wpguerssen-test.odoo.rgbconsulting.com\/es\/#organization","name":"Guerssen records","url":"https:\/\/wpguerssen-test.odoo.rgbconsulting.com\/es\/","logo":{"@type":"ImageObject","inLanguage":"es","@id":"https:\/\/wpguerssen-test.odoo.rgbconsulting.com\/es\/#\/schema\/logo\/image\/","url":"https:\/\/wpguerssen-test.odoo.rgbconsulting.com\/wp-content\/uploads\/2022\/04\/Logo_Guerssen_trans_100.png","contentUrl":"https:\/\/wpguerssen-test.odoo.rgbconsulting.com\/wp-content\/uploads\/2022\/04\/Logo_Guerssen_trans_100.png","width":122,"height":100,"caption":"Guerssen records"},"image":{"@id":"https:\/\/wpguerssen-test.odoo.rgbconsulting.com\/es\/#\/schema\/logo\/image\/"}}]}},"_links":{"self":[{"href":"https:\/\/wpguerssen-test.odoo.rgbconsulting.com\/es\/wp-json\/wp\/v2\/product\/210095","targetHints":{"allow":["GET"]}}],"collection":[{"href":"https:\/\/wpguerssen-test.odoo.rgbconsulting.com\/es\/wp-json\/wp\/v2\/product"}],"about":[{"href":"https:\/\/wpguerssen-test.odoo.rgbconsulting.com\/es\/wp-json\/wp\/v2\/types\/product"}],"wp:featuredmedia":[{"embeddable":true,"href":"https:\/\/wpguerssen-test.odoo.rgbconsulting.com\/es\/wp-json\/wp\/v2\/media\/158253"}],"wp:attachment":[{"href":"https:\/\/wpguerssen-test.odoo.rgbconsulting.com\/es\/wp-json\/wp\/v2\/media?parent=210095"}],"wp:term":[{"taxonomy":"product_brand","embeddable":true,"href":"https:\/\/wpguerssen-test.odoo.rgbconsulting.com\/es\/wp-json\/wp\/v2\/product_brand?post=210095"},{"taxonomy":"product_cat","embeddable":true,"href":"https:\/\/wpguerssen-test.odoo.rgbconsulting.com\/es\/wp-json\/wp\/v2\/product_cat?post=210095"},{"taxonomy":"product_tag","embeddable":true,"href":"https:\/\/wpguerssen-test.odoo.rgbconsulting.com\/es\/wp-json\/wp\/v2\/product_tag?post=210095"}],"curies":[{"name":"wp","href":"https:\/\/api.w.org\/{rel}","templated":true}]}}