{"id":210103,"date":"2025-04-22T00:00:00","date_gmt":"2025-04-21T22:00:00","guid":{"rendered":"http:\/\/guerssen.hl1097.dinaserver.com\/product\/luomo-green\/"},"modified":"2025-04-22T15:50:41","modified_gmt":"2025-04-22T13:50:41","slug":"luomo-green","status":"publish","type":"product","link":"https:\/\/wpguerssen-test.odoo.rgbconsulting.com\/es\/producto\/luomo-green\/","title":{"rendered":"L&#8217;uomo (Green)"},"content":{"rendered":"<p>Perfectamente conocidos como uno de los nombres clave de la escena progresiva italiana, los napolitanos Osanna debutaron con este disco en 1971. Por entonces, la imagen de la banda era acojonante, vestidos de largo y con las caras pintadas tal como aparecen en la preciosa portada triple del disco. <\/p>\n<p> \u00abL&#8217;Uomo\u00bb es un cl\u00e1sico, con buena guitarra, s\u00f3lida secci\u00f3n de ritmo, buena voz y agresiva flauta. Ahora de nuevo disponible, con la portada triple original y r\u00e9plicas de las galletas.<\/p>\n","protected":false},"excerpt":{"rendered":"<p>Perfectamente conocidos como uno de los nombres clave de la escena progresiva italiana, los napolitanos Osanna debutaron con este disco en 1971. Por entonces, la imagen<a class=\"read\" href=\"https:\/\/wpguerssen-test.odoo.rgbconsulting.com\/es\/producto\/luomo-green\/\"> (...)<\/a>","protected":false},"featured_media":171695,"template":"","meta":{"_acf_changed":false},"product_brand":[],"product_cat":[23215],"product_tag":[29140,24185],"class_list":{"0":"post-210103","1":"product","2":"type-product","3":"status-publish","4":"has-post-thumbnail","6":"product_cat-progressive60s-70s-es","7":"product_tag-color-vinyl-es","8":"product_tag-de-nuevo-en-existencia","9":"pa_artist-osanna-es","10":"pa_format-lp-es","11":"pa_gender-progressive60s-70s","12":"pa_label-vinyl-magic","13":"pa_location-europe-es","14":"pa_other-filters-vinyl-only-es","16":"first","17":"instock","18":"taxable","19":"shipping-taxable","20":"purchasable","21":"product-type-simple"},"acf":[],"yoast_head":"<!-- This site is optimized with the Yoast SEO plugin v24.9 - https:\/\/yoast.com\/wordpress\/plugins\/seo\/ -->\n<title>OSANNA - L&#039;uomo (Green) -  (LP) | Guerssen<\/title>\n<meta name=\"description\" content=\"Perfectly known as one of the key names of the Italian progressive scene, this is Naples&#039; Osanna&#039;s debut album, from 1971. By then, the band image was thrilling..... dressed in long vests and with painted faces, as they&#039;re shown in the gorgeous triple gatefold cover of this album. #nl# &quot;L&#039;uomo&quot; is a classic, and features great guitar, solid rhythm section, aggressive flute and good vocals.\" \/>\n<meta name=\"robots\" content=\"index, follow, max-snippet:-1, max-image-preview:large, max-video-preview:-1\" \/>\n<link rel=\"canonical\" href=\"https:\/\/wpguerssen-test.odoo.rgbconsulting.com\/es\/producto\/luomo-green\/\" \/>\n<meta property=\"og:locale\" content=\"es_ES\" \/>\n<meta property=\"og:type\" content=\"article\" \/>\n<meta property=\"og:title\" content=\"OSANNA - L&#039;uomo (Green) -  (LP) | Guerssen\" \/>\n<meta property=\"og:description\" content=\"Perfectly known as one of the key names of the Italian progressive scene, this is Naples&#039; Osanna&#039;s debut album, from 1971. By then, the band image was thrilling..... dressed in long vests and with painted faces, as they&#039;re shown in the gorgeous triple gatefold cover of this album. #nl# &quot;L&#039;uomo&quot; is a classic, and features great guitar, solid rhythm section, aggressive flute and good vocals.\" \/>\n<meta property=\"og:url\" content=\"https:\/\/wpguerssen-test.odoo.rgbconsulting.com\/es\/producto\/luomo-green\/\" \/>\n<meta property=\"og:site_name\" content=\"Guerssen records\" \/>\n<meta property=\"article:modified_time\" content=\"2025-04-22T13:50:41+00:00\" \/>\n<meta property=\"og:image\" content=\"https:\/\/wpguerssen-test.odoo.rgbconsulting.com\/wp-content\/uploads\/2022\/05\/40498.jpg\" \/>\n\t<meta property=\"og:image:width\" content=\"650\" \/>\n\t<meta property=\"og:image:height\" content=\"650\" \/>\n\t<meta property=\"og:image:type\" content=\"image\/jpeg\" \/>\n<meta name=\"twitter:card\" content=\"summary_large_image\" \/>\n<meta name=\"twitter:title\" content=\"OSANNA - L&#039;uomo (Green) -  (LP) | Guerssen\" \/>\n<script type=\"application\/ld+json\" class=\"yoast-schema-graph\">{\"@context\":\"https:\/\/schema.org\",\"@graph\":[{\"@type\":\"WebPage\",\"@id\":\"https:\/\/wpguerssen-test.odoo.rgbconsulting.com\/es\/producto\/luomo-green\/\",\"url\":\"https:\/\/wpguerssen-test.odoo.rgbconsulting.com\/es\/producto\/luomo-green\/\",\"name\":\"OSANNA - L'uomo (Green) - (LP) | Guerssen\",\"isPartOf\":{\"@id\":\"https:\/\/wpguerssen-test.odoo.rgbconsulting.com\/es\/#website\"},\"primaryImageOfPage\":{\"@id\":\"https:\/\/wpguerssen-test.odoo.rgbconsulting.com\/es\/producto\/luomo-green\/#primaryimage\"},\"image\":{\"@id\":\"https:\/\/wpguerssen-test.odoo.rgbconsulting.com\/es\/producto\/luomo-green\/#primaryimage\"},\"thumbnailUrl\":\"https:\/\/wpguerssen-test.odoo.rgbconsulting.com\/wp-content\/uploads\/2022\/05\/40498.jpg\",\"datePublished\":\"2025-04-21T22:00:00+00:00\",\"dateModified\":\"2025-04-22T13:50:41+00:00\",\"description\":\"Perfectly known as one of the key names of the Italian progressive scene, this is Naples' Osanna's debut album, from 1971. By then, the band image was thrilling..... dressed in long vests and with painted faces, as they're shown in the gorgeous triple gatefold cover of this album. #nl# \\\"L'uomo\\\" is a classic, and features great guitar, solid rhythm section, aggressive flute and good vocals.\",\"breadcrumb\":{\"@id\":\"https:\/\/wpguerssen-test.odoo.rgbconsulting.com\/es\/producto\/luomo-green\/#breadcrumb\"},\"inLanguage\":\"es\",\"potentialAction\":[{\"@type\":\"ReadAction\",\"target\":[\"https:\/\/wpguerssen-test.odoo.rgbconsulting.com\/es\/producto\/luomo-green\/\"]}]},{\"@type\":\"ImageObject\",\"inLanguage\":\"es\",\"@id\":\"https:\/\/wpguerssen-test.odoo.rgbconsulting.com\/es\/producto\/luomo-green\/#primaryimage\",\"url\":\"https:\/\/wpguerssen-test.odoo.rgbconsulting.com\/wp-content\/uploads\/2022\/05\/40498.jpg\",\"contentUrl\":\"https:\/\/wpguerssen-test.odoo.rgbconsulting.com\/wp-content\/uploads\/2022\/05\/40498.jpg\",\"width\":650,\"height\":650,\"caption\":\"OSANNA - L'uomo (Green) - VINYL MAGIC (LP) | Guerssen\"},{\"@type\":\"BreadcrumbList\",\"@id\":\"https:\/\/wpguerssen-test.odoo.rgbconsulting.com\/es\/producto\/luomo-green\/#breadcrumb\",\"itemListElement\":[{\"@type\":\"ListItem\",\"position\":1,\"name\":\"Inicio\",\"item\":\"https:\/\/wpguerssen-test.odoo.rgbconsulting.com\/es\/\"},{\"@type\":\"ListItem\",\"position\":2,\"name\":\"Shop\",\"item\":\"https:\/\/wpguerssen-test.odoo.rgbconsulting.com\/shop\/\"},{\"@type\":\"ListItem\",\"position\":3,\"name\":\"L&#8217;uomo (Green)\"}]},{\"@type\":\"WebSite\",\"@id\":\"https:\/\/wpguerssen-test.odoo.rgbconsulting.com\/es\/#website\",\"url\":\"https:\/\/wpguerssen-test.odoo.rgbconsulting.com\/es\/\",\"name\":\"Guerssen records\",\"description\":\"psychedelia - progressive - folk - garage \",\"publisher\":{\"@id\":\"https:\/\/wpguerssen-test.odoo.rgbconsulting.com\/es\/#organization\"},\"potentialAction\":[{\"@type\":\"SearchAction\",\"target\":{\"@type\":\"EntryPoint\",\"urlTemplate\":\"https:\/\/wpguerssen-test.odoo.rgbconsulting.com\/es\/?s={search_term_string}\"},\"query-input\":{\"@type\":\"PropertyValueSpecification\",\"valueRequired\":true,\"valueName\":\"search_term_string\"}}],\"inLanguage\":\"es\"},{\"@type\":\"Organization\",\"@id\":\"https:\/\/wpguerssen-test.odoo.rgbconsulting.com\/es\/#organization\",\"name\":\"Guerssen records\",\"url\":\"https:\/\/wpguerssen-test.odoo.rgbconsulting.com\/es\/\",\"logo\":{\"@type\":\"ImageObject\",\"inLanguage\":\"es\",\"@id\":\"https:\/\/wpguerssen-test.odoo.rgbconsulting.com\/es\/#\/schema\/logo\/image\/\",\"url\":\"https:\/\/wpguerssen-test.odoo.rgbconsulting.com\/wp-content\/uploads\/2022\/04\/Logo_Guerssen_trans_100.png\",\"contentUrl\":\"https:\/\/wpguerssen-test.odoo.rgbconsulting.com\/wp-content\/uploads\/2022\/04\/Logo_Guerssen_trans_100.png\",\"width\":122,\"height\":100,\"caption\":\"Guerssen records\"},\"image\":{\"@id\":\"https:\/\/wpguerssen-test.odoo.rgbconsulting.com\/es\/#\/schema\/logo\/image\/\"}}]}<\/script>\n<!-- \/ Yoast SEO plugin. -->","yoast_head_json":{"title":"OSANNA - L'uomo (Green) -  (LP) | Guerssen","description":"Perfectly known as one of the key names of the Italian progressive scene, this is Naples' Osanna's debut album, from 1971. By then, the band image was thrilling..... dressed in long vests and with painted faces, as they're shown in the gorgeous triple gatefold cover of this album. #nl# \"L'uomo\" is a classic, and features great guitar, solid rhythm section, aggressive flute and good vocals.","robots":{"index":"index","follow":"follow","max-snippet":"max-snippet:-1","max-image-preview":"max-image-preview:large","max-video-preview":"max-video-preview:-1"},"canonical":"https:\/\/wpguerssen-test.odoo.rgbconsulting.com\/es\/producto\/luomo-green\/","og_locale":"es_ES","og_type":"article","og_title":"OSANNA - L'uomo (Green) -  (LP) | Guerssen","og_description":"Perfectly known as one of the key names of the Italian progressive scene, this is Naples' Osanna's debut album, from 1971. By then, the band image was thrilling..... dressed in long vests and with painted faces, as they're shown in the gorgeous triple gatefold cover of this album. #nl# \"L'uomo\" is a classic, and features great guitar, solid rhythm section, aggressive flute and good vocals.","og_url":"https:\/\/wpguerssen-test.odoo.rgbconsulting.com\/es\/producto\/luomo-green\/","og_site_name":"Guerssen records","article_modified_time":"2025-04-22T13:50:41+00:00","og_image":[{"width":650,"height":650,"url":"https:\/\/wpguerssen-test.odoo.rgbconsulting.com\/wp-content\/uploads\/2022\/05\/40498.jpg","type":"image\/jpeg"}],"twitter_card":"summary_large_image","twitter_title":"OSANNA - L'uomo (Green) -  (LP) | Guerssen","schema":{"@context":"https:\/\/schema.org","@graph":[{"@type":"WebPage","@id":"https:\/\/wpguerssen-test.odoo.rgbconsulting.com\/es\/producto\/luomo-green\/","url":"https:\/\/wpguerssen-test.odoo.rgbconsulting.com\/es\/producto\/luomo-green\/","name":"OSANNA - L'uomo (Green) - (LP) | Guerssen","isPartOf":{"@id":"https:\/\/wpguerssen-test.odoo.rgbconsulting.com\/es\/#website"},"primaryImageOfPage":{"@id":"https:\/\/wpguerssen-test.odoo.rgbconsulting.com\/es\/producto\/luomo-green\/#primaryimage"},"image":{"@id":"https:\/\/wpguerssen-test.odoo.rgbconsulting.com\/es\/producto\/luomo-green\/#primaryimage"},"thumbnailUrl":"https:\/\/wpguerssen-test.odoo.rgbconsulting.com\/wp-content\/uploads\/2022\/05\/40498.jpg","datePublished":"2025-04-21T22:00:00+00:00","dateModified":"2025-04-22T13:50:41+00:00","description":"Perfectly known as one of the key names of the Italian progressive scene, this is Naples' Osanna's debut album, from 1971. By then, the band image was thrilling..... dressed in long vests and with painted faces, as they're shown in the gorgeous triple gatefold cover of this album. #nl# \"L'uomo\" is a classic, and features great guitar, solid rhythm section, aggressive flute and good vocals.","breadcrumb":{"@id":"https:\/\/wpguerssen-test.odoo.rgbconsulting.com\/es\/producto\/luomo-green\/#breadcrumb"},"inLanguage":"es","potentialAction":[{"@type":"ReadAction","target":["https:\/\/wpguerssen-test.odoo.rgbconsulting.com\/es\/producto\/luomo-green\/"]}]},{"@type":"ImageObject","inLanguage":"es","@id":"https:\/\/wpguerssen-test.odoo.rgbconsulting.com\/es\/producto\/luomo-green\/#primaryimage","url":"https:\/\/wpguerssen-test.odoo.rgbconsulting.com\/wp-content\/uploads\/2022\/05\/40498.jpg","contentUrl":"https:\/\/wpguerssen-test.odoo.rgbconsulting.com\/wp-content\/uploads\/2022\/05\/40498.jpg","width":650,"height":650,"caption":"OSANNA - L'uomo (Green) - VINYL MAGIC (LP) | Guerssen"},{"@type":"BreadcrumbList","@id":"https:\/\/wpguerssen-test.odoo.rgbconsulting.com\/es\/producto\/luomo-green\/#breadcrumb","itemListElement":[{"@type":"ListItem","position":1,"name":"Inicio","item":"https:\/\/wpguerssen-test.odoo.rgbconsulting.com\/es\/"},{"@type":"ListItem","position":2,"name":"Shop","item":"https:\/\/wpguerssen-test.odoo.rgbconsulting.com\/shop\/"},{"@type":"ListItem","position":3,"name":"L&#8217;uomo (Green)"}]},{"@type":"WebSite","@id":"https:\/\/wpguerssen-test.odoo.rgbconsulting.com\/es\/#website","url":"https:\/\/wpguerssen-test.odoo.rgbconsulting.com\/es\/","name":"Guerssen records","description":"psychedelia - progressive - folk - garage ","publisher":{"@id":"https:\/\/wpguerssen-test.odoo.rgbconsulting.com\/es\/#organization"},"potentialAction":[{"@type":"SearchAction","target":{"@type":"EntryPoint","urlTemplate":"https:\/\/wpguerssen-test.odoo.rgbconsulting.com\/es\/?s={search_term_string}"},"query-input":{"@type":"PropertyValueSpecification","valueRequired":true,"valueName":"search_term_string"}}],"inLanguage":"es"},{"@type":"Organization","@id":"https:\/\/wpguerssen-test.odoo.rgbconsulting.com\/es\/#organization","name":"Guerssen records","url":"https:\/\/wpguerssen-test.odoo.rgbconsulting.com\/es\/","logo":{"@type":"ImageObject","inLanguage":"es","@id":"https:\/\/wpguerssen-test.odoo.rgbconsulting.com\/es\/#\/schema\/logo\/image\/","url":"https:\/\/wpguerssen-test.odoo.rgbconsulting.com\/wp-content\/uploads\/2022\/04\/Logo_Guerssen_trans_100.png","contentUrl":"https:\/\/wpguerssen-test.odoo.rgbconsulting.com\/wp-content\/uploads\/2022\/04\/Logo_Guerssen_trans_100.png","width":122,"height":100,"caption":"Guerssen records"},"image":{"@id":"https:\/\/wpguerssen-test.odoo.rgbconsulting.com\/es\/#\/schema\/logo\/image\/"}}]}},"_links":{"self":[{"href":"https:\/\/wpguerssen-test.odoo.rgbconsulting.com\/es\/wp-json\/wp\/v2\/product\/210103","targetHints":{"allow":["GET"]}}],"collection":[{"href":"https:\/\/wpguerssen-test.odoo.rgbconsulting.com\/es\/wp-json\/wp\/v2\/product"}],"about":[{"href":"https:\/\/wpguerssen-test.odoo.rgbconsulting.com\/es\/wp-json\/wp\/v2\/types\/product"}],"wp:featuredmedia":[{"embeddable":true,"href":"https:\/\/wpguerssen-test.odoo.rgbconsulting.com\/es\/wp-json\/wp\/v2\/media\/171695"}],"wp:attachment":[{"href":"https:\/\/wpguerssen-test.odoo.rgbconsulting.com\/es\/wp-json\/wp\/v2\/media?parent=210103"}],"wp:term":[{"taxonomy":"product_brand","embeddable":true,"href":"https:\/\/wpguerssen-test.odoo.rgbconsulting.com\/es\/wp-json\/wp\/v2\/product_brand?post=210103"},{"taxonomy":"product_cat","embeddable":true,"href":"https:\/\/wpguerssen-test.odoo.rgbconsulting.com\/es\/wp-json\/wp\/v2\/product_cat?post=210103"},{"taxonomy":"product_tag","embeddable":true,"href":"https:\/\/wpguerssen-test.odoo.rgbconsulting.com\/es\/wp-json\/wp\/v2\/product_tag?post=210103"}],"curies":[{"name":"wp","href":"https:\/\/api.w.org\/{rel}","templated":true}]}}