{"id":210170,"date":"2022-04-13T00:00:00","date_gmt":"2022-04-12T22:00:00","guid":{"rendered":"http:\/\/guerssen.hl1097.dinaserver.com\/product\/sighs-whispers-and-anguish\/"},"modified":"2025-03-26T16:42:38","modified_gmt":"2025-03-26T15:42:38","slug":"sighs-whispers-and-anguish","status":"publish","type":"product","link":"https:\/\/wpguerssen-test.odoo.rgbconsulting.com\/es\/producto\/sighs-whispers-and-anguish\/","title":{"rendered":"Sighs, whispers and anguish"},"content":{"rendered":"<p>Reedici\u00f3n oficial y remasterizado de las cintas originales<br \/>Flower Meg fue un \u00edcono sexy del dream pop del Jap\u00f3n de los 70 que fascin\u00f3 a todo el Este, primero en retransmisiones de televisi\u00f3n nocturnas, luego como modelo, actriz y musa de Kaneto Shindo, y cantante. El nombre Flower Meg significa Flor de Meguro (el distrito de Tokio del que proviene). Comienza actuando en el teatro y con la danza; luego, a\u00fan muy joven, en 1970 hizo su aparici\u00f3n en el programa de Go-Go Club \u00abSpace Capsule\u00bb donde capt\u00f3 la atenci\u00f3n de un conocido director que la contrat\u00f3 como chica de portada del programa de televisi\u00f3n nocturno \u00ab23 O&#8217;Clock\u00bb. Show\u00bb. A los 19 a\u00f1os realiz\u00f3 para DAN, rama del hist\u00f3rico Tokuma, el disco \u00abSighs, Whispers and Anguish\u00bb, hoy un santo grial para los coleccionistas. Incluye OBI e insert.<\/p>\n","protected":false},"excerpt":{"rendered":"<p>Reedici\u00f3n oficial y remasterizado de las cintas originales<br \/>Flower Meg fue un \u00edcono sexy del dream pop del Jap\u00f3n de los 70 que fascin\u00f3 a todo el Este, primero<a class=\"read\" href=\"https:\/\/wpguerssen-test.odoo.rgbconsulting.com\/es\/producto\/sighs-whispers-and-anguish\/\"> (...)<\/a>","protected":false},"featured_media":211410,"template":"","meta":{"_acf_changed":false},"product_brand":[],"product_cat":[23281,23232],"product_tag":[],"class_list":{"0":"post-210170","1":"product","2":"type-product","3":"status-publish","4":"has-post-thumbnail","6":"product_cat-garagebeatrnb60-70-es","7":"product_cat-library-music-lounge-es","8":"pa_artist-flower-meg","9":"pa_format-lp-es","10":"pa_gender-library-music-lounge-garagebeatrnb60-70","11":"pa_label-cinedelic","12":"pa_location-asia-es","13":"pa_other-filters-vinyl-only-es","15":"first","16":"instock","17":"taxable","18":"shipping-taxable","19":"purchasable","20":"product-type-simple"},"acf":[],"yoast_head":"<!-- This site is optimized with the Yoast SEO plugin v24.9 - https:\/\/yoast.com\/wordpress\/plugins\/seo\/ -->\n<title>FLOWER MEG - Sighs, whispers and anguish -  (LP) | Guerssen<\/title>\n<meta name=\"description\" content=\"Fully licensed and remastered from the original tapesFlower Meg was a sexy dream pop icon of 70&#039;s Japan fascinating the whole East first in late night television broadcasts, then as a model, actress and muse of Kaneto Shindo, and singer. The name Flower Meg means Flower of Meguro (the Tokyo district it came from). He begins by acting in the theater and with dance; then, still very young, in 1970 she made her appearance in the Go-Go Club show &quot;Space Capsule&quot; where she captured the attention of a well-known director who hired her as cover girl of the night television program &quot;23 O&#039;Clock Show&quot;. At the age of 19 he made, for DAN, a branch of the historic Tokuma, the album &quot;Sighs, Whispers and Anguish&quot;, today a holy grail for collectors. A collection of classic &#039;lollipos&#039; and \u00e0 la page songs of the era interpreted with a crazy sexy whisper, accompanied by the Dan Pop&#039;s Orchestra. Includes OBI and insert\" \/>\n<meta name=\"robots\" content=\"index, follow, max-snippet:-1, max-image-preview:large, max-video-preview:-1\" \/>\n<link rel=\"canonical\" href=\"https:\/\/wpguerssen-test.odoo.rgbconsulting.com\/es\/producto\/sighs-whispers-and-anguish\/\" \/>\n<meta property=\"og:locale\" content=\"es_ES\" \/>\n<meta property=\"og:type\" content=\"article\" \/>\n<meta property=\"og:title\" content=\"FLOWER MEG - Sighs, whispers and anguish -  (LP) | Guerssen\" \/>\n<meta property=\"og:description\" content=\"Fully licensed and remastered from the original tapesFlower Meg was a sexy dream pop icon of 70&#039;s Japan fascinating the whole East first in late night television broadcasts, then as a model, actress and muse of Kaneto Shindo, and singer. The name Flower Meg means Flower of Meguro (the Tokyo district it came from). He begins by acting in the theater and with dance; then, still very young, in 1970 she made her appearance in the Go-Go Club show &quot;Space Capsule&quot; where she captured the attention of a well-known director who hired her as cover girl of the night television program &quot;23 O&#039;Clock Show&quot;. At the age of 19 he made, for DAN, a branch of the historic Tokuma, the album &quot;Sighs, Whispers and Anguish&quot;, today a holy grail for collectors. A collection of classic &#039;lollipos&#039; and \u00e0 la page songs of the era interpreted with a crazy sexy whisper, accompanied by the Dan Pop&#039;s Orchestra. Includes OBI and insert\" \/>\n<meta property=\"og:url\" content=\"https:\/\/wpguerssen-test.odoo.rgbconsulting.com\/es\/producto\/sighs-whispers-and-anguish\/\" \/>\n<meta property=\"og:site_name\" content=\"Guerssen records\" \/>\n<meta property=\"article:modified_time\" content=\"2025-03-26T15:42:38+00:00\" \/>\n<meta property=\"og:image\" content=\"https:\/\/wpguerssen-test.odoo.rgbconsulting.com\/wp-content\/uploads\/2022\/06\/40572.jpg\" \/>\n\t<meta property=\"og:image:width\" content=\"600\" \/>\n\t<meta property=\"og:image:height\" content=\"595\" \/>\n\t<meta property=\"og:image:type\" content=\"image\/jpeg\" \/>\n<meta name=\"twitter:card\" content=\"summary_large_image\" \/>\n<meta name=\"twitter:title\" content=\"FLOWER MEG - Sighs, whispers and anguish -  (LP) | Guerssen\" \/>\n<meta name=\"twitter:label1\" content=\"Tiempo de lectura\" \/>\n\t<meta name=\"twitter:data1\" content=\"1 minuto\" \/>\n<script type=\"application\/ld+json\" class=\"yoast-schema-graph\">{\"@context\":\"https:\/\/schema.org\",\"@graph\":[{\"@type\":\"WebPage\",\"@id\":\"https:\/\/wpguerssen-test.odoo.rgbconsulting.com\/es\/producto\/sighs-whispers-and-anguish\/\",\"url\":\"https:\/\/wpguerssen-test.odoo.rgbconsulting.com\/es\/producto\/sighs-whispers-and-anguish\/\",\"name\":\"FLOWER MEG - Sighs, whispers and anguish - (LP) | Guerssen\",\"isPartOf\":{\"@id\":\"https:\/\/wpguerssen-test.odoo.rgbconsulting.com\/es\/#website\"},\"primaryImageOfPage\":{\"@id\":\"https:\/\/wpguerssen-test.odoo.rgbconsulting.com\/es\/producto\/sighs-whispers-and-anguish\/#primaryimage\"},\"image\":{\"@id\":\"https:\/\/wpguerssen-test.odoo.rgbconsulting.com\/es\/producto\/sighs-whispers-and-anguish\/#primaryimage\"},\"thumbnailUrl\":\"https:\/\/wpguerssen-test.odoo.rgbconsulting.com\/wp-content\/uploads\/2022\/06\/40572.jpg\",\"datePublished\":\"2022-04-12T22:00:00+00:00\",\"dateModified\":\"2025-03-26T15:42:38+00:00\",\"description\":\"Fully licensed and remastered from the original tapesFlower Meg was a sexy dream pop icon of 70's Japan fascinating the whole East first in late night television broadcasts, then as a model, actress and muse of Kaneto Shindo, and singer. The name Flower Meg means Flower of Meguro (the Tokyo district it came from). He begins by acting in the theater and with dance; then, still very young, in 1970 she made her appearance in the Go-Go Club show \\\"Space Capsule\\\" where she captured the attention of a well-known director who hired her as cover girl of the night television program \\\"23 O'Clock Show\\\". At the age of 19 he made, for DAN, a branch of the historic Tokuma, the album \\\"Sighs, Whispers and Anguish\\\", today a holy grail for collectors. A collection of classic 'lollipos' and \u00e0 la page songs of the era interpreted with a crazy sexy whisper, accompanied by the Dan Pop's Orchestra. Includes OBI and insert\",\"breadcrumb\":{\"@id\":\"https:\/\/wpguerssen-test.odoo.rgbconsulting.com\/es\/producto\/sighs-whispers-and-anguish\/#breadcrumb\"},\"inLanguage\":\"es\",\"potentialAction\":[{\"@type\":\"ReadAction\",\"target\":[\"https:\/\/wpguerssen-test.odoo.rgbconsulting.com\/es\/producto\/sighs-whispers-and-anguish\/\"]}]},{\"@type\":\"ImageObject\",\"inLanguage\":\"es\",\"@id\":\"https:\/\/wpguerssen-test.odoo.rgbconsulting.com\/es\/producto\/sighs-whispers-and-anguish\/#primaryimage\",\"url\":\"https:\/\/wpguerssen-test.odoo.rgbconsulting.com\/wp-content\/uploads\/2022\/06\/40572.jpg\",\"contentUrl\":\"https:\/\/wpguerssen-test.odoo.rgbconsulting.com\/wp-content\/uploads\/2022\/06\/40572.jpg\",\"width\":600,\"height\":595,\"caption\":\"whispers and anguish - CINEDELIC (LP) | Guerssen\"},{\"@type\":\"BreadcrumbList\",\"@id\":\"https:\/\/wpguerssen-test.odoo.rgbconsulting.com\/es\/producto\/sighs-whispers-and-anguish\/#breadcrumb\",\"itemListElement\":[{\"@type\":\"ListItem\",\"position\":1,\"name\":\"Inicio\",\"item\":\"https:\/\/wpguerssen-test.odoo.rgbconsulting.com\/es\/\"},{\"@type\":\"ListItem\",\"position\":2,\"name\":\"Shop\",\"item\":\"https:\/\/wpguerssen-test.odoo.rgbconsulting.com\/shop\/\"},{\"@type\":\"ListItem\",\"position\":3,\"name\":\"Sighs, whispers and anguish\"}]},{\"@type\":\"WebSite\",\"@id\":\"https:\/\/wpguerssen-test.odoo.rgbconsulting.com\/es\/#website\",\"url\":\"https:\/\/wpguerssen-test.odoo.rgbconsulting.com\/es\/\",\"name\":\"Guerssen records\",\"description\":\"psychedelia - progressive - folk - garage \",\"publisher\":{\"@id\":\"https:\/\/wpguerssen-test.odoo.rgbconsulting.com\/es\/#organization\"},\"potentialAction\":[{\"@type\":\"SearchAction\",\"target\":{\"@type\":\"EntryPoint\",\"urlTemplate\":\"https:\/\/wpguerssen-test.odoo.rgbconsulting.com\/es\/?s={search_term_string}\"},\"query-input\":{\"@type\":\"PropertyValueSpecification\",\"valueRequired\":true,\"valueName\":\"search_term_string\"}}],\"inLanguage\":\"es\"},{\"@type\":\"Organization\",\"@id\":\"https:\/\/wpguerssen-test.odoo.rgbconsulting.com\/es\/#organization\",\"name\":\"Guerssen records\",\"url\":\"https:\/\/wpguerssen-test.odoo.rgbconsulting.com\/es\/\",\"logo\":{\"@type\":\"ImageObject\",\"inLanguage\":\"es\",\"@id\":\"https:\/\/wpguerssen-test.odoo.rgbconsulting.com\/es\/#\/schema\/logo\/image\/\",\"url\":\"https:\/\/wpguerssen-test.odoo.rgbconsulting.com\/wp-content\/uploads\/2022\/04\/Logo_Guerssen_trans_100.png\",\"contentUrl\":\"https:\/\/wpguerssen-test.odoo.rgbconsulting.com\/wp-content\/uploads\/2022\/04\/Logo_Guerssen_trans_100.png\",\"width\":122,\"height\":100,\"caption\":\"Guerssen records\"},\"image\":{\"@id\":\"https:\/\/wpguerssen-test.odoo.rgbconsulting.com\/es\/#\/schema\/logo\/image\/\"}}]}<\/script>\n<!-- \/ Yoast SEO plugin. -->","yoast_head_json":{"title":"FLOWER MEG - Sighs, whispers and anguish -  (LP) | Guerssen","description":"Fully licensed and remastered from the original tapesFlower Meg was a sexy dream pop icon of 70's Japan fascinating the whole East first in late night television broadcasts, then as a model, actress and muse of Kaneto Shindo, and singer. The name Flower Meg means Flower of Meguro (the Tokyo district it came from). He begins by acting in the theater and with dance; then, still very young, in 1970 she made her appearance in the Go-Go Club show \"Space Capsule\" where she captured the attention of a well-known director who hired her as cover girl of the night television program \"23 O'Clock Show\". At the age of 19 he made, for DAN, a branch of the historic Tokuma, the album \"Sighs, Whispers and Anguish\", today a holy grail for collectors. A collection of classic 'lollipos' and \u00e0 la page songs of the era interpreted with a crazy sexy whisper, accompanied by the Dan Pop's Orchestra. Includes OBI and insert","robots":{"index":"index","follow":"follow","max-snippet":"max-snippet:-1","max-image-preview":"max-image-preview:large","max-video-preview":"max-video-preview:-1"},"canonical":"https:\/\/wpguerssen-test.odoo.rgbconsulting.com\/es\/producto\/sighs-whispers-and-anguish\/","og_locale":"es_ES","og_type":"article","og_title":"FLOWER MEG - Sighs, whispers and anguish -  (LP) | Guerssen","og_description":"Fully licensed and remastered from the original tapesFlower Meg was a sexy dream pop icon of 70's Japan fascinating the whole East first in late night television broadcasts, then as a model, actress and muse of Kaneto Shindo, and singer. The name Flower Meg means Flower of Meguro (the Tokyo district it came from). He begins by acting in the theater and with dance; then, still very young, in 1970 she made her appearance in the Go-Go Club show \"Space Capsule\" where she captured the attention of a well-known director who hired her as cover girl of the night television program \"23 O'Clock Show\". At the age of 19 he made, for DAN, a branch of the historic Tokuma, the album \"Sighs, Whispers and Anguish\", today a holy grail for collectors. A collection of classic 'lollipos' and \u00e0 la page songs of the era interpreted with a crazy sexy whisper, accompanied by the Dan Pop's Orchestra. Includes OBI and insert","og_url":"https:\/\/wpguerssen-test.odoo.rgbconsulting.com\/es\/producto\/sighs-whispers-and-anguish\/","og_site_name":"Guerssen records","article_modified_time":"2025-03-26T15:42:38+00:00","og_image":[{"width":600,"height":595,"url":"https:\/\/wpguerssen-test.odoo.rgbconsulting.com\/wp-content\/uploads\/2022\/06\/40572.jpg","type":"image\/jpeg"}],"twitter_card":"summary_large_image","twitter_title":"FLOWER MEG - Sighs, whispers and anguish -  (LP) | Guerssen","twitter_misc":{"Tiempo de lectura":"1 minuto"},"schema":{"@context":"https:\/\/schema.org","@graph":[{"@type":"WebPage","@id":"https:\/\/wpguerssen-test.odoo.rgbconsulting.com\/es\/producto\/sighs-whispers-and-anguish\/","url":"https:\/\/wpguerssen-test.odoo.rgbconsulting.com\/es\/producto\/sighs-whispers-and-anguish\/","name":"FLOWER MEG - Sighs, whispers and anguish - (LP) | Guerssen","isPartOf":{"@id":"https:\/\/wpguerssen-test.odoo.rgbconsulting.com\/es\/#website"},"primaryImageOfPage":{"@id":"https:\/\/wpguerssen-test.odoo.rgbconsulting.com\/es\/producto\/sighs-whispers-and-anguish\/#primaryimage"},"image":{"@id":"https:\/\/wpguerssen-test.odoo.rgbconsulting.com\/es\/producto\/sighs-whispers-and-anguish\/#primaryimage"},"thumbnailUrl":"https:\/\/wpguerssen-test.odoo.rgbconsulting.com\/wp-content\/uploads\/2022\/06\/40572.jpg","datePublished":"2022-04-12T22:00:00+00:00","dateModified":"2025-03-26T15:42:38+00:00","description":"Fully licensed and remastered from the original tapesFlower Meg was a sexy dream pop icon of 70's Japan fascinating the whole East first in late night television broadcasts, then as a model, actress and muse of Kaneto Shindo, and singer. The name Flower Meg means Flower of Meguro (the Tokyo district it came from). He begins by acting in the theater and with dance; then, still very young, in 1970 she made her appearance in the Go-Go Club show \"Space Capsule\" where she captured the attention of a well-known director who hired her as cover girl of the night television program \"23 O'Clock Show\". At the age of 19 he made, for DAN, a branch of the historic Tokuma, the album \"Sighs, Whispers and Anguish\", today a holy grail for collectors. A collection of classic 'lollipos' and \u00e0 la page songs of the era interpreted with a crazy sexy whisper, accompanied by the Dan Pop's Orchestra. Includes OBI and insert","breadcrumb":{"@id":"https:\/\/wpguerssen-test.odoo.rgbconsulting.com\/es\/producto\/sighs-whispers-and-anguish\/#breadcrumb"},"inLanguage":"es","potentialAction":[{"@type":"ReadAction","target":["https:\/\/wpguerssen-test.odoo.rgbconsulting.com\/es\/producto\/sighs-whispers-and-anguish\/"]}]},{"@type":"ImageObject","inLanguage":"es","@id":"https:\/\/wpguerssen-test.odoo.rgbconsulting.com\/es\/producto\/sighs-whispers-and-anguish\/#primaryimage","url":"https:\/\/wpguerssen-test.odoo.rgbconsulting.com\/wp-content\/uploads\/2022\/06\/40572.jpg","contentUrl":"https:\/\/wpguerssen-test.odoo.rgbconsulting.com\/wp-content\/uploads\/2022\/06\/40572.jpg","width":600,"height":595,"caption":"whispers and anguish - CINEDELIC (LP) | Guerssen"},{"@type":"BreadcrumbList","@id":"https:\/\/wpguerssen-test.odoo.rgbconsulting.com\/es\/producto\/sighs-whispers-and-anguish\/#breadcrumb","itemListElement":[{"@type":"ListItem","position":1,"name":"Inicio","item":"https:\/\/wpguerssen-test.odoo.rgbconsulting.com\/es\/"},{"@type":"ListItem","position":2,"name":"Shop","item":"https:\/\/wpguerssen-test.odoo.rgbconsulting.com\/shop\/"},{"@type":"ListItem","position":3,"name":"Sighs, whispers and anguish"}]},{"@type":"WebSite","@id":"https:\/\/wpguerssen-test.odoo.rgbconsulting.com\/es\/#website","url":"https:\/\/wpguerssen-test.odoo.rgbconsulting.com\/es\/","name":"Guerssen records","description":"psychedelia - progressive - folk - garage ","publisher":{"@id":"https:\/\/wpguerssen-test.odoo.rgbconsulting.com\/es\/#organization"},"potentialAction":[{"@type":"SearchAction","target":{"@type":"EntryPoint","urlTemplate":"https:\/\/wpguerssen-test.odoo.rgbconsulting.com\/es\/?s={search_term_string}"},"query-input":{"@type":"PropertyValueSpecification","valueRequired":true,"valueName":"search_term_string"}}],"inLanguage":"es"},{"@type":"Organization","@id":"https:\/\/wpguerssen-test.odoo.rgbconsulting.com\/es\/#organization","name":"Guerssen records","url":"https:\/\/wpguerssen-test.odoo.rgbconsulting.com\/es\/","logo":{"@type":"ImageObject","inLanguage":"es","@id":"https:\/\/wpguerssen-test.odoo.rgbconsulting.com\/es\/#\/schema\/logo\/image\/","url":"https:\/\/wpguerssen-test.odoo.rgbconsulting.com\/wp-content\/uploads\/2022\/04\/Logo_Guerssen_trans_100.png","contentUrl":"https:\/\/wpguerssen-test.odoo.rgbconsulting.com\/wp-content\/uploads\/2022\/04\/Logo_Guerssen_trans_100.png","width":122,"height":100,"caption":"Guerssen records"},"image":{"@id":"https:\/\/wpguerssen-test.odoo.rgbconsulting.com\/es\/#\/schema\/logo\/image\/"}}]}},"_links":{"self":[{"href":"https:\/\/wpguerssen-test.odoo.rgbconsulting.com\/es\/wp-json\/wp\/v2\/product\/210170","targetHints":{"allow":["GET"]}}],"collection":[{"href":"https:\/\/wpguerssen-test.odoo.rgbconsulting.com\/es\/wp-json\/wp\/v2\/product"}],"about":[{"href":"https:\/\/wpguerssen-test.odoo.rgbconsulting.com\/es\/wp-json\/wp\/v2\/types\/product"}],"wp:featuredmedia":[{"embeddable":true,"href":"https:\/\/wpguerssen-test.odoo.rgbconsulting.com\/es\/wp-json\/wp\/v2\/media\/211410"}],"wp:attachment":[{"href":"https:\/\/wpguerssen-test.odoo.rgbconsulting.com\/es\/wp-json\/wp\/v2\/media?parent=210170"}],"wp:term":[{"taxonomy":"product_brand","embeddable":true,"href":"https:\/\/wpguerssen-test.odoo.rgbconsulting.com\/es\/wp-json\/wp\/v2\/product_brand?post=210170"},{"taxonomy":"product_cat","embeddable":true,"href":"https:\/\/wpguerssen-test.odoo.rgbconsulting.com\/es\/wp-json\/wp\/v2\/product_cat?post=210170"},{"taxonomy":"product_tag","embeddable":true,"href":"https:\/\/wpguerssen-test.odoo.rgbconsulting.com\/es\/wp-json\/wp\/v2\/product_tag?post=210170"}],"curies":[{"name":"wp","href":"https:\/\/api.w.org\/{rel}","templated":true}]}}