{"id":210174,"date":"2022-03-17T00:00:00","date_gmt":"2022-03-16T23:00:00","guid":{"rendered":"http:\/\/guerssen.hl1097.dinaserver.com\/product\/seker-oglan-sari-kiz-karam-kol-havasi-7\/"},"modified":"2025-04-04T12:28:32","modified_gmt":"2025-04-04T10:28:32","slug":"seker-oglan-sari-kiz-karam-kol-havasi-7","status":"publish","type":"product","link":"https:\/\/wpguerssen-test.odoo.rgbconsulting.com\/es\/producto\/seker-oglan-sari-kiz-karam-kol-havasi-7\/","title":{"rendered":"Seker Oglan &#8211; Sari Kiz \/ Karam &#8211; Kol Havasi (7&#8243;)"},"content":{"rendered":"<p>Sonido muy influenciado por el folk psicod\u00e9lico turco y disco-funk-rock.<\/p>\n","protected":false},"excerpt":{"rendered":"<p>Sonido muy influenciado por el folk psicod\u00e9lico turco y disco-funk-rock.<\/p>\n","protected":false},"featured_media":214290,"template":"","meta":{"_acf_changed":false},"product_brand":[],"product_cat":[21659,23265],"product_tag":[],"class_list":{"0":"post-210174","1":"product","2":"type-product","3":"status-publish","4":"has-post-thumbnail","6":"product_cat-psychedelic00s-now-es","7":"product_cat-disco-cosmic-italo-es","8":"pa_artist-arsivplak","9":"pa_format-7-es","10":"pa_gender-disco-cosmic-italo-psychedelic00s-now","11":"pa_label-arsivplak","12":"pa_location-eastern-es","13":"pa_other-filters-vinyl-only-es","15":"first","16":"instock","17":"taxable","18":"shipping-taxable","19":"purchasable","20":"product-type-simple"},"acf":[],"yoast_head":"<!-- This site is optimized with the Yoast SEO plugin v24.9 - https:\/\/yoast.com\/wordpress\/plugins\/seo\/ -->\n<title>ARSIVPLAK - Seker Oglan - Sari Kiz \/ Karam - Kol Havasi (7&quot;) -  (7&quot;) | Guerssen<\/title>\n<meta name=\"description\" content=\"The sound is very influenced by Turkish psychedelic folk and has a cool Funky feel at times with Disco Folk Rock driven rhythms, wah and Eastern flavoured electric-saz riffs.. really great samples that got everything a DJ needs.Both sides are absolutely fantastic from beginning to end. Enjoy it! #nl# &quot;ARSIVPLAK has long delved into the weirdest, most wonderful forms of psychedelia from Turkey throughout the last few decades. Metin Alatli, Tayfun Karatekin, Halit Kakin\u00e7 &amp; D\u00f6n\u00fcs\u00fcm, Atilla Engin, Seyhan Karabay &amp; Kardaslar, Ruacan, Beybonlar, Burhan Tongu\u00e7 &amp; Ismet Siral, Okay Temiz, 21.Peron, Kibris D\u00f6rtl\u00fcs\u00fc as a producer, Arsivplak also reimagined Turkish folklore through a classic synthesizer on the sublime &quot;Volga Nehri (Turkish Disco Folk)&quot; in 2012, &quot;Moog Edits&quot; in 2016 and the new edit album &quot;Mirror - Turkish Disco Folk&quot; in 2020...Whether it&#039;s the moog organ or the electric-saz there are no casual players with each instrument taking decades to master and the label showcase these shared characteristics between funk-jazz and traditional Turkish disco-folk music.&quot;\" \/>\n<meta name=\"robots\" content=\"index, follow, max-snippet:-1, max-image-preview:large, max-video-preview:-1\" \/>\n<link rel=\"canonical\" href=\"https:\/\/wpguerssen-test.odoo.rgbconsulting.com\/es\/producto\/seker-oglan-sari-kiz-karam-kol-havasi-7\/\" \/>\n<meta property=\"og:locale\" content=\"es_ES\" \/>\n<meta property=\"og:type\" content=\"article\" \/>\n<meta property=\"og:title\" content=\"ARSIVPLAK - Seker Oglan - Sari Kiz \/ Karam - Kol Havasi (7&quot;) -  (7&quot;) | Guerssen\" \/>\n<meta property=\"og:description\" content=\"The sound is very influenced by Turkish psychedelic folk and has a cool Funky feel at times with Disco Folk Rock driven rhythms, wah and Eastern flavoured electric-saz riffs.. really great samples that got everything a DJ needs.Both sides are absolutely fantastic from beginning to end. Enjoy it! #nl# &quot;ARSIVPLAK has long delved into the weirdest, most wonderful forms of psychedelia from Turkey throughout the last few decades. Metin Alatli, Tayfun Karatekin, Halit Kakin\u00e7 &amp; D\u00f6n\u00fcs\u00fcm, Atilla Engin, Seyhan Karabay &amp; Kardaslar, Ruacan, Beybonlar, Burhan Tongu\u00e7 &amp; Ismet Siral, Okay Temiz, 21.Peron, Kibris D\u00f6rtl\u00fcs\u00fc as a producer, Arsivplak also reimagined Turkish folklore through a classic synthesizer on the sublime &quot;Volga Nehri (Turkish Disco Folk)&quot; in 2012, &quot;Moog Edits&quot; in 2016 and the new edit album &quot;Mirror - Turkish Disco Folk&quot; in 2020...Whether it&#039;s the moog organ or the electric-saz there are no casual players with each instrument taking decades to master and the label showcase these shared characteristics between funk-jazz and traditional Turkish disco-folk music.&quot;\" \/>\n<meta property=\"og:url\" content=\"https:\/\/wpguerssen-test.odoo.rgbconsulting.com\/es\/producto\/seker-oglan-sari-kiz-karam-kol-havasi-7\/\" \/>\n<meta property=\"og:site_name\" content=\"Guerssen records\" \/>\n<meta property=\"article:modified_time\" content=\"2025-04-04T10:28:32+00:00\" \/>\n<meta property=\"og:image\" content=\"https:\/\/wpguerssen-test.odoo.rgbconsulting.com\/wp-content\/uploads\/2022\/07\/40580.jpg\" \/>\n\t<meta property=\"og:image:width\" content=\"700\" \/>\n\t<meta property=\"og:image:height\" content=\"700\" \/>\n\t<meta property=\"og:image:type\" content=\"image\/jpeg\" \/>\n<meta name=\"twitter:card\" content=\"summary_large_image\" \/>\n<meta name=\"twitter:title\" content=\"ARSIVPLAK - Seker Oglan - Sari Kiz \/ Karam - Kol Havasi (7&quot;) -  (7&quot;) | Guerssen\" \/>\n<script type=\"application\/ld+json\" class=\"yoast-schema-graph\">{\"@context\":\"https:\/\/schema.org\",\"@graph\":[{\"@type\":\"WebPage\",\"@id\":\"https:\/\/wpguerssen-test.odoo.rgbconsulting.com\/es\/producto\/seker-oglan-sari-kiz-karam-kol-havasi-7\/\",\"url\":\"https:\/\/wpguerssen-test.odoo.rgbconsulting.com\/es\/producto\/seker-oglan-sari-kiz-karam-kol-havasi-7\/\",\"name\":\"ARSIVPLAK - Seker Oglan - Sari Kiz \/ Karam - Kol Havasi (7\\\") - (7\\\") | Guerssen\",\"isPartOf\":{\"@id\":\"https:\/\/wpguerssen-test.odoo.rgbconsulting.com\/es\/#website\"},\"primaryImageOfPage\":{\"@id\":\"https:\/\/wpguerssen-test.odoo.rgbconsulting.com\/es\/producto\/seker-oglan-sari-kiz-karam-kol-havasi-7\/#primaryimage\"},\"image\":{\"@id\":\"https:\/\/wpguerssen-test.odoo.rgbconsulting.com\/es\/producto\/seker-oglan-sari-kiz-karam-kol-havasi-7\/#primaryimage\"},\"thumbnailUrl\":\"https:\/\/wpguerssen-test.odoo.rgbconsulting.com\/wp-content\/uploads\/2022\/07\/40580.jpg\",\"datePublished\":\"2022-03-16T23:00:00+00:00\",\"dateModified\":\"2025-04-04T10:28:32+00:00\",\"description\":\"The sound is very influenced by Turkish psychedelic folk and has a cool Funky feel at times with Disco Folk Rock driven rhythms, wah and Eastern flavoured electric-saz riffs.. really great samples that got everything a DJ needs.Both sides are absolutely fantastic from beginning to end. Enjoy it! #nl# \\\"ARSIVPLAK has long delved into the weirdest, most wonderful forms of psychedelia from Turkey throughout the last few decades. Metin Alatli, Tayfun Karatekin, Halit Kakin\u00e7 & D\u00f6n\u00fcs\u00fcm, Atilla Engin, Seyhan Karabay & Kardaslar, Ruacan, Beybonlar, Burhan Tongu\u00e7 & Ismet Siral, Okay Temiz, 21.Peron, Kibris D\u00f6rtl\u00fcs\u00fc as a producer, Arsivplak also reimagined Turkish folklore through a classic synthesizer on the sublime \\\"Volga Nehri (Turkish Disco Folk)\\\" in 2012, \\\"Moog Edits\\\" in 2016 and the new edit album \\\"Mirror - Turkish Disco Folk\\\" in 2020...Whether it's the moog organ or the electric-saz there are no casual players with each instrument taking decades to master and the label showcase these shared characteristics between funk-jazz and traditional Turkish disco-folk music.\\\"\",\"breadcrumb\":{\"@id\":\"https:\/\/wpguerssen-test.odoo.rgbconsulting.com\/es\/producto\/seker-oglan-sari-kiz-karam-kol-havasi-7\/#breadcrumb\"},\"inLanguage\":\"es\",\"potentialAction\":[{\"@type\":\"ReadAction\",\"target\":[\"https:\/\/wpguerssen-test.odoo.rgbconsulting.com\/es\/producto\/seker-oglan-sari-kiz-karam-kol-havasi-7\/\"]}]},{\"@type\":\"ImageObject\",\"inLanguage\":\"es\",\"@id\":\"https:\/\/wpguerssen-test.odoo.rgbconsulting.com\/es\/producto\/seker-oglan-sari-kiz-karam-kol-havasi-7\/#primaryimage\",\"url\":\"https:\/\/wpguerssen-test.odoo.rgbconsulting.com\/wp-content\/uploads\/2022\/07\/40580.jpg\",\"contentUrl\":\"https:\/\/wpguerssen-test.odoo.rgbconsulting.com\/wp-content\/uploads\/2022\/07\/40580.jpg\",\"width\":700,\"height\":700},{\"@type\":\"BreadcrumbList\",\"@id\":\"https:\/\/wpguerssen-test.odoo.rgbconsulting.com\/es\/producto\/seker-oglan-sari-kiz-karam-kol-havasi-7\/#breadcrumb\",\"itemListElement\":[{\"@type\":\"ListItem\",\"position\":1,\"name\":\"Inicio\",\"item\":\"https:\/\/wpguerssen-test.odoo.rgbconsulting.com\/es\/\"},{\"@type\":\"ListItem\",\"position\":2,\"name\":\"Shop\",\"item\":\"https:\/\/wpguerssen-test.odoo.rgbconsulting.com\/shop\/\"},{\"@type\":\"ListItem\",\"position\":3,\"name\":\"Seker Oglan &#8211; Sari Kiz \/ Karam &#8211; Kol Havasi (7&#8243;)\"}]},{\"@type\":\"WebSite\",\"@id\":\"https:\/\/wpguerssen-test.odoo.rgbconsulting.com\/es\/#website\",\"url\":\"https:\/\/wpguerssen-test.odoo.rgbconsulting.com\/es\/\",\"name\":\"Guerssen records\",\"description\":\"psychedelia - progressive - folk - garage \",\"publisher\":{\"@id\":\"https:\/\/wpguerssen-test.odoo.rgbconsulting.com\/es\/#organization\"},\"potentialAction\":[{\"@type\":\"SearchAction\",\"target\":{\"@type\":\"EntryPoint\",\"urlTemplate\":\"https:\/\/wpguerssen-test.odoo.rgbconsulting.com\/es\/?s={search_term_string}\"},\"query-input\":{\"@type\":\"PropertyValueSpecification\",\"valueRequired\":true,\"valueName\":\"search_term_string\"}}],\"inLanguage\":\"es\"},{\"@type\":\"Organization\",\"@id\":\"https:\/\/wpguerssen-test.odoo.rgbconsulting.com\/es\/#organization\",\"name\":\"Guerssen records\",\"url\":\"https:\/\/wpguerssen-test.odoo.rgbconsulting.com\/es\/\",\"logo\":{\"@type\":\"ImageObject\",\"inLanguage\":\"es\",\"@id\":\"https:\/\/wpguerssen-test.odoo.rgbconsulting.com\/es\/#\/schema\/logo\/image\/\",\"url\":\"https:\/\/wpguerssen-test.odoo.rgbconsulting.com\/wp-content\/uploads\/2022\/04\/Logo_Guerssen_trans_100.png\",\"contentUrl\":\"https:\/\/wpguerssen-test.odoo.rgbconsulting.com\/wp-content\/uploads\/2022\/04\/Logo_Guerssen_trans_100.png\",\"width\":122,\"height\":100,\"caption\":\"Guerssen records\"},\"image\":{\"@id\":\"https:\/\/wpguerssen-test.odoo.rgbconsulting.com\/es\/#\/schema\/logo\/image\/\"}}]}<\/script>\n<!-- \/ Yoast SEO plugin. -->","yoast_head_json":{"title":"ARSIVPLAK - Seker Oglan - Sari Kiz \/ Karam - Kol Havasi (7\") -  (7\") | Guerssen","description":"The sound is very influenced by Turkish psychedelic folk and has a cool Funky feel at times with Disco Folk Rock driven rhythms, wah and Eastern flavoured electric-saz riffs.. really great samples that got everything a DJ needs.Both sides are absolutely fantastic from beginning to end. Enjoy it! #nl# \"ARSIVPLAK has long delved into the weirdest, most wonderful forms of psychedelia from Turkey throughout the last few decades. Metin Alatli, Tayfun Karatekin, Halit Kakin\u00e7 & D\u00f6n\u00fcs\u00fcm, Atilla Engin, Seyhan Karabay & Kardaslar, Ruacan, Beybonlar, Burhan Tongu\u00e7 & Ismet Siral, Okay Temiz, 21.Peron, Kibris D\u00f6rtl\u00fcs\u00fc as a producer, Arsivplak also reimagined Turkish folklore through a classic synthesizer on the sublime \"Volga Nehri (Turkish Disco Folk)\" in 2012, \"Moog Edits\" in 2016 and the new edit album \"Mirror - Turkish Disco Folk\" in 2020...Whether it's the moog organ or the electric-saz there are no casual players with each instrument taking decades to master and the label showcase these shared characteristics between funk-jazz and traditional Turkish disco-folk music.\"","robots":{"index":"index","follow":"follow","max-snippet":"max-snippet:-1","max-image-preview":"max-image-preview:large","max-video-preview":"max-video-preview:-1"},"canonical":"https:\/\/wpguerssen-test.odoo.rgbconsulting.com\/es\/producto\/seker-oglan-sari-kiz-karam-kol-havasi-7\/","og_locale":"es_ES","og_type":"article","og_title":"ARSIVPLAK - Seker Oglan - Sari Kiz \/ Karam - Kol Havasi (7\") -  (7\") | Guerssen","og_description":"The sound is very influenced by Turkish psychedelic folk and has a cool Funky feel at times with Disco Folk Rock driven rhythms, wah and Eastern flavoured electric-saz riffs.. really great samples that got everything a DJ needs.Both sides are absolutely fantastic from beginning to end. Enjoy it! #nl# \"ARSIVPLAK has long delved into the weirdest, most wonderful forms of psychedelia from Turkey throughout the last few decades. Metin Alatli, Tayfun Karatekin, Halit Kakin\u00e7 & D\u00f6n\u00fcs\u00fcm, Atilla Engin, Seyhan Karabay & Kardaslar, Ruacan, Beybonlar, Burhan Tongu\u00e7 & Ismet Siral, Okay Temiz, 21.Peron, Kibris D\u00f6rtl\u00fcs\u00fc as a producer, Arsivplak also reimagined Turkish folklore through a classic synthesizer on the sublime \"Volga Nehri (Turkish Disco Folk)\" in 2012, \"Moog Edits\" in 2016 and the new edit album \"Mirror - Turkish Disco Folk\" in 2020...Whether it's the moog organ or the electric-saz there are no casual players with each instrument taking decades to master and the label showcase these shared characteristics between funk-jazz and traditional Turkish disco-folk music.\"","og_url":"https:\/\/wpguerssen-test.odoo.rgbconsulting.com\/es\/producto\/seker-oglan-sari-kiz-karam-kol-havasi-7\/","og_site_name":"Guerssen records","article_modified_time":"2025-04-04T10:28:32+00:00","og_image":[{"width":700,"height":700,"url":"https:\/\/wpguerssen-test.odoo.rgbconsulting.com\/wp-content\/uploads\/2022\/07\/40580.jpg","type":"image\/jpeg"}],"twitter_card":"summary_large_image","twitter_title":"ARSIVPLAK - Seker Oglan - Sari Kiz \/ Karam - Kol Havasi (7\") -  (7\") | Guerssen","schema":{"@context":"https:\/\/schema.org","@graph":[{"@type":"WebPage","@id":"https:\/\/wpguerssen-test.odoo.rgbconsulting.com\/es\/producto\/seker-oglan-sari-kiz-karam-kol-havasi-7\/","url":"https:\/\/wpguerssen-test.odoo.rgbconsulting.com\/es\/producto\/seker-oglan-sari-kiz-karam-kol-havasi-7\/","name":"ARSIVPLAK - Seker Oglan - Sari Kiz \/ Karam - Kol Havasi (7\") - (7\") | Guerssen","isPartOf":{"@id":"https:\/\/wpguerssen-test.odoo.rgbconsulting.com\/es\/#website"},"primaryImageOfPage":{"@id":"https:\/\/wpguerssen-test.odoo.rgbconsulting.com\/es\/producto\/seker-oglan-sari-kiz-karam-kol-havasi-7\/#primaryimage"},"image":{"@id":"https:\/\/wpguerssen-test.odoo.rgbconsulting.com\/es\/producto\/seker-oglan-sari-kiz-karam-kol-havasi-7\/#primaryimage"},"thumbnailUrl":"https:\/\/wpguerssen-test.odoo.rgbconsulting.com\/wp-content\/uploads\/2022\/07\/40580.jpg","datePublished":"2022-03-16T23:00:00+00:00","dateModified":"2025-04-04T10:28:32+00:00","description":"The sound is very influenced by Turkish psychedelic folk and has a cool Funky feel at times with Disco Folk Rock driven rhythms, wah and Eastern flavoured electric-saz riffs.. really great samples that got everything a DJ needs.Both sides are absolutely fantastic from beginning to end. Enjoy it! #nl# \"ARSIVPLAK has long delved into the weirdest, most wonderful forms of psychedelia from Turkey throughout the last few decades. Metin Alatli, Tayfun Karatekin, Halit Kakin\u00e7 & D\u00f6n\u00fcs\u00fcm, Atilla Engin, Seyhan Karabay & Kardaslar, Ruacan, Beybonlar, Burhan Tongu\u00e7 & Ismet Siral, Okay Temiz, 21.Peron, Kibris D\u00f6rtl\u00fcs\u00fc as a producer, Arsivplak also reimagined Turkish folklore through a classic synthesizer on the sublime \"Volga Nehri (Turkish Disco Folk)\" in 2012, \"Moog Edits\" in 2016 and the new edit album \"Mirror - Turkish Disco Folk\" in 2020...Whether it's the moog organ or the electric-saz there are no casual players with each instrument taking decades to master and the label showcase these shared characteristics between funk-jazz and traditional Turkish disco-folk music.\"","breadcrumb":{"@id":"https:\/\/wpguerssen-test.odoo.rgbconsulting.com\/es\/producto\/seker-oglan-sari-kiz-karam-kol-havasi-7\/#breadcrumb"},"inLanguage":"es","potentialAction":[{"@type":"ReadAction","target":["https:\/\/wpguerssen-test.odoo.rgbconsulting.com\/es\/producto\/seker-oglan-sari-kiz-karam-kol-havasi-7\/"]}]},{"@type":"ImageObject","inLanguage":"es","@id":"https:\/\/wpguerssen-test.odoo.rgbconsulting.com\/es\/producto\/seker-oglan-sari-kiz-karam-kol-havasi-7\/#primaryimage","url":"https:\/\/wpguerssen-test.odoo.rgbconsulting.com\/wp-content\/uploads\/2022\/07\/40580.jpg","contentUrl":"https:\/\/wpguerssen-test.odoo.rgbconsulting.com\/wp-content\/uploads\/2022\/07\/40580.jpg","width":700,"height":700},{"@type":"BreadcrumbList","@id":"https:\/\/wpguerssen-test.odoo.rgbconsulting.com\/es\/producto\/seker-oglan-sari-kiz-karam-kol-havasi-7\/#breadcrumb","itemListElement":[{"@type":"ListItem","position":1,"name":"Inicio","item":"https:\/\/wpguerssen-test.odoo.rgbconsulting.com\/es\/"},{"@type":"ListItem","position":2,"name":"Shop","item":"https:\/\/wpguerssen-test.odoo.rgbconsulting.com\/shop\/"},{"@type":"ListItem","position":3,"name":"Seker Oglan &#8211; Sari Kiz \/ Karam &#8211; Kol Havasi (7&#8243;)"}]},{"@type":"WebSite","@id":"https:\/\/wpguerssen-test.odoo.rgbconsulting.com\/es\/#website","url":"https:\/\/wpguerssen-test.odoo.rgbconsulting.com\/es\/","name":"Guerssen records","description":"psychedelia - progressive - folk - garage ","publisher":{"@id":"https:\/\/wpguerssen-test.odoo.rgbconsulting.com\/es\/#organization"},"potentialAction":[{"@type":"SearchAction","target":{"@type":"EntryPoint","urlTemplate":"https:\/\/wpguerssen-test.odoo.rgbconsulting.com\/es\/?s={search_term_string}"},"query-input":{"@type":"PropertyValueSpecification","valueRequired":true,"valueName":"search_term_string"}}],"inLanguage":"es"},{"@type":"Organization","@id":"https:\/\/wpguerssen-test.odoo.rgbconsulting.com\/es\/#organization","name":"Guerssen records","url":"https:\/\/wpguerssen-test.odoo.rgbconsulting.com\/es\/","logo":{"@type":"ImageObject","inLanguage":"es","@id":"https:\/\/wpguerssen-test.odoo.rgbconsulting.com\/es\/#\/schema\/logo\/image\/","url":"https:\/\/wpguerssen-test.odoo.rgbconsulting.com\/wp-content\/uploads\/2022\/04\/Logo_Guerssen_trans_100.png","contentUrl":"https:\/\/wpguerssen-test.odoo.rgbconsulting.com\/wp-content\/uploads\/2022\/04\/Logo_Guerssen_trans_100.png","width":122,"height":100,"caption":"Guerssen records"},"image":{"@id":"https:\/\/wpguerssen-test.odoo.rgbconsulting.com\/es\/#\/schema\/logo\/image\/"}}]}},"_links":{"self":[{"href":"https:\/\/wpguerssen-test.odoo.rgbconsulting.com\/es\/wp-json\/wp\/v2\/product\/210174","targetHints":{"allow":["GET"]}}],"collection":[{"href":"https:\/\/wpguerssen-test.odoo.rgbconsulting.com\/es\/wp-json\/wp\/v2\/product"}],"about":[{"href":"https:\/\/wpguerssen-test.odoo.rgbconsulting.com\/es\/wp-json\/wp\/v2\/types\/product"}],"wp:featuredmedia":[{"embeddable":true,"href":"https:\/\/wpguerssen-test.odoo.rgbconsulting.com\/es\/wp-json\/wp\/v2\/media\/214290"}],"wp:attachment":[{"href":"https:\/\/wpguerssen-test.odoo.rgbconsulting.com\/es\/wp-json\/wp\/v2\/media?parent=210174"}],"wp:term":[{"taxonomy":"product_brand","embeddable":true,"href":"https:\/\/wpguerssen-test.odoo.rgbconsulting.com\/es\/wp-json\/wp\/v2\/product_brand?post=210174"},{"taxonomy":"product_cat","embeddable":true,"href":"https:\/\/wpguerssen-test.odoo.rgbconsulting.com\/es\/wp-json\/wp\/v2\/product_cat?post=210174"},{"taxonomy":"product_tag","embeddable":true,"href":"https:\/\/wpguerssen-test.odoo.rgbconsulting.com\/es\/wp-json\/wp\/v2\/product_tag?post=210174"}],"curies":[{"name":"wp","href":"https:\/\/api.w.org\/{rel}","templated":true}]}}