{"id":210176,"date":"2022-03-17T00:00:00","date_gmt":"2022-03-16T23:00:00","guid":{"rendered":"http:\/\/guerssen.hl1097.dinaserver.com\/product\/gelin-aysem-nenni-7\/"},"modified":"2024-08-28T14:10:45","modified_gmt":"2024-08-28T12:10:45","slug":"gelin-aysem-nenni-7","status":"publish","type":"product","link":"https:\/\/wpguerssen-test.odoo.rgbconsulting.com\/es\/producto\/gelin-aysem-nenni-7\/","title":{"rendered":"Gelin Aysem \/ Nenni (7&#8243;)"},"content":{"rendered":"<p>Brutal psych-funk Turco con guitarra fuzz y breaks de bater\u00eda. Reedici\u00f3n de este raro y buscado single editado en 1969 por este grupo formado por los hermanos Tayfon, Bora y Sefa, este \u00faltimo un alucinante bater\u00eda de s\u00f3lo 12 a\u00f1os de edad!<\/p>\n","protected":false},"excerpt":{"rendered":"<p>Brutal psych-funk Turco con guitarra fuzz y breaks de bater\u00eda. Reedici\u00f3n de este raro y buscado single editado en 1969 por este grupo formado por los hermanos Tayfon,<a class=\"read\" href=\"https:\/\/wpguerssen-test.odoo.rgbconsulting.com\/es\/producto\/gelin-aysem-nenni-7\/\"> (...)<\/a>","protected":false},"featured_media":213167,"template":"","meta":{"_acf_changed":false},"product_brand":[],"product_cat":[21639,23219],"product_tag":[],"class_list":{"0":"post-210176","1":"product","2":"type-product","3":"status-publish","4":"has-post-thumbnail","6":"product_cat-psychedelic60s-70s-es","7":"product_cat-funk-es","8":"pa_artist-beybonlar-es","9":"pa_format-7-es","10":"pa_gender-psychedelic60s-70s-funk","11":"pa_label-arsivplak","12":"pa_location-eastern-es","13":"pa_other-filters-vinyl-only-es","15":"first","16":"instock","17":"taxable","18":"shipping-taxable","19":"purchasable","20":"product-type-simple"},"acf":[],"yoast_head":"<!-- This site is optimized with the Yoast SEO plugin v24.9 - https:\/\/yoast.com\/wordpress\/plugins\/seo\/ -->\n<title>BEYBONLAR - Gelin Aysem \/ Nenni (7&quot;) -  (7&quot;) | Guerssen<\/title>\n<meta name=\"description\" content=\"Here is BEYBONLAR Orkestrasi.Ultra rare Turkish heavy psychedelic single by Beybonlar from 1969. #nl# Amazing stuff from the teenagers band that the drummer was only 12 years old when they recorded the tunesSide A is Gelin Ayse (Bride Ayse) which is very sadly traditional Turkish folk song that arranged by the psych formSide B is Nenni (Lullaby) that is a traditional tune, but what a traditional tune by the teenagers!!!Enjoy it..!\" \/>\n<meta name=\"robots\" content=\"index, follow, max-snippet:-1, max-image-preview:large, max-video-preview:-1\" \/>\n<link rel=\"canonical\" href=\"https:\/\/wpguerssen-test.odoo.rgbconsulting.com\/es\/producto\/gelin-aysem-nenni-7\/\" \/>\n<meta property=\"og:locale\" content=\"es_ES\" \/>\n<meta property=\"og:type\" content=\"article\" \/>\n<meta property=\"og:title\" content=\"BEYBONLAR - Gelin Aysem \/ Nenni (7&quot;) -  (7&quot;) | Guerssen\" \/>\n<meta property=\"og:description\" content=\"Here is BEYBONLAR Orkestrasi.Ultra rare Turkish heavy psychedelic single by Beybonlar from 1969. #nl# Amazing stuff from the teenagers band that the drummer was only 12 years old when they recorded the tunesSide A is Gelin Ayse (Bride Ayse) which is very sadly traditional Turkish folk song that arranged by the psych formSide B is Nenni (Lullaby) that is a traditional tune, but what a traditional tune by the teenagers!!!Enjoy it..!\" \/>\n<meta property=\"og:url\" content=\"https:\/\/wpguerssen-test.odoo.rgbconsulting.com\/es\/producto\/gelin-aysem-nenni-7\/\" \/>\n<meta property=\"og:site_name\" content=\"Guerssen records\" \/>\n<meta property=\"article:modified_time\" content=\"2024-08-28T12:10:45+00:00\" \/>\n<meta property=\"og:image\" content=\"https:\/\/wpguerssen-test.odoo.rgbconsulting.com\/wp-content\/uploads\/2022\/06\/40583.jpg\" \/>\n\t<meta property=\"og:image:width\" content=\"700\" \/>\n\t<meta property=\"og:image:height\" content=\"700\" \/>\n\t<meta property=\"og:image:type\" content=\"image\/jpeg\" \/>\n<meta name=\"twitter:card\" content=\"summary_large_image\" \/>\n<meta name=\"twitter:title\" content=\"BEYBONLAR - Gelin Aysem \/ Nenni (7&quot;) -  (7&quot;) | Guerssen\" \/>\n<script type=\"application\/ld+json\" class=\"yoast-schema-graph\">{\"@context\":\"https:\/\/schema.org\",\"@graph\":[{\"@type\":\"WebPage\",\"@id\":\"https:\/\/wpguerssen-test.odoo.rgbconsulting.com\/es\/producto\/gelin-aysem-nenni-7\/\",\"url\":\"https:\/\/wpguerssen-test.odoo.rgbconsulting.com\/es\/producto\/gelin-aysem-nenni-7\/\",\"name\":\"BEYBONLAR - Gelin Aysem \/ Nenni (7\\\") - (7\\\") | Guerssen\",\"isPartOf\":{\"@id\":\"https:\/\/wpguerssen-test.odoo.rgbconsulting.com\/es\/#website\"},\"primaryImageOfPage\":{\"@id\":\"https:\/\/wpguerssen-test.odoo.rgbconsulting.com\/es\/producto\/gelin-aysem-nenni-7\/#primaryimage\"},\"image\":{\"@id\":\"https:\/\/wpguerssen-test.odoo.rgbconsulting.com\/es\/producto\/gelin-aysem-nenni-7\/#primaryimage\"},\"thumbnailUrl\":\"https:\/\/wpguerssen-test.odoo.rgbconsulting.com\/wp-content\/uploads\/2022\/06\/40583.jpg\",\"datePublished\":\"2022-03-16T23:00:00+00:00\",\"dateModified\":\"2024-08-28T12:10:45+00:00\",\"description\":\"Here is BEYBONLAR Orkestrasi.Ultra rare Turkish heavy psychedelic single by Beybonlar from 1969. #nl# Amazing stuff from the teenagers band that the drummer was only 12 years old when they recorded the tunesSide A is Gelin Ayse (Bride Ayse) which is very sadly traditional Turkish folk song that arranged by the psych formSide B is Nenni (Lullaby) that is a traditional tune, but what a traditional tune by the teenagers!!!Enjoy it..!\",\"breadcrumb\":{\"@id\":\"https:\/\/wpguerssen-test.odoo.rgbconsulting.com\/es\/producto\/gelin-aysem-nenni-7\/#breadcrumb\"},\"inLanguage\":\"es\",\"potentialAction\":[{\"@type\":\"ReadAction\",\"target\":[\"https:\/\/wpguerssen-test.odoo.rgbconsulting.com\/es\/producto\/gelin-aysem-nenni-7\/\"]}]},{\"@type\":\"ImageObject\",\"inLanguage\":\"es\",\"@id\":\"https:\/\/wpguerssen-test.odoo.rgbconsulting.com\/es\/producto\/gelin-aysem-nenni-7\/#primaryimage\",\"url\":\"https:\/\/wpguerssen-test.odoo.rgbconsulting.com\/wp-content\/uploads\/2022\/06\/40583.jpg\",\"contentUrl\":\"https:\/\/wpguerssen-test.odoo.rgbconsulting.com\/wp-content\/uploads\/2022\/06\/40583.jpg\",\"width\":700,\"height\":700},{\"@type\":\"BreadcrumbList\",\"@id\":\"https:\/\/wpguerssen-test.odoo.rgbconsulting.com\/es\/producto\/gelin-aysem-nenni-7\/#breadcrumb\",\"itemListElement\":[{\"@type\":\"ListItem\",\"position\":1,\"name\":\"Inicio\",\"item\":\"https:\/\/wpguerssen-test.odoo.rgbconsulting.com\/es\/\"},{\"@type\":\"ListItem\",\"position\":2,\"name\":\"Shop\",\"item\":\"https:\/\/wpguerssen-test.odoo.rgbconsulting.com\/shop\/\"},{\"@type\":\"ListItem\",\"position\":3,\"name\":\"Gelin Aysem \/ Nenni (7&#8243;)\"}]},{\"@type\":\"WebSite\",\"@id\":\"https:\/\/wpguerssen-test.odoo.rgbconsulting.com\/es\/#website\",\"url\":\"https:\/\/wpguerssen-test.odoo.rgbconsulting.com\/es\/\",\"name\":\"Guerssen records\",\"description\":\"psychedelia - progressive - folk - garage \",\"publisher\":{\"@id\":\"https:\/\/wpguerssen-test.odoo.rgbconsulting.com\/es\/#organization\"},\"potentialAction\":[{\"@type\":\"SearchAction\",\"target\":{\"@type\":\"EntryPoint\",\"urlTemplate\":\"https:\/\/wpguerssen-test.odoo.rgbconsulting.com\/es\/?s={search_term_string}\"},\"query-input\":{\"@type\":\"PropertyValueSpecification\",\"valueRequired\":true,\"valueName\":\"search_term_string\"}}],\"inLanguage\":\"es\"},{\"@type\":\"Organization\",\"@id\":\"https:\/\/wpguerssen-test.odoo.rgbconsulting.com\/es\/#organization\",\"name\":\"Guerssen records\",\"url\":\"https:\/\/wpguerssen-test.odoo.rgbconsulting.com\/es\/\",\"logo\":{\"@type\":\"ImageObject\",\"inLanguage\":\"es\",\"@id\":\"https:\/\/wpguerssen-test.odoo.rgbconsulting.com\/es\/#\/schema\/logo\/image\/\",\"url\":\"https:\/\/wpguerssen-test.odoo.rgbconsulting.com\/wp-content\/uploads\/2022\/04\/Logo_Guerssen_trans_100.png\",\"contentUrl\":\"https:\/\/wpguerssen-test.odoo.rgbconsulting.com\/wp-content\/uploads\/2022\/04\/Logo_Guerssen_trans_100.png\",\"width\":122,\"height\":100,\"caption\":\"Guerssen records\"},\"image\":{\"@id\":\"https:\/\/wpguerssen-test.odoo.rgbconsulting.com\/es\/#\/schema\/logo\/image\/\"}}]}<\/script>\n<!-- \/ Yoast SEO plugin. -->","yoast_head_json":{"title":"BEYBONLAR - Gelin Aysem \/ Nenni (7\") -  (7\") | Guerssen","description":"Here is BEYBONLAR Orkestrasi.Ultra rare Turkish heavy psychedelic single by Beybonlar from 1969. #nl# Amazing stuff from the teenagers band that the drummer was only 12 years old when they recorded the tunesSide A is Gelin Ayse (Bride Ayse) which is very sadly traditional Turkish folk song that arranged by the psych formSide B is Nenni (Lullaby) that is a traditional tune, but what a traditional tune by the teenagers!!!Enjoy it..!","robots":{"index":"index","follow":"follow","max-snippet":"max-snippet:-1","max-image-preview":"max-image-preview:large","max-video-preview":"max-video-preview:-1"},"canonical":"https:\/\/wpguerssen-test.odoo.rgbconsulting.com\/es\/producto\/gelin-aysem-nenni-7\/","og_locale":"es_ES","og_type":"article","og_title":"BEYBONLAR - Gelin Aysem \/ Nenni (7\") -  (7\") | Guerssen","og_description":"Here is BEYBONLAR Orkestrasi.Ultra rare Turkish heavy psychedelic single by Beybonlar from 1969. #nl# Amazing stuff from the teenagers band that the drummer was only 12 years old when they recorded the tunesSide A is Gelin Ayse (Bride Ayse) which is very sadly traditional Turkish folk song that arranged by the psych formSide B is Nenni (Lullaby) that is a traditional tune, but what a traditional tune by the teenagers!!!Enjoy it..!","og_url":"https:\/\/wpguerssen-test.odoo.rgbconsulting.com\/es\/producto\/gelin-aysem-nenni-7\/","og_site_name":"Guerssen records","article_modified_time":"2024-08-28T12:10:45+00:00","og_image":[{"width":700,"height":700,"url":"https:\/\/wpguerssen-test.odoo.rgbconsulting.com\/wp-content\/uploads\/2022\/06\/40583.jpg","type":"image\/jpeg"}],"twitter_card":"summary_large_image","twitter_title":"BEYBONLAR - Gelin Aysem \/ Nenni (7\") -  (7\") | Guerssen","schema":{"@context":"https:\/\/schema.org","@graph":[{"@type":"WebPage","@id":"https:\/\/wpguerssen-test.odoo.rgbconsulting.com\/es\/producto\/gelin-aysem-nenni-7\/","url":"https:\/\/wpguerssen-test.odoo.rgbconsulting.com\/es\/producto\/gelin-aysem-nenni-7\/","name":"BEYBONLAR - Gelin Aysem \/ Nenni (7\") - (7\") | Guerssen","isPartOf":{"@id":"https:\/\/wpguerssen-test.odoo.rgbconsulting.com\/es\/#website"},"primaryImageOfPage":{"@id":"https:\/\/wpguerssen-test.odoo.rgbconsulting.com\/es\/producto\/gelin-aysem-nenni-7\/#primaryimage"},"image":{"@id":"https:\/\/wpguerssen-test.odoo.rgbconsulting.com\/es\/producto\/gelin-aysem-nenni-7\/#primaryimage"},"thumbnailUrl":"https:\/\/wpguerssen-test.odoo.rgbconsulting.com\/wp-content\/uploads\/2022\/06\/40583.jpg","datePublished":"2022-03-16T23:00:00+00:00","dateModified":"2024-08-28T12:10:45+00:00","description":"Here is BEYBONLAR Orkestrasi.Ultra rare Turkish heavy psychedelic single by Beybonlar from 1969. #nl# Amazing stuff from the teenagers band that the drummer was only 12 years old when they recorded the tunesSide A is Gelin Ayse (Bride Ayse) which is very sadly traditional Turkish folk song that arranged by the psych formSide B is Nenni (Lullaby) that is a traditional tune, but what a traditional tune by the teenagers!!!Enjoy it..!","breadcrumb":{"@id":"https:\/\/wpguerssen-test.odoo.rgbconsulting.com\/es\/producto\/gelin-aysem-nenni-7\/#breadcrumb"},"inLanguage":"es","potentialAction":[{"@type":"ReadAction","target":["https:\/\/wpguerssen-test.odoo.rgbconsulting.com\/es\/producto\/gelin-aysem-nenni-7\/"]}]},{"@type":"ImageObject","inLanguage":"es","@id":"https:\/\/wpguerssen-test.odoo.rgbconsulting.com\/es\/producto\/gelin-aysem-nenni-7\/#primaryimage","url":"https:\/\/wpguerssen-test.odoo.rgbconsulting.com\/wp-content\/uploads\/2022\/06\/40583.jpg","contentUrl":"https:\/\/wpguerssen-test.odoo.rgbconsulting.com\/wp-content\/uploads\/2022\/06\/40583.jpg","width":700,"height":700},{"@type":"BreadcrumbList","@id":"https:\/\/wpguerssen-test.odoo.rgbconsulting.com\/es\/producto\/gelin-aysem-nenni-7\/#breadcrumb","itemListElement":[{"@type":"ListItem","position":1,"name":"Inicio","item":"https:\/\/wpguerssen-test.odoo.rgbconsulting.com\/es\/"},{"@type":"ListItem","position":2,"name":"Shop","item":"https:\/\/wpguerssen-test.odoo.rgbconsulting.com\/shop\/"},{"@type":"ListItem","position":3,"name":"Gelin Aysem \/ Nenni (7&#8243;)"}]},{"@type":"WebSite","@id":"https:\/\/wpguerssen-test.odoo.rgbconsulting.com\/es\/#website","url":"https:\/\/wpguerssen-test.odoo.rgbconsulting.com\/es\/","name":"Guerssen records","description":"psychedelia - progressive - folk - garage ","publisher":{"@id":"https:\/\/wpguerssen-test.odoo.rgbconsulting.com\/es\/#organization"},"potentialAction":[{"@type":"SearchAction","target":{"@type":"EntryPoint","urlTemplate":"https:\/\/wpguerssen-test.odoo.rgbconsulting.com\/es\/?s={search_term_string}"},"query-input":{"@type":"PropertyValueSpecification","valueRequired":true,"valueName":"search_term_string"}}],"inLanguage":"es"},{"@type":"Organization","@id":"https:\/\/wpguerssen-test.odoo.rgbconsulting.com\/es\/#organization","name":"Guerssen records","url":"https:\/\/wpguerssen-test.odoo.rgbconsulting.com\/es\/","logo":{"@type":"ImageObject","inLanguage":"es","@id":"https:\/\/wpguerssen-test.odoo.rgbconsulting.com\/es\/#\/schema\/logo\/image\/","url":"https:\/\/wpguerssen-test.odoo.rgbconsulting.com\/wp-content\/uploads\/2022\/04\/Logo_Guerssen_trans_100.png","contentUrl":"https:\/\/wpguerssen-test.odoo.rgbconsulting.com\/wp-content\/uploads\/2022\/04\/Logo_Guerssen_trans_100.png","width":122,"height":100,"caption":"Guerssen records"},"image":{"@id":"https:\/\/wpguerssen-test.odoo.rgbconsulting.com\/es\/#\/schema\/logo\/image\/"}}]}},"_links":{"self":[{"href":"https:\/\/wpguerssen-test.odoo.rgbconsulting.com\/es\/wp-json\/wp\/v2\/product\/210176","targetHints":{"allow":["GET"]}}],"collection":[{"href":"https:\/\/wpguerssen-test.odoo.rgbconsulting.com\/es\/wp-json\/wp\/v2\/product"}],"about":[{"href":"https:\/\/wpguerssen-test.odoo.rgbconsulting.com\/es\/wp-json\/wp\/v2\/types\/product"}],"wp:featuredmedia":[{"embeddable":true,"href":"https:\/\/wpguerssen-test.odoo.rgbconsulting.com\/es\/wp-json\/wp\/v2\/media\/213167"}],"wp:attachment":[{"href":"https:\/\/wpguerssen-test.odoo.rgbconsulting.com\/es\/wp-json\/wp\/v2\/media?parent=210176"}],"wp:term":[{"taxonomy":"product_brand","embeddable":true,"href":"https:\/\/wpguerssen-test.odoo.rgbconsulting.com\/es\/wp-json\/wp\/v2\/product_brand?post=210176"},{"taxonomy":"product_cat","embeddable":true,"href":"https:\/\/wpguerssen-test.odoo.rgbconsulting.com\/es\/wp-json\/wp\/v2\/product_cat?post=210176"},{"taxonomy":"product_tag","embeddable":true,"href":"https:\/\/wpguerssen-test.odoo.rgbconsulting.com\/es\/wp-json\/wp\/v2\/product_tag?post=210176"}],"curies":[{"name":"wp","href":"https:\/\/api.w.org\/{rel}","templated":true}]}}