{"id":210245,"date":"2022-03-24T00:00:00","date_gmt":"2022-03-23T23:00:00","guid":{"rendered":"http:\/\/guerssen.hl1097.dinaserver.com\/product\/chakachas\/"},"modified":"2025-03-03T15:43:36","modified_gmt":"2025-03-03T14:43:36","slug":"chakachas","status":"publish","type":"product","link":"https:\/\/wpguerssen-test.odoo.rgbconsulting.com\/es\/producto\/chakachas\/","title":{"rendered":"Chakachas"},"content":{"rendered":"<p>Los Chakachas eran un grupo belga de m\u00fasicos de estudio de soul latino. Tambi\u00e9n conocido como Les Chakachas o Los Chakachas. Comenzaron a finales de los a\u00f1os 50, grabando una divertida mezcla de m\u00fasica latina, jazz y estilo europeo ex\u00f3tico. <\/p>\n<p> Este \u00e1lbum con el mismo t\u00edtulo es muy buscado entre los coleccionistas. La canci\u00f3n \u00abStories\u00bb en este \u00e1lbum se incluy\u00f3 en la banda sonora del muy popular juego Grand Theft Auto V. Esta canci\u00f3n tambi\u00e9n fue versionada por la banda CAKE. \u00a1Dale ritmo y cons\u00edguelo!. <\/p>\n<p> TRACKLIST<br \/>SIDE A<br \/>A1. Stories<br \/>A2. Push Together<br \/>A3. Soledad<br \/>A4. Bantu<br \/>A5. By the Way (He&#8217;s Gone)<br \/>A6. Love, Love, Love<br \/>SIDE B<br \/>B1. Judas Kiss<br \/>B2. Oye Me<br \/>B3. Try It You&#8217;ll Like It<br \/>B4. Copacabana<br \/>B5. Oye Mi Guaguanco<br \/>B6. The Party<\/p>\n","protected":false},"excerpt":{"rendered":"<p>Los Chakachas eran un grupo belga de m\u00fasicos de estudio de soul latino. Tambi\u00e9n conocido como Les Chakachas o Los Chakachas. Comenzaron a finales de los a\u00f1os 50,<a class=\"read\" href=\"https:\/\/wpguerssen-test.odoo.rgbconsulting.com\/es\/producto\/chakachas\/\"> (...)<\/a>","protected":false},"featured_media":213189,"template":"","meta":{"_acf_changed":false},"product_brand":[],"product_cat":[23258,23231],"product_tag":[],"class_list":{"0":"post-210245","1":"product","2":"type-product","3":"status-publish","4":"has-post-thumbnail","6":"product_cat-afro-funk-afrobeat-es","7":"product_cat-latin-brazilian-es","8":"pa_artist-chakachas","9":"pa_format-lp-es","10":"pa_gender-afro-funk-afrobeat-latin-brazilian","11":"pa_label-soulgramma-es","12":"pa_location-europe-es","13":"pa_other-filters-vinyl-only-es","15":"first","16":"instock","17":"taxable","18":"shipping-taxable","19":"purchasable","20":"product-type-simple"},"acf":[],"yoast_head":"<!-- This site is optimized with the Yoast SEO plugin v24.9 - https:\/\/yoast.com\/wordpress\/plugins\/seo\/ -->\n<title>CHAKACHAS - Chakachas -  (LP) | Guerssen<\/title>\n<meta name=\"description\" content=\"The Chakachas were a Belgian based group of Latin soul studio musicians. Also known as Les Chakachas or Los Chakachas. They started out in the late 50s, recording a playful mixture of Latin music, jazz, and European-style exotica. #nl# This same titled album is a much sought after album amongst the connoisseurs.The song &quot;Stories&quot; on this album was featured on the soundtrack of the very popular game Grand Theft Auto V. This song was also covered by the band CAKE.Get your latin groove on. #nl# TRACKLISTSIDE AA1. StoriesA2. Push TogetherA3. SoledadA4. BantuA5. By the Way (He&#039;s Gone)A6. Love, Love, LoveSIDE BB1. Judas KissB2. Oye MeB3. Try It You&#039;ll Like ItB4. CopacabanaB5. Oye Mi GuaguancoB6. The Party\" \/>\n<meta name=\"robots\" content=\"index, follow, max-snippet:-1, max-image-preview:large, max-video-preview:-1\" \/>\n<link rel=\"canonical\" href=\"https:\/\/wpguerssen-test.odoo.rgbconsulting.com\/es\/producto\/chakachas\/\" \/>\n<meta property=\"og:locale\" content=\"es_ES\" \/>\n<meta property=\"og:type\" content=\"article\" \/>\n<meta property=\"og:title\" content=\"CHAKACHAS - Chakachas -  (LP) | Guerssen\" \/>\n<meta property=\"og:description\" content=\"The Chakachas were a Belgian based group of Latin soul studio musicians. Also known as Les Chakachas or Los Chakachas. They started out in the late 50s, recording a playful mixture of Latin music, jazz, and European-style exotica. #nl# This same titled album is a much sought after album amongst the connoisseurs.The song &quot;Stories&quot; on this album was featured on the soundtrack of the very popular game Grand Theft Auto V. This song was also covered by the band CAKE.Get your latin groove on. #nl# TRACKLISTSIDE AA1. StoriesA2. Push TogetherA3. SoledadA4. BantuA5. By the Way (He&#039;s Gone)A6. Love, Love, LoveSIDE BB1. Judas KissB2. Oye MeB3. Try It You&#039;ll Like ItB4. CopacabanaB5. Oye Mi GuaguancoB6. The Party\" \/>\n<meta property=\"og:url\" content=\"https:\/\/wpguerssen-test.odoo.rgbconsulting.com\/es\/producto\/chakachas\/\" \/>\n<meta property=\"og:site_name\" content=\"Guerssen records\" \/>\n<meta property=\"article:modified_time\" content=\"2025-03-03T14:43:36+00:00\" \/>\n<meta property=\"og:image\" content=\"https:\/\/wpguerssen-test.odoo.rgbconsulting.com\/wp-content\/uploads\/2022\/06\/40658.jpg\" \/>\n\t<meta property=\"og:image:width\" content=\"1080\" \/>\n\t<meta property=\"og:image:height\" content=\"1082\" \/>\n\t<meta property=\"og:image:type\" content=\"image\/png\" \/>\n<meta name=\"twitter:card\" content=\"summary_large_image\" \/>\n<meta name=\"twitter:title\" content=\"CHAKACHAS - Chakachas -  (LP) | Guerssen\" \/>\n<meta name=\"twitter:label1\" content=\"Tiempo de lectura\" \/>\n\t<meta name=\"twitter:data1\" content=\"1 minuto\" \/>\n<script type=\"application\/ld+json\" class=\"yoast-schema-graph\">{\"@context\":\"https:\/\/schema.org\",\"@graph\":[{\"@type\":\"WebPage\",\"@id\":\"https:\/\/wpguerssen-test.odoo.rgbconsulting.com\/es\/producto\/chakachas\/\",\"url\":\"https:\/\/wpguerssen-test.odoo.rgbconsulting.com\/es\/producto\/chakachas\/\",\"name\":\"CHAKACHAS - Chakachas - (LP) | Guerssen\",\"isPartOf\":{\"@id\":\"https:\/\/wpguerssen-test.odoo.rgbconsulting.com\/es\/#website\"},\"primaryImageOfPage\":{\"@id\":\"https:\/\/wpguerssen-test.odoo.rgbconsulting.com\/es\/producto\/chakachas\/#primaryimage\"},\"image\":{\"@id\":\"https:\/\/wpguerssen-test.odoo.rgbconsulting.com\/es\/producto\/chakachas\/#primaryimage\"},\"thumbnailUrl\":\"https:\/\/wpguerssen-test.odoo.rgbconsulting.com\/wp-content\/uploads\/2022\/06\/40658.jpg\",\"datePublished\":\"2022-03-23T23:00:00+00:00\",\"dateModified\":\"2025-03-03T14:43:36+00:00\",\"description\":\"The Chakachas were a Belgian based group of Latin soul studio musicians. Also known as Les Chakachas or Los Chakachas. They started out in the late 50s, recording a playful mixture of Latin music, jazz, and European-style exotica. #nl# This same titled album is a much sought after album amongst the connoisseurs.The song \\\"Stories\\\" on this album was featured on the soundtrack of the very popular game Grand Theft Auto V. This song was also covered by the band CAKE.Get your latin groove on. #nl# TRACKLISTSIDE AA1. StoriesA2. Push TogetherA3. SoledadA4. BantuA5. By the Way (He's Gone)A6. Love, Love, LoveSIDE BB1. Judas KissB2. Oye MeB3. Try It You'll Like ItB4. CopacabanaB5. Oye Mi GuaguancoB6. The Party\",\"breadcrumb\":{\"@id\":\"https:\/\/wpguerssen-test.odoo.rgbconsulting.com\/es\/producto\/chakachas\/#breadcrumb\"},\"inLanguage\":\"es\",\"potentialAction\":[{\"@type\":\"ReadAction\",\"target\":[\"https:\/\/wpguerssen-test.odoo.rgbconsulting.com\/es\/producto\/chakachas\/\"]}]},{\"@type\":\"ImageObject\",\"inLanguage\":\"es\",\"@id\":\"https:\/\/wpguerssen-test.odoo.rgbconsulting.com\/es\/producto\/chakachas\/#primaryimage\",\"url\":\"https:\/\/wpguerssen-test.odoo.rgbconsulting.com\/wp-content\/uploads\/2022\/06\/40658.jpg\",\"contentUrl\":\"https:\/\/wpguerssen-test.odoo.rgbconsulting.com\/wp-content\/uploads\/2022\/06\/40658.jpg\",\"width\":1080,\"height\":1082},{\"@type\":\"BreadcrumbList\",\"@id\":\"https:\/\/wpguerssen-test.odoo.rgbconsulting.com\/es\/producto\/chakachas\/#breadcrumb\",\"itemListElement\":[{\"@type\":\"ListItem\",\"position\":1,\"name\":\"Inicio\",\"item\":\"https:\/\/wpguerssen-test.odoo.rgbconsulting.com\/es\/\"},{\"@type\":\"ListItem\",\"position\":2,\"name\":\"Shop\",\"item\":\"https:\/\/wpguerssen-test.odoo.rgbconsulting.com\/shop\/\"},{\"@type\":\"ListItem\",\"position\":3,\"name\":\"Chakachas\"}]},{\"@type\":\"WebSite\",\"@id\":\"https:\/\/wpguerssen-test.odoo.rgbconsulting.com\/es\/#website\",\"url\":\"https:\/\/wpguerssen-test.odoo.rgbconsulting.com\/es\/\",\"name\":\"Guerssen records\",\"description\":\"psychedelia - progressive - folk - garage \",\"publisher\":{\"@id\":\"https:\/\/wpguerssen-test.odoo.rgbconsulting.com\/es\/#organization\"},\"potentialAction\":[{\"@type\":\"SearchAction\",\"target\":{\"@type\":\"EntryPoint\",\"urlTemplate\":\"https:\/\/wpguerssen-test.odoo.rgbconsulting.com\/es\/?s={search_term_string}\"},\"query-input\":{\"@type\":\"PropertyValueSpecification\",\"valueRequired\":true,\"valueName\":\"search_term_string\"}}],\"inLanguage\":\"es\"},{\"@type\":\"Organization\",\"@id\":\"https:\/\/wpguerssen-test.odoo.rgbconsulting.com\/es\/#organization\",\"name\":\"Guerssen records\",\"url\":\"https:\/\/wpguerssen-test.odoo.rgbconsulting.com\/es\/\",\"logo\":{\"@type\":\"ImageObject\",\"inLanguage\":\"es\",\"@id\":\"https:\/\/wpguerssen-test.odoo.rgbconsulting.com\/es\/#\/schema\/logo\/image\/\",\"url\":\"https:\/\/wpguerssen-test.odoo.rgbconsulting.com\/wp-content\/uploads\/2022\/04\/Logo_Guerssen_trans_100.png\",\"contentUrl\":\"https:\/\/wpguerssen-test.odoo.rgbconsulting.com\/wp-content\/uploads\/2022\/04\/Logo_Guerssen_trans_100.png\",\"width\":122,\"height\":100,\"caption\":\"Guerssen records\"},\"image\":{\"@id\":\"https:\/\/wpguerssen-test.odoo.rgbconsulting.com\/es\/#\/schema\/logo\/image\/\"}}]}<\/script>\n<!-- \/ Yoast SEO plugin. -->","yoast_head_json":{"title":"CHAKACHAS - Chakachas -  (LP) | Guerssen","description":"The Chakachas were a Belgian based group of Latin soul studio musicians. Also known as Les Chakachas or Los Chakachas. They started out in the late 50s, recording a playful mixture of Latin music, jazz, and European-style exotica. #nl# This same titled album is a much sought after album amongst the connoisseurs.The song \"Stories\" on this album was featured on the soundtrack of the very popular game Grand Theft Auto V. This song was also covered by the band CAKE.Get your latin groove on. #nl# TRACKLISTSIDE AA1. StoriesA2. Push TogetherA3. SoledadA4. BantuA5. By the Way (He's Gone)A6. Love, Love, LoveSIDE BB1. Judas KissB2. Oye MeB3. Try It You'll Like ItB4. CopacabanaB5. Oye Mi GuaguancoB6. The Party","robots":{"index":"index","follow":"follow","max-snippet":"max-snippet:-1","max-image-preview":"max-image-preview:large","max-video-preview":"max-video-preview:-1"},"canonical":"https:\/\/wpguerssen-test.odoo.rgbconsulting.com\/es\/producto\/chakachas\/","og_locale":"es_ES","og_type":"article","og_title":"CHAKACHAS - Chakachas -  (LP) | Guerssen","og_description":"The Chakachas were a Belgian based group of Latin soul studio musicians. Also known as Les Chakachas or Los Chakachas. They started out in the late 50s, recording a playful mixture of Latin music, jazz, and European-style exotica. #nl# This same titled album is a much sought after album amongst the connoisseurs.The song \"Stories\" on this album was featured on the soundtrack of the very popular game Grand Theft Auto V. This song was also covered by the band CAKE.Get your latin groove on. #nl# TRACKLISTSIDE AA1. StoriesA2. Push TogetherA3. SoledadA4. BantuA5. By the Way (He's Gone)A6. Love, Love, LoveSIDE BB1. Judas KissB2. Oye MeB3. Try It You'll Like ItB4. CopacabanaB5. Oye Mi GuaguancoB6. The Party","og_url":"https:\/\/wpguerssen-test.odoo.rgbconsulting.com\/es\/producto\/chakachas\/","og_site_name":"Guerssen records","article_modified_time":"2025-03-03T14:43:36+00:00","og_image":[{"width":1080,"height":1082,"url":"https:\/\/wpguerssen-test.odoo.rgbconsulting.com\/wp-content\/uploads\/2022\/06\/40658.jpg","type":"image\/png"}],"twitter_card":"summary_large_image","twitter_title":"CHAKACHAS - Chakachas -  (LP) | Guerssen","twitter_misc":{"Tiempo de lectura":"1 minuto"},"schema":{"@context":"https:\/\/schema.org","@graph":[{"@type":"WebPage","@id":"https:\/\/wpguerssen-test.odoo.rgbconsulting.com\/es\/producto\/chakachas\/","url":"https:\/\/wpguerssen-test.odoo.rgbconsulting.com\/es\/producto\/chakachas\/","name":"CHAKACHAS - Chakachas - (LP) | Guerssen","isPartOf":{"@id":"https:\/\/wpguerssen-test.odoo.rgbconsulting.com\/es\/#website"},"primaryImageOfPage":{"@id":"https:\/\/wpguerssen-test.odoo.rgbconsulting.com\/es\/producto\/chakachas\/#primaryimage"},"image":{"@id":"https:\/\/wpguerssen-test.odoo.rgbconsulting.com\/es\/producto\/chakachas\/#primaryimage"},"thumbnailUrl":"https:\/\/wpguerssen-test.odoo.rgbconsulting.com\/wp-content\/uploads\/2022\/06\/40658.jpg","datePublished":"2022-03-23T23:00:00+00:00","dateModified":"2025-03-03T14:43:36+00:00","description":"The Chakachas were a Belgian based group of Latin soul studio musicians. Also known as Les Chakachas or Los Chakachas. They started out in the late 50s, recording a playful mixture of Latin music, jazz, and European-style exotica. #nl# This same titled album is a much sought after album amongst the connoisseurs.The song \"Stories\" on this album was featured on the soundtrack of the very popular game Grand Theft Auto V. This song was also covered by the band CAKE.Get your latin groove on. #nl# TRACKLISTSIDE AA1. StoriesA2. Push TogetherA3. SoledadA4. BantuA5. By the Way (He's Gone)A6. Love, Love, LoveSIDE BB1. Judas KissB2. Oye MeB3. Try It You'll Like ItB4. CopacabanaB5. Oye Mi GuaguancoB6. The Party","breadcrumb":{"@id":"https:\/\/wpguerssen-test.odoo.rgbconsulting.com\/es\/producto\/chakachas\/#breadcrumb"},"inLanguage":"es","potentialAction":[{"@type":"ReadAction","target":["https:\/\/wpguerssen-test.odoo.rgbconsulting.com\/es\/producto\/chakachas\/"]}]},{"@type":"ImageObject","inLanguage":"es","@id":"https:\/\/wpguerssen-test.odoo.rgbconsulting.com\/es\/producto\/chakachas\/#primaryimage","url":"https:\/\/wpguerssen-test.odoo.rgbconsulting.com\/wp-content\/uploads\/2022\/06\/40658.jpg","contentUrl":"https:\/\/wpguerssen-test.odoo.rgbconsulting.com\/wp-content\/uploads\/2022\/06\/40658.jpg","width":1080,"height":1082},{"@type":"BreadcrumbList","@id":"https:\/\/wpguerssen-test.odoo.rgbconsulting.com\/es\/producto\/chakachas\/#breadcrumb","itemListElement":[{"@type":"ListItem","position":1,"name":"Inicio","item":"https:\/\/wpguerssen-test.odoo.rgbconsulting.com\/es\/"},{"@type":"ListItem","position":2,"name":"Shop","item":"https:\/\/wpguerssen-test.odoo.rgbconsulting.com\/shop\/"},{"@type":"ListItem","position":3,"name":"Chakachas"}]},{"@type":"WebSite","@id":"https:\/\/wpguerssen-test.odoo.rgbconsulting.com\/es\/#website","url":"https:\/\/wpguerssen-test.odoo.rgbconsulting.com\/es\/","name":"Guerssen records","description":"psychedelia - progressive - folk - garage ","publisher":{"@id":"https:\/\/wpguerssen-test.odoo.rgbconsulting.com\/es\/#organization"},"potentialAction":[{"@type":"SearchAction","target":{"@type":"EntryPoint","urlTemplate":"https:\/\/wpguerssen-test.odoo.rgbconsulting.com\/es\/?s={search_term_string}"},"query-input":{"@type":"PropertyValueSpecification","valueRequired":true,"valueName":"search_term_string"}}],"inLanguage":"es"},{"@type":"Organization","@id":"https:\/\/wpguerssen-test.odoo.rgbconsulting.com\/es\/#organization","name":"Guerssen records","url":"https:\/\/wpguerssen-test.odoo.rgbconsulting.com\/es\/","logo":{"@type":"ImageObject","inLanguage":"es","@id":"https:\/\/wpguerssen-test.odoo.rgbconsulting.com\/es\/#\/schema\/logo\/image\/","url":"https:\/\/wpguerssen-test.odoo.rgbconsulting.com\/wp-content\/uploads\/2022\/04\/Logo_Guerssen_trans_100.png","contentUrl":"https:\/\/wpguerssen-test.odoo.rgbconsulting.com\/wp-content\/uploads\/2022\/04\/Logo_Guerssen_trans_100.png","width":122,"height":100,"caption":"Guerssen records"},"image":{"@id":"https:\/\/wpguerssen-test.odoo.rgbconsulting.com\/es\/#\/schema\/logo\/image\/"}}]}},"_links":{"self":[{"href":"https:\/\/wpguerssen-test.odoo.rgbconsulting.com\/es\/wp-json\/wp\/v2\/product\/210245","targetHints":{"allow":["GET"]}}],"collection":[{"href":"https:\/\/wpguerssen-test.odoo.rgbconsulting.com\/es\/wp-json\/wp\/v2\/product"}],"about":[{"href":"https:\/\/wpguerssen-test.odoo.rgbconsulting.com\/es\/wp-json\/wp\/v2\/types\/product"}],"wp:featuredmedia":[{"embeddable":true,"href":"https:\/\/wpguerssen-test.odoo.rgbconsulting.com\/es\/wp-json\/wp\/v2\/media\/213189"}],"wp:attachment":[{"href":"https:\/\/wpguerssen-test.odoo.rgbconsulting.com\/es\/wp-json\/wp\/v2\/media?parent=210245"}],"wp:term":[{"taxonomy":"product_brand","embeddable":true,"href":"https:\/\/wpguerssen-test.odoo.rgbconsulting.com\/es\/wp-json\/wp\/v2\/product_brand?post=210245"},{"taxonomy":"product_cat","embeddable":true,"href":"https:\/\/wpguerssen-test.odoo.rgbconsulting.com\/es\/wp-json\/wp\/v2\/product_cat?post=210245"},{"taxonomy":"product_tag","embeddable":true,"href":"https:\/\/wpguerssen-test.odoo.rgbconsulting.com\/es\/wp-json\/wp\/v2\/product_tag?post=210245"}],"curies":[{"name":"wp","href":"https:\/\/api.w.org\/{rel}","templated":true}]}}