{"id":210268,"date":"2022-03-31T00:00:00","date_gmt":"2022-03-30T22:00:00","guid":{"rendered":"http:\/\/guerssen.hl1097.dinaserver.com\/product\/suavesito-7\/"},"modified":"2024-02-20T18:50:40","modified_gmt":"2024-02-20T17:50:40","slug":"suavesito-7","status":"publish","type":"product","link":"https:\/\/wpguerssen-test.odoo.rgbconsulting.com\/es\/producto\/suavesito-7\/","title":{"rendered":"Suavesito (7&#8243;)"},"content":{"rendered":"<p>The Black Chillies son el cocktail m\u00e1s picante de rocknroll, latin surf y R&#038;B. Desde Salamanca regresan con las fantas\u00edas saxof\u00f3nicas m\u00e1s salvajes para hacerte perder el control con este sorbo de hi-energy instrumental. \u00abSuavesito\u00bb entra suave y pega fuerte. <\/p>\n<p> The Black Chillies presentan su primer single como avance de su pr\u00f3ximo disco. <\/p>\n<p> Tracklist:<br \/>Side A: A1. Suavesito &#8211; A2. Dizzy<br \/>Side B: B1. Mambo Jungle &#8211; B2. Let&#8217;s Go Surfin&#8217;<\/p>\n","protected":false},"excerpt":{"rendered":"<p>The Black Chillies son el cocktail m\u00e1s picante de rocknroll, latin surf y R&#038;B. Desde Salamanca regresan con las fantas\u00edas saxof\u00f3nicas m\u00e1s salvajes para hacerte<a class=\"read\" href=\"https:\/\/wpguerssen-test.odoo.rgbconsulting.com\/es\/producto\/suavesito-7\/\"> (...)<\/a>","protected":false},"featured_media":211462,"template":"","meta":{"_acf_changed":false},"product_brand":[],"product_cat":[21642,21664],"product_tag":[],"class_list":{"0":"post-210268","1":"product","2":"type-product","3":"status-publish","4":"has-post-thumbnail","6":"product_cat-rocknroll-es","7":"product_cat-surf-es","8":"pa_artist-black-chillies-the","9":"pa_format-7-es","10":"pa_gender-rocknroll-surf","11":"pa_label-feten-discos","12":"pa_location-spain-es","13":"pa_other-filters-vinyl-only-es","15":"first","16":"instock","17":"taxable","18":"shipping-taxable","19":"purchasable","20":"product-type-simple"},"acf":[],"yoast_head":"<!-- This site is optimized with the Yoast SEO plugin v24.9 - https:\/\/yoast.com\/wordpress\/plugins\/seo\/ -->\n<title>BLACK CHILLIES, The - Suavesito (7&quot;) -  (7&quot;) | Guerssen<\/title>\n<meta name=\"description\" content=\"The Black Chillies are the spiciest cocktail of rock&#039;n&#039;roll, latin surf and R&amp;B. From Salamanca (Spain) they return with the wildest saxophonic fantasies to make you lose control with this sip of hi-energy instrumental. &#039;&#039;Suavesito!&#039;&#039; Enter soft and hit hard. #nl# The Black Chillies present their first single in advance of their forthcoming album. #nl# Tracklist:Side A: A1. Suavesito - A2. DizzySide B: B1. Mambo Jungle - B2. Let&#039;s Go Surfin&#039;\" \/>\n<meta name=\"robots\" content=\"index, follow, max-snippet:-1, max-image-preview:large, max-video-preview:-1\" \/>\n<link rel=\"canonical\" href=\"https:\/\/wpguerssen-test.odoo.rgbconsulting.com\/es\/producto\/suavesito-7\/\" \/>\n<meta property=\"og:locale\" content=\"es_ES\" \/>\n<meta property=\"og:type\" content=\"article\" \/>\n<meta property=\"og:title\" content=\"BLACK CHILLIES, The - Suavesito (7&quot;) -  (7&quot;) | Guerssen\" \/>\n<meta property=\"og:description\" content=\"The Black Chillies are the spiciest cocktail of rock&#039;n&#039;roll, latin surf and R&amp;B. From Salamanca (Spain) they return with the wildest saxophonic fantasies to make you lose control with this sip of hi-energy instrumental. &#039;&#039;Suavesito!&#039;&#039; Enter soft and hit hard. #nl# The Black Chillies present their first single in advance of their forthcoming album. #nl# Tracklist:Side A: A1. Suavesito - A2. DizzySide B: B1. Mambo Jungle - B2. Let&#039;s Go Surfin&#039;\" \/>\n<meta property=\"og:url\" content=\"https:\/\/wpguerssen-test.odoo.rgbconsulting.com\/es\/producto\/suavesito-7\/\" \/>\n<meta property=\"og:site_name\" content=\"Guerssen records\" \/>\n<meta property=\"article:modified_time\" content=\"2024-02-20T17:50:40+00:00\" \/>\n<meta property=\"og:image\" content=\"https:\/\/wpguerssen-test.odoo.rgbconsulting.com\/wp-content\/uploads\/2022\/06\/40682.jpg\" \/>\n\t<meta property=\"og:image:width\" content=\"302\" \/>\n\t<meta property=\"og:image:height\" content=\"306\" \/>\n\t<meta property=\"og:image:type\" content=\"image\/jpeg\" \/>\n<meta name=\"twitter:card\" content=\"summary_large_image\" \/>\n<meta name=\"twitter:title\" content=\"BLACK CHILLIES, The - Suavesito (7&quot;) -  (7&quot;) | Guerssen\" \/>\n<script type=\"application\/ld+json\" class=\"yoast-schema-graph\">{\"@context\":\"https:\/\/schema.org\",\"@graph\":[{\"@type\":\"WebPage\",\"@id\":\"https:\/\/wpguerssen-test.odoo.rgbconsulting.com\/es\/producto\/suavesito-7\/\",\"url\":\"https:\/\/wpguerssen-test.odoo.rgbconsulting.com\/es\/producto\/suavesito-7\/\",\"name\":\"BLACK CHILLIES, The - Suavesito (7\\\") - (7\\\") | Guerssen\",\"isPartOf\":{\"@id\":\"https:\/\/wpguerssen-test.odoo.rgbconsulting.com\/es\/#website\"},\"primaryImageOfPage\":{\"@id\":\"https:\/\/wpguerssen-test.odoo.rgbconsulting.com\/es\/producto\/suavesito-7\/#primaryimage\"},\"image\":{\"@id\":\"https:\/\/wpguerssen-test.odoo.rgbconsulting.com\/es\/producto\/suavesito-7\/#primaryimage\"},\"thumbnailUrl\":\"https:\/\/wpguerssen-test.odoo.rgbconsulting.com\/wp-content\/uploads\/2022\/06\/40682.jpg\",\"datePublished\":\"2022-03-30T22:00:00+00:00\",\"dateModified\":\"2024-02-20T17:50:40+00:00\",\"description\":\"The Black Chillies are the spiciest cocktail of rock'n'roll, latin surf and R&B. From Salamanca (Spain) they return with the wildest saxophonic fantasies to make you lose control with this sip of hi-energy instrumental. ''Suavesito!'' Enter soft and hit hard. #nl# The Black Chillies present their first single in advance of their forthcoming album. #nl# Tracklist:Side A: A1. Suavesito - A2. DizzySide B: B1. Mambo Jungle - B2. Let's Go Surfin'\",\"breadcrumb\":{\"@id\":\"https:\/\/wpguerssen-test.odoo.rgbconsulting.com\/es\/producto\/suavesito-7\/#breadcrumb\"},\"inLanguage\":\"es\",\"potentialAction\":[{\"@type\":\"ReadAction\",\"target\":[\"https:\/\/wpguerssen-test.odoo.rgbconsulting.com\/es\/producto\/suavesito-7\/\"]}]},{\"@type\":\"ImageObject\",\"inLanguage\":\"es\",\"@id\":\"https:\/\/wpguerssen-test.odoo.rgbconsulting.com\/es\/producto\/suavesito-7\/#primaryimage\",\"url\":\"https:\/\/wpguerssen-test.odoo.rgbconsulting.com\/wp-content\/uploads\/2022\/06\/40682.jpg\",\"contentUrl\":\"https:\/\/wpguerssen-test.odoo.rgbconsulting.com\/wp-content\/uploads\/2022\/06\/40682.jpg\",\"width\":302,\"height\":306,\"caption\":\"The - Suavesito (7\\\") - FETEN DISCOS (7\\\") | Guerssen\"},{\"@type\":\"BreadcrumbList\",\"@id\":\"https:\/\/wpguerssen-test.odoo.rgbconsulting.com\/es\/producto\/suavesito-7\/#breadcrumb\",\"itemListElement\":[{\"@type\":\"ListItem\",\"position\":1,\"name\":\"Inicio\",\"item\":\"https:\/\/wpguerssen-test.odoo.rgbconsulting.com\/es\/\"},{\"@type\":\"ListItem\",\"position\":2,\"name\":\"Shop\",\"item\":\"https:\/\/wpguerssen-test.odoo.rgbconsulting.com\/shop\/\"},{\"@type\":\"ListItem\",\"position\":3,\"name\":\"Suavesito (7&#8243;)\"}]},{\"@type\":\"WebSite\",\"@id\":\"https:\/\/wpguerssen-test.odoo.rgbconsulting.com\/es\/#website\",\"url\":\"https:\/\/wpguerssen-test.odoo.rgbconsulting.com\/es\/\",\"name\":\"Guerssen records\",\"description\":\"psychedelia - progressive - folk - garage \",\"publisher\":{\"@id\":\"https:\/\/wpguerssen-test.odoo.rgbconsulting.com\/es\/#organization\"},\"potentialAction\":[{\"@type\":\"SearchAction\",\"target\":{\"@type\":\"EntryPoint\",\"urlTemplate\":\"https:\/\/wpguerssen-test.odoo.rgbconsulting.com\/es\/?s={search_term_string}\"},\"query-input\":{\"@type\":\"PropertyValueSpecification\",\"valueRequired\":true,\"valueName\":\"search_term_string\"}}],\"inLanguage\":\"es\"},{\"@type\":\"Organization\",\"@id\":\"https:\/\/wpguerssen-test.odoo.rgbconsulting.com\/es\/#organization\",\"name\":\"Guerssen records\",\"url\":\"https:\/\/wpguerssen-test.odoo.rgbconsulting.com\/es\/\",\"logo\":{\"@type\":\"ImageObject\",\"inLanguage\":\"es\",\"@id\":\"https:\/\/wpguerssen-test.odoo.rgbconsulting.com\/es\/#\/schema\/logo\/image\/\",\"url\":\"https:\/\/wpguerssen-test.odoo.rgbconsulting.com\/wp-content\/uploads\/2022\/04\/Logo_Guerssen_trans_100.png\",\"contentUrl\":\"https:\/\/wpguerssen-test.odoo.rgbconsulting.com\/wp-content\/uploads\/2022\/04\/Logo_Guerssen_trans_100.png\",\"width\":122,\"height\":100,\"caption\":\"Guerssen records\"},\"image\":{\"@id\":\"https:\/\/wpguerssen-test.odoo.rgbconsulting.com\/es\/#\/schema\/logo\/image\/\"}}]}<\/script>\n<!-- \/ Yoast SEO plugin. -->","yoast_head_json":{"title":"BLACK CHILLIES, The - Suavesito (7\") -  (7\") | Guerssen","description":"The Black Chillies are the spiciest cocktail of rock'n'roll, latin surf and R&B. From Salamanca (Spain) they return with the wildest saxophonic fantasies to make you lose control with this sip of hi-energy instrumental. ''Suavesito!'' Enter soft and hit hard. #nl# The Black Chillies present their first single in advance of their forthcoming album. #nl# Tracklist:Side A: A1. Suavesito - A2. DizzySide B: B1. Mambo Jungle - B2. Let's Go Surfin'","robots":{"index":"index","follow":"follow","max-snippet":"max-snippet:-1","max-image-preview":"max-image-preview:large","max-video-preview":"max-video-preview:-1"},"canonical":"https:\/\/wpguerssen-test.odoo.rgbconsulting.com\/es\/producto\/suavesito-7\/","og_locale":"es_ES","og_type":"article","og_title":"BLACK CHILLIES, The - Suavesito (7\") -  (7\") | Guerssen","og_description":"The Black Chillies are the spiciest cocktail of rock'n'roll, latin surf and R&B. From Salamanca (Spain) they return with the wildest saxophonic fantasies to make you lose control with this sip of hi-energy instrumental. ''Suavesito!'' Enter soft and hit hard. #nl# The Black Chillies present their first single in advance of their forthcoming album. #nl# Tracklist:Side A: A1. Suavesito - A2. DizzySide B: B1. Mambo Jungle - B2. Let's Go Surfin'","og_url":"https:\/\/wpguerssen-test.odoo.rgbconsulting.com\/es\/producto\/suavesito-7\/","og_site_name":"Guerssen records","article_modified_time":"2024-02-20T17:50:40+00:00","og_image":[{"width":302,"height":306,"url":"https:\/\/wpguerssen-test.odoo.rgbconsulting.com\/wp-content\/uploads\/2022\/06\/40682.jpg","type":"image\/jpeg"}],"twitter_card":"summary_large_image","twitter_title":"BLACK CHILLIES, The - Suavesito (7\") -  (7\") | Guerssen","schema":{"@context":"https:\/\/schema.org","@graph":[{"@type":"WebPage","@id":"https:\/\/wpguerssen-test.odoo.rgbconsulting.com\/es\/producto\/suavesito-7\/","url":"https:\/\/wpguerssen-test.odoo.rgbconsulting.com\/es\/producto\/suavesito-7\/","name":"BLACK CHILLIES, The - Suavesito (7\") - (7\") | Guerssen","isPartOf":{"@id":"https:\/\/wpguerssen-test.odoo.rgbconsulting.com\/es\/#website"},"primaryImageOfPage":{"@id":"https:\/\/wpguerssen-test.odoo.rgbconsulting.com\/es\/producto\/suavesito-7\/#primaryimage"},"image":{"@id":"https:\/\/wpguerssen-test.odoo.rgbconsulting.com\/es\/producto\/suavesito-7\/#primaryimage"},"thumbnailUrl":"https:\/\/wpguerssen-test.odoo.rgbconsulting.com\/wp-content\/uploads\/2022\/06\/40682.jpg","datePublished":"2022-03-30T22:00:00+00:00","dateModified":"2024-02-20T17:50:40+00:00","description":"The Black Chillies are the spiciest cocktail of rock'n'roll, latin surf and R&B. From Salamanca (Spain) they return with the wildest saxophonic fantasies to make you lose control with this sip of hi-energy instrumental. ''Suavesito!'' Enter soft and hit hard. #nl# The Black Chillies present their first single in advance of their forthcoming album. #nl# Tracklist:Side A: A1. Suavesito - A2. DizzySide B: B1. Mambo Jungle - B2. Let's Go Surfin'","breadcrumb":{"@id":"https:\/\/wpguerssen-test.odoo.rgbconsulting.com\/es\/producto\/suavesito-7\/#breadcrumb"},"inLanguage":"es","potentialAction":[{"@type":"ReadAction","target":["https:\/\/wpguerssen-test.odoo.rgbconsulting.com\/es\/producto\/suavesito-7\/"]}]},{"@type":"ImageObject","inLanguage":"es","@id":"https:\/\/wpguerssen-test.odoo.rgbconsulting.com\/es\/producto\/suavesito-7\/#primaryimage","url":"https:\/\/wpguerssen-test.odoo.rgbconsulting.com\/wp-content\/uploads\/2022\/06\/40682.jpg","contentUrl":"https:\/\/wpguerssen-test.odoo.rgbconsulting.com\/wp-content\/uploads\/2022\/06\/40682.jpg","width":302,"height":306,"caption":"The - Suavesito (7\") - FETEN DISCOS (7\") | Guerssen"},{"@type":"BreadcrumbList","@id":"https:\/\/wpguerssen-test.odoo.rgbconsulting.com\/es\/producto\/suavesito-7\/#breadcrumb","itemListElement":[{"@type":"ListItem","position":1,"name":"Inicio","item":"https:\/\/wpguerssen-test.odoo.rgbconsulting.com\/es\/"},{"@type":"ListItem","position":2,"name":"Shop","item":"https:\/\/wpguerssen-test.odoo.rgbconsulting.com\/shop\/"},{"@type":"ListItem","position":3,"name":"Suavesito (7&#8243;)"}]},{"@type":"WebSite","@id":"https:\/\/wpguerssen-test.odoo.rgbconsulting.com\/es\/#website","url":"https:\/\/wpguerssen-test.odoo.rgbconsulting.com\/es\/","name":"Guerssen records","description":"psychedelia - progressive - folk - garage ","publisher":{"@id":"https:\/\/wpguerssen-test.odoo.rgbconsulting.com\/es\/#organization"},"potentialAction":[{"@type":"SearchAction","target":{"@type":"EntryPoint","urlTemplate":"https:\/\/wpguerssen-test.odoo.rgbconsulting.com\/es\/?s={search_term_string}"},"query-input":{"@type":"PropertyValueSpecification","valueRequired":true,"valueName":"search_term_string"}}],"inLanguage":"es"},{"@type":"Organization","@id":"https:\/\/wpguerssen-test.odoo.rgbconsulting.com\/es\/#organization","name":"Guerssen records","url":"https:\/\/wpguerssen-test.odoo.rgbconsulting.com\/es\/","logo":{"@type":"ImageObject","inLanguage":"es","@id":"https:\/\/wpguerssen-test.odoo.rgbconsulting.com\/es\/#\/schema\/logo\/image\/","url":"https:\/\/wpguerssen-test.odoo.rgbconsulting.com\/wp-content\/uploads\/2022\/04\/Logo_Guerssen_trans_100.png","contentUrl":"https:\/\/wpguerssen-test.odoo.rgbconsulting.com\/wp-content\/uploads\/2022\/04\/Logo_Guerssen_trans_100.png","width":122,"height":100,"caption":"Guerssen records"},"image":{"@id":"https:\/\/wpguerssen-test.odoo.rgbconsulting.com\/es\/#\/schema\/logo\/image\/"}}]}},"_links":{"self":[{"href":"https:\/\/wpguerssen-test.odoo.rgbconsulting.com\/es\/wp-json\/wp\/v2\/product\/210268","targetHints":{"allow":["GET"]}}],"collection":[{"href":"https:\/\/wpguerssen-test.odoo.rgbconsulting.com\/es\/wp-json\/wp\/v2\/product"}],"about":[{"href":"https:\/\/wpguerssen-test.odoo.rgbconsulting.com\/es\/wp-json\/wp\/v2\/types\/product"}],"wp:featuredmedia":[{"embeddable":true,"href":"https:\/\/wpguerssen-test.odoo.rgbconsulting.com\/es\/wp-json\/wp\/v2\/media\/211462"}],"wp:attachment":[{"href":"https:\/\/wpguerssen-test.odoo.rgbconsulting.com\/es\/wp-json\/wp\/v2\/media?parent=210268"}],"wp:term":[{"taxonomy":"product_brand","embeddable":true,"href":"https:\/\/wpguerssen-test.odoo.rgbconsulting.com\/es\/wp-json\/wp\/v2\/product_brand?post=210268"},{"taxonomy":"product_cat","embeddable":true,"href":"https:\/\/wpguerssen-test.odoo.rgbconsulting.com\/es\/wp-json\/wp\/v2\/product_cat?post=210268"},{"taxonomy":"product_tag","embeddable":true,"href":"https:\/\/wpguerssen-test.odoo.rgbconsulting.com\/es\/wp-json\/wp\/v2\/product_tag?post=210268"}],"curies":[{"name":"wp","href":"https:\/\/api.w.org\/{rel}","templated":true}]}}