{"id":210306,"date":"2022-05-19T00:00:00","date_gmt":"2022-05-18T22:00:00","guid":{"rendered":"http:\/\/guerssen.hl1097.dinaserver.com\/product\/indo-arabic-variations\/"},"modified":"2024-02-21T10:50:01","modified_gmt":"2024-02-21T09:50:01","slug":"indo-arabic-variations","status":"publish","type":"product","link":"https:\/\/wpguerssen-test.odoo.rgbconsulting.com\/es\/producto\/indo-arabic-variations\/","title":{"rendered":"Indo-Arabic Variations"},"content":{"rendered":"<p>Primera reedici\u00f3n en vinilo de una grabaci\u00f3n egipcia imprescindible, un \u00e1lbum realmente \u00fanico en el mundo de la m\u00fasica \u00e1rabe por su fusi\u00f3n con la m\u00fasica india. Baligh Hamdi no deber\u00eda sonar desconocido para cualquiera que est\u00e9 m\u00ednimamente interesado en la m\u00fasica \u00e1rabe o de Oriente Medio. <\/p>\n<p> Fusi\u00f3n \u00fanica de las culturas musicales india y egipcia ideada por Baligh Hamdi, el m\u00e1s destacado de todos los compositores modernos de habla \u00e1rabe mundo. Hamdi, que escribi\u00f3 docenas de composiciones exitosas para Umm Kulthum, Abdel Halim Hafez, Warda y Sabah, entre otros, tambi\u00e9n dio forma al futuro de la m\u00fasica \u00e1rabe.<\/p>\n","protected":false},"excerpt":{"rendered":"<p>Primera reedici\u00f3n en vinilo de una grabaci\u00f3n egipcia imprescindible, un \u00e1lbum realmente \u00fanico en el mundo de la m\u00fasica \u00e1rabe por su fusi\u00f3n con la m\u00fasica india.<a class=\"read\" href=\"https:\/\/wpguerssen-test.odoo.rgbconsulting.com\/es\/producto\/indo-arabic-variations\/\"> (...)<\/a>","protected":false},"featured_media":211468,"template":"","meta":{"_acf_changed":false},"product_brand":[],"product_cat":[21688,23272],"product_tag":[],"class_list":{"0":"post-210306","1":"product","2":"type-product","3":"status-publish","4":"has-post-thumbnail","6":"product_cat-psychedelic80s-90s-es","7":"product_cat-folk-80s-90s-es","8":"pa_artist-hamdi-baligh-khan-magid","9":"pa_format-lp-es","10":"pa_gender-psychedelic80s-90s-folk-80s-90s","11":"pa_label-altercat","12":"pa_location-eastern-es","13":"pa_other-filters-vinyl-only-es","15":"first","16":"instock","17":"taxable","18":"shipping-taxable","19":"purchasable","20":"product-type-simple"},"acf":[],"yoast_head":"<!-- This site is optimized with the Yoast SEO plugin v24.9 - https:\/\/yoast.com\/wordpress\/plugins\/seo\/ -->\n<title>HAMDI, Baligh &amp; KHAN, Magid - Indo-Arabic Variations -  (LP) | Guerssen<\/title>\n<meta name=\"description\" content=\"First-time vinyl reissue of an essential Egyptian recording, a truly unique album in the Arabic music world for its fusion with Indian music. Baligh Hamdi shouldn&#039;t sound unfamiliar to anybody who&#039;s remotely interested in Arabic \/ Middle-Eastern music. File this one right next to the best recordings by Fairuz, Omar Khorshid or Elias Rahbani. #nl# Unique fusion of the Indian and Egyptian music cultures devised by Baligh Hamdi, the most prominent of all modern composers in the Arab-speaking world. Hamdi, who penned dozens of hit compositions for Umm Kulthum, Abdel Halim Hafez, Warda and Sabah amongst others, also shaped the future of Arabic music in a way that&#039;s difficult to overestimate. #nl# Directed by Hamdi, the renowned Indian sitar player Magid Khan joins the Egyptian musicians of Abdel Halim Hafez&#039;s orchestra in re-reading some of Hamdi&#039;s compositions from a new perspective - here sitar and tabla dance together with arghoul, ney and other Arabic instruments. #nl# An east-meets-east masterpiece in which Hamdi once again pushed the boundaries of Arabic music in his tireless quest for a broader, more global reach.\" \/>\n<meta name=\"robots\" content=\"index, follow, max-snippet:-1, max-image-preview:large, max-video-preview:-1\" \/>\n<link rel=\"canonical\" href=\"https:\/\/wpguerssen-test.odoo.rgbconsulting.com\/es\/producto\/indo-arabic-variations\/\" \/>\n<meta property=\"og:locale\" content=\"es_ES\" \/>\n<meta property=\"og:type\" content=\"article\" \/>\n<meta property=\"og:title\" content=\"HAMDI, Baligh &amp; KHAN, Magid - Indo-Arabic Variations -  (LP) | Guerssen\" \/>\n<meta property=\"og:description\" content=\"First-time vinyl reissue of an essential Egyptian recording, a truly unique album in the Arabic music world for its fusion with Indian music. Baligh Hamdi shouldn&#039;t sound unfamiliar to anybody who&#039;s remotely interested in Arabic \/ Middle-Eastern music. File this one right next to the best recordings by Fairuz, Omar Khorshid or Elias Rahbani. #nl# Unique fusion of the Indian and Egyptian music cultures devised by Baligh Hamdi, the most prominent of all modern composers in the Arab-speaking world. Hamdi, who penned dozens of hit compositions for Umm Kulthum, Abdel Halim Hafez, Warda and Sabah amongst others, also shaped the future of Arabic music in a way that&#039;s difficult to overestimate. #nl# Directed by Hamdi, the renowned Indian sitar player Magid Khan joins the Egyptian musicians of Abdel Halim Hafez&#039;s orchestra in re-reading some of Hamdi&#039;s compositions from a new perspective - here sitar and tabla dance together with arghoul, ney and other Arabic instruments. #nl# An east-meets-east masterpiece in which Hamdi once again pushed the boundaries of Arabic music in his tireless quest for a broader, more global reach.\" \/>\n<meta property=\"og:url\" content=\"https:\/\/wpguerssen-test.odoo.rgbconsulting.com\/es\/producto\/indo-arabic-variations\/\" \/>\n<meta property=\"og:site_name\" content=\"Guerssen records\" \/>\n<meta property=\"article:modified_time\" content=\"2024-02-21T09:50:01+00:00\" \/>\n<meta property=\"og:image\" content=\"https:\/\/wpguerssen-test.odoo.rgbconsulting.com\/wp-content\/uploads\/2022\/06\/40721.jpg\" \/>\n\t<meta property=\"og:image:width\" content=\"1200\" \/>\n\t<meta property=\"og:image:height\" content=\"1200\" \/>\n\t<meta property=\"og:image:type\" content=\"image\/jpeg\" \/>\n<meta name=\"twitter:card\" content=\"summary_large_image\" \/>\n<meta name=\"twitter:title\" content=\"HAMDI, Baligh &amp; KHAN, Magid - Indo-Arabic Variations -  (LP) | Guerssen\" \/>\n<meta name=\"twitter:label1\" content=\"Tiempo de lectura\" \/>\n\t<meta name=\"twitter:data1\" content=\"1 minuto\" \/>\n<script type=\"application\/ld+json\" class=\"yoast-schema-graph\">{\"@context\":\"https:\/\/schema.org\",\"@graph\":[{\"@type\":\"WebPage\",\"@id\":\"https:\/\/wpguerssen-test.odoo.rgbconsulting.com\/es\/producto\/indo-arabic-variations\/\",\"url\":\"https:\/\/wpguerssen-test.odoo.rgbconsulting.com\/es\/producto\/indo-arabic-variations\/\",\"name\":\"HAMDI, Baligh & KHAN, Magid - Indo-Arabic Variations - (LP) | Guerssen\",\"isPartOf\":{\"@id\":\"https:\/\/wpguerssen-test.odoo.rgbconsulting.com\/es\/#website\"},\"primaryImageOfPage\":{\"@id\":\"https:\/\/wpguerssen-test.odoo.rgbconsulting.com\/es\/producto\/indo-arabic-variations\/#primaryimage\"},\"image\":{\"@id\":\"https:\/\/wpguerssen-test.odoo.rgbconsulting.com\/es\/producto\/indo-arabic-variations\/#primaryimage\"},\"thumbnailUrl\":\"https:\/\/wpguerssen-test.odoo.rgbconsulting.com\/wp-content\/uploads\/2022\/06\/40721.jpg\",\"datePublished\":\"2022-05-18T22:00:00+00:00\",\"dateModified\":\"2024-02-21T09:50:01+00:00\",\"description\":\"First-time vinyl reissue of an essential Egyptian recording, a truly unique album in the Arabic music world for its fusion with Indian music. Baligh Hamdi shouldn't sound unfamiliar to anybody who's remotely interested in Arabic \/ Middle-Eastern music. File this one right next to the best recordings by Fairuz, Omar Khorshid or Elias Rahbani. #nl# Unique fusion of the Indian and Egyptian music cultures devised by Baligh Hamdi, the most prominent of all modern composers in the Arab-speaking world. Hamdi, who penned dozens of hit compositions for Umm Kulthum, Abdel Halim Hafez, Warda and Sabah amongst others, also shaped the future of Arabic music in a way that's difficult to overestimate. #nl# Directed by Hamdi, the renowned Indian sitar player Magid Khan joins the Egyptian musicians of Abdel Halim Hafez's orchestra in re-reading some of Hamdi's compositions from a new perspective - here sitar and tabla dance together with arghoul, ney and other Arabic instruments. #nl# An east-meets-east masterpiece in which Hamdi once again pushed the boundaries of Arabic music in his tireless quest for a broader, more global reach.\",\"breadcrumb\":{\"@id\":\"https:\/\/wpguerssen-test.odoo.rgbconsulting.com\/es\/producto\/indo-arabic-variations\/#breadcrumb\"},\"inLanguage\":\"es\",\"potentialAction\":[{\"@type\":\"ReadAction\",\"target\":[\"https:\/\/wpguerssen-test.odoo.rgbconsulting.com\/es\/producto\/indo-arabic-variations\/\"]}]},{\"@type\":\"ImageObject\",\"inLanguage\":\"es\",\"@id\":\"https:\/\/wpguerssen-test.odoo.rgbconsulting.com\/es\/producto\/indo-arabic-variations\/#primaryimage\",\"url\":\"https:\/\/wpguerssen-test.odoo.rgbconsulting.com\/wp-content\/uploads\/2022\/06\/40721.jpg\",\"contentUrl\":\"https:\/\/wpguerssen-test.odoo.rgbconsulting.com\/wp-content\/uploads\/2022\/06\/40721.jpg\",\"width\":1200,\"height\":1200,\"caption\":\"Baligh & KHAN\"},{\"@type\":\"BreadcrumbList\",\"@id\":\"https:\/\/wpguerssen-test.odoo.rgbconsulting.com\/es\/producto\/indo-arabic-variations\/#breadcrumb\",\"itemListElement\":[{\"@type\":\"ListItem\",\"position\":1,\"name\":\"Inicio\",\"item\":\"https:\/\/wpguerssen-test.odoo.rgbconsulting.com\/es\/\"},{\"@type\":\"ListItem\",\"position\":2,\"name\":\"Shop\",\"item\":\"https:\/\/wpguerssen-test.odoo.rgbconsulting.com\/shop\/\"},{\"@type\":\"ListItem\",\"position\":3,\"name\":\"Indo-Arabic Variations\"}]},{\"@type\":\"WebSite\",\"@id\":\"https:\/\/wpguerssen-test.odoo.rgbconsulting.com\/es\/#website\",\"url\":\"https:\/\/wpguerssen-test.odoo.rgbconsulting.com\/es\/\",\"name\":\"Guerssen records\",\"description\":\"psychedelia - progressive - folk - garage \",\"publisher\":{\"@id\":\"https:\/\/wpguerssen-test.odoo.rgbconsulting.com\/es\/#organization\"},\"potentialAction\":[{\"@type\":\"SearchAction\",\"target\":{\"@type\":\"EntryPoint\",\"urlTemplate\":\"https:\/\/wpguerssen-test.odoo.rgbconsulting.com\/es\/?s={search_term_string}\"},\"query-input\":{\"@type\":\"PropertyValueSpecification\",\"valueRequired\":true,\"valueName\":\"search_term_string\"}}],\"inLanguage\":\"es\"},{\"@type\":\"Organization\",\"@id\":\"https:\/\/wpguerssen-test.odoo.rgbconsulting.com\/es\/#organization\",\"name\":\"Guerssen records\",\"url\":\"https:\/\/wpguerssen-test.odoo.rgbconsulting.com\/es\/\",\"logo\":{\"@type\":\"ImageObject\",\"inLanguage\":\"es\",\"@id\":\"https:\/\/wpguerssen-test.odoo.rgbconsulting.com\/es\/#\/schema\/logo\/image\/\",\"url\":\"https:\/\/wpguerssen-test.odoo.rgbconsulting.com\/wp-content\/uploads\/2022\/04\/Logo_Guerssen_trans_100.png\",\"contentUrl\":\"https:\/\/wpguerssen-test.odoo.rgbconsulting.com\/wp-content\/uploads\/2022\/04\/Logo_Guerssen_trans_100.png\",\"width\":122,\"height\":100,\"caption\":\"Guerssen records\"},\"image\":{\"@id\":\"https:\/\/wpguerssen-test.odoo.rgbconsulting.com\/es\/#\/schema\/logo\/image\/\"}}]}<\/script>\n<!-- \/ Yoast SEO plugin. -->","yoast_head_json":{"title":"HAMDI, Baligh & KHAN, Magid - Indo-Arabic Variations -  (LP) | Guerssen","description":"First-time vinyl reissue of an essential Egyptian recording, a truly unique album in the Arabic music world for its fusion with Indian music. Baligh Hamdi shouldn't sound unfamiliar to anybody who's remotely interested in Arabic \/ Middle-Eastern music. File this one right next to the best recordings by Fairuz, Omar Khorshid or Elias Rahbani. #nl# Unique fusion of the Indian and Egyptian music cultures devised by Baligh Hamdi, the most prominent of all modern composers in the Arab-speaking world. Hamdi, who penned dozens of hit compositions for Umm Kulthum, Abdel Halim Hafez, Warda and Sabah amongst others, also shaped the future of Arabic music in a way that's difficult to overestimate. #nl# Directed by Hamdi, the renowned Indian sitar player Magid Khan joins the Egyptian musicians of Abdel Halim Hafez's orchestra in re-reading some of Hamdi's compositions from a new perspective - here sitar and tabla dance together with arghoul, ney and other Arabic instruments. #nl# An east-meets-east masterpiece in which Hamdi once again pushed the boundaries of Arabic music in his tireless quest for a broader, more global reach.","robots":{"index":"index","follow":"follow","max-snippet":"max-snippet:-1","max-image-preview":"max-image-preview:large","max-video-preview":"max-video-preview:-1"},"canonical":"https:\/\/wpguerssen-test.odoo.rgbconsulting.com\/es\/producto\/indo-arabic-variations\/","og_locale":"es_ES","og_type":"article","og_title":"HAMDI, Baligh & KHAN, Magid - Indo-Arabic Variations -  (LP) | Guerssen","og_description":"First-time vinyl reissue of an essential Egyptian recording, a truly unique album in the Arabic music world for its fusion with Indian music. Baligh Hamdi shouldn't sound unfamiliar to anybody who's remotely interested in Arabic \/ Middle-Eastern music. File this one right next to the best recordings by Fairuz, Omar Khorshid or Elias Rahbani. #nl# Unique fusion of the Indian and Egyptian music cultures devised by Baligh Hamdi, the most prominent of all modern composers in the Arab-speaking world. Hamdi, who penned dozens of hit compositions for Umm Kulthum, Abdel Halim Hafez, Warda and Sabah amongst others, also shaped the future of Arabic music in a way that's difficult to overestimate. #nl# Directed by Hamdi, the renowned Indian sitar player Magid Khan joins the Egyptian musicians of Abdel Halim Hafez's orchestra in re-reading some of Hamdi's compositions from a new perspective - here sitar and tabla dance together with arghoul, ney and other Arabic instruments. #nl# An east-meets-east masterpiece in which Hamdi once again pushed the boundaries of Arabic music in his tireless quest for a broader, more global reach.","og_url":"https:\/\/wpguerssen-test.odoo.rgbconsulting.com\/es\/producto\/indo-arabic-variations\/","og_site_name":"Guerssen records","article_modified_time":"2024-02-21T09:50:01+00:00","og_image":[{"width":1200,"height":1200,"url":"https:\/\/wpguerssen-test.odoo.rgbconsulting.com\/wp-content\/uploads\/2022\/06\/40721.jpg","type":"image\/jpeg"}],"twitter_card":"summary_large_image","twitter_title":"HAMDI, Baligh & KHAN, Magid - Indo-Arabic Variations -  (LP) | Guerssen","twitter_misc":{"Tiempo de lectura":"1 minuto"},"schema":{"@context":"https:\/\/schema.org","@graph":[{"@type":"WebPage","@id":"https:\/\/wpguerssen-test.odoo.rgbconsulting.com\/es\/producto\/indo-arabic-variations\/","url":"https:\/\/wpguerssen-test.odoo.rgbconsulting.com\/es\/producto\/indo-arabic-variations\/","name":"HAMDI, Baligh & KHAN, Magid - Indo-Arabic Variations - (LP) | Guerssen","isPartOf":{"@id":"https:\/\/wpguerssen-test.odoo.rgbconsulting.com\/es\/#website"},"primaryImageOfPage":{"@id":"https:\/\/wpguerssen-test.odoo.rgbconsulting.com\/es\/producto\/indo-arabic-variations\/#primaryimage"},"image":{"@id":"https:\/\/wpguerssen-test.odoo.rgbconsulting.com\/es\/producto\/indo-arabic-variations\/#primaryimage"},"thumbnailUrl":"https:\/\/wpguerssen-test.odoo.rgbconsulting.com\/wp-content\/uploads\/2022\/06\/40721.jpg","datePublished":"2022-05-18T22:00:00+00:00","dateModified":"2024-02-21T09:50:01+00:00","description":"First-time vinyl reissue of an essential Egyptian recording, a truly unique album in the Arabic music world for its fusion with Indian music. Baligh Hamdi shouldn't sound unfamiliar to anybody who's remotely interested in Arabic \/ Middle-Eastern music. File this one right next to the best recordings by Fairuz, Omar Khorshid or Elias Rahbani. #nl# Unique fusion of the Indian and Egyptian music cultures devised by Baligh Hamdi, the most prominent of all modern composers in the Arab-speaking world. Hamdi, who penned dozens of hit compositions for Umm Kulthum, Abdel Halim Hafez, Warda and Sabah amongst others, also shaped the future of Arabic music in a way that's difficult to overestimate. #nl# Directed by Hamdi, the renowned Indian sitar player Magid Khan joins the Egyptian musicians of Abdel Halim Hafez's orchestra in re-reading some of Hamdi's compositions from a new perspective - here sitar and tabla dance together with arghoul, ney and other Arabic instruments. #nl# An east-meets-east masterpiece in which Hamdi once again pushed the boundaries of Arabic music in his tireless quest for a broader, more global reach.","breadcrumb":{"@id":"https:\/\/wpguerssen-test.odoo.rgbconsulting.com\/es\/producto\/indo-arabic-variations\/#breadcrumb"},"inLanguage":"es","potentialAction":[{"@type":"ReadAction","target":["https:\/\/wpguerssen-test.odoo.rgbconsulting.com\/es\/producto\/indo-arabic-variations\/"]}]},{"@type":"ImageObject","inLanguage":"es","@id":"https:\/\/wpguerssen-test.odoo.rgbconsulting.com\/es\/producto\/indo-arabic-variations\/#primaryimage","url":"https:\/\/wpguerssen-test.odoo.rgbconsulting.com\/wp-content\/uploads\/2022\/06\/40721.jpg","contentUrl":"https:\/\/wpguerssen-test.odoo.rgbconsulting.com\/wp-content\/uploads\/2022\/06\/40721.jpg","width":1200,"height":1200,"caption":"Baligh & KHAN"},{"@type":"BreadcrumbList","@id":"https:\/\/wpguerssen-test.odoo.rgbconsulting.com\/es\/producto\/indo-arabic-variations\/#breadcrumb","itemListElement":[{"@type":"ListItem","position":1,"name":"Inicio","item":"https:\/\/wpguerssen-test.odoo.rgbconsulting.com\/es\/"},{"@type":"ListItem","position":2,"name":"Shop","item":"https:\/\/wpguerssen-test.odoo.rgbconsulting.com\/shop\/"},{"@type":"ListItem","position":3,"name":"Indo-Arabic Variations"}]},{"@type":"WebSite","@id":"https:\/\/wpguerssen-test.odoo.rgbconsulting.com\/es\/#website","url":"https:\/\/wpguerssen-test.odoo.rgbconsulting.com\/es\/","name":"Guerssen records","description":"psychedelia - progressive - folk - garage ","publisher":{"@id":"https:\/\/wpguerssen-test.odoo.rgbconsulting.com\/es\/#organization"},"potentialAction":[{"@type":"SearchAction","target":{"@type":"EntryPoint","urlTemplate":"https:\/\/wpguerssen-test.odoo.rgbconsulting.com\/es\/?s={search_term_string}"},"query-input":{"@type":"PropertyValueSpecification","valueRequired":true,"valueName":"search_term_string"}}],"inLanguage":"es"},{"@type":"Organization","@id":"https:\/\/wpguerssen-test.odoo.rgbconsulting.com\/es\/#organization","name":"Guerssen records","url":"https:\/\/wpguerssen-test.odoo.rgbconsulting.com\/es\/","logo":{"@type":"ImageObject","inLanguage":"es","@id":"https:\/\/wpguerssen-test.odoo.rgbconsulting.com\/es\/#\/schema\/logo\/image\/","url":"https:\/\/wpguerssen-test.odoo.rgbconsulting.com\/wp-content\/uploads\/2022\/04\/Logo_Guerssen_trans_100.png","contentUrl":"https:\/\/wpguerssen-test.odoo.rgbconsulting.com\/wp-content\/uploads\/2022\/04\/Logo_Guerssen_trans_100.png","width":122,"height":100,"caption":"Guerssen records"},"image":{"@id":"https:\/\/wpguerssen-test.odoo.rgbconsulting.com\/es\/#\/schema\/logo\/image\/"}}]}},"_links":{"self":[{"href":"https:\/\/wpguerssen-test.odoo.rgbconsulting.com\/es\/wp-json\/wp\/v2\/product\/210306","targetHints":{"allow":["GET"]}}],"collection":[{"href":"https:\/\/wpguerssen-test.odoo.rgbconsulting.com\/es\/wp-json\/wp\/v2\/product"}],"about":[{"href":"https:\/\/wpguerssen-test.odoo.rgbconsulting.com\/es\/wp-json\/wp\/v2\/types\/product"}],"wp:featuredmedia":[{"embeddable":true,"href":"https:\/\/wpguerssen-test.odoo.rgbconsulting.com\/es\/wp-json\/wp\/v2\/media\/211468"}],"wp:attachment":[{"href":"https:\/\/wpguerssen-test.odoo.rgbconsulting.com\/es\/wp-json\/wp\/v2\/media?parent=210306"}],"wp:term":[{"taxonomy":"product_brand","embeddable":true,"href":"https:\/\/wpguerssen-test.odoo.rgbconsulting.com\/es\/wp-json\/wp\/v2\/product_brand?post=210306"},{"taxonomy":"product_cat","embeddable":true,"href":"https:\/\/wpguerssen-test.odoo.rgbconsulting.com\/es\/wp-json\/wp\/v2\/product_cat?post=210306"},{"taxonomy":"product_tag","embeddable":true,"href":"https:\/\/wpguerssen-test.odoo.rgbconsulting.com\/es\/wp-json\/wp\/v2\/product_tag?post=210306"}],"curies":[{"name":"wp","href":"https:\/\/api.w.org\/{rel}","templated":true}]}}