{"id":210383,"date":"2022-04-19T00:00:00","date_gmt":"2022-04-18T22:00:00","guid":{"rendered":"http:\/\/guerssen.hl1097.dinaserver.com\/product\/humano\/"},"modified":"2025-03-20T16:32:30","modified_gmt":"2025-03-20T15:32:30","slug":"humano","status":"publish","type":"product","link":"https:\/\/wpguerssen-test.odoo.rgbconsulting.com\/es\/producto\/humano\/","title":{"rendered":"Humano"},"content":{"rendered":"<p>Quiz\u00e1 la d\u00e9cada de los 80 ha sido uno de los viveros m\u00e1s prol\u00edficos en cuanto a propuestas musicales originales, llenas de aventuras sonoras dispares, enriquecedoras e innovadoras, en el campo de la m\u00fasica creativa de nuestro pa\u00eds.<br \/>Jorge Gavald\u00e1 es, sin lugar a dudas, un magn\u00edfico representante de esas corrientes. Un m\u00fasico que se forj\u00f3 su propia manera de entender el mundo sonoro, con una originalidad propia, bebiendo en las fuentes de los soundscapes y de los recursos electr\u00f3nicos.<br \/>Su trabajo creativo consiste en aportar una visi\u00f3n personal a todo el proceso. Desde la adecuaci\u00f3n de los medios tecnol\u00f3gicos a su disposici\u00f3n, para satisfacer sus necesidades sonoras y estil\u00edsticas, hasta los resultados finales para lograr esos mundos sonoros exclusivamente propios, sin olvidar su preciosa labor de investigaci\u00f3n arm\u00f3nica.<br \/>Aqu\u00ed en \u00abHumano\u00bb &#8211; una m\u00fasica que en 1999 mereci\u00f3 el Premio de las Artes Esc\u00e9nicas de la Generalitat Valenciana a la Mejor composici\u00f3n musical &#8211; ten\u00e9is uno de los m\u00e1s representativos trabajos de entre los muchos ejemplos que la extensa y rica carrera de Jorge nos ha brindado (su anterior vinilo, \u00abIbers\u00bb, goza de una alta valoraci\u00f3n y demanda). Escuchadlo con atenci\u00f3n y respeto, para m\u00ed es una joya que hay que conservar y estimar.<br \/>Enhorabuena Jorge por esta edici\u00f3n y nosotros&#8230; a disfrutar!!!<br \/> Pep Llopis<\/p>\n","protected":false},"excerpt":{"rendered":"<p>Quiz\u00e1 la d\u00e9cada de los 80 ha sido uno de los viveros m\u00e1s prol\u00edficos en cuanto a propuestas musicales originales, llenas de aventuras sonoras dispares, enriquecedoras<a class=\"read\" href=\"https:\/\/wpguerssen-test.odoo.rgbconsulting.com\/es\/producto\/humano\/\"> (...)<\/a>","protected":false},"featured_media":211476,"template":"","meta":{"_acf_changed":false},"product_brand":[],"product_cat":[23259],"product_tag":[],"class_list":{"0":"post-210383","1":"product","2":"type-product","3":"status-publish","4":"has-post-thumbnail","6":"product_cat-ambient-new-age-es","7":"pa_artist-gavalda-jorge","8":"pa_format-lp-es","9":"pa_gender-ambient-new-age","10":"pa_label-discomanos-records","11":"pa_location-spain-es","12":"pa_other-filters-vinyl-only-es","14":"first","15":"instock","16":"taxable","17":"shipping-taxable","18":"purchasable","19":"product-type-simple"},"acf":[],"yoast_head":"<!-- This site is optimized with the Yoast SEO plugin v24.9 - https:\/\/yoast.com\/wordpress\/plugins\/seo\/ -->\n<title>GAVALD\u00c1, Jorge - Humano -  (LP) | Guerssen<\/title>\n<meta name=\"description\" content=\"The Original Soundtrack for the contemporary dance Co. LA SONRISA DE CA\u00cdN&#039;s show HU*MANO. #nl# &quot;Best known for the acclaimed &#039;Ibers&#039; album, Jorge Gavald\u00e1 (1960) is a composer and performer from Elche. He studied music with the Municipal Band and the Conservatory of the city and in a self-taught way, and has composed symphonic works and nearly a hundred of soundtracks for theatre, dance, cinema, radio and television. Gavald\u00e1 has also developed the soundscapes techniques in the processed guitar field, performed at events like Cannes Film Festival and collaborated with artists such as the pianist Agust\u00ed Fern\u00e0ndez or the composer Pep Llopis. There are many awards received over the years. #nl# In this new album Jorge has used unprocessed &amp; processed\/synthesized guitar, with vocals, rhythm programming, sampling and keyboards. This work received the &#039;Scenic Arts Prize of the Generalitat Valenciana 1999 for the Best Musical Composition&#039; and now is publised by Disc\u00f3manos in a 180g vinyl limited edition of 200 copies, numbered and signed by the author, and remastered from the original 1998 recording. #nl# Liner notes by Pep Llopis. The album artwork oil paintings by Francis Morell.&quot;\" \/>\n<meta name=\"robots\" content=\"index, follow, max-snippet:-1, max-image-preview:large, max-video-preview:-1\" \/>\n<link rel=\"canonical\" href=\"https:\/\/wpguerssen-test.odoo.rgbconsulting.com\/es\/producto\/humano\/\" \/>\n<meta property=\"og:locale\" content=\"es_ES\" \/>\n<meta property=\"og:type\" content=\"article\" \/>\n<meta property=\"og:title\" content=\"GAVALD\u00c1, Jorge - Humano -  (LP) | Guerssen\" \/>\n<meta property=\"og:description\" content=\"The Original Soundtrack for the contemporary dance Co. LA SONRISA DE CA\u00cdN&#039;s show HU*MANO. #nl# &quot;Best known for the acclaimed &#039;Ibers&#039; album, Jorge Gavald\u00e1 (1960) is a composer and performer from Elche. He studied music with the Municipal Band and the Conservatory of the city and in a self-taught way, and has composed symphonic works and nearly a hundred of soundtracks for theatre, dance, cinema, radio and television. Gavald\u00e1 has also developed the soundscapes techniques in the processed guitar field, performed at events like Cannes Film Festival and collaborated with artists such as the pianist Agust\u00ed Fern\u00e0ndez or the composer Pep Llopis. There are many awards received over the years. #nl# In this new album Jorge has used unprocessed &amp; processed\/synthesized guitar, with vocals, rhythm programming, sampling and keyboards. This work received the &#039;Scenic Arts Prize of the Generalitat Valenciana 1999 for the Best Musical Composition&#039; and now is publised by Disc\u00f3manos in a 180g vinyl limited edition of 200 copies, numbered and signed by the author, and remastered from the original 1998 recording. #nl# Liner notes by Pep Llopis. The album artwork oil paintings by Francis Morell.&quot;\" \/>\n<meta property=\"og:url\" content=\"https:\/\/wpguerssen-test.odoo.rgbconsulting.com\/es\/producto\/humano\/\" \/>\n<meta property=\"og:site_name\" content=\"Guerssen records\" \/>\n<meta property=\"article:modified_time\" content=\"2025-03-20T15:32:30+00:00\" \/>\n<meta property=\"og:image\" content=\"https:\/\/wpguerssen-test.odoo.rgbconsulting.com\/wp-content\/uploads\/2022\/06\/40802.jpg\" \/>\n\t<meta property=\"og:image:width\" content=\"303\" \/>\n\t<meta property=\"og:image:height\" content=\"301\" \/>\n\t<meta property=\"og:image:type\" content=\"image\/jpeg\" \/>\n<meta name=\"twitter:card\" content=\"summary_large_image\" \/>\n<meta name=\"twitter:title\" content=\"GAVALD\u00c1, Jorge - Humano -  (LP) | Guerssen\" \/>\n<meta name=\"twitter:label1\" content=\"Tiempo de lectura\" \/>\n\t<meta name=\"twitter:data1\" content=\"1 minuto\" \/>\n<script type=\"application\/ld+json\" class=\"yoast-schema-graph\">{\"@context\":\"https:\/\/schema.org\",\"@graph\":[{\"@type\":\"WebPage\",\"@id\":\"https:\/\/wpguerssen-test.odoo.rgbconsulting.com\/es\/producto\/humano\/\",\"url\":\"https:\/\/wpguerssen-test.odoo.rgbconsulting.com\/es\/producto\/humano\/\",\"name\":\"GAVALD\u00c1, Jorge - Humano - (LP) | Guerssen\",\"isPartOf\":{\"@id\":\"https:\/\/wpguerssen-test.odoo.rgbconsulting.com\/es\/#website\"},\"primaryImageOfPage\":{\"@id\":\"https:\/\/wpguerssen-test.odoo.rgbconsulting.com\/es\/producto\/humano\/#primaryimage\"},\"image\":{\"@id\":\"https:\/\/wpguerssen-test.odoo.rgbconsulting.com\/es\/producto\/humano\/#primaryimage\"},\"thumbnailUrl\":\"https:\/\/wpguerssen-test.odoo.rgbconsulting.com\/wp-content\/uploads\/2022\/06\/40802.jpg\",\"datePublished\":\"2022-04-18T22:00:00+00:00\",\"dateModified\":\"2025-03-20T15:32:30+00:00\",\"description\":\"The Original Soundtrack for the contemporary dance Co. LA SONRISA DE CA\u00cdN's show HU*MANO. #nl# \\\"Best known for the acclaimed 'Ibers' album, Jorge Gavald\u00e1 (1960) is a composer and performer from Elche. He studied music with the Municipal Band and the Conservatory of the city and in a self-taught way, and has composed symphonic works and nearly a hundred of soundtracks for theatre, dance, cinema, radio and television. Gavald\u00e1 has also developed the soundscapes techniques in the processed guitar field, performed at events like Cannes Film Festival and collaborated with artists such as the pianist Agust\u00ed Fern\u00e0ndez or the composer Pep Llopis. There are many awards received over the years. #nl# In this new album Jorge has used unprocessed & processed\/synthesized guitar, with vocals, rhythm programming, sampling and keyboards. This work received the 'Scenic Arts Prize of the Generalitat Valenciana 1999 for the Best Musical Composition' and now is publised by Disc\u00f3manos in a 180g vinyl limited edition of 200 copies, numbered and signed by the author, and remastered from the original 1998 recording. #nl# Liner notes by Pep Llopis. The album artwork oil paintings by Francis Morell.\\\"\",\"breadcrumb\":{\"@id\":\"https:\/\/wpguerssen-test.odoo.rgbconsulting.com\/es\/producto\/humano\/#breadcrumb\"},\"inLanguage\":\"es\",\"potentialAction\":[{\"@type\":\"ReadAction\",\"target\":[\"https:\/\/wpguerssen-test.odoo.rgbconsulting.com\/es\/producto\/humano\/\"]}]},{\"@type\":\"ImageObject\",\"inLanguage\":\"es\",\"@id\":\"https:\/\/wpguerssen-test.odoo.rgbconsulting.com\/es\/producto\/humano\/#primaryimage\",\"url\":\"https:\/\/wpguerssen-test.odoo.rgbconsulting.com\/wp-content\/uploads\/2022\/06\/40802.jpg\",\"contentUrl\":\"https:\/\/wpguerssen-test.odoo.rgbconsulting.com\/wp-content\/uploads\/2022\/06\/40802.jpg\",\"width\":303,\"height\":301,\"caption\":\"Jorge - Humano - DISC\u00d3MANOS RECORDS (LP) | Guerssen\"},{\"@type\":\"BreadcrumbList\",\"@id\":\"https:\/\/wpguerssen-test.odoo.rgbconsulting.com\/es\/producto\/humano\/#breadcrumb\",\"itemListElement\":[{\"@type\":\"ListItem\",\"position\":1,\"name\":\"Inicio\",\"item\":\"https:\/\/wpguerssen-test.odoo.rgbconsulting.com\/es\/\"},{\"@type\":\"ListItem\",\"position\":2,\"name\":\"Shop\",\"item\":\"https:\/\/wpguerssen-test.odoo.rgbconsulting.com\/shop\/\"},{\"@type\":\"ListItem\",\"position\":3,\"name\":\"Humano\"}]},{\"@type\":\"WebSite\",\"@id\":\"https:\/\/wpguerssen-test.odoo.rgbconsulting.com\/es\/#website\",\"url\":\"https:\/\/wpguerssen-test.odoo.rgbconsulting.com\/es\/\",\"name\":\"Guerssen records\",\"description\":\"psychedelia - progressive - folk - garage \",\"publisher\":{\"@id\":\"https:\/\/wpguerssen-test.odoo.rgbconsulting.com\/es\/#organization\"},\"potentialAction\":[{\"@type\":\"SearchAction\",\"target\":{\"@type\":\"EntryPoint\",\"urlTemplate\":\"https:\/\/wpguerssen-test.odoo.rgbconsulting.com\/es\/?s={search_term_string}\"},\"query-input\":{\"@type\":\"PropertyValueSpecification\",\"valueRequired\":true,\"valueName\":\"search_term_string\"}}],\"inLanguage\":\"es\"},{\"@type\":\"Organization\",\"@id\":\"https:\/\/wpguerssen-test.odoo.rgbconsulting.com\/es\/#organization\",\"name\":\"Guerssen records\",\"url\":\"https:\/\/wpguerssen-test.odoo.rgbconsulting.com\/es\/\",\"logo\":{\"@type\":\"ImageObject\",\"inLanguage\":\"es\",\"@id\":\"https:\/\/wpguerssen-test.odoo.rgbconsulting.com\/es\/#\/schema\/logo\/image\/\",\"url\":\"https:\/\/wpguerssen-test.odoo.rgbconsulting.com\/wp-content\/uploads\/2022\/04\/Logo_Guerssen_trans_100.png\",\"contentUrl\":\"https:\/\/wpguerssen-test.odoo.rgbconsulting.com\/wp-content\/uploads\/2022\/04\/Logo_Guerssen_trans_100.png\",\"width\":122,\"height\":100,\"caption\":\"Guerssen records\"},\"image\":{\"@id\":\"https:\/\/wpguerssen-test.odoo.rgbconsulting.com\/es\/#\/schema\/logo\/image\/\"}}]}<\/script>\n<!-- \/ Yoast SEO plugin. -->","yoast_head_json":{"title":"GAVALD\u00c1, Jorge - Humano -  (LP) | Guerssen","description":"The Original Soundtrack for the contemporary dance Co. LA SONRISA DE CA\u00cdN's show HU*MANO. #nl# \"Best known for the acclaimed 'Ibers' album, Jorge Gavald\u00e1 (1960) is a composer and performer from Elche. He studied music with the Municipal Band and the Conservatory of the city and in a self-taught way, and has composed symphonic works and nearly a hundred of soundtracks for theatre, dance, cinema, radio and television. Gavald\u00e1 has also developed the soundscapes techniques in the processed guitar field, performed at events like Cannes Film Festival and collaborated with artists such as the pianist Agust\u00ed Fern\u00e0ndez or the composer Pep Llopis. There are many awards received over the years. #nl# In this new album Jorge has used unprocessed & processed\/synthesized guitar, with vocals, rhythm programming, sampling and keyboards. This work received the 'Scenic Arts Prize of the Generalitat Valenciana 1999 for the Best Musical Composition' and now is publised by Disc\u00f3manos in a 180g vinyl limited edition of 200 copies, numbered and signed by the author, and remastered from the original 1998 recording. #nl# Liner notes by Pep Llopis. The album artwork oil paintings by Francis Morell.\"","robots":{"index":"index","follow":"follow","max-snippet":"max-snippet:-1","max-image-preview":"max-image-preview:large","max-video-preview":"max-video-preview:-1"},"canonical":"https:\/\/wpguerssen-test.odoo.rgbconsulting.com\/es\/producto\/humano\/","og_locale":"es_ES","og_type":"article","og_title":"GAVALD\u00c1, Jorge - Humano -  (LP) | Guerssen","og_description":"The Original Soundtrack for the contemporary dance Co. LA SONRISA DE CA\u00cdN's show HU*MANO. #nl# \"Best known for the acclaimed 'Ibers' album, Jorge Gavald\u00e1 (1960) is a composer and performer from Elche. He studied music with the Municipal Band and the Conservatory of the city and in a self-taught way, and has composed symphonic works and nearly a hundred of soundtracks for theatre, dance, cinema, radio and television. Gavald\u00e1 has also developed the soundscapes techniques in the processed guitar field, performed at events like Cannes Film Festival and collaborated with artists such as the pianist Agust\u00ed Fern\u00e0ndez or the composer Pep Llopis. There are many awards received over the years. #nl# In this new album Jorge has used unprocessed & processed\/synthesized guitar, with vocals, rhythm programming, sampling and keyboards. This work received the 'Scenic Arts Prize of the Generalitat Valenciana 1999 for the Best Musical Composition' and now is publised by Disc\u00f3manos in a 180g vinyl limited edition of 200 copies, numbered and signed by the author, and remastered from the original 1998 recording. #nl# Liner notes by Pep Llopis. The album artwork oil paintings by Francis Morell.\"","og_url":"https:\/\/wpguerssen-test.odoo.rgbconsulting.com\/es\/producto\/humano\/","og_site_name":"Guerssen records","article_modified_time":"2025-03-20T15:32:30+00:00","og_image":[{"width":303,"height":301,"url":"https:\/\/wpguerssen-test.odoo.rgbconsulting.com\/wp-content\/uploads\/2022\/06\/40802.jpg","type":"image\/jpeg"}],"twitter_card":"summary_large_image","twitter_title":"GAVALD\u00c1, Jorge - Humano -  (LP) | Guerssen","twitter_misc":{"Tiempo de lectura":"1 minuto"},"schema":{"@context":"https:\/\/schema.org","@graph":[{"@type":"WebPage","@id":"https:\/\/wpguerssen-test.odoo.rgbconsulting.com\/es\/producto\/humano\/","url":"https:\/\/wpguerssen-test.odoo.rgbconsulting.com\/es\/producto\/humano\/","name":"GAVALD\u00c1, Jorge - Humano - (LP) | Guerssen","isPartOf":{"@id":"https:\/\/wpguerssen-test.odoo.rgbconsulting.com\/es\/#website"},"primaryImageOfPage":{"@id":"https:\/\/wpguerssen-test.odoo.rgbconsulting.com\/es\/producto\/humano\/#primaryimage"},"image":{"@id":"https:\/\/wpguerssen-test.odoo.rgbconsulting.com\/es\/producto\/humano\/#primaryimage"},"thumbnailUrl":"https:\/\/wpguerssen-test.odoo.rgbconsulting.com\/wp-content\/uploads\/2022\/06\/40802.jpg","datePublished":"2022-04-18T22:00:00+00:00","dateModified":"2025-03-20T15:32:30+00:00","description":"The Original Soundtrack for the contemporary dance Co. LA SONRISA DE CA\u00cdN's show HU*MANO. #nl# \"Best known for the acclaimed 'Ibers' album, Jorge Gavald\u00e1 (1960) is a composer and performer from Elche. He studied music with the Municipal Band and the Conservatory of the city and in a self-taught way, and has composed symphonic works and nearly a hundred of soundtracks for theatre, dance, cinema, radio and television. Gavald\u00e1 has also developed the soundscapes techniques in the processed guitar field, performed at events like Cannes Film Festival and collaborated with artists such as the pianist Agust\u00ed Fern\u00e0ndez or the composer Pep Llopis. There are many awards received over the years. #nl# In this new album Jorge has used unprocessed & processed\/synthesized guitar, with vocals, rhythm programming, sampling and keyboards. This work received the 'Scenic Arts Prize of the Generalitat Valenciana 1999 for the Best Musical Composition' and now is publised by Disc\u00f3manos in a 180g vinyl limited edition of 200 copies, numbered and signed by the author, and remastered from the original 1998 recording. #nl# Liner notes by Pep Llopis. The album artwork oil paintings by Francis Morell.\"","breadcrumb":{"@id":"https:\/\/wpguerssen-test.odoo.rgbconsulting.com\/es\/producto\/humano\/#breadcrumb"},"inLanguage":"es","potentialAction":[{"@type":"ReadAction","target":["https:\/\/wpguerssen-test.odoo.rgbconsulting.com\/es\/producto\/humano\/"]}]},{"@type":"ImageObject","inLanguage":"es","@id":"https:\/\/wpguerssen-test.odoo.rgbconsulting.com\/es\/producto\/humano\/#primaryimage","url":"https:\/\/wpguerssen-test.odoo.rgbconsulting.com\/wp-content\/uploads\/2022\/06\/40802.jpg","contentUrl":"https:\/\/wpguerssen-test.odoo.rgbconsulting.com\/wp-content\/uploads\/2022\/06\/40802.jpg","width":303,"height":301,"caption":"Jorge - Humano - DISC\u00d3MANOS RECORDS (LP) | Guerssen"},{"@type":"BreadcrumbList","@id":"https:\/\/wpguerssen-test.odoo.rgbconsulting.com\/es\/producto\/humano\/#breadcrumb","itemListElement":[{"@type":"ListItem","position":1,"name":"Inicio","item":"https:\/\/wpguerssen-test.odoo.rgbconsulting.com\/es\/"},{"@type":"ListItem","position":2,"name":"Shop","item":"https:\/\/wpguerssen-test.odoo.rgbconsulting.com\/shop\/"},{"@type":"ListItem","position":3,"name":"Humano"}]},{"@type":"WebSite","@id":"https:\/\/wpguerssen-test.odoo.rgbconsulting.com\/es\/#website","url":"https:\/\/wpguerssen-test.odoo.rgbconsulting.com\/es\/","name":"Guerssen records","description":"psychedelia - progressive - folk - garage ","publisher":{"@id":"https:\/\/wpguerssen-test.odoo.rgbconsulting.com\/es\/#organization"},"potentialAction":[{"@type":"SearchAction","target":{"@type":"EntryPoint","urlTemplate":"https:\/\/wpguerssen-test.odoo.rgbconsulting.com\/es\/?s={search_term_string}"},"query-input":{"@type":"PropertyValueSpecification","valueRequired":true,"valueName":"search_term_string"}}],"inLanguage":"es"},{"@type":"Organization","@id":"https:\/\/wpguerssen-test.odoo.rgbconsulting.com\/es\/#organization","name":"Guerssen records","url":"https:\/\/wpguerssen-test.odoo.rgbconsulting.com\/es\/","logo":{"@type":"ImageObject","inLanguage":"es","@id":"https:\/\/wpguerssen-test.odoo.rgbconsulting.com\/es\/#\/schema\/logo\/image\/","url":"https:\/\/wpguerssen-test.odoo.rgbconsulting.com\/wp-content\/uploads\/2022\/04\/Logo_Guerssen_trans_100.png","contentUrl":"https:\/\/wpguerssen-test.odoo.rgbconsulting.com\/wp-content\/uploads\/2022\/04\/Logo_Guerssen_trans_100.png","width":122,"height":100,"caption":"Guerssen records"},"image":{"@id":"https:\/\/wpguerssen-test.odoo.rgbconsulting.com\/es\/#\/schema\/logo\/image\/"}}]}},"_links":{"self":[{"href":"https:\/\/wpguerssen-test.odoo.rgbconsulting.com\/es\/wp-json\/wp\/v2\/product\/210383","targetHints":{"allow":["GET"]}}],"collection":[{"href":"https:\/\/wpguerssen-test.odoo.rgbconsulting.com\/es\/wp-json\/wp\/v2\/product"}],"about":[{"href":"https:\/\/wpguerssen-test.odoo.rgbconsulting.com\/es\/wp-json\/wp\/v2\/types\/product"}],"wp:featuredmedia":[{"embeddable":true,"href":"https:\/\/wpguerssen-test.odoo.rgbconsulting.com\/es\/wp-json\/wp\/v2\/media\/211476"}],"wp:attachment":[{"href":"https:\/\/wpguerssen-test.odoo.rgbconsulting.com\/es\/wp-json\/wp\/v2\/media?parent=210383"}],"wp:term":[{"taxonomy":"product_brand","embeddable":true,"href":"https:\/\/wpguerssen-test.odoo.rgbconsulting.com\/es\/wp-json\/wp\/v2\/product_brand?post=210383"},{"taxonomy":"product_cat","embeddable":true,"href":"https:\/\/wpguerssen-test.odoo.rgbconsulting.com\/es\/wp-json\/wp\/v2\/product_cat?post=210383"},{"taxonomy":"product_tag","embeddable":true,"href":"https:\/\/wpguerssen-test.odoo.rgbconsulting.com\/es\/wp-json\/wp\/v2\/product_tag?post=210383"}],"curies":[{"name":"wp","href":"https:\/\/api.w.org\/{rel}","templated":true}]}}