{"id":210443,"date":"2022-05-02T00:00:00","date_gmt":"2022-05-01T22:00:00","guid":{"rendered":"http:\/\/guerssen.hl1097.dinaserver.com\/product\/all-of-thus-cd\/"},"modified":"2025-03-26T16:43:17","modified_gmt":"2025-03-26T15:43:17","slug":"all-of-thus-cd","status":"publish","type":"product","link":"https:\/\/wpguerssen-test.odoo.rgbconsulting.com\/es\/producto\/all-of-thus-cd\/","title":{"rendered":"All of Thus (CD)"},"content":{"rendered":"<p>Uno de los discos m\u00e1s raros de teen-garage USA , originalmente editado en 1968 en el sello custom Century. Mezcla de fant\u00e1sticos temas originales con imaginativas y sorprendentes versiones. <\/p>\n<p> Desde garaje-punk a moody folk-rock, beat y proto-psicodelia. <\/p>\n<p> Recomendado si te gustan: RISING STORM, THE BACHS, FANTASTIC DEE-JAYS, ZOMBIES&#8230; <\/p>\n<p> La historia de Thus no es muy diferente a la de cientos de grupos que surgieron en USA en los 60 durante la British Invasion: cuatro amigos de instituto que deciden formar un grupo influenciados por los Beatles, Stones, Who, Kinks, Yardbirds, Zombies o los Byrds y acaban editando un disco de forma privada. <\/p>\n<p> En el caso de Thus, se trataba de cuatro j\u00f3venes procedentes de la peque\u00f1a ciudad de Victor en Nueva York: John Johnston, Don Corbit, Jerry Heukensfeld y Barry Dalgleish. <\/p>\n<p> En 1968 editaron su \u00fanico album, \u00abAll Of Thus\u00bb, en el sello custom Century, en una edici\u00f3n de solo 265 copias. <\/p>\n<p> Pero hay un par de detalles que diferencian el \u00e1lbum de Thus de la mayor\u00eda de discos de garaje de esa \u00e9poca: primero, la mitad de las canciones son composiciones propias de John Johnston, que muestran a un genial y vers\u00e1til compositor capaz de moverse entre el moody folk-rock, teen-beat, garaje-punk y proto-psicodelia. Segundo, la otra mitad del disco son versiones (algo habitual en ese tipo de discos) pero interpretadas con una gran personalidad e imaginaci\u00f3n, algo raro de encontrar. Una buena muestra es su incre\u00edble versi\u00f3n del cl\u00e1sico de Bacharach \u00abWalk On By\u00bb o la transformaci\u00f3n garaje-punk de \u00abIt&#8217;s Alright With Me\u00bb de Zombies. <\/p>\n<p> \u00abAll Of Thus\u00bb permaneci\u00f3 oculto durante d\u00e9cadas hasta que en 1993 el sello Rockadelic lo rescat\u00f3 y reedit\u00f3 en vinilo. <\/p>\n<p> \u00abUno de mis favoritos dentro del rollo moptop\u00bb<br \/>&#8211; Patrick Lundborg (Acid Archives) <\/p>\n<p> \u00ab&#8230;considerado por mucha gente como uno de los mejores discos de teen garaje de la \u00e9poca\u00bb<br \/>&#8211; Mike Stax (Ugly Things)<\/p>\n","protected":false},"excerpt":{"rendered":"<p>Uno de los discos m\u00e1s raros de teen-garage USA , originalmente editado en 1968 en el sello custom Century. Mezcla de fant\u00e1sticos temas originales con imaginativas<a class=\"read\" href=\"https:\/\/wpguerssen-test.odoo.rgbconsulting.com\/es\/producto\/all-of-thus-cd\/\"> (...)<\/a>","protected":false},"featured_media":214202,"template":"","meta":{"_acf_changed":false},"product_brand":[],"product_cat":[23281],"product_tag":[],"class_list":{"0":"post-210443","1":"product","2":"type-product","3":"status-publish","4":"has-post-thumbnail","6":"product_cat-garagebeatrnb60-70-es","7":"pa_artist-thus","8":"pa_format-cd-2-es","9":"pa_gender-garage-beat-rnb60-70-garagebeatrnb60-70","10":"pa_label-gear-fab","11":"pa_location-north-america-es","13":"first","14":"instock","15":"taxable","16":"shipping-taxable","17":"purchasable","18":"product-type-simple"},"acf":[],"yoast_head":"<!-- This site is optimized with the Yoast SEO plugin v24.9 - https:\/\/yoast.com\/wordpress\/plugins\/seo\/ -->\n<title>THUS - All of Thus (CD) -  (CD) | Guerssen<\/title>\n<meta name=\"description\" content=\"This late sixties garage rarity is a long lost gem. Originally released in 1968 on the Century label, it features good organ driven-driven garage punkers and several catchy garage ballads. Featuring extensive liner notes by Mike Stax of Ugly Things from his interview with the surviving band members. RIYL The Rising Storm, The Bachs, The Fantastic Dee-Jays, The Zombies.\" \/>\n<meta name=\"robots\" content=\"index, follow, max-snippet:-1, max-image-preview:large, max-video-preview:-1\" \/>\n<link rel=\"canonical\" href=\"https:\/\/wpguerssen-test.odoo.rgbconsulting.com\/es\/producto\/all-of-thus-cd\/\" \/>\n<meta property=\"og:locale\" content=\"es_ES\" \/>\n<meta property=\"og:type\" content=\"article\" \/>\n<meta property=\"og:title\" content=\"THUS - All of Thus (CD) -  (CD) | Guerssen\" \/>\n<meta property=\"og:description\" content=\"This late sixties garage rarity is a long lost gem. Originally released in 1968 on the Century label, it features good organ driven-driven garage punkers and several catchy garage ballads. Featuring extensive liner notes by Mike Stax of Ugly Things from his interview with the surviving band members. RIYL The Rising Storm, The Bachs, The Fantastic Dee-Jays, The Zombies.\" \/>\n<meta property=\"og:url\" content=\"https:\/\/wpguerssen-test.odoo.rgbconsulting.com\/es\/producto\/all-of-thus-cd\/\" \/>\n<meta property=\"og:site_name\" content=\"Guerssen records\" \/>\n<meta property=\"article:modified_time\" content=\"2025-03-26T15:43:17+00:00\" \/>\n<meta property=\"og:image\" content=\"https:\/\/wpguerssen-test.odoo.rgbconsulting.com\/wp-content\/uploads\/2022\/07\/40871.jpg\" \/>\n\t<meta property=\"og:image:width\" content=\"1400\" \/>\n\t<meta property=\"og:image:height\" content=\"1400\" \/>\n\t<meta property=\"og:image:type\" content=\"image\/jpeg\" \/>\n<meta name=\"twitter:card\" content=\"summary_large_image\" \/>\n<meta name=\"twitter:title\" content=\"THUS - All of Thus (CD) -  (CD) | Guerssen\" \/>\n<meta name=\"twitter:label1\" content=\"Tiempo de lectura\" \/>\n\t<meta name=\"twitter:data1\" content=\"2 minutos\" \/>\n<script type=\"application\/ld+json\" class=\"yoast-schema-graph\">{\"@context\":\"https:\/\/schema.org\",\"@graph\":[{\"@type\":\"WebPage\",\"@id\":\"https:\/\/wpguerssen-test.odoo.rgbconsulting.com\/es\/producto\/all-of-thus-cd\/\",\"url\":\"https:\/\/wpguerssen-test.odoo.rgbconsulting.com\/es\/producto\/all-of-thus-cd\/\",\"name\":\"THUS - All of Thus (CD) - (CD) | Guerssen\",\"isPartOf\":{\"@id\":\"https:\/\/wpguerssen-test.odoo.rgbconsulting.com\/es\/#website\"},\"primaryImageOfPage\":{\"@id\":\"https:\/\/wpguerssen-test.odoo.rgbconsulting.com\/es\/producto\/all-of-thus-cd\/#primaryimage\"},\"image\":{\"@id\":\"https:\/\/wpguerssen-test.odoo.rgbconsulting.com\/es\/producto\/all-of-thus-cd\/#primaryimage\"},\"thumbnailUrl\":\"https:\/\/wpguerssen-test.odoo.rgbconsulting.com\/wp-content\/uploads\/2022\/07\/40871.jpg\",\"datePublished\":\"2022-05-01T22:00:00+00:00\",\"dateModified\":\"2025-03-26T15:43:17+00:00\",\"description\":\"This late sixties garage rarity is a long lost gem. Originally released in 1968 on the Century label, it features good organ driven-driven garage punkers and several catchy garage ballads. Featuring extensive liner notes by Mike Stax of Ugly Things from his interview with the surviving band members. RIYL The Rising Storm, The Bachs, The Fantastic Dee-Jays, The Zombies.\",\"breadcrumb\":{\"@id\":\"https:\/\/wpguerssen-test.odoo.rgbconsulting.com\/es\/producto\/all-of-thus-cd\/#breadcrumb\"},\"inLanguage\":\"es\",\"potentialAction\":[{\"@type\":\"ReadAction\",\"target\":[\"https:\/\/wpguerssen-test.odoo.rgbconsulting.com\/es\/producto\/all-of-thus-cd\/\"]}]},{\"@type\":\"ImageObject\",\"inLanguage\":\"es\",\"@id\":\"https:\/\/wpguerssen-test.odoo.rgbconsulting.com\/es\/producto\/all-of-thus-cd\/#primaryimage\",\"url\":\"https:\/\/wpguerssen-test.odoo.rgbconsulting.com\/wp-content\/uploads\/2022\/07\/40871.jpg\",\"contentUrl\":\"https:\/\/wpguerssen-test.odoo.rgbconsulting.com\/wp-content\/uploads\/2022\/07\/40871.jpg\",\"width\":1400,\"height\":1400},{\"@type\":\"BreadcrumbList\",\"@id\":\"https:\/\/wpguerssen-test.odoo.rgbconsulting.com\/es\/producto\/all-of-thus-cd\/#breadcrumb\",\"itemListElement\":[{\"@type\":\"ListItem\",\"position\":1,\"name\":\"Inicio\",\"item\":\"https:\/\/wpguerssen-test.odoo.rgbconsulting.com\/es\/\"},{\"@type\":\"ListItem\",\"position\":2,\"name\":\"Shop\",\"item\":\"https:\/\/wpguerssen-test.odoo.rgbconsulting.com\/shop\/\"},{\"@type\":\"ListItem\",\"position\":3,\"name\":\"All of Thus (CD)\"}]},{\"@type\":\"WebSite\",\"@id\":\"https:\/\/wpguerssen-test.odoo.rgbconsulting.com\/es\/#website\",\"url\":\"https:\/\/wpguerssen-test.odoo.rgbconsulting.com\/es\/\",\"name\":\"Guerssen records\",\"description\":\"psychedelia - progressive - folk - garage \",\"publisher\":{\"@id\":\"https:\/\/wpguerssen-test.odoo.rgbconsulting.com\/es\/#organization\"},\"potentialAction\":[{\"@type\":\"SearchAction\",\"target\":{\"@type\":\"EntryPoint\",\"urlTemplate\":\"https:\/\/wpguerssen-test.odoo.rgbconsulting.com\/es\/?s={search_term_string}\"},\"query-input\":{\"@type\":\"PropertyValueSpecification\",\"valueRequired\":true,\"valueName\":\"search_term_string\"}}],\"inLanguage\":\"es\"},{\"@type\":\"Organization\",\"@id\":\"https:\/\/wpguerssen-test.odoo.rgbconsulting.com\/es\/#organization\",\"name\":\"Guerssen records\",\"url\":\"https:\/\/wpguerssen-test.odoo.rgbconsulting.com\/es\/\",\"logo\":{\"@type\":\"ImageObject\",\"inLanguage\":\"es\",\"@id\":\"https:\/\/wpguerssen-test.odoo.rgbconsulting.com\/es\/#\/schema\/logo\/image\/\",\"url\":\"https:\/\/wpguerssen-test.odoo.rgbconsulting.com\/wp-content\/uploads\/2022\/04\/Logo_Guerssen_trans_100.png\",\"contentUrl\":\"https:\/\/wpguerssen-test.odoo.rgbconsulting.com\/wp-content\/uploads\/2022\/04\/Logo_Guerssen_trans_100.png\",\"width\":122,\"height\":100,\"caption\":\"Guerssen records\"},\"image\":{\"@id\":\"https:\/\/wpguerssen-test.odoo.rgbconsulting.com\/es\/#\/schema\/logo\/image\/\"}}]}<\/script>\n<!-- \/ Yoast SEO plugin. -->","yoast_head_json":{"title":"THUS - All of Thus (CD) -  (CD) | Guerssen","description":"This late sixties garage rarity is a long lost gem. Originally released in 1968 on the Century label, it features good organ driven-driven garage punkers and several catchy garage ballads. Featuring extensive liner notes by Mike Stax of Ugly Things from his interview with the surviving band members. RIYL The Rising Storm, The Bachs, The Fantastic Dee-Jays, The Zombies.","robots":{"index":"index","follow":"follow","max-snippet":"max-snippet:-1","max-image-preview":"max-image-preview:large","max-video-preview":"max-video-preview:-1"},"canonical":"https:\/\/wpguerssen-test.odoo.rgbconsulting.com\/es\/producto\/all-of-thus-cd\/","og_locale":"es_ES","og_type":"article","og_title":"THUS - All of Thus (CD) -  (CD) | Guerssen","og_description":"This late sixties garage rarity is a long lost gem. Originally released in 1968 on the Century label, it features good organ driven-driven garage punkers and several catchy garage ballads. Featuring extensive liner notes by Mike Stax of Ugly Things from his interview with the surviving band members. RIYL The Rising Storm, The Bachs, The Fantastic Dee-Jays, The Zombies.","og_url":"https:\/\/wpguerssen-test.odoo.rgbconsulting.com\/es\/producto\/all-of-thus-cd\/","og_site_name":"Guerssen records","article_modified_time":"2025-03-26T15:43:17+00:00","og_image":[{"width":1400,"height":1400,"url":"https:\/\/wpguerssen-test.odoo.rgbconsulting.com\/wp-content\/uploads\/2022\/07\/40871.jpg","type":"image\/jpeg"}],"twitter_card":"summary_large_image","twitter_title":"THUS - All of Thus (CD) -  (CD) | Guerssen","twitter_misc":{"Tiempo de lectura":"2 minutos"},"schema":{"@context":"https:\/\/schema.org","@graph":[{"@type":"WebPage","@id":"https:\/\/wpguerssen-test.odoo.rgbconsulting.com\/es\/producto\/all-of-thus-cd\/","url":"https:\/\/wpguerssen-test.odoo.rgbconsulting.com\/es\/producto\/all-of-thus-cd\/","name":"THUS - All of Thus (CD) - (CD) | Guerssen","isPartOf":{"@id":"https:\/\/wpguerssen-test.odoo.rgbconsulting.com\/es\/#website"},"primaryImageOfPage":{"@id":"https:\/\/wpguerssen-test.odoo.rgbconsulting.com\/es\/producto\/all-of-thus-cd\/#primaryimage"},"image":{"@id":"https:\/\/wpguerssen-test.odoo.rgbconsulting.com\/es\/producto\/all-of-thus-cd\/#primaryimage"},"thumbnailUrl":"https:\/\/wpguerssen-test.odoo.rgbconsulting.com\/wp-content\/uploads\/2022\/07\/40871.jpg","datePublished":"2022-05-01T22:00:00+00:00","dateModified":"2025-03-26T15:43:17+00:00","description":"This late sixties garage rarity is a long lost gem. Originally released in 1968 on the Century label, it features good organ driven-driven garage punkers and several catchy garage ballads. Featuring extensive liner notes by Mike Stax of Ugly Things from his interview with the surviving band members. RIYL The Rising Storm, The Bachs, The Fantastic Dee-Jays, The Zombies.","breadcrumb":{"@id":"https:\/\/wpguerssen-test.odoo.rgbconsulting.com\/es\/producto\/all-of-thus-cd\/#breadcrumb"},"inLanguage":"es","potentialAction":[{"@type":"ReadAction","target":["https:\/\/wpguerssen-test.odoo.rgbconsulting.com\/es\/producto\/all-of-thus-cd\/"]}]},{"@type":"ImageObject","inLanguage":"es","@id":"https:\/\/wpguerssen-test.odoo.rgbconsulting.com\/es\/producto\/all-of-thus-cd\/#primaryimage","url":"https:\/\/wpguerssen-test.odoo.rgbconsulting.com\/wp-content\/uploads\/2022\/07\/40871.jpg","contentUrl":"https:\/\/wpguerssen-test.odoo.rgbconsulting.com\/wp-content\/uploads\/2022\/07\/40871.jpg","width":1400,"height":1400},{"@type":"BreadcrumbList","@id":"https:\/\/wpguerssen-test.odoo.rgbconsulting.com\/es\/producto\/all-of-thus-cd\/#breadcrumb","itemListElement":[{"@type":"ListItem","position":1,"name":"Inicio","item":"https:\/\/wpguerssen-test.odoo.rgbconsulting.com\/es\/"},{"@type":"ListItem","position":2,"name":"Shop","item":"https:\/\/wpguerssen-test.odoo.rgbconsulting.com\/shop\/"},{"@type":"ListItem","position":3,"name":"All of Thus (CD)"}]},{"@type":"WebSite","@id":"https:\/\/wpguerssen-test.odoo.rgbconsulting.com\/es\/#website","url":"https:\/\/wpguerssen-test.odoo.rgbconsulting.com\/es\/","name":"Guerssen records","description":"psychedelia - progressive - folk - garage ","publisher":{"@id":"https:\/\/wpguerssen-test.odoo.rgbconsulting.com\/es\/#organization"},"potentialAction":[{"@type":"SearchAction","target":{"@type":"EntryPoint","urlTemplate":"https:\/\/wpguerssen-test.odoo.rgbconsulting.com\/es\/?s={search_term_string}"},"query-input":{"@type":"PropertyValueSpecification","valueRequired":true,"valueName":"search_term_string"}}],"inLanguage":"es"},{"@type":"Organization","@id":"https:\/\/wpguerssen-test.odoo.rgbconsulting.com\/es\/#organization","name":"Guerssen records","url":"https:\/\/wpguerssen-test.odoo.rgbconsulting.com\/es\/","logo":{"@type":"ImageObject","inLanguage":"es","@id":"https:\/\/wpguerssen-test.odoo.rgbconsulting.com\/es\/#\/schema\/logo\/image\/","url":"https:\/\/wpguerssen-test.odoo.rgbconsulting.com\/wp-content\/uploads\/2022\/04\/Logo_Guerssen_trans_100.png","contentUrl":"https:\/\/wpguerssen-test.odoo.rgbconsulting.com\/wp-content\/uploads\/2022\/04\/Logo_Guerssen_trans_100.png","width":122,"height":100,"caption":"Guerssen records"},"image":{"@id":"https:\/\/wpguerssen-test.odoo.rgbconsulting.com\/es\/#\/schema\/logo\/image\/"}}]}},"_links":{"self":[{"href":"https:\/\/wpguerssen-test.odoo.rgbconsulting.com\/es\/wp-json\/wp\/v2\/product\/210443","targetHints":{"allow":["GET"]}}],"collection":[{"href":"https:\/\/wpguerssen-test.odoo.rgbconsulting.com\/es\/wp-json\/wp\/v2\/product"}],"about":[{"href":"https:\/\/wpguerssen-test.odoo.rgbconsulting.com\/es\/wp-json\/wp\/v2\/types\/product"}],"wp:featuredmedia":[{"embeddable":true,"href":"https:\/\/wpguerssen-test.odoo.rgbconsulting.com\/es\/wp-json\/wp\/v2\/media\/214202"}],"wp:attachment":[{"href":"https:\/\/wpguerssen-test.odoo.rgbconsulting.com\/es\/wp-json\/wp\/v2\/media?parent=210443"}],"wp:term":[{"taxonomy":"product_brand","embeddable":true,"href":"https:\/\/wpguerssen-test.odoo.rgbconsulting.com\/es\/wp-json\/wp\/v2\/product_brand?post=210443"},{"taxonomy":"product_cat","embeddable":true,"href":"https:\/\/wpguerssen-test.odoo.rgbconsulting.com\/es\/wp-json\/wp\/v2\/product_cat?post=210443"},{"taxonomy":"product_tag","embeddable":true,"href":"https:\/\/wpguerssen-test.odoo.rgbconsulting.com\/es\/wp-json\/wp\/v2\/product_tag?post=210443"}],"curies":[{"name":"wp","href":"https:\/\/api.w.org\/{rel}","templated":true}]}}