{"id":210474,"date":"2022-08-04T00:00:00","date_gmt":"2022-08-03T22:00:00","guid":{"rendered":"http:\/\/guerssen.hl1097.dinaserver.com\/product\/procura-se-uma-virgem-cd\/"},"modified":"2025-03-06T14:05:33","modified_gmt":"2025-03-06T13:05:33","slug":"procura-se-uma-virgem-cd","status":"publish","type":"product","link":"https:\/\/wpguerssen-test.odoo.rgbconsulting.com\/es\/producto\/procura-se-uma-virgem-cd\/","title":{"rendered":"Procura-se Uma Virgem (CD)"},"content":{"rendered":"<p>\u00abProcura-se uma Virgem\u00bb OST (1971), es uno de los LP de Erlon Chaves m\u00e1s buscados. Est BSO se grab\u00f3 para una pel\u00edcula de porno suave brasile\u00f1a con pistas instrumentales funk de \u00f3rgano y varias pistas funky, er\u00f3ticas y modales, arregladas y dirigidas por el maestro Erlon Chaves.<\/p>\n","protected":false},"excerpt":{"rendered":"<p>\u00abProcura-se uma Virgem\u00bb OST (1971), es uno de los LP de Erlon Chaves m\u00e1s buscados. Est BSO se grab\u00f3 para una pel\u00edcula de porno suave brasile\u00f1a con pistas instrumentales<a class=\"read\" href=\"https:\/\/wpguerssen-test.odoo.rgbconsulting.com\/es\/producto\/procura-se-uma-virgem-cd\/\"> (...)<\/a>","protected":false},"featured_media":215471,"template":"","meta":{"_acf_changed":false},"product_brand":[],"product_cat":[23231,21641],"product_tag":[],"class_list":{"0":"post-210474","1":"product","2":"type-product","3":"status-publish","4":"has-post-thumbnail","6":"product_cat-latin-brazilian-es","7":"product_cat-soundtracks-es","8":"pa_artist-chaves-erlon","9":"pa_format-cd-2-es","10":"pa_gender-latin-brazilian-soundtracks","11":"pa_label-mad-about-records-es","12":"pa_location-south-america-caribbean-es","14":"first","15":"instock","16":"taxable","17":"shipping-taxable","18":"purchasable","19":"product-type-simple"},"acf":[],"yoast_head":"<!-- This site is optimized with the Yoast SEO plugin v24.9 - https:\/\/yoast.com\/wordpress\/plugins\/seo\/ -->\n<title>CHAVES, Erlon - Procura-se Uma Virgem (CD) -  (CD) | Guerssen<\/title>\n<meta name=\"description\" content=\"This is Erlon Chaves e Orquestra Saint Moritz - &quot;Procura-se uma Virgem&quot; OST (1971), supposed to be one of the most sought after Erlon Chaves LP. This OST was recorded to a Brazilian soft porn movie with killer organ funk instrumental tracks and several funky, erotic &amp; modal tracks, arranged and directed by maestro Erlon Chaves. #nl# &quot;oh my gosh one of the true holy grails of brazil I&#039;ve after this for too long... just the correct side of lounge thank you for re-releasing this gem&quot;- Gilles Peterson\" \/>\n<meta name=\"robots\" content=\"index, follow, max-snippet:-1, max-image-preview:large, max-video-preview:-1\" \/>\n<link rel=\"canonical\" href=\"https:\/\/wpguerssen-test.odoo.rgbconsulting.com\/es\/producto\/procura-se-uma-virgem-cd\/\" \/>\n<meta property=\"og:locale\" content=\"es_ES\" \/>\n<meta property=\"og:type\" content=\"article\" \/>\n<meta property=\"og:title\" content=\"CHAVES, Erlon - Procura-se Uma Virgem (CD) -  (CD) | Guerssen\" \/>\n<meta property=\"og:description\" content=\"This is Erlon Chaves e Orquestra Saint Moritz - &quot;Procura-se uma Virgem&quot; OST (1971), supposed to be one of the most sought after Erlon Chaves LP. This OST was recorded to a Brazilian soft porn movie with killer organ funk instrumental tracks and several funky, erotic &amp; modal tracks, arranged and directed by maestro Erlon Chaves. #nl# &quot;oh my gosh one of the true holy grails of brazil I&#039;ve after this for too long... just the correct side of lounge thank you for re-releasing this gem&quot;- Gilles Peterson\" \/>\n<meta property=\"og:url\" content=\"https:\/\/wpguerssen-test.odoo.rgbconsulting.com\/es\/producto\/procura-se-uma-virgem-cd\/\" \/>\n<meta property=\"og:site_name\" content=\"Guerssen records\" \/>\n<meta property=\"article:modified_time\" content=\"2025-03-06T13:05:33+00:00\" \/>\n<meta property=\"og:image\" content=\"https:\/\/wpguerssen-test.odoo.rgbconsulting.com\/wp-content\/uploads\/2022\/07\/40907.jpg\" \/>\n\t<meta property=\"og:image:width\" content=\"1064\" \/>\n\t<meta property=\"og:image:height\" content=\"1200\" \/>\n\t<meta property=\"og:image:type\" content=\"image\/jpeg\" \/>\n<meta name=\"twitter:card\" content=\"summary_large_image\" \/>\n<meta name=\"twitter:title\" content=\"CHAVES, Erlon - Procura-se Uma Virgem (CD) -  (CD) | Guerssen\" \/>\n<script type=\"application\/ld+json\" class=\"yoast-schema-graph\">{\"@context\":\"https:\/\/schema.org\",\"@graph\":[{\"@type\":\"WebPage\",\"@id\":\"https:\/\/wpguerssen-test.odoo.rgbconsulting.com\/es\/producto\/procura-se-uma-virgem-cd\/\",\"url\":\"https:\/\/wpguerssen-test.odoo.rgbconsulting.com\/es\/producto\/procura-se-uma-virgem-cd\/\",\"name\":\"CHAVES, Erlon - Procura-se Uma Virgem (CD) - (CD) | Guerssen\",\"isPartOf\":{\"@id\":\"https:\/\/wpguerssen-test.odoo.rgbconsulting.com\/es\/#website\"},\"primaryImageOfPage\":{\"@id\":\"https:\/\/wpguerssen-test.odoo.rgbconsulting.com\/es\/producto\/procura-se-uma-virgem-cd\/#primaryimage\"},\"image\":{\"@id\":\"https:\/\/wpguerssen-test.odoo.rgbconsulting.com\/es\/producto\/procura-se-uma-virgem-cd\/#primaryimage\"},\"thumbnailUrl\":\"https:\/\/wpguerssen-test.odoo.rgbconsulting.com\/wp-content\/uploads\/2022\/07\/40907.jpg\",\"datePublished\":\"2022-08-03T22:00:00+00:00\",\"dateModified\":\"2025-03-06T13:05:33+00:00\",\"description\":\"This is Erlon Chaves e Orquestra Saint Moritz - \\\"Procura-se uma Virgem\\\" OST (1971), supposed to be one of the most sought after Erlon Chaves LP. This OST was recorded to a Brazilian soft porn movie with killer organ funk instrumental tracks and several funky, erotic & modal tracks, arranged and directed by maestro Erlon Chaves. #nl# \\\"oh my gosh one of the true holy grails of brazil I've after this for too long... just the correct side of lounge thank you for re-releasing this gem\\\"- Gilles Peterson\",\"breadcrumb\":{\"@id\":\"https:\/\/wpguerssen-test.odoo.rgbconsulting.com\/es\/producto\/procura-se-uma-virgem-cd\/#breadcrumb\"},\"inLanguage\":\"es\",\"potentialAction\":[{\"@type\":\"ReadAction\",\"target\":[\"https:\/\/wpguerssen-test.odoo.rgbconsulting.com\/es\/producto\/procura-se-uma-virgem-cd\/\"]}]},{\"@type\":\"ImageObject\",\"inLanguage\":\"es\",\"@id\":\"https:\/\/wpguerssen-test.odoo.rgbconsulting.com\/es\/producto\/procura-se-uma-virgem-cd\/#primaryimage\",\"url\":\"https:\/\/wpguerssen-test.odoo.rgbconsulting.com\/wp-content\/uploads\/2022\/07\/40907.jpg\",\"contentUrl\":\"https:\/\/wpguerssen-test.odoo.rgbconsulting.com\/wp-content\/uploads\/2022\/07\/40907.jpg\",\"width\":1064,\"height\":1200,\"caption\":\"Erlon - Procura-se Uma Virgem (CD) - MAD ABOUT RECORDS (CD) | Guerssen\"},{\"@type\":\"BreadcrumbList\",\"@id\":\"https:\/\/wpguerssen-test.odoo.rgbconsulting.com\/es\/producto\/procura-se-uma-virgem-cd\/#breadcrumb\",\"itemListElement\":[{\"@type\":\"ListItem\",\"position\":1,\"name\":\"Inicio\",\"item\":\"https:\/\/wpguerssen-test.odoo.rgbconsulting.com\/es\/\"},{\"@type\":\"ListItem\",\"position\":2,\"name\":\"Shop\",\"item\":\"https:\/\/wpguerssen-test.odoo.rgbconsulting.com\/shop\/\"},{\"@type\":\"ListItem\",\"position\":3,\"name\":\"Procura-se Uma Virgem (CD)\"}]},{\"@type\":\"WebSite\",\"@id\":\"https:\/\/wpguerssen-test.odoo.rgbconsulting.com\/es\/#website\",\"url\":\"https:\/\/wpguerssen-test.odoo.rgbconsulting.com\/es\/\",\"name\":\"Guerssen records\",\"description\":\"psychedelia - progressive - folk - garage \",\"publisher\":{\"@id\":\"https:\/\/wpguerssen-test.odoo.rgbconsulting.com\/es\/#organization\"},\"potentialAction\":[{\"@type\":\"SearchAction\",\"target\":{\"@type\":\"EntryPoint\",\"urlTemplate\":\"https:\/\/wpguerssen-test.odoo.rgbconsulting.com\/es\/?s={search_term_string}\"},\"query-input\":{\"@type\":\"PropertyValueSpecification\",\"valueRequired\":true,\"valueName\":\"search_term_string\"}}],\"inLanguage\":\"es\"},{\"@type\":\"Organization\",\"@id\":\"https:\/\/wpguerssen-test.odoo.rgbconsulting.com\/es\/#organization\",\"name\":\"Guerssen records\",\"url\":\"https:\/\/wpguerssen-test.odoo.rgbconsulting.com\/es\/\",\"logo\":{\"@type\":\"ImageObject\",\"inLanguage\":\"es\",\"@id\":\"https:\/\/wpguerssen-test.odoo.rgbconsulting.com\/es\/#\/schema\/logo\/image\/\",\"url\":\"https:\/\/wpguerssen-test.odoo.rgbconsulting.com\/wp-content\/uploads\/2022\/04\/Logo_Guerssen_trans_100.png\",\"contentUrl\":\"https:\/\/wpguerssen-test.odoo.rgbconsulting.com\/wp-content\/uploads\/2022\/04\/Logo_Guerssen_trans_100.png\",\"width\":122,\"height\":100,\"caption\":\"Guerssen records\"},\"image\":{\"@id\":\"https:\/\/wpguerssen-test.odoo.rgbconsulting.com\/es\/#\/schema\/logo\/image\/\"}}]}<\/script>\n<!-- \/ Yoast SEO plugin. -->","yoast_head_json":{"title":"CHAVES, Erlon - Procura-se Uma Virgem (CD) -  (CD) | Guerssen","description":"This is Erlon Chaves e Orquestra Saint Moritz - \"Procura-se uma Virgem\" OST (1971), supposed to be one of the most sought after Erlon Chaves LP. This OST was recorded to a Brazilian soft porn movie with killer organ funk instrumental tracks and several funky, erotic & modal tracks, arranged and directed by maestro Erlon Chaves. #nl# \"oh my gosh one of the true holy grails of brazil I've after this for too long... just the correct side of lounge thank you for re-releasing this gem\"- Gilles Peterson","robots":{"index":"index","follow":"follow","max-snippet":"max-snippet:-1","max-image-preview":"max-image-preview:large","max-video-preview":"max-video-preview:-1"},"canonical":"https:\/\/wpguerssen-test.odoo.rgbconsulting.com\/es\/producto\/procura-se-uma-virgem-cd\/","og_locale":"es_ES","og_type":"article","og_title":"CHAVES, Erlon - Procura-se Uma Virgem (CD) -  (CD) | Guerssen","og_description":"This is Erlon Chaves e Orquestra Saint Moritz - \"Procura-se uma Virgem\" OST (1971), supposed to be one of the most sought after Erlon Chaves LP. This OST was recorded to a Brazilian soft porn movie with killer organ funk instrumental tracks and several funky, erotic & modal tracks, arranged and directed by maestro Erlon Chaves. #nl# \"oh my gosh one of the true holy grails of brazil I've after this for too long... just the correct side of lounge thank you for re-releasing this gem\"- Gilles Peterson","og_url":"https:\/\/wpguerssen-test.odoo.rgbconsulting.com\/es\/producto\/procura-se-uma-virgem-cd\/","og_site_name":"Guerssen records","article_modified_time":"2025-03-06T13:05:33+00:00","og_image":[{"width":1064,"height":1200,"url":"https:\/\/wpguerssen-test.odoo.rgbconsulting.com\/wp-content\/uploads\/2022\/07\/40907.jpg","type":"image\/jpeg"}],"twitter_card":"summary_large_image","twitter_title":"CHAVES, Erlon - Procura-se Uma Virgem (CD) -  (CD) | Guerssen","schema":{"@context":"https:\/\/schema.org","@graph":[{"@type":"WebPage","@id":"https:\/\/wpguerssen-test.odoo.rgbconsulting.com\/es\/producto\/procura-se-uma-virgem-cd\/","url":"https:\/\/wpguerssen-test.odoo.rgbconsulting.com\/es\/producto\/procura-se-uma-virgem-cd\/","name":"CHAVES, Erlon - Procura-se Uma Virgem (CD) - (CD) | Guerssen","isPartOf":{"@id":"https:\/\/wpguerssen-test.odoo.rgbconsulting.com\/es\/#website"},"primaryImageOfPage":{"@id":"https:\/\/wpguerssen-test.odoo.rgbconsulting.com\/es\/producto\/procura-se-uma-virgem-cd\/#primaryimage"},"image":{"@id":"https:\/\/wpguerssen-test.odoo.rgbconsulting.com\/es\/producto\/procura-se-uma-virgem-cd\/#primaryimage"},"thumbnailUrl":"https:\/\/wpguerssen-test.odoo.rgbconsulting.com\/wp-content\/uploads\/2022\/07\/40907.jpg","datePublished":"2022-08-03T22:00:00+00:00","dateModified":"2025-03-06T13:05:33+00:00","description":"This is Erlon Chaves e Orquestra Saint Moritz - \"Procura-se uma Virgem\" OST (1971), supposed to be one of the most sought after Erlon Chaves LP. This OST was recorded to a Brazilian soft porn movie with killer organ funk instrumental tracks and several funky, erotic & modal tracks, arranged and directed by maestro Erlon Chaves. #nl# \"oh my gosh one of the true holy grails of brazil I've after this for too long... just the correct side of lounge thank you for re-releasing this gem\"- Gilles Peterson","breadcrumb":{"@id":"https:\/\/wpguerssen-test.odoo.rgbconsulting.com\/es\/producto\/procura-se-uma-virgem-cd\/#breadcrumb"},"inLanguage":"es","potentialAction":[{"@type":"ReadAction","target":["https:\/\/wpguerssen-test.odoo.rgbconsulting.com\/es\/producto\/procura-se-uma-virgem-cd\/"]}]},{"@type":"ImageObject","inLanguage":"es","@id":"https:\/\/wpguerssen-test.odoo.rgbconsulting.com\/es\/producto\/procura-se-uma-virgem-cd\/#primaryimage","url":"https:\/\/wpguerssen-test.odoo.rgbconsulting.com\/wp-content\/uploads\/2022\/07\/40907.jpg","contentUrl":"https:\/\/wpguerssen-test.odoo.rgbconsulting.com\/wp-content\/uploads\/2022\/07\/40907.jpg","width":1064,"height":1200,"caption":"Erlon - Procura-se Uma Virgem (CD) - MAD ABOUT RECORDS (CD) | Guerssen"},{"@type":"BreadcrumbList","@id":"https:\/\/wpguerssen-test.odoo.rgbconsulting.com\/es\/producto\/procura-se-uma-virgem-cd\/#breadcrumb","itemListElement":[{"@type":"ListItem","position":1,"name":"Inicio","item":"https:\/\/wpguerssen-test.odoo.rgbconsulting.com\/es\/"},{"@type":"ListItem","position":2,"name":"Shop","item":"https:\/\/wpguerssen-test.odoo.rgbconsulting.com\/shop\/"},{"@type":"ListItem","position":3,"name":"Procura-se Uma Virgem (CD)"}]},{"@type":"WebSite","@id":"https:\/\/wpguerssen-test.odoo.rgbconsulting.com\/es\/#website","url":"https:\/\/wpguerssen-test.odoo.rgbconsulting.com\/es\/","name":"Guerssen records","description":"psychedelia - progressive - folk - garage ","publisher":{"@id":"https:\/\/wpguerssen-test.odoo.rgbconsulting.com\/es\/#organization"},"potentialAction":[{"@type":"SearchAction","target":{"@type":"EntryPoint","urlTemplate":"https:\/\/wpguerssen-test.odoo.rgbconsulting.com\/es\/?s={search_term_string}"},"query-input":{"@type":"PropertyValueSpecification","valueRequired":true,"valueName":"search_term_string"}}],"inLanguage":"es"},{"@type":"Organization","@id":"https:\/\/wpguerssen-test.odoo.rgbconsulting.com\/es\/#organization","name":"Guerssen records","url":"https:\/\/wpguerssen-test.odoo.rgbconsulting.com\/es\/","logo":{"@type":"ImageObject","inLanguage":"es","@id":"https:\/\/wpguerssen-test.odoo.rgbconsulting.com\/es\/#\/schema\/logo\/image\/","url":"https:\/\/wpguerssen-test.odoo.rgbconsulting.com\/wp-content\/uploads\/2022\/04\/Logo_Guerssen_trans_100.png","contentUrl":"https:\/\/wpguerssen-test.odoo.rgbconsulting.com\/wp-content\/uploads\/2022\/04\/Logo_Guerssen_trans_100.png","width":122,"height":100,"caption":"Guerssen records"},"image":{"@id":"https:\/\/wpguerssen-test.odoo.rgbconsulting.com\/es\/#\/schema\/logo\/image\/"}}]}},"_links":{"self":[{"href":"https:\/\/wpguerssen-test.odoo.rgbconsulting.com\/es\/wp-json\/wp\/v2\/product\/210474","targetHints":{"allow":["GET"]}}],"collection":[{"href":"https:\/\/wpguerssen-test.odoo.rgbconsulting.com\/es\/wp-json\/wp\/v2\/product"}],"about":[{"href":"https:\/\/wpguerssen-test.odoo.rgbconsulting.com\/es\/wp-json\/wp\/v2\/types\/product"}],"wp:featuredmedia":[{"embeddable":true,"href":"https:\/\/wpguerssen-test.odoo.rgbconsulting.com\/es\/wp-json\/wp\/v2\/media\/215471"}],"wp:attachment":[{"href":"https:\/\/wpguerssen-test.odoo.rgbconsulting.com\/es\/wp-json\/wp\/v2\/media?parent=210474"}],"wp:term":[{"taxonomy":"product_brand","embeddable":true,"href":"https:\/\/wpguerssen-test.odoo.rgbconsulting.com\/es\/wp-json\/wp\/v2\/product_brand?post=210474"},{"taxonomy":"product_cat","embeddable":true,"href":"https:\/\/wpguerssen-test.odoo.rgbconsulting.com\/es\/wp-json\/wp\/v2\/product_cat?post=210474"},{"taxonomy":"product_tag","embeddable":true,"href":"https:\/\/wpguerssen-test.odoo.rgbconsulting.com\/es\/wp-json\/wp\/v2\/product_tag?post=210474"}],"curies":[{"name":"wp","href":"https:\/\/api.w.org\/{rel}","templated":true}]}}