{"id":211023,"date":"2022-09-20T00:00:00","date_gmt":"2022-09-19T22:00:00","guid":{"rendered":"http:\/\/guerssen.hl1097.dinaserver.com\/product\/chico-bernardes\/"},"modified":"2025-03-03T15:45:17","modified_gmt":"2025-03-03T14:45:17","slug":"chico-bernardes","status":"publish","type":"product","link":"https:\/\/wpguerssen-test.odoo.rgbconsulting.com\/es\/producto\/chico-bernardes\/","title":{"rendered":"Chico Bernardes"},"content":{"rendered":"<p>Chico Bernardes es un cantante, compositor y multiinstrumentista de S\u00e3o Paulo, Brasil. Chico reelabor\u00f3 \u00bf\u00bfsu enfoque de la bossa nova de los 70 con el uso de afinaciones alternativas. Las letras hablan principalmente de sus sue\u00f1os errantes sobre diferentes afectos con las personas, los momentos de transici\u00f3n de una vida y autodescubrimientos, desde su n\u00facleo esencial hasta el mundo externo. Un artista a seguir!<\/p>\n","protected":false},"excerpt":{"rendered":"<p>Chico Bernardes es un cantante, compositor y multiinstrumentista de S\u00e3o Paulo, Brasil. Chico reelabor\u00f3 \u00bf\u00bfsu enfoque de la bossa nova de los 70 con el uso de afinaciones<a class=\"read\" href=\"https:\/\/wpguerssen-test.odoo.rgbconsulting.com\/es\/producto\/chico-bernardes\/\"> (...)<\/a>","protected":false},"featured_media":218338,"template":"","meta":{"_acf_changed":false},"product_brand":[],"product_cat":[23270,23231],"product_tag":[],"class_list":{"0":"post-211023","1":"product","2":"type-product","3":"status-publish","4":"has-post-thumbnail","6":"product_cat-folk-00s-now-es","7":"product_cat-latin-brazilian-es","8":"pa_artist-bernardes-chico","9":"pa_format-lp-es","10":"pa_gender-latin-brazilian-folk-00s-now","11":"pa_label-mapache","12":"pa_location-south-america-caribbean-es","13":"pa_other-filters-vinyl-only-es","15":"first","16":"instock","17":"taxable","18":"shipping-taxable","19":"purchasable","20":"product-type-simple"},"acf":[],"yoast_head":"<!-- This site is optimized with the Yoast SEO plugin v24.9 - https:\/\/yoast.com\/wordpress\/plugins\/seo\/ -->\n<title>BERNARDES, Chico - Chico Bernardes -  (LP) | Guerssen<\/title>\n<meta name=\"description\" content=\"Chico Bernardes is a singer, songwriter and multi instrumentalist from S\u00e3o Paulo, Brazil. In his first and self-titled record, &#039;Chico Bernardes&#039; has arranged and recorded all the instruments, with the support of Gui Jesus Toledo from SELO RISCO and owner of Est\u00fadio Canoa, where the recordings took place. Surrounded by lots of coffee and low lights, Chico recorded part of the songs as if he was singing for nobody, in real time. The other half of the record was filled with drums, bass, electric guitar, percussions and a bunch of keys, from old casio keyboards to an indian harmonium. The songs structured above nylon strings guitar were recorded with a 1968 Di Giorgio Romeo 3, frequently used on the classical brazilian records from the 70&#039;s and beyond, that carries a very popular Bossa Nova tone, but Chico reworked it&#039;s approach with the use of alternate tunings, on a closer proximity to artists such as Duncan Browne, Sibylle Baier and Joni Mitchell. For the steel strings, he used a 60&#039;s Martin 000, in order to reach the old and warm wooden sound of the record. The Lyrics mostly talk about his wandering dreams about different affections with people, the transitional moments of a lifetime and self discoveries, from his essential core to the external world.\" \/>\n<meta name=\"robots\" content=\"index, follow, max-snippet:-1, max-image-preview:large, max-video-preview:-1\" \/>\n<link rel=\"canonical\" href=\"https:\/\/wpguerssen-test.odoo.rgbconsulting.com\/es\/producto\/chico-bernardes\/\" \/>\n<meta property=\"og:locale\" content=\"es_ES\" \/>\n<meta property=\"og:type\" content=\"article\" \/>\n<meta property=\"og:title\" content=\"BERNARDES, Chico - Chico Bernardes -  (LP) | Guerssen\" \/>\n<meta property=\"og:description\" content=\"Chico Bernardes is a singer, songwriter and multi instrumentalist from S\u00e3o Paulo, Brazil. In his first and self-titled record, &#039;Chico Bernardes&#039; has arranged and recorded all the instruments, with the support of Gui Jesus Toledo from SELO RISCO and owner of Est\u00fadio Canoa, where the recordings took place. Surrounded by lots of coffee and low lights, Chico recorded part of the songs as if he was singing for nobody, in real time. The other half of the record was filled with drums, bass, electric guitar, percussions and a bunch of keys, from old casio keyboards to an indian harmonium. The songs structured above nylon strings guitar were recorded with a 1968 Di Giorgio Romeo 3, frequently used on the classical brazilian records from the 70&#039;s and beyond, that carries a very popular Bossa Nova tone, but Chico reworked it&#039;s approach with the use of alternate tunings, on a closer proximity to artists such as Duncan Browne, Sibylle Baier and Joni Mitchell. For the steel strings, he used a 60&#039;s Martin 000, in order to reach the old and warm wooden sound of the record. The Lyrics mostly talk about his wandering dreams about different affections with people, the transitional moments of a lifetime and self discoveries, from his essential core to the external world.\" \/>\n<meta property=\"og:url\" content=\"https:\/\/wpguerssen-test.odoo.rgbconsulting.com\/es\/producto\/chico-bernardes\/\" \/>\n<meta property=\"og:site_name\" content=\"Guerssen records\" \/>\n<meta property=\"article:modified_time\" content=\"2025-03-03T14:45:17+00:00\" \/>\n<meta property=\"og:image\" content=\"https:\/\/wpguerssen-test.odoo.rgbconsulting.com\/wp-content\/uploads\/2022\/09\/41004.jpg\" \/>\n\t<meta property=\"og:image:width\" content=\"1200\" \/>\n\t<meta property=\"og:image:height\" content=\"1200\" \/>\n\t<meta property=\"og:image:type\" content=\"image\/jpeg\" \/>\n<meta name=\"twitter:card\" content=\"summary_large_image\" \/>\n<meta name=\"twitter:title\" content=\"BERNARDES, Chico - Chico Bernardes -  (LP) | Guerssen\" \/>\n<script type=\"application\/ld+json\" class=\"yoast-schema-graph\">{\"@context\":\"https:\/\/schema.org\",\"@graph\":[{\"@type\":\"WebPage\",\"@id\":\"https:\/\/wpguerssen-test.odoo.rgbconsulting.com\/es\/producto\/chico-bernardes\/\",\"url\":\"https:\/\/wpguerssen-test.odoo.rgbconsulting.com\/es\/producto\/chico-bernardes\/\",\"name\":\"BERNARDES, Chico - Chico Bernardes - (LP) | Guerssen\",\"isPartOf\":{\"@id\":\"https:\/\/wpguerssen-test.odoo.rgbconsulting.com\/es\/#website\"},\"primaryImageOfPage\":{\"@id\":\"https:\/\/wpguerssen-test.odoo.rgbconsulting.com\/es\/producto\/chico-bernardes\/#primaryimage\"},\"image\":{\"@id\":\"https:\/\/wpguerssen-test.odoo.rgbconsulting.com\/es\/producto\/chico-bernardes\/#primaryimage\"},\"thumbnailUrl\":\"https:\/\/wpguerssen-test.odoo.rgbconsulting.com\/wp-content\/uploads\/2022\/09\/41004.jpg\",\"datePublished\":\"2022-09-19T22:00:00+00:00\",\"dateModified\":\"2025-03-03T14:45:17+00:00\",\"description\":\"Chico Bernardes is a singer, songwriter and multi instrumentalist from S\u00e3o Paulo, Brazil. In his first and self-titled record, 'Chico Bernardes' has arranged and recorded all the instruments, with the support of Gui Jesus Toledo from SELO RISCO and owner of Est\u00fadio Canoa, where the recordings took place. Surrounded by lots of coffee and low lights, Chico recorded part of the songs as if he was singing for nobody, in real time. The other half of the record was filled with drums, bass, electric guitar, percussions and a bunch of keys, from old casio keyboards to an indian harmonium. The songs structured above nylon strings guitar were recorded with a 1968 Di Giorgio Romeo 3, frequently used on the classical brazilian records from the 70's and beyond, that carries a very popular Bossa Nova tone, but Chico reworked it's approach with the use of alternate tunings, on a closer proximity to artists such as Duncan Browne, Sibylle Baier and Joni Mitchell. For the steel strings, he used a 60's Martin 000, in order to reach the old and warm wooden sound of the record. The Lyrics mostly talk about his wandering dreams about different affections with people, the transitional moments of a lifetime and self discoveries, from his essential core to the external world.\",\"breadcrumb\":{\"@id\":\"https:\/\/wpguerssen-test.odoo.rgbconsulting.com\/es\/producto\/chico-bernardes\/#breadcrumb\"},\"inLanguage\":\"es\",\"potentialAction\":[{\"@type\":\"ReadAction\",\"target\":[\"https:\/\/wpguerssen-test.odoo.rgbconsulting.com\/es\/producto\/chico-bernardes\/\"]}]},{\"@type\":\"ImageObject\",\"inLanguage\":\"es\",\"@id\":\"https:\/\/wpguerssen-test.odoo.rgbconsulting.com\/es\/producto\/chico-bernardes\/#primaryimage\",\"url\":\"https:\/\/wpguerssen-test.odoo.rgbconsulting.com\/wp-content\/uploads\/2022\/09\/41004.jpg\",\"contentUrl\":\"https:\/\/wpguerssen-test.odoo.rgbconsulting.com\/wp-content\/uploads\/2022\/09\/41004.jpg\",\"width\":1200,\"height\":1200,\"caption\":\"Chico - Chico Bernardes - MAPACHE (LP) | Guerssen\"},{\"@type\":\"BreadcrumbList\",\"@id\":\"https:\/\/wpguerssen-test.odoo.rgbconsulting.com\/es\/producto\/chico-bernardes\/#breadcrumb\",\"itemListElement\":[{\"@type\":\"ListItem\",\"position\":1,\"name\":\"Inicio\",\"item\":\"https:\/\/wpguerssen-test.odoo.rgbconsulting.com\/es\/\"},{\"@type\":\"ListItem\",\"position\":2,\"name\":\"Shop\",\"item\":\"https:\/\/wpguerssen-test.odoo.rgbconsulting.com\/shop\/\"},{\"@type\":\"ListItem\",\"position\":3,\"name\":\"Chico Bernardes\"}]},{\"@type\":\"WebSite\",\"@id\":\"https:\/\/wpguerssen-test.odoo.rgbconsulting.com\/es\/#website\",\"url\":\"https:\/\/wpguerssen-test.odoo.rgbconsulting.com\/es\/\",\"name\":\"Guerssen records\",\"description\":\"psychedelia - progressive - folk - garage \",\"publisher\":{\"@id\":\"https:\/\/wpguerssen-test.odoo.rgbconsulting.com\/es\/#organization\"},\"potentialAction\":[{\"@type\":\"SearchAction\",\"target\":{\"@type\":\"EntryPoint\",\"urlTemplate\":\"https:\/\/wpguerssen-test.odoo.rgbconsulting.com\/es\/?s={search_term_string}\"},\"query-input\":{\"@type\":\"PropertyValueSpecification\",\"valueRequired\":true,\"valueName\":\"search_term_string\"}}],\"inLanguage\":\"es\"},{\"@type\":\"Organization\",\"@id\":\"https:\/\/wpguerssen-test.odoo.rgbconsulting.com\/es\/#organization\",\"name\":\"Guerssen records\",\"url\":\"https:\/\/wpguerssen-test.odoo.rgbconsulting.com\/es\/\",\"logo\":{\"@type\":\"ImageObject\",\"inLanguage\":\"es\",\"@id\":\"https:\/\/wpguerssen-test.odoo.rgbconsulting.com\/es\/#\/schema\/logo\/image\/\",\"url\":\"https:\/\/wpguerssen-test.odoo.rgbconsulting.com\/wp-content\/uploads\/2022\/04\/Logo_Guerssen_trans_100.png\",\"contentUrl\":\"https:\/\/wpguerssen-test.odoo.rgbconsulting.com\/wp-content\/uploads\/2022\/04\/Logo_Guerssen_trans_100.png\",\"width\":122,\"height\":100,\"caption\":\"Guerssen records\"},\"image\":{\"@id\":\"https:\/\/wpguerssen-test.odoo.rgbconsulting.com\/es\/#\/schema\/logo\/image\/\"}}]}<\/script>\n<!-- \/ Yoast SEO plugin. -->","yoast_head_json":{"title":"BERNARDES, Chico - Chico Bernardes -  (LP) | Guerssen","description":"Chico Bernardes is a singer, songwriter and multi instrumentalist from S\u00e3o Paulo, Brazil. In his first and self-titled record, 'Chico Bernardes' has arranged and recorded all the instruments, with the support of Gui Jesus Toledo from SELO RISCO and owner of Est\u00fadio Canoa, where the recordings took place. Surrounded by lots of coffee and low lights, Chico recorded part of the songs as if he was singing for nobody, in real time. The other half of the record was filled with drums, bass, electric guitar, percussions and a bunch of keys, from old casio keyboards to an indian harmonium. The songs structured above nylon strings guitar were recorded with a 1968 Di Giorgio Romeo 3, frequently used on the classical brazilian records from the 70's and beyond, that carries a very popular Bossa Nova tone, but Chico reworked it's approach with the use of alternate tunings, on a closer proximity to artists such as Duncan Browne, Sibylle Baier and Joni Mitchell. For the steel strings, he used a 60's Martin 000, in order to reach the old and warm wooden sound of the record. The Lyrics mostly talk about his wandering dreams about different affections with people, the transitional moments of a lifetime and self discoveries, from his essential core to the external world.","robots":{"index":"index","follow":"follow","max-snippet":"max-snippet:-1","max-image-preview":"max-image-preview:large","max-video-preview":"max-video-preview:-1"},"canonical":"https:\/\/wpguerssen-test.odoo.rgbconsulting.com\/es\/producto\/chico-bernardes\/","og_locale":"es_ES","og_type":"article","og_title":"BERNARDES, Chico - Chico Bernardes -  (LP) | Guerssen","og_description":"Chico Bernardes is a singer, songwriter and multi instrumentalist from S\u00e3o Paulo, Brazil. In his first and self-titled record, 'Chico Bernardes' has arranged and recorded all the instruments, with the support of Gui Jesus Toledo from SELO RISCO and owner of Est\u00fadio Canoa, where the recordings took place. Surrounded by lots of coffee and low lights, Chico recorded part of the songs as if he was singing for nobody, in real time. The other half of the record was filled with drums, bass, electric guitar, percussions and a bunch of keys, from old casio keyboards to an indian harmonium. The songs structured above nylon strings guitar were recorded with a 1968 Di Giorgio Romeo 3, frequently used on the classical brazilian records from the 70's and beyond, that carries a very popular Bossa Nova tone, but Chico reworked it's approach with the use of alternate tunings, on a closer proximity to artists such as Duncan Browne, Sibylle Baier and Joni Mitchell. For the steel strings, he used a 60's Martin 000, in order to reach the old and warm wooden sound of the record. The Lyrics mostly talk about his wandering dreams about different affections with people, the transitional moments of a lifetime and self discoveries, from his essential core to the external world.","og_url":"https:\/\/wpguerssen-test.odoo.rgbconsulting.com\/es\/producto\/chico-bernardes\/","og_site_name":"Guerssen records","article_modified_time":"2025-03-03T14:45:17+00:00","og_image":[{"width":1200,"height":1200,"url":"https:\/\/wpguerssen-test.odoo.rgbconsulting.com\/wp-content\/uploads\/2022\/09\/41004.jpg","type":"image\/jpeg"}],"twitter_card":"summary_large_image","twitter_title":"BERNARDES, Chico - Chico Bernardes -  (LP) | Guerssen","schema":{"@context":"https:\/\/schema.org","@graph":[{"@type":"WebPage","@id":"https:\/\/wpguerssen-test.odoo.rgbconsulting.com\/es\/producto\/chico-bernardes\/","url":"https:\/\/wpguerssen-test.odoo.rgbconsulting.com\/es\/producto\/chico-bernardes\/","name":"BERNARDES, Chico - Chico Bernardes - (LP) | Guerssen","isPartOf":{"@id":"https:\/\/wpguerssen-test.odoo.rgbconsulting.com\/es\/#website"},"primaryImageOfPage":{"@id":"https:\/\/wpguerssen-test.odoo.rgbconsulting.com\/es\/producto\/chico-bernardes\/#primaryimage"},"image":{"@id":"https:\/\/wpguerssen-test.odoo.rgbconsulting.com\/es\/producto\/chico-bernardes\/#primaryimage"},"thumbnailUrl":"https:\/\/wpguerssen-test.odoo.rgbconsulting.com\/wp-content\/uploads\/2022\/09\/41004.jpg","datePublished":"2022-09-19T22:00:00+00:00","dateModified":"2025-03-03T14:45:17+00:00","description":"Chico Bernardes is a singer, songwriter and multi instrumentalist from S\u00e3o Paulo, Brazil. In his first and self-titled record, 'Chico Bernardes' has arranged and recorded all the instruments, with the support of Gui Jesus Toledo from SELO RISCO and owner of Est\u00fadio Canoa, where the recordings took place. Surrounded by lots of coffee and low lights, Chico recorded part of the songs as if he was singing for nobody, in real time. The other half of the record was filled with drums, bass, electric guitar, percussions and a bunch of keys, from old casio keyboards to an indian harmonium. The songs structured above nylon strings guitar were recorded with a 1968 Di Giorgio Romeo 3, frequently used on the classical brazilian records from the 70's and beyond, that carries a very popular Bossa Nova tone, but Chico reworked it's approach with the use of alternate tunings, on a closer proximity to artists such as Duncan Browne, Sibylle Baier and Joni Mitchell. For the steel strings, he used a 60's Martin 000, in order to reach the old and warm wooden sound of the record. The Lyrics mostly talk about his wandering dreams about different affections with people, the transitional moments of a lifetime and self discoveries, from his essential core to the external world.","breadcrumb":{"@id":"https:\/\/wpguerssen-test.odoo.rgbconsulting.com\/es\/producto\/chico-bernardes\/#breadcrumb"},"inLanguage":"es","potentialAction":[{"@type":"ReadAction","target":["https:\/\/wpguerssen-test.odoo.rgbconsulting.com\/es\/producto\/chico-bernardes\/"]}]},{"@type":"ImageObject","inLanguage":"es","@id":"https:\/\/wpguerssen-test.odoo.rgbconsulting.com\/es\/producto\/chico-bernardes\/#primaryimage","url":"https:\/\/wpguerssen-test.odoo.rgbconsulting.com\/wp-content\/uploads\/2022\/09\/41004.jpg","contentUrl":"https:\/\/wpguerssen-test.odoo.rgbconsulting.com\/wp-content\/uploads\/2022\/09\/41004.jpg","width":1200,"height":1200,"caption":"Chico - Chico Bernardes - MAPACHE (LP) | Guerssen"},{"@type":"BreadcrumbList","@id":"https:\/\/wpguerssen-test.odoo.rgbconsulting.com\/es\/producto\/chico-bernardes\/#breadcrumb","itemListElement":[{"@type":"ListItem","position":1,"name":"Inicio","item":"https:\/\/wpguerssen-test.odoo.rgbconsulting.com\/es\/"},{"@type":"ListItem","position":2,"name":"Shop","item":"https:\/\/wpguerssen-test.odoo.rgbconsulting.com\/shop\/"},{"@type":"ListItem","position":3,"name":"Chico Bernardes"}]},{"@type":"WebSite","@id":"https:\/\/wpguerssen-test.odoo.rgbconsulting.com\/es\/#website","url":"https:\/\/wpguerssen-test.odoo.rgbconsulting.com\/es\/","name":"Guerssen records","description":"psychedelia - progressive - folk - garage ","publisher":{"@id":"https:\/\/wpguerssen-test.odoo.rgbconsulting.com\/es\/#organization"},"potentialAction":[{"@type":"SearchAction","target":{"@type":"EntryPoint","urlTemplate":"https:\/\/wpguerssen-test.odoo.rgbconsulting.com\/es\/?s={search_term_string}"},"query-input":{"@type":"PropertyValueSpecification","valueRequired":true,"valueName":"search_term_string"}}],"inLanguage":"es"},{"@type":"Organization","@id":"https:\/\/wpguerssen-test.odoo.rgbconsulting.com\/es\/#organization","name":"Guerssen records","url":"https:\/\/wpguerssen-test.odoo.rgbconsulting.com\/es\/","logo":{"@type":"ImageObject","inLanguage":"es","@id":"https:\/\/wpguerssen-test.odoo.rgbconsulting.com\/es\/#\/schema\/logo\/image\/","url":"https:\/\/wpguerssen-test.odoo.rgbconsulting.com\/wp-content\/uploads\/2022\/04\/Logo_Guerssen_trans_100.png","contentUrl":"https:\/\/wpguerssen-test.odoo.rgbconsulting.com\/wp-content\/uploads\/2022\/04\/Logo_Guerssen_trans_100.png","width":122,"height":100,"caption":"Guerssen records"},"image":{"@id":"https:\/\/wpguerssen-test.odoo.rgbconsulting.com\/es\/#\/schema\/logo\/image\/"}}]}},"_links":{"self":[{"href":"https:\/\/wpguerssen-test.odoo.rgbconsulting.com\/es\/wp-json\/wp\/v2\/product\/211023","targetHints":{"allow":["GET"]}}],"collection":[{"href":"https:\/\/wpguerssen-test.odoo.rgbconsulting.com\/es\/wp-json\/wp\/v2\/product"}],"about":[{"href":"https:\/\/wpguerssen-test.odoo.rgbconsulting.com\/es\/wp-json\/wp\/v2\/types\/product"}],"wp:featuredmedia":[{"embeddable":true,"href":"https:\/\/wpguerssen-test.odoo.rgbconsulting.com\/es\/wp-json\/wp\/v2\/media\/218338"}],"wp:attachment":[{"href":"https:\/\/wpguerssen-test.odoo.rgbconsulting.com\/es\/wp-json\/wp\/v2\/media?parent=211023"}],"wp:term":[{"taxonomy":"product_brand","embeddable":true,"href":"https:\/\/wpguerssen-test.odoo.rgbconsulting.com\/es\/wp-json\/wp\/v2\/product_brand?post=211023"},{"taxonomy":"product_cat","embeddable":true,"href":"https:\/\/wpguerssen-test.odoo.rgbconsulting.com\/es\/wp-json\/wp\/v2\/product_cat?post=211023"},{"taxonomy":"product_tag","embeddable":true,"href":"https:\/\/wpguerssen-test.odoo.rgbconsulting.com\/es\/wp-json\/wp\/v2\/product_tag?post=211023"}],"curies":[{"name":"wp","href":"https:\/\/api.w.org\/{rel}","templated":true}]}}