{"id":211290,"date":"2021-10-07T00:00:00","date_gmt":"2021-10-06T22:00:00","guid":{"rendered":"http:\/\/guerssen.hl1097.dinaserver.com\/product\/arkham\/"},"modified":"2025-02-17T16:33:40","modified_gmt":"2025-02-17T15:33:40","slug":"arkham","status":"publish","type":"product","link":"https:\/\/wpguerssen-test.odoo.rgbconsulting.com\/es\/producto\/arkham\/","title":{"rendered":"Arkham"},"content":{"rendered":"<p>Documento hist\u00f3rico de la escena belga prog-fusi\u00f3n de los 70. Grupo de ecl\u00e9ctico jazz-rock con influencias Canterbury (Soft Machine, Egg&#8230;) que nunca lleg\u00f3 a editar nada durante su existencia. Este disco recoge grabaciones de ensayos y conciertos. Con m\u00fasicos como  Jean-Luc Manderlier y Daniel Denis (Magma, Univers Zero&#8230;)<\/p>\n","protected":false},"excerpt":{"rendered":"<p>Documento hist\u00f3rico de la escena belga prog-fusi\u00f3n de los 70. Grupo de ecl\u00e9ctico jazz-rock con influencias Canterbury (Soft Machine, Egg&#8230;) que nunca lleg\u00f3<a class=\"read\" href=\"https:\/\/wpguerssen-test.odoo.rgbconsulting.com\/es\/producto\/arkham\/\"> (...)<\/a>","protected":false},"featured_media":213753,"template":"","meta":{"_acf_changed":false},"product_brand":[],"product_cat":[23215],"product_tag":[],"class_list":{"0":"post-211290","1":"product","2":"type-product","3":"status-publish","4":"has-post-thumbnail","6":"product_cat-progressive60s-70s-es","7":"pa_artist-arkham","8":"pa_format-lp-es","9":"pa_gender-progressive60s-70s","10":"pa_label-sub-rosa","11":"pa_location-europe-es","12":"pa_other-filters-vinyl-only-es","14":"first","15":"instock","16":"taxable","17":"shipping-taxable","18":"purchasable","19":"product-type-simple"},"acf":[],"yoast_head":"<!-- This site is optimized with the Yoast SEO plugin v24.9 - https:\/\/yoast.com\/wordpress\/plugins\/seo\/ -->\n<title>ARKHAM - Arkham -  (LP) | Guerssen<\/title>\n<meta name=\"description\" content=\"Historic Belgian prog-fusion outfit of the early 1970&#039;s.Arkhma played eclectic jazz and rock mixtures in the &#039;Canterbury&#039; vein, inspired by Soft Machine and Egg.Never released before as LP vinyl, the recordings reproduced on this album come from magnetic tapes of some of Arkham&#039;s concerts and rehearsals, recorded at various times. #nl# ARKHAM are an early 70&#039;s prog band that featured keyboard player Jean-Luc Manderlier who would later join MAGMA, drummer Daniel Denis who would also move on to MAGMA as well as UNIVERS ZERO, and drummer Patrick Cogneaux. #nl# ARKHAM aren&#039;t nearly as dark as MAGMA or UNIVERS ZERO, their jazzy overtones placing them a little closer to SOFT MACHINE. The three musicians, who show some maturity, are obviously pouring their hearts out throughout the album, which exudes an intensity that can&#039;t be ignored.\" \/>\n<meta name=\"robots\" content=\"index, follow, max-snippet:-1, max-image-preview:large, max-video-preview:-1\" \/>\n<link rel=\"canonical\" href=\"https:\/\/wpguerssen-test.odoo.rgbconsulting.com\/es\/producto\/arkham\/\" \/>\n<meta property=\"og:locale\" content=\"es_ES\" \/>\n<meta property=\"og:type\" content=\"article\" \/>\n<meta property=\"og:title\" content=\"ARKHAM - Arkham -  (LP) | Guerssen\" \/>\n<meta property=\"og:description\" content=\"Historic Belgian prog-fusion outfit of the early 1970&#039;s.Arkhma played eclectic jazz and rock mixtures in the &#039;Canterbury&#039; vein, inspired by Soft Machine and Egg.Never released before as LP vinyl, the recordings reproduced on this album come from magnetic tapes of some of Arkham&#039;s concerts and rehearsals, recorded at various times. #nl# ARKHAM are an early 70&#039;s prog band that featured keyboard player Jean-Luc Manderlier who would later join MAGMA, drummer Daniel Denis who would also move on to MAGMA as well as UNIVERS ZERO, and drummer Patrick Cogneaux. #nl# ARKHAM aren&#039;t nearly as dark as MAGMA or UNIVERS ZERO, their jazzy overtones placing them a little closer to SOFT MACHINE. The three musicians, who show some maturity, are obviously pouring their hearts out throughout the album, which exudes an intensity that can&#039;t be ignored.\" \/>\n<meta property=\"og:url\" content=\"https:\/\/wpguerssen-test.odoo.rgbconsulting.com\/es\/producto\/arkham\/\" \/>\n<meta property=\"og:site_name\" content=\"Guerssen records\" \/>\n<meta property=\"article:modified_time\" content=\"2025-02-17T15:33:40+00:00\" \/>\n<meta property=\"og:image\" content=\"https:\/\/wpguerssen-test.odoo.rgbconsulting.com\/wp-content\/uploads\/2022\/06\/39402.jpg\" \/>\n\t<meta property=\"og:image:width\" content=\"413\" \/>\n\t<meta property=\"og:image:height\" content=\"423\" \/>\n\t<meta property=\"og:image:type\" content=\"image\/jpeg\" \/>\n<meta name=\"twitter:card\" content=\"summary_large_image\" \/>\n<meta name=\"twitter:title\" content=\"ARKHAM - Arkham -  (LP) | Guerssen\" \/>\n<script type=\"application\/ld+json\" class=\"yoast-schema-graph\">{\"@context\":\"https:\/\/schema.org\",\"@graph\":[{\"@type\":\"WebPage\",\"@id\":\"https:\/\/wpguerssen-test.odoo.rgbconsulting.com\/es\/producto\/arkham\/\",\"url\":\"https:\/\/wpguerssen-test.odoo.rgbconsulting.com\/es\/producto\/arkham\/\",\"name\":\"ARKHAM - Arkham - (LP) | Guerssen\",\"isPartOf\":{\"@id\":\"https:\/\/wpguerssen-test.odoo.rgbconsulting.com\/es\/#website\"},\"primaryImageOfPage\":{\"@id\":\"https:\/\/wpguerssen-test.odoo.rgbconsulting.com\/es\/producto\/arkham\/#primaryimage\"},\"image\":{\"@id\":\"https:\/\/wpguerssen-test.odoo.rgbconsulting.com\/es\/producto\/arkham\/#primaryimage\"},\"thumbnailUrl\":\"https:\/\/wpguerssen-test.odoo.rgbconsulting.com\/wp-content\/uploads\/2022\/06\/39402.jpg\",\"datePublished\":\"2021-10-06T22:00:00+00:00\",\"dateModified\":\"2025-02-17T15:33:40+00:00\",\"description\":\"Historic Belgian prog-fusion outfit of the early 1970's.Arkhma played eclectic jazz and rock mixtures in the 'Canterbury' vein, inspired by Soft Machine and Egg.Never released before as LP vinyl, the recordings reproduced on this album come from magnetic tapes of some of Arkham's concerts and rehearsals, recorded at various times. #nl# ARKHAM are an early 70's prog band that featured keyboard player Jean-Luc Manderlier who would later join MAGMA, drummer Daniel Denis who would also move on to MAGMA as well as UNIVERS ZERO, and drummer Patrick Cogneaux. #nl# ARKHAM aren't nearly as dark as MAGMA or UNIVERS ZERO, their jazzy overtones placing them a little closer to SOFT MACHINE. The three musicians, who show some maturity, are obviously pouring their hearts out throughout the album, which exudes an intensity that can't be ignored.\",\"breadcrumb\":{\"@id\":\"https:\/\/wpguerssen-test.odoo.rgbconsulting.com\/es\/producto\/arkham\/#breadcrumb\"},\"inLanguage\":\"es\",\"potentialAction\":[{\"@type\":\"ReadAction\",\"target\":[\"https:\/\/wpguerssen-test.odoo.rgbconsulting.com\/es\/producto\/arkham\/\"]}]},{\"@type\":\"ImageObject\",\"inLanguage\":\"es\",\"@id\":\"https:\/\/wpguerssen-test.odoo.rgbconsulting.com\/es\/producto\/arkham\/#primaryimage\",\"url\":\"https:\/\/wpguerssen-test.odoo.rgbconsulting.com\/wp-content\/uploads\/2022\/06\/39402.jpg\",\"contentUrl\":\"https:\/\/wpguerssen-test.odoo.rgbconsulting.com\/wp-content\/uploads\/2022\/06\/39402.jpg\",\"width\":413,\"height\":423},{\"@type\":\"BreadcrumbList\",\"@id\":\"https:\/\/wpguerssen-test.odoo.rgbconsulting.com\/es\/producto\/arkham\/#breadcrumb\",\"itemListElement\":[{\"@type\":\"ListItem\",\"position\":1,\"name\":\"Inicio\",\"item\":\"https:\/\/wpguerssen-test.odoo.rgbconsulting.com\/es\/\"},{\"@type\":\"ListItem\",\"position\":2,\"name\":\"Shop\",\"item\":\"https:\/\/wpguerssen-test.odoo.rgbconsulting.com\/shop\/\"},{\"@type\":\"ListItem\",\"position\":3,\"name\":\"Arkham\"}]},{\"@type\":\"WebSite\",\"@id\":\"https:\/\/wpguerssen-test.odoo.rgbconsulting.com\/es\/#website\",\"url\":\"https:\/\/wpguerssen-test.odoo.rgbconsulting.com\/es\/\",\"name\":\"Guerssen records\",\"description\":\"psychedelia - progressive - folk - garage \",\"publisher\":{\"@id\":\"https:\/\/wpguerssen-test.odoo.rgbconsulting.com\/es\/#organization\"},\"potentialAction\":[{\"@type\":\"SearchAction\",\"target\":{\"@type\":\"EntryPoint\",\"urlTemplate\":\"https:\/\/wpguerssen-test.odoo.rgbconsulting.com\/es\/?s={search_term_string}\"},\"query-input\":{\"@type\":\"PropertyValueSpecification\",\"valueRequired\":true,\"valueName\":\"search_term_string\"}}],\"inLanguage\":\"es\"},{\"@type\":\"Organization\",\"@id\":\"https:\/\/wpguerssen-test.odoo.rgbconsulting.com\/es\/#organization\",\"name\":\"Guerssen records\",\"url\":\"https:\/\/wpguerssen-test.odoo.rgbconsulting.com\/es\/\",\"logo\":{\"@type\":\"ImageObject\",\"inLanguage\":\"es\",\"@id\":\"https:\/\/wpguerssen-test.odoo.rgbconsulting.com\/es\/#\/schema\/logo\/image\/\",\"url\":\"https:\/\/wpguerssen-test.odoo.rgbconsulting.com\/wp-content\/uploads\/2022\/04\/Logo_Guerssen_trans_100.png\",\"contentUrl\":\"https:\/\/wpguerssen-test.odoo.rgbconsulting.com\/wp-content\/uploads\/2022\/04\/Logo_Guerssen_trans_100.png\",\"width\":122,\"height\":100,\"caption\":\"Guerssen records\"},\"image\":{\"@id\":\"https:\/\/wpguerssen-test.odoo.rgbconsulting.com\/es\/#\/schema\/logo\/image\/\"}}]}<\/script>\n<!-- \/ Yoast SEO plugin. -->","yoast_head_json":{"title":"ARKHAM - Arkham -  (LP) | Guerssen","description":"Historic Belgian prog-fusion outfit of the early 1970's.Arkhma played eclectic jazz and rock mixtures in the 'Canterbury' vein, inspired by Soft Machine and Egg.Never released before as LP vinyl, the recordings reproduced on this album come from magnetic tapes of some of Arkham's concerts and rehearsals, recorded at various times. #nl# ARKHAM are an early 70's prog band that featured keyboard player Jean-Luc Manderlier who would later join MAGMA, drummer Daniel Denis who would also move on to MAGMA as well as UNIVERS ZERO, and drummer Patrick Cogneaux. #nl# ARKHAM aren't nearly as dark as MAGMA or UNIVERS ZERO, their jazzy overtones placing them a little closer to SOFT MACHINE. The three musicians, who show some maturity, are obviously pouring their hearts out throughout the album, which exudes an intensity that can't be ignored.","robots":{"index":"index","follow":"follow","max-snippet":"max-snippet:-1","max-image-preview":"max-image-preview:large","max-video-preview":"max-video-preview:-1"},"canonical":"https:\/\/wpguerssen-test.odoo.rgbconsulting.com\/es\/producto\/arkham\/","og_locale":"es_ES","og_type":"article","og_title":"ARKHAM - Arkham -  (LP) | Guerssen","og_description":"Historic Belgian prog-fusion outfit of the early 1970's.Arkhma played eclectic jazz and rock mixtures in the 'Canterbury' vein, inspired by Soft Machine and Egg.Never released before as LP vinyl, the recordings reproduced on this album come from magnetic tapes of some of Arkham's concerts and rehearsals, recorded at various times. #nl# ARKHAM are an early 70's prog band that featured keyboard player Jean-Luc Manderlier who would later join MAGMA, drummer Daniel Denis who would also move on to MAGMA as well as UNIVERS ZERO, and drummer Patrick Cogneaux. #nl# ARKHAM aren't nearly as dark as MAGMA or UNIVERS ZERO, their jazzy overtones placing them a little closer to SOFT MACHINE. The three musicians, who show some maturity, are obviously pouring their hearts out throughout the album, which exudes an intensity that can't be ignored.","og_url":"https:\/\/wpguerssen-test.odoo.rgbconsulting.com\/es\/producto\/arkham\/","og_site_name":"Guerssen records","article_modified_time":"2025-02-17T15:33:40+00:00","og_image":[{"width":413,"height":423,"url":"https:\/\/wpguerssen-test.odoo.rgbconsulting.com\/wp-content\/uploads\/2022\/06\/39402.jpg","type":"image\/jpeg"}],"twitter_card":"summary_large_image","twitter_title":"ARKHAM - Arkham -  (LP) | Guerssen","schema":{"@context":"https:\/\/schema.org","@graph":[{"@type":"WebPage","@id":"https:\/\/wpguerssen-test.odoo.rgbconsulting.com\/es\/producto\/arkham\/","url":"https:\/\/wpguerssen-test.odoo.rgbconsulting.com\/es\/producto\/arkham\/","name":"ARKHAM - Arkham - (LP) | Guerssen","isPartOf":{"@id":"https:\/\/wpguerssen-test.odoo.rgbconsulting.com\/es\/#website"},"primaryImageOfPage":{"@id":"https:\/\/wpguerssen-test.odoo.rgbconsulting.com\/es\/producto\/arkham\/#primaryimage"},"image":{"@id":"https:\/\/wpguerssen-test.odoo.rgbconsulting.com\/es\/producto\/arkham\/#primaryimage"},"thumbnailUrl":"https:\/\/wpguerssen-test.odoo.rgbconsulting.com\/wp-content\/uploads\/2022\/06\/39402.jpg","datePublished":"2021-10-06T22:00:00+00:00","dateModified":"2025-02-17T15:33:40+00:00","description":"Historic Belgian prog-fusion outfit of the early 1970's.Arkhma played eclectic jazz and rock mixtures in the 'Canterbury' vein, inspired by Soft Machine and Egg.Never released before as LP vinyl, the recordings reproduced on this album come from magnetic tapes of some of Arkham's concerts and rehearsals, recorded at various times. #nl# ARKHAM are an early 70's prog band that featured keyboard player Jean-Luc Manderlier who would later join MAGMA, drummer Daniel Denis who would also move on to MAGMA as well as UNIVERS ZERO, and drummer Patrick Cogneaux. #nl# ARKHAM aren't nearly as dark as MAGMA or UNIVERS ZERO, their jazzy overtones placing them a little closer to SOFT MACHINE. The three musicians, who show some maturity, are obviously pouring their hearts out throughout the album, which exudes an intensity that can't be ignored.","breadcrumb":{"@id":"https:\/\/wpguerssen-test.odoo.rgbconsulting.com\/es\/producto\/arkham\/#breadcrumb"},"inLanguage":"es","potentialAction":[{"@type":"ReadAction","target":["https:\/\/wpguerssen-test.odoo.rgbconsulting.com\/es\/producto\/arkham\/"]}]},{"@type":"ImageObject","inLanguage":"es","@id":"https:\/\/wpguerssen-test.odoo.rgbconsulting.com\/es\/producto\/arkham\/#primaryimage","url":"https:\/\/wpguerssen-test.odoo.rgbconsulting.com\/wp-content\/uploads\/2022\/06\/39402.jpg","contentUrl":"https:\/\/wpguerssen-test.odoo.rgbconsulting.com\/wp-content\/uploads\/2022\/06\/39402.jpg","width":413,"height":423},{"@type":"BreadcrumbList","@id":"https:\/\/wpguerssen-test.odoo.rgbconsulting.com\/es\/producto\/arkham\/#breadcrumb","itemListElement":[{"@type":"ListItem","position":1,"name":"Inicio","item":"https:\/\/wpguerssen-test.odoo.rgbconsulting.com\/es\/"},{"@type":"ListItem","position":2,"name":"Shop","item":"https:\/\/wpguerssen-test.odoo.rgbconsulting.com\/shop\/"},{"@type":"ListItem","position":3,"name":"Arkham"}]},{"@type":"WebSite","@id":"https:\/\/wpguerssen-test.odoo.rgbconsulting.com\/es\/#website","url":"https:\/\/wpguerssen-test.odoo.rgbconsulting.com\/es\/","name":"Guerssen records","description":"psychedelia - progressive - folk - garage ","publisher":{"@id":"https:\/\/wpguerssen-test.odoo.rgbconsulting.com\/es\/#organization"},"potentialAction":[{"@type":"SearchAction","target":{"@type":"EntryPoint","urlTemplate":"https:\/\/wpguerssen-test.odoo.rgbconsulting.com\/es\/?s={search_term_string}"},"query-input":{"@type":"PropertyValueSpecification","valueRequired":true,"valueName":"search_term_string"}}],"inLanguage":"es"},{"@type":"Organization","@id":"https:\/\/wpguerssen-test.odoo.rgbconsulting.com\/es\/#organization","name":"Guerssen records","url":"https:\/\/wpguerssen-test.odoo.rgbconsulting.com\/es\/","logo":{"@type":"ImageObject","inLanguage":"es","@id":"https:\/\/wpguerssen-test.odoo.rgbconsulting.com\/es\/#\/schema\/logo\/image\/","url":"https:\/\/wpguerssen-test.odoo.rgbconsulting.com\/wp-content\/uploads\/2022\/04\/Logo_Guerssen_trans_100.png","contentUrl":"https:\/\/wpguerssen-test.odoo.rgbconsulting.com\/wp-content\/uploads\/2022\/04\/Logo_Guerssen_trans_100.png","width":122,"height":100,"caption":"Guerssen records"},"image":{"@id":"https:\/\/wpguerssen-test.odoo.rgbconsulting.com\/es\/#\/schema\/logo\/image\/"}}]}},"_links":{"self":[{"href":"https:\/\/wpguerssen-test.odoo.rgbconsulting.com\/es\/wp-json\/wp\/v2\/product\/211290","targetHints":{"allow":["GET"]}}],"collection":[{"href":"https:\/\/wpguerssen-test.odoo.rgbconsulting.com\/es\/wp-json\/wp\/v2\/product"}],"about":[{"href":"https:\/\/wpguerssen-test.odoo.rgbconsulting.com\/es\/wp-json\/wp\/v2\/types\/product"}],"wp:featuredmedia":[{"embeddable":true,"href":"https:\/\/wpguerssen-test.odoo.rgbconsulting.com\/es\/wp-json\/wp\/v2\/media\/213753"}],"wp:attachment":[{"href":"https:\/\/wpguerssen-test.odoo.rgbconsulting.com\/es\/wp-json\/wp\/v2\/media?parent=211290"}],"wp:term":[{"taxonomy":"product_brand","embeddable":true,"href":"https:\/\/wpguerssen-test.odoo.rgbconsulting.com\/es\/wp-json\/wp\/v2\/product_brand?post=211290"},{"taxonomy":"product_cat","embeddable":true,"href":"https:\/\/wpguerssen-test.odoo.rgbconsulting.com\/es\/wp-json\/wp\/v2\/product_cat?post=211290"},{"taxonomy":"product_tag","embeddable":true,"href":"https:\/\/wpguerssen-test.odoo.rgbconsulting.com\/es\/wp-json\/wp\/v2\/product_tag?post=211290"}],"curies":[{"name":"wp","href":"https:\/\/api.w.org\/{rel}","templated":true}]}}