{"id":211300,"date":"2022-03-24T00:00:00","date_gmt":"2022-03-23T23:00:00","guid":{"rendered":"http:\/\/guerssen.hl1097.dinaserver.com\/product\/tropi-clea-3\/"},"modified":"2024-02-21T11:28:59","modified_gmt":"2024-02-21T10:28:59","slug":"tropi-clea-3","status":"publish","type":"product","link":"https:\/\/wpguerssen-test.odoo.rgbconsulting.com\/es\/producto\/tropi-clea-3\/","title":{"rendered":"Tropi-Cl\u00e9a 3"},"content":{"rendered":"<p>Disco recuerdo de su gira por Centroam\u00e9rica, se inspira en la m\u00fasica latina, en el jazz que forma las ra\u00edces de Cl\u00e9a. Rodeada de sus m\u00fasicos en vivo que participaron esta vez con ella en la composici\u00f3n, nos sumerge en una exotismo a la francesa, en el legado de la Riviera francesa de los a\u00f1os sesenta, donde la admiraci\u00f3n de Cl\u00e9a por Nougaro, S\u00e9bastien Tellier, le Gotan Project, Baden Powell, Tito Puente y Gilberto Gil brillan. Como una burla a la cuarentena, Tropi-Cl\u00e9a 3 nos abre una puerta a una evasi\u00f3n festiva y salvadora.<\/p>\n","protected":false},"excerpt":{"rendered":"<p>Disco recuerdo de su gira por Centroam\u00e9rica, se inspira en la m\u00fasica latina, en el jazz que forma las ra\u00edces de Cl\u00e9a. Rodeada de sus m\u00fasicos en vivo que participaron<a class=\"read\" href=\"https:\/\/wpguerssen-test.odoo.rgbconsulting.com\/es\/producto\/tropi-clea-3\/\"> (...)<\/a>","protected":false},"featured_media":216537,"template":"","meta":{"_acf_changed":false},"product_brand":[],"product_cat":[23236,23234],"product_tag":[],"class_list":{"0":"post-211300","1":"product","2":"type-product","3":"status-publish","4":"has-post-thumbnail","6":"product_cat-power-pop-es","7":"product_cat-pop-rock-es","8":"pa_artist-vincent-clea","9":"pa_format-mlp-es","10":"pa_gender-pop-rock-power-pop","11":"pa_label-midnight-special-recordings","12":"pa_location-europe-es","13":"pa_other-filters-vinyl-only-es","15":"first","16":"instock","17":"taxable","18":"shipping-taxable","19":"purchasable","20":"product-type-simple"},"acf":[],"yoast_head":"<!-- This site is optimized with the Yoast SEO plugin v24.9 - https:\/\/yoast.com\/wordpress\/plugins\/seo\/ -->\n<title>VINCENT, Cl\u00e9a - Tropi-Cl\u00e9a 3 -  (MLP) | Guerssen<\/title>\n<meta name=\"description\" content=\"As early as her first album, Retiens mon d\u00e9sir (2016), Cl\u00e9a Vincent brought us her fresh new pop sound, and succeeded in speaking a universal language through her music - an achievement that she accomplished again in Nuits sans sommeil (2019). Tropi-Cl\u00e9a 3, which concludes the trilogy with a tropical excursion begun in 2017, represents a new - and bright - demonstration of this.A souvenir record from her tour in Central America, it draws its inspiration from latin music, from the jazz that makes up Cl\u00e9a&#039;s roots. Surrounded by her live musicians who participated this time with her in the songwriting, she plunges us into into an exotica \u00e0 la fran\u00e7aise, in the legacy of the French Riviera of the sixties, where Cl\u00e9a&#039;s admiration for Nougaro, S\u00e9bastien Tellier, le Gotan Project, Baden Powell, Tito Puente, and Gilberto Gil shines through. As though in mockery of the quarantine, Tropi-Cl\u00e9a 3 opens a door for us to a festive and salvational escape.\" \/>\n<meta name=\"robots\" content=\"index, follow, max-snippet:-1, max-image-preview:large, max-video-preview:-1\" \/>\n<link rel=\"canonical\" href=\"https:\/\/wpguerssen-test.odoo.rgbconsulting.com\/es\/producto\/tropi-clea-3\/\" \/>\n<meta property=\"og:locale\" content=\"es_ES\" \/>\n<meta property=\"og:type\" content=\"article\" \/>\n<meta property=\"og:title\" content=\"VINCENT, Cl\u00e9a - Tropi-Cl\u00e9a 3 -  (MLP) | Guerssen\" \/>\n<meta property=\"og:description\" content=\"As early as her first album, Retiens mon d\u00e9sir (2016), Cl\u00e9a Vincent brought us her fresh new pop sound, and succeeded in speaking a universal language through her music - an achievement that she accomplished again in Nuits sans sommeil (2019). Tropi-Cl\u00e9a 3, which concludes the trilogy with a tropical excursion begun in 2017, represents a new - and bright - demonstration of this.A souvenir record from her tour in Central America, it draws its inspiration from latin music, from the jazz that makes up Cl\u00e9a&#039;s roots. Surrounded by her live musicians who participated this time with her in the songwriting, she plunges us into into an exotica \u00e0 la fran\u00e7aise, in the legacy of the French Riviera of the sixties, where Cl\u00e9a&#039;s admiration for Nougaro, S\u00e9bastien Tellier, le Gotan Project, Baden Powell, Tito Puente, and Gilberto Gil shines through. As though in mockery of the quarantine, Tropi-Cl\u00e9a 3 opens a door for us to a festive and salvational escape.\" \/>\n<meta property=\"og:url\" content=\"https:\/\/wpguerssen-test.odoo.rgbconsulting.com\/es\/producto\/tropi-clea-3\/\" \/>\n<meta property=\"og:site_name\" content=\"Guerssen records\" \/>\n<meta property=\"article:modified_time\" content=\"2024-02-21T10:28:59+00:00\" \/>\n<meta property=\"og:image\" content=\"https:\/\/wpguerssen-test.odoo.rgbconsulting.com\/wp-content\/uploads\/2022\/08\/41114.jpg\" \/>\n\t<meta property=\"og:image:width\" content=\"301\" \/>\n\t<meta property=\"og:image:height\" content=\"301\" \/>\n\t<meta property=\"og:image:type\" content=\"image\/jpeg\" \/>\n<meta name=\"twitter:card\" content=\"summary_large_image\" \/>\n<meta name=\"twitter:title\" content=\"VINCENT, Cl\u00e9a - Tropi-Cl\u00e9a 3 -  (MLP) | Guerssen\" \/>\n<meta name=\"twitter:label1\" content=\"Tiempo de lectura\" \/>\n\t<meta name=\"twitter:data1\" content=\"1 minuto\" \/>\n<script type=\"application\/ld+json\" class=\"yoast-schema-graph\">{\"@context\":\"https:\/\/schema.org\",\"@graph\":[{\"@type\":\"WebPage\",\"@id\":\"https:\/\/wpguerssen-test.odoo.rgbconsulting.com\/es\/producto\/tropi-clea-3\/\",\"url\":\"https:\/\/wpguerssen-test.odoo.rgbconsulting.com\/es\/producto\/tropi-clea-3\/\",\"name\":\"VINCENT, Cl\u00e9a - Tropi-Cl\u00e9a 3 - (MLP) | Guerssen\",\"isPartOf\":{\"@id\":\"https:\/\/wpguerssen-test.odoo.rgbconsulting.com\/es\/#website\"},\"primaryImageOfPage\":{\"@id\":\"https:\/\/wpguerssen-test.odoo.rgbconsulting.com\/es\/producto\/tropi-clea-3\/#primaryimage\"},\"image\":{\"@id\":\"https:\/\/wpguerssen-test.odoo.rgbconsulting.com\/es\/producto\/tropi-clea-3\/#primaryimage\"},\"thumbnailUrl\":\"https:\/\/wpguerssen-test.odoo.rgbconsulting.com\/wp-content\/uploads\/2022\/08\/41114.jpg\",\"datePublished\":\"2022-03-23T23:00:00+00:00\",\"dateModified\":\"2024-02-21T10:28:59+00:00\",\"description\":\"As early as her first album, Retiens mon d\u00e9sir (2016), Cl\u00e9a Vincent brought us her fresh new pop sound, and succeeded in speaking a universal language through her music - an achievement that she accomplished again in Nuits sans sommeil (2019). Tropi-Cl\u00e9a 3, which concludes the trilogy with a tropical excursion begun in 2017, represents a new - and bright - demonstration of this.A souvenir record from her tour in Central America, it draws its inspiration from latin music, from the jazz that makes up Cl\u00e9a's roots. Surrounded by her live musicians who participated this time with her in the songwriting, she plunges us into into an exotica \u00e0 la fran\u00e7aise, in the legacy of the French Riviera of the sixties, where Cl\u00e9a's admiration for Nougaro, S\u00e9bastien Tellier, le Gotan Project, Baden Powell, Tito Puente, and Gilberto Gil shines through. As though in mockery of the quarantine, Tropi-Cl\u00e9a 3 opens a door for us to a festive and salvational escape.\",\"breadcrumb\":{\"@id\":\"https:\/\/wpguerssen-test.odoo.rgbconsulting.com\/es\/producto\/tropi-clea-3\/#breadcrumb\"},\"inLanguage\":\"es\",\"potentialAction\":[{\"@type\":\"ReadAction\",\"target\":[\"https:\/\/wpguerssen-test.odoo.rgbconsulting.com\/es\/producto\/tropi-clea-3\/\"]}]},{\"@type\":\"ImageObject\",\"inLanguage\":\"es\",\"@id\":\"https:\/\/wpguerssen-test.odoo.rgbconsulting.com\/es\/producto\/tropi-clea-3\/#primaryimage\",\"url\":\"https:\/\/wpguerssen-test.odoo.rgbconsulting.com\/wp-content\/uploads\/2022\/08\/41114.jpg\",\"contentUrl\":\"https:\/\/wpguerssen-test.odoo.rgbconsulting.com\/wp-content\/uploads\/2022\/08\/41114.jpg\",\"width\":301,\"height\":301,\"caption\":\"Cl\u00e9a - Tropi-Cl\u00e9a 3 - MIDNIGHT SPECIAL RECORDINGS (MLP) | Guerssen\"},{\"@type\":\"BreadcrumbList\",\"@id\":\"https:\/\/wpguerssen-test.odoo.rgbconsulting.com\/es\/producto\/tropi-clea-3\/#breadcrumb\",\"itemListElement\":[{\"@type\":\"ListItem\",\"position\":1,\"name\":\"Inicio\",\"item\":\"https:\/\/wpguerssen-test.odoo.rgbconsulting.com\/es\/\"},{\"@type\":\"ListItem\",\"position\":2,\"name\":\"Shop\",\"item\":\"https:\/\/wpguerssen-test.odoo.rgbconsulting.com\/shop\/\"},{\"@type\":\"ListItem\",\"position\":3,\"name\":\"Tropi-Cl\u00e9a 3\"}]},{\"@type\":\"WebSite\",\"@id\":\"https:\/\/wpguerssen-test.odoo.rgbconsulting.com\/es\/#website\",\"url\":\"https:\/\/wpguerssen-test.odoo.rgbconsulting.com\/es\/\",\"name\":\"Guerssen records\",\"description\":\"psychedelia - progressive - folk - garage \",\"publisher\":{\"@id\":\"https:\/\/wpguerssen-test.odoo.rgbconsulting.com\/es\/#organization\"},\"potentialAction\":[{\"@type\":\"SearchAction\",\"target\":{\"@type\":\"EntryPoint\",\"urlTemplate\":\"https:\/\/wpguerssen-test.odoo.rgbconsulting.com\/es\/?s={search_term_string}\"},\"query-input\":{\"@type\":\"PropertyValueSpecification\",\"valueRequired\":true,\"valueName\":\"search_term_string\"}}],\"inLanguage\":\"es\"},{\"@type\":\"Organization\",\"@id\":\"https:\/\/wpguerssen-test.odoo.rgbconsulting.com\/es\/#organization\",\"name\":\"Guerssen records\",\"url\":\"https:\/\/wpguerssen-test.odoo.rgbconsulting.com\/es\/\",\"logo\":{\"@type\":\"ImageObject\",\"inLanguage\":\"es\",\"@id\":\"https:\/\/wpguerssen-test.odoo.rgbconsulting.com\/es\/#\/schema\/logo\/image\/\",\"url\":\"https:\/\/wpguerssen-test.odoo.rgbconsulting.com\/wp-content\/uploads\/2022\/04\/Logo_Guerssen_trans_100.png\",\"contentUrl\":\"https:\/\/wpguerssen-test.odoo.rgbconsulting.com\/wp-content\/uploads\/2022\/04\/Logo_Guerssen_trans_100.png\",\"width\":122,\"height\":100,\"caption\":\"Guerssen records\"},\"image\":{\"@id\":\"https:\/\/wpguerssen-test.odoo.rgbconsulting.com\/es\/#\/schema\/logo\/image\/\"}}]}<\/script>\n<!-- \/ Yoast SEO plugin. -->","yoast_head_json":{"title":"VINCENT, Cl\u00e9a - Tropi-Cl\u00e9a 3 -  (MLP) | Guerssen","description":"As early as her first album, Retiens mon d\u00e9sir (2016), Cl\u00e9a Vincent brought us her fresh new pop sound, and succeeded in speaking a universal language through her music - an achievement that she accomplished again in Nuits sans sommeil (2019). Tropi-Cl\u00e9a 3, which concludes the trilogy with a tropical excursion begun in 2017, represents a new - and bright - demonstration of this.A souvenir record from her tour in Central America, it draws its inspiration from latin music, from the jazz that makes up Cl\u00e9a's roots. Surrounded by her live musicians who participated this time with her in the songwriting, she plunges us into into an exotica \u00e0 la fran\u00e7aise, in the legacy of the French Riviera of the sixties, where Cl\u00e9a's admiration for Nougaro, S\u00e9bastien Tellier, le Gotan Project, Baden Powell, Tito Puente, and Gilberto Gil shines through. As though in mockery of the quarantine, Tropi-Cl\u00e9a 3 opens a door for us to a festive and salvational escape.","robots":{"index":"index","follow":"follow","max-snippet":"max-snippet:-1","max-image-preview":"max-image-preview:large","max-video-preview":"max-video-preview:-1"},"canonical":"https:\/\/wpguerssen-test.odoo.rgbconsulting.com\/es\/producto\/tropi-clea-3\/","og_locale":"es_ES","og_type":"article","og_title":"VINCENT, Cl\u00e9a - Tropi-Cl\u00e9a 3 -  (MLP) | Guerssen","og_description":"As early as her first album, Retiens mon d\u00e9sir (2016), Cl\u00e9a Vincent brought us her fresh new pop sound, and succeeded in speaking a universal language through her music - an achievement that she accomplished again in Nuits sans sommeil (2019). Tropi-Cl\u00e9a 3, which concludes the trilogy with a tropical excursion begun in 2017, represents a new - and bright - demonstration of this.A souvenir record from her tour in Central America, it draws its inspiration from latin music, from the jazz that makes up Cl\u00e9a's roots. Surrounded by her live musicians who participated this time with her in the songwriting, she plunges us into into an exotica \u00e0 la fran\u00e7aise, in the legacy of the French Riviera of the sixties, where Cl\u00e9a's admiration for Nougaro, S\u00e9bastien Tellier, le Gotan Project, Baden Powell, Tito Puente, and Gilberto Gil shines through. As though in mockery of the quarantine, Tropi-Cl\u00e9a 3 opens a door for us to a festive and salvational escape.","og_url":"https:\/\/wpguerssen-test.odoo.rgbconsulting.com\/es\/producto\/tropi-clea-3\/","og_site_name":"Guerssen records","article_modified_time":"2024-02-21T10:28:59+00:00","og_image":[{"width":301,"height":301,"url":"https:\/\/wpguerssen-test.odoo.rgbconsulting.com\/wp-content\/uploads\/2022\/08\/41114.jpg","type":"image\/jpeg"}],"twitter_card":"summary_large_image","twitter_title":"VINCENT, Cl\u00e9a - Tropi-Cl\u00e9a 3 -  (MLP) | Guerssen","twitter_misc":{"Tiempo de lectura":"1 minuto"},"schema":{"@context":"https:\/\/schema.org","@graph":[{"@type":"WebPage","@id":"https:\/\/wpguerssen-test.odoo.rgbconsulting.com\/es\/producto\/tropi-clea-3\/","url":"https:\/\/wpguerssen-test.odoo.rgbconsulting.com\/es\/producto\/tropi-clea-3\/","name":"VINCENT, Cl\u00e9a - Tropi-Cl\u00e9a 3 - (MLP) | Guerssen","isPartOf":{"@id":"https:\/\/wpguerssen-test.odoo.rgbconsulting.com\/es\/#website"},"primaryImageOfPage":{"@id":"https:\/\/wpguerssen-test.odoo.rgbconsulting.com\/es\/producto\/tropi-clea-3\/#primaryimage"},"image":{"@id":"https:\/\/wpguerssen-test.odoo.rgbconsulting.com\/es\/producto\/tropi-clea-3\/#primaryimage"},"thumbnailUrl":"https:\/\/wpguerssen-test.odoo.rgbconsulting.com\/wp-content\/uploads\/2022\/08\/41114.jpg","datePublished":"2022-03-23T23:00:00+00:00","dateModified":"2024-02-21T10:28:59+00:00","description":"As early as her first album, Retiens mon d\u00e9sir (2016), Cl\u00e9a Vincent brought us her fresh new pop sound, and succeeded in speaking a universal language through her music - an achievement that she accomplished again in Nuits sans sommeil (2019). Tropi-Cl\u00e9a 3, which concludes the trilogy with a tropical excursion begun in 2017, represents a new - and bright - demonstration of this.A souvenir record from her tour in Central America, it draws its inspiration from latin music, from the jazz that makes up Cl\u00e9a's roots. Surrounded by her live musicians who participated this time with her in the songwriting, she plunges us into into an exotica \u00e0 la fran\u00e7aise, in the legacy of the French Riviera of the sixties, where Cl\u00e9a's admiration for Nougaro, S\u00e9bastien Tellier, le Gotan Project, Baden Powell, Tito Puente, and Gilberto Gil shines through. As though in mockery of the quarantine, Tropi-Cl\u00e9a 3 opens a door for us to a festive and salvational escape.","breadcrumb":{"@id":"https:\/\/wpguerssen-test.odoo.rgbconsulting.com\/es\/producto\/tropi-clea-3\/#breadcrumb"},"inLanguage":"es","potentialAction":[{"@type":"ReadAction","target":["https:\/\/wpguerssen-test.odoo.rgbconsulting.com\/es\/producto\/tropi-clea-3\/"]}]},{"@type":"ImageObject","inLanguage":"es","@id":"https:\/\/wpguerssen-test.odoo.rgbconsulting.com\/es\/producto\/tropi-clea-3\/#primaryimage","url":"https:\/\/wpguerssen-test.odoo.rgbconsulting.com\/wp-content\/uploads\/2022\/08\/41114.jpg","contentUrl":"https:\/\/wpguerssen-test.odoo.rgbconsulting.com\/wp-content\/uploads\/2022\/08\/41114.jpg","width":301,"height":301,"caption":"Cl\u00e9a - Tropi-Cl\u00e9a 3 - MIDNIGHT SPECIAL RECORDINGS (MLP) | Guerssen"},{"@type":"BreadcrumbList","@id":"https:\/\/wpguerssen-test.odoo.rgbconsulting.com\/es\/producto\/tropi-clea-3\/#breadcrumb","itemListElement":[{"@type":"ListItem","position":1,"name":"Inicio","item":"https:\/\/wpguerssen-test.odoo.rgbconsulting.com\/es\/"},{"@type":"ListItem","position":2,"name":"Shop","item":"https:\/\/wpguerssen-test.odoo.rgbconsulting.com\/shop\/"},{"@type":"ListItem","position":3,"name":"Tropi-Cl\u00e9a 3"}]},{"@type":"WebSite","@id":"https:\/\/wpguerssen-test.odoo.rgbconsulting.com\/es\/#website","url":"https:\/\/wpguerssen-test.odoo.rgbconsulting.com\/es\/","name":"Guerssen records","description":"psychedelia - progressive - folk - garage ","publisher":{"@id":"https:\/\/wpguerssen-test.odoo.rgbconsulting.com\/es\/#organization"},"potentialAction":[{"@type":"SearchAction","target":{"@type":"EntryPoint","urlTemplate":"https:\/\/wpguerssen-test.odoo.rgbconsulting.com\/es\/?s={search_term_string}"},"query-input":{"@type":"PropertyValueSpecification","valueRequired":true,"valueName":"search_term_string"}}],"inLanguage":"es"},{"@type":"Organization","@id":"https:\/\/wpguerssen-test.odoo.rgbconsulting.com\/es\/#organization","name":"Guerssen records","url":"https:\/\/wpguerssen-test.odoo.rgbconsulting.com\/es\/","logo":{"@type":"ImageObject","inLanguage":"es","@id":"https:\/\/wpguerssen-test.odoo.rgbconsulting.com\/es\/#\/schema\/logo\/image\/","url":"https:\/\/wpguerssen-test.odoo.rgbconsulting.com\/wp-content\/uploads\/2022\/04\/Logo_Guerssen_trans_100.png","contentUrl":"https:\/\/wpguerssen-test.odoo.rgbconsulting.com\/wp-content\/uploads\/2022\/04\/Logo_Guerssen_trans_100.png","width":122,"height":100,"caption":"Guerssen records"},"image":{"@id":"https:\/\/wpguerssen-test.odoo.rgbconsulting.com\/es\/#\/schema\/logo\/image\/"}}]}},"_links":{"self":[{"href":"https:\/\/wpguerssen-test.odoo.rgbconsulting.com\/es\/wp-json\/wp\/v2\/product\/211300","targetHints":{"allow":["GET"]}}],"collection":[{"href":"https:\/\/wpguerssen-test.odoo.rgbconsulting.com\/es\/wp-json\/wp\/v2\/product"}],"about":[{"href":"https:\/\/wpguerssen-test.odoo.rgbconsulting.com\/es\/wp-json\/wp\/v2\/types\/product"}],"wp:featuredmedia":[{"embeddable":true,"href":"https:\/\/wpguerssen-test.odoo.rgbconsulting.com\/es\/wp-json\/wp\/v2\/media\/216537"}],"wp:attachment":[{"href":"https:\/\/wpguerssen-test.odoo.rgbconsulting.com\/es\/wp-json\/wp\/v2\/media?parent=211300"}],"wp:term":[{"taxonomy":"product_brand","embeddable":true,"href":"https:\/\/wpguerssen-test.odoo.rgbconsulting.com\/es\/wp-json\/wp\/v2\/product_brand?post=211300"},{"taxonomy":"product_cat","embeddable":true,"href":"https:\/\/wpguerssen-test.odoo.rgbconsulting.com\/es\/wp-json\/wp\/v2\/product_cat?post=211300"},{"taxonomy":"product_tag","embeddable":true,"href":"https:\/\/wpguerssen-test.odoo.rgbconsulting.com\/es\/wp-json\/wp\/v2\/product_tag?post=211300"}],"curies":[{"name":"wp","href":"https:\/\/api.w.org\/{rel}","templated":true}]}}