{"id":211344,"date":"2025-02-04T00:00:00","date_gmt":"2025-02-03T23:00:00","guid":{"rendered":"http:\/\/guerssen.hl1097.dinaserver.com\/product\/hardcore-81\/"},"modified":"2025-04-11T13:17:36","modified_gmt":"2025-04-11T11:17:36","slug":"hardcore-81","status":"publish","type":"product","link":"https:\/\/wpguerssen-test.odoo.rgbconsulting.com\/es\/producto\/hardcore-81\/","title":{"rendered":"Hardcore &#8217;81"},"content":{"rendered":"<p>\u00a1Nueva Edici\u00f3n 40 Aniversario! Este es el \u00e1lbum que populariz\u00f3 y empuj\u00f3 el t\u00e9rmino \u00abhardcore\u00bb a la lengua vern\u00e1cula com\u00fan. Para el 40 aniversario de Hardcore &#8217;81, el segundo \u00e1lbum de D.O.A restaurado a su estado original. Viene con un extenso folleto de 12 p\u00e1ginas que presenta muchas fotos y flyers de la vieja escuela. Mira esa gran alineaci\u00f3n de Joey Shithead, Chuck Biscuits, Randy Rampage y Dave Gregg en acci\u00f3n&#8230; Canciones como \u00abD.O.A.\u00bb, \u00abSlumlord\u00bb y \u00abUnknown\u00bb arremeten contra el oyente, as\u00ed como las incre\u00edbles \u00abFucked Up Baby\u00bb y \u00abSmash The State\u00bb solo lanzan golpes justo en el est\u00f3mago. Este \u00e1lbum ha influenciado a tres generaciones de fans y artistas como Rancid, Henry Rollins, Jello Biafra, Red Hot Chilli Peppers, Green Day, NOFX y Sonic Youth. Todas las versiones cuentan con tres bonus tracks: \u00abDisco Sucks\u00bb (versi\u00f3n EP de 7 pulgadas de 1978), \u00abThe Prisoner\u00bb (versi\u00f3n individual de 7 pulgadas de 1978) y \u00abFucked Up Ronnie\u00bb (versi\u00f3n EP de 7 pulgadas de 1981).<\/p>\n","protected":false},"excerpt":{"rendered":"<p>\u00a1Nueva Edici\u00f3n 40 Aniversario! Este es el \u00e1lbum que populariz\u00f3 y empuj\u00f3 el t\u00e9rmino \u00abhardcore\u00bb a la lengua vern\u00e1cula com\u00fan. Para el 40 aniversario de Hardcore<a class=\"read\" href=\"https:\/\/wpguerssen-test.odoo.rgbconsulting.com\/es\/producto\/hardcore-81\/\"> (...)<\/a>","protected":false},"featured_media":211251,"template":"","meta":{"_acf_changed":false},"product_brand":[],"product_cat":[21650],"product_tag":[],"class_list":{"0":"post-211344","1":"product","2":"type-product","3":"status-publish","4":"has-post-thumbnail","6":"product_cat-punk-es","7":"pa_artist-d-o-a","8":"pa_format-lp-es","9":"pa_gender-punk","10":"pa_label-pasazer","11":"pa_location-north-america-es","12":"pa_other-filters-vinyl-only-es","14":"first","15":"instock","16":"taxable","17":"shipping-taxable","18":"purchasable","19":"product-type-simple"},"acf":[],"yoast_head":"<!-- This site is optimized with the Yoast SEO plugin v24.9 - https:\/\/yoast.com\/wordpress\/plugins\/seo\/ -->\n<title>D.O.A. - Hardcore &#039;81 -  (LP) | Guerssen<\/title>\n<meta name=\"description\" content=\"New 40th Anniversary Edition! This is it! The godfather of hardcore from DOA, Canada&#039;s legendary punk pioneers. This is the album that popularized and pushed the term &quot;hardcore&quot; into the common vernacular. For Hardcore &#039;81&#039;s 40th anniversary, a restored band&#039;s blistering second album to its original state. It comes with an extensive 12-page booklet that features lots of photos and old school flyers. See that great line up of Joey Shithead, Chuck Biscuits, Randy Rampage, and Dave Gregg in action...indeed the Men of Action. Tracks like &quot;D.O.A.,&quot; &quot;Slumlord&quot; and &quot;Unknown&quot; lash out at the listener, as well the incredible &quot;Fucked Up Baby&quot; and &quot;Smash The State&quot; just spear one right in the gut. This album has influenced three generations of fans and artists like Rancid, Henry Rollins, Jello Biafra, Red Hot Chilli Peppers, Green Day, NOFX and Sonic Youth. All versions feature three bonus tracks: &quot;Disco Sucks&quot; (1978 7-inch EP version), &quot;The Prisoner&quot; (1978 7-inch single version) and &quot;Fucked Up Ronnie&quot; (1981 7-inch EP version).\" \/>\n<meta name=\"robots\" content=\"index, follow, max-snippet:-1, max-image-preview:large, max-video-preview:-1\" \/>\n<link rel=\"canonical\" href=\"https:\/\/wpguerssen-test.odoo.rgbconsulting.com\/es\/producto\/hardcore-81\/\" \/>\n<meta property=\"og:locale\" content=\"es_ES\" \/>\n<meta property=\"og:type\" content=\"article\" \/>\n<meta property=\"og:title\" content=\"D.O.A. - Hardcore &#039;81 -  (LP) | Guerssen\" \/>\n<meta property=\"og:description\" content=\"New 40th Anniversary Edition! This is it! The godfather of hardcore from DOA, Canada&#039;s legendary punk pioneers. This is the album that popularized and pushed the term &quot;hardcore&quot; into the common vernacular. For Hardcore &#039;81&#039;s 40th anniversary, a restored band&#039;s blistering second album to its original state. It comes with an extensive 12-page booklet that features lots of photos and old school flyers. See that great line up of Joey Shithead, Chuck Biscuits, Randy Rampage, and Dave Gregg in action...indeed the Men of Action. Tracks like &quot;D.O.A.,&quot; &quot;Slumlord&quot; and &quot;Unknown&quot; lash out at the listener, as well the incredible &quot;Fucked Up Baby&quot; and &quot;Smash The State&quot; just spear one right in the gut. This album has influenced three generations of fans and artists like Rancid, Henry Rollins, Jello Biafra, Red Hot Chilli Peppers, Green Day, NOFX and Sonic Youth. All versions feature three bonus tracks: &quot;Disco Sucks&quot; (1978 7-inch EP version), &quot;The Prisoner&quot; (1978 7-inch single version) and &quot;Fucked Up Ronnie&quot; (1981 7-inch EP version).\" \/>\n<meta property=\"og:url\" content=\"https:\/\/wpguerssen-test.odoo.rgbconsulting.com\/es\/producto\/hardcore-81\/\" \/>\n<meta property=\"og:site_name\" content=\"Guerssen records\" \/>\n<meta property=\"article:modified_time\" content=\"2025-04-11T11:17:36+00:00\" \/>\n<meta property=\"og:image\" content=\"https:\/\/wpguerssen-test.odoo.rgbconsulting.com\/wp-content\/uploads\/2022\/06\/41159.jpg\" \/>\n\t<meta property=\"og:image:width\" content=\"302\" \/>\n\t<meta property=\"og:image:height\" content=\"302\" \/>\n\t<meta property=\"og:image:type\" content=\"image\/jpeg\" \/>\n<meta name=\"twitter:card\" content=\"summary_large_image\" \/>\n<meta name=\"twitter:title\" content=\"D.O.A. - Hardcore &#039;81 -  (LP) | Guerssen\" \/>\n<meta name=\"twitter:label1\" content=\"Tiempo de lectura\" \/>\n\t<meta name=\"twitter:data1\" content=\"1 minuto\" \/>\n<script type=\"application\/ld+json\" class=\"yoast-schema-graph\">{\"@context\":\"https:\/\/schema.org\",\"@graph\":[{\"@type\":\"WebPage\",\"@id\":\"https:\/\/wpguerssen-test.odoo.rgbconsulting.com\/es\/producto\/hardcore-81\/\",\"url\":\"https:\/\/wpguerssen-test.odoo.rgbconsulting.com\/es\/producto\/hardcore-81\/\",\"name\":\"D.O.A. - Hardcore '81 - (LP) | Guerssen\",\"isPartOf\":{\"@id\":\"https:\/\/wpguerssen-test.odoo.rgbconsulting.com\/es\/#website\"},\"primaryImageOfPage\":{\"@id\":\"https:\/\/wpguerssen-test.odoo.rgbconsulting.com\/es\/producto\/hardcore-81\/#primaryimage\"},\"image\":{\"@id\":\"https:\/\/wpguerssen-test.odoo.rgbconsulting.com\/es\/producto\/hardcore-81\/#primaryimage\"},\"thumbnailUrl\":\"https:\/\/wpguerssen-test.odoo.rgbconsulting.com\/wp-content\/uploads\/2022\/06\/41159.jpg\",\"datePublished\":\"2025-02-03T23:00:00+00:00\",\"dateModified\":\"2025-04-11T11:17:36+00:00\",\"description\":\"New 40th Anniversary Edition! This is it! The godfather of hardcore from DOA, Canada's legendary punk pioneers. This is the album that popularized and pushed the term \\\"hardcore\\\" into the common vernacular. For Hardcore '81's 40th anniversary, a restored band's blistering second album to its original state. It comes with an extensive 12-page booklet that features lots of photos and old school flyers. See that great line up of Joey Shithead, Chuck Biscuits, Randy Rampage, and Dave Gregg in action...indeed the Men of Action. Tracks like \\\"D.O.A.,\\\" \\\"Slumlord\\\" and \\\"Unknown\\\" lash out at the listener, as well the incredible \\\"Fucked Up Baby\\\" and \\\"Smash The State\\\" just spear one right in the gut. This album has influenced three generations of fans and artists like Rancid, Henry Rollins, Jello Biafra, Red Hot Chilli Peppers, Green Day, NOFX and Sonic Youth. All versions feature three bonus tracks: \\\"Disco Sucks\\\" (1978 7-inch EP version), \\\"The Prisoner\\\" (1978 7-inch single version) and \\\"Fucked Up Ronnie\\\" (1981 7-inch EP version).\",\"breadcrumb\":{\"@id\":\"https:\/\/wpguerssen-test.odoo.rgbconsulting.com\/es\/producto\/hardcore-81\/#breadcrumb\"},\"inLanguage\":\"es\",\"potentialAction\":[{\"@type\":\"ReadAction\",\"target\":[\"https:\/\/wpguerssen-test.odoo.rgbconsulting.com\/es\/producto\/hardcore-81\/\"]}]},{\"@type\":\"ImageObject\",\"inLanguage\":\"es\",\"@id\":\"https:\/\/wpguerssen-test.odoo.rgbconsulting.com\/es\/producto\/hardcore-81\/#primaryimage\",\"url\":\"https:\/\/wpguerssen-test.odoo.rgbconsulting.com\/wp-content\/uploads\/2022\/06\/41159.jpg\",\"contentUrl\":\"https:\/\/wpguerssen-test.odoo.rgbconsulting.com\/wp-content\/uploads\/2022\/06\/41159.jpg\",\"width\":302,\"height\":302,\"caption\":\"D.O.A. - Hardcore '81 - PASAZER (LP) | Guerssen\"},{\"@type\":\"BreadcrumbList\",\"@id\":\"https:\/\/wpguerssen-test.odoo.rgbconsulting.com\/es\/producto\/hardcore-81\/#breadcrumb\",\"itemListElement\":[{\"@type\":\"ListItem\",\"position\":1,\"name\":\"Inicio\",\"item\":\"https:\/\/wpguerssen-test.odoo.rgbconsulting.com\/es\/\"},{\"@type\":\"ListItem\",\"position\":2,\"name\":\"Shop\",\"item\":\"https:\/\/wpguerssen-test.odoo.rgbconsulting.com\/shop\/\"},{\"@type\":\"ListItem\",\"position\":3,\"name\":\"Hardcore &#8217;81\"}]},{\"@type\":\"WebSite\",\"@id\":\"https:\/\/wpguerssen-test.odoo.rgbconsulting.com\/es\/#website\",\"url\":\"https:\/\/wpguerssen-test.odoo.rgbconsulting.com\/es\/\",\"name\":\"Guerssen records\",\"description\":\"psychedelia - progressive - folk - garage \",\"publisher\":{\"@id\":\"https:\/\/wpguerssen-test.odoo.rgbconsulting.com\/es\/#organization\"},\"potentialAction\":[{\"@type\":\"SearchAction\",\"target\":{\"@type\":\"EntryPoint\",\"urlTemplate\":\"https:\/\/wpguerssen-test.odoo.rgbconsulting.com\/es\/?s={search_term_string}\"},\"query-input\":{\"@type\":\"PropertyValueSpecification\",\"valueRequired\":true,\"valueName\":\"search_term_string\"}}],\"inLanguage\":\"es\"},{\"@type\":\"Organization\",\"@id\":\"https:\/\/wpguerssen-test.odoo.rgbconsulting.com\/es\/#organization\",\"name\":\"Guerssen records\",\"url\":\"https:\/\/wpguerssen-test.odoo.rgbconsulting.com\/es\/\",\"logo\":{\"@type\":\"ImageObject\",\"inLanguage\":\"es\",\"@id\":\"https:\/\/wpguerssen-test.odoo.rgbconsulting.com\/es\/#\/schema\/logo\/image\/\",\"url\":\"https:\/\/wpguerssen-test.odoo.rgbconsulting.com\/wp-content\/uploads\/2022\/04\/Logo_Guerssen_trans_100.png\",\"contentUrl\":\"https:\/\/wpguerssen-test.odoo.rgbconsulting.com\/wp-content\/uploads\/2022\/04\/Logo_Guerssen_trans_100.png\",\"width\":122,\"height\":100,\"caption\":\"Guerssen records\"},\"image\":{\"@id\":\"https:\/\/wpguerssen-test.odoo.rgbconsulting.com\/es\/#\/schema\/logo\/image\/\"}}]}<\/script>\n<!-- \/ Yoast SEO plugin. -->","yoast_head_json":{"title":"D.O.A. - Hardcore '81 -  (LP) | Guerssen","description":"New 40th Anniversary Edition! This is it! The godfather of hardcore from DOA, Canada's legendary punk pioneers. This is the album that popularized and pushed the term \"hardcore\" into the common vernacular. For Hardcore '81's 40th anniversary, a restored band's blistering second album to its original state. It comes with an extensive 12-page booklet that features lots of photos and old school flyers. See that great line up of Joey Shithead, Chuck Biscuits, Randy Rampage, and Dave Gregg in action...indeed the Men of Action. Tracks like \"D.O.A.,\" \"Slumlord\" and \"Unknown\" lash out at the listener, as well the incredible \"Fucked Up Baby\" and \"Smash The State\" just spear one right in the gut. This album has influenced three generations of fans and artists like Rancid, Henry Rollins, Jello Biafra, Red Hot Chilli Peppers, Green Day, NOFX and Sonic Youth. All versions feature three bonus tracks: \"Disco Sucks\" (1978 7-inch EP version), \"The Prisoner\" (1978 7-inch single version) and \"Fucked Up Ronnie\" (1981 7-inch EP version).","robots":{"index":"index","follow":"follow","max-snippet":"max-snippet:-1","max-image-preview":"max-image-preview:large","max-video-preview":"max-video-preview:-1"},"canonical":"https:\/\/wpguerssen-test.odoo.rgbconsulting.com\/es\/producto\/hardcore-81\/","og_locale":"es_ES","og_type":"article","og_title":"D.O.A. - Hardcore '81 -  (LP) | Guerssen","og_description":"New 40th Anniversary Edition! This is it! The godfather of hardcore from DOA, Canada's legendary punk pioneers. This is the album that popularized and pushed the term \"hardcore\" into the common vernacular. For Hardcore '81's 40th anniversary, a restored band's blistering second album to its original state. It comes with an extensive 12-page booklet that features lots of photos and old school flyers. See that great line up of Joey Shithead, Chuck Biscuits, Randy Rampage, and Dave Gregg in action...indeed the Men of Action. Tracks like \"D.O.A.,\" \"Slumlord\" and \"Unknown\" lash out at the listener, as well the incredible \"Fucked Up Baby\" and \"Smash The State\" just spear one right in the gut. This album has influenced three generations of fans and artists like Rancid, Henry Rollins, Jello Biafra, Red Hot Chilli Peppers, Green Day, NOFX and Sonic Youth. All versions feature three bonus tracks: \"Disco Sucks\" (1978 7-inch EP version), \"The Prisoner\" (1978 7-inch single version) and \"Fucked Up Ronnie\" (1981 7-inch EP version).","og_url":"https:\/\/wpguerssen-test.odoo.rgbconsulting.com\/es\/producto\/hardcore-81\/","og_site_name":"Guerssen records","article_modified_time":"2025-04-11T11:17:36+00:00","og_image":[{"width":302,"height":302,"url":"https:\/\/wpguerssen-test.odoo.rgbconsulting.com\/wp-content\/uploads\/2022\/06\/41159.jpg","type":"image\/jpeg"}],"twitter_card":"summary_large_image","twitter_title":"D.O.A. - Hardcore '81 -  (LP) | Guerssen","twitter_misc":{"Tiempo de lectura":"1 minuto"},"schema":{"@context":"https:\/\/schema.org","@graph":[{"@type":"WebPage","@id":"https:\/\/wpguerssen-test.odoo.rgbconsulting.com\/es\/producto\/hardcore-81\/","url":"https:\/\/wpguerssen-test.odoo.rgbconsulting.com\/es\/producto\/hardcore-81\/","name":"D.O.A. - Hardcore '81 - (LP) | Guerssen","isPartOf":{"@id":"https:\/\/wpguerssen-test.odoo.rgbconsulting.com\/es\/#website"},"primaryImageOfPage":{"@id":"https:\/\/wpguerssen-test.odoo.rgbconsulting.com\/es\/producto\/hardcore-81\/#primaryimage"},"image":{"@id":"https:\/\/wpguerssen-test.odoo.rgbconsulting.com\/es\/producto\/hardcore-81\/#primaryimage"},"thumbnailUrl":"https:\/\/wpguerssen-test.odoo.rgbconsulting.com\/wp-content\/uploads\/2022\/06\/41159.jpg","datePublished":"2025-02-03T23:00:00+00:00","dateModified":"2025-04-11T11:17:36+00:00","description":"New 40th Anniversary Edition! This is it! The godfather of hardcore from DOA, Canada's legendary punk pioneers. This is the album that popularized and pushed the term \"hardcore\" into the common vernacular. For Hardcore '81's 40th anniversary, a restored band's blistering second album to its original state. It comes with an extensive 12-page booklet that features lots of photos and old school flyers. See that great line up of Joey Shithead, Chuck Biscuits, Randy Rampage, and Dave Gregg in action...indeed the Men of Action. Tracks like \"D.O.A.,\" \"Slumlord\" and \"Unknown\" lash out at the listener, as well the incredible \"Fucked Up Baby\" and \"Smash The State\" just spear one right in the gut. This album has influenced three generations of fans and artists like Rancid, Henry Rollins, Jello Biafra, Red Hot Chilli Peppers, Green Day, NOFX and Sonic Youth. All versions feature three bonus tracks: \"Disco Sucks\" (1978 7-inch EP version), \"The Prisoner\" (1978 7-inch single version) and \"Fucked Up Ronnie\" (1981 7-inch EP version).","breadcrumb":{"@id":"https:\/\/wpguerssen-test.odoo.rgbconsulting.com\/es\/producto\/hardcore-81\/#breadcrumb"},"inLanguage":"es","potentialAction":[{"@type":"ReadAction","target":["https:\/\/wpguerssen-test.odoo.rgbconsulting.com\/es\/producto\/hardcore-81\/"]}]},{"@type":"ImageObject","inLanguage":"es","@id":"https:\/\/wpguerssen-test.odoo.rgbconsulting.com\/es\/producto\/hardcore-81\/#primaryimage","url":"https:\/\/wpguerssen-test.odoo.rgbconsulting.com\/wp-content\/uploads\/2022\/06\/41159.jpg","contentUrl":"https:\/\/wpguerssen-test.odoo.rgbconsulting.com\/wp-content\/uploads\/2022\/06\/41159.jpg","width":302,"height":302,"caption":"D.O.A. - Hardcore '81 - PASAZER (LP) | Guerssen"},{"@type":"BreadcrumbList","@id":"https:\/\/wpguerssen-test.odoo.rgbconsulting.com\/es\/producto\/hardcore-81\/#breadcrumb","itemListElement":[{"@type":"ListItem","position":1,"name":"Inicio","item":"https:\/\/wpguerssen-test.odoo.rgbconsulting.com\/es\/"},{"@type":"ListItem","position":2,"name":"Shop","item":"https:\/\/wpguerssen-test.odoo.rgbconsulting.com\/shop\/"},{"@type":"ListItem","position":3,"name":"Hardcore &#8217;81"}]},{"@type":"WebSite","@id":"https:\/\/wpguerssen-test.odoo.rgbconsulting.com\/es\/#website","url":"https:\/\/wpguerssen-test.odoo.rgbconsulting.com\/es\/","name":"Guerssen records","description":"psychedelia - progressive - folk - garage ","publisher":{"@id":"https:\/\/wpguerssen-test.odoo.rgbconsulting.com\/es\/#organization"},"potentialAction":[{"@type":"SearchAction","target":{"@type":"EntryPoint","urlTemplate":"https:\/\/wpguerssen-test.odoo.rgbconsulting.com\/es\/?s={search_term_string}"},"query-input":{"@type":"PropertyValueSpecification","valueRequired":true,"valueName":"search_term_string"}}],"inLanguage":"es"},{"@type":"Organization","@id":"https:\/\/wpguerssen-test.odoo.rgbconsulting.com\/es\/#organization","name":"Guerssen records","url":"https:\/\/wpguerssen-test.odoo.rgbconsulting.com\/es\/","logo":{"@type":"ImageObject","inLanguage":"es","@id":"https:\/\/wpguerssen-test.odoo.rgbconsulting.com\/es\/#\/schema\/logo\/image\/","url":"https:\/\/wpguerssen-test.odoo.rgbconsulting.com\/wp-content\/uploads\/2022\/04\/Logo_Guerssen_trans_100.png","contentUrl":"https:\/\/wpguerssen-test.odoo.rgbconsulting.com\/wp-content\/uploads\/2022\/04\/Logo_Guerssen_trans_100.png","width":122,"height":100,"caption":"Guerssen records"},"image":{"@id":"https:\/\/wpguerssen-test.odoo.rgbconsulting.com\/es\/#\/schema\/logo\/image\/"}}]}},"_links":{"self":[{"href":"https:\/\/wpguerssen-test.odoo.rgbconsulting.com\/es\/wp-json\/wp\/v2\/product\/211344","targetHints":{"allow":["GET"]}}],"collection":[{"href":"https:\/\/wpguerssen-test.odoo.rgbconsulting.com\/es\/wp-json\/wp\/v2\/product"}],"about":[{"href":"https:\/\/wpguerssen-test.odoo.rgbconsulting.com\/es\/wp-json\/wp\/v2\/types\/product"}],"wp:featuredmedia":[{"embeddable":true,"href":"https:\/\/wpguerssen-test.odoo.rgbconsulting.com\/es\/wp-json\/wp\/v2\/media\/211251"}],"wp:attachment":[{"href":"https:\/\/wpguerssen-test.odoo.rgbconsulting.com\/es\/wp-json\/wp\/v2\/media?parent=211344"}],"wp:term":[{"taxonomy":"product_brand","embeddable":true,"href":"https:\/\/wpguerssen-test.odoo.rgbconsulting.com\/es\/wp-json\/wp\/v2\/product_brand?post=211344"},{"taxonomy":"product_cat","embeddable":true,"href":"https:\/\/wpguerssen-test.odoo.rgbconsulting.com\/es\/wp-json\/wp\/v2\/product_cat?post=211344"},{"taxonomy":"product_tag","embeddable":true,"href":"https:\/\/wpguerssen-test.odoo.rgbconsulting.com\/es\/wp-json\/wp\/v2\/product_tag?post=211344"}],"curies":[{"name":"wp","href":"https:\/\/api.w.org\/{rel}","templated":true}]}}