{"id":211347,"date":"2021-08-24T00:00:00","date_gmt":"2021-08-23T22:00:00","guid":{"rendered":"http:\/\/guerssen.hl1097.dinaserver.com\/product\/under-the-burning-sun-2\/"},"modified":"2025-04-29T13:32:17","modified_gmt":"2025-04-29T11:32:17","slug":"under-the-burning-sun","status":"publish","type":"product","link":"https:\/\/wpguerssen-test.odoo.rgbconsulting.com\/es\/producto\/under-the-burning-sun\/","title":{"rendered":"Under the burning sun"},"content":{"rendered":"<p>Grabado a finales de los 70 en Ontario, justo antes de la obra maestra del synth-punk de su alter ego, Drama, este es un guiso embriagador de hipn\u00f3tica pompa progresiva psicod\u00e9lica, junto con percusiones contundentes y letras m\u00edsticas y m\u00e1gicas. Cada canci\u00f3n crece a medida que avanza, alcanzando un cl\u00edmax fren\u00e9tico, atray\u00e9ndote al mismo lugar fuera del tiempo en el que naci\u00f3. Incre\u00edblemente raro, esta es una edici\u00f3n remasterizada hecha con todo cuidado.<\/p>\n","protected":false},"excerpt":{"rendered":"<p>Grabado a finales de los 70 en Ontario, justo antes de la obra maestra del synth-punk de su alter ego, Drama, este es un guiso embriagador de hipn\u00f3tica pompa progresiva<a class=\"read\" href=\"https:\/\/wpguerssen-test.odoo.rgbconsulting.com\/es\/producto\/under-the-burning-sun\/\"> (...)<\/a>","protected":false},"featured_media":211260,"template":"","meta":{"_acf_changed":false},"product_brand":[],"product_cat":[24508,23215],"product_tag":[],"class_list":{"0":"post-211347","1":"product","2":"type-product","3":"status-publish","4":"has-post-thumbnail","6":"product_cat-uncategorized","7":"product_cat-progressive60s-70s-es","8":"pa_artist-viith-temple-es","9":"pa_format-lp-es","10":"pa_gender-progressive60s-70s","11":"pa_label-federal-green-records","12":"pa_location-north-america-es","13":"pa_other-filters-vinyl-only-es","15":"first","16":"instock","17":"taxable","18":"shipping-taxable","19":"purchasable","20":"product-type-simple"},"acf":[],"yoast_head":"<!-- This site is optimized with the Yoast SEO plugin v24.9 - https:\/\/yoast.com\/wordpress\/plugins\/seo\/ -->\n<title>VIIth Temple - Under the burning sun -  (LP) | Guerssen<\/title>\n<meta name=\"description\" content=\"Recorded in late &#039;70s Ontario, just prior to the synth-punk masterpiece by their alter-ego, Drama, this is a heady stew of hypnotic psych prog pomp, coupled with bashing drums and mystical and magickal lyrics. Each song swells as it progresses, reaching a frenzied climax, drawing you into the same place out of time this was birthed in. Incredibly rare in its original state, this is a lovingly remastered improvement on the impossibly expensive original.\" \/>\n<meta name=\"robots\" content=\"index, follow, max-snippet:-1, max-image-preview:large, max-video-preview:-1\" \/>\n<link rel=\"canonical\" href=\"https:\/\/wpguerssen-test.odoo.rgbconsulting.com\/es\/producto\/under-the-burning-sun\/\" \/>\n<meta property=\"og:locale\" content=\"es_ES\" \/>\n<meta property=\"og:type\" content=\"article\" \/>\n<meta property=\"og:title\" content=\"VIIth Temple - Under the burning sun -  (LP) | Guerssen\" \/>\n<meta property=\"og:description\" content=\"Recorded in late &#039;70s Ontario, just prior to the synth-punk masterpiece by their alter-ego, Drama, this is a heady stew of hypnotic psych prog pomp, coupled with bashing drums and mystical and magickal lyrics. Each song swells as it progresses, reaching a frenzied climax, drawing you into the same place out of time this was birthed in. Incredibly rare in its original state, this is a lovingly remastered improvement on the impossibly expensive original.\" \/>\n<meta property=\"og:url\" content=\"https:\/\/wpguerssen-test.odoo.rgbconsulting.com\/es\/producto\/under-the-burning-sun\/\" \/>\n<meta property=\"og:site_name\" content=\"Guerssen records\" \/>\n<meta property=\"article:modified_time\" content=\"2025-04-29T11:32:17+00:00\" \/>\n<meta property=\"og:image\" content=\"https:\/\/wpguerssen-test.odoo.rgbconsulting.com\/wp-content\/uploads\/2022\/06\/41162.jpg\" \/>\n\t<meta property=\"og:image:width\" content=\"302\" \/>\n\t<meta property=\"og:image:height\" content=\"309\" \/>\n\t<meta property=\"og:image:type\" content=\"image\/jpeg\" \/>\n<meta name=\"twitter:card\" content=\"summary_large_image\" \/>\n<meta name=\"twitter:title\" content=\"VIIth Temple - Under the burning sun -  (LP) | Guerssen\" \/>\n<script type=\"application\/ld+json\" class=\"yoast-schema-graph\">{\"@context\":\"https:\/\/schema.org\",\"@graph\":[{\"@type\":\"WebPage\",\"@id\":\"https:\/\/wpguerssen-test.odoo.rgbconsulting.com\/es\/producto\/under-the-burning-sun\/\",\"url\":\"https:\/\/wpguerssen-test.odoo.rgbconsulting.com\/es\/producto\/under-the-burning-sun\/\",\"name\":\"VIIth Temple - Under the burning sun - (LP) | Guerssen\",\"isPartOf\":{\"@id\":\"https:\/\/wpguerssen-test.odoo.rgbconsulting.com\/es\/#website\"},\"primaryImageOfPage\":{\"@id\":\"https:\/\/wpguerssen-test.odoo.rgbconsulting.com\/es\/producto\/under-the-burning-sun\/#primaryimage\"},\"image\":{\"@id\":\"https:\/\/wpguerssen-test.odoo.rgbconsulting.com\/es\/producto\/under-the-burning-sun\/#primaryimage\"},\"thumbnailUrl\":\"https:\/\/wpguerssen-test.odoo.rgbconsulting.com\/wp-content\/uploads\/2022\/06\/41162.jpg\",\"datePublished\":\"2021-08-23T22:00:00+00:00\",\"dateModified\":\"2025-04-29T11:32:17+00:00\",\"description\":\"Recorded in late '70s Ontario, just prior to the synth-punk masterpiece by their alter-ego, Drama, this is a heady stew of hypnotic psych prog pomp, coupled with bashing drums and mystical and magickal lyrics. Each song swells as it progresses, reaching a frenzied climax, drawing you into the same place out of time this was birthed in. Incredibly rare in its original state, this is a lovingly remastered improvement on the impossibly expensive original.\",\"breadcrumb\":{\"@id\":\"https:\/\/wpguerssen-test.odoo.rgbconsulting.com\/es\/producto\/under-the-burning-sun\/#breadcrumb\"},\"inLanguage\":\"es\",\"potentialAction\":[{\"@type\":\"ReadAction\",\"target\":[\"https:\/\/wpguerssen-test.odoo.rgbconsulting.com\/es\/producto\/under-the-burning-sun\/\"]}]},{\"@type\":\"ImageObject\",\"inLanguage\":\"es\",\"@id\":\"https:\/\/wpguerssen-test.odoo.rgbconsulting.com\/es\/producto\/under-the-burning-sun\/#primaryimage\",\"url\":\"https:\/\/wpguerssen-test.odoo.rgbconsulting.com\/wp-content\/uploads\/2022\/06\/41162.jpg\",\"contentUrl\":\"https:\/\/wpguerssen-test.odoo.rgbconsulting.com\/wp-content\/uploads\/2022\/06\/41162.jpg\",\"width\":302,\"height\":309,\"caption\":\"VIIth Temple - Under the burning sun - FEDERAL GREEN RECORDS (LP) | Guerssen\"},{\"@type\":\"BreadcrumbList\",\"@id\":\"https:\/\/wpguerssen-test.odoo.rgbconsulting.com\/es\/producto\/under-the-burning-sun\/#breadcrumb\",\"itemListElement\":[{\"@type\":\"ListItem\",\"position\":1,\"name\":\"Inicio\",\"item\":\"https:\/\/wpguerssen-test.odoo.rgbconsulting.com\/es\/\"},{\"@type\":\"ListItem\",\"position\":2,\"name\":\"Shop\",\"item\":\"https:\/\/wpguerssen-test.odoo.rgbconsulting.com\/shop\/\"},{\"@type\":\"ListItem\",\"position\":3,\"name\":\"Under the burning sun\"}]},{\"@type\":\"WebSite\",\"@id\":\"https:\/\/wpguerssen-test.odoo.rgbconsulting.com\/es\/#website\",\"url\":\"https:\/\/wpguerssen-test.odoo.rgbconsulting.com\/es\/\",\"name\":\"Guerssen records\",\"description\":\"psychedelia - progressive - folk - garage \",\"publisher\":{\"@id\":\"https:\/\/wpguerssen-test.odoo.rgbconsulting.com\/es\/#organization\"},\"potentialAction\":[{\"@type\":\"SearchAction\",\"target\":{\"@type\":\"EntryPoint\",\"urlTemplate\":\"https:\/\/wpguerssen-test.odoo.rgbconsulting.com\/es\/?s={search_term_string}\"},\"query-input\":{\"@type\":\"PropertyValueSpecification\",\"valueRequired\":true,\"valueName\":\"search_term_string\"}}],\"inLanguage\":\"es\"},{\"@type\":\"Organization\",\"@id\":\"https:\/\/wpguerssen-test.odoo.rgbconsulting.com\/es\/#organization\",\"name\":\"Guerssen records\",\"url\":\"https:\/\/wpguerssen-test.odoo.rgbconsulting.com\/es\/\",\"logo\":{\"@type\":\"ImageObject\",\"inLanguage\":\"es\",\"@id\":\"https:\/\/wpguerssen-test.odoo.rgbconsulting.com\/es\/#\/schema\/logo\/image\/\",\"url\":\"https:\/\/wpguerssen-test.odoo.rgbconsulting.com\/wp-content\/uploads\/2022\/04\/Logo_Guerssen_trans_100.png\",\"contentUrl\":\"https:\/\/wpguerssen-test.odoo.rgbconsulting.com\/wp-content\/uploads\/2022\/04\/Logo_Guerssen_trans_100.png\",\"width\":122,\"height\":100,\"caption\":\"Guerssen records\"},\"image\":{\"@id\":\"https:\/\/wpguerssen-test.odoo.rgbconsulting.com\/es\/#\/schema\/logo\/image\/\"}}]}<\/script>\n<!-- \/ Yoast SEO plugin. -->","yoast_head_json":{"title":"VIIth Temple - Under the burning sun -  (LP) | Guerssen","description":"Recorded in late '70s Ontario, just prior to the synth-punk masterpiece by their alter-ego, Drama, this is a heady stew of hypnotic psych prog pomp, coupled with bashing drums and mystical and magickal lyrics. Each song swells as it progresses, reaching a frenzied climax, drawing you into the same place out of time this was birthed in. Incredibly rare in its original state, this is a lovingly remastered improvement on the impossibly expensive original.","robots":{"index":"index","follow":"follow","max-snippet":"max-snippet:-1","max-image-preview":"max-image-preview:large","max-video-preview":"max-video-preview:-1"},"canonical":"https:\/\/wpguerssen-test.odoo.rgbconsulting.com\/es\/producto\/under-the-burning-sun\/","og_locale":"es_ES","og_type":"article","og_title":"VIIth Temple - Under the burning sun -  (LP) | Guerssen","og_description":"Recorded in late '70s Ontario, just prior to the synth-punk masterpiece by their alter-ego, Drama, this is a heady stew of hypnotic psych prog pomp, coupled with bashing drums and mystical and magickal lyrics. Each song swells as it progresses, reaching a frenzied climax, drawing you into the same place out of time this was birthed in. Incredibly rare in its original state, this is a lovingly remastered improvement on the impossibly expensive original.","og_url":"https:\/\/wpguerssen-test.odoo.rgbconsulting.com\/es\/producto\/under-the-burning-sun\/","og_site_name":"Guerssen records","article_modified_time":"2025-04-29T11:32:17+00:00","og_image":[{"width":302,"height":309,"url":"https:\/\/wpguerssen-test.odoo.rgbconsulting.com\/wp-content\/uploads\/2022\/06\/41162.jpg","type":"image\/jpeg"}],"twitter_card":"summary_large_image","twitter_title":"VIIth Temple - Under the burning sun -  (LP) | Guerssen","schema":{"@context":"https:\/\/schema.org","@graph":[{"@type":"WebPage","@id":"https:\/\/wpguerssen-test.odoo.rgbconsulting.com\/es\/producto\/under-the-burning-sun\/","url":"https:\/\/wpguerssen-test.odoo.rgbconsulting.com\/es\/producto\/under-the-burning-sun\/","name":"VIIth Temple - Under the burning sun - (LP) | Guerssen","isPartOf":{"@id":"https:\/\/wpguerssen-test.odoo.rgbconsulting.com\/es\/#website"},"primaryImageOfPage":{"@id":"https:\/\/wpguerssen-test.odoo.rgbconsulting.com\/es\/producto\/under-the-burning-sun\/#primaryimage"},"image":{"@id":"https:\/\/wpguerssen-test.odoo.rgbconsulting.com\/es\/producto\/under-the-burning-sun\/#primaryimage"},"thumbnailUrl":"https:\/\/wpguerssen-test.odoo.rgbconsulting.com\/wp-content\/uploads\/2022\/06\/41162.jpg","datePublished":"2021-08-23T22:00:00+00:00","dateModified":"2025-04-29T11:32:17+00:00","description":"Recorded in late '70s Ontario, just prior to the synth-punk masterpiece by their alter-ego, Drama, this is a heady stew of hypnotic psych prog pomp, coupled with bashing drums and mystical and magickal lyrics. Each song swells as it progresses, reaching a frenzied climax, drawing you into the same place out of time this was birthed in. Incredibly rare in its original state, this is a lovingly remastered improvement on the impossibly expensive original.","breadcrumb":{"@id":"https:\/\/wpguerssen-test.odoo.rgbconsulting.com\/es\/producto\/under-the-burning-sun\/#breadcrumb"},"inLanguage":"es","potentialAction":[{"@type":"ReadAction","target":["https:\/\/wpguerssen-test.odoo.rgbconsulting.com\/es\/producto\/under-the-burning-sun\/"]}]},{"@type":"ImageObject","inLanguage":"es","@id":"https:\/\/wpguerssen-test.odoo.rgbconsulting.com\/es\/producto\/under-the-burning-sun\/#primaryimage","url":"https:\/\/wpguerssen-test.odoo.rgbconsulting.com\/wp-content\/uploads\/2022\/06\/41162.jpg","contentUrl":"https:\/\/wpguerssen-test.odoo.rgbconsulting.com\/wp-content\/uploads\/2022\/06\/41162.jpg","width":302,"height":309,"caption":"VIIth Temple - Under the burning sun - FEDERAL GREEN RECORDS (LP) | Guerssen"},{"@type":"BreadcrumbList","@id":"https:\/\/wpguerssen-test.odoo.rgbconsulting.com\/es\/producto\/under-the-burning-sun\/#breadcrumb","itemListElement":[{"@type":"ListItem","position":1,"name":"Inicio","item":"https:\/\/wpguerssen-test.odoo.rgbconsulting.com\/es\/"},{"@type":"ListItem","position":2,"name":"Shop","item":"https:\/\/wpguerssen-test.odoo.rgbconsulting.com\/shop\/"},{"@type":"ListItem","position":3,"name":"Under the burning sun"}]},{"@type":"WebSite","@id":"https:\/\/wpguerssen-test.odoo.rgbconsulting.com\/es\/#website","url":"https:\/\/wpguerssen-test.odoo.rgbconsulting.com\/es\/","name":"Guerssen records","description":"psychedelia - progressive - folk - garage ","publisher":{"@id":"https:\/\/wpguerssen-test.odoo.rgbconsulting.com\/es\/#organization"},"potentialAction":[{"@type":"SearchAction","target":{"@type":"EntryPoint","urlTemplate":"https:\/\/wpguerssen-test.odoo.rgbconsulting.com\/es\/?s={search_term_string}"},"query-input":{"@type":"PropertyValueSpecification","valueRequired":true,"valueName":"search_term_string"}}],"inLanguage":"es"},{"@type":"Organization","@id":"https:\/\/wpguerssen-test.odoo.rgbconsulting.com\/es\/#organization","name":"Guerssen records","url":"https:\/\/wpguerssen-test.odoo.rgbconsulting.com\/es\/","logo":{"@type":"ImageObject","inLanguage":"es","@id":"https:\/\/wpguerssen-test.odoo.rgbconsulting.com\/es\/#\/schema\/logo\/image\/","url":"https:\/\/wpguerssen-test.odoo.rgbconsulting.com\/wp-content\/uploads\/2022\/04\/Logo_Guerssen_trans_100.png","contentUrl":"https:\/\/wpguerssen-test.odoo.rgbconsulting.com\/wp-content\/uploads\/2022\/04\/Logo_Guerssen_trans_100.png","width":122,"height":100,"caption":"Guerssen records"},"image":{"@id":"https:\/\/wpguerssen-test.odoo.rgbconsulting.com\/es\/#\/schema\/logo\/image\/"}}]}},"_links":{"self":[{"href":"https:\/\/wpguerssen-test.odoo.rgbconsulting.com\/es\/wp-json\/wp\/v2\/product\/211347","targetHints":{"allow":["GET"]}}],"collection":[{"href":"https:\/\/wpguerssen-test.odoo.rgbconsulting.com\/es\/wp-json\/wp\/v2\/product"}],"about":[{"href":"https:\/\/wpguerssen-test.odoo.rgbconsulting.com\/es\/wp-json\/wp\/v2\/types\/product"}],"wp:featuredmedia":[{"embeddable":true,"href":"https:\/\/wpguerssen-test.odoo.rgbconsulting.com\/es\/wp-json\/wp\/v2\/media\/211260"}],"wp:attachment":[{"href":"https:\/\/wpguerssen-test.odoo.rgbconsulting.com\/es\/wp-json\/wp\/v2\/media?parent=211347"}],"wp:term":[{"taxonomy":"product_brand","embeddable":true,"href":"https:\/\/wpguerssen-test.odoo.rgbconsulting.com\/es\/wp-json\/wp\/v2\/product_brand?post=211347"},{"taxonomy":"product_cat","embeddable":true,"href":"https:\/\/wpguerssen-test.odoo.rgbconsulting.com\/es\/wp-json\/wp\/v2\/product_cat?post=211347"},{"taxonomy":"product_tag","embeddable":true,"href":"https:\/\/wpguerssen-test.odoo.rgbconsulting.com\/es\/wp-json\/wp\/v2\/product_tag?post=211347"}],"curies":[{"name":"wp","href":"https:\/\/api.w.org\/{rel}","templated":true}]}}