{"id":211660,"date":"2022-07-22T00:00:00","date_gmt":"2022-07-21T22:00:00","guid":{"rendered":"http:\/\/guerssen.hl1097.dinaserver.com\/product\/musiques-pour-limage\/"},"modified":"2025-02-25T16:19:39","modified_gmt":"2025-02-25T15:19:39","slug":"musiques-pour-limage","status":"publish","type":"product","link":"https:\/\/wpguerssen-test.odoo.rgbconsulting.com\/es\/producto\/musiques-pour-limage\/","title":{"rendered":"Musiques Pour l&#8217;Image"},"content":{"rendered":"<p>Maurice Lecoeur podr\u00eda considerarse como el compositor mejor guardado de Francia. Aunque apenas se le conoce fuera de los c\u00edrculos especialoizados, produjo una cantidad incre\u00edble de temas para pel\u00edculas, programas de televisi\u00f3n y comerciales. Inspirado por su amigo y mentor Fran\u00e7ois de Roubaix, logr\u00f3 crear su propio car\u00e1cter, haciendo malabarismos libremente con g\u00e9neros, armon\u00edas, tonalidades y arreglos de cuerdas.<br \/>Esta excelente compilaci\u00f3n re\u00fane la flor y nata de su trabajo de los 70 a mediados de los 80; un viaje rebosante de fantas\u00edas pop y hermosos temas orquestales.<br \/>La mayor\u00eda de estas cintas magn\u00e9ticas son totalmente in\u00e9ditas y podr\u00edan haberse quemado en el terrible incendio que devast\u00f3 el estudio de la casa de Lecoeur a principios de los 90. Para los fans de Jean Claude Vannier, Michel Colombier, Fran\u00e7ois De Roubaix y Janco Nilovic&#8230;<\/p>\n","protected":false},"excerpt":{"rendered":"<p>Maurice Lecoeur podr\u00eda considerarse como el compositor mejor guardado de Francia. Aunque apenas se le conoce fuera de los c\u00edrculos especialoizados, produjo una cantidad<a class=\"read\" href=\"https:\/\/wpguerssen-test.odoo.rgbconsulting.com\/es\/producto\/musiques-pour-limage\/\"> (...)<\/a>","protected":false},"featured_media":215325,"template":"","meta":{"_acf_changed":false},"product_brand":[],"product_cat":[23227],"product_tag":[],"class_list":{"0":"post-211660","1":"product","2":"type-product","3":"status-publish","4":"has-post-thumbnail","6":"product_cat-jazz-es","7":"pa_artist-lecoeur-maurice","8":"pa_format-lp-es","9":"pa_gender-jazz","10":"pa_label-transversales-disques","11":"pa_location-europe-es","12":"pa_other-filters-vinyl-only-es","14":"first","15":"instock","16":"taxable","17":"shipping-taxable","18":"purchasable","19":"product-type-simple"},"acf":[],"yoast_head":"<!-- This site is optimized with the Yoast SEO plugin v24.9 - https:\/\/yoast.com\/wordpress\/plugins\/seo\/ -->\n<title>LECOEUR, Maurice - Musiques Pour l&#039;Image -  (LP) | Guerssen<\/title>\n<meta name=\"description\" content=\"Maurice Lecoeur could be considered as France&#039;s best kept secret composer. Although hardly known outside of &lt;&lt; digging-nerds &gt;&gt; circles, he produced an incredible number of themes for movies, TV programs and commercials. Inspired by his friend and mentor Fran\u00e7ois de Roubaix, he managed to create his own print, juggling freely with genres, harmonies, tonalities and string arrangements.This fine compilation gathers together the cream of his 70s-to-mid-80s work ; a journey overflowing with pop fantasies, crazy drum-breaks and beautiful orchestral themes.Most of these magnetic tapes are totally unrealeased and could have burned in the terrible fire that devastated Lecoeur&#039;s home studio in the early 90&#039;s. For fans of Jean Claude Vannier, Michel Colombier, Fran\u00e7ois De Roubaix and Janco Nilovic...\" \/>\n<meta name=\"robots\" content=\"index, follow, max-snippet:-1, max-image-preview:large, max-video-preview:-1\" \/>\n<link rel=\"canonical\" href=\"https:\/\/wpguerssen-test.odoo.rgbconsulting.com\/es\/producto\/musiques-pour-limage\/\" \/>\n<meta property=\"og:locale\" content=\"es_ES\" \/>\n<meta property=\"og:type\" content=\"article\" \/>\n<meta property=\"og:title\" content=\"LECOEUR, Maurice - Musiques Pour l&#039;Image -  (LP) | Guerssen\" \/>\n<meta property=\"og:description\" content=\"Maurice Lecoeur could be considered as France&#039;s best kept secret composer. Although hardly known outside of &lt;&lt; digging-nerds &gt;&gt; circles, he produced an incredible number of themes for movies, TV programs and commercials. Inspired by his friend and mentor Fran\u00e7ois de Roubaix, he managed to create his own print, juggling freely with genres, harmonies, tonalities and string arrangements.This fine compilation gathers together the cream of his 70s-to-mid-80s work ; a journey overflowing with pop fantasies, crazy drum-breaks and beautiful orchestral themes.Most of these magnetic tapes are totally unrealeased and could have burned in the terrible fire that devastated Lecoeur&#039;s home studio in the early 90&#039;s. For fans of Jean Claude Vannier, Michel Colombier, Fran\u00e7ois De Roubaix and Janco Nilovic...\" \/>\n<meta property=\"og:url\" content=\"https:\/\/wpguerssen-test.odoo.rgbconsulting.com\/es\/producto\/musiques-pour-limage\/\" \/>\n<meta property=\"og:site_name\" content=\"Guerssen records\" \/>\n<meta property=\"article:modified_time\" content=\"2025-02-25T15:19:39+00:00\" \/>\n<meta property=\"og:image\" content=\"https:\/\/wpguerssen-test.odoo.rgbconsulting.com\/wp-content\/uploads\/2022\/07\/41190.jpg\" \/>\n\t<meta property=\"og:image:width\" content=\"1200\" \/>\n\t<meta property=\"og:image:height\" content=\"1200\" \/>\n\t<meta property=\"og:image:type\" content=\"image\/jpeg\" \/>\n<meta name=\"twitter:card\" content=\"summary_large_image\" \/>\n<meta name=\"twitter:title\" content=\"LECOEUR, Maurice - Musiques Pour l&#039;Image -  (LP) | Guerssen\" \/>\n<meta name=\"twitter:label1\" content=\"Tiempo de lectura\" \/>\n\t<meta name=\"twitter:data1\" content=\"1 minuto\" \/>\n<script type=\"application\/ld+json\" class=\"yoast-schema-graph\">{\"@context\":\"https:\/\/schema.org\",\"@graph\":[{\"@type\":\"WebPage\",\"@id\":\"https:\/\/wpguerssen-test.odoo.rgbconsulting.com\/es\/producto\/musiques-pour-limage\/\",\"url\":\"https:\/\/wpguerssen-test.odoo.rgbconsulting.com\/es\/producto\/musiques-pour-limage\/\",\"name\":\"LECOEUR, Maurice - Musiques Pour l'Image - (LP) | Guerssen\",\"isPartOf\":{\"@id\":\"https:\/\/wpguerssen-test.odoo.rgbconsulting.com\/es\/#website\"},\"primaryImageOfPage\":{\"@id\":\"https:\/\/wpguerssen-test.odoo.rgbconsulting.com\/es\/producto\/musiques-pour-limage\/#primaryimage\"},\"image\":{\"@id\":\"https:\/\/wpguerssen-test.odoo.rgbconsulting.com\/es\/producto\/musiques-pour-limage\/#primaryimage\"},\"thumbnailUrl\":\"https:\/\/wpguerssen-test.odoo.rgbconsulting.com\/wp-content\/uploads\/2022\/07\/41190.jpg\",\"datePublished\":\"2022-07-21T22:00:00+00:00\",\"dateModified\":\"2025-02-25T15:19:39+00:00\",\"description\":\"Maurice Lecoeur could be considered as France's best kept secret composer. Although hardly known outside of &lt;< digging-nerds >> circles, he produced an incredible number of themes for movies, TV programs and commercials. Inspired by his friend and mentor Fran\u00e7ois de Roubaix, he managed to create his own print, juggling freely with genres, harmonies, tonalities and string arrangements.This fine compilation gathers together the cream of his 70s-to-mid-80s work ; a journey overflowing with pop fantasies, crazy drum-breaks and beautiful orchestral themes.Most of these magnetic tapes are totally unrealeased and could have burned in the terrible fire that devastated Lecoeur's home studio in the early 90's. For fans of Jean Claude Vannier, Michel Colombier, Fran\u00e7ois De Roubaix and Janco Nilovic...\",\"breadcrumb\":{\"@id\":\"https:\/\/wpguerssen-test.odoo.rgbconsulting.com\/es\/producto\/musiques-pour-limage\/#breadcrumb\"},\"inLanguage\":\"es\",\"potentialAction\":[{\"@type\":\"ReadAction\",\"target\":[\"https:\/\/wpguerssen-test.odoo.rgbconsulting.com\/es\/producto\/musiques-pour-limage\/\"]}]},{\"@type\":\"ImageObject\",\"inLanguage\":\"es\",\"@id\":\"https:\/\/wpguerssen-test.odoo.rgbconsulting.com\/es\/producto\/musiques-pour-limage\/#primaryimage\",\"url\":\"https:\/\/wpguerssen-test.odoo.rgbconsulting.com\/wp-content\/uploads\/2022\/07\/41190.jpg\",\"contentUrl\":\"https:\/\/wpguerssen-test.odoo.rgbconsulting.com\/wp-content\/uploads\/2022\/07\/41190.jpg\",\"width\":1200,\"height\":1200,\"caption\":\"Maurice - Musiques Pour l'Image - TRANSVERSALES DISQUES (LP) | Guerssen\"},{\"@type\":\"BreadcrumbList\",\"@id\":\"https:\/\/wpguerssen-test.odoo.rgbconsulting.com\/es\/producto\/musiques-pour-limage\/#breadcrumb\",\"itemListElement\":[{\"@type\":\"ListItem\",\"position\":1,\"name\":\"Inicio\",\"item\":\"https:\/\/wpguerssen-test.odoo.rgbconsulting.com\/es\/\"},{\"@type\":\"ListItem\",\"position\":2,\"name\":\"Shop\",\"item\":\"https:\/\/wpguerssen-test.odoo.rgbconsulting.com\/shop\/\"},{\"@type\":\"ListItem\",\"position\":3,\"name\":\"Musiques Pour l&#8217;Image\"}]},{\"@type\":\"WebSite\",\"@id\":\"https:\/\/wpguerssen-test.odoo.rgbconsulting.com\/es\/#website\",\"url\":\"https:\/\/wpguerssen-test.odoo.rgbconsulting.com\/es\/\",\"name\":\"Guerssen records\",\"description\":\"psychedelia - progressive - folk - garage \",\"publisher\":{\"@id\":\"https:\/\/wpguerssen-test.odoo.rgbconsulting.com\/es\/#organization\"},\"potentialAction\":[{\"@type\":\"SearchAction\",\"target\":{\"@type\":\"EntryPoint\",\"urlTemplate\":\"https:\/\/wpguerssen-test.odoo.rgbconsulting.com\/es\/?s={search_term_string}\"},\"query-input\":{\"@type\":\"PropertyValueSpecification\",\"valueRequired\":true,\"valueName\":\"search_term_string\"}}],\"inLanguage\":\"es\"},{\"@type\":\"Organization\",\"@id\":\"https:\/\/wpguerssen-test.odoo.rgbconsulting.com\/es\/#organization\",\"name\":\"Guerssen records\",\"url\":\"https:\/\/wpguerssen-test.odoo.rgbconsulting.com\/es\/\",\"logo\":{\"@type\":\"ImageObject\",\"inLanguage\":\"es\",\"@id\":\"https:\/\/wpguerssen-test.odoo.rgbconsulting.com\/es\/#\/schema\/logo\/image\/\",\"url\":\"https:\/\/wpguerssen-test.odoo.rgbconsulting.com\/wp-content\/uploads\/2022\/04\/Logo_Guerssen_trans_100.png\",\"contentUrl\":\"https:\/\/wpguerssen-test.odoo.rgbconsulting.com\/wp-content\/uploads\/2022\/04\/Logo_Guerssen_trans_100.png\",\"width\":122,\"height\":100,\"caption\":\"Guerssen records\"},\"image\":{\"@id\":\"https:\/\/wpguerssen-test.odoo.rgbconsulting.com\/es\/#\/schema\/logo\/image\/\"}}]}<\/script>\n<!-- \/ Yoast SEO plugin. -->","yoast_head_json":{"title":"LECOEUR, Maurice - Musiques Pour l'Image -  (LP) | Guerssen","description":"Maurice Lecoeur could be considered as France's best kept secret composer. Although hardly known outside of &lt;< digging-nerds >> circles, he produced an incredible number of themes for movies, TV programs and commercials. Inspired by his friend and mentor Fran\u00e7ois de Roubaix, he managed to create his own print, juggling freely with genres, harmonies, tonalities and string arrangements.This fine compilation gathers together the cream of his 70s-to-mid-80s work ; a journey overflowing with pop fantasies, crazy drum-breaks and beautiful orchestral themes.Most of these magnetic tapes are totally unrealeased and could have burned in the terrible fire that devastated Lecoeur's home studio in the early 90's. For fans of Jean Claude Vannier, Michel Colombier, Fran\u00e7ois De Roubaix and Janco Nilovic...","robots":{"index":"index","follow":"follow","max-snippet":"max-snippet:-1","max-image-preview":"max-image-preview:large","max-video-preview":"max-video-preview:-1"},"canonical":"https:\/\/wpguerssen-test.odoo.rgbconsulting.com\/es\/producto\/musiques-pour-limage\/","og_locale":"es_ES","og_type":"article","og_title":"LECOEUR, Maurice - Musiques Pour l'Image -  (LP) | Guerssen","og_description":"Maurice Lecoeur could be considered as France's best kept secret composer. Although hardly known outside of &lt;< digging-nerds >> circles, he produced an incredible number of themes for movies, TV programs and commercials. Inspired by his friend and mentor Fran\u00e7ois de Roubaix, he managed to create his own print, juggling freely with genres, harmonies, tonalities and string arrangements.This fine compilation gathers together the cream of his 70s-to-mid-80s work ; a journey overflowing with pop fantasies, crazy drum-breaks and beautiful orchestral themes.Most of these magnetic tapes are totally unrealeased and could have burned in the terrible fire that devastated Lecoeur's home studio in the early 90's. For fans of Jean Claude Vannier, Michel Colombier, Fran\u00e7ois De Roubaix and Janco Nilovic...","og_url":"https:\/\/wpguerssen-test.odoo.rgbconsulting.com\/es\/producto\/musiques-pour-limage\/","og_site_name":"Guerssen records","article_modified_time":"2025-02-25T15:19:39+00:00","og_image":[{"width":1200,"height":1200,"url":"https:\/\/wpguerssen-test.odoo.rgbconsulting.com\/wp-content\/uploads\/2022\/07\/41190.jpg","type":"image\/jpeg"}],"twitter_card":"summary_large_image","twitter_title":"LECOEUR, Maurice - Musiques Pour l'Image -  (LP) | Guerssen","twitter_misc":{"Tiempo de lectura":"1 minuto"},"schema":{"@context":"https:\/\/schema.org","@graph":[{"@type":"WebPage","@id":"https:\/\/wpguerssen-test.odoo.rgbconsulting.com\/es\/producto\/musiques-pour-limage\/","url":"https:\/\/wpguerssen-test.odoo.rgbconsulting.com\/es\/producto\/musiques-pour-limage\/","name":"LECOEUR, Maurice - Musiques Pour l'Image - (LP) | Guerssen","isPartOf":{"@id":"https:\/\/wpguerssen-test.odoo.rgbconsulting.com\/es\/#website"},"primaryImageOfPage":{"@id":"https:\/\/wpguerssen-test.odoo.rgbconsulting.com\/es\/producto\/musiques-pour-limage\/#primaryimage"},"image":{"@id":"https:\/\/wpguerssen-test.odoo.rgbconsulting.com\/es\/producto\/musiques-pour-limage\/#primaryimage"},"thumbnailUrl":"https:\/\/wpguerssen-test.odoo.rgbconsulting.com\/wp-content\/uploads\/2022\/07\/41190.jpg","datePublished":"2022-07-21T22:00:00+00:00","dateModified":"2025-02-25T15:19:39+00:00","description":"Maurice Lecoeur could be considered as France's best kept secret composer. Although hardly known outside of &lt;< digging-nerds >> circles, he produced an incredible number of themes for movies, TV programs and commercials. Inspired by his friend and mentor Fran\u00e7ois de Roubaix, he managed to create his own print, juggling freely with genres, harmonies, tonalities and string arrangements.This fine compilation gathers together the cream of his 70s-to-mid-80s work ; a journey overflowing with pop fantasies, crazy drum-breaks and beautiful orchestral themes.Most of these magnetic tapes are totally unrealeased and could have burned in the terrible fire that devastated Lecoeur's home studio in the early 90's. For fans of Jean Claude Vannier, Michel Colombier, Fran\u00e7ois De Roubaix and Janco Nilovic...","breadcrumb":{"@id":"https:\/\/wpguerssen-test.odoo.rgbconsulting.com\/es\/producto\/musiques-pour-limage\/#breadcrumb"},"inLanguage":"es","potentialAction":[{"@type":"ReadAction","target":["https:\/\/wpguerssen-test.odoo.rgbconsulting.com\/es\/producto\/musiques-pour-limage\/"]}]},{"@type":"ImageObject","inLanguage":"es","@id":"https:\/\/wpguerssen-test.odoo.rgbconsulting.com\/es\/producto\/musiques-pour-limage\/#primaryimage","url":"https:\/\/wpguerssen-test.odoo.rgbconsulting.com\/wp-content\/uploads\/2022\/07\/41190.jpg","contentUrl":"https:\/\/wpguerssen-test.odoo.rgbconsulting.com\/wp-content\/uploads\/2022\/07\/41190.jpg","width":1200,"height":1200,"caption":"Maurice - Musiques Pour l'Image - TRANSVERSALES DISQUES (LP) | Guerssen"},{"@type":"BreadcrumbList","@id":"https:\/\/wpguerssen-test.odoo.rgbconsulting.com\/es\/producto\/musiques-pour-limage\/#breadcrumb","itemListElement":[{"@type":"ListItem","position":1,"name":"Inicio","item":"https:\/\/wpguerssen-test.odoo.rgbconsulting.com\/es\/"},{"@type":"ListItem","position":2,"name":"Shop","item":"https:\/\/wpguerssen-test.odoo.rgbconsulting.com\/shop\/"},{"@type":"ListItem","position":3,"name":"Musiques Pour l&#8217;Image"}]},{"@type":"WebSite","@id":"https:\/\/wpguerssen-test.odoo.rgbconsulting.com\/es\/#website","url":"https:\/\/wpguerssen-test.odoo.rgbconsulting.com\/es\/","name":"Guerssen records","description":"psychedelia - progressive - folk - garage ","publisher":{"@id":"https:\/\/wpguerssen-test.odoo.rgbconsulting.com\/es\/#organization"},"potentialAction":[{"@type":"SearchAction","target":{"@type":"EntryPoint","urlTemplate":"https:\/\/wpguerssen-test.odoo.rgbconsulting.com\/es\/?s={search_term_string}"},"query-input":{"@type":"PropertyValueSpecification","valueRequired":true,"valueName":"search_term_string"}}],"inLanguage":"es"},{"@type":"Organization","@id":"https:\/\/wpguerssen-test.odoo.rgbconsulting.com\/es\/#organization","name":"Guerssen records","url":"https:\/\/wpguerssen-test.odoo.rgbconsulting.com\/es\/","logo":{"@type":"ImageObject","inLanguage":"es","@id":"https:\/\/wpguerssen-test.odoo.rgbconsulting.com\/es\/#\/schema\/logo\/image\/","url":"https:\/\/wpguerssen-test.odoo.rgbconsulting.com\/wp-content\/uploads\/2022\/04\/Logo_Guerssen_trans_100.png","contentUrl":"https:\/\/wpguerssen-test.odoo.rgbconsulting.com\/wp-content\/uploads\/2022\/04\/Logo_Guerssen_trans_100.png","width":122,"height":100,"caption":"Guerssen records"},"image":{"@id":"https:\/\/wpguerssen-test.odoo.rgbconsulting.com\/es\/#\/schema\/logo\/image\/"}}]}},"_links":{"self":[{"href":"https:\/\/wpguerssen-test.odoo.rgbconsulting.com\/es\/wp-json\/wp\/v2\/product\/211660","targetHints":{"allow":["GET"]}}],"collection":[{"href":"https:\/\/wpguerssen-test.odoo.rgbconsulting.com\/es\/wp-json\/wp\/v2\/product"}],"about":[{"href":"https:\/\/wpguerssen-test.odoo.rgbconsulting.com\/es\/wp-json\/wp\/v2\/types\/product"}],"wp:featuredmedia":[{"embeddable":true,"href":"https:\/\/wpguerssen-test.odoo.rgbconsulting.com\/es\/wp-json\/wp\/v2\/media\/215325"}],"wp:attachment":[{"href":"https:\/\/wpguerssen-test.odoo.rgbconsulting.com\/es\/wp-json\/wp\/v2\/media?parent=211660"}],"wp:term":[{"taxonomy":"product_brand","embeddable":true,"href":"https:\/\/wpguerssen-test.odoo.rgbconsulting.com\/es\/wp-json\/wp\/v2\/product_brand?post=211660"},{"taxonomy":"product_cat","embeddable":true,"href":"https:\/\/wpguerssen-test.odoo.rgbconsulting.com\/es\/wp-json\/wp\/v2\/product_cat?post=211660"},{"taxonomy":"product_tag","embeddable":true,"href":"https:\/\/wpguerssen-test.odoo.rgbconsulting.com\/es\/wp-json\/wp\/v2\/product_tag?post=211660"}],"curies":[{"name":"wp","href":"https:\/\/api.w.org\/{rel}","templated":true}]}}