{"id":212116,"date":"2022-07-08T00:00:00","date_gmt":"2022-07-07T22:00:00","guid":{"rendered":"http:\/\/guerssen.hl1097.dinaserver.com\/product\/bangarang-wanted-7\/"},"modified":"2025-03-28T12:33:36","modified_gmt":"2025-03-28T11:33:36","slug":"bangarang-wanted-7","status":"publish","type":"product","link":"https:\/\/wpguerssen-test.odoo.rgbconsulting.com\/es\/producto\/bangarang-wanted-7\/","title":{"rendered":"Bangarang\/Wanted (7&#8243;)"},"content":{"rendered":"<p>Despu\u00e9s de su exitoso \u00e1lbum titulado &#8216;Stomp You Down&#8217; y la pausa de la banda debido a la pandemia, Mango Wood regresa con un nuevo sencillo de estudio que presenta dos nuevas canciones en su estilo, tocando Reggae enfocado a las pistas de baile.<br \/>La banda vio editado su \u00faltimo disco cuando empezaba el confinamiento y tuvo que cancelar una gira europea en la que ven\u00eda presentando el disco.<br \/>Este nuevo Mango Wood 7&#8243; ha sido cocinado con la misma receta que su \u00faltimo disco, grabado por Javier Ortiz en Estudio Brasil, y mezclado y producido por David Vidal Kasinski. La grabaci\u00f3n contin\u00faa manteniendo vivo el sonido y el esp\u00edritu de los cl\u00e1sicos jamaicanos, viendo la madurez de la banda ganada a lo largo de los \u00faltimos a\u00f1os despu\u00e9s de tocar en muchos escenarios diferentes.<br \/>Ahora regresan con este nuevo sencillo y fechas de gira \u00a1No te los pierdas si est\u00e1n por tu zona!<\/p>\n","protected":false},"excerpt":{"rendered":"<p>Despu\u00e9s de su exitoso \u00e1lbum titulado &#8216;Stomp You Down&#8217; y la pausa de la banda debido a la pandemia, Mango Wood regresa con un nuevo sencillo de estudio<a class=\"read\" href=\"https:\/\/wpguerssen-test.odoo.rgbconsulting.com\/es\/producto\/bangarang-wanted-7\/\"> (...)<\/a>","protected":false},"featured_media":214510,"template":"","meta":{"_acf_changed":false},"product_brand":[],"product_cat":[21666],"product_tag":[],"class_list":{"0":"post-212116","1":"product","2":"type-product","3":"status-publish","4":"has-post-thumbnail","6":"product_cat-reggae-ska-dub-es","7":"pa_artist-mango-wood","8":"pa_format-7-es","9":"pa_gender-reggae-ska-dub","10":"pa_label-liquidator","11":"pa_location-spain-es","12":"pa_other-filters-vinyl-only-es","14":"first","15":"instock","16":"taxable","17":"shipping-taxable","18":"purchasable","19":"product-type-simple"},"acf":[],"yoast_head":"<!-- This site is optimized with the Yoast SEO plugin v24.9 - https:\/\/yoast.com\/wordpress\/plugins\/seo\/ -->\n<title>MANGO WOOD - Bangarang\/Wanted (7&quot;) -  (7&quot;) | Guerssen<\/title>\n<meta name=\"description\" content=\"After their successful album entitled &#039;Stomp You Down&#039; and the band&#039;s stand by due to the pandemic, Mango Wood returns with a new studio single featuring two new songs in their own mood and style, playing Reggay focused to the dancefloors.Due to the pandemic, the band saw their last album released when the lockdown was starting and had to cancel a European tour in which they would had been presenting the album.This new Mango Wood 7&quot; has been cooked with the same recipe as their last album, recorded by Javier Ortiz at Estudio Brazil, and mixed and produced by David Vidal Kasinski. The recording continues keeping the sound and the spirit from Jamaican classics alive, seeing the band&#039;s maturity earned through the last years after playin on many different stages all over the place.Now they come back with this new single and tour dates, don&#039;t miss it if they&#039;re playing by your area!\" \/>\n<meta name=\"robots\" content=\"index, follow, max-snippet:-1, max-image-preview:large, max-video-preview:-1\" \/>\n<link rel=\"canonical\" href=\"https:\/\/wpguerssen-test.odoo.rgbconsulting.com\/es\/producto\/bangarang-wanted-7\/\" \/>\n<meta property=\"og:locale\" content=\"es_ES\" \/>\n<meta property=\"og:type\" content=\"article\" \/>\n<meta property=\"og:title\" content=\"MANGO WOOD - Bangarang\/Wanted (7&quot;) -  (7&quot;) | Guerssen\" \/>\n<meta property=\"og:description\" content=\"After their successful album entitled &#039;Stomp You Down&#039; and the band&#039;s stand by due to the pandemic, Mango Wood returns with a new studio single featuring two new songs in their own mood and style, playing Reggay focused to the dancefloors.Due to the pandemic, the band saw their last album released when the lockdown was starting and had to cancel a European tour in which they would had been presenting the album.This new Mango Wood 7&quot; has been cooked with the same recipe as their last album, recorded by Javier Ortiz at Estudio Brazil, and mixed and produced by David Vidal Kasinski. The recording continues keeping the sound and the spirit from Jamaican classics alive, seeing the band&#039;s maturity earned through the last years after playin on many different stages all over the place.Now they come back with this new single and tour dates, don&#039;t miss it if they&#039;re playing by your area!\" \/>\n<meta property=\"og:url\" content=\"https:\/\/wpguerssen-test.odoo.rgbconsulting.com\/es\/producto\/bangarang-wanted-7\/\" \/>\n<meta property=\"og:site_name\" content=\"Guerssen records\" \/>\n<meta property=\"article:modified_time\" content=\"2025-03-28T11:33:36+00:00\" \/>\n<meta property=\"og:image\" content=\"https:\/\/wpguerssen-test.odoo.rgbconsulting.com\/wp-content\/uploads\/2022\/07\/41354.jpg\" \/>\n\t<meta property=\"og:image:width\" content=\"1199\" \/>\n\t<meta property=\"og:image:height\" content=\"1200\" \/>\n\t<meta property=\"og:image:type\" content=\"image\/jpeg\" \/>\n<meta name=\"twitter:card\" content=\"summary_large_image\" \/>\n<meta name=\"twitter:title\" content=\"MANGO WOOD - Bangarang\/Wanted (7&quot;) -  (7&quot;) | Guerssen\" \/>\n<meta name=\"twitter:label1\" content=\"Tiempo de lectura\" \/>\n\t<meta name=\"twitter:data1\" content=\"1 minuto\" \/>\n<script type=\"application\/ld+json\" class=\"yoast-schema-graph\">{\"@context\":\"https:\/\/schema.org\",\"@graph\":[{\"@type\":\"WebPage\",\"@id\":\"https:\/\/wpguerssen-test.odoo.rgbconsulting.com\/es\/producto\/bangarang-wanted-7\/\",\"url\":\"https:\/\/wpguerssen-test.odoo.rgbconsulting.com\/es\/producto\/bangarang-wanted-7\/\",\"name\":\"MANGO WOOD - Bangarang\/Wanted (7\\\") - (7\\\") | Guerssen\",\"isPartOf\":{\"@id\":\"https:\/\/wpguerssen-test.odoo.rgbconsulting.com\/es\/#website\"},\"primaryImageOfPage\":{\"@id\":\"https:\/\/wpguerssen-test.odoo.rgbconsulting.com\/es\/producto\/bangarang-wanted-7\/#primaryimage\"},\"image\":{\"@id\":\"https:\/\/wpguerssen-test.odoo.rgbconsulting.com\/es\/producto\/bangarang-wanted-7\/#primaryimage\"},\"thumbnailUrl\":\"https:\/\/wpguerssen-test.odoo.rgbconsulting.com\/wp-content\/uploads\/2022\/07\/41354.jpg\",\"datePublished\":\"2022-07-07T22:00:00+00:00\",\"dateModified\":\"2025-03-28T11:33:36+00:00\",\"description\":\"After their successful album entitled 'Stomp You Down' and the band's stand by due to the pandemic, Mango Wood returns with a new studio single featuring two new songs in their own mood and style, playing Reggay focused to the dancefloors.Due to the pandemic, the band saw their last album released when the lockdown was starting and had to cancel a European tour in which they would had been presenting the album.This new Mango Wood 7\\\" has been cooked with the same recipe as their last album, recorded by Javier Ortiz at Estudio Brazil, and mixed and produced by David Vidal Kasinski. The recording continues keeping the sound and the spirit from Jamaican classics alive, seeing the band's maturity earned through the last years after playin on many different stages all over the place.Now they come back with this new single and tour dates, don't miss it if they're playing by your area!\",\"breadcrumb\":{\"@id\":\"https:\/\/wpguerssen-test.odoo.rgbconsulting.com\/es\/producto\/bangarang-wanted-7\/#breadcrumb\"},\"inLanguage\":\"es\",\"potentialAction\":[{\"@type\":\"ReadAction\",\"target\":[\"https:\/\/wpguerssen-test.odoo.rgbconsulting.com\/es\/producto\/bangarang-wanted-7\/\"]}]},{\"@type\":\"ImageObject\",\"inLanguage\":\"es\",\"@id\":\"https:\/\/wpguerssen-test.odoo.rgbconsulting.com\/es\/producto\/bangarang-wanted-7\/#primaryimage\",\"url\":\"https:\/\/wpguerssen-test.odoo.rgbconsulting.com\/wp-content\/uploads\/2022\/07\/41354.jpg\",\"contentUrl\":\"https:\/\/wpguerssen-test.odoo.rgbconsulting.com\/wp-content\/uploads\/2022\/07\/41354.jpg\",\"width\":1199,\"height\":1200},{\"@type\":\"BreadcrumbList\",\"@id\":\"https:\/\/wpguerssen-test.odoo.rgbconsulting.com\/es\/producto\/bangarang-wanted-7\/#breadcrumb\",\"itemListElement\":[{\"@type\":\"ListItem\",\"position\":1,\"name\":\"Inicio\",\"item\":\"https:\/\/wpguerssen-test.odoo.rgbconsulting.com\/es\/\"},{\"@type\":\"ListItem\",\"position\":2,\"name\":\"Shop\",\"item\":\"https:\/\/wpguerssen-test.odoo.rgbconsulting.com\/shop\/\"},{\"@type\":\"ListItem\",\"position\":3,\"name\":\"Bangarang\/Wanted (7&#8243;)\"}]},{\"@type\":\"WebSite\",\"@id\":\"https:\/\/wpguerssen-test.odoo.rgbconsulting.com\/es\/#website\",\"url\":\"https:\/\/wpguerssen-test.odoo.rgbconsulting.com\/es\/\",\"name\":\"Guerssen records\",\"description\":\"psychedelia - progressive - folk - garage \",\"publisher\":{\"@id\":\"https:\/\/wpguerssen-test.odoo.rgbconsulting.com\/es\/#organization\"},\"potentialAction\":[{\"@type\":\"SearchAction\",\"target\":{\"@type\":\"EntryPoint\",\"urlTemplate\":\"https:\/\/wpguerssen-test.odoo.rgbconsulting.com\/es\/?s={search_term_string}\"},\"query-input\":{\"@type\":\"PropertyValueSpecification\",\"valueRequired\":true,\"valueName\":\"search_term_string\"}}],\"inLanguage\":\"es\"},{\"@type\":\"Organization\",\"@id\":\"https:\/\/wpguerssen-test.odoo.rgbconsulting.com\/es\/#organization\",\"name\":\"Guerssen records\",\"url\":\"https:\/\/wpguerssen-test.odoo.rgbconsulting.com\/es\/\",\"logo\":{\"@type\":\"ImageObject\",\"inLanguage\":\"es\",\"@id\":\"https:\/\/wpguerssen-test.odoo.rgbconsulting.com\/es\/#\/schema\/logo\/image\/\",\"url\":\"https:\/\/wpguerssen-test.odoo.rgbconsulting.com\/wp-content\/uploads\/2022\/04\/Logo_Guerssen_trans_100.png\",\"contentUrl\":\"https:\/\/wpguerssen-test.odoo.rgbconsulting.com\/wp-content\/uploads\/2022\/04\/Logo_Guerssen_trans_100.png\",\"width\":122,\"height\":100,\"caption\":\"Guerssen records\"},\"image\":{\"@id\":\"https:\/\/wpguerssen-test.odoo.rgbconsulting.com\/es\/#\/schema\/logo\/image\/\"}}]}<\/script>\n<!-- \/ Yoast SEO plugin. -->","yoast_head_json":{"title":"MANGO WOOD - Bangarang\/Wanted (7\") -  (7\") | Guerssen","description":"After their successful album entitled 'Stomp You Down' and the band's stand by due to the pandemic, Mango Wood returns with a new studio single featuring two new songs in their own mood and style, playing Reggay focused to the dancefloors.Due to the pandemic, the band saw their last album released when the lockdown was starting and had to cancel a European tour in which they would had been presenting the album.This new Mango Wood 7\" has been cooked with the same recipe as their last album, recorded by Javier Ortiz at Estudio Brazil, and mixed and produced by David Vidal Kasinski. The recording continues keeping the sound and the spirit from Jamaican classics alive, seeing the band's maturity earned through the last years after playin on many different stages all over the place.Now they come back with this new single and tour dates, don't miss it if they're playing by your area!","robots":{"index":"index","follow":"follow","max-snippet":"max-snippet:-1","max-image-preview":"max-image-preview:large","max-video-preview":"max-video-preview:-1"},"canonical":"https:\/\/wpguerssen-test.odoo.rgbconsulting.com\/es\/producto\/bangarang-wanted-7\/","og_locale":"es_ES","og_type":"article","og_title":"MANGO WOOD - Bangarang\/Wanted (7\") -  (7\") | Guerssen","og_description":"After their successful album entitled 'Stomp You Down' and the band's stand by due to the pandemic, Mango Wood returns with a new studio single featuring two new songs in their own mood and style, playing Reggay focused to the dancefloors.Due to the pandemic, the band saw their last album released when the lockdown was starting and had to cancel a European tour in which they would had been presenting the album.This new Mango Wood 7\" has been cooked with the same recipe as their last album, recorded by Javier Ortiz at Estudio Brazil, and mixed and produced by David Vidal Kasinski. The recording continues keeping the sound and the spirit from Jamaican classics alive, seeing the band's maturity earned through the last years after playin on many different stages all over the place.Now they come back with this new single and tour dates, don't miss it if they're playing by your area!","og_url":"https:\/\/wpguerssen-test.odoo.rgbconsulting.com\/es\/producto\/bangarang-wanted-7\/","og_site_name":"Guerssen records","article_modified_time":"2025-03-28T11:33:36+00:00","og_image":[{"width":1199,"height":1200,"url":"https:\/\/wpguerssen-test.odoo.rgbconsulting.com\/wp-content\/uploads\/2022\/07\/41354.jpg","type":"image\/jpeg"}],"twitter_card":"summary_large_image","twitter_title":"MANGO WOOD - Bangarang\/Wanted (7\") -  (7\") | Guerssen","twitter_misc":{"Tiempo de lectura":"1 minuto"},"schema":{"@context":"https:\/\/schema.org","@graph":[{"@type":"WebPage","@id":"https:\/\/wpguerssen-test.odoo.rgbconsulting.com\/es\/producto\/bangarang-wanted-7\/","url":"https:\/\/wpguerssen-test.odoo.rgbconsulting.com\/es\/producto\/bangarang-wanted-7\/","name":"MANGO WOOD - Bangarang\/Wanted (7\") - (7\") | Guerssen","isPartOf":{"@id":"https:\/\/wpguerssen-test.odoo.rgbconsulting.com\/es\/#website"},"primaryImageOfPage":{"@id":"https:\/\/wpguerssen-test.odoo.rgbconsulting.com\/es\/producto\/bangarang-wanted-7\/#primaryimage"},"image":{"@id":"https:\/\/wpguerssen-test.odoo.rgbconsulting.com\/es\/producto\/bangarang-wanted-7\/#primaryimage"},"thumbnailUrl":"https:\/\/wpguerssen-test.odoo.rgbconsulting.com\/wp-content\/uploads\/2022\/07\/41354.jpg","datePublished":"2022-07-07T22:00:00+00:00","dateModified":"2025-03-28T11:33:36+00:00","description":"After their successful album entitled 'Stomp You Down' and the band's stand by due to the pandemic, Mango Wood returns with a new studio single featuring two new songs in their own mood and style, playing Reggay focused to the dancefloors.Due to the pandemic, the band saw their last album released when the lockdown was starting and had to cancel a European tour in which they would had been presenting the album.This new Mango Wood 7\" has been cooked with the same recipe as their last album, recorded by Javier Ortiz at Estudio Brazil, and mixed and produced by David Vidal Kasinski. The recording continues keeping the sound and the spirit from Jamaican classics alive, seeing the band's maturity earned through the last years after playin on many different stages all over the place.Now they come back with this new single and tour dates, don't miss it if they're playing by your area!","breadcrumb":{"@id":"https:\/\/wpguerssen-test.odoo.rgbconsulting.com\/es\/producto\/bangarang-wanted-7\/#breadcrumb"},"inLanguage":"es","potentialAction":[{"@type":"ReadAction","target":["https:\/\/wpguerssen-test.odoo.rgbconsulting.com\/es\/producto\/bangarang-wanted-7\/"]}]},{"@type":"ImageObject","inLanguage":"es","@id":"https:\/\/wpguerssen-test.odoo.rgbconsulting.com\/es\/producto\/bangarang-wanted-7\/#primaryimage","url":"https:\/\/wpguerssen-test.odoo.rgbconsulting.com\/wp-content\/uploads\/2022\/07\/41354.jpg","contentUrl":"https:\/\/wpguerssen-test.odoo.rgbconsulting.com\/wp-content\/uploads\/2022\/07\/41354.jpg","width":1199,"height":1200},{"@type":"BreadcrumbList","@id":"https:\/\/wpguerssen-test.odoo.rgbconsulting.com\/es\/producto\/bangarang-wanted-7\/#breadcrumb","itemListElement":[{"@type":"ListItem","position":1,"name":"Inicio","item":"https:\/\/wpguerssen-test.odoo.rgbconsulting.com\/es\/"},{"@type":"ListItem","position":2,"name":"Shop","item":"https:\/\/wpguerssen-test.odoo.rgbconsulting.com\/shop\/"},{"@type":"ListItem","position":3,"name":"Bangarang\/Wanted (7&#8243;)"}]},{"@type":"WebSite","@id":"https:\/\/wpguerssen-test.odoo.rgbconsulting.com\/es\/#website","url":"https:\/\/wpguerssen-test.odoo.rgbconsulting.com\/es\/","name":"Guerssen records","description":"psychedelia - progressive - folk - garage ","publisher":{"@id":"https:\/\/wpguerssen-test.odoo.rgbconsulting.com\/es\/#organization"},"potentialAction":[{"@type":"SearchAction","target":{"@type":"EntryPoint","urlTemplate":"https:\/\/wpguerssen-test.odoo.rgbconsulting.com\/es\/?s={search_term_string}"},"query-input":{"@type":"PropertyValueSpecification","valueRequired":true,"valueName":"search_term_string"}}],"inLanguage":"es"},{"@type":"Organization","@id":"https:\/\/wpguerssen-test.odoo.rgbconsulting.com\/es\/#organization","name":"Guerssen records","url":"https:\/\/wpguerssen-test.odoo.rgbconsulting.com\/es\/","logo":{"@type":"ImageObject","inLanguage":"es","@id":"https:\/\/wpguerssen-test.odoo.rgbconsulting.com\/es\/#\/schema\/logo\/image\/","url":"https:\/\/wpguerssen-test.odoo.rgbconsulting.com\/wp-content\/uploads\/2022\/04\/Logo_Guerssen_trans_100.png","contentUrl":"https:\/\/wpguerssen-test.odoo.rgbconsulting.com\/wp-content\/uploads\/2022\/04\/Logo_Guerssen_trans_100.png","width":122,"height":100,"caption":"Guerssen records"},"image":{"@id":"https:\/\/wpguerssen-test.odoo.rgbconsulting.com\/es\/#\/schema\/logo\/image\/"}}]}},"_links":{"self":[{"href":"https:\/\/wpguerssen-test.odoo.rgbconsulting.com\/es\/wp-json\/wp\/v2\/product\/212116","targetHints":{"allow":["GET"]}}],"collection":[{"href":"https:\/\/wpguerssen-test.odoo.rgbconsulting.com\/es\/wp-json\/wp\/v2\/product"}],"about":[{"href":"https:\/\/wpguerssen-test.odoo.rgbconsulting.com\/es\/wp-json\/wp\/v2\/types\/product"}],"wp:featuredmedia":[{"embeddable":true,"href":"https:\/\/wpguerssen-test.odoo.rgbconsulting.com\/es\/wp-json\/wp\/v2\/media\/214510"}],"wp:attachment":[{"href":"https:\/\/wpguerssen-test.odoo.rgbconsulting.com\/es\/wp-json\/wp\/v2\/media?parent=212116"}],"wp:term":[{"taxonomy":"product_brand","embeddable":true,"href":"https:\/\/wpguerssen-test.odoo.rgbconsulting.com\/es\/wp-json\/wp\/v2\/product_brand?post=212116"},{"taxonomy":"product_cat","embeddable":true,"href":"https:\/\/wpguerssen-test.odoo.rgbconsulting.com\/es\/wp-json\/wp\/v2\/product_cat?post=212116"},{"taxonomy":"product_tag","embeddable":true,"href":"https:\/\/wpguerssen-test.odoo.rgbconsulting.com\/es\/wp-json\/wp\/v2\/product_tag?post=212116"}],"curies":[{"name":"wp","href":"https:\/\/api.w.org\/{rel}","templated":true}]}}